{"id":1261,"date":"2023-12-11T16:00:56","date_gmt":"2023-12-11T14:00:56","guid":{"rendered":"https:\/\/teknologiateollisuus.fi\/jasenille\/?page_id=1261"},"modified":"2026-04-14T09:18:06","modified_gmt":"2026-04-14T06:18:06","slug":"vahahiilitiekartta","status":"publish","type":"page","link":"https:\/\/teknologiateollisuus.fi\/jasenille\/palvelut\/vastuullisen-liiketoiminnan-tuki\/energia-ja-ilmasto\/vahahiilitiekartta\/","title":{"rendered":"V\u00e4h\u00e4hiilitiekartta"},"content":{"rendered":"\n<div class=\"em-block-hero hero-has-background-color has-background has-black-background-color collapse  \">\n\t<div class=\"em-block-hero__container\">\n\t\t<div class=\"em-block-hero__content\">\n\t\t\t<div class=\"yoast-breadcrumbs\"><span><span><a href=\"https:\/\/teknologiateollisuus.fi\/jasenille\/\">Home<\/a><\/span> <span class=\"separator\"><\/span> <span><a href=\"https:\/\/teknologiateollisuus.fi\/jasenille\/palvelut\/\">Palvelut<\/a><\/span> <span class=\"separator\"><\/span> <span><a href=\"https:\/\/teknologiateollisuus.fi\/jasenille\/palvelut\/vastuullisen-liiketoiminnan-tuki\/\">Vastuullisen liiketoiminnan tuki<\/a><\/span> <span class=\"separator\"><\/span> <span><a href=\"https:\/\/teknologiateollisuus.fi\/jasenille\/palvelut\/vastuullisen-liiketoiminnan-tuki\/energia-ja-ilmasto\/\">Energia &amp; ilmasto<\/a><\/span> <span class=\"separator\"><\/span> <span class=\"breadcrumb_last\" aria-current=\"page\">V\u00e4h\u00e4hiilitiekartta<\/span><\/span><\/div>\t\t\t\n<h1 class=\"wp-block-heading\" id=\"h-teknologiateollisuuden-vahahiilitiekartta\">Teknologiateollisuuden v\u00e4h\u00e4hiilitiekartta<\/h1>\n\n<p>Teknologiateollisuus on muiden toimialojen tavoin laatinut&nbsp;v\u00e4h\u00e4hiilitiekartan. Sen mukaan ala pystyy v\u00e4hent\u00e4m\u00e4\u00e4n merkitt\u00e4v\u00e4sti kasvihuonekaasup\u00e4\u00e4st\u00f6j\u00e4\u00e4n. Samaan aikaan yritysten tarjoamien puhtaiden teknologioiden kysynt\u00e4 kasvaa voimakkaasti, mik\u00e4 tarjoaa Suomelle uutta vientipotentiaalia kymmenien miljardien arvosta vuosittain.&nbsp;<\/p>\n\t\t\t<div class=\"em-block-hero__modified-date\"> P\u00e4ivitetty 14.04.2026 klo 09:18<\/div>\t\t<\/div>\n\t\t\t\t\t<figure class=\"em-block-hero__image\">\n\t\t\t\t\t\t\t<\/figure>\n\t\t\t<\/div>\n<\/div>\n\n\n\n<div class=\"wp-block-evermade-links em-block-links has-columns-1\">\n<a\n\tclass=\"wp-block-evermade-external-link em-block-link is-external   has-subtitle\"\n\thref=\"https:\/\/teknologiateollisuus.fi\/teknologiateollisuuden-vahahiilitiekartta-ratkaisuja-ilmastohaasteeseen\/\"\n\taria-label=\"Avaa uudessa v\u00e4lilehdess\u00e4\"\n\ttarget=\"_blank\"\n\trel=\"noopener noreferrer\"\n>\n\t<div class=\"em-block-link__content\">\n\t\t<span class=\"em-block-link__title\">\n\t\t\tV\u00e4h\u00e4hiilitiekartta\t\t<\/span>\n\t\t\t\t\t<span class=\"em-block-link__subtitle\">\n\t\t\t\tTeknologiateollisuus on sitoutunut hiilineutraali Suomi 2035 -tavoitteeseen. Kes\u00e4kuussa 2024 julkaistun raportin mukaan Suomen teknologiateollisuus on lyhyess\u00e4 ajassa pystynyt v\u00e4hent\u00e4m\u00e4\u00e4n kasvihuonekaasup\u00e4\u00e4st\u00f6j\u00e4 merkitt\u00e4v\u00e4sti. Toimialan yritykset tarjoavat globaaleille asiakkailleen ison mahdollisuuden pienent\u00e4\u00e4 hiilijalanj\u00e4lke\u00e4\u00e4n.\t\t\t<\/span>\n\t\t\t<\/div>\n\t<div class=\"em-block-link__arrow\"><\/div>\n\t<div class=\"em-block-link__pressable\"><\/div>\n<\/a>\n<\/div>\n\n\n\n<p>Teknologiayritysten tuotteiden ja palveluiden mahdollistamat p\u00e4\u00e4st\u00f6v\u00e4hennykset globaalisi ovat monin verroin suuremmat kuin omat p\u00e4\u00e4st\u00f6mme. Suomalaisen teknologiateollisuuden valttikortti onkin sen suuri&nbsp;k\u00e4denj\u00e4lki.<\/p>\n\n\n\n<p>Teknologiateollisuus auttaa j\u00e4senyrityksi\u00e4 l\u00f6yt\u00e4m\u00e4\u00e4n ja hy\u00f6dynt\u00e4m\u00e4\u00e4n kest\u00e4v\u00e4n kehityksen luomia uusia liiketoimintamahdollisuuksia, liittyiv\u00e4t ne se sitten energia- ja ilmastotavoitteisiin tai kiertotalouteen.&nbsp;<\/p>\n\n\n\n<h2 class=\"wp-block-heading\" id=\"h-tiedatko-miten-yrityksesi-voi-olla-osa-kestavaa-tulevaisuutta\" id=\"tiedatko-miten-yrityksesi-voi-olla-osa-kestavaa-tulevaisuutta\">Tied\u00e4tk\u00f6, miten yrityksesi voi olla osa kest\u00e4v\u00e4\u00e4 tulevaisuutta?<\/h2>\n\n\n\n<ul class=\"wp-block-list is-style-styled\">\n<li>Tutustu Teknologiateollisuuden v\u00e4h\u00e4hiilitiekarttaan, joka avaa oven innovatiivisiin ratkaisuihin ilmastohaasteisiin vastaamiseksi.<\/li>\n\n\n\n<li>Kest\u00e4v\u00e4n kehityksen tavoitteet ovat olennainen osa liiketoimintaa, ja t\u00e4m\u00e4 tiekartta tarjoaa k\u00e4yt\u00e4nn\u00f6n askelmerkit kohti hiilineutraalia tulevaisuutta.<\/li>\n<\/ul>\n\n\n\n<div class=\"wp-block-buttons is-content-justification-left is-layout-flex wp-container-core-buttons-is-layout-45245d17 wp-block-buttons-is-layout-flex\">\n<div class=\"wp-block-button icon-right is-style-outline is-style-outline--2\"><a class=\"wp-block-button__link wp-element-button\" href=\"https:\/\/teknologiateollisuus.fi\/teknologiateollisuuden-vahahiilitiekartta-ratkaisuja-ilmastohaasteeseen\/\">V\u00e4h\u00e4hiilitiekartta 2035 \u2013 tulokset<\/a><\/div>\n<\/div>\n\n\n\n\n\n<div class=\"wp-block-scb-columns scb-columns  has-mobile-behavior--stacked has-auto-fit em-pattern-event-contacts\">\n<div class=\"wp-block-scb-column scb-column is-scale-cover\">\n<h2 class=\"wp-block-heading\" id=\"h-lisatiedot\" id=\"lisatiedot\">Lis\u00e4tiedot:<\/h2>\n\n\n\n<article class=\"em-block-contact-card is-style-list\">\n\n\t<div class=\"em-block-contact-card__image\">\n\t\t\t\t\t<img loading=\"lazy\" decoding=\"async\" width=\"300\" height=\"400\" src=\"https:\/\/teknologiateollisuus.fi\/jasenille\/wp-content\/uploads\/2025\/12\/Teppo_Sakkinen_netti-1.png\" class=\"attachment-portrait size-portrait\" alt=\"\" \/>\t\t\t<\/div>\n\t<div class=\"em-block-contact-card__content-wrapper\">\n\t\t<div class=\"em-block-contact-card__content\">\n\t\t\t\t\t\t\t<div class=\"em-block-contact-card__business-units\">\n\t\t\t\t\t\t\t\t\t\t\t<span class=\"em-block-contact-card__business-unit\">Talous ja kest\u00e4v\u00e4 kasvu<\/span>\n\t\t\t\t\t\t\t\t\t<\/div>\n\t\t\t\t\t\t<h3 class=\"em-block-contact-card__title\"><a target=\"_self\" href=\"https:\/\/teknologiateollisuus.fi\/?p=174999\">S\u00e4kkinen Teppo<\/a><\/h3>\n\t\t\t\t\t\t\t<span class=\"em-block-contact-card__job_title\">Johtaja, kest\u00e4v\u00e4 kasvu &#8211; Kest\u00e4v\u00e4 kasvu<\/span>\n\t\t\t\t\t\t\t\t\t\t<span class=\"em-block-contact-card__organisation\">Teknologiateollisuus ry<\/span>\n\t\t\t\t\t<\/div>\n\t\t<div class=\"em-block-contact-card__content\">\n\t\t\t\t\t\t<address class=\"em-block-contact-card__contact-details\">\n\t\t\t\t\t\t\t\t\t<span class=\"em-block-contact-card__phone\">\n\t\t\t\t\t\t<a href=\"tel:+358 50 5162868\">+358 50 5162868<\/a><\/a>\n\t\t\t\t\t<\/span>\n\t\t\t\t\t\t\t\t\t\t\t\t\t<span class=\"em-block-contact-card__email\">\n\t\t\t\t\t\t<a href=\"mailto:teppo.sakkinen@teknologiateollisuus.fi\">teppo.sakkinen@teknologiateollisuus.fi<\/a><\/a>\n\t\t\t\t\t<\/span>\n\t\t\t\t\t\t\t<\/address>\n\t\t\t\t\t<\/div>\n\t<\/div>\n\n<\/article>\n\n\n\n<article class=\"em-block-contact-card is-style-list\">\n\n\t<div class=\"em-block-contact-card__image\">\n\t\t\t\t\t<img loading=\"lazy\" decoding=\"async\" width=\"300\" height=\"347\" src=\"https:\/\/teknologiateollisuus.fi\/jasenille\/wp-content\/uploads\/2026\/02\/Pienitiedosto_Petteri_H_0061-300x347.jpg\" class=\"attachment-portrait size-portrait\" alt=\"\" \/>\t\t\t<\/div>\n\t<div class=\"em-block-contact-card__content-wrapper\">\n\t\t<div class=\"em-block-contact-card__content\">\n\t\t\t\t\t\t\t<div class=\"em-block-contact-card__business-units\">\n\t\t\t\t\t\t\t\t\t\t\t<span class=\"em-block-contact-card__business-unit\">Talous ja kest\u00e4v\u00e4 kasvu<\/span>\n\t\t\t\t\t\t\t\t\t<\/div>\n\t\t\t\t\t\t<h3 class=\"em-block-contact-card__title\"><a target=\"_self\" href=\"https:\/\/teknologiateollisuus.fi\/?p=206233\">Heliste Petteri<\/a><\/h3>\n\t\t\t\t\t\t\t<span class=\"em-block-contact-card__job_title\">Asiantuntija, kest\u00e4v\u00e4 kehitys &#8211; Kest\u00e4v\u00e4 kasvu<\/span>\n\t\t\t\t\t\t\t\t\t\t<span class=\"em-block-contact-card__organisation\">Teknologiateollisuus ry<\/span>\n\t\t\t\t\t<\/div>\n\t\t<div class=\"em-block-contact-card__content\">\n\t\t\t\t\t\t<address class=\"em-block-contact-card__contact-details\">\n\t\t\t\t\t\t\t\t\t<span class=\"em-block-contact-card__phone\">\n\t\t\t\t\t\t<a href=\"tel:+358 407640929\">+358 407640929<\/a><\/a>\n\t\t\t\t\t<\/span>\n\t\t\t\t\t\t\t\t\t\t\t\t\t<span class=\"em-block-contact-card__email\">\n\t\t\t\t\t\t<a href=\"mailto:petteri.heliste@teknologiateollisuus.fi\">petteri.heliste@teknologiateollisuus.fi<\/a><\/a>\n\t\t\t\t\t<\/span>\n\t\t\t\t\t\t\t<\/address>\n\t\t\t\t\t<\/div>\n\t<\/div>\n\n<\/article>\n<\/div>\n<\/div>\n","protected":false},"excerpt":{"rendered":"<p>Teknologiayritysten tuotteiden ja palveluiden mahdollistamat p\u00e4\u00e4st\u00f6v\u00e4hennykset globaalisi ovat monin verroin suuremmat kuin omat p\u00e4\u00e4st\u00f6mme. Suomalaisen teknologiateollisuuden valttikortti onkin sen suuri&nbsp;k\u00e4denj\u00e4lki. Teknologiateollisuus auttaa j\u00e4senyrityksi\u00e4 l\u00f6yt\u00e4m\u00e4\u00e4n ja hy\u00f6dynt\u00e4m\u00e4\u00e4n kest\u00e4v\u00e4n kehityksen luomia uusia liiketoimintamahdollisuuksia, liittyiv\u00e4t ne se sitten energia- ja ilmastotavoitteisiin tai kiertotalouteen.&nbsp; Tied\u00e4tk\u00f6, miten yrityksesi voi olla osa kest\u00e4v\u00e4\u00e4 tulevaisuutta?<\/p>\n","protected":false},"author":11,"featured_media":0,"parent":1230,"menu_order":0,"comment_status":"closed","ping_status":"closed","template":"","meta":{"_acf_changed":false,"_relevanssi_hide_post":"","_relevanssi_hide_content":"","_relevanssi_pin_for_all":"","_relevanssi_pin_keywords":"","_relevanssi_unpin_keywords":"","_relevanssi_related_keywords":"","_relevanssi_related_include_ids":"","_relevanssi_related_exclude_ids":"","_relevanssi_related_no_append":"","_relevanssi_related_not_related":"","_relevanssi_related_posts":"167,168,166,1417,169,165","_relevanssi_noindex_reason":"","inline_featured_image":false,"growthstack-ab-test":[],"growthstack-ab-test-views":[],"footnotes":""},"class_list":["post-1261","page","type-page","status-publish","hentry"],"acf":{"is_store_related":false,"locked":false},"yoast_head":"<!-- This site is optimized with the Yoast SEO Premium plugin v27.1 (Yoast SEO v27.4) - https:\/\/yoast.com\/product\/yoast-seo-premium-wordpress\/ -->\n<title>V\u00e4h\u00e4hiilitiekartta - Teknologiateollisuus - J\u00e4senille<\/title>\n<meta name=\"robots\" content=\"index, follow, max-snippet:-1, max-image-preview:large, max-video-preview:-1\" \/>\n<link rel=\"canonical\" href=\"https:\/\/teknologiateollisuus.fi\/jasenille\/palvelut\/vastuullisen-liiketoiminnan-tuki\/energia-ja-ilmasto\/vahahiilitiekartta\/\" \/>\n<meta property=\"og:locale\" content=\"fi_FI\" \/>\n<meta property=\"og:type\" content=\"article\" \/>\n<meta property=\"og:title\" content=\"V\u00e4h\u00e4hiilitiekartta\" \/>\n<meta property=\"og:description\" content=\"Teknologiayritysten tuotteiden ja palveluiden mahdollistamat p\u00e4\u00e4st\u00f6v\u00e4hennykset globaalisi ovat monin verroin suuremmat kuin omat p\u00e4\u00e4st\u00f6mme. Suomalaisen teknologiateollisuuden valttikortti onkin sen suuri&nbsp;k\u00e4denj\u00e4lki. Teknologiateollisuus auttaa j\u00e4senyrityksi\u00e4 l\u00f6yt\u00e4m\u00e4\u00e4n ja hy\u00f6dynt\u00e4m\u00e4\u00e4n kest\u00e4v\u00e4n kehityksen luomia uusia liiketoimintamahdollisuuksia, liittyiv\u00e4t ne se sitten energia- ja ilmastotavoitteisiin tai kiertotalouteen.&nbsp; Tied\u00e4tk\u00f6, miten yrityksesi voi olla osa kest\u00e4v\u00e4\u00e4 tulevaisuutta?\" \/>\n<meta property=\"og:url\" content=\"https:\/\/teknologiateollisuus.fi\/jasenille\/palvelut\/vastuullisen-liiketoiminnan-tuki\/energia-ja-ilmasto\/vahahiilitiekartta\/\" \/>\n<meta property=\"og:site_name\" content=\"Teknologiateollisuus - J\u00e4senille\" \/>\n<meta property=\"article:modified_time\" content=\"2026-04-14T06:18:06+00:00\" \/>\n<meta name=\"twitter:card\" content=\"summary_large_image\" \/>\n<meta name=\"twitter:label1\" content=\"Arvioitu lukuaika\" \/>\n\t<meta name=\"twitter:data1\" content=\"1 minuutti\" \/>\n<script type=\"application\/ld+json\" class=\"yoast-schema-graph\">{\"@context\":\"https:\\\/\\\/schema.org\",\"@graph\":[{\"@type\":\"WebPage\",\"@id\":\"https:\\\/\\\/teknologiateollisuus.fi\\\/jasenille\\\/palvelut\\\/vastuullisen-liiketoiminnan-tuki\\\/energia-ja-ilmasto\\\/vahahiilitiekartta\\\/\",\"url\":\"https:\\\/\\\/teknologiateollisuus.fi\\\/jasenille\\\/palvelut\\\/vastuullisen-liiketoiminnan-tuki\\\/energia-ja-ilmasto\\\/vahahiilitiekartta\\\/\",\"name\":\"V\u00e4h\u00e4hiilitiekartta - Teknologiateollisuus - J\u00e4senille\",\"isPartOf\":{\"@id\":\"https:\\\/\\\/teknologiateollisuus.fi\\\/jasenille\\\/#website\"},\"datePublished\":\"2023-12-11T14:00:56+00:00\",\"dateModified\":\"2026-04-14T06:18:06+00:00\",\"breadcrumb\":{\"@id\":\"https:\\\/\\\/teknologiateollisuus.fi\\\/jasenille\\\/palvelut\\\/vastuullisen-liiketoiminnan-tuki\\\/energia-ja-ilmasto\\\/vahahiilitiekartta\\\/#breadcrumb\"},\"inLanguage\":\"fi\",\"potentialAction\":[{\"@type\":\"ReadAction\",\"target\":[\"https:\\\/\\\/teknologiateollisuus.fi\\\/jasenille\\\/palvelut\\\/vastuullisen-liiketoiminnan-tuki\\\/energia-ja-ilmasto\\\/vahahiilitiekartta\\\/\"]}]},{\"@type\":\"BreadcrumbList\",\"@id\":\"https:\\\/\\\/teknologiateollisuus.fi\\\/jasenille\\\/palvelut\\\/vastuullisen-liiketoiminnan-tuki\\\/energia-ja-ilmasto\\\/vahahiilitiekartta\\\/#breadcrumb\",\"itemListElement\":[{\"@type\":\"ListItem\",\"position\":1,\"name\":\"Home\",\"item\":\"https:\\\/\\\/teknologiateollisuus.fi\\\/jasenille\\\/\"},{\"@type\":\"ListItem\",\"position\":2,\"name\":\"Palvelut\",\"item\":\"https:\\\/\\\/teknologiateollisuus.fi\\\/jasenille\\\/palvelut\\\/\"},{\"@type\":\"ListItem\",\"position\":3,\"name\":\"Vastuullisen liiketoiminnan tuki\",\"item\":\"https:\\\/\\\/teknologiateollisuus.fi\\\/jasenille\\\/palvelut\\\/vastuullisen-liiketoiminnan-tuki\\\/\"},{\"@type\":\"ListItem\",\"position\":4,\"name\":\"Energia &amp; ilmasto\",\"item\":\"https:\\\/\\\/teknologiateollisuus.fi\\\/jasenille\\\/palvelut\\\/vastuullisen-liiketoiminnan-tuki\\\/energia-ja-ilmasto\\\/\"},{\"@type\":\"ListItem\",\"position\":5,\"name\":\"V\u00e4h\u00e4hiilitiekartta\"}]},{\"@type\":\"WebSite\",\"@id\":\"https:\\\/\\\/teknologiateollisuus.fi\\\/jasenille\\\/#website\",\"url\":\"https:\\\/\\\/teknologiateollisuus.fi\\\/jasenille\\\/\",\"name\":\"Teknologiateollisuus - J\u00e4senille\",\"description\":\"\",\"publisher\":{\"@id\":\"https:\\\/\\\/teknologiateollisuus.fi\\\/jasenille\\\/#organization\"},\"potentialAction\":[{\"@type\":\"SearchAction\",\"target\":{\"@type\":\"EntryPoint\",\"urlTemplate\":\"https:\\\/\\\/teknologiateollisuus.fi\\\/jasenille\\\/?s={search_term_string}\"},\"query-input\":{\"@type\":\"PropertyValueSpecification\",\"valueRequired\":true,\"valueName\":\"search_term_string\"}}],\"inLanguage\":\"fi\"},{\"@type\":\"Organization\",\"@id\":\"https:\\\/\\\/teknologiateollisuus.fi\\\/jasenille\\\/#organization\",\"name\":\"Teknologiateollisuus - J\u00e4senille\",\"url\":\"https:\\\/\\\/teknologiateollisuus.fi\\\/jasenille\\\/\",\"logo\":{\"@type\":\"ImageObject\",\"inLanguage\":\"fi\",\"@id\":\"https:\\\/\\\/teknologiateollisuus.fi\\\/jasenille\\\/#\\\/schema\\\/logo\\\/image\\\/\",\"url\":\"https:\\\/\\\/teknologiateollisuus.fi\\\/jasenille\\\/wp-content\\\/uploads\\\/sites\\\/1\\\/2023\\\/10\\\/placeholder.png\",\"contentUrl\":\"https:\\\/\\\/teknologiateollisuus.fi\\\/jasenille\\\/wp-content\\\/uploads\\\/sites\\\/1\\\/2023\\\/10\\\/placeholder.png\",\"width\":2560,\"height\":1920,\"caption\":\"Teknologiateollisuus - J\u00e4senille\"},\"image\":{\"@id\":\"https:\\\/\\\/teknologiateollisuus.fi\\\/jasenille\\\/#\\\/schema\\\/logo\\\/image\\\/\"}}]}<\/script>\n<!-- \/ Yoast SEO Premium plugin. -->","yoast_head_json":{"title":"V\u00e4h\u00e4hiilitiekartta - Teknologiateollisuus - J\u00e4senille","robots":{"index":"index","follow":"follow","max-snippet":"max-snippet:-1","max-image-preview":"max-image-preview:large","max-video-preview":"max-video-preview:-1"},"canonical":"https:\/\/teknologiateollisuus.fi\/jasenille\/palvelut\/vastuullisen-liiketoiminnan-tuki\/energia-ja-ilmasto\/vahahiilitiekartta\/","og_locale":"fi_FI","og_type":"article","og_title":"V\u00e4h\u00e4hiilitiekartta","og_description":"Teknologiayritysten tuotteiden ja palveluiden mahdollistamat p\u00e4\u00e4st\u00f6v\u00e4hennykset globaalisi ovat monin verroin suuremmat kuin omat p\u00e4\u00e4st\u00f6mme. Suomalaisen teknologiateollisuuden valttikortti onkin sen suuri&nbsp;k\u00e4denj\u00e4lki. Teknologiateollisuus auttaa j\u00e4senyrityksi\u00e4 l\u00f6yt\u00e4m\u00e4\u00e4n ja hy\u00f6dynt\u00e4m\u00e4\u00e4n kest\u00e4v\u00e4n kehityksen luomia uusia liiketoimintamahdollisuuksia, liittyiv\u00e4t ne se sitten energia- ja ilmastotavoitteisiin tai kiertotalouteen.&nbsp; Tied\u00e4tk\u00f6, miten yrityksesi voi olla osa kest\u00e4v\u00e4\u00e4 tulevaisuutta?","og_url":"https:\/\/teknologiateollisuus.fi\/jasenille\/palvelut\/vastuullisen-liiketoiminnan-tuki\/energia-ja-ilmasto\/vahahiilitiekartta\/","og_site_name":"Teknologiateollisuus - J\u00e4senille","article_modified_time":"2026-04-14T06:18:06+00:00","twitter_card":"summary_large_image","twitter_misc":{"Arvioitu lukuaika":"1 minuutti"},"schema":{"@context":"https:\/\/schema.org","@graph":[{"@type":"WebPage","@id":"https:\/\/teknologiateollisuus.fi\/jasenille\/palvelut\/vastuullisen-liiketoiminnan-tuki\/energia-ja-ilmasto\/vahahiilitiekartta\/","url":"https:\/\/teknologiateollisuus.fi\/jasenille\/palvelut\/vastuullisen-liiketoiminnan-tuki\/energia-ja-ilmasto\/vahahiilitiekartta\/","name":"V\u00e4h\u00e4hiilitiekartta - Teknologiateollisuus - J\u00e4senille","isPartOf":{"@id":"https:\/\/teknologiateollisuus.fi\/jasenille\/#website"},"datePublished":"2023-12-11T14:00:56+00:00","dateModified":"2026-04-14T06:18:06+00:00","breadcrumb":{"@id":"https:\/\/teknologiateollisuus.fi\/jasenille\/palvelut\/vastuullisen-liiketoiminnan-tuki\/energia-ja-ilmasto\/vahahiilitiekartta\/#breadcrumb"},"inLanguage":"fi","potentialAction":[{"@type":"ReadAction","target":["https:\/\/teknologiateollisuus.fi\/jasenille\/palvelut\/vastuullisen-liiketoiminnan-tuki\/energia-ja-ilmasto\/vahahiilitiekartta\/"]}]},{"@type":"BreadcrumbList","@id":"https:\/\/teknologiateollisuus.fi\/jasenille\/palvelut\/vastuullisen-liiketoiminnan-tuki\/energia-ja-ilmasto\/vahahiilitiekartta\/#breadcrumb","itemListElement":[{"@type":"ListItem","position":1,"name":"Home","item":"https:\/\/teknologiateollisuus.fi\/jasenille\/"},{"@type":"ListItem","position":2,"name":"Palvelut","item":"https:\/\/teknologiateollisuus.fi\/jasenille\/palvelut\/"},{"@type":"ListItem","position":3,"name":"Vastuullisen liiketoiminnan tuki","item":"https:\/\/teknologiateollisuus.fi\/jasenille\/palvelut\/vastuullisen-liiketoiminnan-tuki\/"},{"@type":"ListItem","position":4,"name":"Energia &amp; ilmasto","item":"https:\/\/teknologiateollisuus.fi\/jasenille\/palvelut\/vastuullisen-liiketoiminnan-tuki\/energia-ja-ilmasto\/"},{"@type":"ListItem","position":5,"name":"V\u00e4h\u00e4hiilitiekartta"}]},{"@type":"WebSite","@id":"https:\/\/teknologiateollisuus.fi\/jasenille\/#website","url":"https:\/\/teknologiateollisuus.fi\/jasenille\/","name":"Teknologiateollisuus - J\u00e4senille","description":"","publisher":{"@id":"https:\/\/teknologiateollisuus.fi\/jasenille\/#organization"},"potentialAction":[{"@type":"SearchAction","target":{"@type":"EntryPoint","urlTemplate":"https:\/\/teknologiateollisuus.fi\/jasenille\/?s={search_term_string}"},"query-input":{"@type":"PropertyValueSpecification","valueRequired":true,"valueName":"search_term_string"}}],"inLanguage":"fi"},{"@type":"Organization","@id":"https:\/\/teknologiateollisuus.fi\/jasenille\/#organization","name":"Teknologiateollisuus - J\u00e4senille","url":"https:\/\/teknologiateollisuus.fi\/jasenille\/","logo":{"@type":"ImageObject","inLanguage":"fi","@id":"https:\/\/teknologiateollisuus.fi\/jasenille\/#\/schema\/logo\/image\/","url":"https:\/\/teknologiateollisuus.fi\/jasenille\/wp-content\/uploads\/sites\/1\/2023\/10\/placeholder.png","contentUrl":"https:\/\/teknologiateollisuus.fi\/jasenille\/wp-content\/uploads\/sites\/1\/2023\/10\/placeholder.png","width":2560,"height":1920,"caption":"Teknologiateollisuus - J\u00e4senille"},"image":{"@id":"https:\/\/teknologiateollisuus.fi\/jasenille\/#\/schema\/logo\/image\/"}}]}},"lang":"fi","translations":{"fi":1261},"pll_sync_post":[],"_links":{"self":[{"href":"https:\/\/teknologiateollisuus.fi\/jasenille\/wp-json\/wp\/v2\/pages\/1261","targetHints":{"allow":["GET"]}}],"collection":[{"href":"https:\/\/teknologiateollisuus.fi\/jasenille\/wp-json\/wp\/v2\/pages"}],"about":[{"href":"https:\/\/teknologiateollisuus.fi\/jasenille\/wp-json\/wp\/v2\/types\/page"}],"author":[{"embeddable":true,"href":"https:\/\/teknologiateollisuus.fi\/jasenille\/wp-json\/wp\/v2\/users\/11"}],"replies":[{"embeddable":true,"href":"https:\/\/teknologiateollisuus.fi\/jasenille\/wp-json\/wp\/v2\/comments?post=1261"}],"version-history":[{"count":30,"href":"https:\/\/teknologiateollisuus.fi\/jasenille\/wp-json\/wp\/v2\/pages\/1261\/revisions"}],"predecessor-version":[{"id":29750,"href":"https:\/\/teknologiateollisuus.fi\/jasenille\/wp-json\/wp\/v2\/pages\/1261\/revisions\/29750"}],"up":[{"embeddable":true,"href":"https:\/\/teknologiateollisuus.fi\/jasenille\/wp-json\/wp\/v2\/pages\/1230"}],"wp:attachment":[{"href":"https:\/\/teknologiateollisuus.fi\/jasenille\/wp-json\/wp\/v2\/media?parent=1261"}],"curies":[{"name":"wp","href":"https:\/\/api.w.org\/{rel}","templated":true}]}}