{"id":1458,"date":"2023-12-13T14:53:23","date_gmt":"2023-12-13T12:53:23","guid":{"rendered":"https:\/\/teknologiateollisuus.fi\/jasenille\/?page_id=1458"},"modified":"2025-12-11T11:20:19","modified_gmt":"2025-12-11T09:20:19","slug":"tilannekuva","status":"publish","type":"page","link":"https:\/\/teknologiateollisuus.fi\/jasenille\/palvelut\/tilannekuva\/","title":{"rendered":"Tilannekuva"},"content":{"rendered":"\n<div class=\"em-block-hero hero-has-background-color has-background has-black-background-color has-image media-position-right \">\n\t<div class=\"em-block-hero__container\">\n\t\t<div class=\"em-block-hero__content\">\n\t\t\t<div class=\"yoast-breadcrumbs\"><span><span><a href=\"https:\/\/teknologiateollisuus.fi\/jasenille\/\">Home<\/a><\/span> <span class=\"separator\"><\/span> <span><a href=\"https:\/\/teknologiateollisuus.fi\/jasenille\/palvelut\/\">Palvelut<\/a><\/span> <span class=\"separator\"><\/span> <span class=\"breadcrumb_last\" aria-current=\"page\">Tilannekuva<\/span><\/span><\/div>\t\t\t\n<h1 class=\"wp-block-heading\" id=\"h-tilannekuva-0\">Tilannekuva<\/h1>\n\n<p>Teknologiateollisuus ry pit\u00e4\u00e4 yll\u00e4 tilannekuvia j\u00e4senyritysten toiminnan suunnittelun ja strategiaty\u00f6n tueksi. T\u00e4lt\u00e4 sivulta l\u00f6yd\u00e4t ty\u00f6markkinoiden, verotuksen, kyberturvallisuuden, teko\u00e4lyn ja digitalisaation tilannekuvat, joita p\u00e4ivitet\u00e4\u00e4n s\u00e4\u00e4nn\u00f6llisin v\u00e4liajoin.<\/p>\n\t\t\t<div class=\"em-block-hero__modified-date\"> P\u00e4ivitetty 11.12.2025 klo 11:20<\/div>\t\t<\/div>\n\t\t\t\t\t<figure class=\"em-block-hero__image\">\n\t\t\t\t<img loading=\"lazy\" decoding=\"async\" width=\"1044\" height=\"696\" src=\"https:\/\/teknologiateollisuus.fi\/jasenille\/wp-content\/uploads\/sites\/1\/2025\/10\/Pienitiedosto_Jpalvelut_3733.jpeg\" class=\"attachment-hero size-hero\" alt=\"Laitteen osia, kuvituskuva.\" srcset=\"https:\/\/teknologiateollisuus.fi\/jasenille\/wp-content\/uploads\/sites\/1\/2025\/10\/Pienitiedosto_Jpalvelut_3733.jpeg 1044w, https:\/\/teknologiateollisuus.fi\/jasenille\/wp-content\/uploads\/sites\/1\/2025\/10\/Pienitiedosto_Jpalvelut_3733-400x267.jpeg 400w, https:\/\/teknologiateollisuus.fi\/jasenille\/wp-content\/uploads\/sites\/1\/2025\/10\/Pienitiedosto_Jpalvelut_3733-800x533.jpeg 800w, https:\/\/teknologiateollisuus.fi\/jasenille\/wp-content\/uploads\/sites\/1\/2025\/10\/Pienitiedosto_Jpalvelut_3733-768x512.jpeg 768w, https:\/\/teknologiateollisuus.fi\/jasenille\/wp-content\/uploads\/sites\/1\/2025\/10\/Pienitiedosto_Jpalvelut_3733-560x373.jpeg 560w, https:\/\/teknologiateollisuus.fi\/jasenille\/wp-content\/uploads\/sites\/1\/2025\/10\/Pienitiedosto_Jpalvelut_3733-75x50.jpeg 75w\" sizes=\"auto, (max-width: 1044px) 100vw, 1044px\" \/>\t\t\t<\/figure>\n\t\t\t<\/div>\n<\/div>\n\n\n\n<h2 class=\"wp-block-heading\" id=\"h-tutustu-tilannekuviin-aihealueittain\" id=\"tutustu-tilannekuviin-aihealueittain\">Tutustu tilannekuviin aihealueittain<\/h2>\n\n\n\n<div class=\"wp-block-evermade-links em-block-links has-columns-1\">\n<a\n\tclass=\"wp-block-evermade-internal-link em-block-link is-internal   \"\n\thref=\"https:\/\/teknologiateollisuus.fi\/jasenille\/tilannekuva\/tyomarkkinoiden-tilannekuva\/\"\n\taria-label=\"Avaa samassa v\u00e4lilehdess\u00e4\"\n\ttarget=\"_self\"\n\trel=\"noopener\"\n>\n\t<div class=\"em-block-link__content\">\n\t\t<span class=\"em-block-link__title\">\n\t\t\tTy\u00f6markkinat\t\t<\/span>\n\t\t\t<\/div>\n\t\t\t<div class=\"em-block-link__locked\"><\/div>\n\t<\/a>\n\n\n\n<a\n\tclass=\"wp-block-evermade-internal-link em-block-link is-internal   \"\n\thref=\"https:\/\/teknologiateollisuus.fi\/jasenille\/tilannekuva\/talouden-tilannekuva\/\"\n\taria-label=\"Avaa samassa v\u00e4lilehdess\u00e4\"\n\ttarget=\"_self\"\n\trel=\"noopener\"\n>\n\t<div class=\"em-block-link__content\">\n\t\t<span class=\"em-block-link__title\">\n\t\t\tTalous\t\t<\/span>\n\t\t\t<\/div>\n\t\t\t<div class=\"em-block-link__locked\"><\/div>\n\t<\/a>\n\n\n\n<a\n\tclass=\"wp-block-evermade-internal-link em-block-link is-internal   \"\n\thref=\"https:\/\/teknologiateollisuus.fi\/jasenille\/tilannekuva\/yhteiskunnan-tilannekuva\/\"\n\taria-label=\"Avaa samassa v\u00e4lilehdess\u00e4\"\n\ttarget=\"_self\"\n\trel=\"noopener\"\n>\n\t<div class=\"em-block-link__content\">\n\t\t<span class=\"em-block-link__title\">\n\t\t\tPolitiikka\t\t<\/span>\n\t\t\t<\/div>\n\t\t\t<div class=\"em-block-link__locked\"><\/div>\n\t<\/a>\n\n\n\n<a\n\tclass=\"wp-block-evermade-internal-link em-block-link is-internal   \"\n\thref=\"https:\/\/teknologiateollisuus.fi\/jasenille\/tilannekuva\/eun-tilannekuva\/\"\n\taria-label=\"Avaa samassa v\u00e4lilehdess\u00e4\"\n\ttarget=\"_self\"\n\trel=\"noopener\"\n>\n\t<div class=\"em-block-link__content\">\n\t\t<span class=\"em-block-link__title\">\n\t\t\tEU\t\t<\/span>\n\t\t\t<\/div>\n\t\t\t<div class=\"em-block-link__locked\"><\/div>\n\t<\/a>\n\n\n\n<a\n\tclass=\"wp-block-evermade-internal-link em-block-link is-internal   \"\n\thref=\"https:\/\/teknologiateollisuus.fi\/jasenille\/tilannekuva\/kybertilannekuva\/\"\n\taria-label=\"Avaa samassa v\u00e4lilehdess\u00e4\"\n\ttarget=\"_self\"\n\trel=\"noopener\"\n>\n\t<div class=\"em-block-link__content\">\n\t\t<span class=\"em-block-link__title\">\n\t\t\tKyberturvallisuus\t\t<\/span>\n\t\t\t<\/div>\n\t\t\t<div class=\"em-block-link__locked\"><\/div>\n\t<\/a>\n\n\n\n<a\n\tclass=\"wp-block-evermade-internal-link em-block-link is-internal   \"\n\thref=\"https:\/\/teknologiateollisuus.fi\/jasenille\/tilannekuva\/verotuksen-tietopaketti\/\"\n\taria-label=\"Avaa samassa v\u00e4lilehdess\u00e4\"\n\ttarget=\"_self\"\n\trel=\"noopener\"\n>\n\t<div class=\"em-block-link__content\">\n\t\t<span class=\"em-block-link__title\">\n\t\t\tVerotus\t\t<\/span>\n\t\t\t<\/div>\n\t\t\t<div class=\"em-block-link__arrow\"><\/div>\n\t\t<div class=\"em-block-link__pressable\"><\/div>\n\t<\/a>\n<\/div>\n","protected":false},"excerpt":{"rendered":"<p>Tutustu tilannekuviin aihealueittain<\/p>\n","protected":false},"author":7,"featured_media":0,"parent":7310,"menu_order":0,"comment_status":"closed","ping_status":"closed","template":"","meta":{"_acf_changed":false,"_relevanssi_hide_post":"","_relevanssi_hide_content":"","_relevanssi_pin_for_all":"","_relevanssi_pin_keywords":"","_relevanssi_unpin_keywords":"","_relevanssi_related_keywords":"","_relevanssi_related_include_ids":"","_relevanssi_related_exclude_ids":"","_relevanssi_related_no_append":"","_relevanssi_related_not_related":"","_relevanssi_related_posts":"1417,167,169,168,165,166","_relevanssi_noindex_reason":"","inline_featured_image":false,"growthstack-ab-test":[],"growthstack-ab-test-views":[],"footnotes":""},"class_list":["post-1458","page","type-page","status-publish","hentry"],"acf":{"is_store_related":false,"locked":false},"yoast_head":"<!-- This site is optimized with the Yoast SEO Premium plugin v27.1 (Yoast SEO v27.4) - https:\/\/yoast.com\/product\/yoast-seo-premium-wordpress\/ -->\n<title>Tilannekuva - Teknologiateollisuus - J\u00e4senille<\/title>\n<meta name=\"description\" content=\"Teknologiateollisuus ry pit\u00e4\u00e4 yll\u00e4 tilannekuvia j\u00e4senyritysten toiminnan suunnittelun ja strategiaty\u00f6n tueksi. Tutustu aihealueisiin!\" \/>\n<meta name=\"robots\" content=\"index, follow, max-snippet:-1, max-image-preview:large, max-video-preview:-1\" \/>\n<link rel=\"canonical\" href=\"https:\/\/teknologiateollisuus.fi\/jasenille\/palvelut\/tilannekuva\/\" \/>\n<meta property=\"og:locale\" content=\"fi_FI\" \/>\n<meta property=\"og:type\" content=\"article\" \/>\n<meta property=\"og:title\" content=\"Tilannekuva\" \/>\n<meta property=\"og:description\" content=\"Teknologiateollisuus ry pit\u00e4\u00e4 yll\u00e4 tilannekuvia j\u00e4senyritysten toiminnan suunnittelun ja strategiaty\u00f6n tueksi. Tutustu aihealueisiin!\" \/>\n<meta property=\"og:url\" content=\"https:\/\/teknologiateollisuus.fi\/jasenille\/palvelut\/tilannekuva\/\" \/>\n<meta property=\"og:site_name\" content=\"Teknologiateollisuus - J\u00e4senille\" \/>\n<meta property=\"article:modified_time\" content=\"2025-12-11T09:20:19+00:00\" \/>\n<meta name=\"twitter:card\" content=\"summary_large_image\" \/>\n<meta name=\"twitter:label1\" content=\"Arvioitu lukuaika\" \/>\n\t<meta name=\"twitter:data1\" content=\"1 minuutti\" \/>\n<script type=\"application\/ld+json\" class=\"yoast-schema-graph\">{\"@context\":\"https:\\\/\\\/schema.org\",\"@graph\":[{\"@type\":\"WebPage\",\"@id\":\"https:\\\/\\\/teknologiateollisuus.fi\\\/jasenille\\\/palvelut\\\/tilannekuva\\\/\",\"url\":\"https:\\\/\\\/teknologiateollisuus.fi\\\/jasenille\\\/palvelut\\\/tilannekuva\\\/\",\"name\":\"Tilannekuva - Teknologiateollisuus - J\u00e4senille\",\"isPartOf\":{\"@id\":\"https:\\\/\\\/teknologiateollisuus.fi\\\/jasenille\\\/#website\"},\"datePublished\":\"2023-12-13T12:53:23+00:00\",\"dateModified\":\"2025-12-11T09:20:19+00:00\",\"description\":\"Teknologiateollisuus ry pit\u00e4\u00e4 yll\u00e4 tilannekuvia j\u00e4senyritysten toiminnan suunnittelun ja strategiaty\u00f6n tueksi. Tutustu aihealueisiin!\",\"breadcrumb\":{\"@id\":\"https:\\\/\\\/teknologiateollisuus.fi\\\/jasenille\\\/palvelut\\\/tilannekuva\\\/#breadcrumb\"},\"inLanguage\":\"fi\",\"potentialAction\":[{\"@type\":\"ReadAction\",\"target\":[\"https:\\\/\\\/teknologiateollisuus.fi\\\/jasenille\\\/palvelut\\\/tilannekuva\\\/\"]}]},{\"@type\":\"BreadcrumbList\",\"@id\":\"https:\\\/\\\/teknologiateollisuus.fi\\\/jasenille\\\/palvelut\\\/tilannekuva\\\/#breadcrumb\",\"itemListElement\":[{\"@type\":\"ListItem\",\"position\":1,\"name\":\"Home\",\"item\":\"https:\\\/\\\/teknologiateollisuus.fi\\\/jasenille\\\/\"},{\"@type\":\"ListItem\",\"position\":2,\"name\":\"Palvelut\",\"item\":\"https:\\\/\\\/teknologiateollisuus.fi\\\/jasenille\\\/palvelut\\\/\"},{\"@type\":\"ListItem\",\"position\":3,\"name\":\"Tilannekuva\"}]},{\"@type\":\"WebSite\",\"@id\":\"https:\\\/\\\/teknologiateollisuus.fi\\\/jasenille\\\/#website\",\"url\":\"https:\\\/\\\/teknologiateollisuus.fi\\\/jasenille\\\/\",\"name\":\"Teknologiateollisuus - J\u00e4senille\",\"description\":\"\",\"publisher\":{\"@id\":\"https:\\\/\\\/teknologiateollisuus.fi\\\/jasenille\\\/#organization\"},\"potentialAction\":[{\"@type\":\"SearchAction\",\"target\":{\"@type\":\"EntryPoint\",\"urlTemplate\":\"https:\\\/\\\/teknologiateollisuus.fi\\\/jasenille\\\/?s={search_term_string}\"},\"query-input\":{\"@type\":\"PropertyValueSpecification\",\"valueRequired\":true,\"valueName\":\"search_term_string\"}}],\"inLanguage\":\"fi\"},{\"@type\":\"Organization\",\"@id\":\"https:\\\/\\\/teknologiateollisuus.fi\\\/jasenille\\\/#organization\",\"name\":\"Teknologiateollisuus - J\u00e4senille\",\"url\":\"https:\\\/\\\/teknologiateollisuus.fi\\\/jasenille\\\/\",\"logo\":{\"@type\":\"ImageObject\",\"inLanguage\":\"fi\",\"@id\":\"https:\\\/\\\/teknologiateollisuus.fi\\\/jasenille\\\/#\\\/schema\\\/logo\\\/image\\\/\",\"url\":\"https:\\\/\\\/teknologiateollisuus.fi\\\/jasenille\\\/wp-content\\\/uploads\\\/sites\\\/1\\\/2023\\\/10\\\/placeholder.png\",\"contentUrl\":\"https:\\\/\\\/teknologiateollisuus.fi\\\/jasenille\\\/wp-content\\\/uploads\\\/sites\\\/1\\\/2023\\\/10\\\/placeholder.png\",\"width\":2560,\"height\":1920,\"caption\":\"Teknologiateollisuus - J\u00e4senille\"},\"image\":{\"@id\":\"https:\\\/\\\/teknologiateollisuus.fi\\\/jasenille\\\/#\\\/schema\\\/logo\\\/image\\\/\"}}]}<\/script>\n<!-- \/ Yoast SEO Premium plugin. -->","yoast_head_json":{"title":"Tilannekuva - Teknologiateollisuus - J\u00e4senille","description":"Teknologiateollisuus ry pit\u00e4\u00e4 yll\u00e4 tilannekuvia j\u00e4senyritysten toiminnan suunnittelun ja strategiaty\u00f6n tueksi. Tutustu aihealueisiin!","robots":{"index":"index","follow":"follow","max-snippet":"max-snippet:-1","max-image-preview":"max-image-preview:large","max-video-preview":"max-video-preview:-1"},"canonical":"https:\/\/teknologiateollisuus.fi\/jasenille\/palvelut\/tilannekuva\/","og_locale":"fi_FI","og_type":"article","og_title":"Tilannekuva","og_description":"Teknologiateollisuus ry pit\u00e4\u00e4 yll\u00e4 tilannekuvia j\u00e4senyritysten toiminnan suunnittelun ja strategiaty\u00f6n tueksi. Tutustu aihealueisiin!","og_url":"https:\/\/teknologiateollisuus.fi\/jasenille\/palvelut\/tilannekuva\/","og_site_name":"Teknologiateollisuus - J\u00e4senille","article_modified_time":"2025-12-11T09:20:19+00:00","twitter_card":"summary_large_image","twitter_misc":{"Arvioitu lukuaika":"1 minuutti"},"schema":{"@context":"https:\/\/schema.org","@graph":[{"@type":"WebPage","@id":"https:\/\/teknologiateollisuus.fi\/jasenille\/palvelut\/tilannekuva\/","url":"https:\/\/teknologiateollisuus.fi\/jasenille\/palvelut\/tilannekuva\/","name":"Tilannekuva - Teknologiateollisuus - J\u00e4senille","isPartOf":{"@id":"https:\/\/teknologiateollisuus.fi\/jasenille\/#website"},"datePublished":"2023-12-13T12:53:23+00:00","dateModified":"2025-12-11T09:20:19+00:00","description":"Teknologiateollisuus ry pit\u00e4\u00e4 yll\u00e4 tilannekuvia j\u00e4senyritysten toiminnan suunnittelun ja strategiaty\u00f6n tueksi. Tutustu aihealueisiin!","breadcrumb":{"@id":"https:\/\/teknologiateollisuus.fi\/jasenille\/palvelut\/tilannekuva\/#breadcrumb"},"inLanguage":"fi","potentialAction":[{"@type":"ReadAction","target":["https:\/\/teknologiateollisuus.fi\/jasenille\/palvelut\/tilannekuva\/"]}]},{"@type":"BreadcrumbList","@id":"https:\/\/teknologiateollisuus.fi\/jasenille\/palvelut\/tilannekuva\/#breadcrumb","itemListElement":[{"@type":"ListItem","position":1,"name":"Home","item":"https:\/\/teknologiateollisuus.fi\/jasenille\/"},{"@type":"ListItem","position":2,"name":"Palvelut","item":"https:\/\/teknologiateollisuus.fi\/jasenille\/palvelut\/"},{"@type":"ListItem","position":3,"name":"Tilannekuva"}]},{"@type":"WebSite","@id":"https:\/\/teknologiateollisuus.fi\/jasenille\/#website","url":"https:\/\/teknologiateollisuus.fi\/jasenille\/","name":"Teknologiateollisuus - J\u00e4senille","description":"","publisher":{"@id":"https:\/\/teknologiateollisuus.fi\/jasenille\/#organization"},"potentialAction":[{"@type":"SearchAction","target":{"@type":"EntryPoint","urlTemplate":"https:\/\/teknologiateollisuus.fi\/jasenille\/?s={search_term_string}"},"query-input":{"@type":"PropertyValueSpecification","valueRequired":true,"valueName":"search_term_string"}}],"inLanguage":"fi"},{"@type":"Organization","@id":"https:\/\/teknologiateollisuus.fi\/jasenille\/#organization","name":"Teknologiateollisuus - J\u00e4senille","url":"https:\/\/teknologiateollisuus.fi\/jasenille\/","logo":{"@type":"ImageObject","inLanguage":"fi","@id":"https:\/\/teknologiateollisuus.fi\/jasenille\/#\/schema\/logo\/image\/","url":"https:\/\/teknologiateollisuus.fi\/jasenille\/wp-content\/uploads\/sites\/1\/2023\/10\/placeholder.png","contentUrl":"https:\/\/teknologiateollisuus.fi\/jasenille\/wp-content\/uploads\/sites\/1\/2023\/10\/placeholder.png","width":2560,"height":1920,"caption":"Teknologiateollisuus - J\u00e4senille"},"image":{"@id":"https:\/\/teknologiateollisuus.fi\/jasenille\/#\/schema\/logo\/image\/"}}]}},"lang":"fi","translations":{"fi":1458},"pll_sync_post":[],"_links":{"self":[{"href":"https:\/\/teknologiateollisuus.fi\/jasenille\/wp-json\/wp\/v2\/pages\/1458","targetHints":{"allow":["GET"]}}],"collection":[{"href":"https:\/\/teknologiateollisuus.fi\/jasenille\/wp-json\/wp\/v2\/pages"}],"about":[{"href":"https:\/\/teknologiateollisuus.fi\/jasenille\/wp-json\/wp\/v2\/types\/page"}],"author":[{"embeddable":true,"href":"https:\/\/teknologiateollisuus.fi\/jasenille\/wp-json\/wp\/v2\/users\/7"}],"replies":[{"embeddable":true,"href":"https:\/\/teknologiateollisuus.fi\/jasenille\/wp-json\/wp\/v2\/comments?post=1458"}],"version-history":[{"count":30,"href":"https:\/\/teknologiateollisuus.fi\/jasenille\/wp-json\/wp\/v2\/pages\/1458\/revisions"}],"predecessor-version":[{"id":28656,"href":"https:\/\/teknologiateollisuus.fi\/jasenille\/wp-json\/wp\/v2\/pages\/1458\/revisions\/28656"}],"up":[{"embeddable":true,"href":"https:\/\/teknologiateollisuus.fi\/jasenille\/wp-json\/wp\/v2\/pages\/7310"}],"wp:attachment":[{"href":"https:\/\/teknologiateollisuus.fi\/jasenille\/wp-json\/wp\/v2\/media?parent=1458"}],"curies":[{"name":"wp","href":"https:\/\/api.w.org\/{rel}","templated":true}]}}