{"id":1502,"date":"2023-12-14T10:33:57","date_gmt":"2023-12-14T08:33:57","guid":{"rendered":"https:\/\/teknologiateollisuus.fi\/jasenille\/?page_id=1502"},"modified":"2026-04-08T12:13:58","modified_gmt":"2026-04-08T09:13:58","slug":"yhteiskunnan-tilannekuva","status":"publish","type":"page","link":"https:\/\/teknologiateollisuus.fi\/jasenille\/palvelut\/tilannekuva\/yhteiskunnan-tilannekuva\/","title":{"rendered":"Poliittinen tilannekuva"},"content":{"rendered":"\n<div class=\"em-block-hero hero-has-background-color has-background has-black-background-color has-image media-position-right \">\n\t<div class=\"em-block-hero__container\">\n\t\t<div class=\"em-block-hero__content\">\n\t\t\t<div class=\"yoast-breadcrumbs\"><span><span><a href=\"https:\/\/teknologiateollisuus.fi\/jasenille\/\">Home<\/a><\/span> <span class=\"separator\"><\/span> <span><a href=\"https:\/\/teknologiateollisuus.fi\/jasenille\/palvelut\/\">Palvelut<\/a><\/span> <span class=\"separator\"><\/span> <span><a href=\"https:\/\/teknologiateollisuus.fi\/jasenille\/palvelut\/tilannekuva\/\">Tilannekuva<\/a><\/span> <span class=\"separator\"><\/span> <span class=\"breadcrumb_last\" aria-current=\"page\">Poliittinen tilannekuva<\/span><\/span><\/div>\t\t\t<span class=\"locked-content-chip\">J\u00e4senille<\/span>\n<h1 class=\"wp-block-heading\" id=\"h-poliittinen-tilannekuva\">Poliittinen tilannekuva<\/h1>\n\n<p>Vuonna 2025 k\u00e4yd\u00e4\u00e4n kunta- ja aluevaalit ja Suomen hallitus kokoontuu huhtikuussa k\u00e4ym\u00e4\u00e4n l\u00e4pi hallitusohjelman toimeenpanoa ns. puoliv\u00e4liriiheen. Talouskasvun aikaansaaminen on alkuvuoden t\u00e4rkein poliittinen teema.&nbsp;&nbsp;<\/p>\n\n<p>Poliittinen tilannekuva k\u00e4y l\u00e4pi politiikan ilmi\u00f6it\u00e4 ja asetelmia sek\u00e4 kev\u00e4\u00e4n politiikan asialistaa. Teknologiateollisuus on valmistellut jo viestins\u00e4 kasvutoimiksi Suomen hallitukselle. Kunta- ja aluevaaliviestit sek\u00e4 puoliv\u00e4liriihen muutkin viestit ovat valmiit.<\/p>\n\t\t\t<div class=\"em-block-hero__modified-date\"> P\u00e4ivitetty 08.04.2026 klo 12:13<\/div>\t\t<\/div>\n\t\t\t\t\t<figure class=\"em-block-hero__image\">\n\t\t\t\t<img loading=\"lazy\" decoding=\"async\" width=\"2560\" height=\"1707\" src=\"https:\/\/teknologiateollisuus.fi\/jasenille\/wp-content\/uploads\/sites\/1\/2024\/12\/Ranki_Anna_01-scaled.jpg\" class=\"attachment-hero size-hero\" alt=\"\" srcset=\"https:\/\/teknologiateollisuus.fi\/jasenille\/wp-content\/uploads\/sites\/1\/2024\/12\/Ranki_Anna_01-scaled.jpg 2560w, https:\/\/teknologiateollisuus.fi\/jasenille\/wp-content\/uploads\/sites\/1\/2024\/12\/Ranki_Anna_01-400x267.jpg 400w, https:\/\/teknologiateollisuus.fi\/jasenille\/wp-content\/uploads\/sites\/1\/2024\/12\/Ranki_Anna_01-800x533.jpg 800w, https:\/\/teknologiateollisuus.fi\/jasenille\/wp-content\/uploads\/sites\/1\/2024\/12\/Ranki_Anna_01-768x512.jpg 768w, https:\/\/teknologiateollisuus.fi\/jasenille\/wp-content\/uploads\/sites\/1\/2024\/12\/Ranki_Anna_01-1536x1024.jpg 1536w, https:\/\/teknologiateollisuus.fi\/jasenille\/wp-content\/uploads\/sites\/1\/2024\/12\/Ranki_Anna_01-2048x1365.jpg 2048w, https:\/\/teknologiateollisuus.fi\/jasenille\/wp-content\/uploads\/sites\/1\/2024\/12\/Ranki_Anna_01-1300x867.jpg 1300w, https:\/\/teknologiateollisuus.fi\/jasenille\/wp-content\/uploads\/sites\/1\/2024\/12\/Ranki_Anna_01-1440x960.jpg 1440w, https:\/\/teknologiateollisuus.fi\/jasenille\/wp-content\/uploads\/sites\/1\/2024\/12\/Ranki_Anna_01-560x373.jpg 560w, https:\/\/teknologiateollisuus.fi\/jasenille\/wp-content\/uploads\/sites\/1\/2024\/12\/Ranki_Anna_01-600x400.jpg 600w\" sizes=\"auto, (max-width: 2560px) 100vw, 2560px\" \/>\t\t\t<\/figure>\n\t\t\t<\/div>\n<\/div>\n\n\n\n<div class=\"em-block-table-of-contents\">\n\t<h4 class=\"em-block-table-of-contents__heading\">T\u00e4ll\u00e4 sivulla<\/h4>\n\t <ul class=\"em-block-table-of-contents__list\"><li class=\"em-block-table-of-contents__item\"><a href=\"#poliittinen-tilanne\">Poliittinen tilanne<\/a><\/li><li class=\"em-block-table-of-contents__item--list\"> <ul class=\"em-block-table-of-contents__list\"><li class=\"em-block-table-of-contents__item\"><a href=\"#teknologiateollisuuden-viestit-kasvutoimiksi\">Teknologiateollisuuden viestit kasvutoimiksi\u00a0\u00a0<\/a><\/li><li class=\"em-block-table-of-contents__item\"><a href=\"#kunta-ja-aluevaalit-teknologiateollisuuden-nakokulmasta\">Kunta- ja aluevaalit Teknologiateollisuuden n\u00e4k\u00f6kulmasta<\/a><\/li><li class=\"em-block-table-of-contents__item\"><a href=\"#politiikan-polarisoituminen-ja-tempoilevuus\">Politiikan polarisoituminen ja tempoilevuus<\/a><\/li><\/ul><\/li><li class=\"em-block-table-of-contents__item\"><a href=\"#vuosikello-ohjaa-vaikuttamista\">Vuosikello ohjaa vaikuttamista<\/a><\/li><li class=\"em-block-table-of-contents__item--list\"> <ul class=\"em-block-table-of-contents__list\"><li class=\"em-block-table-of-contents__item\"><a href=\"#teknologiateollisuuden-avoimuusraportti\">Teknologiateollisuuden avoimuusraportti<\/a><\/li><\/ul><\/li><li class=\"em-block-table-of-contents__item\"><a href=\"#vaikuttamisen-koordinointi\">Vaikuttamisen koordinointi<\/a><\/li><\/ul><\/div>\n\n\n","protected":false},"excerpt":{"rendered":"","protected":false},"author":7,"featured_media":0,"parent":1458,"menu_order":0,"comment_status":"closed","ping_status":"closed","template":"","meta":{"_acf_changed":false,"_relevanssi_hide_post":"","_relevanssi_hide_content":"","_relevanssi_pin_for_all":"","_relevanssi_pin_keywords":"","_relevanssi_unpin_keywords":"","_relevanssi_related_keywords":"","_relevanssi_related_include_ids":"","_relevanssi_related_exclude_ids":"","_relevanssi_related_no_append":"","_relevanssi_related_not_related":"","_relevanssi_related_posts":"165,167,168,169,1417,166","_relevanssi_noindex_reason":"","inline_featured_image":false,"growthstack-ab-test":[],"growthstack-ab-test-views":[],"footnotes":""},"class_list":["post-1502","page","type-page","status-publish","hentry"],"acf":{"is_store_related":false,"locked":true},"yoast_head":"<!-- This site is optimized with the Yoast SEO Premium plugin v27.1 (Yoast SEO v27.4) - https:\/\/yoast.com\/product\/yoast-seo-premium-wordpress\/ -->\n<title>Poliittinen tilannekuva - Teknologiateollisuus - J\u00e4senille<\/title>\n<meta name=\"description\" content=\"Poliittinen tilannekuva on Anna Rankin yhteenveto politiikan ja yhteiskunnan ilmi\u00f6ist\u00e4 teknologiateollisuuden n\u00e4k\u00f6kulmasta. Lue lis\u00e4\u00e4!\" \/>\n<meta name=\"robots\" content=\"index, follow, max-snippet:-1, max-image-preview:large, max-video-preview:-1\" \/>\n<link rel=\"canonical\" href=\"https:\/\/teknologiateollisuus.fi\/jasenille\/palvelut\/tilannekuva\/yhteiskunnan-tilannekuva\/\" \/>\n<meta property=\"og:locale\" content=\"fi_FI\" \/>\n<meta property=\"og:type\" content=\"article\" \/>\n<meta property=\"og:title\" content=\"Poliittinen tilannekuva\" \/>\n<meta property=\"og:description\" content=\"Poliittinen tilannekuva on Anna Rankin yhteenveto politiikan ja yhteiskunnan ilmi\u00f6ist\u00e4 teknologiateollisuuden n\u00e4k\u00f6kulmasta. Lue lis\u00e4\u00e4!\" \/>\n<meta property=\"og:url\" content=\"https:\/\/teknologiateollisuus.fi\/jasenille\/palvelut\/tilannekuva\/yhteiskunnan-tilannekuva\/\" \/>\n<meta property=\"og:site_name\" content=\"Teknologiateollisuus - J\u00e4senille\" \/>\n<meta property=\"article:modified_time\" content=\"2026-04-08T09:13:58+00:00\" \/>\n<meta property=\"og:image\" content=\"https:\/\/teknologiateollisuus.fi\/jasenille\/wp-content\/uploads\/sites\/1\/2024\/01\/EU-800x533.jpg\" \/>\n<meta name=\"twitter:card\" content=\"summary_large_image\" \/>\n<meta name=\"twitter:label1\" content=\"Arvioitu lukuaika\" \/>\n\t<meta name=\"twitter:data1\" content=\"9 minuuttia\" \/>\n<script type=\"application\/ld+json\" class=\"yoast-schema-graph\">{\"@context\":\"https:\\\/\\\/schema.org\",\"@graph\":[{\"@type\":\"WebPage\",\"@id\":\"https:\\\/\\\/teknologiateollisuus.fi\\\/jasenille\\\/palvelut\\\/tilannekuva\\\/yhteiskunnan-tilannekuva\\\/\",\"url\":\"https:\\\/\\\/teknologiateollisuus.fi\\\/jasenille\\\/palvelut\\\/tilannekuva\\\/yhteiskunnan-tilannekuva\\\/\",\"name\":\"Poliittinen tilannekuva - Teknologiateollisuus - J\u00e4senille\",\"isPartOf\":{\"@id\":\"https:\\\/\\\/teknologiateollisuus.fi\\\/jasenille\\\/#website\"},\"primaryImageOfPage\":{\"@id\":\"https:\\\/\\\/teknologiateollisuus.fi\\\/jasenille\\\/palvelut\\\/tilannekuva\\\/yhteiskunnan-tilannekuva\\\/#primaryimage\"},\"image\":{\"@id\":\"https:\\\/\\\/teknologiateollisuus.fi\\\/jasenille\\\/palvelut\\\/tilannekuva\\\/yhteiskunnan-tilannekuva\\\/#primaryimage\"},\"thumbnailUrl\":\"https:\\\/\\\/teknologiateollisuus.fi\\\/jasenille\\\/wp-content\\\/uploads\\\/sites\\\/1\\\/2024\\\/01\\\/EU-800x533.jpg\",\"datePublished\":\"2023-12-14T08:33:57+00:00\",\"dateModified\":\"2026-04-08T09:13:58+00:00\",\"description\":\"Poliittinen tilannekuva on Anna Rankin yhteenveto politiikan ja yhteiskunnan ilmi\u00f6ist\u00e4 teknologiateollisuuden n\u00e4k\u00f6kulmasta. Lue lis\u00e4\u00e4!\",\"breadcrumb\":{\"@id\":\"https:\\\/\\\/teknologiateollisuus.fi\\\/jasenille\\\/palvelut\\\/tilannekuva\\\/yhteiskunnan-tilannekuva\\\/#breadcrumb\"},\"inLanguage\":\"fi\",\"potentialAction\":[{\"@type\":\"ReadAction\",\"target\":[\"https:\\\/\\\/teknologiateollisuus.fi\\\/jasenille\\\/palvelut\\\/tilannekuva\\\/yhteiskunnan-tilannekuva\\\/\"]}]},{\"@type\":\"ImageObject\",\"inLanguage\":\"fi\",\"@id\":\"https:\\\/\\\/teknologiateollisuus.fi\\\/jasenille\\\/palvelut\\\/tilannekuva\\\/yhteiskunnan-tilannekuva\\\/#primaryimage\",\"url\":\"https:\\\/\\\/teknologiateollisuus.fi\\\/jasenille\\\/wp-content\\\/uploads\\\/sites\\\/1\\\/2024\\\/01\\\/EU.jpg\",\"contentUrl\":\"https:\\\/\\\/teknologiateollisuus.fi\\\/jasenille\\\/wp-content\\\/uploads\\\/sites\\\/1\\\/2024\\\/01\\\/EU.jpg\",\"width\":1920,\"height\":1280,\"caption\":\"EU-lippu, kuvituskuva.\"},{\"@type\":\"BreadcrumbList\",\"@id\":\"https:\\\/\\\/teknologiateollisuus.fi\\\/jasenille\\\/palvelut\\\/tilannekuva\\\/yhteiskunnan-tilannekuva\\\/#breadcrumb\",\"itemListElement\":[{\"@type\":\"ListItem\",\"position\":1,\"name\":\"Home\",\"item\":\"https:\\\/\\\/teknologiateollisuus.fi\\\/jasenille\\\/\"},{\"@type\":\"ListItem\",\"position\":2,\"name\":\"Palvelut\",\"item\":\"https:\\\/\\\/teknologiateollisuus.fi\\\/jasenille\\\/palvelut\\\/\"},{\"@type\":\"ListItem\",\"position\":3,\"name\":\"Tilannekuva\",\"item\":\"https:\\\/\\\/teknologiateollisuus.fi\\\/jasenille\\\/palvelut\\\/tilannekuva\\\/\"},{\"@type\":\"ListItem\",\"position\":4,\"name\":\"Poliittinen tilannekuva\"}]},{\"@type\":\"WebSite\",\"@id\":\"https:\\\/\\\/teknologiateollisuus.fi\\\/jasenille\\\/#website\",\"url\":\"https:\\\/\\\/teknologiateollisuus.fi\\\/jasenille\\\/\",\"name\":\"Teknologiateollisuus - J\u00e4senille\",\"description\":\"\",\"publisher\":{\"@id\":\"https:\\\/\\\/teknologiateollisuus.fi\\\/jasenille\\\/#organization\"},\"potentialAction\":[{\"@type\":\"SearchAction\",\"target\":{\"@type\":\"EntryPoint\",\"urlTemplate\":\"https:\\\/\\\/teknologiateollisuus.fi\\\/jasenille\\\/?s={search_term_string}\"},\"query-input\":{\"@type\":\"PropertyValueSpecification\",\"valueRequired\":true,\"valueName\":\"search_term_string\"}}],\"inLanguage\":\"fi\"},{\"@type\":\"Organization\",\"@id\":\"https:\\\/\\\/teknologiateollisuus.fi\\\/jasenille\\\/#organization\",\"name\":\"Teknologiateollisuus - J\u00e4senille\",\"url\":\"https:\\\/\\\/teknologiateollisuus.fi\\\/jasenille\\\/\",\"logo\":{\"@type\":\"ImageObject\",\"inLanguage\":\"fi\",\"@id\":\"https:\\\/\\\/teknologiateollisuus.fi\\\/jasenille\\\/#\\\/schema\\\/logo\\\/image\\\/\",\"url\":\"https:\\\/\\\/teknologiateollisuus.fi\\\/jasenille\\\/wp-content\\\/uploads\\\/sites\\\/1\\\/2023\\\/10\\\/placeholder.png\",\"contentUrl\":\"https:\\\/\\\/teknologiateollisuus.fi\\\/jasenille\\\/wp-content\\\/uploads\\\/sites\\\/1\\\/2023\\\/10\\\/placeholder.png\",\"width\":2560,\"height\":1920,\"caption\":\"Teknologiateollisuus - J\u00e4senille\"},\"image\":{\"@id\":\"https:\\\/\\\/teknologiateollisuus.fi\\\/jasenille\\\/#\\\/schema\\\/logo\\\/image\\\/\"}}]}<\/script>\n<!-- \/ Yoast SEO Premium plugin. -->","yoast_head_json":{"title":"Poliittinen tilannekuva - Teknologiateollisuus - J\u00e4senille","description":"Poliittinen tilannekuva on Anna Rankin yhteenveto politiikan ja yhteiskunnan ilmi\u00f6ist\u00e4 teknologiateollisuuden n\u00e4k\u00f6kulmasta. Lue lis\u00e4\u00e4!","robots":{"index":"index","follow":"follow","max-snippet":"max-snippet:-1","max-image-preview":"max-image-preview:large","max-video-preview":"max-video-preview:-1"},"canonical":"https:\/\/teknologiateollisuus.fi\/jasenille\/palvelut\/tilannekuva\/yhteiskunnan-tilannekuva\/","og_locale":"fi_FI","og_type":"article","og_title":"Poliittinen tilannekuva","og_description":"Poliittinen tilannekuva on Anna Rankin yhteenveto politiikan ja yhteiskunnan ilmi\u00f6ist\u00e4 teknologiateollisuuden n\u00e4k\u00f6kulmasta. Lue lis\u00e4\u00e4!","og_url":"https:\/\/teknologiateollisuus.fi\/jasenille\/palvelut\/tilannekuva\/yhteiskunnan-tilannekuva\/","og_site_name":"Teknologiateollisuus - J\u00e4senille","article_modified_time":"2026-04-08T09:13:58+00:00","og_image":[{"url":"https:\/\/teknologiateollisuus.fi\/jasenille\/wp-content\/uploads\/sites\/1\/2024\/01\/EU-800x533.jpg","type":"","width":"","height":""}],"twitter_card":"summary_large_image","twitter_misc":{"Arvioitu lukuaika":"9 minuuttia"},"schema":{"@context":"https:\/\/schema.org","@graph":[{"@type":"WebPage","@id":"https:\/\/teknologiateollisuus.fi\/jasenille\/palvelut\/tilannekuva\/yhteiskunnan-tilannekuva\/","url":"https:\/\/teknologiateollisuus.fi\/jasenille\/palvelut\/tilannekuva\/yhteiskunnan-tilannekuva\/","name":"Poliittinen tilannekuva - Teknologiateollisuus - J\u00e4senille","isPartOf":{"@id":"https:\/\/teknologiateollisuus.fi\/jasenille\/#website"},"primaryImageOfPage":{"@id":"https:\/\/teknologiateollisuus.fi\/jasenille\/palvelut\/tilannekuva\/yhteiskunnan-tilannekuva\/#primaryimage"},"image":{"@id":"https:\/\/teknologiateollisuus.fi\/jasenille\/palvelut\/tilannekuva\/yhteiskunnan-tilannekuva\/#primaryimage"},"thumbnailUrl":"https:\/\/teknologiateollisuus.fi\/jasenille\/wp-content\/uploads\/sites\/1\/2024\/01\/EU-800x533.jpg","datePublished":"2023-12-14T08:33:57+00:00","dateModified":"2026-04-08T09:13:58+00:00","description":"Poliittinen tilannekuva on Anna Rankin yhteenveto politiikan ja yhteiskunnan ilmi\u00f6ist\u00e4 teknologiateollisuuden n\u00e4k\u00f6kulmasta. Lue lis\u00e4\u00e4!","breadcrumb":{"@id":"https:\/\/teknologiateollisuus.fi\/jasenille\/palvelut\/tilannekuva\/yhteiskunnan-tilannekuva\/#breadcrumb"},"inLanguage":"fi","potentialAction":[{"@type":"ReadAction","target":["https:\/\/teknologiateollisuus.fi\/jasenille\/palvelut\/tilannekuva\/yhteiskunnan-tilannekuva\/"]}]},{"@type":"ImageObject","inLanguage":"fi","@id":"https:\/\/teknologiateollisuus.fi\/jasenille\/palvelut\/tilannekuva\/yhteiskunnan-tilannekuva\/#primaryimage","url":"https:\/\/teknologiateollisuus.fi\/jasenille\/wp-content\/uploads\/sites\/1\/2024\/01\/EU.jpg","contentUrl":"https:\/\/teknologiateollisuus.fi\/jasenille\/wp-content\/uploads\/sites\/1\/2024\/01\/EU.jpg","width":1920,"height":1280,"caption":"EU-lippu, kuvituskuva."},{"@type":"BreadcrumbList","@id":"https:\/\/teknologiateollisuus.fi\/jasenille\/palvelut\/tilannekuva\/yhteiskunnan-tilannekuva\/#breadcrumb","itemListElement":[{"@type":"ListItem","position":1,"name":"Home","item":"https:\/\/teknologiateollisuus.fi\/jasenille\/"},{"@type":"ListItem","position":2,"name":"Palvelut","item":"https:\/\/teknologiateollisuus.fi\/jasenille\/palvelut\/"},{"@type":"ListItem","position":3,"name":"Tilannekuva","item":"https:\/\/teknologiateollisuus.fi\/jasenille\/palvelut\/tilannekuva\/"},{"@type":"ListItem","position":4,"name":"Poliittinen tilannekuva"}]},{"@type":"WebSite","@id":"https:\/\/teknologiateollisuus.fi\/jasenille\/#website","url":"https:\/\/teknologiateollisuus.fi\/jasenille\/","name":"Teknologiateollisuus - J\u00e4senille","description":"","publisher":{"@id":"https:\/\/teknologiateollisuus.fi\/jasenille\/#organization"},"potentialAction":[{"@type":"SearchAction","target":{"@type":"EntryPoint","urlTemplate":"https:\/\/teknologiateollisuus.fi\/jasenille\/?s={search_term_string}"},"query-input":{"@type":"PropertyValueSpecification","valueRequired":true,"valueName":"search_term_string"}}],"inLanguage":"fi"},{"@type":"Organization","@id":"https:\/\/teknologiateollisuus.fi\/jasenille\/#organization","name":"Teknologiateollisuus - J\u00e4senille","url":"https:\/\/teknologiateollisuus.fi\/jasenille\/","logo":{"@type":"ImageObject","inLanguage":"fi","@id":"https:\/\/teknologiateollisuus.fi\/jasenille\/#\/schema\/logo\/image\/","url":"https:\/\/teknologiateollisuus.fi\/jasenille\/wp-content\/uploads\/sites\/1\/2023\/10\/placeholder.png","contentUrl":"https:\/\/teknologiateollisuus.fi\/jasenille\/wp-content\/uploads\/sites\/1\/2023\/10\/placeholder.png","width":2560,"height":1920,"caption":"Teknologiateollisuus - J\u00e4senille"},"image":{"@id":"https:\/\/teknologiateollisuus.fi\/jasenille\/#\/schema\/logo\/image\/"}}]}},"lang":"fi","translations":{"fi":1502},"pll_sync_post":[],"_links":{"self":[{"href":"https:\/\/teknologiateollisuus.fi\/jasenille\/wp-json\/wp\/v2\/pages\/1502","targetHints":{"allow":["GET"]}}],"collection":[{"href":"https:\/\/teknologiateollisuus.fi\/jasenille\/wp-json\/wp\/v2\/pages"}],"about":[{"href":"https:\/\/teknologiateollisuus.fi\/jasenille\/wp-json\/wp\/v2\/types\/page"}],"author":[{"embeddable":true,"href":"https:\/\/teknologiateollisuus.fi\/jasenille\/wp-json\/wp\/v2\/users\/7"}],"replies":[{"embeddable":true,"href":"https:\/\/teknologiateollisuus.fi\/jasenille\/wp-json\/wp\/v2\/comments?post=1502"}],"version-history":[{"count":29,"href":"https:\/\/teknologiateollisuus.fi\/jasenille\/wp-json\/wp\/v2\/pages\/1502\/revisions"}],"predecessor-version":[{"id":29663,"href":"https:\/\/teknologiateollisuus.fi\/jasenille\/wp-json\/wp\/v2\/pages\/1502\/revisions\/29663"}],"up":[{"embeddable":true,"href":"https:\/\/teknologiateollisuus.fi\/jasenille\/wp-json\/wp\/v2\/pages\/1458"}],"wp:attachment":[{"href":"https:\/\/teknologiateollisuus.fi\/jasenille\/wp-json\/wp\/v2\/media?parent=1502"}],"curies":[{"name":"wp","href":"https:\/\/api.w.org\/{rel}","templated":true}]}}