{"id":16198,"date":"2024-11-10T19:05:05","date_gmt":"2024-11-10T17:05:05","guid":{"rendered":"https:\/\/teknologiateollisuus.fi\/jasenille\/?page_id=16198"},"modified":"2026-02-23T11:18:28","modified_gmt":"2026-02-23T09:18:28","slug":"yrityskohtainen-tes","status":"publish","type":"page","link":"https:\/\/teknologiateollisuus.fi\/jasenille\/palvelut\/yrityskohtaisen-sopimisen-tuki\/yrityskohtainen-tes\/","title":{"rendered":"Yrityskohtainen TES"},"content":{"rendered":"\n<div class=\"em-block-hero hero-has-background-color has-background has-black-background-color collapse  \">\n\t<div class=\"em-block-hero__container\">\n\t\t<div class=\"em-block-hero__content\">\n\t\t\t<div class=\"yoast-breadcrumbs\"><span><span><a href=\"https:\/\/teknologiateollisuus.fi\/jasenille\/\">Home<\/a><\/span> <span class=\"separator\"><\/span> <span><a href=\"https:\/\/teknologiateollisuus.fi\/jasenille\/palvelut\/\">Palvelut<\/a><\/span> <span class=\"separator\"><\/span> <span><a href=\"https:\/\/teknologiateollisuus.fi\/jasenille\/palvelut\/yrityskohtaisen-sopimisen-tuki\/\">Yrityskohtaisen sopimisen tuki<\/a><\/span> <span class=\"separator\"><\/span> <span class=\"breadcrumb_last\" aria-current=\"page\">Yrityskohtainen TES<\/span><\/span><\/div>\t\t\t\n<h1 class=\"wp-block-heading\" id=\"h-yrityskohtainen-tyoehtosopimus\">Yrityskohtainen ty\u00f6ehtosopimus<\/h1>\n\n<p>Yrityskohtainen ty\u00f6ehtosopimus on yrityksen itsens\u00e4 solmima ty\u00f6ehtosopimus. Se on vaihtoehto valtakunnallisten ty\u00f6nantaja- ja ty\u00f6ntekij\u00e4yhdistysten tekem\u00e4lle ty\u00f6ehtosopimukselle.<\/p>\n\t\t\t<div class=\"em-block-hero__modified-date\"> P\u00e4ivitetty 23.02.2026 klo 11:18<\/div>\t\t<\/div>\n\t\t\t\t\t<figure class=\"em-block-hero__image\">\n\t\t\t\t\t\t\t<\/figure>\n\t\t\t<\/div>\n<\/div>\n\n\n\n<h2 class=\"wp-block-heading\" id=\"h-miksi-yrityskohtaista-tyoehtosopimusta-kannattaa-harkita\" id=\"miksi-yrityskohtaista-tyoehtosopimusta-kannattaa-harkita\">Miksi yrityskohtaista ty\u00f6ehtosopimusta kannattaa harkita?<\/h2>\n\n\n\n<p class=\" mt-none\">Kun ty\u00f6ehdoista sovitaan l\u00e4hell\u00e4 ty\u00f6n tekemist\u00e4 ja teett\u00e4mist\u00e4, voidaan saavuttaa monia etuja:<\/p>\n\n\n\n<ul class=\"wp-block-list  mt-xs\">\n<li>Yrityksen ja henkil\u00f6st\u00f6n yhteisty\u00f6 syvent\u00e4\u00e4 ymm\u00e4rryst\u00e4 sovittujen ty\u00f6ehtojen hy\u00f6dyist\u00e4.<\/li>\n\n\n\n<li>Ty\u00f6h\u00f6n sitoutuminen, ty\u00f6motivaatio ja ty\u00f6hyvinvointi kasvavat.<\/li>\n\n\n\n<li>Ty\u00f6nantajabr\u00e4ndi ja vetovoima vahvistuvat.<\/li>\n\n\n\n<li>Paikallisen yhteisty\u00f6n lis\u00e4\u00e4ntyminen vahvistaa ty\u00f6rauhaa.<\/li>\n\n\n\n<li>Tuottavuus ja kilpailukyky paranevat.<\/li>\n\n\n\n<li>Yrityskohtaisesti voidaan sopia laajasti asioista (my\u00f6s sellaisista, joista sopiminen ei valtakunnallisen ty\u00f6ehtosopimuksen piiriss\u00e4 ole mahdollista).<\/li>\n\n\n\n<li>Yrityskohtaisesti voidaan sopia mm. palkkausj\u00e4rjestelmist\u00e4, palkantarkistuksista, etuuksista, s\u00e4\u00e4nn\u00f6llisen ty\u00f6ajan pituudesta, henkil\u00f6st\u00f6n edustuksesta, paikallisen sopimisen k\u00e4yt\u00e4nn\u00f6ist\u00e4 ja ty\u00f6rauhasta.&nbsp;Vanhoja rakenteita voidaan uudistaa ja yksinkertaistaa.<\/li>\n<\/ul>\n\n\n\n<h2 class=\"wp-block-heading\" id=\"h-mista-voidaan-sopia\" id=\"mista-voidaan-sopia\">Mist\u00e4 voidaan sopia?<\/h2>\n\n\n\n<p>Yrityskohtaisella ty\u00f6ehtosopimuksella voidaan sopia esimerkiksi:<\/p>\n\n\n\n<ul class=\"wp-block-list  mt-xs\">\n<li><strong>Palkantarkistuksista:<\/strong> osaamisesta ja hyvist\u00e4 ty\u00f6suorituksista palkitsemiseksi ja yrityksen<br>maksukyvyn mukaan<\/li>\n\n\n\n<li><strong>Palkkausj\u00e4rjestelmist\u00e4: <\/strong>kannustavan ja oikeudenmukaisen palkkauksen toteuttamiseksi<\/li>\n\n\n\n<li><strong>Etuuksista:<\/strong> parhaiden osaajien houkuttelemiseksi<\/li>\n\n\n\n<li><strong>S\u00e4\u00e4nn\u00f6llisen ty\u00f6ajan pituudesta: <\/strong>toiminnan sujuvaksi j\u00e4rjest\u00e4miseksi<\/li>\n\n\n\n<li><strong>Henkil\u00f6st\u00f6n edustuksesta:<\/strong> liiketoimintaan sopivan yhteistoiminnan rakentamiseksi<\/li>\n\n\n\n<li><strong>Paikallisen sopimisen k\u00e4yt\u00e4nn\u00f6ist\u00e4: <\/strong>joustojen maksimoimiseksi<\/li>\n\n\n\n<li><strong>Ty\u00f6rauhasta:<\/strong> ty\u00f6n h\u00e4iri\u00f6tt\u00f6m\u00e4n kulun varmistamiseksi<\/li>\n<\/ul>\n\n\n\n<div class=\"wp-block-scb-columns scb-columns has-2-column-layout--33-66 has-mobile-behavior--stacked has-auto-fit\">\n<div class=\"wp-block-scb-column scb-column is-scale-cover\">\n<h2 class=\"wp-block-heading\" id=\"h-teknologiateollisuus-tukee-ja-auttaa\" id=\"teknologiateollisuus-tukee-ja-auttaa\">Teknologiateollisuus tukee ja auttaa<\/h2>\n<\/div>\n\n\n\n<div class=\"wp-block-scb-column scb-column is-scale-cover\">\n<p>Alkuun p\u00e4\u00e4set tutustumalla yrityskohtaisen TES-sopimisen mahdollisuuksiin sek\u00e4 arvioimalla omia tarpeita ja tavoitteita. T\u00e4rke\u00e4\u00e4 on ottaa my\u00f6s henkil\u00f6st\u00f6 jo aikaisessa vaiheessa mukaan pohtimaan, mitk\u00e4 ovat tarkoituksenmukaisimmat tavat ty\u00f6paikkakohtaiselle sopimiselle.<\/p>\n\n\n\n<p>Teknologiateollisuus tarjoaa kattavat tukipalvelut ty\u00f6ehtomallin valintaan ja yrityskohtaisen ty\u00f6ehtosopimuksen rakentamiseen.<\/p>\n\n\n\n<div class=\"wp-block-buttons is-layout-flex wp-block-buttons-is-layout-flex\">\n<div class=\"wp-block-button  icon-right\"><a class=\"wp-block-button__link wp-element-button\" href=\"https:\/\/teknologiateollisuus.fi\/jasenille\/palvelut\/yrityskohtaisen-sopimisen-tuki\/\">Tutustu palveluihin t\u00e4\u00e4ll\u00e4<\/a><\/div>\n<\/div>\n<\/div>\n<\/div>\n\n\n\n<h2 class=\"wp-block-heading\" id=\"h-yritystarinoita-ja-vierailijablogeja-yrityskohtaisesta-sopimisesta\" id=\"yritystarinoita-ja-vierailijablogeja-yrityskohtaisesta-sopimisesta\">Yritystarinoita ja vierailijablogeja yrityskohtaisesta sopimisesta<\/h2>\n\n\n\n<div class=\"wp-block-evermade-links em-block-links has-columns-1\">\n<a\n\tclass=\"wp-block-evermade-internal-link em-block-link is-internal   has-subtitle\"\n\thref=\"https:\/\/teknologiateollisuus.fi\/yritys-tessin-tehnyt-gofore-haastaa-yrityksia-ja-organisaatioita-tarkastelemaan-tyoehtojaan\/\"\n\taria-label=\"Avaa samassa v\u00e4lilehdess\u00e4\"\n\ttarget=\"_self\"\n\trel=\"noopener\"\n>\n\t<div class=\"em-block-link__content\">\n\t\t<span class=\"em-block-link__title\">\n\t\t\tYritys-TESsin tehnyt Gofore haastaa yrityksi\u00e4 ja organisaatioita tarkastelemaan ty\u00f6ehtojaan\t\t<\/span>\n\t\t\t\t\t<span class=\"em-block-link__subtitle\">\n\t\t\t\tYritystarina\t\t\t<\/span>\n\t\t\t<\/div>\n\t\t\t<div class=\"em-block-link__arrow\"><\/div>\n\t\t<div class=\"em-block-link__pressable\"><\/div>\n\t<\/a>\n\n\n\n<a\n\tclass=\"wp-block-evermade-internal-link em-block-link is-internal   has-subtitle\"\n\thref=\"https:\/\/teknologiateollisuus.fi\/siili-solutions-loi-yrityskohtaisen-sopimuksen-tyontekijoiden-aloitteesta\/\"\n\taria-label=\"Avaa samassa v\u00e4lilehdess\u00e4\"\n\ttarget=\"_self\"\n\trel=\"noopener\"\n>\n\t<div class=\"em-block-link__content\">\n\t\t<span class=\"em-block-link__title\">\n\t\t\tSiili Solutions loi yrityskohtaisen sopimuksen ty\u00f6ntekij\u00f6iden aloitteesta\t\t<\/span>\n\t\t\t\t\t<span class=\"em-block-link__subtitle\">\n\t\t\t\tYritystarina\t\t\t<\/span>\n\t\t\t<\/div>\n\t\t\t<div class=\"em-block-link__arrow\"><\/div>\n\t\t<div class=\"em-block-link__pressable\"><\/div>\n\t<\/a>\n\n\n\n<a\n\tclass=\"wp-block-evermade-internal-link em-block-link is-internal   has-subtitle\"\n\thref=\"https:\/\/teknologiateollisuus.fi\/yrityskohtainen-tyoehtosopimus-antaa-paremmat-edellytykset-tyoyhteison-tarpeiden-palvelemiseksi\/\"\n\taria-label=\"Avaa samassa v\u00e4lilehdess\u00e4\"\n\ttarget=\"_self\"\n\trel=\"noopener\"\n>\n\t<div class=\"em-block-link__content\">\n\t\t<span class=\"em-block-link__title\">\n\t\t\tYrityskohtainen ty\u00f6ehtosopimus antaa paremmat edellytykset ty\u00f6yhteis\u00f6n tarpeiden palvelemiseksi\t\t<\/span>\n\t\t\t\t\t<span class=\"em-block-link__subtitle\">\n\t\t\t\tVierailijablogi\t\t\t<\/span>\n\t\t\t<\/div>\n\t\t\t<div class=\"em-block-link__arrow\"><\/div>\n\t\t<div class=\"em-block-link__pressable\"><\/div>\n\t<\/a>\n\n\n\n<a\n\tclass=\"wp-block-evermade-internal-link em-block-link is-internal   has-subtitle\"\n\thref=\"https:\/\/teknologiateollisuus.fi\/yrityskulttuuria-ja-yhteistyota-kokemuksia-goforen-yrityskohtaisesta-tyoehtosopimuksesta\/\"\n\taria-label=\"Avaa samassa v\u00e4lilehdess\u00e4\"\n\ttarget=\"_self\"\n\trel=\"noopener\"\n>\n\t<div class=\"em-block-link__content\">\n\t\t<span class=\"em-block-link__title\">\n\t\t\tYrityskulttuuria ja yhteisty\u00f6t\u00e4 \u2013 Kokemuksia Goforen yrityskohtaisesta ty\u00f6ehtosopimuksesta\t\t<\/span>\n\t\t\t\t\t<span class=\"em-block-link__subtitle\">\n\t\t\t\tVierailijablogi\t\t\t<\/span>\n\t\t\t<\/div>\n\t\t\t<div class=\"em-block-link__arrow\"><\/div>\n\t\t<div class=\"em-block-link__pressable\"><\/div>\n\t<\/a>\n\n\n\n<a\n\tclass=\"wp-block-evermade-internal-link em-block-link is-internal   has-subtitle\"\n\thref=\"https:\/\/teknologiateollisuus.fi\/saimme-selkeytta-ja-luottamusta-yrityskohtaisella-tyoehtosopimuksella\/\"\n\taria-label=\"Avaa samassa v\u00e4lilehdess\u00e4\"\n\ttarget=\"_self\"\n\trel=\"noopener\"\n>\n\t<div class=\"em-block-link__content\">\n\t\t<span class=\"em-block-link__title\">\n\t\t\tSaimme selkeytt\u00e4 ja luottamusta yrityskohtaisella ty\u00f6ehtosopimuksella\t\t<\/span>\n\t\t\t\t\t<span class=\"em-block-link__subtitle\">\n\t\t\t\tVierailijablogi\t\t\t<\/span>\n\t\t\t<\/div>\n\t\t\t<div class=\"em-block-link__arrow\"><\/div>\n\t\t<div class=\"em-block-link__pressable\"><\/div>\n\t<\/a>\n<\/div>\n\n\n\n<h2 class=\"wp-block-heading has-text-align-left  mb-xs\" id=\"h-katso-video-yrityskohtainen-tyoehtosopimus\" id=\"katso-video-yrityskohtainen-tyoehtosopimus\">Katso video: Yrityskohtainen ty\u00f6ehtosopimus<\/h2>\n\n\n\n<figure class=\"wp-block-embed is-type-video is-provider-vimeo wp-block-embed-vimeo wp-embed-aspect-16-9 wp-has-aspect-ratio mt-xs\"><div class=\"wp-block-embed__wrapper\">\n<iframe loading=\"lazy\" title=\"Teknologiateollisuus: Palat kohdilleen yrityskohtaisella TESill\u00e4\" src=\"https:\/\/player.vimeo.com\/video\/741890817?dnt=1&amp;app_id=122963\" width=\"500\" height=\"281\" frameborder=\"0\" allow=\"autoplay; fullscreen; picture-in-picture; clipboard-write; encrypted-media; web-share\" referrerpolicy=\"strict-origin-when-cross-origin\"><\/iframe>\n<\/div><\/figure>\n\n\n\n<div class=\"wp-block-scb-columns scb-columns  has-mobile-behavior--stacked has-auto-fit em-pattern-event-contacts\">\n<div class=\"wp-block-scb-column scb-column is-scale-cover\">\n<h2 class=\"wp-block-heading\" id=\"h-lisatiedot\" id=\"lisatiedot\">Lis\u00e4tiedot:<\/h2>\n\n\n\n<article class=\"em-block-contact-card is-style-list\">\n\n\t<div class=\"em-block-contact-card__image\">\n\t\t\t\t\t<img loading=\"lazy\" decoding=\"async\" width=\"300\" height=\"400\" src=\"https:\/\/teknologiateollisuus.fi\/jasenille\/wp-content\/uploads\/2024\/05\/phpyfcz5m.jpg\" class=\"attachment-portrait size-portrait\" alt=\"\" \/>\t\t\t<\/div>\n\t<div class=\"em-block-contact-card__content-wrapper\">\n\t\t<div class=\"em-block-contact-card__content\">\n\t\t\t\t\t\t\t<div class=\"em-block-contact-card__business-units\">\n\t\t\t\t\t\t\t\t\t\t\t<span class=\"em-block-contact-card__business-unit\">Ty\u00f6markkinat ja ty\u00f6el\u00e4m\u00e4n s\u00e4\u00e4ntely<\/span>\n\t\t\t\t\t\t\t\t\t<\/div>\n\t\t\t\t\t\t<h3 class=\"em-block-contact-card__title\"><a target=\"_self\" href=\"https:\/\/teknologiateollisuus.fi\/?p=1118\">Laine Johanna<\/a><\/h3>\n\t\t\t\t\t\t\t<span class=\"em-block-contact-card__job_title\">Johtaja &#8211; Paikallinen sopiminen, yrityskohtaiset ty\u00f6ehdot ja lains\u00e4\u00e4d\u00e4nt\u00f6vaikuttaminen<\/span>\n\t\t\t\t\t\t\t\t\t\t<span class=\"em-block-contact-card__organisation\">Teknologiateollisuus ry<\/span>\n\t\t\t\t\t<\/div>\n\t\t<div class=\"em-block-contact-card__content\">\n\t\t\t\t\t\t<address class=\"em-block-contact-card__contact-details\">\n\t\t\t\t\t\t\t\t\t<span class=\"em-block-contact-card__phone\">\n\t\t\t\t\t\t<a href=\"tel:+358 445907209\">+358 445907209<\/a><\/a>\n\t\t\t\t\t<\/span>\n\t\t\t\t\t\t\t\t\t\t\t\t\t<span class=\"em-block-contact-card__email\">\n\t\t\t\t\t\t<a href=\"mailto:johanna.laine@teknologiateollisuus.fi\">johanna.laine@teknologiateollisuus.fi<\/a><\/a>\n\t\t\t\t\t<\/span>\n\t\t\t\t\t\t\t<\/address>\n\t\t\t\t\t<\/div>\n\t<\/div>\n\n<\/article>\n<\/div>\n<\/div>\n\n\n\n<p class=\"is-style-pre-headline\"><\/p>\n\n\n\n<p><\/p>\n","protected":false},"excerpt":{"rendered":"<p>Miksi yrityskohtaista ty\u00f6ehtosopimusta kannattaa harkita? Kun ty\u00f6ehdoista sovitaan l\u00e4hell\u00e4 ty\u00f6n tekemist\u00e4 ja teett\u00e4mist\u00e4, voidaan saavuttaa monia etuja: Mist\u00e4 voidaan sopia? Yrityskohtaisella ty\u00f6ehtosopimuksella voidaan sopia esimerkiksi: Yritystarinoita ja vierailijablogeja yrityskohtaisesta sopimisesta Katso video: Yrityskohtainen ty\u00f6ehtosopimus<\/p>\n","protected":false},"author":7,"featured_media":0,"parent":1137,"menu_order":0,"comment_status":"closed","ping_status":"closed","template":"","meta":{"_acf_changed":false,"_relevanssi_hide_post":"","_relevanssi_hide_content":"","_relevanssi_pin_for_all":"","_relevanssi_pin_keywords":"","_relevanssi_unpin_keywords":"","_relevanssi_related_keywords":"","_relevanssi_related_include_ids":"","_relevanssi_related_exclude_ids":"","_relevanssi_related_no_append":"","_relevanssi_related_not_related":"","_relevanssi_related_posts":"168,167,165,169,166,1417","_relevanssi_noindex_reason":"","inline_featured_image":false,"growthstack-ab-test":[],"growthstack-ab-test-views":[],"footnotes":""},"class_list":["post-16198","page","type-page","status-publish","hentry"],"acf":{"is_store_related":false,"locked":false},"yoast_head":"<!-- This site is optimized with the Yoast SEO Premium plugin v27.1 (Yoast SEO v27.3) - https:\/\/yoast.com\/product\/yoast-seo-premium-wordpress\/ -->\n<title>Yrityskohtainen TES - Teknologiateollisuus - J\u00e4senille<\/title>\n<meta name=\"description\" content=\"Yrityskohtainen TES mahdollistaa ty\u00f6ehtojen r\u00e4\u00e4t\u00e4l\u00f6innin yrityksen tarpeisiin. Suunnittele yrityksellesi ty\u00f6ehtosopimus TES-koneella!\" \/>\n<meta name=\"robots\" content=\"index, follow, max-snippet:-1, max-image-preview:large, max-video-preview:-1\" \/>\n<link rel=\"canonical\" href=\"https:\/\/teknologiateollisuus.fi\/jasenille\/palvelut\/yrityskohtaisen-sopimisen-tuki\/yrityskohtainen-tes\/\" \/>\n<meta property=\"og:locale\" content=\"fi_FI\" \/>\n<meta property=\"og:type\" content=\"article\" \/>\n<meta property=\"og:title\" content=\"Yrityskohtainen TES\" \/>\n<meta property=\"og:description\" content=\"Yrityskohtainen TES mahdollistaa ty\u00f6ehtojen r\u00e4\u00e4t\u00e4l\u00f6innin yrityksen tarpeisiin. Suunnittele yrityksellesi ty\u00f6ehtosopimus TES-koneella!\" \/>\n<meta property=\"og:url\" content=\"https:\/\/teknologiateollisuus.fi\/jasenille\/palvelut\/yrityskohtaisen-sopimisen-tuki\/yrityskohtainen-tes\/\" \/>\n<meta property=\"og:site_name\" content=\"Teknologiateollisuus - J\u00e4senille\" \/>\n<meta property=\"article:modified_time\" content=\"2026-02-23T09:18:28+00:00\" \/>\n<meta name=\"twitter:card\" content=\"summary_large_image\" \/>\n<meta name=\"twitter:label1\" content=\"Arvioitu lukuaika\" \/>\n\t<meta name=\"twitter:data1\" content=\"2 minuuttia\" \/>\n<script type=\"application\/ld+json\" class=\"yoast-schema-graph\">{\"@context\":\"https:\\\/\\\/schema.org\",\"@graph\":[{\"@type\":\"WebPage\",\"@id\":\"https:\\\/\\\/teknologiateollisuus.fi\\\/jasenille\\\/palvelut\\\/yrityskohtaisen-sopimisen-tuki\\\/yrityskohtainen-tes\\\/\",\"url\":\"https:\\\/\\\/teknologiateollisuus.fi\\\/jasenille\\\/palvelut\\\/yrityskohtaisen-sopimisen-tuki\\\/yrityskohtainen-tes\\\/\",\"name\":\"Yrityskohtainen TES - Teknologiateollisuus - J\u00e4senille\",\"isPartOf\":{\"@id\":\"https:\\\/\\\/teknologiateollisuus.fi\\\/jasenille\\\/#website\"},\"datePublished\":\"2024-11-10T17:05:05+00:00\",\"dateModified\":\"2026-02-23T09:18:28+00:00\",\"description\":\"Yrityskohtainen TES mahdollistaa ty\u00f6ehtojen r\u00e4\u00e4t\u00e4l\u00f6innin yrityksen tarpeisiin. Suunnittele yrityksellesi ty\u00f6ehtosopimus TES-koneella!\",\"breadcrumb\":{\"@id\":\"https:\\\/\\\/teknologiateollisuus.fi\\\/jasenille\\\/palvelut\\\/yrityskohtaisen-sopimisen-tuki\\\/yrityskohtainen-tes\\\/#breadcrumb\"},\"inLanguage\":\"fi\",\"potentialAction\":[{\"@type\":\"ReadAction\",\"target\":[\"https:\\\/\\\/teknologiateollisuus.fi\\\/jasenille\\\/palvelut\\\/yrityskohtaisen-sopimisen-tuki\\\/yrityskohtainen-tes\\\/\"]}]},{\"@type\":\"BreadcrumbList\",\"@id\":\"https:\\\/\\\/teknologiateollisuus.fi\\\/jasenille\\\/palvelut\\\/yrityskohtaisen-sopimisen-tuki\\\/yrityskohtainen-tes\\\/#breadcrumb\",\"itemListElement\":[{\"@type\":\"ListItem\",\"position\":1,\"name\":\"Home\",\"item\":\"https:\\\/\\\/teknologiateollisuus.fi\\\/jasenille\\\/\"},{\"@type\":\"ListItem\",\"position\":2,\"name\":\"Palvelut\",\"item\":\"https:\\\/\\\/teknologiateollisuus.fi\\\/jasenille\\\/palvelut\\\/\"},{\"@type\":\"ListItem\",\"position\":3,\"name\":\"Yrityskohtaisen sopimisen tuki\",\"item\":\"https:\\\/\\\/teknologiateollisuus.fi\\\/jasenille\\\/palvelut\\\/yrityskohtaisen-sopimisen-tuki\\\/\"},{\"@type\":\"ListItem\",\"position\":4,\"name\":\"Yrityskohtainen TES\"}]},{\"@type\":\"WebSite\",\"@id\":\"https:\\\/\\\/teknologiateollisuus.fi\\\/jasenille\\\/#website\",\"url\":\"https:\\\/\\\/teknologiateollisuus.fi\\\/jasenille\\\/\",\"name\":\"Teknologiateollisuus - J\u00e4senille\",\"description\":\"\",\"publisher\":{\"@id\":\"https:\\\/\\\/teknologiateollisuus.fi\\\/jasenille\\\/#organization\"},\"potentialAction\":[{\"@type\":\"SearchAction\",\"target\":{\"@type\":\"EntryPoint\",\"urlTemplate\":\"https:\\\/\\\/teknologiateollisuus.fi\\\/jasenille\\\/?s={search_term_string}\"},\"query-input\":{\"@type\":\"PropertyValueSpecification\",\"valueRequired\":true,\"valueName\":\"search_term_string\"}}],\"inLanguage\":\"fi\"},{\"@type\":\"Organization\",\"@id\":\"https:\\\/\\\/teknologiateollisuus.fi\\\/jasenille\\\/#organization\",\"name\":\"Teknologiateollisuus - J\u00e4senille\",\"url\":\"https:\\\/\\\/teknologiateollisuus.fi\\\/jasenille\\\/\",\"logo\":{\"@type\":\"ImageObject\",\"inLanguage\":\"fi\",\"@id\":\"https:\\\/\\\/teknologiateollisuus.fi\\\/jasenille\\\/#\\\/schema\\\/logo\\\/image\\\/\",\"url\":\"https:\\\/\\\/teknologiateollisuus.fi\\\/jasenille\\\/wp-content\\\/uploads\\\/sites\\\/1\\\/2023\\\/10\\\/placeholder.png\",\"contentUrl\":\"https:\\\/\\\/teknologiateollisuus.fi\\\/jasenille\\\/wp-content\\\/uploads\\\/sites\\\/1\\\/2023\\\/10\\\/placeholder.png\",\"width\":2560,\"height\":1920,\"caption\":\"Teknologiateollisuus - J\u00e4senille\"},\"image\":{\"@id\":\"https:\\\/\\\/teknologiateollisuus.fi\\\/jasenille\\\/#\\\/schema\\\/logo\\\/image\\\/\"}}]}<\/script>\n<!-- \/ Yoast SEO Premium plugin. -->","yoast_head_json":{"title":"Yrityskohtainen TES - Teknologiateollisuus - J\u00e4senille","description":"Yrityskohtainen TES mahdollistaa ty\u00f6ehtojen r\u00e4\u00e4t\u00e4l\u00f6innin yrityksen tarpeisiin. Suunnittele yrityksellesi ty\u00f6ehtosopimus TES-koneella!","robots":{"index":"index","follow":"follow","max-snippet":"max-snippet:-1","max-image-preview":"max-image-preview:large","max-video-preview":"max-video-preview:-1"},"canonical":"https:\/\/teknologiateollisuus.fi\/jasenille\/palvelut\/yrityskohtaisen-sopimisen-tuki\/yrityskohtainen-tes\/","og_locale":"fi_FI","og_type":"article","og_title":"Yrityskohtainen TES","og_description":"Yrityskohtainen TES mahdollistaa ty\u00f6ehtojen r\u00e4\u00e4t\u00e4l\u00f6innin yrityksen tarpeisiin. Suunnittele yrityksellesi ty\u00f6ehtosopimus TES-koneella!","og_url":"https:\/\/teknologiateollisuus.fi\/jasenille\/palvelut\/yrityskohtaisen-sopimisen-tuki\/yrityskohtainen-tes\/","og_site_name":"Teknologiateollisuus - J\u00e4senille","article_modified_time":"2026-02-23T09:18:28+00:00","twitter_card":"summary_large_image","twitter_misc":{"Arvioitu lukuaika":"2 minuuttia"},"schema":{"@context":"https:\/\/schema.org","@graph":[{"@type":"WebPage","@id":"https:\/\/teknologiateollisuus.fi\/jasenille\/palvelut\/yrityskohtaisen-sopimisen-tuki\/yrityskohtainen-tes\/","url":"https:\/\/teknologiateollisuus.fi\/jasenille\/palvelut\/yrityskohtaisen-sopimisen-tuki\/yrityskohtainen-tes\/","name":"Yrityskohtainen TES - Teknologiateollisuus - J\u00e4senille","isPartOf":{"@id":"https:\/\/teknologiateollisuus.fi\/jasenille\/#website"},"datePublished":"2024-11-10T17:05:05+00:00","dateModified":"2026-02-23T09:18:28+00:00","description":"Yrityskohtainen TES mahdollistaa ty\u00f6ehtojen r\u00e4\u00e4t\u00e4l\u00f6innin yrityksen tarpeisiin. Suunnittele yrityksellesi ty\u00f6ehtosopimus TES-koneella!","breadcrumb":{"@id":"https:\/\/teknologiateollisuus.fi\/jasenille\/palvelut\/yrityskohtaisen-sopimisen-tuki\/yrityskohtainen-tes\/#breadcrumb"},"inLanguage":"fi","potentialAction":[{"@type":"ReadAction","target":["https:\/\/teknologiateollisuus.fi\/jasenille\/palvelut\/yrityskohtaisen-sopimisen-tuki\/yrityskohtainen-tes\/"]}]},{"@type":"BreadcrumbList","@id":"https:\/\/teknologiateollisuus.fi\/jasenille\/palvelut\/yrityskohtaisen-sopimisen-tuki\/yrityskohtainen-tes\/#breadcrumb","itemListElement":[{"@type":"ListItem","position":1,"name":"Home","item":"https:\/\/teknologiateollisuus.fi\/jasenille\/"},{"@type":"ListItem","position":2,"name":"Palvelut","item":"https:\/\/teknologiateollisuus.fi\/jasenille\/palvelut\/"},{"@type":"ListItem","position":3,"name":"Yrityskohtaisen sopimisen tuki","item":"https:\/\/teknologiateollisuus.fi\/jasenille\/palvelut\/yrityskohtaisen-sopimisen-tuki\/"},{"@type":"ListItem","position":4,"name":"Yrityskohtainen TES"}]},{"@type":"WebSite","@id":"https:\/\/teknologiateollisuus.fi\/jasenille\/#website","url":"https:\/\/teknologiateollisuus.fi\/jasenille\/","name":"Teknologiateollisuus - J\u00e4senille","description":"","publisher":{"@id":"https:\/\/teknologiateollisuus.fi\/jasenille\/#organization"},"potentialAction":[{"@type":"SearchAction","target":{"@type":"EntryPoint","urlTemplate":"https:\/\/teknologiateollisuus.fi\/jasenille\/?s={search_term_string}"},"query-input":{"@type":"PropertyValueSpecification","valueRequired":true,"valueName":"search_term_string"}}],"inLanguage":"fi"},{"@type":"Organization","@id":"https:\/\/teknologiateollisuus.fi\/jasenille\/#organization","name":"Teknologiateollisuus - J\u00e4senille","url":"https:\/\/teknologiateollisuus.fi\/jasenille\/","logo":{"@type":"ImageObject","inLanguage":"fi","@id":"https:\/\/teknologiateollisuus.fi\/jasenille\/#\/schema\/logo\/image\/","url":"https:\/\/teknologiateollisuus.fi\/jasenille\/wp-content\/uploads\/sites\/1\/2023\/10\/placeholder.png","contentUrl":"https:\/\/teknologiateollisuus.fi\/jasenille\/wp-content\/uploads\/sites\/1\/2023\/10\/placeholder.png","width":2560,"height":1920,"caption":"Teknologiateollisuus - J\u00e4senille"},"image":{"@id":"https:\/\/teknologiateollisuus.fi\/jasenille\/#\/schema\/logo\/image\/"}}]}},"lang":"fi","translations":{"fi":16198},"pll_sync_post":[],"_links":{"self":[{"href":"https:\/\/teknologiateollisuus.fi\/jasenille\/wp-json\/wp\/v2\/pages\/16198","targetHints":{"allow":["GET"]}}],"collection":[{"href":"https:\/\/teknologiateollisuus.fi\/jasenille\/wp-json\/wp\/v2\/pages"}],"about":[{"href":"https:\/\/teknologiateollisuus.fi\/jasenille\/wp-json\/wp\/v2\/types\/page"}],"author":[{"embeddable":true,"href":"https:\/\/teknologiateollisuus.fi\/jasenille\/wp-json\/wp\/v2\/users\/7"}],"replies":[{"embeddable":true,"href":"https:\/\/teknologiateollisuus.fi\/jasenille\/wp-json\/wp\/v2\/comments?post=16198"}],"version-history":[{"count":9,"href":"https:\/\/teknologiateollisuus.fi\/jasenille\/wp-json\/wp\/v2\/pages\/16198\/revisions"}],"predecessor-version":[{"id":29240,"href":"https:\/\/teknologiateollisuus.fi\/jasenille\/wp-json\/wp\/v2\/pages\/16198\/revisions\/29240"}],"up":[{"embeddable":true,"href":"https:\/\/teknologiateollisuus.fi\/jasenille\/wp-json\/wp\/v2\/pages\/1137"}],"wp:attachment":[{"href":"https:\/\/teknologiateollisuus.fi\/jasenille\/wp-json\/wp\/v2\/media?parent=16198"}],"curies":[{"name":"wp","href":"https:\/\/api.w.org\/{rel}","templated":true}]}}