{"id":1636,"date":"2023-12-15T12:23:56","date_gmt":"2023-12-15T10:23:56","guid":{"rendered":"https:\/\/teknologiateollisuus.fi\/jasenille\/?page_id=1636"},"modified":"2025-12-11T10:30:54","modified_gmt":"2025-12-11T08:30:54","slug":"tyoelama-teknologia-alalla","status":"publish","type":"page","link":"https:\/\/teknologiateollisuus.fi\/jasenille\/palvelut\/tyosuhdepalvelut\/tyoelama-teknologia-alalla\/","title":{"rendered":"Ty\u00f6el\u00e4m\u00e4"},"content":{"rendered":"\n<div class=\"em-block-hero hero-has-background-color has-background has-black-background-color has-image media-position-right \">\n\t<div class=\"em-block-hero__container\">\n\t\t<div class=\"em-block-hero__content\">\n\t\t\t<div class=\"yoast-breadcrumbs\"><span><span><a href=\"https:\/\/teknologiateollisuus.fi\/jasenille\/\">Home<\/a><\/span> <span class=\"separator\"><\/span> <span><a href=\"https:\/\/teknologiateollisuus.fi\/jasenille\/palvelut\/\">Palvelut<\/a><\/span> <span class=\"separator\"><\/span> <span><a href=\"https:\/\/teknologiateollisuus.fi\/jasenille\/palvelut\/tyosuhdepalvelut\/\">Ty\u00f6suhdepalvelut<\/a><\/span> <span class=\"separator\"><\/span> <span class=\"breadcrumb_last\" aria-current=\"page\">Ty\u00f6el\u00e4m\u00e4<\/span><\/span><\/div>\t\t\t\n<h1 class=\"wp-block-heading\" id=\"h-tyoelama\">Ty\u00f6el\u00e4m\u00e4<\/h1>\n\n<p>Hyv\u00e4 ty\u00f6el\u00e4m\u00e4 koostuu yrityksen ja henkil\u00f6st\u00f6n tarpeita tukevista ty\u00f6ehdoista sek\u00e4 modernista ja osallistavasta ty\u00f6kulttuurista. Teknologiateollisuuden tavoitteena on parantaa osaajien saatavuutta ja yritysten mahdollisuuksia kasvaa.<\/p>\n\t\t\t<div class=\"em-block-hero__modified-date\"> P\u00e4ivitetty 11.12.2025 klo 10:30<\/div>\t\t<\/div>\n\t\t\t\t\t<figure class=\"em-block-hero__image\">\n\t\t\t\t<img loading=\"lazy\" decoding=\"async\" width=\"1044\" height=\"696\" src=\"https:\/\/teknologiateollisuus.fi\/jasenille\/wp-content\/uploads\/sites\/1\/2025\/10\/Pienitiedosto_Jpalvelut_3908.jpeg\" class=\"attachment-hero size-hero\" alt=\"Henkil\u00f6it\u00e4 ty\u00f6pisteidens\u00e4 \u00e4\u00e4ress\u00e4 tehtaassa, kuvituskuva.\" srcset=\"https:\/\/teknologiateollisuus.fi\/jasenille\/wp-content\/uploads\/sites\/1\/2025\/10\/Pienitiedosto_Jpalvelut_3908.jpeg 1044w, https:\/\/teknologiateollisuus.fi\/jasenille\/wp-content\/uploads\/sites\/1\/2025\/10\/Pienitiedosto_Jpalvelut_3908-400x267.jpeg 400w, https:\/\/teknologiateollisuus.fi\/jasenille\/wp-content\/uploads\/sites\/1\/2025\/10\/Pienitiedosto_Jpalvelut_3908-800x533.jpeg 800w, https:\/\/teknologiateollisuus.fi\/jasenille\/wp-content\/uploads\/sites\/1\/2025\/10\/Pienitiedosto_Jpalvelut_3908-768x512.jpeg 768w, https:\/\/teknologiateollisuus.fi\/jasenille\/wp-content\/uploads\/sites\/1\/2025\/10\/Pienitiedosto_Jpalvelut_3908-560x373.jpeg 560w, https:\/\/teknologiateollisuus.fi\/jasenille\/wp-content\/uploads\/sites\/1\/2025\/10\/Pienitiedosto_Jpalvelut_3908-75x50.jpeg 75w\" sizes=\"auto, (max-width: 1044px) 100vw, 1044px\" \/>\t\t\t<\/figure>\n\t\t\t<\/div>\n<\/div>\n\n\n\n<p>Ty\u00f6el\u00e4m\u00e4n kehitt\u00e4minen kattaa monia toimenpiteit\u00e4 ja strategioita, joiden tarkoituksena on parantaa&nbsp;ty\u00f6ymp\u00e4rist\u00f6\u00e4,&nbsp;ty\u00f6ntekij\u00f6iden hyvinvointia ja suorituskyky\u00e4 sek\u00e4&nbsp;organisaation toimintaa.&nbsp;<\/p>\n\n\n\n<p>Tavoitteenamme on parantaa osaajien saatavuutta, edist\u00e4\u00e4 yritysten mahdollisuuksia kasvaa sek\u00e4 luoda konkreettisia ty\u00f6kaluja j\u00e4senyritystemme k\u00e4ytt\u00f6\u00f6n.&nbsp;<\/p>\n\n\n\n<ul class=\"wp-block-list\">\n<li><strong>Johtaminen ja organisaatiokulttuuri:<\/strong>&nbsp;Tehokas johtaminen ja terve organisaatiokulttuuri luovat pohjan ty\u00f6el\u00e4m\u00e4n kehitt\u00e4miselle. T\u00e4m\u00e4 voi sis\u00e4lt\u00e4\u00e4 avoimen viestinn\u00e4n, kannustavan ilmapiirin, ja arvojen m\u00e4\u00e4ritt\u00e4misen, jotka ohjaavat organisaation toimintaa.<\/li>\n\n\n\n<li><strong>Ty\u00f6ntekij\u00f6iden osaaminen ja koulutus:<\/strong>&nbsp;Investoimalla ty\u00f6ntekij\u00f6iden koulutukseen ja kehitt\u00e4miseen voidaan parantaa heid\u00e4n taitojaan ja osaamistaan vastaamaan paremmin ty\u00f6el\u00e4m\u00e4n vaatimuksia.<\/li>\n\n\n\n<li><strong>Ty\u00f6hyvinvointi ja terveys:<\/strong>&nbsp;Panostaminen ty\u00f6ntekij\u00f6iden hyvinvointiin, terveyteen ja ty\u00f6olosuhteisiin voi lis\u00e4t\u00e4 motivaatiota, v\u00e4hent\u00e4\u00e4 sairauspoissaoloja ja parantaa ty\u00f6suoritusta.<\/li>\n\n\n\n<li><strong>Teknologian hy\u00f6dynt\u00e4minen:<\/strong>&nbsp;Uusien teknologioiden k\u00e4ytt\u00f6\u00f6notto ja olemassa olevien j\u00e4rjestelmien p\u00e4ivitt\u00e4minen voivat tehostaa ty\u00f6prosesseja ja parantaa tuottavuutta.<\/li>\n\n\n\n<li><strong>Monimuotoisuus ja inklusiivisuus:<\/strong>&nbsp;Monimuotoisuuden edist\u00e4minen ja inklusiivisen ty\u00f6ymp\u00e4rist\u00f6n luominen auttaa hy\u00f6dynt\u00e4m\u00e4\u00e4n erilaisia n\u00e4k\u00f6kulmia ja edist\u00e4m\u00e4\u00e4n luovuutta ja innovaatiota.<\/li>\n<\/ul>\n\n\n\n<figure class=\"wp-block-image size-large\"><img loading=\"lazy\" decoding=\"async\" width=\"800\" height=\"533\" src=\"https:\/\/teknologiateollisuus.fi\/jasenille\/wp-content\/uploads\/sites\/1\/2023\/12\/Makela-Alu-henkilostoa-vaaka-2-800x533.jpg\" alt=\"\" class=\"wp-image-2027\" srcset=\"https:\/\/teknologiateollisuus.fi\/jasenille\/wp-content\/uploads\/sites\/1\/2023\/12\/Makela-Alu-henkilostoa-vaaka-2-800x533.jpg 800w, https:\/\/teknologiateollisuus.fi\/jasenille\/wp-content\/uploads\/sites\/1\/2023\/12\/Makela-Alu-henkilostoa-vaaka-2-400x267.jpg 400w, https:\/\/teknologiateollisuus.fi\/jasenille\/wp-content\/uploads\/sites\/1\/2023\/12\/Makela-Alu-henkilostoa-vaaka-2-768x512.jpg 768w, https:\/\/teknologiateollisuus.fi\/jasenille\/wp-content\/uploads\/sites\/1\/2023\/12\/Makela-Alu-henkilostoa-vaaka-2-1536x1024.jpg 1536w, https:\/\/teknologiateollisuus.fi\/jasenille\/wp-content\/uploads\/sites\/1\/2023\/12\/Makela-Alu-henkilostoa-vaaka-2-1300x867.jpg 1300w, https:\/\/teknologiateollisuus.fi\/jasenille\/wp-content\/uploads\/sites\/1\/2023\/12\/Makela-Alu-henkilostoa-vaaka-2-1440x960.jpg 1440w, https:\/\/teknologiateollisuus.fi\/jasenille\/wp-content\/uploads\/sites\/1\/2023\/12\/Makela-Alu-henkilostoa-vaaka-2.jpg 1920w\" sizes=\"auto, (max-width: 800px) 100vw, 800px\" \/><\/figure>\n\n\n\n<p class=\"is-style-pre-headline\">Yritystarinat<\/p>\n\n\n\n<h2 class=\"wp-block-heading\" id=\"h-tutustu-muiden-yritysten-arkeen\" id=\"tutustu-muiden-yritysten-arkeen\">Tutustu muiden yritysten arkeen<\/h2>\n\n\n\n<p>Yritystarinat sukeltavat teknologiateollisuuden yritysten toimintaan ja tavalliseen arkeen. Tutustu muiden tarinoihin ja hy\u00f6dynn\u00e4 kokemukset oman yrityksenne hyv\u00e4ksi!<\/p>\n\n\n\n<div class=\"wp-block-buttons is-layout-flex wp-block-buttons-is-layout-flex\">\n<div class=\"wp-block-button  icon-right\"><a class=\"wp-block-button__link wp-element-button\" href=\"https:\/\/teknologiateollisuus.fi\/ajankohtaista\/?categories=1&amp;themes=50\">Kaikki yritystarinat<\/a><\/div>\n<\/div>\n\n\n\n<div class=\"wp-block-scb-columns scb-columns  has-mobile-behavior--stacked has-auto-fit em-pattern-event-contacts\">\n<div class=\"wp-block-scb-column scb-column is-scale-cover\">\n<h2 class=\"wp-block-heading\" id=\"h-lisatiedot\" id=\"lisatiedot\">Lis\u00e4tiedot:<\/h2>\n\n\n\n<article class=\"em-block-contact-card is-style-list\">\n\n\t<div class=\"em-block-contact-card__image\">\n\t\t\t\t\t<img loading=\"lazy\" decoding=\"async\" width=\"300\" height=\"400\" src=\"https:\/\/teknologiateollisuus.fi\/jasenille\/wp-content\/uploads\/2024\/05\/phpmjpu9q.jpg\" class=\"attachment-portrait size-portrait\" alt=\"\" \/>\t\t\t<\/div>\n\t<div class=\"em-block-contact-card__content-wrapper\">\n\t\t<div class=\"em-block-contact-card__content\">\n\t\t\t\t\t\t\t<div class=\"em-block-contact-card__business-units\">\n\t\t\t\t\t\t\t\t\t\t\t<span class=\"em-block-contact-card__business-unit\">Ty\u00f6markkinat ja ty\u00f6el\u00e4m\u00e4n s\u00e4\u00e4ntely<\/span>\n\t\t\t\t\t\t\t\t\t<\/div>\n\t\t\t\t\t\t<h3 class=\"em-block-contact-card__title\"><a target=\"_self\" href=\"https:\/\/teknologiateollisuus.fi\/?p=1139\">Varpomaa Paula<\/a><\/h3>\n\t\t\t\t\t\t\t<span class=\"em-block-contact-card__job_title\">P\u00e4\u00e4llikk\u00f6 &#8211; Neuvontapalvelut, ty\u00f6el\u00e4m\u00e4n kehitt\u00e4minen ja lains\u00e4\u00e4d\u00e4nt\u00f6vaikuttaminen<\/span>\n\t\t\t\t\t\t\t\t\t\t<span class=\"em-block-contact-card__organisation\">Teknologiateollisuus ry<\/span>\n\t\t\t\t\t<\/div>\n\t\t<div class=\"em-block-contact-card__content\">\n\t\t\t\t\t\t<address class=\"em-block-contact-card__contact-details\">\n\t\t\t\t\t\t\t\t\t<span class=\"em-block-contact-card__phone\">\n\t\t\t\t\t\t<a href=\"tel:+358 401525778\">+358 401525778<\/a><\/a>\n\t\t\t\t\t<\/span>\n\t\t\t\t\t\t\t\t\t\t\t\t\t<span class=\"em-block-contact-card__email\">\n\t\t\t\t\t\t<a href=\"mailto:paula.varpomaa@teknologiateollisuus.fi\">paula.varpomaa@teknologiateollisuus.fi<\/a><\/a>\n\t\t\t\t\t<\/span>\n\t\t\t\t\t\t\t<\/address>\n\t\t\t\t\t<\/div>\n\t<\/div>\n\n<\/article>\n<\/div>\n<\/div>\n","protected":false},"excerpt":{"rendered":"<p>Ty\u00f6el\u00e4m\u00e4n kehitt\u00e4minen kattaa monia toimenpiteit\u00e4 ja strategioita, joiden tarkoituksena on parantaa&nbsp;ty\u00f6ymp\u00e4rist\u00f6\u00e4,&nbsp;ty\u00f6ntekij\u00f6iden hyvinvointia ja suorituskyky\u00e4 sek\u00e4&nbsp;organisaation toimintaa.&nbsp; Tavoitteenamme on parantaa osaajien saatavuutta, edist\u00e4\u00e4 yritysten mahdollisuuksia kasvaa sek\u00e4 luoda konkreettisia ty\u00f6kaluja j\u00e4senyritystemme k\u00e4ytt\u00f6\u00f6n.&nbsp; Yritystarinat Tutustu muiden yritysten arkeen Yritystarinat sukeltavat teknologiateollisuuden yritysten toimintaan ja tavalliseen arkeen. Tutustu muiden tarinoihin ja hy\u00f6dynn\u00e4 kokemukset oman yrityksenne hyv\u00e4ksi!<\/p>\n","protected":false},"author":11,"featured_media":0,"parent":1131,"menu_order":1,"comment_status":"closed","ping_status":"closed","template":"","meta":{"_acf_changed":false,"_relevanssi_hide_post":"","_relevanssi_hide_content":"","_relevanssi_pin_for_all":"","_relevanssi_pin_keywords":"","_relevanssi_unpin_keywords":"","_relevanssi_related_keywords":"","_relevanssi_related_include_ids":"","_relevanssi_related_exclude_ids":"","_relevanssi_related_no_append":"","_relevanssi_related_not_related":"","_relevanssi_related_posts":"169,167,165,1417,168,166","_relevanssi_noindex_reason":"","inline_featured_image":false,"growthstack-ab-test":[],"growthstack-ab-test-views":[],"footnotes":""},"class_list":["post-1636","page","type-page","status-publish","hentry"],"acf":{"is_store_related":false,"locked":false},"yoast_head":"<!-- This site is optimized with the Yoast SEO Premium plugin v27.1 (Yoast SEO v27.4) - https:\/\/yoast.com\/product\/yoast-seo-premium-wordpress\/ -->\n<title>Ty\u00f6el\u00e4m\u00e4 teknologia-alalla - Teknologiateollisuus - J\u00e4senille<\/title>\n<meta name=\"description\" content=\"Hyv\u00e4 ty\u00f6el\u00e4m\u00e4 koostuu yrityksen tarpeita tukevista ty\u00f6ehdoista sek\u00e4 osallistavasta ty\u00f6kulttuurista. Tutustu ty\u00f6el\u00e4m\u00e4\u00e4n teknologia-alalla!\" \/>\n<meta name=\"robots\" content=\"index, follow, max-snippet:-1, max-image-preview:large, max-video-preview:-1\" \/>\n<link rel=\"canonical\" href=\"https:\/\/teknologiateollisuus.fi\/jasenille\/palvelut\/tyosuhdepalvelut\/tyoelama-teknologia-alalla\/\" \/>\n<meta property=\"og:locale\" content=\"fi_FI\" \/>\n<meta property=\"og:type\" content=\"article\" \/>\n<meta property=\"og:title\" content=\"Ty\u00f6el\u00e4m\u00e4\" \/>\n<meta property=\"og:description\" content=\"Hyv\u00e4 ty\u00f6el\u00e4m\u00e4 koostuu yrityksen tarpeita tukevista ty\u00f6ehdoista sek\u00e4 osallistavasta ty\u00f6kulttuurista. Tutustu ty\u00f6el\u00e4m\u00e4\u00e4n teknologia-alalla!\" \/>\n<meta property=\"og:url\" content=\"https:\/\/teknologiateollisuus.fi\/jasenille\/palvelut\/tyosuhdepalvelut\/tyoelama-teknologia-alalla\/\" \/>\n<meta property=\"og:site_name\" content=\"Teknologiateollisuus - J\u00e4senille\" \/>\n<meta property=\"article:modified_time\" content=\"2025-12-11T08:30:54+00:00\" \/>\n<meta property=\"og:image\" content=\"https:\/\/teknologiateollisuus.fi\/jasenille\/wp-content\/uploads\/sites\/1\/2023\/12\/Makela-Alu-henkilostoa-vaaka-2-800x533.jpg\" \/>\n<meta name=\"twitter:card\" content=\"summary_large_image\" \/>\n<meta name=\"twitter:label1\" content=\"Arvioitu lukuaika\" \/>\n\t<meta name=\"twitter:data1\" content=\"2 minuuttia\" \/>\n<script type=\"application\/ld+json\" class=\"yoast-schema-graph\">{\"@context\":\"https:\\\/\\\/schema.org\",\"@graph\":[{\"@type\":\"WebPage\",\"@id\":\"https:\\\/\\\/teknologiateollisuus.fi\\\/jasenille\\\/palvelut\\\/tyosuhdepalvelut\\\/tyoelama-teknologia-alalla\\\/\",\"url\":\"https:\\\/\\\/teknologiateollisuus.fi\\\/jasenille\\\/palvelut\\\/tyosuhdepalvelut\\\/tyoelama-teknologia-alalla\\\/\",\"name\":\"Ty\u00f6el\u00e4m\u00e4 teknologia-alalla - Teknologiateollisuus - J\u00e4senille\",\"isPartOf\":{\"@id\":\"https:\\\/\\\/teknologiateollisuus.fi\\\/jasenille\\\/#website\"},\"primaryImageOfPage\":{\"@id\":\"https:\\\/\\\/teknologiateollisuus.fi\\\/jasenille\\\/palvelut\\\/tyosuhdepalvelut\\\/tyoelama-teknologia-alalla\\\/#primaryimage\"},\"image\":{\"@id\":\"https:\\\/\\\/teknologiateollisuus.fi\\\/jasenille\\\/palvelut\\\/tyosuhdepalvelut\\\/tyoelama-teknologia-alalla\\\/#primaryimage\"},\"thumbnailUrl\":\"https:\\\/\\\/teknologiateollisuus.fi\\\/jasenille\\\/wp-content\\\/uploads\\\/sites\\\/1\\\/2023\\\/12\\\/Makela-Alu-henkilostoa-vaaka-2-800x533.jpg\",\"datePublished\":\"2023-12-15T10:23:56+00:00\",\"dateModified\":\"2025-12-11T08:30:54+00:00\",\"description\":\"Hyv\u00e4 ty\u00f6el\u00e4m\u00e4 koostuu yrityksen tarpeita tukevista ty\u00f6ehdoista sek\u00e4 osallistavasta ty\u00f6kulttuurista. Tutustu ty\u00f6el\u00e4m\u00e4\u00e4n teknologia-alalla!\",\"breadcrumb\":{\"@id\":\"https:\\\/\\\/teknologiateollisuus.fi\\\/jasenille\\\/palvelut\\\/tyosuhdepalvelut\\\/tyoelama-teknologia-alalla\\\/#breadcrumb\"},\"inLanguage\":\"fi\",\"potentialAction\":[{\"@type\":\"ReadAction\",\"target\":[\"https:\\\/\\\/teknologiateollisuus.fi\\\/jasenille\\\/palvelut\\\/tyosuhdepalvelut\\\/tyoelama-teknologia-alalla\\\/\"]}]},{\"@type\":\"ImageObject\",\"inLanguage\":\"fi\",\"@id\":\"https:\\\/\\\/teknologiateollisuus.fi\\\/jasenille\\\/palvelut\\\/tyosuhdepalvelut\\\/tyoelama-teknologia-alalla\\\/#primaryimage\",\"url\":\"https:\\\/\\\/teknologiateollisuus.fi\\\/jasenille\\\/wp-content\\\/uploads\\\/sites\\\/1\\\/2023\\\/12\\\/Makela-Alu-henkilostoa-vaaka-2.jpg\",\"contentUrl\":\"https:\\\/\\\/teknologiateollisuus.fi\\\/jasenille\\\/wp-content\\\/uploads\\\/sites\\\/1\\\/2023\\\/12\\\/Makela-Alu-henkilostoa-vaaka-2.jpg\",\"width\":1920,\"height\":1280},{\"@type\":\"BreadcrumbList\",\"@id\":\"https:\\\/\\\/teknologiateollisuus.fi\\\/jasenille\\\/palvelut\\\/tyosuhdepalvelut\\\/tyoelama-teknologia-alalla\\\/#breadcrumb\",\"itemListElement\":[{\"@type\":\"ListItem\",\"position\":1,\"name\":\"Home\",\"item\":\"https:\\\/\\\/teknologiateollisuus.fi\\\/jasenille\\\/\"},{\"@type\":\"ListItem\",\"position\":2,\"name\":\"Palvelut\",\"item\":\"https:\\\/\\\/teknologiateollisuus.fi\\\/jasenille\\\/palvelut\\\/\"},{\"@type\":\"ListItem\",\"position\":3,\"name\":\"Ty\u00f6suhdepalvelut\",\"item\":\"https:\\\/\\\/teknologiateollisuus.fi\\\/jasenille\\\/palvelut\\\/tyosuhdepalvelut\\\/\"},{\"@type\":\"ListItem\",\"position\":4,\"name\":\"Ty\u00f6el\u00e4m\u00e4\"}]},{\"@type\":\"WebSite\",\"@id\":\"https:\\\/\\\/teknologiateollisuus.fi\\\/jasenille\\\/#website\",\"url\":\"https:\\\/\\\/teknologiateollisuus.fi\\\/jasenille\\\/\",\"name\":\"Teknologiateollisuus - J\u00e4senille\",\"description\":\"\",\"publisher\":{\"@id\":\"https:\\\/\\\/teknologiateollisuus.fi\\\/jasenille\\\/#organization\"},\"potentialAction\":[{\"@type\":\"SearchAction\",\"target\":{\"@type\":\"EntryPoint\",\"urlTemplate\":\"https:\\\/\\\/teknologiateollisuus.fi\\\/jasenille\\\/?s={search_term_string}\"},\"query-input\":{\"@type\":\"PropertyValueSpecification\",\"valueRequired\":true,\"valueName\":\"search_term_string\"}}],\"inLanguage\":\"fi\"},{\"@type\":\"Organization\",\"@id\":\"https:\\\/\\\/teknologiateollisuus.fi\\\/jasenille\\\/#organization\",\"name\":\"Teknologiateollisuus - J\u00e4senille\",\"url\":\"https:\\\/\\\/teknologiateollisuus.fi\\\/jasenille\\\/\",\"logo\":{\"@type\":\"ImageObject\",\"inLanguage\":\"fi\",\"@id\":\"https:\\\/\\\/teknologiateollisuus.fi\\\/jasenille\\\/#\\\/schema\\\/logo\\\/image\\\/\",\"url\":\"https:\\\/\\\/teknologiateollisuus.fi\\\/jasenille\\\/wp-content\\\/uploads\\\/sites\\\/1\\\/2023\\\/10\\\/placeholder.png\",\"contentUrl\":\"https:\\\/\\\/teknologiateollisuus.fi\\\/jasenille\\\/wp-content\\\/uploads\\\/sites\\\/1\\\/2023\\\/10\\\/placeholder.png\",\"width\":2560,\"height\":1920,\"caption\":\"Teknologiateollisuus - J\u00e4senille\"},\"image\":{\"@id\":\"https:\\\/\\\/teknologiateollisuus.fi\\\/jasenille\\\/#\\\/schema\\\/logo\\\/image\\\/\"}}]}<\/script>\n<!-- \/ Yoast SEO Premium plugin. -->","yoast_head_json":{"title":"Ty\u00f6el\u00e4m\u00e4 teknologia-alalla - Teknologiateollisuus - J\u00e4senille","description":"Hyv\u00e4 ty\u00f6el\u00e4m\u00e4 koostuu yrityksen tarpeita tukevista ty\u00f6ehdoista sek\u00e4 osallistavasta ty\u00f6kulttuurista. Tutustu ty\u00f6el\u00e4m\u00e4\u00e4n teknologia-alalla!","robots":{"index":"index","follow":"follow","max-snippet":"max-snippet:-1","max-image-preview":"max-image-preview:large","max-video-preview":"max-video-preview:-1"},"canonical":"https:\/\/teknologiateollisuus.fi\/jasenille\/palvelut\/tyosuhdepalvelut\/tyoelama-teknologia-alalla\/","og_locale":"fi_FI","og_type":"article","og_title":"Ty\u00f6el\u00e4m\u00e4","og_description":"Hyv\u00e4 ty\u00f6el\u00e4m\u00e4 koostuu yrityksen tarpeita tukevista ty\u00f6ehdoista sek\u00e4 osallistavasta ty\u00f6kulttuurista. Tutustu ty\u00f6el\u00e4m\u00e4\u00e4n teknologia-alalla!","og_url":"https:\/\/teknologiateollisuus.fi\/jasenille\/palvelut\/tyosuhdepalvelut\/tyoelama-teknologia-alalla\/","og_site_name":"Teknologiateollisuus - J\u00e4senille","article_modified_time":"2025-12-11T08:30:54+00:00","og_image":[{"url":"https:\/\/teknologiateollisuus.fi\/jasenille\/wp-content\/uploads\/sites\/1\/2023\/12\/Makela-Alu-henkilostoa-vaaka-2-800x533.jpg","type":"","width":"","height":""}],"twitter_card":"summary_large_image","twitter_misc":{"Arvioitu lukuaika":"2 minuuttia"},"schema":{"@context":"https:\/\/schema.org","@graph":[{"@type":"WebPage","@id":"https:\/\/teknologiateollisuus.fi\/jasenille\/palvelut\/tyosuhdepalvelut\/tyoelama-teknologia-alalla\/","url":"https:\/\/teknologiateollisuus.fi\/jasenille\/palvelut\/tyosuhdepalvelut\/tyoelama-teknologia-alalla\/","name":"Ty\u00f6el\u00e4m\u00e4 teknologia-alalla - Teknologiateollisuus - J\u00e4senille","isPartOf":{"@id":"https:\/\/teknologiateollisuus.fi\/jasenille\/#website"},"primaryImageOfPage":{"@id":"https:\/\/teknologiateollisuus.fi\/jasenille\/palvelut\/tyosuhdepalvelut\/tyoelama-teknologia-alalla\/#primaryimage"},"image":{"@id":"https:\/\/teknologiateollisuus.fi\/jasenille\/palvelut\/tyosuhdepalvelut\/tyoelama-teknologia-alalla\/#primaryimage"},"thumbnailUrl":"https:\/\/teknologiateollisuus.fi\/jasenille\/wp-content\/uploads\/sites\/1\/2023\/12\/Makela-Alu-henkilostoa-vaaka-2-800x533.jpg","datePublished":"2023-12-15T10:23:56+00:00","dateModified":"2025-12-11T08:30:54+00:00","description":"Hyv\u00e4 ty\u00f6el\u00e4m\u00e4 koostuu yrityksen tarpeita tukevista ty\u00f6ehdoista sek\u00e4 osallistavasta ty\u00f6kulttuurista. Tutustu ty\u00f6el\u00e4m\u00e4\u00e4n teknologia-alalla!","breadcrumb":{"@id":"https:\/\/teknologiateollisuus.fi\/jasenille\/palvelut\/tyosuhdepalvelut\/tyoelama-teknologia-alalla\/#breadcrumb"},"inLanguage":"fi","potentialAction":[{"@type":"ReadAction","target":["https:\/\/teknologiateollisuus.fi\/jasenille\/palvelut\/tyosuhdepalvelut\/tyoelama-teknologia-alalla\/"]}]},{"@type":"ImageObject","inLanguage":"fi","@id":"https:\/\/teknologiateollisuus.fi\/jasenille\/palvelut\/tyosuhdepalvelut\/tyoelama-teknologia-alalla\/#primaryimage","url":"https:\/\/teknologiateollisuus.fi\/jasenille\/wp-content\/uploads\/sites\/1\/2023\/12\/Makela-Alu-henkilostoa-vaaka-2.jpg","contentUrl":"https:\/\/teknologiateollisuus.fi\/jasenille\/wp-content\/uploads\/sites\/1\/2023\/12\/Makela-Alu-henkilostoa-vaaka-2.jpg","width":1920,"height":1280},{"@type":"BreadcrumbList","@id":"https:\/\/teknologiateollisuus.fi\/jasenille\/palvelut\/tyosuhdepalvelut\/tyoelama-teknologia-alalla\/#breadcrumb","itemListElement":[{"@type":"ListItem","position":1,"name":"Home","item":"https:\/\/teknologiateollisuus.fi\/jasenille\/"},{"@type":"ListItem","position":2,"name":"Palvelut","item":"https:\/\/teknologiateollisuus.fi\/jasenille\/palvelut\/"},{"@type":"ListItem","position":3,"name":"Ty\u00f6suhdepalvelut","item":"https:\/\/teknologiateollisuus.fi\/jasenille\/palvelut\/tyosuhdepalvelut\/"},{"@type":"ListItem","position":4,"name":"Ty\u00f6el\u00e4m\u00e4"}]},{"@type":"WebSite","@id":"https:\/\/teknologiateollisuus.fi\/jasenille\/#website","url":"https:\/\/teknologiateollisuus.fi\/jasenille\/","name":"Teknologiateollisuus - J\u00e4senille","description":"","publisher":{"@id":"https:\/\/teknologiateollisuus.fi\/jasenille\/#organization"},"potentialAction":[{"@type":"SearchAction","target":{"@type":"EntryPoint","urlTemplate":"https:\/\/teknologiateollisuus.fi\/jasenille\/?s={search_term_string}"},"query-input":{"@type":"PropertyValueSpecification","valueRequired":true,"valueName":"search_term_string"}}],"inLanguage":"fi"},{"@type":"Organization","@id":"https:\/\/teknologiateollisuus.fi\/jasenille\/#organization","name":"Teknologiateollisuus - J\u00e4senille","url":"https:\/\/teknologiateollisuus.fi\/jasenille\/","logo":{"@type":"ImageObject","inLanguage":"fi","@id":"https:\/\/teknologiateollisuus.fi\/jasenille\/#\/schema\/logo\/image\/","url":"https:\/\/teknologiateollisuus.fi\/jasenille\/wp-content\/uploads\/sites\/1\/2023\/10\/placeholder.png","contentUrl":"https:\/\/teknologiateollisuus.fi\/jasenille\/wp-content\/uploads\/sites\/1\/2023\/10\/placeholder.png","width":2560,"height":1920,"caption":"Teknologiateollisuus - J\u00e4senille"},"image":{"@id":"https:\/\/teknologiateollisuus.fi\/jasenille\/#\/schema\/logo\/image\/"}}]}},"lang":"fi","translations":{"fi":1636},"pll_sync_post":[],"_links":{"self":[{"href":"https:\/\/teknologiateollisuus.fi\/jasenille\/wp-json\/wp\/v2\/pages\/1636","targetHints":{"allow":["GET"]}}],"collection":[{"href":"https:\/\/teknologiateollisuus.fi\/jasenille\/wp-json\/wp\/v2\/pages"}],"about":[{"href":"https:\/\/teknologiateollisuus.fi\/jasenille\/wp-json\/wp\/v2\/types\/page"}],"author":[{"embeddable":true,"href":"https:\/\/teknologiateollisuus.fi\/jasenille\/wp-json\/wp\/v2\/users\/11"}],"replies":[{"embeddable":true,"href":"https:\/\/teknologiateollisuus.fi\/jasenille\/wp-json\/wp\/v2\/comments?post=1636"}],"version-history":[{"count":30,"href":"https:\/\/teknologiateollisuus.fi\/jasenille\/wp-json\/wp\/v2\/pages\/1636\/revisions"}],"predecessor-version":[{"id":28110,"href":"https:\/\/teknologiateollisuus.fi\/jasenille\/wp-json\/wp\/v2\/pages\/1636\/revisions\/28110"}],"up":[{"embeddable":true,"href":"https:\/\/teknologiateollisuus.fi\/jasenille\/wp-json\/wp\/v2\/pages\/1131"}],"wp:attachment":[{"href":"https:\/\/teknologiateollisuus.fi\/jasenille\/wp-json\/wp\/v2\/media?parent=1636"}],"curies":[{"name":"wp","href":"https:\/\/api.w.org\/{rel}","templated":true}]}}