{"id":1658,"date":"2023-12-29T14:17:07","date_gmt":"2023-12-29T12:17:07","guid":{"rendered":"https:\/\/teknologiateollisuus.fi\/jasenille\/?page_id=1658"},"modified":"2025-07-16T09:54:08","modified_gmt":"2025-07-16T06:54:08","slug":"teraspalo-ovet","status":"publish","type":"page","link":"https:\/\/teknologiateollisuus.fi\/jasenille\/palvelut\/toimialat\/teraspalo-ovet\/","title":{"rendered":"Ter\u00e4spalo-ovet"},"content":{"rendered":"\n<div class=\"em-block-hero hero-has-background-color has-background has-black-background-color collapse  \">\n\t<div class=\"em-block-hero__container\">\n\t\t<div class=\"em-block-hero__content\">\n\t\t\t<div class=\"yoast-breadcrumbs\"><span><span><a href=\"https:\/\/teknologiateollisuus.fi\/jasenille\/\">Home<\/a><\/span> <span class=\"separator\"><\/span> <span><a href=\"https:\/\/teknologiateollisuus.fi\/jasenille\/palvelut\/\">Palvelut<\/a><\/span> <span class=\"separator\"><\/span> <span><a href=\"https:\/\/teknologiateollisuus.fi\/jasenille\/palvelut\/toimialat\/\">Toimialat<\/a><\/span> <span class=\"separator\"><\/span> <span class=\"breadcrumb_last\" aria-current=\"page\">Ter\u00e4spalo-ovet<\/span><\/span><\/div>\t\t\t\n<p class=\"is-style-pre-headline\"><strong>Toimialaryhm\u00e4<\/strong><\/p>\n\n<h1 class=\"wp-block-heading\" id=\"h-teraspalo-ovet\">Ter\u00e4spalo-ovet<\/h1>\n\n<p>Keskeist\u00e4 Ter\u00e4spalo-ovet-toimialaryhm\u00e4n toiminnassa on alan teknisen ja kaupallisen kehityksen seuraaminen kansallisesti ja kansainv\u00e4lisesti sek\u00e4 pyrkimys edist\u00e4\u00e4 sit\u00e4. <\/p>\n\t\t\t<div class=\"em-block-hero__modified-date\"> P\u00e4ivitetty 16.07.2025 klo 09:54<\/div>\t\t<\/div>\n\t\t\t\t\t<figure class=\"em-block-hero__image\">\n\t\t\t\t\t\t\t<\/figure>\n\t\t\t<\/div>\n<\/div>\n\n\n\n<div class=\"wp-block-evermade-accordion em-block-accordion js-accordion-group\">\n<div class=\"wp-block-evermade-accordion-item em-block-accordion-item js-accordion-item\"><h6 class=\"em-block-accordion-item__title-wrapper\"><button class=\"em-block-accordion-item__title js-accordion-controller\">Toimialayhdistykset<\/button><\/h6><div id=\"accordion-item-content-16\" class=\"em-block-accordion-item__content js-accordion-content\">\n<p><a href=\"https:\/\/teknologiateollisuus.fi\/jasenille\/toimialat\/kaapeliteollisuus\/\" data-type=\"page\" data-id=\"1667\">Kaapeliteollisuusyhdistys<\/a><br><a href=\"https:\/\/teknologiateollisuus.fi\/jasenille\/toimialat\/kaivosteollisuus\/\" data-type=\"page\" data-id=\"1677\">Kaivosteollisuus<\/a><br><a href=\"https:\/\/teknologiateollisuus.fi\/jasenille\/toimialat\/kyberala\/\" data-type=\"page\" data-id=\"1678\">Kyberala<\/a><br><a href=\"https:\/\/teknologiateollisuus.fi\/jasenille\/toimialat\/meriteollisuus\/\" data-type=\"page\" data-id=\"1679\">Meriteollisuus<\/a><br><a href=\"https:\/\/teknologiateollisuus.fi\/jasenille\/toimialat\/metallinjalostajat\/\" data-type=\"page\" data-id=\"1680\">Metallinjalostajat<\/a><br><a href=\"https:\/\/teknologiateollisuus.fi\/jasenille\/toimialat\/mthln-tyonantajat\/\" data-type=\"page\" data-id=\"1686\">MTHL:n ty\u00f6nantajat<\/a><br><a href=\"https:\/\/teknologiateollisuus.fi\/jasenille\/toimialat\/puolustus-ja-ilmailuteollisuus\/\" data-type=\"page\" data-id=\"1687\">Puolustus- ja Ilmailuteollisuus PIA<\/a><br><a href=\"https:\/\/teknologiateollisuus.fi\/jasenille\/toimialat\/skol\/\" data-type=\"page\" data-id=\"1688\">Suunnittelu ja konsultointi<\/a><br><a href=\"https:\/\/teknologiateollisuus.fi\/jasenille\/toimialat\/sahkoinen-liikenne\/\" data-type=\"page\" data-id=\"1692\">S\u00e4hk\u00f6inen liikenne<\/a><br><a href=\"https:\/\/teknologiateollisuus.fi\/jasenille\/toimialat\/terveysteknologia\/\" data-type=\"page\" data-id=\"1695\">Terveysteknologia<\/a><br><a href=\"https:\/\/teknologiateollisuus.fi\/jasenille\/toimialat\/valimoteollisuus\/\" data-type=\"page\" data-id=\"1697\">Valimoteollisuus<\/a><\/p>\n<\/div><\/div>\n\n\n\n<div class=\"wp-block-evermade-accordion-item em-block-accordion-item js-accordion-item\"><h6 class=\"em-block-accordion-item__title-wrapper\"><button class=\"em-block-accordion-item__title js-accordion-controller\">Toimialaryhm\u00e4t<\/button><\/h6><div id=\"accordion-item-content-17\" class=\"em-block-accordion-item__content js-accordion-content\">\n<p><a href=\"https:\/\/teknologiateollisuus.fi\/jasenille\/toimialat\/alihankkijat\/\" data-type=\"page\" data-id=\"1639\">Alihankkijat<\/a><br><a href=\"https:\/\/teknologiateollisuus.fi\/jasenille\/toimialat\/alumiinituotteet\/\" data-type=\"page\" data-id=\"1640\">Alumiinituotteet<\/a><br><a href=\"https:\/\/teknologiateollisuus.fi\/jasenille\/verkostot-ja-tyoryhmat\/toimialat\/kulkuneuvot-stipendiryhma\/\">Kulkuneuvot-stipendiryhm\u00e4<\/a><br><a href=\"https:\/\/teknologiateollisuus.fi\/jasenille\/toimialat\/lampokasittely-ja-takomot\/\" data-type=\"page\" data-id=\"1008\">L\u00e4mp\u00f6k\u00e4sittely ja takomot<\/a><br><a href=\"https:\/\/teknologiateollisuus.fi\/jasenille\/toimialat\/metallintyostokoneet-ja-tuotantoautomaatio\/\" data-type=\"page\" data-id=\"1642\">Metallinty\u00f6st\u00f6koneet<\/a><br><a href=\"https:\/\/teknologiateollisuus.fi\/jasenille\/toimialat\/ohutlevytuotteet\/\" data-type=\"page\" data-id=\"1644\">Ohutlevytuotteet<\/a><br><a href=\"https:\/\/teknologiateollisuus.fi\/jasenille\/toimialat\/paikkatieto\/\" data-type=\"page\" data-id=\"1645\">Paikkatieto<\/a><br><a href=\"https:\/\/teknologiateollisuus.fi\/jasenille\/toimialat\/peravaunut-ja-paallirakenteet\/\" data-type=\"page\" data-id=\"1641\">Per\u00e4vaunut ja p\u00e4\u00e4llirakenteet<\/a><br><a href=\"https:\/\/teknologiateollisuus.fi\/jasenille\/toimialat\/polttomoottorit\/\" data-type=\"page\" data-id=\"1646\">Polttomoottorit<\/a><br><a href=\"https:\/\/teknologiateollisuus.fi\/jasenille\/toimialat\/puolijohteet\/\" data-type=\"page\" data-id=\"1643\">Puolijohteet<\/a><br><a href=\"https:\/\/teknologiateollisuus.fi\/jasenille\/toimialat\/puuntyostokoneet\/\" data-type=\"page\" data-id=\"1655\">Puunty\u00f6st\u00f6koneet<\/a><br><a href=\"https:\/\/teknologiateollisuus.fi\/jasenille\/toimialat\/rakennuskonevalmistajat\/\" data-type=\"page\" data-id=\"1656\">Rakennuskonevalmistajat<\/a><br><a href=\"https:\/\/teknologiateollisuus.fi\/jasenille\/toimialat\/teollisuusovet\/\" data-type=\"page\" data-id=\"1657\">Teollisuusovet<\/a><br><a href=\"https:\/\/teknologiateollisuus.fi\/jasenille\/toimialat\/teraspalo-ovet\/\" data-type=\"page\" data-id=\"1658\">Ter\u00e4spalo-ovet<\/a><br><a href=\"https:\/\/teknologiateollisuus.fi\/jasenille\/toimialat\/tietotekniikka\/\" data-type=\"page\" data-id=\"1659\">Tietotekniikka&nbsp;(p\u00e4\u00e4toimialaryhm\u00e4)<\/a><br><a href=\"https:\/\/teknologiateollisuus.fi\/jasenille\/toimialat\/tyovalineiden-valmistajat\/\" data-type=\"page\" data-id=\"1668\">Ty\u00f6v\u00e4lineiden valmistajat<\/a><br><a href=\"https:\/\/teknologiateollisuus.fi\/jasenille\/toimialat\/valaisinvalmistajat\/\" data-type=\"page\" data-id=\"1669\">Valaisinvalmistajat<\/a><br><a href=\"https:\/\/teknologiateollisuus.fi\/jasenille\/toimialat\/voimansiirto\/\" data-type=\"page\" data-id=\"1670\">Voimansiirto<\/a><br><a href=\"https:\/\/teknologiateollisuus.fi\/jasenille\/toimialat\/ydinenergia\/\" data-type=\"page\" data-id=\"1674\">Ydinenergia-alan toimittajat<\/a><\/p>\n<\/div><\/div>\n<\/div>\n\n\n\n<h2 class=\"wp-block-heading\" id=\"h-toimialaryhman-paatehtavat\" id=\"toimialaryhman-paatehtavat\">Toimialaryhm\u00e4n p\u00e4\u00e4teht\u00e4v\u00e4t<\/h2>\n\n\n\n<ul class=\"wp-block-list is-style-default\">\n<li>Seurata alan teknist\u00e4 ja kaupallista kehittymist\u00e4.<\/li>\n\n\n\n<li>Toimia kokemustenvaihdon ja keskustelun foorumina alaan liittyvist\u00e4 asioista.<\/li>\n\n\n\n<li>Pit\u00e4\u00e4 yhteytt\u00e4 alan t\u00e4rkeisiin sidosryhmiin.<\/li>\n\n\n\n<li>Ryhm\u00e4n j\u00e4senet osallistuvat alan standardisoimisty\u00f6h\u00f6n.<\/li>\n<\/ul>\n\n\n\n<p>Ryhm\u00e4n edustajat osallistuvat alan standardisoimisty\u00f6h\u00f6n ja informoivat ty\u00f6n etenemisest\u00e4 CENiss\u00e4. Ryhm\u00e4 toimii kokemustenvaihto- ja keskustelufoorumina kaikissa alaan liittyviss\u00e4 ongelmissa sek\u00e4 edist\u00e4\u00e4 ja kehitt\u00e4\u00e4 j\u00e4sentens\u00e4 v\u00e4list\u00e4 yhteistoimintaa.<\/p>\n\n\n\n<p>Se pit\u00e4\u00e4 yhteytt\u00e4 alan kannalta t\u00e4rkeisiin viranomaisiin ja sidosryhmiin, mm. ymp\u00e4rist\u00f6ministeri\u00f6\u00f6n, ty\u00f6- ja elinkeinoministeri\u00f6\u00f6n, sosiaali- ja terveysministeri\u00f6\u00f6n, Turvallisuus- ja kemikaalivirastoon (Tukes) sek\u00e4 tarkastuslaitoksiin. P\u00e4\u00e4m\u00e4\u00e4r\u00e4n\u00e4 on alan kokonaisvaltainen kehitt\u00e4minen.<\/p>\n\n\n\n<div class=\"wp-block-scb-columns scb-columns  has-mobile-behavior--stacked has-columns-1 em-pattern-event-contacts\">\n<div class=\"wp-block-scb-column scb-column is-scale-cover\">\n<h2 class=\"wp-block-heading\" id=\"h-kysyttavaa-jasenasioista\" id=\"kysyttavaa-jasenasioista\">Kysytt\u00e4v\u00e4\u00e4 j\u00e4senasioista?<\/h2>\n\n\n\n<article class=\"em-block-contact-card is-style-list\">\n\n\t<div class=\"em-block-contact-card__image\">\n\t\t\t\t\t<img loading=\"lazy\" decoding=\"async\" width=\"300\" height=\"400\" src=\"https:\/\/teknologiateollisuus.fi\/jasenille\/wp-content\/uploads\/2024\/05\/phpr76ntc.jpg\" class=\"attachment-portrait size-portrait\" alt=\"\" \/>\t\t\t<\/div>\n\t<div class=\"em-block-contact-card__content-wrapper\">\n\t\t<div class=\"em-block-contact-card__content\">\n\t\t\t\t\t\t\t<div class=\"em-block-contact-card__business-units\">\n\t\t\t\t\t\t\t\t\t\t\t<span class=\"em-block-contact-card__business-unit\">Toimialat ja liiketoiminnan jatkuvuus<\/span>\n\t\t\t\t\t\t\t\t\t<\/div>\n\t\t\t\t\t\t<h3 class=\"em-block-contact-card__title\"><a target=\"_self\" href=\"https:\/\/teknologiateollisuus.fi\/?p=995\">Savela Anne<\/a><\/h3>\n\t\t\t\t\t\t\t<span class=\"em-block-contact-card__job_title\">Asiantuntija &#8211; Toimialaryhm\u00e4t<\/span>\n\t\t\t\t\t\t\t\t\t\t<span class=\"em-block-contact-card__organisation\">Teknologiateollisuus ry<\/span>\n\t\t\t\t\t<\/div>\n\t\t<div class=\"em-block-contact-card__content\">\n\t\t\t\t\t\t<address class=\"em-block-contact-card__contact-details\">\n\t\t\t\t\t\t\t\t\t<span class=\"em-block-contact-card__phone\">\n\t\t\t\t\t\t<a href=\"tel:+358 407778005\">+358 407778005<\/a><\/a>\n\t\t\t\t\t<\/span>\n\t\t\t\t\t\t\t\t\t\t\t\t\t<span class=\"em-block-contact-card__email\">\n\t\t\t\t\t\t<a href=\"mailto:anne.savela@teknologiateollisuus.fi\">anne.savela@teknologiateollisuus.fi<\/a><\/a>\n\t\t\t\t\t<\/span>\n\t\t\t\t\t\t\t<\/address>\n\t\t\t\t\t<\/div>\n\t<\/div>\n\n<\/article>\n<\/div>\n\n\n\n<div class=\"wp-block-scb-column scb-column is-scale-cover\">\n<p>Toimialaryhm\u00e4n sihteeri antaa lis\u00e4tietoja toimialan j\u00e4senyyteen liittyviss\u00e4 asioissa. Toimialaryhm\u00e4n muut tiedot ja j\u00e4senluettelo l\u00f6ytyv\u00e4t alla olevista pudotusvalikoista.<\/p>\n\n\n\n<div class=\"wp-block-evermade-accordion em-block-accordion js-accordion-group\">\n<div class=\"wp-block-evermade-accordion-item em-block-accordion-item js-accordion-item\"><h6 class=\"em-block-accordion-item__title-wrapper\"><button class=\"em-block-accordion-item__title js-accordion-controller\">J\u00e4senet<\/button><\/h6><div id=\"accordion-item-content-12\" class=\"em-block-accordion-item__content js-accordion-content\">\n<p>Assa Abloy Entrance Systems Finland Oy<br>Forssan Metallity\u00f6t Oy<br>KONE Oyj<br>Mesvac Oy<br>Ovitor Oy<br>Pur-ait Oy<br>Rautarakenne Leivo Ky<br>Saajos Oy<br>Tarvasjoen Ter\u00e4sovi Oy<br>Turner-Door Oy<br>Vasmet Oy<\/p>\n<\/div><\/div>\n\n\n\n<div class=\"wp-block-evermade-accordion-item em-block-accordion-item js-accordion-item\"><h6 class=\"em-block-accordion-item__title-wrapper\"><button class=\"em-block-accordion-item__title js-accordion-controller\">Toimialaryhm\u00e4n yhteystiedot<\/button><\/h6><div id=\"accordion-item-content-13\" class=\"em-block-accordion-item__content js-accordion-content\">\n<p><strong>Puheenjohtaja<\/strong><br>Ari Ketonen, Kone Oyj, puheenjohtaja<br>S\u00e4hk\u00f6posti:&nbsp;<a href=\"mailto:etunimi.sukunimi@kone.com\">etunimi.sukunimi@kone.com<\/a><\/p>\n\n\n\n<p><strong>Varapuheenjohtaja<\/strong><br>Jouni Haapaniemi,Forssan Metallity\u00f6t Oy<br><a href=\"mailto:etunimi.sukunimi@forssanmetallityot.fi\">etunimi.sukunimi@forssanmetallityot.fi<\/a><\/p>\n<\/div><\/div>\n<\/div>\n<\/div>\n\n\n\n<div class=\"wp-block-scb-column scb-column is-scale-cover\">\n<h3 class=\"wp-block-heading\" id=\"h-jasenmaksu\" id=\"jasenmaksu\">J\u00e4senmaksu<\/h3>\n\n\n\n<p class=\" mt-xs\">Toimialaryhm\u00e4ll\u00e4 ei ole j\u00e4senmaksua. Mik\u00e4li toimialaryhm\u00e4 p\u00e4\u00e4tt\u00e4\u00e4 tekev\u00e4ns\u00e4 toimintoja, jotka ylitt\u00e4v\u00e4t toimintabudjetin, sovitaan kustannusten jakamisesta j\u00e4senten kesken erikseen.<\/p>\n<\/div>\n<\/div>\n","protected":false},"excerpt":{"rendered":"<p>Toimialaryhm\u00e4n p\u00e4\u00e4teht\u00e4v\u00e4t Ryhm\u00e4n edustajat osallistuvat alan standardisoimisty\u00f6h\u00f6n ja informoivat ty\u00f6n etenemisest\u00e4 CENiss\u00e4. Ryhm\u00e4 toimii kokemustenvaihto- ja keskustelufoorumina kaikissa alaan liittyviss\u00e4 ongelmissa sek\u00e4 edist\u00e4\u00e4 ja kehitt\u00e4\u00e4 j\u00e4sentens\u00e4 v\u00e4list\u00e4 yhteistoimintaa. Se pit\u00e4\u00e4 yhteytt\u00e4 alan kannalta t\u00e4rkeisiin viranomaisiin ja sidosryhmiin, mm. ymp\u00e4rist\u00f6ministeri\u00f6\u00f6n, ty\u00f6- ja elinkeinoministeri\u00f6\u00f6n, sosiaali- ja terveysministeri\u00f6\u00f6n, Turvallisuus- ja kemikaalivirastoon (Tukes) sek\u00e4 tarkastuslaitoksiin. P\u00e4\u00e4m\u00e4\u00e4r\u00e4n\u00e4 on alan kokonaisvaltainen [&hellip;]<\/p>\n","protected":false},"author":7,"featured_media":0,"parent":2080,"menu_order":0,"comment_status":"closed","ping_status":"closed","template":"","meta":{"_acf_changed":false,"_relevanssi_hide_post":"","_relevanssi_hide_content":"","_relevanssi_pin_for_all":"","_relevanssi_pin_keywords":"","_relevanssi_unpin_keywords":"","_relevanssi_related_keywords":"","_relevanssi_related_include_ids":"","_relevanssi_related_exclude_ids":"","_relevanssi_related_no_append":"","_relevanssi_related_not_related":"","_relevanssi_related_posts":"169,1417,167,165,168,166","_relevanssi_noindex_reason":"","inline_featured_image":false,"growthstack-ab-test":[],"growthstack-ab-test-views":[],"footnotes":""},"class_list":["post-1658","page","type-page","status-publish","hentry"],"acf":{"is_store_related":false,"locked":false},"yoast_head":"<!-- This site is optimized with the Yoast SEO Premium plugin v27.1 (Yoast SEO v27.3) - https:\/\/yoast.com\/product\/yoast-seo-premium-wordpress\/ -->\n<title>Ter\u00e4spalo-ovet - Teknologiateollisuus - J\u00e4senille<\/title>\n<meta name=\"description\" content=\"Ter\u00e4spalo-ovet-toimialaryhm\u00e4 edist\u00e4\u00e4 alan teknist\u00e4 ja kaupallista kehityst\u00e4. Lue lis\u00e4\u00e4 ja tutustu toimialaryhm\u00e4n toimintaan!\" \/>\n<meta name=\"robots\" content=\"index, follow, max-snippet:-1, max-image-preview:large, max-video-preview:-1\" \/>\n<link rel=\"canonical\" href=\"https:\/\/teknologiateollisuus.fi\/jasenille\/palvelut\/toimialat\/teraspalo-ovet\/\" \/>\n<meta property=\"og:locale\" content=\"fi_FI\" \/>\n<meta property=\"og:type\" content=\"article\" \/>\n<meta property=\"og:title\" content=\"Ter\u00e4spalo-ovet\" \/>\n<meta property=\"og:description\" content=\"Ter\u00e4spalo-ovet-toimialaryhm\u00e4 edist\u00e4\u00e4 alan teknist\u00e4 ja kaupallista kehityst\u00e4. Lue lis\u00e4\u00e4 ja tutustu toimialaryhm\u00e4n toimintaan!\" \/>\n<meta property=\"og:url\" content=\"https:\/\/teknologiateollisuus.fi\/jasenille\/palvelut\/toimialat\/teraspalo-ovet\/\" \/>\n<meta property=\"og:site_name\" content=\"Teknologiateollisuus - J\u00e4senille\" \/>\n<meta property=\"article:modified_time\" content=\"2025-07-16T06:54:08+00:00\" \/>\n<meta name=\"twitter:card\" content=\"summary_large_image\" \/>\n<meta name=\"twitter:label1\" content=\"Arvioitu lukuaika\" \/>\n\t<meta name=\"twitter:data1\" content=\"2 minuuttia\" \/>\n<script type=\"application\/ld+json\" class=\"yoast-schema-graph\">{\"@context\":\"https:\\\/\\\/schema.org\",\"@graph\":[{\"@type\":\"WebPage\",\"@id\":\"https:\\\/\\\/teknologiateollisuus.fi\\\/jasenille\\\/palvelut\\\/toimialat\\\/teraspalo-ovet\\\/\",\"url\":\"https:\\\/\\\/teknologiateollisuus.fi\\\/jasenille\\\/palvelut\\\/toimialat\\\/teraspalo-ovet\\\/\",\"name\":\"Ter\u00e4spalo-ovet - Teknologiateollisuus - J\u00e4senille\",\"isPartOf\":{\"@id\":\"https:\\\/\\\/teknologiateollisuus.fi\\\/jasenille\\\/#website\"},\"datePublished\":\"2023-12-29T12:17:07+00:00\",\"dateModified\":\"2025-07-16T06:54:08+00:00\",\"description\":\"Ter\u00e4spalo-ovet-toimialaryhm\u00e4 edist\u00e4\u00e4 alan teknist\u00e4 ja kaupallista kehityst\u00e4. Lue lis\u00e4\u00e4 ja tutustu toimialaryhm\u00e4n toimintaan!\",\"breadcrumb\":{\"@id\":\"https:\\\/\\\/teknologiateollisuus.fi\\\/jasenille\\\/palvelut\\\/toimialat\\\/teraspalo-ovet\\\/#breadcrumb\"},\"inLanguage\":\"fi\",\"potentialAction\":[{\"@type\":\"ReadAction\",\"target\":[\"https:\\\/\\\/teknologiateollisuus.fi\\\/jasenille\\\/palvelut\\\/toimialat\\\/teraspalo-ovet\\\/\"]}]},{\"@type\":\"BreadcrumbList\",\"@id\":\"https:\\\/\\\/teknologiateollisuus.fi\\\/jasenille\\\/palvelut\\\/toimialat\\\/teraspalo-ovet\\\/#breadcrumb\",\"itemListElement\":[{\"@type\":\"ListItem\",\"position\":1,\"name\":\"Home\",\"item\":\"https:\\\/\\\/teknologiateollisuus.fi\\\/jasenille\\\/\"},{\"@type\":\"ListItem\",\"position\":2,\"name\":\"Palvelut\",\"item\":\"https:\\\/\\\/teknologiateollisuus.fi\\\/jasenille\\\/palvelut\\\/\"},{\"@type\":\"ListItem\",\"position\":3,\"name\":\"Toimialat\",\"item\":\"https:\\\/\\\/teknologiateollisuus.fi\\\/jasenille\\\/palvelut\\\/toimialat\\\/\"},{\"@type\":\"ListItem\",\"position\":4,\"name\":\"Ter\u00e4spalo-ovet\"}]},{\"@type\":\"WebSite\",\"@id\":\"https:\\\/\\\/teknologiateollisuus.fi\\\/jasenille\\\/#website\",\"url\":\"https:\\\/\\\/teknologiateollisuus.fi\\\/jasenille\\\/\",\"name\":\"Teknologiateollisuus - J\u00e4senille\",\"description\":\"\",\"publisher\":{\"@id\":\"https:\\\/\\\/teknologiateollisuus.fi\\\/jasenille\\\/#organization\"},\"potentialAction\":[{\"@type\":\"SearchAction\",\"target\":{\"@type\":\"EntryPoint\",\"urlTemplate\":\"https:\\\/\\\/teknologiateollisuus.fi\\\/jasenille\\\/?s={search_term_string}\"},\"query-input\":{\"@type\":\"PropertyValueSpecification\",\"valueRequired\":true,\"valueName\":\"search_term_string\"}}],\"inLanguage\":\"fi\"},{\"@type\":\"Organization\",\"@id\":\"https:\\\/\\\/teknologiateollisuus.fi\\\/jasenille\\\/#organization\",\"name\":\"Teknologiateollisuus - J\u00e4senille\",\"url\":\"https:\\\/\\\/teknologiateollisuus.fi\\\/jasenille\\\/\",\"logo\":{\"@type\":\"ImageObject\",\"inLanguage\":\"fi\",\"@id\":\"https:\\\/\\\/teknologiateollisuus.fi\\\/jasenille\\\/#\\\/schema\\\/logo\\\/image\\\/\",\"url\":\"https:\\\/\\\/teknologiateollisuus.fi\\\/jasenille\\\/wp-content\\\/uploads\\\/sites\\\/1\\\/2023\\\/10\\\/placeholder.png\",\"contentUrl\":\"https:\\\/\\\/teknologiateollisuus.fi\\\/jasenille\\\/wp-content\\\/uploads\\\/sites\\\/1\\\/2023\\\/10\\\/placeholder.png\",\"width\":2560,\"height\":1920,\"caption\":\"Teknologiateollisuus - J\u00e4senille\"},\"image\":{\"@id\":\"https:\\\/\\\/teknologiateollisuus.fi\\\/jasenille\\\/#\\\/schema\\\/logo\\\/image\\\/\"}}]}<\/script>\n<!-- \/ Yoast SEO Premium plugin. -->","yoast_head_json":{"title":"Ter\u00e4spalo-ovet - Teknologiateollisuus - J\u00e4senille","description":"Ter\u00e4spalo-ovet-toimialaryhm\u00e4 edist\u00e4\u00e4 alan teknist\u00e4 ja kaupallista kehityst\u00e4. Lue lis\u00e4\u00e4 ja tutustu toimialaryhm\u00e4n toimintaan!","robots":{"index":"index","follow":"follow","max-snippet":"max-snippet:-1","max-image-preview":"max-image-preview:large","max-video-preview":"max-video-preview:-1"},"canonical":"https:\/\/teknologiateollisuus.fi\/jasenille\/palvelut\/toimialat\/teraspalo-ovet\/","og_locale":"fi_FI","og_type":"article","og_title":"Ter\u00e4spalo-ovet","og_description":"Ter\u00e4spalo-ovet-toimialaryhm\u00e4 edist\u00e4\u00e4 alan teknist\u00e4 ja kaupallista kehityst\u00e4. Lue lis\u00e4\u00e4 ja tutustu toimialaryhm\u00e4n toimintaan!","og_url":"https:\/\/teknologiateollisuus.fi\/jasenille\/palvelut\/toimialat\/teraspalo-ovet\/","og_site_name":"Teknologiateollisuus - J\u00e4senille","article_modified_time":"2025-07-16T06:54:08+00:00","twitter_card":"summary_large_image","twitter_misc":{"Arvioitu lukuaika":"2 minuuttia"},"schema":{"@context":"https:\/\/schema.org","@graph":[{"@type":"WebPage","@id":"https:\/\/teknologiateollisuus.fi\/jasenille\/palvelut\/toimialat\/teraspalo-ovet\/","url":"https:\/\/teknologiateollisuus.fi\/jasenille\/palvelut\/toimialat\/teraspalo-ovet\/","name":"Ter\u00e4spalo-ovet - Teknologiateollisuus - J\u00e4senille","isPartOf":{"@id":"https:\/\/teknologiateollisuus.fi\/jasenille\/#website"},"datePublished":"2023-12-29T12:17:07+00:00","dateModified":"2025-07-16T06:54:08+00:00","description":"Ter\u00e4spalo-ovet-toimialaryhm\u00e4 edist\u00e4\u00e4 alan teknist\u00e4 ja kaupallista kehityst\u00e4. Lue lis\u00e4\u00e4 ja tutustu toimialaryhm\u00e4n toimintaan!","breadcrumb":{"@id":"https:\/\/teknologiateollisuus.fi\/jasenille\/palvelut\/toimialat\/teraspalo-ovet\/#breadcrumb"},"inLanguage":"fi","potentialAction":[{"@type":"ReadAction","target":["https:\/\/teknologiateollisuus.fi\/jasenille\/palvelut\/toimialat\/teraspalo-ovet\/"]}]},{"@type":"BreadcrumbList","@id":"https:\/\/teknologiateollisuus.fi\/jasenille\/palvelut\/toimialat\/teraspalo-ovet\/#breadcrumb","itemListElement":[{"@type":"ListItem","position":1,"name":"Home","item":"https:\/\/teknologiateollisuus.fi\/jasenille\/"},{"@type":"ListItem","position":2,"name":"Palvelut","item":"https:\/\/teknologiateollisuus.fi\/jasenille\/palvelut\/"},{"@type":"ListItem","position":3,"name":"Toimialat","item":"https:\/\/teknologiateollisuus.fi\/jasenille\/palvelut\/toimialat\/"},{"@type":"ListItem","position":4,"name":"Ter\u00e4spalo-ovet"}]},{"@type":"WebSite","@id":"https:\/\/teknologiateollisuus.fi\/jasenille\/#website","url":"https:\/\/teknologiateollisuus.fi\/jasenille\/","name":"Teknologiateollisuus - J\u00e4senille","description":"","publisher":{"@id":"https:\/\/teknologiateollisuus.fi\/jasenille\/#organization"},"potentialAction":[{"@type":"SearchAction","target":{"@type":"EntryPoint","urlTemplate":"https:\/\/teknologiateollisuus.fi\/jasenille\/?s={search_term_string}"},"query-input":{"@type":"PropertyValueSpecification","valueRequired":true,"valueName":"search_term_string"}}],"inLanguage":"fi"},{"@type":"Organization","@id":"https:\/\/teknologiateollisuus.fi\/jasenille\/#organization","name":"Teknologiateollisuus - J\u00e4senille","url":"https:\/\/teknologiateollisuus.fi\/jasenille\/","logo":{"@type":"ImageObject","inLanguage":"fi","@id":"https:\/\/teknologiateollisuus.fi\/jasenille\/#\/schema\/logo\/image\/","url":"https:\/\/teknologiateollisuus.fi\/jasenille\/wp-content\/uploads\/sites\/1\/2023\/10\/placeholder.png","contentUrl":"https:\/\/teknologiateollisuus.fi\/jasenille\/wp-content\/uploads\/sites\/1\/2023\/10\/placeholder.png","width":2560,"height":1920,"caption":"Teknologiateollisuus - J\u00e4senille"},"image":{"@id":"https:\/\/teknologiateollisuus.fi\/jasenille\/#\/schema\/logo\/image\/"}}]}},"lang":"fi","translations":{"fi":1658},"pll_sync_post":[],"_links":{"self":[{"href":"https:\/\/teknologiateollisuus.fi\/jasenille\/wp-json\/wp\/v2\/pages\/1658","targetHints":{"allow":["GET"]}}],"collection":[{"href":"https:\/\/teknologiateollisuus.fi\/jasenille\/wp-json\/wp\/v2\/pages"}],"about":[{"href":"https:\/\/teknologiateollisuus.fi\/jasenille\/wp-json\/wp\/v2\/types\/page"}],"author":[{"embeddable":true,"href":"https:\/\/teknologiateollisuus.fi\/jasenille\/wp-json\/wp\/v2\/users\/7"}],"replies":[{"embeddable":true,"href":"https:\/\/teknologiateollisuus.fi\/jasenille\/wp-json\/wp\/v2\/comments?post=1658"}],"version-history":[{"count":11,"href":"https:\/\/teknologiateollisuus.fi\/jasenille\/wp-json\/wp\/v2\/pages\/1658\/revisions"}],"predecessor-version":[{"id":27214,"href":"https:\/\/teknologiateollisuus.fi\/jasenille\/wp-json\/wp\/v2\/pages\/1658\/revisions\/27214"}],"up":[{"embeddable":true,"href":"https:\/\/teknologiateollisuus.fi\/jasenille\/wp-json\/wp\/v2\/pages\/2080"}],"wp:attachment":[{"href":"https:\/\/teknologiateollisuus.fi\/jasenille\/wp-json\/wp\/v2\/media?parent=1658"}],"curies":[{"name":"wp","href":"https:\/\/api.w.org\/{rel}","templated":true}]}}