{"id":1667,"date":"2023-12-22T11:55:25","date_gmt":"2023-12-22T09:55:25","guid":{"rendered":"https:\/\/teknologiateollisuus.fi\/jasenille\/?page_id=1667"},"modified":"2025-09-30T16:04:17","modified_gmt":"2025-09-30T13:04:17","slug":"kaapeliteollisuus","status":"publish","type":"page","link":"https:\/\/teknologiateollisuus.fi\/jasenille\/palvelut\/toimialat\/kaapeliteollisuus\/","title":{"rendered":"Kaapeliteollisuus"},"content":{"rendered":"\n<div class=\"em-block-hero hero-has-background-color has-background has-black-background-color collapse  \">\n\t<div class=\"em-block-hero__container\">\n\t\t<div class=\"em-block-hero__content\">\n\t\t\t<div class=\"yoast-breadcrumbs\"><span><span><a href=\"https:\/\/teknologiateollisuus.fi\/jasenille\/\">Home<\/a><\/span> <span class=\"separator\"><\/span> <span><a href=\"https:\/\/teknologiateollisuus.fi\/jasenille\/palvelut\/\">Palvelut<\/a><\/span> <span class=\"separator\"><\/span> <span><a href=\"https:\/\/teknologiateollisuus.fi\/jasenille\/palvelut\/toimialat\/\">Toimialat<\/a><\/span> <span class=\"separator\"><\/span> <span class=\"breadcrumb_last\" aria-current=\"page\">Kaapeliteollisuus<\/span><\/span><\/div>\t\t\t\n<p class=\"is-style-pre-headline\"><strong>Toimialayhdistys<\/strong><\/p>\n\n<h1 class=\"wp-block-heading\" id=\"h-kaapeliteollisuusyhdistys\">Kaapeliteollisuusyhdistys<\/h1>\n\n<p>Kaapeliteollisuusyhdistys ry on suomalaisen kaapeliteollisuuden toimialaj\u00e4rjest\u00f6, joka edustaa alan etuja ja vaikuttaa sen kehitykseen.<\/p>\n\t\t\t<div class=\"em-block-hero__modified-date\"> P\u00e4ivitetty 30.09.2025 klo 16:04<\/div>\t\t<\/div>\n\t\t\t\t\t<figure class=\"em-block-hero__image\">\n\t\t\t\t\t\t\t<\/figure>\n\t\t\t<\/div>\n<\/div>\n\n\n\n<div class=\"wp-block-evermade-accordion em-block-accordion js-accordion-group\">\n<div class=\"wp-block-evermade-accordion-item em-block-accordion-item js-accordion-item\"><h6 class=\"em-block-accordion-item__title-wrapper\"><button class=\"em-block-accordion-item__title js-accordion-controller\">Toimialayhdistykset<\/button><\/h6><div id=\"accordion-item-content-0\" class=\"em-block-accordion-item__content js-accordion-content\">\n<p><a href=\"https:\/\/teknologiateollisuus.fi\/jasenille\/toimialat\/kaapeliteollisuus\/\">Kaapeliteollisuus<\/a><br><a href=\"https:\/\/teknologiateollisuus.fi\/jasenille\/toimialat\/kaivosteollisuus\/\">Kaivosteollisuus<\/a><br><a href=\"https:\/\/teknologiateollisuus.fi\/jasenille\/toimialat\/kyberala\/\">Kyberala<\/a><br><a href=\"https:\/\/teknologiateollisuus.fi\/jasenille\/toimialat\/meriteollisuus\/\">Meriteollisuus<\/a><br><a href=\"https:\/\/teknologiateollisuus.fi\/jasenille\/toimialat\/metallinjalostajat\/\">Metallinjalostajat<\/a><br><a href=\"https:\/\/teknologiateollisuus.fi\/jasenille\/verkostot-ja-tyoryhmat\/toimialat\/mthln-tyonantajat\/\">MTHL:n ty\u00f6nantajat<\/a><br><a href=\"https:\/\/teknologiateollisuus.fi\/jasenille\/toimialat\/puolustus-ja-ilmailuteollisuus\/\">Puolustus- ja Ilmailuteollisuus PIA<\/a><br><a href=\"https:\/\/teknologiateollisuus.fi\/jasenille\/toimialat\/skol\/\">SKOL<\/a><br><a href=\"https:\/\/teknologiateollisuus.fi\/jasenille\/toimialat\/sahkoinen-liikenne\/\">S\u00e4hk\u00f6inen liikenne<\/a><br><a href=\"https:\/\/teknologiateollisuus.fi\/jasenille\/toimialat\/terveysteknologia\/\">Terveysteknologia<\/a><br><a href=\"https:\/\/teknologiateollisuus.fi\/jasenille\/toimialat\/valimoteollisuus\/\">Valimoteollisuus<\/a><\/p>\n<\/div><\/div>\n\n\n\n<div class=\"wp-block-evermade-accordion-item em-block-accordion-item js-accordion-item\"><h6 class=\"em-block-accordion-item__title-wrapper\"><button class=\"em-block-accordion-item__title js-accordion-controller\">Toimialaryhm\u00e4t<\/button><\/h6><div id=\"accordion-item-content-1\" class=\"em-block-accordion-item__content js-accordion-content\">\n<p><a href=\"https:\/\/teknologiateollisuus.fi\/jasenille\/toimialat\/alihankkijat\/\">Alihankkijat<\/a><br><a href=\"https:\/\/teknologiateollisuus.fi\/jasenille\/toimialat\/alumiinituotteet\/\">Alumiinituotteet<\/a><br><a href=\"https:\/\/teknologiateollisuus.fi\/jasenille\/toimialat\/lampokasittely-ja-takomot\/\">L\u00e4mp\u00f6k\u00e4sittely ja takomot<\/a><br><a href=\"https:\/\/teknologiateollisuus.fi\/jasenille\/toimialat\/metallintyostokoneet-ja-tuotantoautomaatio\/\">Metallinty\u00f6st\u00f6koneet<\/a><br><a href=\"https:\/\/teknologiateollisuus.fi\/jasenille\/toimialat\/ohutlevytuotteet\/\">Ohutlevytuotteet<\/a><br><a href=\"https:\/\/teknologiateollisuus.fi\/jasenille\/toimialat\/paikkatieto\/\">Paikkatieto<\/a><br><a href=\"https:\/\/teknologiateollisuus.fi\/jasenille\/toimialat\/peravaunut-ja-paallirakenteet\/\">Per\u00e4vaunut ja p\u00e4\u00e4llirakenteet<\/a><br><a href=\"https:\/\/teknologiateollisuus.fi\/jasenille\/toimialat\/polttomoottorit\/\">Polttomoottorit<\/a><br><a href=\"https:\/\/teknologiateollisuus.fi\/jasenille\/toimialat\/puolijohteet\/\">Puolijohteet<\/a><br><a href=\"https:\/\/teknologiateollisuus.fi\/jasenille\/toimialat\/puuntyostokoneet\/\">Puunty\u00f6st\u00f6koneet<\/a><br><a href=\"https:\/\/teknologiateollisuus.fi\/jasenille\/toimialat\/rakennuskonevalmistajat\/\">Rakennuskonevalmistajat<\/a><br><a href=\"https:\/\/teknologiateollisuus.fi\/jasenille\/toimialat\/teollisuusovet\/\">Teollisuusovet<\/a><br><a href=\"https:\/\/teknologiateollisuus.fi\/jasenille\/toimialat\/teraspalo-ovet\/\">Ter\u00e4spalo-ovet<\/a><br><a href=\"https:\/\/teknologiateollisuus.fi\/jasenille\/toimialat\/tietotekniikka\/\">Tietotekniikka&nbsp;(p\u00e4\u00e4toimiaryhm\u00e4)<\/a><br><a href=\"https:\/\/teknologiateollisuus.fi\/jasenille\/toimialat\/tyovalineiden-valmistajat\/\">Ty\u00f6v\u00e4lineiden valmistajat<\/a><br><a href=\"https:\/\/teknologiateollisuus.fi\/jasenille\/toimialat\/valaisinvalmistajat\/\">Valaisinvalmistajat<\/a><br><a href=\"https:\/\/teknologiateollisuus.fi\/jasenille\/toimialat\/voimansiirto\/\">Voimansiirto<\/a><br><a href=\"https:\/\/teknologiateollisuus.fi\/jasenille\/toimialat\/ydinenergia\/\">Ydinenergia-alan toimittajat<\/a><\/p>\n<\/div><\/div>\n<\/div>\n\n\n\n<p>Suomalainen kaapeliteollisuus on yli 90-vuotias toimiala, joka on ollut mukana rakentamassa Suomen s\u00e4hk\u00f6ist\u00e4 ja digitaalista infrastruktuuria. Kaapeliteollisuus valmistaa erilaisia kaapeleita, jotka mahdollistavat energian- ja tiedonsiirron eri ymp\u00e4rist\u00f6iss\u00e4 ja olosuhteissa.<\/p>\n\n\n\n<p>Kaapeliteollisuus on my\u00f6s innovatiivinen ja kansainv\u00e4linen ala, joka kehitt\u00e4\u00e4 uusia tuotteita ja ratkaisuja teko\u00e4lyn, ymp\u00e4rist\u00f6n ja turvallisuuden saralla. <\/p>\n\n\n\n<h2 class=\"wp-block-heading\" id=\"h-toimialayhdistyksen-paatehtavat\" id=\"toimialayhdistyksen-paatehtavat\">Toimialayhdistyksen p\u00e4\u00e4teht\u00e4v\u00e4t<\/h2>\n\n\n\n<ul class=\"wp-block-list is-style-default\">\n<li>Valvoa j\u00e4sentens\u00e4 yleisi\u00e4 yhteisi\u00e4 etuja kansallisesti ja kansainv\u00e4lisesti<\/li>\n\n\n\n<li>EU lains\u00e4\u00e4d\u00e4nt\u00f6\u00f6n vaikuttaminen EuropaCablen kautta<\/li>\n\n\n\n<li>Standardointi<\/li>\n<\/ul>\n\n\n\n<h2 class=\"wp-block-heading\" id=\"h-toimialayhdistyksen-toiminta-ja-vaikuttaminen\" id=\"toimialayhdistyksen-toiminta-ja-vaikuttaminen\">Toimialayhdistyksen toiminta ja vaikuttaminen<\/h2>\n\n\n\n<h3 class=\"wp-block-heading\" id=\"h-1-ymparistoarvot\" id=\"1-ymparistoarvot\">1. Ymp\u00e4rist\u00f6arvot<\/h3>\n\n\n\n<p>Maailmanlaajuisesta n\u00e4k\u00f6kulmasta Eurooppa on ymp\u00e4rist\u00f6politiikan eturintamassa. Kaapeliteollisuusyhdistyksen j\u00e4senet ovat asettaneet omat ymp\u00e4rist\u00f6periaatteensa. T\u00e4m\u00e4 tarkoittaa ett\u00e4 ymp\u00e4rist\u00f6asioihin paneudutaan kaapelin suunnittelussa, valmistuksessa, k\u00e4yt\u00f6ss\u00e4 ja kierr\u00e4tyksess\u00e4.<\/p>\n\n\n\n<p>Ymp\u00e4rist\u00f6vaatimukset eiv\u00e4t kuitenkaan saa olla ristiriidassa tuotteen turvallisuuden ja suorituskyvyn kanssa.<\/p>\n\n\n\n<h3 class=\"wp-block-heading\" id=\"h-2-kaapelikelojen-kierratys\" id=\"2-kaapelikelojen-kierratys\">2. Kaapelikelojen kierr\u00e4tys<\/h3>\n\n\n\n<p>Kaapelikeloja k\u00e4ytet\u00e4\u00e4n kaapeleiden k\u00e4sittelyss\u00e4, varastoimisessa ja kuljettamisessa. N\u00e4in ollen kaapelikela on pakkausj\u00e4tedirektiivin mukaan pakkausmateriaali&nbsp;ja n\u00e4in ollen keloille on asetettu kierr\u00e4tys- ja hy\u00f6dynt\u00e4mistavoitteet.<\/p>\n\n\n\n<p>Kaapeliteollisuusyhdistyksen j\u00e4senet ovat kehitt\u00e4neet omia kaapelikelojen logistiikkaj\u00e4rjestelmi\u00e4, joilla hoidetaan kaapelikelojen uudelleenk\u00e4ytt\u00f6\u00e4, hy\u00f6dynt\u00e4mist\u00e4 ja kierr\u00e4tyst\u00e4 ymp\u00e4rist\u00f6lains\u00e4\u00e4d\u00e4nn\u00f6n tarkoittamalla tavalla. Lis\u00e4tietoa yhdistyksen j\u00e4senten kierr\u00e4tysj\u00e4rjestelmist\u00e4 on&nbsp;j\u00e4senyritysten verkkosivuilla, l\u00f6yd\u00e4t listaukset sivun alareunasta.<\/p>\n\n\n\n<h3 class=\"wp-block-heading\" id=\"h-3-kaapeleiden-paloluokat\" id=\"3-kaapeleiden-paloluokat\">3. Kaapeleiden paloluokat<\/h3>\n\n\n\n<p>Hein\u00e4kuusta 2013 alkaen on ollut mahdollistaa kiinnitt\u00e4\u00e4 CE-merkki rakennustuotteisiin&nbsp;edellytt\u00e4en, ett\u00e4 harmonisoidut testaus- ja hyv\u00e4ksynt\u00e4standardit ovat olemassa. CPR-asetukseen liittyv\u00e4t kaapelistandardit valmistuivat loppuvuodesta 2014.<\/p>\n\n\n\n<p>Kaapeliteollisuusyhdistyksen j\u00e4senet ovat olleet aktiivisesti vaikuttamassa CPR-vaatimusten mukaisten paloluokkien valmisteluun kaapeleille. Samalla Kaapeliteollisuusyhdistys on ollut mukana laatimassa ehdotusta siit\u00e4, mitk\u00e4 CPR-asetuksessa olevista kaapeleiden paloluokista ACA\u2013FCA sopivat parhaiten Suomen rakentamiseen.<\/p>\n\n\n\n<div class=\"wp-block-scb-columns scb-columns  has-mobile-behavior--stacked has-columns-1 em-pattern-event-contacts\">\n<div class=\"wp-block-scb-column scb-column is-scale-cover\">\n<h2 class=\"wp-block-heading\" id=\"h-kysyttavaa-jasenasioista\" id=\"kysyttavaa-jasenasioista\">Kysytt\u00e4v\u00e4\u00e4 j\u00e4senasioista?<\/h2>\n\n\n\n<article class=\"em-block-contact-card is-style-list\">\n\n\t<div class=\"em-block-contact-card__image\">\n\t\t\t\t\t<img loading=\"lazy\" decoding=\"async\" width=\"300\" height=\"400\" src=\"https:\/\/teknologiateollisuus.fi\/jasenille\/wp-content\/uploads\/2024\/05\/phpf1llan-300x400.jpg\" class=\"attachment-portrait size-portrait\" alt=\"\" \/>\t\t\t<\/div>\n\t<div class=\"em-block-contact-card__content-wrapper\">\n\t\t<div class=\"em-block-contact-card__content\">\n\t\t\t\t\t\t\t<div class=\"em-block-contact-card__business-units\">\n\t\t\t\t\t\t\t\t\t\t\t<span class=\"em-block-contact-card__business-unit\">Talous ja kest\u00e4v\u00e4 kasvu<\/span>\n\t\t\t\t\t\t\t\t\t<\/div>\n\t\t\t\t\t\t<h3 class=\"em-block-contact-card__title\"><a target=\"_self\" href=\"https:\/\/teknologiateollisuus.fi\/?p=1085\">Frostell Patrick<\/a><\/h3>\n\t\t\t\t\t\t\t<span class=\"em-block-contact-card__job_title\">Johtava asiantuntija &#8211; Kest\u00e4v\u00e4 kasvu, Kaapeliteollisuus<\/span>\n\t\t\t\t\t\t\t\t\t\t<span class=\"em-block-contact-card__organisation\">Teknologiateollisuus ry<\/span>\n\t\t\t\t\t<\/div>\n\t\t<div class=\"em-block-contact-card__content\">\n\t\t\t\t\t\t<address class=\"em-block-contact-card__contact-details\">\n\t\t\t\t\t\t\t\t\t<span class=\"em-block-contact-card__phone\">\n\t\t\t\t\t\t<a href=\"tel:+358 408301640\">+358 408301640<\/a><\/a>\n\t\t\t\t\t<\/span>\n\t\t\t\t\t\t\t\t\t\t\t\t\t<span class=\"em-block-contact-card__email\">\n\t\t\t\t\t\t<a href=\"mailto:patrick.frostell@teknologiateollisuus.fi\">patrick.frostell@teknologiateollisuus.fi<\/a><\/a>\n\t\t\t\t\t<\/span>\n\t\t\t\t\t\t\t<\/address>\n\t\t\t\t\t<\/div>\n\t<\/div>\n\n<\/article>\n<\/div>\n\n\n\n<div class=\"wp-block-scb-column scb-column is-scale-cover\">\n<p>Toimialaryhm\u00e4n sihteeri antaa lis\u00e4tietoja toimialan j\u00e4senyyteen liittyviss\u00e4 asioissa. Toimialayhdistyksen muut tiedot ja j\u00e4senluettelo l\u00f6ytyv\u00e4t alla olevista pudotusvalikoista.<\/p>\n\n\n\n<div class=\"wp-block-evermade-accordion em-block-accordion js-accordion-group\">\n<div class=\"wp-block-evermade-accordion-item em-block-accordion-item js-accordion-item\"><h6 class=\"em-block-accordion-item__title-wrapper\"><button class=\"em-block-accordion-item__title js-accordion-controller\">J\u00e4senet<\/button><\/h6><div id=\"accordion-item-content-2\" class=\"em-block-accordion-item__content js-accordion-content\">\n<p><br><a href=\"http:\/\/www.helkamabica.com\/fi\/web\/fin\/kelat\">Helkama Bica Oy<\/a><br><a href=\"http:\/\/kajote.fi\/fi\/kelanpalautus.html\">Kajote Oy<\/a><br><a href=\"http:\/\/www.nestorcables.fi\/fi\/tuotteet\/kelat\/fi_FI\/kelat\/\">Nestor Cables Oy<\/a><br><a href=\"http:\/\/fi.prysmiangroup.com\/en\/corporate\/about\/prysmian_group_country_page\/kaapelikelat\/\">Prysmian Finland Oy<\/a><br><a href=\"https:\/\/www.reka.fi\/kelapalautus\">Reka Kaapeli Oy<\/a><\/p>\n<\/div><\/div>\n<\/div>\n<\/div>\n<\/div>\n","protected":false},"excerpt":{"rendered":"<p>Suomalainen kaapeliteollisuus on yli 90-vuotias toimiala, joka on ollut mukana rakentamassa Suomen s\u00e4hk\u00f6ist\u00e4 ja digitaalista infrastruktuuria. Kaapeliteollisuus valmistaa erilaisia kaapeleita, jotka mahdollistavat energian- ja tiedonsiirron eri ymp\u00e4rist\u00f6iss\u00e4 ja olosuhteissa. Kaapeliteollisuus on my\u00f6s innovatiivinen ja kansainv\u00e4linen ala, joka kehitt\u00e4\u00e4 uusia tuotteita ja ratkaisuja teko\u00e4lyn, ymp\u00e4rist\u00f6n ja turvallisuuden saralla. Toimialayhdistyksen p\u00e4\u00e4teht\u00e4v\u00e4t Toimialayhdistyksen toiminta ja vaikuttaminen 1. Ymp\u00e4rist\u00f6arvot [&hellip;]<\/p>\n","protected":false},"author":7,"featured_media":0,"parent":2080,"menu_order":0,"comment_status":"closed","ping_status":"closed","template":"","meta":{"_acf_changed":false,"_relevanssi_hide_post":"","_relevanssi_hide_content":"","_relevanssi_pin_for_all":"","_relevanssi_pin_keywords":"","_relevanssi_unpin_keywords":"","_relevanssi_related_keywords":"","_relevanssi_related_include_ids":"","_relevanssi_related_exclude_ids":"","_relevanssi_related_no_append":"","_relevanssi_related_not_related":"","_relevanssi_related_posts":"166,168,165,167,1417,169","_relevanssi_noindex_reason":"","inline_featured_image":false,"growthstack-ab-test":[],"growthstack-ab-test-views":[],"footnotes":""},"class_list":["post-1667","page","type-page","status-publish","hentry"],"acf":{"is_store_related":false,"locked":false},"yoast_head":"<!-- This site is optimized with the Yoast SEO Premium plugin v27.1 (Yoast SEO v27.3) - https:\/\/yoast.com\/product\/yoast-seo-premium-wordpress\/ -->\n<title>Kaapeliteollisuus - Teknologiateollisuus - J\u00e4senille<\/title>\n<meta name=\"description\" content=\"Kaapeliteollisuusyhdistys ry on suomalaisen kaapeliteollisuuden toimialaj\u00e4rjest\u00f6, joka toimii Teknologiateollisuuden toimialaverkostossa.\" \/>\n<meta name=\"robots\" content=\"index, follow, max-snippet:-1, max-image-preview:large, max-video-preview:-1\" \/>\n<link rel=\"canonical\" href=\"https:\/\/teknologiateollisuus.fi\/jasenille\/palvelut\/toimialat\/kaapeliteollisuus\/\" \/>\n<meta property=\"og:locale\" content=\"fi_FI\" \/>\n<meta property=\"og:type\" content=\"article\" \/>\n<meta property=\"og:title\" content=\"Kaapeliteollisuus\" \/>\n<meta property=\"og:description\" content=\"Kaapeliteollisuusyhdistys ry on suomalaisen kaapeliteollisuuden toimialaj\u00e4rjest\u00f6, joka toimii Teknologiateollisuuden toimialaverkostossa.\" \/>\n<meta property=\"og:url\" content=\"https:\/\/teknologiateollisuus.fi\/jasenille\/palvelut\/toimialat\/kaapeliteollisuus\/\" \/>\n<meta property=\"og:site_name\" content=\"Teknologiateollisuus - J\u00e4senille\" \/>\n<meta property=\"article:modified_time\" content=\"2025-09-30T13:04:17+00:00\" \/>\n<meta name=\"twitter:card\" content=\"summary_large_image\" \/>\n<meta name=\"twitter:label1\" content=\"Arvioitu lukuaika\" \/>\n\t<meta name=\"twitter:data1\" content=\"2 minuuttia\" \/>\n<script type=\"application\/ld+json\" class=\"yoast-schema-graph\">{\"@context\":\"https:\\\/\\\/schema.org\",\"@graph\":[{\"@type\":\"WebPage\",\"@id\":\"https:\\\/\\\/teknologiateollisuus.fi\\\/jasenille\\\/palvelut\\\/toimialat\\\/kaapeliteollisuus\\\/\",\"url\":\"https:\\\/\\\/teknologiateollisuus.fi\\\/jasenille\\\/palvelut\\\/toimialat\\\/kaapeliteollisuus\\\/\",\"name\":\"Kaapeliteollisuus - Teknologiateollisuus - J\u00e4senille\",\"isPartOf\":{\"@id\":\"https:\\\/\\\/teknologiateollisuus.fi\\\/jasenille\\\/#website\"},\"datePublished\":\"2023-12-22T09:55:25+00:00\",\"dateModified\":\"2025-09-30T13:04:17+00:00\",\"description\":\"Kaapeliteollisuusyhdistys ry on suomalaisen kaapeliteollisuuden toimialaj\u00e4rjest\u00f6, joka toimii Teknologiateollisuuden toimialaverkostossa.\",\"breadcrumb\":{\"@id\":\"https:\\\/\\\/teknologiateollisuus.fi\\\/jasenille\\\/palvelut\\\/toimialat\\\/kaapeliteollisuus\\\/#breadcrumb\"},\"inLanguage\":\"fi\",\"potentialAction\":[{\"@type\":\"ReadAction\",\"target\":[\"https:\\\/\\\/teknologiateollisuus.fi\\\/jasenille\\\/palvelut\\\/toimialat\\\/kaapeliteollisuus\\\/\"]}]},{\"@type\":\"BreadcrumbList\",\"@id\":\"https:\\\/\\\/teknologiateollisuus.fi\\\/jasenille\\\/palvelut\\\/toimialat\\\/kaapeliteollisuus\\\/#breadcrumb\",\"itemListElement\":[{\"@type\":\"ListItem\",\"position\":1,\"name\":\"Home\",\"item\":\"https:\\\/\\\/teknologiateollisuus.fi\\\/jasenille\\\/\"},{\"@type\":\"ListItem\",\"position\":2,\"name\":\"Palvelut\",\"item\":\"https:\\\/\\\/teknologiateollisuus.fi\\\/jasenille\\\/palvelut\\\/\"},{\"@type\":\"ListItem\",\"position\":3,\"name\":\"Toimialat\",\"item\":\"https:\\\/\\\/teknologiateollisuus.fi\\\/jasenille\\\/palvelut\\\/toimialat\\\/\"},{\"@type\":\"ListItem\",\"position\":4,\"name\":\"Kaapeliteollisuus\"}]},{\"@type\":\"WebSite\",\"@id\":\"https:\\\/\\\/teknologiateollisuus.fi\\\/jasenille\\\/#website\",\"url\":\"https:\\\/\\\/teknologiateollisuus.fi\\\/jasenille\\\/\",\"name\":\"Teknologiateollisuus - J\u00e4senille\",\"description\":\"\",\"publisher\":{\"@id\":\"https:\\\/\\\/teknologiateollisuus.fi\\\/jasenille\\\/#organization\"},\"potentialAction\":[{\"@type\":\"SearchAction\",\"target\":{\"@type\":\"EntryPoint\",\"urlTemplate\":\"https:\\\/\\\/teknologiateollisuus.fi\\\/jasenille\\\/?s={search_term_string}\"},\"query-input\":{\"@type\":\"PropertyValueSpecification\",\"valueRequired\":true,\"valueName\":\"search_term_string\"}}],\"inLanguage\":\"fi\"},{\"@type\":\"Organization\",\"@id\":\"https:\\\/\\\/teknologiateollisuus.fi\\\/jasenille\\\/#organization\",\"name\":\"Teknologiateollisuus - J\u00e4senille\",\"url\":\"https:\\\/\\\/teknologiateollisuus.fi\\\/jasenille\\\/\",\"logo\":{\"@type\":\"ImageObject\",\"inLanguage\":\"fi\",\"@id\":\"https:\\\/\\\/teknologiateollisuus.fi\\\/jasenille\\\/#\\\/schema\\\/logo\\\/image\\\/\",\"url\":\"https:\\\/\\\/teknologiateollisuus.fi\\\/jasenille\\\/wp-content\\\/uploads\\\/sites\\\/1\\\/2023\\\/10\\\/placeholder.png\",\"contentUrl\":\"https:\\\/\\\/teknologiateollisuus.fi\\\/jasenille\\\/wp-content\\\/uploads\\\/sites\\\/1\\\/2023\\\/10\\\/placeholder.png\",\"width\":2560,\"height\":1920,\"caption\":\"Teknologiateollisuus - J\u00e4senille\"},\"image\":{\"@id\":\"https:\\\/\\\/teknologiateollisuus.fi\\\/jasenille\\\/#\\\/schema\\\/logo\\\/image\\\/\"}}]}<\/script>\n<!-- \/ Yoast SEO Premium plugin. -->","yoast_head_json":{"title":"Kaapeliteollisuus - Teknologiateollisuus - J\u00e4senille","description":"Kaapeliteollisuusyhdistys ry on suomalaisen kaapeliteollisuuden toimialaj\u00e4rjest\u00f6, joka toimii Teknologiateollisuuden toimialaverkostossa.","robots":{"index":"index","follow":"follow","max-snippet":"max-snippet:-1","max-image-preview":"max-image-preview:large","max-video-preview":"max-video-preview:-1"},"canonical":"https:\/\/teknologiateollisuus.fi\/jasenille\/palvelut\/toimialat\/kaapeliteollisuus\/","og_locale":"fi_FI","og_type":"article","og_title":"Kaapeliteollisuus","og_description":"Kaapeliteollisuusyhdistys ry on suomalaisen kaapeliteollisuuden toimialaj\u00e4rjest\u00f6, joka toimii Teknologiateollisuuden toimialaverkostossa.","og_url":"https:\/\/teknologiateollisuus.fi\/jasenille\/palvelut\/toimialat\/kaapeliteollisuus\/","og_site_name":"Teknologiateollisuus - J\u00e4senille","article_modified_time":"2025-09-30T13:04:17+00:00","twitter_card":"summary_large_image","twitter_misc":{"Arvioitu lukuaika":"2 minuuttia"},"schema":{"@context":"https:\/\/schema.org","@graph":[{"@type":"WebPage","@id":"https:\/\/teknologiateollisuus.fi\/jasenille\/palvelut\/toimialat\/kaapeliteollisuus\/","url":"https:\/\/teknologiateollisuus.fi\/jasenille\/palvelut\/toimialat\/kaapeliteollisuus\/","name":"Kaapeliteollisuus - Teknologiateollisuus - J\u00e4senille","isPartOf":{"@id":"https:\/\/teknologiateollisuus.fi\/jasenille\/#website"},"datePublished":"2023-12-22T09:55:25+00:00","dateModified":"2025-09-30T13:04:17+00:00","description":"Kaapeliteollisuusyhdistys ry on suomalaisen kaapeliteollisuuden toimialaj\u00e4rjest\u00f6, joka toimii Teknologiateollisuuden toimialaverkostossa.","breadcrumb":{"@id":"https:\/\/teknologiateollisuus.fi\/jasenille\/palvelut\/toimialat\/kaapeliteollisuus\/#breadcrumb"},"inLanguage":"fi","potentialAction":[{"@type":"ReadAction","target":["https:\/\/teknologiateollisuus.fi\/jasenille\/palvelut\/toimialat\/kaapeliteollisuus\/"]}]},{"@type":"BreadcrumbList","@id":"https:\/\/teknologiateollisuus.fi\/jasenille\/palvelut\/toimialat\/kaapeliteollisuus\/#breadcrumb","itemListElement":[{"@type":"ListItem","position":1,"name":"Home","item":"https:\/\/teknologiateollisuus.fi\/jasenille\/"},{"@type":"ListItem","position":2,"name":"Palvelut","item":"https:\/\/teknologiateollisuus.fi\/jasenille\/palvelut\/"},{"@type":"ListItem","position":3,"name":"Toimialat","item":"https:\/\/teknologiateollisuus.fi\/jasenille\/palvelut\/toimialat\/"},{"@type":"ListItem","position":4,"name":"Kaapeliteollisuus"}]},{"@type":"WebSite","@id":"https:\/\/teknologiateollisuus.fi\/jasenille\/#website","url":"https:\/\/teknologiateollisuus.fi\/jasenille\/","name":"Teknologiateollisuus - J\u00e4senille","description":"","publisher":{"@id":"https:\/\/teknologiateollisuus.fi\/jasenille\/#organization"},"potentialAction":[{"@type":"SearchAction","target":{"@type":"EntryPoint","urlTemplate":"https:\/\/teknologiateollisuus.fi\/jasenille\/?s={search_term_string}"},"query-input":{"@type":"PropertyValueSpecification","valueRequired":true,"valueName":"search_term_string"}}],"inLanguage":"fi"},{"@type":"Organization","@id":"https:\/\/teknologiateollisuus.fi\/jasenille\/#organization","name":"Teknologiateollisuus - J\u00e4senille","url":"https:\/\/teknologiateollisuus.fi\/jasenille\/","logo":{"@type":"ImageObject","inLanguage":"fi","@id":"https:\/\/teknologiateollisuus.fi\/jasenille\/#\/schema\/logo\/image\/","url":"https:\/\/teknologiateollisuus.fi\/jasenille\/wp-content\/uploads\/sites\/1\/2023\/10\/placeholder.png","contentUrl":"https:\/\/teknologiateollisuus.fi\/jasenille\/wp-content\/uploads\/sites\/1\/2023\/10\/placeholder.png","width":2560,"height":1920,"caption":"Teknologiateollisuus - J\u00e4senille"},"image":{"@id":"https:\/\/teknologiateollisuus.fi\/jasenille\/#\/schema\/logo\/image\/"}}]}},"lang":"fi","translations":{"fi":1667},"pll_sync_post":[],"_links":{"self":[{"href":"https:\/\/teknologiateollisuus.fi\/jasenille\/wp-json\/wp\/v2\/pages\/1667","targetHints":{"allow":["GET"]}}],"collection":[{"href":"https:\/\/teknologiateollisuus.fi\/jasenille\/wp-json\/wp\/v2\/pages"}],"about":[{"href":"https:\/\/teknologiateollisuus.fi\/jasenille\/wp-json\/wp\/v2\/types\/page"}],"author":[{"embeddable":true,"href":"https:\/\/teknologiateollisuus.fi\/jasenille\/wp-json\/wp\/v2\/users\/7"}],"replies":[{"embeddable":true,"href":"https:\/\/teknologiateollisuus.fi\/jasenille\/wp-json\/wp\/v2\/comments?post=1667"}],"version-history":[{"count":25,"href":"https:\/\/teknologiateollisuus.fi\/jasenille\/wp-json\/wp\/v2\/pages\/1667\/revisions"}],"predecessor-version":[{"id":28038,"href":"https:\/\/teknologiateollisuus.fi\/jasenille\/wp-json\/wp\/v2\/pages\/1667\/revisions\/28038"}],"up":[{"embeddable":true,"href":"https:\/\/teknologiateollisuus.fi\/jasenille\/wp-json\/wp\/v2\/pages\/2080"}],"wp:attachment":[{"href":"https:\/\/teknologiateollisuus.fi\/jasenille\/wp-json\/wp\/v2\/media?parent=1667"}],"curies":[{"name":"wp","href":"https:\/\/api.w.org\/{rel}","templated":true}]}}