{"id":1668,"date":"2023-12-22T15:28:53","date_gmt":"2023-12-22T13:28:53","guid":{"rendered":"https:\/\/teknologiateollisuus.fi\/jasenille\/?page_id=1668"},"modified":"2025-07-16T10:02:26","modified_gmt":"2025-07-16T07:02:26","slug":"tyovalineiden-valmistajat","status":"publish","type":"page","link":"https:\/\/teknologiateollisuus.fi\/jasenille\/palvelut\/toimialat\/tyovalineiden-valmistajat\/","title":{"rendered":"Ty\u00f6v\u00e4lineiden valmistajat"},"content":{"rendered":"\n<div class=\"em-block-hero hero-has-background-color has-background has-black-background-color collapse  \">\n\t<div class=\"em-block-hero__container\">\n\t\t<div class=\"em-block-hero__content\">\n\t\t\t<div class=\"yoast-breadcrumbs\"><span><span><a href=\"https:\/\/teknologiateollisuus.fi\/jasenille\/\">Home<\/a><\/span> <span class=\"separator\"><\/span> <span><a href=\"https:\/\/teknologiateollisuus.fi\/jasenille\/palvelut\/\">Palvelut<\/a><\/span> <span class=\"separator\"><\/span> <span><a href=\"https:\/\/teknologiateollisuus.fi\/jasenille\/palvelut\/toimialat\/\">Toimialat<\/a><\/span> <span class=\"separator\"><\/span> <span class=\"breadcrumb_last\" aria-current=\"page\">Ty\u00f6v\u00e4lineiden valmistajat<\/span><\/span><\/div>\t\t\t\n<p class=\"is-style-pre-headline\"><strong>Toimialaryhm\u00e4<\/strong><\/p>\n\n<h1 class=\"wp-block-heading\" id=\"h-tyovalineiden-valmistajat\">Ty\u00f6v\u00e4lineiden valmistajat<\/h1>\n\n<p>Teknologiateollisuus ry:n Ty\u00f6v\u00e4lineiden valmistajien toimialaryhm\u00e4 koordinoi alan yritysten teollisuus- ja talouspoliittista yhteisty\u00f6t\u00e4. Toimialaryhm\u00e4n t\u00e4rkein teht\u00e4v\u00e4 on omaa toimialaa koskevan teknisen ja taloudellisen tiedon hankkiminen, muokkaaminen ja levitt\u00e4minen j\u00e4senten keskuuteen. <\/p>\n\t\t\t<div class=\"em-block-hero__modified-date\"> P\u00e4ivitetty 16.07.2025 klo 10:02<\/div>\t\t<\/div>\n\t\t\t\t\t<figure class=\"em-block-hero__image\">\n\t\t\t\t\t\t\t<\/figure>\n\t\t\t<\/div>\n<\/div>\n\n\n\n<div class=\"wp-block-evermade-accordion em-block-accordion js-accordion-group\">\n<div class=\"wp-block-evermade-accordion-item em-block-accordion-item js-accordion-item\"><h6 class=\"em-block-accordion-item__title-wrapper\"><button class=\"em-block-accordion-item__title js-accordion-controller\">Toimialayhdistykset<\/button><\/h6><div id=\"accordion-item-content-12\" class=\"em-block-accordion-item__content js-accordion-content\">\n<p><a href=\"https:\/\/teknologiateollisuus.fi\/jasenille\/toimialat\/kaapeliteollisuus\/\" data-type=\"page\" data-id=\"1667\">Kaapeliteollisuusyhdistys<\/a><br><a href=\"https:\/\/teknologiateollisuus.fi\/jasenille\/toimialat\/kaivosteollisuus\/\" data-type=\"page\" data-id=\"1677\">Kaivosteollisuus<\/a><br><a href=\"https:\/\/teknologiateollisuus.fi\/jasenille\/toimialat\/kyberala\/\" data-type=\"page\" data-id=\"1678\">Kyberala<\/a><br><a href=\"https:\/\/teknologiateollisuus.fi\/jasenille\/toimialat\/meriteollisuus\/\" data-type=\"page\" data-id=\"1679\">Meriteollisuus<\/a><br><a href=\"https:\/\/teknologiateollisuus.fi\/jasenille\/toimialat\/metallinjalostajat\/\" data-type=\"page\" data-id=\"1680\">Metallinjalostajat<\/a><br><a href=\"https:\/\/teknologiateollisuus.fi\/jasenille\/toimialat\/mthln-tyonantajat\/\" data-type=\"page\" data-id=\"1686\">MTHL:n ty\u00f6nantajat<\/a><br><a href=\"https:\/\/teknologiateollisuus.fi\/jasenille\/toimialat\/puolustus-ja-ilmailuteollisuus\/\" data-type=\"page\" data-id=\"1687\">Puolustus- ja Ilmailuteollisuus PIA<\/a><br><a href=\"https:\/\/teknologiateollisuus.fi\/jasenille\/toimialat\/skol\/\" data-type=\"page\" data-id=\"1688\">Suunnittelu ja konsultointi<\/a><br><a href=\"https:\/\/teknologiateollisuus.fi\/jasenille\/toimialat\/sahkoinen-liikenne\/\" data-type=\"page\" data-id=\"1692\">S\u00e4hk\u00f6inen liikenne<\/a><br><a href=\"https:\/\/teknologiateollisuus.fi\/jasenille\/toimialat\/terveysteknologia\/\" data-type=\"page\" data-id=\"1695\">Terveysteknologia<\/a><br><a href=\"https:\/\/teknologiateollisuus.fi\/jasenille\/toimialat\/valimoteollisuus\/\" data-type=\"page\" data-id=\"1697\">Valimoteollisuus<\/a><\/p>\n<\/div><\/div>\n\n\n\n<div class=\"wp-block-evermade-accordion-item em-block-accordion-item js-accordion-item\"><h6 class=\"em-block-accordion-item__title-wrapper\"><button class=\"em-block-accordion-item__title js-accordion-controller\">Toimialaryhm\u00e4t<\/button><\/h6><div id=\"accordion-item-content-13\" class=\"em-block-accordion-item__content js-accordion-content\">\n<p><a href=\"https:\/\/teknologiateollisuus.fi\/jasenille\/toimialat\/alihankkijat\/\" data-type=\"page\" data-id=\"1639\">Alihankkijat<\/a><br><a href=\"https:\/\/teknologiateollisuus.fi\/jasenille\/toimialat\/alumiinituotteet\/\" data-type=\"page\" data-id=\"1640\">Alumiinituotteet<\/a><br><a href=\"https:\/\/teknologiateollisuus.fi\/jasenille\/verkostot-ja-tyoryhmat\/toimialat\/kulkuneuvot-stipendiryhma\/\">Kulkuneuvot-stipendiryhm\u00e4<\/a><br><a href=\"https:\/\/teknologiateollisuus.fi\/jasenille\/toimialat\/lampokasittely-ja-takomot\/\" data-type=\"page\" data-id=\"1008\">L\u00e4mp\u00f6k\u00e4sittely ja takomot<\/a><br><a href=\"https:\/\/teknologiateollisuus.fi\/jasenille\/toimialat\/metallintyostokoneet-ja-tuotantoautomaatio\/\" data-type=\"page\" data-id=\"1642\">Metallinty\u00f6st\u00f6koneet<\/a><br><a href=\"https:\/\/teknologiateollisuus.fi\/jasenille\/toimialat\/ohutlevytuotteet\/\" data-type=\"page\" data-id=\"1644\">Ohutlevytuotteet<\/a><br><a href=\"https:\/\/teknologiateollisuus.fi\/jasenille\/toimialat\/paikkatieto\/\" data-type=\"page\" data-id=\"1645\">Paikkatieto<\/a><br><a href=\"https:\/\/teknologiateollisuus.fi\/jasenille\/toimialat\/peravaunut-ja-paallirakenteet\/\" data-type=\"page\" data-id=\"1641\">Per\u00e4vaunut ja p\u00e4\u00e4llirakenteet<\/a><br><a href=\"https:\/\/teknologiateollisuus.fi\/jasenille\/toimialat\/polttomoottorit\/\" data-type=\"page\" data-id=\"1646\">Polttomoottorit<\/a><br><a href=\"https:\/\/teknologiateollisuus.fi\/jasenille\/toimialat\/puolijohteet\/\" data-type=\"page\" data-id=\"1643\">Puolijohteet<\/a><br><a href=\"https:\/\/teknologiateollisuus.fi\/jasenille\/toimialat\/puuntyostokoneet\/\" data-type=\"page\" data-id=\"1655\">Puunty\u00f6st\u00f6koneet<\/a><br><a href=\"https:\/\/teknologiateollisuus.fi\/jasenille\/toimialat\/rakennuskonevalmistajat\/\" data-type=\"page\" data-id=\"1656\">Rakennuskonevalmistajat<\/a><br><a href=\"https:\/\/teknologiateollisuus.fi\/jasenille\/toimialat\/teollisuusovet\/\" data-type=\"page\" data-id=\"1657\">Teollisuusovet<\/a><br><a href=\"https:\/\/teknologiateollisuus.fi\/jasenille\/toimialat\/teraspalo-ovet\/\" data-type=\"page\" data-id=\"1658\">Ter\u00e4spalo-ovet<\/a><br><a href=\"https:\/\/teknologiateollisuus.fi\/jasenille\/toimialat\/tietotekniikka\/\" data-type=\"page\" data-id=\"1659\">Tietotekniikka&nbsp;(p\u00e4\u00e4toimialaryhm\u00e4)<\/a><br><a href=\"https:\/\/teknologiateollisuus.fi\/jasenille\/toimialat\/tyovalineiden-valmistajat\/\" data-type=\"page\" data-id=\"1668\">Ty\u00f6v\u00e4lineiden valmistajat<\/a><br><a href=\"https:\/\/teknologiateollisuus.fi\/jasenille\/toimialat\/valaisinvalmistajat\/\" data-type=\"page\" data-id=\"1669\">Valaisinvalmistajat<\/a><br><a href=\"https:\/\/teknologiateollisuus.fi\/jasenille\/toimialat\/voimansiirto\/\" data-type=\"page\" data-id=\"1670\">Voimansiirto<\/a><br><a href=\"https:\/\/teknologiateollisuus.fi\/jasenille\/toimialat\/ydinenergia\/\" data-type=\"page\" data-id=\"1674\">Ydinenergia-alan toimittajat<\/a><\/p>\n<\/div><\/div>\n<\/div>\n\n\n\n<h2 class=\"wp-block-heading\" id=\"h-toimialaryhman-paatehtavat\" id=\"toimialaryhman-paatehtavat\">Toimialaryhm\u00e4n p\u00e4\u00e4teht\u00e4v\u00e4t<\/h2>\n\n\n\n<ul class=\"wp-block-list is-style-default\">\n<li>Toimialan kilpailukyvyn kehitt\u00e4misty\u00f6.<\/li>\n\n\n\n<li>Suhdanneseuranta ja markkinatilanneseuranta.<\/li>\n\n\n\n<li>Verkostoitumismahdollisuuksien tarjoaminen.<\/li>\n\n\n\n<li>Koulutustilaisuudet (esim. vuosittaiset neuvottelup\u00e4iv\u00e4t tammikuun lopussa).<\/li>\n\n\n\n<li>Kansainv\u00e4listyminen ja vientiyhteisty\u00f6.<\/li>\n<\/ul>\n\n\n\n<p>Suomalaiset ty\u00f6v\u00e4linevalmistajat keskittyv\u00e4t p\u00e4\u00e4asiassa muottien valmistukseen muoviteollisuudelle sek\u00e4 meisteihin, puristinty\u00f6kaluihin, teriin ja kiinnittimiin metalliteollisuuden tarpeisiin. Viime vuosina erityisesti muottien huolto ja korjaus ovat nousseet yh\u00e4 t\u00e4rke\u00e4mm\u00e4ksi palveluksi, mik\u00e4 on merkityksellist\u00e4 my\u00f6s niille yrityksille, jotka valmistavat ty\u00f6v\u00e4lineit\u00e4 omaan k\u00e4ytt\u00f6\u00f6ns\u00e4. <\/p>\n\n\n\n<p>Alan osaajilta vaaditaan syv\u00e4llist\u00e4 materiaalien ja teknisen laadun tuntemusta sek\u00e4 osaamista l\u00e4mp\u00f6- ja pintak\u00e4sittelymenetelmist\u00e4. Muovin k\u00e4sittely tuo mukanaan omat erityishaasteensa, jotka edellytt\u00e4v\u00e4t erikoisosaamista. Ty\u00f6v\u00e4linevalmistus liittyy tiiviisti my\u00f6s 3D-suunnitteluj\u00e4rjestelmiin ja CAM-ohjelmointiin. Toimialaryhm\u00e4 on j\u00e4senen\u00e4 kansainv\u00e4lisess\u00e4 International Special Tooling and Machining Associationissa (ISTMA) sek\u00e4 sen alueellisessa ISTMA Europe -yhdistyksess\u00e4.<\/p>\n\n\n\n<div class=\"wp-block-scb-columns scb-columns  has-mobile-behavior--stacked has-columns-1 em-pattern-event-contacts\">\n<div class=\"wp-block-scb-column scb-column is-scale-cover\">\n<h2 class=\"wp-block-heading\" id=\"h-kysyttavaa-jasenasioista-0\" id=\"kysyttavaa-jasenasioista\">Kysytt\u00e4v\u00e4\u00e4 j\u00e4senasioista?<\/h2>\n\n\n\n<article class=\"em-block-contact-card is-style-list\">\n\n\t<div class=\"em-block-contact-card__image\">\n\t\t\t\t\t<img loading=\"lazy\" decoding=\"async\" width=\"300\" height=\"400\" src=\"https:\/\/teknologiateollisuus.fi\/jasenille\/wp-content\/uploads\/2024\/05\/phpktdqqo.jpg\" class=\"attachment-portrait size-portrait\" alt=\"\" \/>\t\t\t<\/div>\n\t<div class=\"em-block-contact-card__content-wrapper\">\n\t\t<div class=\"em-block-contact-card__content\">\n\t\t\t\t\t\t\t<div class=\"em-block-contact-card__business-units\">\n\t\t\t\t\t\t\t\t\t\t\t<span class=\"em-block-contact-card__business-unit\">Toimialat ja liiketoiminnan jatkuvuus<\/span>\n\t\t\t\t\t\t\t\t\t<\/div>\n\t\t\t\t\t\t<h3 class=\"em-block-contact-card__title\"><a target=\"_self\" href=\"https:\/\/teknologiateollisuus.fi\/?p=1187\">Luomanp\u00e4\u00e4 Reeta<\/a><\/h3>\n\t\t\t\t\t\t\t<span class=\"em-block-contact-card__job_title\">Asiantuntija &#8211; Toimialaryhm\u00e4t<\/span>\n\t\t\t\t\t\t\t\t\t\t<span class=\"em-block-contact-card__organisation\">Teknologiateollisuus ry<\/span>\n\t\t\t\t\t<\/div>\n\t\t<div class=\"em-block-contact-card__content\">\n\t\t\t\t\t\t<address class=\"em-block-contact-card__contact-details\">\n\t\t\t\t\t\t\t\t\t<span class=\"em-block-contact-card__phone\">\n\t\t\t\t\t\t<a href=\"tel:+358 406452019\">+358 406452019<\/a><\/a>\n\t\t\t\t\t<\/span>\n\t\t\t\t\t\t\t\t\t\t\t\t\t<span class=\"em-block-contact-card__email\">\n\t\t\t\t\t\t<a href=\"mailto:reeta.luomanpaa@teknologiateollisuus.fi\">reeta.luomanpaa@teknologiateollisuus.fi<\/a><\/a>\n\t\t\t\t\t<\/span>\n\t\t\t\t\t\t\t<\/address>\n\t\t\t\t\t<\/div>\n\t<\/div>\n\n<\/article>\n<\/div>\n\n\n\n<div class=\"wp-block-scb-column scb-column is-scale-cover\">\n<p>Toimialaryhm\u00e4n sihteeri antaa lis\u00e4tietoja toimialan j\u00e4senyyteen liittyviss\u00e4 asioissa. Toimialaryhm\u00e4n muut tiedot ja j\u00e4senluettelo l\u00f6ytyv\u00e4t alla olevista pudotusvalikoista.<\/p>\n\n\n\n<div class=\"wp-block-evermade-accordion em-block-accordion js-accordion-group\">\n<div class=\"wp-block-evermade-accordion-item em-block-accordion-item js-accordion-item\"><h6 class=\"em-block-accordion-item__title-wrapper\"><button class=\"em-block-accordion-item__title js-accordion-controller\">J\u00e4senet<\/button><\/h6><div id=\"accordion-item-content-8\" class=\"em-block-accordion-item__content js-accordion-content\">\n<p>Aalto-korkeakoulus\u00e4\u00e4ti\u00f6 sr<br>ABB Oy<br>Bodycote L\u00e4mp\u00f6k\u00e4sittely Oy<br>Camteam Oy<br>EH Services Oy<br>Elastopoli Oy<br>Fiskars Finland Oy Ab<br>Fodesco Oy<br>JR-Tools Oy<br>Kaidoc Oy<br>Laitila Tooling Oy<br>Luvata Pori Oy<br>Meconet Oy<br>Mehi Oy<br>Muottituote Group Oy<br>Muovipoli Oy<br>Nurmilo Oy<br>Oras Oy<br>Oy Suomen EDM Ab<br>Premetec Production Oy<br>Sacotec Components Oy<br>Sandvik Mining and Construction Oy<br>Seco Tools Oy<br>Sievi-Tools Oy<br>SK-Tools Oy<br>St\u00e9n &amp; Co Oy Ab<br>Sten Ter\u00e4s Oy<br>Stera Technologies Oy<br>Teknologian tutkimuskeskus VTT Oy<br>Thermo Fisher Scientific Oy<br>TH-Tools Oy<br>Tikka Spikes Oy<br>TK-Ty\u00f6kalutiimi Oy<br>Turun Sarjatuote Oy<br>Valmet Automotive Oyj<\/p>\n<\/div><\/div>\n\n\n\n<div class=\"wp-block-evermade-accordion-item em-block-accordion-item js-accordion-item\"><h6 class=\"em-block-accordion-item__title-wrapper\"><button class=\"em-block-accordion-item__title js-accordion-controller\">Toimialaryhm\u00e4n yhteystiedot<\/button><\/h6><div id=\"accordion-item-content-9\" class=\"em-block-accordion-item__content js-accordion-content\">\n<p><strong>Toimialaryhm\u00e4n puheenjohtaja:<\/strong><br>Kai Syrj\u00e4l\u00e4<br>Kaidoc Oy<br><a href=\"mailto:etunimi.sukunimi@kaidoc.fi\">etunimi.sukunimi@kaidoc.fi<\/a><\/p>\n<\/div><\/div>\n<\/div>\n<\/div>\n\n\n\n<div class=\"wp-block-scb-column scb-column is-scale-cover\">\n<h3 class=\"wp-block-heading\" id=\"h-jasenmaksu-0\" id=\"jasenmaksu\">J\u00e4senmaksu<\/h3>\n\n\n\n<p class=\" mt-xs\">Toimialaryhm\u00e4ll\u00e4 ei ole j\u00e4senmaksua. Mik\u00e4li toimialaryhm\u00e4 p\u00e4\u00e4tt\u00e4\u00e4 tekev\u00e4ns\u00e4 toimintoja, jotka ylitt\u00e4v\u00e4t toimintabudjetin, sovitaan kustannusten jakamisesta j\u00e4senten kesken erikseen.<\/p>\n<\/div>\n<\/div>\n","protected":false},"excerpt":{"rendered":"<p>Toimialaryhm\u00e4n p\u00e4\u00e4teht\u00e4v\u00e4t Suomalaiset ty\u00f6v\u00e4linevalmistajat keskittyv\u00e4t p\u00e4\u00e4asiassa muottien valmistukseen muoviteollisuudelle sek\u00e4 meisteihin, puristinty\u00f6kaluihin, teriin ja kiinnittimiin metalliteollisuuden tarpeisiin. Viime vuosina erityisesti muottien huolto ja korjaus ovat nousseet yh\u00e4 t\u00e4rke\u00e4mm\u00e4ksi palveluksi, mik\u00e4 on merkityksellist\u00e4 my\u00f6s niille yrityksille, jotka valmistavat ty\u00f6v\u00e4lineit\u00e4 omaan k\u00e4ytt\u00f6\u00f6ns\u00e4. Alan osaajilta vaaditaan syv\u00e4llist\u00e4 materiaalien ja teknisen laadun tuntemusta sek\u00e4 osaamista l\u00e4mp\u00f6- ja pintak\u00e4sittelymenetelmist\u00e4. Muovin [&hellip;]<\/p>\n","protected":false},"author":7,"featured_media":0,"parent":2080,"menu_order":0,"comment_status":"closed","ping_status":"closed","template":"","meta":{"_acf_changed":false,"_relevanssi_hide_post":"","_relevanssi_hide_content":"","_relevanssi_pin_for_all":"","_relevanssi_pin_keywords":"","_relevanssi_unpin_keywords":"","_relevanssi_related_keywords":"","_relevanssi_related_include_ids":"","_relevanssi_related_exclude_ids":"","_relevanssi_related_no_append":"","_relevanssi_related_not_related":"","_relevanssi_related_posts":"166,1417,169,167,165,168","_relevanssi_noindex_reason":"","inline_featured_image":false,"growthstack-ab-test":[],"growthstack-ab-test-views":[],"footnotes":""},"class_list":["post-1668","page","type-page","status-publish","hentry"],"acf":{"is_store_related":false,"locked":false},"yoast_head":"<!-- This site is optimized with the Yoast SEO Premium plugin v27.1 (Yoast SEO v27.3) - https:\/\/yoast.com\/product\/yoast-seo-premium-wordpress\/ -->\n<title>Ty\u00f6v\u00e4lineiden valmistajat - Teknologiateollisuus - J\u00e4senille<\/title>\n<meta name=\"description\" content=\"Teknologiateollisuus ry:n Ty\u00f6v\u00e4lineiden valmistajien toimialaryhm\u00e4 koordinoi alan yritysten teollisuus- ja talouspoliittista yhteisty\u00f6t\u00e4.\" \/>\n<meta name=\"robots\" content=\"index, follow, max-snippet:-1, max-image-preview:large, max-video-preview:-1\" \/>\n<link rel=\"canonical\" href=\"https:\/\/teknologiateollisuus.fi\/jasenille\/palvelut\/toimialat\/tyovalineiden-valmistajat\/\" \/>\n<meta property=\"og:locale\" content=\"fi_FI\" \/>\n<meta property=\"og:type\" content=\"article\" \/>\n<meta property=\"og:title\" content=\"Ty\u00f6v\u00e4lineiden valmistajat\" \/>\n<meta property=\"og:description\" content=\"Teknologiateollisuus ry:n Ty\u00f6v\u00e4lineiden valmistajien toimialaryhm\u00e4 koordinoi alan yritysten teollisuus- ja talouspoliittista yhteisty\u00f6t\u00e4.\" \/>\n<meta property=\"og:url\" content=\"https:\/\/teknologiateollisuus.fi\/jasenille\/palvelut\/toimialat\/tyovalineiden-valmistajat\/\" \/>\n<meta property=\"og:site_name\" content=\"Teknologiateollisuus - J\u00e4senille\" \/>\n<meta property=\"article:modified_time\" content=\"2025-07-16T07:02:26+00:00\" \/>\n<meta name=\"twitter:card\" content=\"summary_large_image\" \/>\n<meta name=\"twitter:label1\" content=\"Arvioitu lukuaika\" \/>\n\t<meta name=\"twitter:data1\" content=\"3 minuuttia\" \/>\n<script type=\"application\/ld+json\" class=\"yoast-schema-graph\">{\"@context\":\"https:\\\/\\\/schema.org\",\"@graph\":[{\"@type\":\"WebPage\",\"@id\":\"https:\\\/\\\/teknologiateollisuus.fi\\\/jasenille\\\/palvelut\\\/toimialat\\\/tyovalineiden-valmistajat\\\/\",\"url\":\"https:\\\/\\\/teknologiateollisuus.fi\\\/jasenille\\\/palvelut\\\/toimialat\\\/tyovalineiden-valmistajat\\\/\",\"name\":\"Ty\u00f6v\u00e4lineiden valmistajat - Teknologiateollisuus - J\u00e4senille\",\"isPartOf\":{\"@id\":\"https:\\\/\\\/teknologiateollisuus.fi\\\/jasenille\\\/#website\"},\"datePublished\":\"2023-12-22T13:28:53+00:00\",\"dateModified\":\"2025-07-16T07:02:26+00:00\",\"description\":\"Teknologiateollisuus ry:n Ty\u00f6v\u00e4lineiden valmistajien toimialaryhm\u00e4 koordinoi alan yritysten teollisuus- ja talouspoliittista yhteisty\u00f6t\u00e4.\",\"breadcrumb\":{\"@id\":\"https:\\\/\\\/teknologiateollisuus.fi\\\/jasenille\\\/palvelut\\\/toimialat\\\/tyovalineiden-valmistajat\\\/#breadcrumb\"},\"inLanguage\":\"fi\",\"potentialAction\":[{\"@type\":\"ReadAction\",\"target\":[\"https:\\\/\\\/teknologiateollisuus.fi\\\/jasenille\\\/palvelut\\\/toimialat\\\/tyovalineiden-valmistajat\\\/\"]}]},{\"@type\":\"BreadcrumbList\",\"@id\":\"https:\\\/\\\/teknologiateollisuus.fi\\\/jasenille\\\/palvelut\\\/toimialat\\\/tyovalineiden-valmistajat\\\/#breadcrumb\",\"itemListElement\":[{\"@type\":\"ListItem\",\"position\":1,\"name\":\"Home\",\"item\":\"https:\\\/\\\/teknologiateollisuus.fi\\\/jasenille\\\/\"},{\"@type\":\"ListItem\",\"position\":2,\"name\":\"Palvelut\",\"item\":\"https:\\\/\\\/teknologiateollisuus.fi\\\/jasenille\\\/palvelut\\\/\"},{\"@type\":\"ListItem\",\"position\":3,\"name\":\"Toimialat\",\"item\":\"https:\\\/\\\/teknologiateollisuus.fi\\\/jasenille\\\/palvelut\\\/toimialat\\\/\"},{\"@type\":\"ListItem\",\"position\":4,\"name\":\"Ty\u00f6v\u00e4lineiden valmistajat\"}]},{\"@type\":\"WebSite\",\"@id\":\"https:\\\/\\\/teknologiateollisuus.fi\\\/jasenille\\\/#website\",\"url\":\"https:\\\/\\\/teknologiateollisuus.fi\\\/jasenille\\\/\",\"name\":\"Teknologiateollisuus - J\u00e4senille\",\"description\":\"\",\"publisher\":{\"@id\":\"https:\\\/\\\/teknologiateollisuus.fi\\\/jasenille\\\/#organization\"},\"potentialAction\":[{\"@type\":\"SearchAction\",\"target\":{\"@type\":\"EntryPoint\",\"urlTemplate\":\"https:\\\/\\\/teknologiateollisuus.fi\\\/jasenille\\\/?s={search_term_string}\"},\"query-input\":{\"@type\":\"PropertyValueSpecification\",\"valueRequired\":true,\"valueName\":\"search_term_string\"}}],\"inLanguage\":\"fi\"},{\"@type\":\"Organization\",\"@id\":\"https:\\\/\\\/teknologiateollisuus.fi\\\/jasenille\\\/#organization\",\"name\":\"Teknologiateollisuus - J\u00e4senille\",\"url\":\"https:\\\/\\\/teknologiateollisuus.fi\\\/jasenille\\\/\",\"logo\":{\"@type\":\"ImageObject\",\"inLanguage\":\"fi\",\"@id\":\"https:\\\/\\\/teknologiateollisuus.fi\\\/jasenille\\\/#\\\/schema\\\/logo\\\/image\\\/\",\"url\":\"https:\\\/\\\/teknologiateollisuus.fi\\\/jasenille\\\/wp-content\\\/uploads\\\/sites\\\/1\\\/2023\\\/10\\\/placeholder.png\",\"contentUrl\":\"https:\\\/\\\/teknologiateollisuus.fi\\\/jasenille\\\/wp-content\\\/uploads\\\/sites\\\/1\\\/2023\\\/10\\\/placeholder.png\",\"width\":2560,\"height\":1920,\"caption\":\"Teknologiateollisuus - J\u00e4senille\"},\"image\":{\"@id\":\"https:\\\/\\\/teknologiateollisuus.fi\\\/jasenille\\\/#\\\/schema\\\/logo\\\/image\\\/\"}}]}<\/script>\n<!-- \/ Yoast SEO Premium plugin. -->","yoast_head_json":{"title":"Ty\u00f6v\u00e4lineiden valmistajat - Teknologiateollisuus - J\u00e4senille","description":"Teknologiateollisuus ry:n Ty\u00f6v\u00e4lineiden valmistajien toimialaryhm\u00e4 koordinoi alan yritysten teollisuus- ja talouspoliittista yhteisty\u00f6t\u00e4.","robots":{"index":"index","follow":"follow","max-snippet":"max-snippet:-1","max-image-preview":"max-image-preview:large","max-video-preview":"max-video-preview:-1"},"canonical":"https:\/\/teknologiateollisuus.fi\/jasenille\/palvelut\/toimialat\/tyovalineiden-valmistajat\/","og_locale":"fi_FI","og_type":"article","og_title":"Ty\u00f6v\u00e4lineiden valmistajat","og_description":"Teknologiateollisuus ry:n Ty\u00f6v\u00e4lineiden valmistajien toimialaryhm\u00e4 koordinoi alan yritysten teollisuus- ja talouspoliittista yhteisty\u00f6t\u00e4.","og_url":"https:\/\/teknologiateollisuus.fi\/jasenille\/palvelut\/toimialat\/tyovalineiden-valmistajat\/","og_site_name":"Teknologiateollisuus - J\u00e4senille","article_modified_time":"2025-07-16T07:02:26+00:00","twitter_card":"summary_large_image","twitter_misc":{"Arvioitu lukuaika":"3 minuuttia"},"schema":{"@context":"https:\/\/schema.org","@graph":[{"@type":"WebPage","@id":"https:\/\/teknologiateollisuus.fi\/jasenille\/palvelut\/toimialat\/tyovalineiden-valmistajat\/","url":"https:\/\/teknologiateollisuus.fi\/jasenille\/palvelut\/toimialat\/tyovalineiden-valmistajat\/","name":"Ty\u00f6v\u00e4lineiden valmistajat - Teknologiateollisuus - J\u00e4senille","isPartOf":{"@id":"https:\/\/teknologiateollisuus.fi\/jasenille\/#website"},"datePublished":"2023-12-22T13:28:53+00:00","dateModified":"2025-07-16T07:02:26+00:00","description":"Teknologiateollisuus ry:n Ty\u00f6v\u00e4lineiden valmistajien toimialaryhm\u00e4 koordinoi alan yritysten teollisuus- ja talouspoliittista yhteisty\u00f6t\u00e4.","breadcrumb":{"@id":"https:\/\/teknologiateollisuus.fi\/jasenille\/palvelut\/toimialat\/tyovalineiden-valmistajat\/#breadcrumb"},"inLanguage":"fi","potentialAction":[{"@type":"ReadAction","target":["https:\/\/teknologiateollisuus.fi\/jasenille\/palvelut\/toimialat\/tyovalineiden-valmistajat\/"]}]},{"@type":"BreadcrumbList","@id":"https:\/\/teknologiateollisuus.fi\/jasenille\/palvelut\/toimialat\/tyovalineiden-valmistajat\/#breadcrumb","itemListElement":[{"@type":"ListItem","position":1,"name":"Home","item":"https:\/\/teknologiateollisuus.fi\/jasenille\/"},{"@type":"ListItem","position":2,"name":"Palvelut","item":"https:\/\/teknologiateollisuus.fi\/jasenille\/palvelut\/"},{"@type":"ListItem","position":3,"name":"Toimialat","item":"https:\/\/teknologiateollisuus.fi\/jasenille\/palvelut\/toimialat\/"},{"@type":"ListItem","position":4,"name":"Ty\u00f6v\u00e4lineiden valmistajat"}]},{"@type":"WebSite","@id":"https:\/\/teknologiateollisuus.fi\/jasenille\/#website","url":"https:\/\/teknologiateollisuus.fi\/jasenille\/","name":"Teknologiateollisuus - J\u00e4senille","description":"","publisher":{"@id":"https:\/\/teknologiateollisuus.fi\/jasenille\/#organization"},"potentialAction":[{"@type":"SearchAction","target":{"@type":"EntryPoint","urlTemplate":"https:\/\/teknologiateollisuus.fi\/jasenille\/?s={search_term_string}"},"query-input":{"@type":"PropertyValueSpecification","valueRequired":true,"valueName":"search_term_string"}}],"inLanguage":"fi"},{"@type":"Organization","@id":"https:\/\/teknologiateollisuus.fi\/jasenille\/#organization","name":"Teknologiateollisuus - J\u00e4senille","url":"https:\/\/teknologiateollisuus.fi\/jasenille\/","logo":{"@type":"ImageObject","inLanguage":"fi","@id":"https:\/\/teknologiateollisuus.fi\/jasenille\/#\/schema\/logo\/image\/","url":"https:\/\/teknologiateollisuus.fi\/jasenille\/wp-content\/uploads\/sites\/1\/2023\/10\/placeholder.png","contentUrl":"https:\/\/teknologiateollisuus.fi\/jasenille\/wp-content\/uploads\/sites\/1\/2023\/10\/placeholder.png","width":2560,"height":1920,"caption":"Teknologiateollisuus - J\u00e4senille"},"image":{"@id":"https:\/\/teknologiateollisuus.fi\/jasenille\/#\/schema\/logo\/image\/"}}]}},"lang":"fi","translations":{"fi":1668},"pll_sync_post":[],"_links":{"self":[{"href":"https:\/\/teknologiateollisuus.fi\/jasenille\/wp-json\/wp\/v2\/pages\/1668","targetHints":{"allow":["GET"]}}],"collection":[{"href":"https:\/\/teknologiateollisuus.fi\/jasenille\/wp-json\/wp\/v2\/pages"}],"about":[{"href":"https:\/\/teknologiateollisuus.fi\/jasenille\/wp-json\/wp\/v2\/types\/page"}],"author":[{"embeddable":true,"href":"https:\/\/teknologiateollisuus.fi\/jasenille\/wp-json\/wp\/v2\/users\/7"}],"replies":[{"embeddable":true,"href":"https:\/\/teknologiateollisuus.fi\/jasenille\/wp-json\/wp\/v2\/comments?post=1668"}],"version-history":[{"count":17,"href":"https:\/\/teknologiateollisuus.fi\/jasenille\/wp-json\/wp\/v2\/pages\/1668\/revisions"}],"predecessor-version":[{"id":27220,"href":"https:\/\/teknologiateollisuus.fi\/jasenille\/wp-json\/wp\/v2\/pages\/1668\/revisions\/27220"}],"up":[{"embeddable":true,"href":"https:\/\/teknologiateollisuus.fi\/jasenille\/wp-json\/wp\/v2\/pages\/2080"}],"wp:attachment":[{"href":"https:\/\/teknologiateollisuus.fi\/jasenille\/wp-json\/wp\/v2\/media?parent=1668"}],"curies":[{"name":"wp","href":"https:\/\/api.w.org\/{rel}","templated":true}]}}