{"id":1674,"date":"2023-12-22T12:06:50","date_gmt":"2023-12-22T10:06:50","guid":{"rendered":"https:\/\/teknologiateollisuus.fi\/jasenille\/?page_id=1674"},"modified":"2025-07-16T13:07:57","modified_gmt":"2025-07-16T10:07:57","slug":"ydinenergia","status":"publish","type":"page","link":"https:\/\/teknologiateollisuus.fi\/jasenille\/palvelut\/toimialat\/ydinenergia\/","title":{"rendered":"Ydinenergia"},"content":{"rendered":"\n<div class=\"em-block-hero hero-has-background-color has-background has-black-background-color collapse  \">\n\t<div class=\"em-block-hero__container\">\n\t\t<div class=\"em-block-hero__content\">\n\t\t\t<div class=\"yoast-breadcrumbs\"><span><span><a href=\"https:\/\/teknologiateollisuus.fi\/jasenille\/\">Home<\/a><\/span> <span class=\"separator\"><\/span> <span><a href=\"https:\/\/teknologiateollisuus.fi\/jasenille\/palvelut\/\">Palvelut<\/a><\/span> <span class=\"separator\"><\/span> <span><a href=\"https:\/\/teknologiateollisuus.fi\/jasenille\/palvelut\/toimialat\/\">Toimialat<\/a><\/span> <span class=\"separator\"><\/span> <span class=\"breadcrumb_last\" aria-current=\"page\">Ydinenergia<\/span><\/span><\/div>\t\t\t\n<p class=\"is-style-pre-headline\"><strong>Toimialaryhm\u00e4<\/strong><\/p>\n\n<h1 class=\"wp-block-heading\" id=\"h-ydinenergia-alan-toimittajat\">Ydinenergia-alan toimittajat<\/h1>\n\n<p>Ydienergia-alan toimittajat -toimialaryhm\u00e4 toimii ydinergia-alan toimittajien yhteisty\u00f6organisaationa Teknologiateollisuus ry:n j\u00e4senille, yrityksille, sidosryhmille ja asiantuntijoille.<\/p>\n\t\t\t<div class=\"em-block-hero__modified-date\"> P\u00e4ivitetty 16.07.2025 klo 13:07<\/div>\t\t<\/div>\n\t\t\t\t\t<figure class=\"em-block-hero__image\">\n\t\t\t\t\t\t\t<\/figure>\n\t\t\t<\/div>\n<\/div>\n\n\n\n<div class=\"wp-block-evermade-accordion em-block-accordion js-accordion-group\">\n<div class=\"wp-block-evermade-accordion-item em-block-accordion-item js-accordion-item\"><h6 class=\"em-block-accordion-item__title-wrapper\"><button class=\"em-block-accordion-item__title js-accordion-controller\">Toimialayhdistykset<\/button><\/h6><div id=\"accordion-item-content-10\" class=\"em-block-accordion-item__content js-accordion-content\">\n<p><a href=\"https:\/\/teknologiateollisuus.fi\/jasenille\/toimialat\/kaapeliteollisuus\/\" data-type=\"page\" data-id=\"1667\">Kaapeliteollisuusyhdistys<\/a><br><a href=\"https:\/\/teknologiateollisuus.fi\/jasenille\/toimialat\/kaivosteollisuus\/\" data-type=\"page\" data-id=\"1677\">Kaivosteollisuus<\/a><br><a href=\"https:\/\/teknologiateollisuus.fi\/jasenille\/toimialat\/kyberala\/\" data-type=\"page\" data-id=\"1678\">Kyberala<\/a><br><a href=\"https:\/\/teknologiateollisuus.fi\/jasenille\/toimialat\/meriteollisuus\/\" data-type=\"page\" data-id=\"1679\">Meriteollisuus<\/a><br><a href=\"https:\/\/teknologiateollisuus.fi\/jasenille\/toimialat\/metallinjalostajat\/\" data-type=\"page\" data-id=\"1680\">Metallinjalostajat<\/a><br><a href=\"https:\/\/teknologiateollisuus.fi\/jasenille\/toimialat\/mthln-tyonantajat\/\" data-type=\"page\" data-id=\"1686\">MTHL:n ty\u00f6nantajat<\/a><br><a href=\"https:\/\/teknologiateollisuus.fi\/jasenille\/toimialat\/puolustus-ja-ilmailuteollisuus\/\" data-type=\"page\" data-id=\"1687\">Puolustus- ja Ilmailuteollisuus PIA<\/a><br><a href=\"https:\/\/teknologiateollisuus.fi\/jasenille\/toimialat\/skol\/\" data-type=\"page\" data-id=\"1688\">Suunnittelu ja konsultointi<\/a><br><a href=\"https:\/\/teknologiateollisuus.fi\/jasenille\/toimialat\/sahkoinen-liikenne\/\" data-type=\"page\" data-id=\"1692\">S\u00e4hk\u00f6inen liikenne<\/a><br><a href=\"https:\/\/teknologiateollisuus.fi\/jasenille\/toimialat\/terveysteknologia\/\" data-type=\"page\" data-id=\"1695\">Terveysteknologia<\/a><br><a href=\"https:\/\/teknologiateollisuus.fi\/jasenille\/toimialat\/valimoteollisuus\/\" data-type=\"page\" data-id=\"1697\">Valimoteollisuus<\/a><\/p>\n<\/div><\/div>\n\n\n\n<div class=\"wp-block-evermade-accordion-item em-block-accordion-item js-accordion-item\"><h6 class=\"em-block-accordion-item__title-wrapper\"><button class=\"em-block-accordion-item__title js-accordion-controller\">Toimialaryhm\u00e4t<\/button><\/h6><div id=\"accordion-item-content-11\" class=\"em-block-accordion-item__content js-accordion-content\">\n<p><a href=\"https:\/\/teknologiateollisuus.fi\/jasenille\/toimialat\/alihankkijat\/\" data-type=\"page\" data-id=\"1639\">Alihankkijat<\/a><br><a href=\"https:\/\/teknologiateollisuus.fi\/jasenille\/toimialat\/alumiinituotteet\/\" data-type=\"page\" data-id=\"1640\">Alumiinituotteet<\/a><br><a href=\"https:\/\/teknologiateollisuus.fi\/jasenille\/verkostot-ja-tyoryhmat\/toimialat\/kulkuneuvot-stipendiryhma\/\">Kulkuneuvot-stipendiryhm\u00e4<\/a><br><a href=\"https:\/\/teknologiateollisuus.fi\/jasenille\/toimialat\/lampokasittely-ja-takomot\/\" data-type=\"page\" data-id=\"1008\">L\u00e4mp\u00f6k\u00e4sittely ja takomot<\/a><br><a href=\"https:\/\/teknologiateollisuus.fi\/jasenille\/toimialat\/metallintyostokoneet-ja-tuotantoautomaatio\/\" data-type=\"page\" data-id=\"1642\">Metallinty\u00f6st\u00f6koneet<\/a><br><a href=\"https:\/\/teknologiateollisuus.fi\/jasenille\/toimialat\/ohutlevytuotteet\/\" data-type=\"page\" data-id=\"1644\">Ohutlevytuotteet<\/a><br><a href=\"https:\/\/teknologiateollisuus.fi\/jasenille\/toimialat\/paikkatieto\/\" data-type=\"page\" data-id=\"1645\">Paikkatieto<\/a><br><a href=\"https:\/\/teknologiateollisuus.fi\/jasenille\/toimialat\/peravaunut-ja-paallirakenteet\/\" data-type=\"page\" data-id=\"1641\">Per\u00e4vaunut ja p\u00e4\u00e4llirakenteet<\/a><br><a href=\"https:\/\/teknologiateollisuus.fi\/jasenille\/toimialat\/polttomoottorit\/\" data-type=\"page\" data-id=\"1646\">Polttomoottorit<\/a><br><a href=\"https:\/\/teknologiateollisuus.fi\/jasenille\/toimialat\/puolijohteet\/\" data-type=\"page\" data-id=\"1643\">Puolijohteet<\/a><br><a href=\"https:\/\/teknologiateollisuus.fi\/jasenille\/toimialat\/puuntyostokoneet\/\" data-type=\"page\" data-id=\"1655\">Puunty\u00f6st\u00f6koneet<\/a><br><a href=\"https:\/\/teknologiateollisuus.fi\/jasenille\/toimialat\/rakennuskonevalmistajat\/\" data-type=\"page\" data-id=\"1656\">Rakennuskonevalmistajat<\/a><br><a href=\"https:\/\/teknologiateollisuus.fi\/jasenille\/toimialat\/teollisuusovet\/\" data-type=\"page\" data-id=\"1657\">Teollisuusovet<\/a><br><a href=\"https:\/\/teknologiateollisuus.fi\/jasenille\/toimialat\/teraspalo-ovet\/\" data-type=\"page\" data-id=\"1658\">Ter\u00e4spalo-ovet<\/a><br><a href=\"https:\/\/teknologiateollisuus.fi\/jasenille\/toimialat\/tietotekniikka\/\" data-type=\"page\" data-id=\"1659\">Tietotekniikka&nbsp;(p\u00e4\u00e4toimialaryhm\u00e4)<\/a><br><a href=\"https:\/\/teknologiateollisuus.fi\/jasenille\/toimialat\/tyovalineiden-valmistajat\/\" data-type=\"page\" data-id=\"1668\">Ty\u00f6v\u00e4lineiden valmistajat<\/a><br><a href=\"https:\/\/teknologiateollisuus.fi\/jasenille\/toimialat\/valaisinvalmistajat\/\" data-type=\"page\" data-id=\"1669\">Valaisinvalmistajat<\/a><br><a href=\"https:\/\/teknologiateollisuus.fi\/jasenille\/toimialat\/voimansiirto\/\" data-type=\"page\" data-id=\"1670\">Voimansiirto<\/a><br><a href=\"https:\/\/teknologiateollisuus.fi\/jasenille\/toimialat\/ydinenergia\/\" data-type=\"page\" data-id=\"1674\">Ydinenergia-alan toimittajat<\/a><\/p>\n<\/div><\/div>\n<\/div>\n\n\n\n<h2 class=\"wp-block-heading\" id=\"h-toimialaryhman-paatehtavat-0\" id=\"toimialaryhman-paatehtavat\">Toimialaryhm\u00e4n p\u00e4\u00e4teht\u00e4v\u00e4t<\/h2>\n\n\n\n<ul class=\"wp-block-list is-style-default\">\n<li>Alan kehityksen seuranta ja liiketoimintamahdollisuuksien tunnistaminen.<\/li>\n\n\n\n<li>Tutkimus- ja kehitystarpeiden tunnistaminen kilpailukyvyn kehitt\u00e4miseksi.<\/li>\n\n\n\n<li>Viestint\u00e4 ja vaikuttaminen.<\/li>\n\n\n\n<li>Kansallinen ja kansainv\u00e4linen verkottuminen sek\u00e4 alan suomalaisen teollisuuden edustaminen.<\/li>\n<\/ul>\n\n\n\n<p>Toimialaryhm\u00e4n tavoitteena on edist\u00e4\u00e4 suomalaisten ydinvoima-alan toimittajien kilpailukyky\u00e4 lis\u00e4\u00e4m\u00e4ll\u00e4 alan yhteisty\u00f6t\u00e4 ja verkottumista teollisuuden ja tutkimuslaitosten v\u00e4lill\u00e4.<\/p>\n\n\n\n<div class=\"wp-block-scb-columns scb-columns  has-mobile-behavior--stacked has-columns-1 em-pattern-event-contacts\">\n<div class=\"wp-block-scb-column scb-column is-scale-cover\">\n<h2 class=\"wp-block-heading\" id=\"h-kysyttavaa-jasenasioista\" id=\"kysyttavaa-jasenasioista\">Kysytt\u00e4v\u00e4\u00e4 j\u00e4senasioista?<\/h2>\n\n\n<\/div>\n\n\n\n<div class=\"wp-block-scb-column scb-column is-scale-cover\">\n<p>Toimialaryhm\u00e4n sihteeri antaa lis\u00e4tietoja toimialan j\u00e4senyyteen liittyviss\u00e4 asioissa. Toimialaryhm\u00e4n j\u00e4senluettelo l\u00f6ytyy alla olevasta pudotusvalikoista.<\/p>\n\n\n\n<div class=\"wp-block-evermade-accordion em-block-accordion js-accordion-group\">\n<div class=\"wp-block-evermade-accordion-item em-block-accordion-item js-accordion-item\"><h6 class=\"em-block-accordion-item__title-wrapper\"><button class=\"em-block-accordion-item__title js-accordion-controller\">J\u00e4senet<\/button><\/h6><div id=\"accordion-item-content-7\" class=\"em-block-accordion-item__content js-accordion-content\">\n<p>ABB Oy<br>Ablemans Oy<br>AFRY Finland Oy<br>AFRY Industry Oy<br>Arme Oy<br>Conlog Oy<br>DEKRA Industrial Oy<br>Enersense International Oyj<br>Etteplan Oyj<br>Heatmasters Oy<br>H\u00f6gfors Oy<br>Konecranes Finland Oy<br>Kymsol Oy<br>Neles Finland Oy<br>Nordec Envelope Oy<br>OMP-Konepaja Oy<br>Peikko Finland Oy<br>Sahala Works Oy<br>Siemens Osakeyhti\u00f6<br>Sulzer Pumps Finland Oy<br><br><br><\/p>\n<\/div><\/div>\n<\/div>\n<\/div>\n\n\n\n<div class=\"wp-block-scb-column scb-column is-scale-cover\">\n<h3 class=\"wp-block-heading\" id=\"h-jasenmaksu\" id=\"jasenmaksu\">J\u00e4senmaksu<\/h3>\n\n\n\n<p class=\" mt-xs\">Toimialaryhm\u00e4ll\u00e4 ei ole j\u00e4senmaksua. Mik\u00e4li toimialaryhm\u00e4 p\u00e4\u00e4tt\u00e4\u00e4 tekev\u00e4ns\u00e4 toimintoja, jotka ylitt\u00e4v\u00e4t toimintabudjetin, sovitaan kustannusten jakamisesta j\u00e4senten kesken erikseen.<\/p>\n<\/div>\n<\/div>\n","protected":false},"excerpt":{"rendered":"<p>Toimialaryhm\u00e4n p\u00e4\u00e4teht\u00e4v\u00e4t Toimialaryhm\u00e4n tavoitteena on edist\u00e4\u00e4 suomalaisten ydinvoima-alan toimittajien kilpailukyky\u00e4 lis\u00e4\u00e4m\u00e4ll\u00e4 alan yhteisty\u00f6t\u00e4 ja verkottumista teollisuuden ja tutkimuslaitosten v\u00e4lill\u00e4.<\/p>\n","protected":false},"author":7,"featured_media":0,"parent":2080,"menu_order":0,"comment_status":"closed","ping_status":"closed","template":"","meta":{"_acf_changed":false,"_relevanssi_hide_post":"","_relevanssi_hide_content":"","_relevanssi_pin_for_all":"","_relevanssi_pin_keywords":"","_relevanssi_unpin_keywords":"","_relevanssi_related_keywords":"","_relevanssi_related_include_ids":"","_relevanssi_related_exclude_ids":"","_relevanssi_related_no_append":"","_relevanssi_related_not_related":"","_relevanssi_related_posts":"165,168,1417,166,167,169","_relevanssi_noindex_reason":"","inline_featured_image":false,"growthstack-ab-test":[],"growthstack-ab-test-views":[],"footnotes":""},"class_list":["post-1674","page","type-page","status-publish","hentry"],"acf":{"is_store_related":false,"locked":false},"yoast_head":"<!-- This site is optimized with the Yoast SEO Premium plugin v27.1 (Yoast SEO v27.3) - https:\/\/yoast.com\/product\/yoast-seo-premium-wordpress\/ -->\n<title>Ydinenergia - Teknologiateollisuus - J\u00e4senille<\/title>\n<meta name=\"description\" content=\"Ydienergia-alan toimittajat -toimialaryhm\u00e4 toimii ydinergia-alan toimittajien yhteisty\u00f6organisaationa Teknologiateollisuus ry:n j\u00e4senille, yrityksille, sidosryhmille ja asiantuntijoille. Lue lis\u00e4\u00e4 toimialaryhm\u00e4n toiminnasta.\" \/>\n<meta name=\"robots\" content=\"index, follow, max-snippet:-1, max-image-preview:large, max-video-preview:-1\" \/>\n<link rel=\"canonical\" href=\"https:\/\/teknologiateollisuus.fi\/jasenille\/palvelut\/toimialat\/ydinenergia\/\" \/>\n<meta property=\"og:locale\" content=\"fi_FI\" \/>\n<meta property=\"og:type\" content=\"article\" \/>\n<meta property=\"og:title\" content=\"Ydinenergia\" \/>\n<meta property=\"og:description\" content=\"Ydienergia-alan toimittajat -toimialaryhm\u00e4 toimii ydinergia-alan toimittajien yhteisty\u00f6organisaationa Teknologiateollisuus ry:n j\u00e4senille, yrityksille, sidosryhmille ja asiantuntijoille. Lue lis\u00e4\u00e4 toimialaryhm\u00e4n toiminnasta.\" \/>\n<meta property=\"og:url\" content=\"https:\/\/teknologiateollisuus.fi\/jasenille\/palvelut\/toimialat\/ydinenergia\/\" \/>\n<meta property=\"og:site_name\" content=\"Teknologiateollisuus - J\u00e4senille\" \/>\n<meta property=\"article:modified_time\" content=\"2025-07-16T10:07:57+00:00\" \/>\n<meta name=\"twitter:card\" content=\"summary_large_image\" \/>\n<meta name=\"twitter:label1\" content=\"Arvioitu lukuaika\" \/>\n\t<meta name=\"twitter:data1\" content=\"2 minuuttia\" \/>\n<script type=\"application\/ld+json\" class=\"yoast-schema-graph\">{\"@context\":\"https:\\\/\\\/schema.org\",\"@graph\":[{\"@type\":\"WebPage\",\"@id\":\"https:\\\/\\\/teknologiateollisuus.fi\\\/jasenille\\\/palvelut\\\/toimialat\\\/ydinenergia\\\/\",\"url\":\"https:\\\/\\\/teknologiateollisuus.fi\\\/jasenille\\\/palvelut\\\/toimialat\\\/ydinenergia\\\/\",\"name\":\"Ydinenergia - Teknologiateollisuus - J\u00e4senille\",\"isPartOf\":{\"@id\":\"https:\\\/\\\/teknologiateollisuus.fi\\\/jasenille\\\/#website\"},\"datePublished\":\"2023-12-22T10:06:50+00:00\",\"dateModified\":\"2025-07-16T10:07:57+00:00\",\"description\":\"Ydienergia-alan toimittajat -toimialaryhm\u00e4 toimii ydinergia-alan toimittajien yhteisty\u00f6organisaationa Teknologiateollisuus ry:n j\u00e4senille, yrityksille, sidosryhmille ja asiantuntijoille. Lue lis\u00e4\u00e4 toimialaryhm\u00e4n toiminnasta.\",\"breadcrumb\":{\"@id\":\"https:\\\/\\\/teknologiateollisuus.fi\\\/jasenille\\\/palvelut\\\/toimialat\\\/ydinenergia\\\/#breadcrumb\"},\"inLanguage\":\"fi\",\"potentialAction\":[{\"@type\":\"ReadAction\",\"target\":[\"https:\\\/\\\/teknologiateollisuus.fi\\\/jasenille\\\/palvelut\\\/toimialat\\\/ydinenergia\\\/\"]}]},{\"@type\":\"BreadcrumbList\",\"@id\":\"https:\\\/\\\/teknologiateollisuus.fi\\\/jasenille\\\/palvelut\\\/toimialat\\\/ydinenergia\\\/#breadcrumb\",\"itemListElement\":[{\"@type\":\"ListItem\",\"position\":1,\"name\":\"Home\",\"item\":\"https:\\\/\\\/teknologiateollisuus.fi\\\/jasenille\\\/\"},{\"@type\":\"ListItem\",\"position\":2,\"name\":\"Palvelut\",\"item\":\"https:\\\/\\\/teknologiateollisuus.fi\\\/jasenille\\\/palvelut\\\/\"},{\"@type\":\"ListItem\",\"position\":3,\"name\":\"Toimialat\",\"item\":\"https:\\\/\\\/teknologiateollisuus.fi\\\/jasenille\\\/palvelut\\\/toimialat\\\/\"},{\"@type\":\"ListItem\",\"position\":4,\"name\":\"Ydinenergia\"}]},{\"@type\":\"WebSite\",\"@id\":\"https:\\\/\\\/teknologiateollisuus.fi\\\/jasenille\\\/#website\",\"url\":\"https:\\\/\\\/teknologiateollisuus.fi\\\/jasenille\\\/\",\"name\":\"Teknologiateollisuus - J\u00e4senille\",\"description\":\"\",\"publisher\":{\"@id\":\"https:\\\/\\\/teknologiateollisuus.fi\\\/jasenille\\\/#organization\"},\"potentialAction\":[{\"@type\":\"SearchAction\",\"target\":{\"@type\":\"EntryPoint\",\"urlTemplate\":\"https:\\\/\\\/teknologiateollisuus.fi\\\/jasenille\\\/?s={search_term_string}\"},\"query-input\":{\"@type\":\"PropertyValueSpecification\",\"valueRequired\":true,\"valueName\":\"search_term_string\"}}],\"inLanguage\":\"fi\"},{\"@type\":\"Organization\",\"@id\":\"https:\\\/\\\/teknologiateollisuus.fi\\\/jasenille\\\/#organization\",\"name\":\"Teknologiateollisuus - J\u00e4senille\",\"url\":\"https:\\\/\\\/teknologiateollisuus.fi\\\/jasenille\\\/\",\"logo\":{\"@type\":\"ImageObject\",\"inLanguage\":\"fi\",\"@id\":\"https:\\\/\\\/teknologiateollisuus.fi\\\/jasenille\\\/#\\\/schema\\\/logo\\\/image\\\/\",\"url\":\"https:\\\/\\\/teknologiateollisuus.fi\\\/jasenille\\\/wp-content\\\/uploads\\\/sites\\\/1\\\/2023\\\/10\\\/placeholder.png\",\"contentUrl\":\"https:\\\/\\\/teknologiateollisuus.fi\\\/jasenille\\\/wp-content\\\/uploads\\\/sites\\\/1\\\/2023\\\/10\\\/placeholder.png\",\"width\":2560,\"height\":1920,\"caption\":\"Teknologiateollisuus - J\u00e4senille\"},\"image\":{\"@id\":\"https:\\\/\\\/teknologiateollisuus.fi\\\/jasenille\\\/#\\\/schema\\\/logo\\\/image\\\/\"}}]}<\/script>\n<!-- \/ Yoast SEO Premium plugin. -->","yoast_head_json":{"title":"Ydinenergia - Teknologiateollisuus - J\u00e4senille","description":"Ydienergia-alan toimittajat -toimialaryhm\u00e4 toimii ydinergia-alan toimittajien yhteisty\u00f6organisaationa Teknologiateollisuus ry:n j\u00e4senille, yrityksille, sidosryhmille ja asiantuntijoille. Lue lis\u00e4\u00e4 toimialaryhm\u00e4n toiminnasta.","robots":{"index":"index","follow":"follow","max-snippet":"max-snippet:-1","max-image-preview":"max-image-preview:large","max-video-preview":"max-video-preview:-1"},"canonical":"https:\/\/teknologiateollisuus.fi\/jasenille\/palvelut\/toimialat\/ydinenergia\/","og_locale":"fi_FI","og_type":"article","og_title":"Ydinenergia","og_description":"Ydienergia-alan toimittajat -toimialaryhm\u00e4 toimii ydinergia-alan toimittajien yhteisty\u00f6organisaationa Teknologiateollisuus ry:n j\u00e4senille, yrityksille, sidosryhmille ja asiantuntijoille. Lue lis\u00e4\u00e4 toimialaryhm\u00e4n toiminnasta.","og_url":"https:\/\/teknologiateollisuus.fi\/jasenille\/palvelut\/toimialat\/ydinenergia\/","og_site_name":"Teknologiateollisuus - J\u00e4senille","article_modified_time":"2025-07-16T10:07:57+00:00","twitter_card":"summary_large_image","twitter_misc":{"Arvioitu lukuaika":"2 minuuttia"},"schema":{"@context":"https:\/\/schema.org","@graph":[{"@type":"WebPage","@id":"https:\/\/teknologiateollisuus.fi\/jasenille\/palvelut\/toimialat\/ydinenergia\/","url":"https:\/\/teknologiateollisuus.fi\/jasenille\/palvelut\/toimialat\/ydinenergia\/","name":"Ydinenergia - Teknologiateollisuus - J\u00e4senille","isPartOf":{"@id":"https:\/\/teknologiateollisuus.fi\/jasenille\/#website"},"datePublished":"2023-12-22T10:06:50+00:00","dateModified":"2025-07-16T10:07:57+00:00","description":"Ydienergia-alan toimittajat -toimialaryhm\u00e4 toimii ydinergia-alan toimittajien yhteisty\u00f6organisaationa Teknologiateollisuus ry:n j\u00e4senille, yrityksille, sidosryhmille ja asiantuntijoille. Lue lis\u00e4\u00e4 toimialaryhm\u00e4n toiminnasta.","breadcrumb":{"@id":"https:\/\/teknologiateollisuus.fi\/jasenille\/palvelut\/toimialat\/ydinenergia\/#breadcrumb"},"inLanguage":"fi","potentialAction":[{"@type":"ReadAction","target":["https:\/\/teknologiateollisuus.fi\/jasenille\/palvelut\/toimialat\/ydinenergia\/"]}]},{"@type":"BreadcrumbList","@id":"https:\/\/teknologiateollisuus.fi\/jasenille\/palvelut\/toimialat\/ydinenergia\/#breadcrumb","itemListElement":[{"@type":"ListItem","position":1,"name":"Home","item":"https:\/\/teknologiateollisuus.fi\/jasenille\/"},{"@type":"ListItem","position":2,"name":"Palvelut","item":"https:\/\/teknologiateollisuus.fi\/jasenille\/palvelut\/"},{"@type":"ListItem","position":3,"name":"Toimialat","item":"https:\/\/teknologiateollisuus.fi\/jasenille\/palvelut\/toimialat\/"},{"@type":"ListItem","position":4,"name":"Ydinenergia"}]},{"@type":"WebSite","@id":"https:\/\/teknologiateollisuus.fi\/jasenille\/#website","url":"https:\/\/teknologiateollisuus.fi\/jasenille\/","name":"Teknologiateollisuus - J\u00e4senille","description":"","publisher":{"@id":"https:\/\/teknologiateollisuus.fi\/jasenille\/#organization"},"potentialAction":[{"@type":"SearchAction","target":{"@type":"EntryPoint","urlTemplate":"https:\/\/teknologiateollisuus.fi\/jasenille\/?s={search_term_string}"},"query-input":{"@type":"PropertyValueSpecification","valueRequired":true,"valueName":"search_term_string"}}],"inLanguage":"fi"},{"@type":"Organization","@id":"https:\/\/teknologiateollisuus.fi\/jasenille\/#organization","name":"Teknologiateollisuus - J\u00e4senille","url":"https:\/\/teknologiateollisuus.fi\/jasenille\/","logo":{"@type":"ImageObject","inLanguage":"fi","@id":"https:\/\/teknologiateollisuus.fi\/jasenille\/#\/schema\/logo\/image\/","url":"https:\/\/teknologiateollisuus.fi\/jasenille\/wp-content\/uploads\/sites\/1\/2023\/10\/placeholder.png","contentUrl":"https:\/\/teknologiateollisuus.fi\/jasenille\/wp-content\/uploads\/sites\/1\/2023\/10\/placeholder.png","width":2560,"height":1920,"caption":"Teknologiateollisuus - J\u00e4senille"},"image":{"@id":"https:\/\/teknologiateollisuus.fi\/jasenille\/#\/schema\/logo\/image\/"}}]}},"lang":"fi","translations":{"fi":1674},"pll_sync_post":[],"_links":{"self":[{"href":"https:\/\/teknologiateollisuus.fi\/jasenille\/wp-json\/wp\/v2\/pages\/1674","targetHints":{"allow":["GET"]}}],"collection":[{"href":"https:\/\/teknologiateollisuus.fi\/jasenille\/wp-json\/wp\/v2\/pages"}],"about":[{"href":"https:\/\/teknologiateollisuus.fi\/jasenille\/wp-json\/wp\/v2\/types\/page"}],"author":[{"embeddable":true,"href":"https:\/\/teknologiateollisuus.fi\/jasenille\/wp-json\/wp\/v2\/users\/7"}],"replies":[{"embeddable":true,"href":"https:\/\/teknologiateollisuus.fi\/jasenille\/wp-json\/wp\/v2\/comments?post=1674"}],"version-history":[{"count":10,"href":"https:\/\/teknologiateollisuus.fi\/jasenille\/wp-json\/wp\/v2\/pages\/1674\/revisions"}],"predecessor-version":[{"id":27235,"href":"https:\/\/teknologiateollisuus.fi\/jasenille\/wp-json\/wp\/v2\/pages\/1674\/revisions\/27235"}],"up":[{"embeddable":true,"href":"https:\/\/teknologiateollisuus.fi\/jasenille\/wp-json\/wp\/v2\/pages\/2080"}],"wp:attachment":[{"href":"https:\/\/teknologiateollisuus.fi\/jasenille\/wp-json\/wp\/v2\/media?parent=1674"}],"curies":[{"name":"wp","href":"https:\/\/api.w.org\/{rel}","templated":true}]}}