{"id":1680,"date":"2024-01-21T21:44:23","date_gmt":"2024-01-21T19:44:23","guid":{"rendered":"https:\/\/teknologiateollisuus.fi\/jasenille\/?page_id=1680"},"modified":"2025-07-15T15:55:04","modified_gmt":"2025-07-15T12:55:04","slug":"metallinjalostajat","status":"publish","type":"page","link":"https:\/\/teknologiateollisuus.fi\/jasenille\/palvelut\/toimialat\/metallinjalostajat\/","title":{"rendered":"Metallinjalostajat"},"content":{"rendered":"\n<div class=\"em-block-hero hero-has-background-color has-background has-black-background-color collapse  \">\n\t<div class=\"em-block-hero__container\">\n\t\t<div class=\"em-block-hero__content\">\n\t\t\t<div class=\"yoast-breadcrumbs\"><span><span><a href=\"https:\/\/teknologiateollisuus.fi\/jasenille\/\">Home<\/a><\/span> <span class=\"separator\"><\/span> <span><a href=\"https:\/\/teknologiateollisuus.fi\/jasenille\/palvelut\/\">Palvelut<\/a><\/span> <span class=\"separator\"><\/span> <span><a href=\"https:\/\/teknologiateollisuus.fi\/jasenille\/palvelut\/toimialat\/\">Toimialat<\/a><\/span> <span class=\"separator\"><\/span> <span class=\"breadcrumb_last\" aria-current=\"page\">Metallinjalostajat<\/span><\/span><\/div>\t\t\t\n<p class=\"is-style-pre-headline\"><strong>Toimialayhdistys<\/strong><\/p>\n\n<h1 class=\"wp-block-heading\" id=\"h-metallinjalostajat\">Metallinjalostajat<\/h1>\n\n<p>Metallinjalostajat on Suomessa toimivan, ter\u00e4ksi\u00e4 ja muita metalleja valmistavan ja muokkaavan sek\u00e4 niiden jalostukseen liittyvi\u00e4 teknologioita kehitt\u00e4v\u00e4n ja markkinoivan teollisuuden toimialaj\u00e4rjest\u00f6.<\/p>\n\t\t\t<div class=\"em-block-hero__modified-date\"> P\u00e4ivitetty 15.07.2025 klo 15:55<\/div>\t\t<\/div>\n\t\t\t\t\t<figure class=\"em-block-hero__image\">\n\t\t\t\t\t\t\t<\/figure>\n\t\t\t<\/div>\n<\/div>\n\n\n\n<div class=\"wp-block-evermade-accordion em-block-accordion js-accordion-group\">\n<div class=\"wp-block-evermade-accordion-item em-block-accordion-item js-accordion-item\"><h6 class=\"em-block-accordion-item__title-wrapper\"><button class=\"em-block-accordion-item__title js-accordion-controller\">Toimialayhdistykset<\/button><\/h6><div id=\"accordion-item-content-3\" class=\"em-block-accordion-item__content js-accordion-content\">\n<p><a href=\"https:\/\/teknologiateollisuus.fi\/jasenille\/toimialat\/kaapeliteollisuus\/\" data-type=\"page\" data-id=\"1667\">Kaapeliteollisuusyhdistys<\/a><br><a href=\"https:\/\/teknologiateollisuus.fi\/jasenille\/toimialat\/kaivosteollisuus\/\" data-type=\"page\" data-id=\"1677\">Kaivosteollisuus<\/a><br><a href=\"https:\/\/teknologiateollisuus.fi\/jasenille\/toimialat\/kyberala\/\" data-type=\"page\" data-id=\"1678\">Kyberala<\/a><br><a href=\"https:\/\/teknologiateollisuus.fi\/jasenille\/toimialat\/meriteollisuus\/\" data-type=\"page\" data-id=\"1679\">Meriteollisuus<\/a><br><a href=\"https:\/\/teknologiateollisuus.fi\/jasenille\/toimialat\/metallinjalostajat\/\" data-type=\"page\" data-id=\"1680\">Metallinjalostajat<\/a><br><a href=\"https:\/\/teknologiateollisuus.fi\/jasenille\/toimialat\/mthln-tyonantajat\/\" data-type=\"page\" data-id=\"1686\">MTHL:n ty\u00f6nantajat<\/a><br><a href=\"https:\/\/teknologiateollisuus.fi\/jasenille\/toimialat\/puolustus-ja-ilmailuteollisuus\/\" data-type=\"page\" data-id=\"1687\">Puolustus- ja Ilmailuteollisuus PIA<\/a><br><a href=\"https:\/\/teknologiateollisuus.fi\/jasenille\/toimialat\/skol\/\" data-type=\"page\" data-id=\"1688\">Suunnittelu ja konsultointi<\/a><br><a href=\"https:\/\/teknologiateollisuus.fi\/jasenille\/toimialat\/sahkoinen-liikenne\/\" data-type=\"page\" data-id=\"1692\">S\u00e4hk\u00f6inen liikenne<\/a><br><a href=\"https:\/\/teknologiateollisuus.fi\/jasenille\/toimialat\/terveysteknologia\/\" data-type=\"page\" data-id=\"1695\">Terveysteknologia<\/a><br><a href=\"https:\/\/teknologiateollisuus.fi\/jasenille\/toimialat\/valimoteollisuus\/\" data-type=\"page\" data-id=\"1697\">Valimoteollisuus<\/a><\/p>\n<\/div><\/div>\n\n\n\n<div class=\"wp-block-evermade-accordion-item em-block-accordion-item js-accordion-item\"><h6 class=\"em-block-accordion-item__title-wrapper\"><button class=\"em-block-accordion-item__title js-accordion-controller\">Toimialaryhm\u00e4t<\/button><\/h6><div id=\"accordion-item-content-4\" class=\"em-block-accordion-item__content js-accordion-content\">\n<p class=\" mb-none\"><a href=\"https:\/\/teknologiateollisuus.fi\/jasenille\/toimialat\/alihankkijat\/\" data-type=\"page\" data-id=\"1639\">Alihankkijat<\/a><br><a href=\"https:\/\/teknologiateollisuus.fi\/jasenille\/toimialat\/alumiinituotteet\/\" data-type=\"page\" data-id=\"1640\">Alumiinituotteet<\/a><br><a href=\"https:\/\/teknologiateollisuus.fi\/jasenille\/verkostot-ja-tyoryhmat\/toimialat\/kulkuneuvot-stipendiryhma\/\">Kulkuneuvot-stipendiryhm\u00e4<\/a><br><a href=\"https:\/\/teknologiateollisuus.fi\/jasenille\/toimialat\/lampokasittely-ja-takomot\/\" data-type=\"page\" data-id=\"1008\">L\u00e4mp\u00f6k\u00e4sittely ja takomot<\/a><br><a href=\"https:\/\/teknologiateollisuus.fi\/jasenille\/toimialat\/metallintyostokoneet-ja-tuotantoautomaatio\/\" data-type=\"page\" data-id=\"1642\">Metallinty\u00f6st\u00f6koneet<\/a><\/p>\n\n\n\n<p class=\" mt-none\"><a href=\"https:\/\/teknologiateollisuus.fi\/jasenille\/verkostot-ja-tyoryhmat\/toimialat\/nosto-ja-siirtolaitteet\/\">Nosto- ja siirtolaitteet<\/a><br><a data-type=\"page\" data-id=\"1644\" href=\"https:\/\/teknologiateollisuus.fi\/jasenille\/toimialat\/ohutlevytuotteet\/\">Ohutlevytuotteet<\/a><br><a data-type=\"page\" data-id=\"1645\" href=\"https:\/\/teknologiateollisuus.fi\/jasenille\/toimialat\/paikkatieto\/\">Paikkatieto<\/a><br><a data-type=\"page\" data-id=\"1641\" href=\"https:\/\/teknologiateollisuus.fi\/jasenille\/toimialat\/peravaunut-ja-paallirakenteet\/\">Per\u00e4vaunut ja p\u00e4\u00e4llirakenteet<\/a><br><a data-type=\"page\" data-id=\"1646\" href=\"https:\/\/teknologiateollisuus.fi\/jasenille\/toimialat\/polttomoottorit\/\">Polttomoottorit<\/a><br><a data-type=\"page\" data-id=\"1643\" href=\"https:\/\/teknologiateollisuus.fi\/jasenille\/toimialat\/puolijohteet\/\">Puolijohteet<\/a><br><a data-type=\"page\" data-id=\"1655\" href=\"https:\/\/teknologiateollisuus.fi\/jasenille\/toimialat\/puuntyostokoneet\/\">Puunty\u00f6st\u00f6koneet<\/a><br><a data-type=\"page\" data-id=\"1656\" href=\"https:\/\/teknologiateollisuus.fi\/jasenille\/toimialat\/rakennuskonevalmistajat\/\">Rakennuskonevalmistajat<\/a><br><a data-type=\"page\" data-id=\"1657\" href=\"https:\/\/teknologiateollisuus.fi\/jasenille\/toimialat\/teollisuusovet\/\">Teollisuusovet<\/a><br><a data-type=\"page\" data-id=\"1658\" href=\"https:\/\/teknologiateollisuus.fi\/jasenille\/toimialat\/teraspalo-ovet\/\">Ter\u00e4spalo-ovet<\/a><br><a data-type=\"page\" data-id=\"1659\" href=\"https:\/\/teknologiateollisuus.fi\/jasenille\/toimialat\/tietotekniikka\/\">Tietotekniikka&nbsp;(p\u00e4\u00e4toimialaryhm\u00e4)<\/a><br><a data-type=\"page\" data-id=\"1668\" href=\"https:\/\/teknologiateollisuus.fi\/jasenille\/toimialat\/tyovalineiden-valmistajat\/\">Ty\u00f6v\u00e4lineiden valmistajat<\/a><br><a data-type=\"page\" data-id=\"1669\" href=\"https:\/\/teknologiateollisuus.fi\/jasenille\/toimialat\/valaisinvalmistajat\/\">Valaisinvalmistajat<\/a><br><a data-type=\"page\" data-id=\"1670\" href=\"https:\/\/teknologiateollisuus.fi\/jasenille\/toimialat\/voimansiirto\/\">Voimansiirto<\/a><br><a data-type=\"page\" data-id=\"1674\" href=\"https:\/\/teknologiateollisuus.fi\/jasenille\/toimialat\/ydinenergia\/\">Ydinenergia-alan toimittajat<\/a><\/p>\n<\/div><\/div>\n<\/div>\n\n\n\n<div class=\"wp-block-evermade-links em-block-links has-columns-1 is-style-quicklinks\">\n<a\n\tclass=\"wp-block-evermade-external-link em-block-link is-external   \"\n\thref=\"https:\/\/teknologiateollisuus.fi\/metallinjalostajat\/yhteystiedot\"\n\taria-label=\"Avaa uudessa v\u00e4lilehdess\u00e4\"\n\ttarget=\"_blank\"\n\trel=\"noopener noreferrer\"\n>\n\t<div class=\"em-block-link__content\">\n\t\t<span class=\"em-block-link__title\">\n\t\t\tLiity j\u00e4seneksi\t\t<\/span>\n\t\t\t<\/div>\n\t<div class=\"em-block-link__arrow\"><\/div>\n\t<div class=\"em-block-link__pressable\"><\/div>\n<\/a>\n\n\n\n<a\n\tclass=\"wp-block-evermade-external-link em-block-link is-external   \"\n\thref=\"https:\/\/teknologiateollisuus.fi\/metallinjalostajat\"\n\taria-label=\"Avaa uudessa v\u00e4lilehdess\u00e4\"\n\ttarget=\"_blank\"\n\trel=\"noopener noreferrer\"\n>\n\t<div class=\"em-block-link__content\">\n\t\t<span class=\"em-block-link__title\">\n\t\t\tMetallinjalostajien verkkosivut\t\t<\/span>\n\t\t\t<\/div>\n\t<div class=\"em-block-link__arrow\"><\/div>\n\t<div class=\"em-block-link__pressable\"><\/div>\n<\/a>\n<\/div>\n\n\n\n<div class=\"wp-block-group is-style-tight has-light-gray-background-color has-background is-layout-constrained wp-block-group-is-layout-constrained\">\n<h2 class=\"wp-block-heading\" id=\"h-toimiala-lukuina\" id=\"toimiala-lukuina\">Toimiala lukuina<\/h2>\n\n\n\n<p class=\" mt-none\">Alan liikevaihto 2022: <strong>9 mrd. \u20ac<\/strong><\/p>\n\n\n\n<p class=\" mt-none\">Ty\u00f6llist\u00e4misvaikutus: <strong>suorat ty\u00f6lliset 16 000 ja v\u00e4lilliset arviolta 50&nbsp;000<\/strong><\/p>\n\n\n\n<p class=\" mt-none\">Osuus Suomen tavaraviennist\u00e4 (1-10\/2023): <strong>15,7 % <\/strong><\/p>\n<\/div>\n\n\n\n<h2 class=\"wp-block-heading\" id=\"h-toiminnan-paakohdat\" id=\"toiminnan-paakohdat\">Toiminnan p\u00e4\u00e4kohdat:<\/h2>\n\n\n\n<p>Metallien arvoketju ja siihen liittyv\u00e4 teknologiavalmistus on t\u00e4rke\u00e4 osa Suomen strategista kilpailukyky\u00e4 ja tarjoaa kasvun sek\u00e4 hyvinvoinnin mahdollisuuksia pitk\u00e4lle tulevaisuuteen. Keskeist\u00e4 menestymiselle on, ett\u00e4  <\/p>\n\n\n\n<ul class=\"wp-block-list  mt-none\">\n<li>energia- ja ilmastopolitiikka suosii kest\u00e4v\u00e4\u00e4 Suomalaista tuotantoa<\/li>\n\n\n\n<li>osaavaa ty\u00f6voimaa on tarjolla<\/li>\n\n\n\n<li>puhdas s\u00e4hk\u00f6 on edullista ja sen saatavuus on turvattu.<\/li>\n<\/ul>\n\n\n\n<h2 class=\"wp-block-heading\" id=\"h-toimialayhdistyksen-paatehtavat\" id=\"toimialayhdistyksen-paatehtavat\">Toimialayhdistyksen p\u00e4\u00e4teht\u00e4v\u00e4t<\/h2>\n\n\n\n<p>Yhdistyksen p\u00e4\u00e4asiallisena teht\u00e4v\u00e4n\u00e4 on valvoa toimialan yhteist\u00e4 etua l\u00e4heisess\u00e4 yhteistoiminnassa Teknologiateollisuus ry:n kanssa sek\u00e4 toimia alan tunnettuuden ja vetovoiman lis\u00e4\u00e4miseksi. <\/p>\n\n\n\n<p>Keskeiset vaikuttamiskokonaisuudet ovat:<\/p>\n\n\n\n<ul class=\"wp-block-list mt-none is-style-default\">\n<li>Energia- ja s\u00e4hk\u00f6markkina kehittyv\u00e4t raskasta teollisuutta edist\u00e4v\u00e4sti. Ilmastopolitiikka suosii uudistumista.<\/li>\n\n\n\n<li>Toimivat markkinat \u2013 kilpailuetua v\u00e4h\u00e4p\u00e4\u00e4st\u00f6iselle edell\u00e4k\u00e4vij\u00e4lle. Raaka-aineiden turvattu saanti.<\/li>\n\n\n\n<li>Tutkimus ja koulutus vastaavat toimialan tarpeisiin.<\/li>\n\n\n\n<li>Yrityksi\u00e4 koskevaan lains\u00e4\u00e4d\u00e4nt\u00f6\u00f6n vaikuttaminen \u2013 mahdollistava s\u00e4\u00e4ntely.<\/li>\n\n\n\n<li>Yleinen vaikuttaminen.<\/li>\n<\/ul>\n\n\n\n<div class=\"wp-block-scb-columns scb-columns  has-mobile-behavior--stacked has-columns-1 em-pattern-event-contacts\">\n<div class=\"wp-block-scb-column scb-column is-scale-cover\">\n<h2 class=\"wp-block-heading\" id=\"h-kysyttavaa-jasenasioista\" id=\"kysyttavaa-jasenasioista\">Kysytt\u00e4v\u00e4\u00e4 j\u00e4senasioista?<\/h2>\n\n\n\n<p>Yhteystiedot ja j\u00e4senluettelon l\u00f6yd\u00e4t alta. Tutustu yhdistykseen tarkemmin <a href=\"https:\/\/teknologiateollisuus.fi\/metallinjalostajat\">Metallinjalostajien verkkosivuilla.<\/a><\/p>\n\n\n<\/div>\n\n\n\n<div class=\"wp-block-scb-column scb-column is-scale-cover\">\n<p>Toimialaryhm\u00e4n sihteeri antaa lis\u00e4tietoja toimialan j\u00e4senyyteen liittyviss\u00e4 asioissa. Toimialaryhm\u00e4n muut tiedot ja j\u00e4senluettelo l\u00f6ytyv\u00e4t alla olevista pudotusvalikoista.<\/p>\n\n\n\n<div class=\"wp-block-evermade-accordion em-block-accordion js-accordion-group\">\n<div class=\"wp-block-evermade-accordion-item em-block-accordion-item js-accordion-item\"><h6 class=\"em-block-accordion-item__title-wrapper\"><button class=\"em-block-accordion-item__title js-accordion-controller\">J\u00e4senet<\/button><\/h6><div id=\"accordion-item-content-2\" class=\"em-block-accordion-item__content js-accordion-content\">\n<p>Aurubis Finland Oy<\/p>\n\n\n\n<p>Boliden Harjavalta Oy&nbsp;<\/p>\n\n\n\n<p>Boliden Kokkola Oy<\/p>\n\n\n\n<p>Metso Oyj<\/p>\n\n\n\n<p>Norilsk Nickel Harjavalta Oy<\/p>\n\n\n\n<p>Outokumpu Oyj<\/p>\n\n\n\n<p>Ovako Imatra Oy Ab<\/p>\n\n\n\n<p>SSAB Europe Oy<\/p>\n<\/div><\/div>\n<\/div>\n<\/div>\n\n\n\n<div class=\"wp-block-scb-column scb-column is-scale-cover\">\n<h3 class=\"wp-block-heading  mt-xs\" id=\"h-jasenmaksu\" id=\"jasenmaksu\">J\u00e4senmaksu<\/h3>\n\n\n\n<p class=\" mt-xs\">Metallinjalostajien syyskokous m\u00e4\u00e4r\u00e4\u00e4 yhdistyksen talousarvioon perustuvan j\u00e4senilt\u00e4 koottavan kokonaisj\u00e4senmaksun yhdistyksen seuraavan toimintavuoden toiminnan rahoittamiseksi. J\u00e4senelle m\u00e4\u00e4r\u00e4tt\u00e4v\u00e4 maksuosuus muodostuu seuraavasti:<\/p>\n\n\n\n<ul class=\"wp-block-list  mt-none\">\n<li>kokonaisj\u00e4senmaksusta 2\/5 jaetaan tasan j\u00e4senten kesken<\/li>\n\n\n\n<li>kokonaisj\u00e4senmaksusta 3\/5 jaetaan j\u00e4senyritysten palveluksessa edelt\u00e4v\u00e4n vuoden lopussa Suomessa olleiden henkil\u00f6iden m\u00e4\u00e4rien suhteessa.<\/li>\n<\/ul>\n\n\n\n<p class=\" mt-xs\">J\u00e4senmaksun suorittamisajan ja -tavan p\u00e4\u00e4tt\u00e4\u00e4 hallitus. J\u00e4senmaksun laskemiseen tarvittavat tiedot on annettava yhdistykselle vuosittain helmikuun loppuun menness\u00e4.<\/p>\n<\/div>\n<\/div>\n","protected":false},"excerpt":{"rendered":"<p>Toimiala lukuina Alan liikevaihto 2022: 9 mrd. \u20ac Ty\u00f6llist\u00e4misvaikutus: suorat ty\u00f6lliset 16 000 ja v\u00e4lilliset arviolta 50&nbsp;000 Osuus Suomen tavaraviennist\u00e4 (1-10\/2023): 15,7 % Toiminnan p\u00e4\u00e4kohdat: Metallien arvoketju ja siihen liittyv\u00e4 teknologiavalmistus on t\u00e4rke\u00e4 osa Suomen strategista kilpailukyky\u00e4 ja tarjoaa kasvun sek\u00e4 hyvinvoinnin mahdollisuuksia pitk\u00e4lle tulevaisuuteen. Keskeist\u00e4 menestymiselle on, ett\u00e4 Toimialayhdistyksen p\u00e4\u00e4teht\u00e4v\u00e4t Yhdistyksen p\u00e4\u00e4asiallisena teht\u00e4v\u00e4n\u00e4 on [&hellip;]<\/p>\n","protected":false},"author":7,"featured_media":0,"parent":2080,"menu_order":0,"comment_status":"closed","ping_status":"closed","template":"","meta":{"_acf_changed":false,"_relevanssi_hide_post":"","_relevanssi_hide_content":"","_relevanssi_pin_for_all":"","_relevanssi_pin_keywords":"","_relevanssi_unpin_keywords":"","_relevanssi_related_keywords":"","_relevanssi_related_include_ids":"","_relevanssi_related_exclude_ids":"","_relevanssi_related_no_append":"","_relevanssi_related_not_related":"","_relevanssi_related_posts":"1417,168,165,166,169,167","_relevanssi_noindex_reason":"","inline_featured_image":false,"growthstack-ab-test":[],"growthstack-ab-test-views":[],"footnotes":""},"class_list":["post-1680","page","type-page","status-publish","hentry"],"acf":{"is_store_related":false,"locked":false},"yoast_head":"<!-- This site is optimized with the Yoast SEO Premium plugin v27.1 (Yoast SEO v27.3) - https:\/\/yoast.com\/product\/yoast-seo-premium-wordpress\/ -->\n<title>Metallinjalostajat - Teknologiateollisuus - J\u00e4senille<\/title>\n<meta name=\"description\" content=\"Metallinjalostajat on metalleja valmistavan ja niiden jalostukseen liittyvi\u00e4 teknologioita kehitt\u00e4v\u00e4n teollisuuden toimialaj\u00e4rjest\u00f6.\" \/>\n<meta name=\"robots\" content=\"index, follow, max-snippet:-1, max-image-preview:large, max-video-preview:-1\" \/>\n<link rel=\"canonical\" href=\"https:\/\/teknologiateollisuus.fi\/jasenille\/palvelut\/toimialat\/metallinjalostajat\/\" \/>\n<meta property=\"og:locale\" content=\"fi_FI\" \/>\n<meta property=\"og:type\" content=\"article\" \/>\n<meta property=\"og:title\" content=\"Metallinjalostajat\" \/>\n<meta property=\"og:description\" content=\"Metallinjalostajat on metalleja valmistavan ja niiden jalostukseen liittyvi\u00e4 teknologioita kehitt\u00e4v\u00e4n teollisuuden toimialaj\u00e4rjest\u00f6.\" \/>\n<meta property=\"og:url\" content=\"https:\/\/teknologiateollisuus.fi\/jasenille\/palvelut\/toimialat\/metallinjalostajat\/\" \/>\n<meta property=\"og:site_name\" content=\"Teknologiateollisuus - J\u00e4senille\" \/>\n<meta property=\"article:modified_time\" content=\"2025-07-15T12:55:04+00:00\" \/>\n<meta name=\"twitter:card\" content=\"summary_large_image\" \/>\n<meta name=\"twitter:label1\" content=\"Arvioitu lukuaika\" \/>\n\t<meta name=\"twitter:data1\" content=\"2 minuuttia\" \/>\n<script type=\"application\/ld+json\" class=\"yoast-schema-graph\">{\"@context\":\"https:\\\/\\\/schema.org\",\"@graph\":[{\"@type\":\"WebPage\",\"@id\":\"https:\\\/\\\/teknologiateollisuus.fi\\\/jasenille\\\/palvelut\\\/toimialat\\\/metallinjalostajat\\\/\",\"url\":\"https:\\\/\\\/teknologiateollisuus.fi\\\/jasenille\\\/palvelut\\\/toimialat\\\/metallinjalostajat\\\/\",\"name\":\"Metallinjalostajat - Teknologiateollisuus - J\u00e4senille\",\"isPartOf\":{\"@id\":\"https:\\\/\\\/teknologiateollisuus.fi\\\/jasenille\\\/#website\"},\"datePublished\":\"2024-01-21T19:44:23+00:00\",\"dateModified\":\"2025-07-15T12:55:04+00:00\",\"description\":\"Metallinjalostajat on metalleja valmistavan ja niiden jalostukseen liittyvi\u00e4 teknologioita kehitt\u00e4v\u00e4n teollisuuden toimialaj\u00e4rjest\u00f6.\",\"breadcrumb\":{\"@id\":\"https:\\\/\\\/teknologiateollisuus.fi\\\/jasenille\\\/palvelut\\\/toimialat\\\/metallinjalostajat\\\/#breadcrumb\"},\"inLanguage\":\"fi\",\"potentialAction\":[{\"@type\":\"ReadAction\",\"target\":[\"https:\\\/\\\/teknologiateollisuus.fi\\\/jasenille\\\/palvelut\\\/toimialat\\\/metallinjalostajat\\\/\"]}]},{\"@type\":\"BreadcrumbList\",\"@id\":\"https:\\\/\\\/teknologiateollisuus.fi\\\/jasenille\\\/palvelut\\\/toimialat\\\/metallinjalostajat\\\/#breadcrumb\",\"itemListElement\":[{\"@type\":\"ListItem\",\"position\":1,\"name\":\"Home\",\"item\":\"https:\\\/\\\/teknologiateollisuus.fi\\\/jasenille\\\/\"},{\"@type\":\"ListItem\",\"position\":2,\"name\":\"Palvelut\",\"item\":\"https:\\\/\\\/teknologiateollisuus.fi\\\/jasenille\\\/palvelut\\\/\"},{\"@type\":\"ListItem\",\"position\":3,\"name\":\"Toimialat\",\"item\":\"https:\\\/\\\/teknologiateollisuus.fi\\\/jasenille\\\/palvelut\\\/toimialat\\\/\"},{\"@type\":\"ListItem\",\"position\":4,\"name\":\"Metallinjalostajat\"}]},{\"@type\":\"WebSite\",\"@id\":\"https:\\\/\\\/teknologiateollisuus.fi\\\/jasenille\\\/#website\",\"url\":\"https:\\\/\\\/teknologiateollisuus.fi\\\/jasenille\\\/\",\"name\":\"Teknologiateollisuus - J\u00e4senille\",\"description\":\"\",\"publisher\":{\"@id\":\"https:\\\/\\\/teknologiateollisuus.fi\\\/jasenille\\\/#organization\"},\"potentialAction\":[{\"@type\":\"SearchAction\",\"target\":{\"@type\":\"EntryPoint\",\"urlTemplate\":\"https:\\\/\\\/teknologiateollisuus.fi\\\/jasenille\\\/?s={search_term_string}\"},\"query-input\":{\"@type\":\"PropertyValueSpecification\",\"valueRequired\":true,\"valueName\":\"search_term_string\"}}],\"inLanguage\":\"fi\"},{\"@type\":\"Organization\",\"@id\":\"https:\\\/\\\/teknologiateollisuus.fi\\\/jasenille\\\/#organization\",\"name\":\"Teknologiateollisuus - J\u00e4senille\",\"url\":\"https:\\\/\\\/teknologiateollisuus.fi\\\/jasenille\\\/\",\"logo\":{\"@type\":\"ImageObject\",\"inLanguage\":\"fi\",\"@id\":\"https:\\\/\\\/teknologiateollisuus.fi\\\/jasenille\\\/#\\\/schema\\\/logo\\\/image\\\/\",\"url\":\"https:\\\/\\\/teknologiateollisuus.fi\\\/jasenille\\\/wp-content\\\/uploads\\\/sites\\\/1\\\/2023\\\/10\\\/placeholder.png\",\"contentUrl\":\"https:\\\/\\\/teknologiateollisuus.fi\\\/jasenille\\\/wp-content\\\/uploads\\\/sites\\\/1\\\/2023\\\/10\\\/placeholder.png\",\"width\":2560,\"height\":1920,\"caption\":\"Teknologiateollisuus - J\u00e4senille\"},\"image\":{\"@id\":\"https:\\\/\\\/teknologiateollisuus.fi\\\/jasenille\\\/#\\\/schema\\\/logo\\\/image\\\/\"}}]}<\/script>\n<!-- \/ Yoast SEO Premium plugin. -->","yoast_head_json":{"title":"Metallinjalostajat - Teknologiateollisuus - J\u00e4senille","description":"Metallinjalostajat on metalleja valmistavan ja niiden jalostukseen liittyvi\u00e4 teknologioita kehitt\u00e4v\u00e4n teollisuuden toimialaj\u00e4rjest\u00f6.","robots":{"index":"index","follow":"follow","max-snippet":"max-snippet:-1","max-image-preview":"max-image-preview:large","max-video-preview":"max-video-preview:-1"},"canonical":"https:\/\/teknologiateollisuus.fi\/jasenille\/palvelut\/toimialat\/metallinjalostajat\/","og_locale":"fi_FI","og_type":"article","og_title":"Metallinjalostajat","og_description":"Metallinjalostajat on metalleja valmistavan ja niiden jalostukseen liittyvi\u00e4 teknologioita kehitt\u00e4v\u00e4n teollisuuden toimialaj\u00e4rjest\u00f6.","og_url":"https:\/\/teknologiateollisuus.fi\/jasenille\/palvelut\/toimialat\/metallinjalostajat\/","og_site_name":"Teknologiateollisuus - J\u00e4senille","article_modified_time":"2025-07-15T12:55:04+00:00","twitter_card":"summary_large_image","twitter_misc":{"Arvioitu lukuaika":"2 minuuttia"},"schema":{"@context":"https:\/\/schema.org","@graph":[{"@type":"WebPage","@id":"https:\/\/teknologiateollisuus.fi\/jasenille\/palvelut\/toimialat\/metallinjalostajat\/","url":"https:\/\/teknologiateollisuus.fi\/jasenille\/palvelut\/toimialat\/metallinjalostajat\/","name":"Metallinjalostajat - Teknologiateollisuus - J\u00e4senille","isPartOf":{"@id":"https:\/\/teknologiateollisuus.fi\/jasenille\/#website"},"datePublished":"2024-01-21T19:44:23+00:00","dateModified":"2025-07-15T12:55:04+00:00","description":"Metallinjalostajat on metalleja valmistavan ja niiden jalostukseen liittyvi\u00e4 teknologioita kehitt\u00e4v\u00e4n teollisuuden toimialaj\u00e4rjest\u00f6.","breadcrumb":{"@id":"https:\/\/teknologiateollisuus.fi\/jasenille\/palvelut\/toimialat\/metallinjalostajat\/#breadcrumb"},"inLanguage":"fi","potentialAction":[{"@type":"ReadAction","target":["https:\/\/teknologiateollisuus.fi\/jasenille\/palvelut\/toimialat\/metallinjalostajat\/"]}]},{"@type":"BreadcrumbList","@id":"https:\/\/teknologiateollisuus.fi\/jasenille\/palvelut\/toimialat\/metallinjalostajat\/#breadcrumb","itemListElement":[{"@type":"ListItem","position":1,"name":"Home","item":"https:\/\/teknologiateollisuus.fi\/jasenille\/"},{"@type":"ListItem","position":2,"name":"Palvelut","item":"https:\/\/teknologiateollisuus.fi\/jasenille\/palvelut\/"},{"@type":"ListItem","position":3,"name":"Toimialat","item":"https:\/\/teknologiateollisuus.fi\/jasenille\/palvelut\/toimialat\/"},{"@type":"ListItem","position":4,"name":"Metallinjalostajat"}]},{"@type":"WebSite","@id":"https:\/\/teknologiateollisuus.fi\/jasenille\/#website","url":"https:\/\/teknologiateollisuus.fi\/jasenille\/","name":"Teknologiateollisuus - J\u00e4senille","description":"","publisher":{"@id":"https:\/\/teknologiateollisuus.fi\/jasenille\/#organization"},"potentialAction":[{"@type":"SearchAction","target":{"@type":"EntryPoint","urlTemplate":"https:\/\/teknologiateollisuus.fi\/jasenille\/?s={search_term_string}"},"query-input":{"@type":"PropertyValueSpecification","valueRequired":true,"valueName":"search_term_string"}}],"inLanguage":"fi"},{"@type":"Organization","@id":"https:\/\/teknologiateollisuus.fi\/jasenille\/#organization","name":"Teknologiateollisuus - J\u00e4senille","url":"https:\/\/teknologiateollisuus.fi\/jasenille\/","logo":{"@type":"ImageObject","inLanguage":"fi","@id":"https:\/\/teknologiateollisuus.fi\/jasenille\/#\/schema\/logo\/image\/","url":"https:\/\/teknologiateollisuus.fi\/jasenille\/wp-content\/uploads\/sites\/1\/2023\/10\/placeholder.png","contentUrl":"https:\/\/teknologiateollisuus.fi\/jasenille\/wp-content\/uploads\/sites\/1\/2023\/10\/placeholder.png","width":2560,"height":1920,"caption":"Teknologiateollisuus - J\u00e4senille"},"image":{"@id":"https:\/\/teknologiateollisuus.fi\/jasenille\/#\/schema\/logo\/image\/"}}]}},"lang":"fi","translations":{"fi":1680},"pll_sync_post":[],"_links":{"self":[{"href":"https:\/\/teknologiateollisuus.fi\/jasenille\/wp-json\/wp\/v2\/pages\/1680","targetHints":{"allow":["GET"]}}],"collection":[{"href":"https:\/\/teknologiateollisuus.fi\/jasenille\/wp-json\/wp\/v2\/pages"}],"about":[{"href":"https:\/\/teknologiateollisuus.fi\/jasenille\/wp-json\/wp\/v2\/types\/page"}],"author":[{"embeddable":true,"href":"https:\/\/teknologiateollisuus.fi\/jasenille\/wp-json\/wp\/v2\/users\/7"}],"replies":[{"embeddable":true,"href":"https:\/\/teknologiateollisuus.fi\/jasenille\/wp-json\/wp\/v2\/comments?post=1680"}],"version-history":[{"count":17,"href":"https:\/\/teknologiateollisuus.fi\/jasenille\/wp-json\/wp\/v2\/pages\/1680\/revisions"}],"predecessor-version":[{"id":27170,"href":"https:\/\/teknologiateollisuus.fi\/jasenille\/wp-json\/wp\/v2\/pages\/1680\/revisions\/27170"}],"up":[{"embeddable":true,"href":"https:\/\/teknologiateollisuus.fi\/jasenille\/wp-json\/wp\/v2\/pages\/2080"}],"wp:attachment":[{"href":"https:\/\/teknologiateollisuus.fi\/jasenille\/wp-json\/wp\/v2\/media?parent=1680"}],"curies":[{"name":"wp","href":"https:\/\/api.w.org\/{rel}","templated":true}]}}