{"id":1688,"date":"2024-01-21T21:22:22","date_gmt":"2024-01-21T19:22:22","guid":{"rendered":"https:\/\/teknologiateollisuus.fi\/jasenille\/?page_id=1688"},"modified":"2026-03-27T13:44:59","modified_gmt":"2026-03-27T11:44:59","slug":"skol","status":"publish","type":"page","link":"https:\/\/teknologiateollisuus.fi\/jasenille\/palvelut\/toimialat\/skol\/","title":{"rendered":"Suunnittelu- ja konsultointiala"},"content":{"rendered":"\n<div class=\"em-block-hero hero-has-background-color has-background has-black-background-color collapse  \">\n\t<div class=\"em-block-hero__container\">\n\t\t<div class=\"em-block-hero__content\">\n\t\t\t<div class=\"yoast-breadcrumbs\"><span><span><a href=\"https:\/\/teknologiateollisuus.fi\/jasenille\/\">Home<\/a><\/span> <span class=\"separator\"><\/span> <span><a href=\"https:\/\/teknologiateollisuus.fi\/jasenille\/palvelut\/\">Palvelut<\/a><\/span> <span class=\"separator\"><\/span> <span><a href=\"https:\/\/teknologiateollisuus.fi\/jasenille\/palvelut\/toimialat\/\">Toimialat<\/a><\/span> <span class=\"separator\"><\/span> <span class=\"breadcrumb_last\" aria-current=\"page\">Suunnittelu- ja konsultointiala<\/span><\/span><\/div>\t\t\t\n<p class=\"is-style-pre-headline\"><strong>Toimialayhdistys<\/strong><\/p>\n\n<h1 class=\"wp-block-heading\" id=\"h-skol-ry\">SKOL ry<\/h1>\n\n<p>SKOL ry on suunnittelu- ja konsultointialan yritysten toimialaj\u00e4rjest\u00f6. J\u00e4rjest\u00f6 edist\u00e4\u00e4 hyv\u00e4\u00e4 suomalaista suunnittelua ja konsultointia, joka ratkaisee yhteiskunnan ja elinkeinoel\u00e4m\u00e4n merkitt\u00e4vi\u00e4 tulevaisuuden haasteita.<\/p>\n\t\t\t<div class=\"em-block-hero__modified-date\"> P\u00e4ivitetty 27.03.2026 klo 13:44<\/div>\t\t<\/div>\n\t\t\t\t\t<figure class=\"em-block-hero__image\">\n\t\t\t\t\t\t\t<\/figure>\n\t\t\t<\/div>\n<\/div>\n\n\n\n<div class=\"wp-block-evermade-accordion em-block-accordion js-accordion-group\">\n<div class=\"wp-block-evermade-accordion-item em-block-accordion-item js-accordion-item\"><h6 class=\"em-block-accordion-item__title-wrapper\"><button class=\"em-block-accordion-item__title js-accordion-controller\">Toimialayhdistykset<\/button><\/h6><div id=\"accordion-item-content-0\" class=\"em-block-accordion-item__content js-accordion-content\">\n<p><a href=\"https:\/\/teknologiateollisuus.fi\/jasenille\/toimialat\/kaapeliteollisuus\/\" data-type=\"page\" data-id=\"1667\">Kaapeliteollisuusyhdistys<\/a><br><a href=\"https:\/\/teknologiateollisuus.fi\/jasenille\/toimialat\/kaivosteollisuus\/\" data-type=\"page\" data-id=\"1677\">Kaivosteollisuus<\/a><br><a href=\"https:\/\/teknologiateollisuus.fi\/jasenille\/toimialat\/kyberala\/\" data-type=\"page\" data-id=\"1678\">Kyberala<\/a><br><a href=\"https:\/\/teknologiateollisuus.fi\/jasenille\/toimialat\/meriteollisuus\/\" data-type=\"page\" data-id=\"1679\">Meriteollisuus<\/a><br><a href=\"https:\/\/teknologiateollisuus.fi\/jasenille\/toimialat\/metallinjalostajat\/\" data-type=\"page\" data-id=\"1680\">Metallinjalostajat<\/a><br><a href=\"https:\/\/teknologiateollisuus.fi\/jasenille\/toimialat\/mthln-tyonantajat\/\" data-type=\"page\" data-id=\"1686\">MTHL:n ty\u00f6nantajat<\/a><br><a href=\"https:\/\/teknologiateollisuus.fi\/jasenille\/toimialat\/puolustus-ja-ilmailuteollisuus\/\" data-type=\"page\" data-id=\"1687\">Puolustus- ja Ilmailuteollisuus PIA<\/a><br><a href=\"https:\/\/teknologiateollisuus.fi\/jasenille\/toimialat\/skol\/\" data-type=\"page\" data-id=\"1688\">Suunnittelu ja konsultointi<\/a><br><a href=\"https:\/\/teknologiateollisuus.fi\/jasenille\/toimialat\/sahkoinen-liikenne\/\" data-type=\"page\" data-id=\"1692\">S\u00e4hk\u00f6inen liikenne<\/a><br><a href=\"https:\/\/teknologiateollisuus.fi\/jasenille\/toimialat\/terveysteknologia\/\" data-type=\"page\" data-id=\"1695\">Terveysteknologia<\/a><br><a href=\"https:\/\/teknologiateollisuus.fi\/jasenille\/toimialat\/valimoteollisuus\/\" data-type=\"page\" data-id=\"1697\">Valimoteollisuus<\/a><\/p>\n<\/div><\/div>\n\n\n\n<div class=\"wp-block-evermade-accordion-item em-block-accordion-item js-accordion-item\"><h6 class=\"em-block-accordion-item__title-wrapper\"><button class=\"em-block-accordion-item__title js-accordion-controller\">Toimialaryhm\u00e4t<\/button><\/h6><div id=\"accordion-item-content-1\" class=\"em-block-accordion-item__content js-accordion-content\">\n<p class=\" mb-none\"><a href=\"https:\/\/teknologiateollisuus.fi\/jasenille\/toimialat\/alihankkijat\/\" data-type=\"page\" data-id=\"1639\">Alihankkijat<\/a><br><a href=\"https:\/\/teknologiateollisuus.fi\/jasenille\/toimialat\/alumiinituotteet\/\" data-type=\"page\" data-id=\"1640\">Alumiinituotteet<\/a><br><a href=\"https:\/\/teknologiateollisuus.fi\/jasenille\/verkostot-ja-tyoryhmat\/toimialat\/kulkuneuvot-stipendiryhma\/\">Kulkuneuvot-stipendiryhm\u00e4<\/a><br><a href=\"https:\/\/teknologiateollisuus.fi\/jasenille\/toimialat\/lampokasittely-ja-takomot\/\" data-type=\"page\" data-id=\"1008\">L\u00e4mp\u00f6k\u00e4sittely ja takomot<\/a><br><a href=\"https:\/\/teknologiateollisuus.fi\/jasenille\/toimialat\/metallintyostokoneet-ja-tuotantoautomaatio\/\" data-type=\"page\" data-id=\"1642\">Metallinty\u00f6st\u00f6koneet<\/a><\/p>\n\n\n\n<p class=\" mt-none\"><a href=\"https:\/\/teknologiateollisuus.fi\/jasenille\/verkostot-ja-tyoryhmat\/toimialat\/nosto-ja-siirtolaitteet\/\">Nosto- ja siirtolaitteet<\/a><br><a data-type=\"page\" data-id=\"1644\" href=\"https:\/\/teknologiateollisuus.fi\/jasenille\/toimialat\/ohutlevytuotteet\/\">Ohutlevytuotteet<\/a><br><a data-type=\"page\" data-id=\"1645\" href=\"https:\/\/teknologiateollisuus.fi\/jasenille\/toimialat\/paikkatieto\/\">Paikkatieto<\/a><br><a data-type=\"page\" data-id=\"1641\" href=\"https:\/\/teknologiateollisuus.fi\/jasenille\/toimialat\/peravaunut-ja-paallirakenteet\/\">Per\u00e4vaunut ja p\u00e4\u00e4llirakenteet<\/a><br><a data-type=\"page\" data-id=\"1646\" href=\"https:\/\/teknologiateollisuus.fi\/jasenille\/toimialat\/polttomoottorit\/\">Polttomoottorit<\/a><br><a data-type=\"page\" data-id=\"1643\" href=\"https:\/\/teknologiateollisuus.fi\/jasenille\/toimialat\/puolijohteet\/\">Puolijohteet<\/a><br><a data-type=\"page\" data-id=\"1655\" href=\"https:\/\/teknologiateollisuus.fi\/jasenille\/toimialat\/puuntyostokoneet\/\">Puunty\u00f6st\u00f6koneet<\/a><br><a data-type=\"page\" data-id=\"1656\" href=\"https:\/\/teknologiateollisuus.fi\/jasenille\/toimialat\/rakennuskonevalmistajat\/\">Rakennuskonevalmistajat<\/a><br><a data-type=\"page\" data-id=\"1657\" href=\"https:\/\/teknologiateollisuus.fi\/jasenille\/toimialat\/teollisuusovet\/\">Teollisuusovet<\/a><br><a data-type=\"page\" data-id=\"1658\" href=\"https:\/\/teknologiateollisuus.fi\/jasenille\/toimialat\/teraspalo-ovet\/\">Ter\u00e4spalo-ovet<\/a><br><a data-type=\"page\" data-id=\"1659\" href=\"https:\/\/teknologiateollisuus.fi\/jasenille\/toimialat\/tietotekniikka\/\">Tietotekniikka&nbsp;(p\u00e4\u00e4toimialaryhm\u00e4)<\/a><br><a data-type=\"page\" data-id=\"1668\" href=\"https:\/\/teknologiateollisuus.fi\/jasenille\/toimialat\/tyovalineiden-valmistajat\/\">Ty\u00f6v\u00e4lineiden valmistajat<\/a><br><a data-type=\"page\" data-id=\"1669\" href=\"https:\/\/teknologiateollisuus.fi\/jasenille\/toimialat\/valaisinvalmistajat\/\">Valaisinvalmistajat<\/a><br><a data-type=\"page\" data-id=\"1670\" href=\"https:\/\/teknologiateollisuus.fi\/jasenille\/toimialat\/voimansiirto\/\">Voimansiirto<\/a><br><a data-type=\"page\" data-id=\"1674\" href=\"https:\/\/teknologiateollisuus.fi\/jasenille\/toimialat\/ydinenergia\/\">Ydinenergia-alan toimittajat<\/a><\/p>\n<\/div><\/div>\n<\/div>\n\n\n\n<div class=\"wp-block-evermade-links em-block-links has-columns-1 is-style-quicklinks\">\n<a\n\tclass=\"wp-block-evermade-external-link em-block-link is-external   \"\n\thref=\"https:\/\/teknologiateollisuus.fi\/skol\/fi\/jasenyys\"\n\taria-label=\"Avaa uudessa v\u00e4lilehdess\u00e4\"\n\ttarget=\"_blank\"\n\trel=\"noopener noreferrer\"\n>\n\t<div class=\"em-block-link__content\">\n\t\t<span class=\"em-block-link__title\">\n\t\t\tJ\u00e4seneksi toimialayhdistykseen\t\t<\/span>\n\t\t\t<\/div>\n\t<div class=\"em-block-link__arrow\"><\/div>\n\t<div class=\"em-block-link__pressable\"><\/div>\n<\/a>\n\n\n\n<a\n\tclass=\"wp-block-evermade-external-link em-block-link is-external   \"\n\thref=\"https:\/\/teknologiateollisuus.fi\/skol\/\"\n\taria-label=\"Avaa uudessa v\u00e4lilehdess\u00e4\"\n\ttarget=\"_blank\"\n\trel=\"noopener noreferrer\"\n>\n\t<div class=\"em-block-link__content\">\n\t\t<span class=\"em-block-link__title\">\n\t\t\tSKOL ry:n verkkosivut\t\t<\/span>\n\t\t\t<\/div>\n\t<div class=\"em-block-link__arrow\"><\/div>\n\t<div class=\"em-block-link__pressable\"><\/div>\n<\/a>\n<\/div>\n\n\n\n<div class=\"wp-block-group is-style-tight has-light-gray-background-color has-background is-layout-constrained wp-block-group-is-layout-constrained\">\n<h2 class=\"wp-block-heading\" id=\"h-suunnittelu-ja-konsultointiala\" id=\"suunnittelu-ja-konsultointiala\">Suunnittelu- ja konsultointiala<\/h2>\n\n\n\n<p class=\" mt-none\">Alan yritysten liikevaihto: <strong>6 200 milj. \u20ac<\/strong><\/p>\n\n\n\n<p class=\" mt-none\">TKI-panosten osuus alan yritysten liikevaihdosta: <strong>5 %<\/strong><\/p>\n\n\n\n<p class=\" mt-none\">Henkil\u00f6st\u00f6 alan yrityksiss\u00e4 Suomessa: <strong>54 000<\/strong><\/p>\n\n\n\n<p class=\" mt-none\">Viennin osuus alan yritysten tilauskannasta: <strong>16 %<\/strong><\/p>\n<\/div>\n\n\n\n<h2 class=\"wp-block-heading\" id=\"h-toimialayhdistyksen-paatehtavat\" id=\"toimialayhdistyksen-paatehtavat\">Toimialayhdistyksen p\u00e4\u00e4teht\u00e4v\u00e4t<\/h2>\n\n\n\n<ul class=\"wp-block-list is-style-default\">\n<li>Edist\u00e4\u00e4 ja kehitt\u00e4\u00e4 suomalaista suunnittelu- ja konsulttitoimintaa.<\/li>\n\n\n\n<li>Parantaa j\u00e4senyritysten liiketoiminnan yleisi\u00e4 edellytyksi\u00e4.<\/li>\n\n\n\n<li>Valvoa j\u00e4senkunnan arvostusta ja vastuuta sek\u00e4 yhteisi\u00e4<br>yhteiskunnallisia ja ammatillisia etuja.<\/li>\n\n\n\n<li>Turvata j\u00e4senten asema ty\u00f6markkinoilla.<\/li>\n\n\n\n<li>Toimia j\u00e4sentens\u00e4 tukena ja ammatillisena yhdyssiteen\u00e4.<\/li>\n<\/ul>\n\n\n\n<div class=\"wp-block-scb-columns scb-columns  has-mobile-behavior--stacked has-columns-1 em-pattern-event-contacts\">\n<div class=\"wp-block-scb-column scb-column is-scale-cover\">\n<h2 class=\"wp-block-heading\" id=\"h-kysyttavaa-jasenasioista\" id=\"kysyttavaa-jasenasioista\">Kysytt\u00e4v\u00e4\u00e4 j\u00e4senasioista?<\/h2>\n\n\n\n<p>Toimialayhdistyksen yhteystiedot ja j\u00e4senluettelon l\u00f6yd\u00e4t alta.<\/p>\n\n\n\n<article class=\"em-block-contact-card is-style-list\">\n\n\t<div class=\"em-block-contact-card__image\">\n\t\t\t\t\t<img loading=\"lazy\" decoding=\"async\" width=\"300\" height=\"400\" src=\"https:\/\/teknologiateollisuus.fi\/jasenille\/wp-content\/uploads\/2025\/11\/Jessica_Karhu_iso_05-300x400.jpg\" class=\"attachment-portrait size-portrait\" alt=\"Jessica Karhu\" \/>\t\t\t<\/div>\n\t<div class=\"em-block-contact-card__content-wrapper\">\n\t\t<div class=\"em-block-contact-card__content\">\n\t\t\t\t\t\t\t<div class=\"em-block-contact-card__business-units\">\n\t\t\t\t\t\t\t\t\t\t\t<span class=\"em-block-contact-card__business-unit\">Toimialat ja liiketoiminnan jatkuvuus<\/span>\n\t\t\t\t\t\t\t\t\t<\/div>\n\t\t\t\t\t\t<h3 class=\"em-block-contact-card__title\"><a target=\"_self\" href=\"https:\/\/teknologiateollisuus.fi\/?p=159817\">Karhu Jessica<\/a><\/h3>\n\t\t\t\t\t\t\t<span class=\"em-block-contact-card__job_title\">Toimitusjohtaja, SKOL<\/span>\n\t\t\t\t\t\t\t\t\t\t<span class=\"em-block-contact-card__organisation\">SKOL ry<\/span>\n\t\t\t\t\t<\/div>\n\t\t<div class=\"em-block-contact-card__content\">\n\t\t\t\t\t\t<address class=\"em-block-contact-card__contact-details\">\n\t\t\t\t\t\t\t\t\t<span class=\"em-block-contact-card__phone\">\n\t\t\t\t\t\t<a href=\"tel:+358 40 675 8899\">+358 40 675 8899<\/a><\/a>\n\t\t\t\t\t<\/span>\n\t\t\t\t\t\t\t\t\t\t\t\t\t<span class=\"em-block-contact-card__email\">\n\t\t\t\t\t\t<a href=\"mailto:jessica.karhu@teknologiateollisuus.fi\">jessica.karhu@teknologiateollisuus.fi<\/a><\/a>\n\t\t\t\t\t<\/span>\n\t\t\t\t\t\t\t<\/address>\n\t\t\t\t\t<\/div>\n\t<\/div>\n\n<\/article>\n\n\n\n<article class=\"em-block-contact-card is-style-list\">\n\n\t<div class=\"em-block-contact-card__image\">\n\t\t\t\t\t<img loading=\"lazy\" decoding=\"async\" width=\"300\" height=\"400\" src=\"https:\/\/teknologiateollisuus.fi\/jasenille\/wp-content\/uploads\/2024\/05\/phprqgvzq-300x400.jpg\" class=\"attachment-portrait size-portrait\" alt=\"\" srcset=\"https:\/\/teknologiateollisuus.fi\/jasenille\/wp-content\/uploads\/2024\/05\/phprqgvzq-300x400.jpg 300w, https:\/\/teknologiateollisuus.fi\/jasenille\/wp-content\/uploads\/2024\/05\/phprqgvzq-400x534.jpg 400w, https:\/\/teknologiateollisuus.fi\/jasenille\/wp-content\/uploads\/2024\/05\/phprqgvzq-968x1291.jpg 968w, https:\/\/teknologiateollisuus.fi\/jasenille\/wp-content\/uploads\/2024\/05\/phprqgvzq-768x1024.jpg 768w, https:\/\/teknologiateollisuus.fi\/jasenille\/wp-content\/uploads\/2024\/05\/phprqgvzq-1152x1536.jpg 1152w, https:\/\/teknologiateollisuus.fi\/jasenille\/wp-content\/uploads\/2024\/05\/phprqgvzq-975x1300.jpg 975w, https:\/\/teknologiateollisuus.fi\/jasenille\/wp-content\/uploads\/2024\/05\/phprqgvzq-1080x1440.jpg 1080w, https:\/\/teknologiateollisuus.fi\/jasenille\/wp-content\/uploads\/2024\/05\/phprqgvzq.jpg 1210w\" sizes=\"auto, (max-width: 300px) 100vw, 300px\" \/>\t\t\t<\/div>\n\t<div class=\"em-block-contact-card__content-wrapper\">\n\t\t<div class=\"em-block-contact-card__content\">\n\t\t\t\t\t\t\t<div class=\"em-block-contact-card__business-units\">\n\t\t\t\t\t\t\t\t\t\t\t<span class=\"em-block-contact-card__business-unit\">Toimialat ja liiketoiminnan jatkuvuus<\/span>\n\t\t\t\t\t\t\t\t\t<\/div>\n\t\t\t\t\t\t<h3 class=\"em-block-contact-card__title\"><a target=\"_self\" href=\"https:\/\/teknologiateollisuus.fi\/?p=1067\">Kiiskinen Matti<\/a><\/h3>\n\t\t\t\t\t\t\t<span class=\"em-block-contact-card__job_title\">Kehitysp\u00e4\u00e4llikk\u00f6 &#8211; SKOL<\/span>\n\t\t\t\t\t\t\t\t\t\t<span class=\"em-block-contact-card__organisation\">SKOL ry<\/span>\n\t\t\t\t\t<\/div>\n\t\t<div class=\"em-block-contact-card__content\">\n\t\t\t\t\t\t<address class=\"em-block-contact-card__contact-details\">\n\t\t\t\t\t\t\t\t\t<span class=\"em-block-contact-card__phone\">\n\t\t\t\t\t\t<a href=\"tel:+358 400717130\">+358 400717130<\/a><\/a>\n\t\t\t\t\t<\/span>\n\t\t\t\t\t\t\t\t\t\t\t\t\t<span class=\"em-block-contact-card__email\">\n\t\t\t\t\t\t<a href=\"mailto:matti.kiiskinen@teknologiateollisuus.fi\">matti.kiiskinen@teknologiateollisuus.fi<\/a><\/a>\n\t\t\t\t\t<\/span>\n\t\t\t\t\t\t\t<\/address>\n\t\t\t\t\t<\/div>\n\t<\/div>\n\n<\/article>\n\n\n\n<div class=\"wp-block-evermade-accordion em-block-accordion js-accordion-group\">\n<div class=\"wp-block-evermade-accordion-item em-block-accordion-item js-accordion-item  mt-none\"><h6 class=\"em-block-accordion-item__title-wrapper\"><button class=\"em-block-accordion-item__title js-accordion-controller\">J\u00e4senet<\/button><\/h6><div id=\"accordion-item-content-2\" class=\"em-block-accordion-item__content js-accordion-content\">\n<p>L\u00f6yd\u00e4t ajankohtaisen j\u00e4senluettelon SKOL ry:n verkkosivuilta.<\/p>\n\n\n\n<div class=\"wp-block-button  icon-right\"><a class=\"wp-block-button__link wp-element-button\" href=\"https:\/\/teknologiateollisuus.fi\/skol\/tietoa-meista\/jasenet\/\" target=\"_blank\" rel=\"noreferrer noopener\"><strong>J\u00e4senet<\/strong><\/a><\/div>\n<\/div><\/div>\n<\/div>\n<\/div>\n<\/div>\n","protected":false},"excerpt":{"rendered":"<p>Suunnittelu- ja konsultointiala Alan yritysten liikevaihto: 6 200 milj. \u20ac TKI-panosten osuus alan yritysten liikevaihdosta: 5 % Henkil\u00f6st\u00f6 alan yrityksiss\u00e4 Suomessa: 54 000 Viennin osuus alan yritysten tilauskannasta: 16 % Toimialayhdistyksen p\u00e4\u00e4teht\u00e4v\u00e4t<\/p>\n","protected":false},"author":7,"featured_media":0,"parent":2080,"menu_order":0,"comment_status":"closed","ping_status":"closed","template":"","meta":{"_acf_changed":false,"_relevanssi_hide_post":"","_relevanssi_hide_content":"","_relevanssi_pin_for_all":"","_relevanssi_pin_keywords":"","_relevanssi_unpin_keywords":"","_relevanssi_related_keywords":"","_relevanssi_related_include_ids":"","_relevanssi_related_exclude_ids":"","_relevanssi_related_no_append":"","_relevanssi_related_not_related":"","_relevanssi_related_posts":"1417,169,168,165,166,167","_relevanssi_noindex_reason":"","inline_featured_image":false,"growthstack-ab-test":[],"growthstack-ab-test-views":[],"footnotes":""},"class_list":["post-1688","page","type-page","status-publish","hentry"],"acf":{"is_store_related":false,"locked":false},"yoast_head":"<!-- This site is optimized with the Yoast SEO Premium plugin v27.1 (Yoast SEO v27.3) - https:\/\/yoast.com\/product\/yoast-seo-premium-wordpress\/ -->\n<title>Suunnittelu- ja konsultointiala - Teknologiateollisuus - J\u00e4senille<\/title>\n<meta name=\"description\" content=\"SKOL ry on suunnittelu- ja konsultointialan yritysten toimialaj\u00e4rjest\u00f6. Lue lis\u00e4\u00e4 ja tutustu toimialayhdistyksen toimintaan!\" \/>\n<meta name=\"robots\" content=\"index, follow, max-snippet:-1, max-image-preview:large, max-video-preview:-1\" \/>\n<link rel=\"canonical\" href=\"https:\/\/teknologiateollisuus.fi\/jasenille\/palvelut\/toimialat\/skol\/\" \/>\n<meta property=\"og:locale\" content=\"fi_FI\" \/>\n<meta property=\"og:type\" content=\"article\" \/>\n<meta property=\"og:title\" content=\"Suunnittelu- ja konsultointiala\" \/>\n<meta property=\"og:description\" content=\"SKOL ry on suunnittelu- ja konsultointialan yritysten toimialaj\u00e4rjest\u00f6. Lue lis\u00e4\u00e4 ja tutustu toimialayhdistyksen toimintaan!\" \/>\n<meta property=\"og:url\" content=\"https:\/\/teknologiateollisuus.fi\/jasenille\/palvelut\/toimialat\/skol\/\" \/>\n<meta property=\"og:site_name\" content=\"Teknologiateollisuus - J\u00e4senille\" \/>\n<meta property=\"article:modified_time\" content=\"2026-03-27T11:44:59+00:00\" \/>\n<meta name=\"twitter:card\" content=\"summary_large_image\" \/>\n<meta name=\"twitter:label1\" content=\"Arvioitu lukuaika\" \/>\n\t<meta name=\"twitter:data1\" content=\"1 minuutti\" \/>\n<script type=\"application\/ld+json\" class=\"yoast-schema-graph\">{\"@context\":\"https:\\\/\\\/schema.org\",\"@graph\":[{\"@type\":\"WebPage\",\"@id\":\"https:\\\/\\\/teknologiateollisuus.fi\\\/jasenille\\\/palvelut\\\/toimialat\\\/skol\\\/\",\"url\":\"https:\\\/\\\/teknologiateollisuus.fi\\\/jasenille\\\/palvelut\\\/toimialat\\\/skol\\\/\",\"name\":\"Suunnittelu- ja konsultointiala - Teknologiateollisuus - J\u00e4senille\",\"isPartOf\":{\"@id\":\"https:\\\/\\\/teknologiateollisuus.fi\\\/jasenille\\\/#website\"},\"datePublished\":\"2024-01-21T19:22:22+00:00\",\"dateModified\":\"2026-03-27T11:44:59+00:00\",\"description\":\"SKOL ry on suunnittelu- ja konsultointialan yritysten toimialaj\u00e4rjest\u00f6. Lue lis\u00e4\u00e4 ja tutustu toimialayhdistyksen toimintaan!\",\"breadcrumb\":{\"@id\":\"https:\\\/\\\/teknologiateollisuus.fi\\\/jasenille\\\/palvelut\\\/toimialat\\\/skol\\\/#breadcrumb\"},\"inLanguage\":\"fi\",\"potentialAction\":[{\"@type\":\"ReadAction\",\"target\":[\"https:\\\/\\\/teknologiateollisuus.fi\\\/jasenille\\\/palvelut\\\/toimialat\\\/skol\\\/\"]}]},{\"@type\":\"BreadcrumbList\",\"@id\":\"https:\\\/\\\/teknologiateollisuus.fi\\\/jasenille\\\/palvelut\\\/toimialat\\\/skol\\\/#breadcrumb\",\"itemListElement\":[{\"@type\":\"ListItem\",\"position\":1,\"name\":\"Home\",\"item\":\"https:\\\/\\\/teknologiateollisuus.fi\\\/jasenille\\\/\"},{\"@type\":\"ListItem\",\"position\":2,\"name\":\"Palvelut\",\"item\":\"https:\\\/\\\/teknologiateollisuus.fi\\\/jasenille\\\/palvelut\\\/\"},{\"@type\":\"ListItem\",\"position\":3,\"name\":\"Toimialat\",\"item\":\"https:\\\/\\\/teknologiateollisuus.fi\\\/jasenille\\\/palvelut\\\/toimialat\\\/\"},{\"@type\":\"ListItem\",\"position\":4,\"name\":\"Suunnittelu- ja konsultointiala\"}]},{\"@type\":\"WebSite\",\"@id\":\"https:\\\/\\\/teknologiateollisuus.fi\\\/jasenille\\\/#website\",\"url\":\"https:\\\/\\\/teknologiateollisuus.fi\\\/jasenille\\\/\",\"name\":\"Teknologiateollisuus - J\u00e4senille\",\"description\":\"\",\"publisher\":{\"@id\":\"https:\\\/\\\/teknologiateollisuus.fi\\\/jasenille\\\/#organization\"},\"potentialAction\":[{\"@type\":\"SearchAction\",\"target\":{\"@type\":\"EntryPoint\",\"urlTemplate\":\"https:\\\/\\\/teknologiateollisuus.fi\\\/jasenille\\\/?s={search_term_string}\"},\"query-input\":{\"@type\":\"PropertyValueSpecification\",\"valueRequired\":true,\"valueName\":\"search_term_string\"}}],\"inLanguage\":\"fi\"},{\"@type\":\"Organization\",\"@id\":\"https:\\\/\\\/teknologiateollisuus.fi\\\/jasenille\\\/#organization\",\"name\":\"Teknologiateollisuus - J\u00e4senille\",\"url\":\"https:\\\/\\\/teknologiateollisuus.fi\\\/jasenille\\\/\",\"logo\":{\"@type\":\"ImageObject\",\"inLanguage\":\"fi\",\"@id\":\"https:\\\/\\\/teknologiateollisuus.fi\\\/jasenille\\\/#\\\/schema\\\/logo\\\/image\\\/\",\"url\":\"https:\\\/\\\/teknologiateollisuus.fi\\\/jasenille\\\/wp-content\\\/uploads\\\/sites\\\/1\\\/2023\\\/10\\\/placeholder.png\",\"contentUrl\":\"https:\\\/\\\/teknologiateollisuus.fi\\\/jasenille\\\/wp-content\\\/uploads\\\/sites\\\/1\\\/2023\\\/10\\\/placeholder.png\",\"width\":2560,\"height\":1920,\"caption\":\"Teknologiateollisuus - J\u00e4senille\"},\"image\":{\"@id\":\"https:\\\/\\\/teknologiateollisuus.fi\\\/jasenille\\\/#\\\/schema\\\/logo\\\/image\\\/\"}}]}<\/script>\n<!-- \/ Yoast SEO Premium plugin. -->","yoast_head_json":{"title":"Suunnittelu- ja konsultointiala - Teknologiateollisuus - J\u00e4senille","description":"SKOL ry on suunnittelu- ja konsultointialan yritysten toimialaj\u00e4rjest\u00f6. Lue lis\u00e4\u00e4 ja tutustu toimialayhdistyksen toimintaan!","robots":{"index":"index","follow":"follow","max-snippet":"max-snippet:-1","max-image-preview":"max-image-preview:large","max-video-preview":"max-video-preview:-1"},"canonical":"https:\/\/teknologiateollisuus.fi\/jasenille\/palvelut\/toimialat\/skol\/","og_locale":"fi_FI","og_type":"article","og_title":"Suunnittelu- ja konsultointiala","og_description":"SKOL ry on suunnittelu- ja konsultointialan yritysten toimialaj\u00e4rjest\u00f6. Lue lis\u00e4\u00e4 ja tutustu toimialayhdistyksen toimintaan!","og_url":"https:\/\/teknologiateollisuus.fi\/jasenille\/palvelut\/toimialat\/skol\/","og_site_name":"Teknologiateollisuus - J\u00e4senille","article_modified_time":"2026-03-27T11:44:59+00:00","twitter_card":"summary_large_image","twitter_misc":{"Arvioitu lukuaika":"1 minuutti"},"schema":{"@context":"https:\/\/schema.org","@graph":[{"@type":"WebPage","@id":"https:\/\/teknologiateollisuus.fi\/jasenille\/palvelut\/toimialat\/skol\/","url":"https:\/\/teknologiateollisuus.fi\/jasenille\/palvelut\/toimialat\/skol\/","name":"Suunnittelu- ja konsultointiala - Teknologiateollisuus - J\u00e4senille","isPartOf":{"@id":"https:\/\/teknologiateollisuus.fi\/jasenille\/#website"},"datePublished":"2024-01-21T19:22:22+00:00","dateModified":"2026-03-27T11:44:59+00:00","description":"SKOL ry on suunnittelu- ja konsultointialan yritysten toimialaj\u00e4rjest\u00f6. Lue lis\u00e4\u00e4 ja tutustu toimialayhdistyksen toimintaan!","breadcrumb":{"@id":"https:\/\/teknologiateollisuus.fi\/jasenille\/palvelut\/toimialat\/skol\/#breadcrumb"},"inLanguage":"fi","potentialAction":[{"@type":"ReadAction","target":["https:\/\/teknologiateollisuus.fi\/jasenille\/palvelut\/toimialat\/skol\/"]}]},{"@type":"BreadcrumbList","@id":"https:\/\/teknologiateollisuus.fi\/jasenille\/palvelut\/toimialat\/skol\/#breadcrumb","itemListElement":[{"@type":"ListItem","position":1,"name":"Home","item":"https:\/\/teknologiateollisuus.fi\/jasenille\/"},{"@type":"ListItem","position":2,"name":"Palvelut","item":"https:\/\/teknologiateollisuus.fi\/jasenille\/palvelut\/"},{"@type":"ListItem","position":3,"name":"Toimialat","item":"https:\/\/teknologiateollisuus.fi\/jasenille\/palvelut\/toimialat\/"},{"@type":"ListItem","position":4,"name":"Suunnittelu- ja konsultointiala"}]},{"@type":"WebSite","@id":"https:\/\/teknologiateollisuus.fi\/jasenille\/#website","url":"https:\/\/teknologiateollisuus.fi\/jasenille\/","name":"Teknologiateollisuus - J\u00e4senille","description":"","publisher":{"@id":"https:\/\/teknologiateollisuus.fi\/jasenille\/#organization"},"potentialAction":[{"@type":"SearchAction","target":{"@type":"EntryPoint","urlTemplate":"https:\/\/teknologiateollisuus.fi\/jasenille\/?s={search_term_string}"},"query-input":{"@type":"PropertyValueSpecification","valueRequired":true,"valueName":"search_term_string"}}],"inLanguage":"fi"},{"@type":"Organization","@id":"https:\/\/teknologiateollisuus.fi\/jasenille\/#organization","name":"Teknologiateollisuus - J\u00e4senille","url":"https:\/\/teknologiateollisuus.fi\/jasenille\/","logo":{"@type":"ImageObject","inLanguage":"fi","@id":"https:\/\/teknologiateollisuus.fi\/jasenille\/#\/schema\/logo\/image\/","url":"https:\/\/teknologiateollisuus.fi\/jasenille\/wp-content\/uploads\/sites\/1\/2023\/10\/placeholder.png","contentUrl":"https:\/\/teknologiateollisuus.fi\/jasenille\/wp-content\/uploads\/sites\/1\/2023\/10\/placeholder.png","width":2560,"height":1920,"caption":"Teknologiateollisuus - J\u00e4senille"},"image":{"@id":"https:\/\/teknologiateollisuus.fi\/jasenille\/#\/schema\/logo\/image\/"}}]}},"lang":"fi","translations":{"fi":1688},"pll_sync_post":[],"_links":{"self":[{"href":"https:\/\/teknologiateollisuus.fi\/jasenille\/wp-json\/wp\/v2\/pages\/1688","targetHints":{"allow":["GET"]}}],"collection":[{"href":"https:\/\/teknologiateollisuus.fi\/jasenille\/wp-json\/wp\/v2\/pages"}],"about":[{"href":"https:\/\/teknologiateollisuus.fi\/jasenille\/wp-json\/wp\/v2\/types\/page"}],"author":[{"embeddable":true,"href":"https:\/\/teknologiateollisuus.fi\/jasenille\/wp-json\/wp\/v2\/users\/7"}],"replies":[{"embeddable":true,"href":"https:\/\/teknologiateollisuus.fi\/jasenille\/wp-json\/wp\/v2\/comments?post=1688"}],"version-history":[{"count":21,"href":"https:\/\/teknologiateollisuus.fi\/jasenille\/wp-json\/wp\/v2\/pages\/1688\/revisions"}],"predecessor-version":[{"id":29588,"href":"https:\/\/teknologiateollisuus.fi\/jasenille\/wp-json\/wp\/v2\/pages\/1688\/revisions\/29588"}],"up":[{"embeddable":true,"href":"https:\/\/teknologiateollisuus.fi\/jasenille\/wp-json\/wp\/v2\/pages\/2080"}],"wp:attachment":[{"href":"https:\/\/teknologiateollisuus.fi\/jasenille\/wp-json\/wp\/v2\/media?parent=1688"}],"curies":[{"name":"wp","href":"https:\/\/api.w.org\/{rel}","templated":true}]}}