{"id":186,"date":"2023-10-18T15:24:46","date_gmt":"2023-10-18T12:24:46","guid":{"rendered":"https:\/\/teknologiateollisuus.fi\/jasenille\/?page_id=186"},"modified":"2025-12-04T14:18:10","modified_gmt":"2025-12-04T12:18:10","slug":"ota-yhteytta","status":"publish","type":"page","link":"https:\/\/teknologiateollisuus.fi\/jasenille\/tietoa-toiminnasta\/ota-yhteytta\/","title":{"rendered":"Ota yhteytt\u00e4"},"content":{"rendered":"\n<div class=\"em-block-hero hero-has-background-color has-background has-black-background-color collapse  \">\n\t<div class=\"em-block-hero__container\">\n\t\t<div class=\"em-block-hero__content\">\n\t\t\t<div class=\"yoast-breadcrumbs\"><span><span><a href=\"https:\/\/teknologiateollisuus.fi\/jasenille\/\">Home<\/a><\/span> <span class=\"separator\"><\/span> <span><a href=\"https:\/\/teknologiateollisuus.fi\/jasenille\/tietoa-toiminnasta\/\">Tietoa toiminnasta<\/a><\/span> <span class=\"separator\"><\/span> <span class=\"breadcrumb_last\" aria-current=\"page\">Ota yhteytt\u00e4<\/span><\/span><\/div>\t\t\t\n<h1 class=\"wp-block-heading\" id=\"h-ota-yhteytta\">Ota yhteytt\u00e4<\/h1>\n\t\t\t<div class=\"em-block-hero__modified-date\"> P\u00e4ivitetty 04.12.2025 klo 14:18<\/div>\t\t<\/div>\n\t\t\t\t\t<figure class=\"em-block-hero__image\">\n\t\t\t\t\t\t\t<\/figure>\n\t\t\t<\/div>\n<\/div>\n\n\n\n<h2 class=\"wp-block-heading\" id=\"h-kirjautuminen\" id=\"kirjautuminen\">Kirjautuminen <\/h2>\n\n\n\n<p>Tunnuksiin ja sivuston toimintaan liittyv\u00e4t kyselyt: <strong>jasensivusto@teknologiateollisuus.fi<\/strong><\/p>\n\n\n\n<h2 class=\"wp-block-heading\" id=\"h-laskutustiedot\" id=\"laskutustiedot\">Laskutustiedot<\/h2>\n\n\n\n<p><strong>Teknologiateollisuus ry<br><\/strong>Y-tunnus: 0215289-2<br>Etel\u00e4ranta 10<br>00130 Helsinki<\/p>\n\n\n\n<p><strong>Verkkolaskuosoite<\/strong><br>003702152892<\/p>\n\n\n\n<p><strong>Operaattori<\/strong><br>Maventa (003721291126)<\/p>\n\n\n\n<p><strong>V\u00e4litt\u00e4j\u00e4tunnus pankkiverkosta l\u00e4hetett\u00e4ess\u00e4<\/strong><br>DABAFIHH<\/p>\n\n\n\n<p>K\u00e4ytt\u00e4k\u00e4\u00e4 t\u00e4t\u00e4 v\u00e4litt\u00e4j\u00e4tunnusta mik\u00e4li k\u00e4yt\u00f6ss\u00e4nne olevasta verkkolaskutusohjelmasta ei voi l\u00e4hett\u00e4\u00e4 laskuja suoraan Maventan v\u00e4litt\u00e4j\u00e4tunnukselle.<\/p>\n\n\n\n<h2 class=\"wp-block-heading\" id=\"h-tuki-ja-neuvonta\" id=\"tuki-ja-neuvonta\">Tuki ja neuvonta<\/h2>\n\n\n\n<div class=\"wp-block-evermade-links em-block-links has-columns-1\">\n<a\n\tclass=\"wp-block-evermade-internal-link em-block-link is-internal   \"\n\thref=\"https:\/\/teknologiateollisuus.fi\/jasenille\/palvelut\/tyosuhdepalvelut\/\"\n\taria-label=\"Avaa samassa v\u00e4lilehdess\u00e4\"\n\ttarget=\"_self\"\n\trel=\"noopener\"\n>\n\t<div class=\"em-block-link__content\">\n\t\t<span class=\"em-block-link__title\">\n\t\t\tTietoa ty\u00f6suhdeneuvonnasta\t\t<\/span>\n\t\t\t<\/div>\n\t\t\t<div class=\"em-block-link__arrow\"><\/div>\n\t\t<div class=\"em-block-link__pressable\"><\/div>\n\t<\/a>\n\n\n\n<a\n\tclass=\"wp-block-evermade-internal-link em-block-link is-internal   \"\n\thref=\"https:\/\/teknologiateollisuus.fi\/jasenille\/verkostot-ja-tyoryhmat\/aluetoiminta\/\"\n\taria-label=\"Avaa samassa v\u00e4lilehdess\u00e4\"\n\ttarget=\"_self\"\n\trel=\"noopener\"\n>\n\t<div class=\"em-block-link__content\">\n\t\t<span class=\"em-block-link__title\">\n\t\t\tTutustu alueelliseen toimintaan\t\t<\/span>\n\t\t\t<\/div>\n\t\t\t<div class=\"em-block-link__arrow\"><\/div>\n\t\t<div class=\"em-block-link__pressable\"><\/div>\n\t<\/a>\n<\/div>\n\n\n\n<h2 class=\"wp-block-heading\" id=\"h-toimialayhdistykset-ja-toimialaryhmat\" id=\"toimialayhdistykset-ja-toimialaryhmat\">Toimialayhdistykset ja toimialaryhm\u00e4t<\/h2>\n\n\n\n<p>Toimialayhdistykset ja -ryhm\u00e4t toimivat toimintasuunnitelmiensa mukaisesti itsen\u00e4isesti,\u00a0tiiviiss\u00e4 yhteisty\u00f6ss\u00e4 Teknologiateollisuuden kanssa. Tutustu toimintaan <a href=\"https:\/\/teknologiateollisuus.fi\/jasenille\/toimialat\/\">t\u00e4\u00e4ll\u00e4<\/a>.<\/p>\n\n\n\n<h2 class=\"wp-block-heading\" id=\"h-jasenyys\" id=\"jasenyys\">J\u00e4senyys<\/h2>\n\n\n\n<p>Teknologiateollisuuden j\u00e4senhallinto auttaa Teknologiateollisuus ry:n ja Teknologiateollisuuden ty\u00f6nantajat ry:n j\u00e4seni\u00e4 hallinnollisissa asioissa j\u00e4senyyden eri vaiheissa. Jos et l\u00f6yd\u00e4 kaipaamaasi tietoa <a href=\"https:\/\/teknologiateollisuus.fi\/jasenille\/jasenyys\/\">J\u00e4senyys-sivulta<\/a> tai sen alasivuilta, ota s\u00e4hk\u00f6postitse yhteytt\u00e4 j\u00e4senhallintoon <strong>jasenasiat@teknologiateollisuus.fi<\/strong><\/p>\n","protected":false},"excerpt":{"rendered":"<p>Kirjautuminen Tunnuksiin ja sivuston toimintaan liittyv\u00e4t kyselyt: jasensivusto@teknologiateollisuus.fi Laskutustiedot Teknologiateollisuus ryY-tunnus: 0215289-2Etel\u00e4ranta 1000130 Helsinki Verkkolaskuosoite003702152892 OperaattoriMaventa (003721291126) V\u00e4litt\u00e4j\u00e4tunnus pankkiverkosta l\u00e4hetett\u00e4ess\u00e4DABAFIHH K\u00e4ytt\u00e4k\u00e4\u00e4 t\u00e4t\u00e4 v\u00e4litt\u00e4j\u00e4tunnusta mik\u00e4li k\u00e4yt\u00f6ss\u00e4nne olevasta verkkolaskutusohjelmasta ei voi l\u00e4hett\u00e4\u00e4 laskuja suoraan Maventan v\u00e4litt\u00e4j\u00e4tunnukselle. Tuki ja neuvonta Toimialayhdistykset ja toimialaryhm\u00e4t Toimialayhdistykset ja -ryhm\u00e4t toimivat toimintasuunnitelmiensa mukaisesti itsen\u00e4isesti,\u00a0tiiviiss\u00e4 yhteisty\u00f6ss\u00e4 Teknologiateollisuuden kanssa. Tutustu toimintaan t\u00e4\u00e4ll\u00e4. J\u00e4senyys Teknologiateollisuuden [&hellip;]<\/p>\n","protected":false},"author":1,"featured_media":0,"parent":28171,"menu_order":0,"comment_status":"closed","ping_status":"closed","template":"","meta":{"_acf_changed":false,"_relevanssi_hide_post":"","_relevanssi_hide_content":"","_relevanssi_pin_for_all":"","_relevanssi_pin_keywords":"","_relevanssi_unpin_keywords":"","_relevanssi_related_keywords":"","_relevanssi_related_include_ids":"","_relevanssi_related_exclude_ids":"","_relevanssi_related_no_append":"","_relevanssi_related_not_related":"","_relevanssi_related_posts":"169,165,167,166,1417,168","_relevanssi_noindex_reason":"","inline_featured_image":false,"growthstack-ab-test":[],"growthstack-ab-test-views":[],"footnotes":""},"class_list":["post-186","page","type-page","status-publish","hentry"],"acf":{"is_store_related":false,"locked":false},"yoast_head":"<!-- This site is optimized with the Yoast SEO Premium plugin v27.1 (Yoast SEO v27.4) - https:\/\/yoast.com\/product\/yoast-seo-premium-wordpress\/ -->\n<title>Ota yhteytt\u00e4 - Teknologiateollisuus - J\u00e4senille<\/title>\n<meta name=\"robots\" content=\"index, follow, max-snippet:-1, max-image-preview:large, max-video-preview:-1\" \/>\n<link rel=\"canonical\" href=\"https:\/\/teknologiateollisuus.fi\/jasenille\/tietoa-toiminnasta\/ota-yhteytta\/\" \/>\n<meta property=\"og:locale\" content=\"fi_FI\" \/>\n<meta property=\"og:type\" content=\"article\" \/>\n<meta property=\"og:title\" content=\"Ota yhteytt\u00e4\" \/>\n<meta property=\"og:description\" content=\"Kirjautuminen Tunnuksiin ja sivuston toimintaan liittyv\u00e4t kyselyt: jasensivusto@teknologiateollisuus.fi Laskutustiedot Teknologiateollisuus ryY-tunnus: 0215289-2Etel\u00e4ranta 1000130 Helsinki Verkkolaskuosoite003702152892 OperaattoriMaventa (003721291126) V\u00e4litt\u00e4j\u00e4tunnus pankkiverkosta l\u00e4hetett\u00e4ess\u00e4DABAFIHH K\u00e4ytt\u00e4k\u00e4\u00e4 t\u00e4t\u00e4 v\u00e4litt\u00e4j\u00e4tunnusta mik\u00e4li k\u00e4yt\u00f6ss\u00e4nne olevasta verkkolaskutusohjelmasta ei voi l\u00e4hett\u00e4\u00e4 laskuja suoraan Maventan v\u00e4litt\u00e4j\u00e4tunnukselle. Tuki ja neuvonta Toimialayhdistykset ja toimialaryhm\u00e4t Toimialayhdistykset ja -ryhm\u00e4t toimivat toimintasuunnitelmiensa mukaisesti itsen\u00e4isesti,\u00a0tiiviiss\u00e4 yhteisty\u00f6ss\u00e4 Teknologiateollisuuden kanssa. Tutustu toimintaan t\u00e4\u00e4ll\u00e4. J\u00e4senyys Teknologiateollisuuden [&hellip;]\" \/>\n<meta property=\"og:url\" content=\"https:\/\/teknologiateollisuus.fi\/jasenille\/tietoa-toiminnasta\/ota-yhteytta\/\" \/>\n<meta property=\"og:site_name\" content=\"Teknologiateollisuus - J\u00e4senille\" \/>\n<meta property=\"article:modified_time\" content=\"2025-12-04T12:18:10+00:00\" \/>\n<meta name=\"twitter:card\" content=\"summary_large_image\" \/>\n<meta name=\"twitter:label1\" content=\"Arvioitu lukuaika\" \/>\n\t<meta name=\"twitter:data1\" content=\"1 minuutti\" \/>\n<script type=\"application\/ld+json\" class=\"yoast-schema-graph\">{\"@context\":\"https:\\\/\\\/schema.org\",\"@graph\":[{\"@type\":\"WebPage\",\"@id\":\"https:\\\/\\\/teknologiateollisuus.fi\\\/jasenille\\\/tietoa-toiminnasta\\\/ota-yhteytta\\\/\",\"url\":\"https:\\\/\\\/teknologiateollisuus.fi\\\/jasenille\\\/tietoa-toiminnasta\\\/ota-yhteytta\\\/\",\"name\":\"Ota yhteytt\u00e4 - Teknologiateollisuus - J\u00e4senille\",\"isPartOf\":{\"@id\":\"https:\\\/\\\/teknologiateollisuus.fi\\\/jasenille\\\/#website\"},\"datePublished\":\"2023-10-18T12:24:46+00:00\",\"dateModified\":\"2025-12-04T12:18:10+00:00\",\"breadcrumb\":{\"@id\":\"https:\\\/\\\/teknologiateollisuus.fi\\\/jasenille\\\/tietoa-toiminnasta\\\/ota-yhteytta\\\/#breadcrumb\"},\"inLanguage\":\"fi\",\"potentialAction\":[{\"@type\":\"ReadAction\",\"target\":[\"https:\\\/\\\/teknologiateollisuus.fi\\\/jasenille\\\/tietoa-toiminnasta\\\/ota-yhteytta\\\/\"]}]},{\"@type\":\"BreadcrumbList\",\"@id\":\"https:\\\/\\\/teknologiateollisuus.fi\\\/jasenille\\\/tietoa-toiminnasta\\\/ota-yhteytta\\\/#breadcrumb\",\"itemListElement\":[{\"@type\":\"ListItem\",\"position\":1,\"name\":\"Home\",\"item\":\"https:\\\/\\\/teknologiateollisuus.fi\\\/jasenille\\\/\"},{\"@type\":\"ListItem\",\"position\":2,\"name\":\"Tietoa toiminnasta\",\"item\":\"https:\\\/\\\/teknologiateollisuus.fi\\\/jasenille\\\/tietoa-toiminnasta\\\/\"},{\"@type\":\"ListItem\",\"position\":3,\"name\":\"Ota yhteytt\u00e4\"}]},{\"@type\":\"WebSite\",\"@id\":\"https:\\\/\\\/teknologiateollisuus.fi\\\/jasenille\\\/#website\",\"url\":\"https:\\\/\\\/teknologiateollisuus.fi\\\/jasenille\\\/\",\"name\":\"Teknologiateollisuus - J\u00e4senille\",\"description\":\"\",\"publisher\":{\"@id\":\"https:\\\/\\\/teknologiateollisuus.fi\\\/jasenille\\\/#organization\"},\"potentialAction\":[{\"@type\":\"SearchAction\",\"target\":{\"@type\":\"EntryPoint\",\"urlTemplate\":\"https:\\\/\\\/teknologiateollisuus.fi\\\/jasenille\\\/?s={search_term_string}\"},\"query-input\":{\"@type\":\"PropertyValueSpecification\",\"valueRequired\":true,\"valueName\":\"search_term_string\"}}],\"inLanguage\":\"fi\"},{\"@type\":\"Organization\",\"@id\":\"https:\\\/\\\/teknologiateollisuus.fi\\\/jasenille\\\/#organization\",\"name\":\"Teknologiateollisuus - J\u00e4senille\",\"url\":\"https:\\\/\\\/teknologiateollisuus.fi\\\/jasenille\\\/\",\"logo\":{\"@type\":\"ImageObject\",\"inLanguage\":\"fi\",\"@id\":\"https:\\\/\\\/teknologiateollisuus.fi\\\/jasenille\\\/#\\\/schema\\\/logo\\\/image\\\/\",\"url\":\"https:\\\/\\\/teknologiateollisuus.fi\\\/jasenille\\\/wp-content\\\/uploads\\\/sites\\\/1\\\/2023\\\/10\\\/placeholder.png\",\"contentUrl\":\"https:\\\/\\\/teknologiateollisuus.fi\\\/jasenille\\\/wp-content\\\/uploads\\\/sites\\\/1\\\/2023\\\/10\\\/placeholder.png\",\"width\":2560,\"height\":1920,\"caption\":\"Teknologiateollisuus - J\u00e4senille\"},\"image\":{\"@id\":\"https:\\\/\\\/teknologiateollisuus.fi\\\/jasenille\\\/#\\\/schema\\\/logo\\\/image\\\/\"}}]}<\/script>\n<!-- \/ Yoast SEO Premium plugin. -->","yoast_head_json":{"title":"Ota yhteytt\u00e4 - Teknologiateollisuus - J\u00e4senille","robots":{"index":"index","follow":"follow","max-snippet":"max-snippet:-1","max-image-preview":"max-image-preview:large","max-video-preview":"max-video-preview:-1"},"canonical":"https:\/\/teknologiateollisuus.fi\/jasenille\/tietoa-toiminnasta\/ota-yhteytta\/","og_locale":"fi_FI","og_type":"article","og_title":"Ota yhteytt\u00e4","og_description":"Kirjautuminen Tunnuksiin ja sivuston toimintaan liittyv\u00e4t kyselyt: jasensivusto@teknologiateollisuus.fi Laskutustiedot Teknologiateollisuus ryY-tunnus: 0215289-2Etel\u00e4ranta 1000130 Helsinki Verkkolaskuosoite003702152892 OperaattoriMaventa (003721291126) V\u00e4litt\u00e4j\u00e4tunnus pankkiverkosta l\u00e4hetett\u00e4ess\u00e4DABAFIHH K\u00e4ytt\u00e4k\u00e4\u00e4 t\u00e4t\u00e4 v\u00e4litt\u00e4j\u00e4tunnusta mik\u00e4li k\u00e4yt\u00f6ss\u00e4nne olevasta verkkolaskutusohjelmasta ei voi l\u00e4hett\u00e4\u00e4 laskuja suoraan Maventan v\u00e4litt\u00e4j\u00e4tunnukselle. Tuki ja neuvonta Toimialayhdistykset ja toimialaryhm\u00e4t Toimialayhdistykset ja -ryhm\u00e4t toimivat toimintasuunnitelmiensa mukaisesti itsen\u00e4isesti,\u00a0tiiviiss\u00e4 yhteisty\u00f6ss\u00e4 Teknologiateollisuuden kanssa. Tutustu toimintaan t\u00e4\u00e4ll\u00e4. J\u00e4senyys Teknologiateollisuuden [&hellip;]","og_url":"https:\/\/teknologiateollisuus.fi\/jasenille\/tietoa-toiminnasta\/ota-yhteytta\/","og_site_name":"Teknologiateollisuus - J\u00e4senille","article_modified_time":"2025-12-04T12:18:10+00:00","twitter_card":"summary_large_image","twitter_misc":{"Arvioitu lukuaika":"1 minuutti"},"schema":{"@context":"https:\/\/schema.org","@graph":[{"@type":"WebPage","@id":"https:\/\/teknologiateollisuus.fi\/jasenille\/tietoa-toiminnasta\/ota-yhteytta\/","url":"https:\/\/teknologiateollisuus.fi\/jasenille\/tietoa-toiminnasta\/ota-yhteytta\/","name":"Ota yhteytt\u00e4 - Teknologiateollisuus - J\u00e4senille","isPartOf":{"@id":"https:\/\/teknologiateollisuus.fi\/jasenille\/#website"},"datePublished":"2023-10-18T12:24:46+00:00","dateModified":"2025-12-04T12:18:10+00:00","breadcrumb":{"@id":"https:\/\/teknologiateollisuus.fi\/jasenille\/tietoa-toiminnasta\/ota-yhteytta\/#breadcrumb"},"inLanguage":"fi","potentialAction":[{"@type":"ReadAction","target":["https:\/\/teknologiateollisuus.fi\/jasenille\/tietoa-toiminnasta\/ota-yhteytta\/"]}]},{"@type":"BreadcrumbList","@id":"https:\/\/teknologiateollisuus.fi\/jasenille\/tietoa-toiminnasta\/ota-yhteytta\/#breadcrumb","itemListElement":[{"@type":"ListItem","position":1,"name":"Home","item":"https:\/\/teknologiateollisuus.fi\/jasenille\/"},{"@type":"ListItem","position":2,"name":"Tietoa toiminnasta","item":"https:\/\/teknologiateollisuus.fi\/jasenille\/tietoa-toiminnasta\/"},{"@type":"ListItem","position":3,"name":"Ota yhteytt\u00e4"}]},{"@type":"WebSite","@id":"https:\/\/teknologiateollisuus.fi\/jasenille\/#website","url":"https:\/\/teknologiateollisuus.fi\/jasenille\/","name":"Teknologiateollisuus - J\u00e4senille","description":"","publisher":{"@id":"https:\/\/teknologiateollisuus.fi\/jasenille\/#organization"},"potentialAction":[{"@type":"SearchAction","target":{"@type":"EntryPoint","urlTemplate":"https:\/\/teknologiateollisuus.fi\/jasenille\/?s={search_term_string}"},"query-input":{"@type":"PropertyValueSpecification","valueRequired":true,"valueName":"search_term_string"}}],"inLanguage":"fi"},{"@type":"Organization","@id":"https:\/\/teknologiateollisuus.fi\/jasenille\/#organization","name":"Teknologiateollisuus - J\u00e4senille","url":"https:\/\/teknologiateollisuus.fi\/jasenille\/","logo":{"@type":"ImageObject","inLanguage":"fi","@id":"https:\/\/teknologiateollisuus.fi\/jasenille\/#\/schema\/logo\/image\/","url":"https:\/\/teknologiateollisuus.fi\/jasenille\/wp-content\/uploads\/sites\/1\/2023\/10\/placeholder.png","contentUrl":"https:\/\/teknologiateollisuus.fi\/jasenille\/wp-content\/uploads\/sites\/1\/2023\/10\/placeholder.png","width":2560,"height":1920,"caption":"Teknologiateollisuus - J\u00e4senille"},"image":{"@id":"https:\/\/teknologiateollisuus.fi\/jasenille\/#\/schema\/logo\/image\/"}}]}},"lang":"fi","translations":{"fi":186},"pll_sync_post":[],"_links":{"self":[{"href":"https:\/\/teknologiateollisuus.fi\/jasenille\/wp-json\/wp\/v2\/pages\/186","targetHints":{"allow":["GET"]}}],"collection":[{"href":"https:\/\/teknologiateollisuus.fi\/jasenille\/wp-json\/wp\/v2\/pages"}],"about":[{"href":"https:\/\/teknologiateollisuus.fi\/jasenille\/wp-json\/wp\/v2\/types\/page"}],"author":[{"embeddable":true,"href":"https:\/\/teknologiateollisuus.fi\/jasenille\/wp-json\/wp\/v2\/users\/1"}],"replies":[{"embeddable":true,"href":"https:\/\/teknologiateollisuus.fi\/jasenille\/wp-json\/wp\/v2\/comments?post=186"}],"version-history":[{"count":20,"href":"https:\/\/teknologiateollisuus.fi\/jasenille\/wp-json\/wp\/v2\/pages\/186\/revisions"}],"predecessor-version":[{"id":26379,"href":"https:\/\/teknologiateollisuus.fi\/jasenille\/wp-json\/wp\/v2\/pages\/186\/revisions\/26379"}],"up":[{"embeddable":true,"href":"https:\/\/teknologiateollisuus.fi\/jasenille\/wp-json\/wp\/v2\/pages\/28171"}],"wp:attachment":[{"href":"https:\/\/teknologiateollisuus.fi\/jasenille\/wp-json\/wp\/v2\/media?parent=186"}],"curies":[{"name":"wp","href":"https:\/\/api.w.org\/{rel}","templated":true}]}}