{"id":2080,"date":"2023-12-21T12:50:27","date_gmt":"2023-12-21T10:50:27","guid":{"rendered":"https:\/\/teknologiateollisuus.fi\/jasenille\/?page_id=2080"},"modified":"2026-01-12T15:20:53","modified_gmt":"2026-01-12T13:20:53","slug":"toimialat","status":"publish","type":"page","link":"https:\/\/teknologiateollisuus.fi\/jasenille\/palvelut\/toimialat\/","title":{"rendered":"Toimialat"},"content":{"rendered":"\n<div class=\"em-block-hero hero-has-background-color has-background has-black-background-color collapse  \">\n\t<div class=\"em-block-hero__container\">\n\t\t<div class=\"em-block-hero__content\">\n\t\t\t<div class=\"yoast-breadcrumbs\"><span><span><a href=\"https:\/\/teknologiateollisuus.fi\/jasenille\/\">Home<\/a><\/span> <span class=\"separator\"><\/span> <span><a href=\"https:\/\/teknologiateollisuus.fi\/jasenille\/palvelut\/\">Palvelut<\/a><\/span> <span class=\"separator\"><\/span> <span class=\"breadcrumb_last\" aria-current=\"page\">Toimialat<\/span><\/span><\/div>\t\t\t\n<h1 class=\"wp-block-heading\" id=\"h-toimialat\">Toimialat<\/h1>\n\n<p>Teknologiateollisuus on paitsi Suomen t\u00e4rkein vientiala, my\u00f6s maailman huippua esimerkiksi kest\u00e4v\u00e4n kehityksen mukaisten tuotteiden, palveluiden ja k\u00e4yt\u00e4nt\u00f6jen edist\u00e4misess\u00e4. Teknologiateollisuus koostuu viidest\u00e4 p\u00e4\u00e4toimialasta: elektroniikka- ja s\u00e4hk\u00f6teollisuus, kone- ja metallituoteteollisuus, metallien jalostus, suunnittelu ja konsultointi ja tietotekniikka.<\/p>\n\t\t\t<div class=\"em-block-hero__modified-date\"> P\u00e4ivitetty 12.01.2026 klo 15:20<\/div>\t\t<\/div>\n\t\t\t\t\t<figure class=\"em-block-hero__image\">\n\t\t\t\t\t\t\t<\/figure>\n\t\t\t<\/div>\n<\/div>\n\n\n\n<h2 class=\"wp-block-heading  mb-xs\" id=\"h-toimialayhdistykset-ja-toimialaryhmat\" id=\"toimialayhdistykset-ja-toimialaryhmat\"><br>Toimialayhdistykset ja toimialaryhm\u00e4t<\/h2>\n\n\n\n<p class=\" mb-xs\">Teknologiateollisuudella on 11 toimialayhdistysj\u00e4sent\u00e4, jotka tekev\u00e4t kiinte\u00e4\u00e4 vaikuttamisyhteisty\u00f6t\u00e4 Teknologiateollisuuden kanssa. Toimialayhdistykset edustavat j\u00e4senyrityksi\u00e4\u00e4n toimialansa erityiskysymyksiss\u00e4, ty\u00f6suhdeasioita lukuun ottamatta (poikkeuksena MTHL).<\/p>\n\n\n\n<p>Teknologiateollisuudessa on 17 toimialaryhm\u00e4\u00e4 ja yksi p\u00e4\u00e4toimialaryhm\u00e4, Tietotekniikan toimialaryhm\u00e4. Toimialaryhm\u00e4t tarjoavat laajan yhteisty\u00f6verkoston j\u00e4senyritystemme keskuudessa. Ryhm\u00e4t ker\u00e4\u00e4v\u00e4t ja jakavat tietoa oman teollisen sektorinsa tilasta ja kehityksest\u00e4 ja j\u00e4rjest\u00e4v\u00e4t erilaisia tapahtumia. L\u00e4hes kaikki toimialaryhm\u00e4t tekev\u00e4t aktiivist\u00e4 yhteisty\u00f6t\u00e4 my\u00f6s EU-tasolla.<\/p>\n\n\n\n<h3 class=\"wp-block-heading\" id=\"h-teknologiateollisuus-koostuu-viidesta-paatoimialasta\" id=\"teknologiateollisuus-koostuu-viidesta-paatoimialasta\">Teknologiateollisuus koostuu viidest\u00e4 p\u00e4\u00e4toimialasta:<\/h3>\n\n\n\n<h5 class=\"wp-block-heading\" id=\"h-elektroniikka-ja-sahkoteollisuus\" id=\"elektroniikka-ja-sahkoteollisuus\">Elektroniikka- ja s\u00e4hk\u00f6teollisuus<\/h5>\n\n\n\n<ul class=\"wp-block-list  mt-xs\">\n<li>liikevaihto (2022): 21 mrd euroa<\/li>\n\n\n\n<li>henkil\u00f6st\u00f6 (2022): 40 700<\/li>\n<\/ul>\n\n\n\n<p class=\" mt-xs mb-xs\"><em>ABB, Ensto, Murata Electronics, Nokia, Planmeca, Polar Electro, Suunto, Vacon, Vaisala\u2026<\/em><\/p>\n\n\n\n<h5 class=\"wp-block-heading  mt-sm\" id=\"h-kone-ja-metallituoteteollisuus\" id=\"kone-ja-metallituoteteollisuus\">Kone- ja metallituoteteollisuus<\/h5>\n\n\n\n<ul class=\"wp-block-list  mt-xs\">\n<li>liikevaihto (2022): 38 mrd euroa<\/li>\n\n\n\n<li>henkil\u00f6st\u00f6 (2022): 135 800<\/li>\n<\/ul>\n\n\n\n<p class=\" mt-xs mb-xs\"><em>Abloy, Cargotec,&nbsp;Fiskars, Glaston, Kone, Konecranes, Metso,&nbsp;Meyer Turku, Normet, Oras, Patria, Pemamek, Ponsse, Prima Power, Stala, Valmet, Valtra, W\u00e4rtsil\u00e4\u2026<\/em><\/p>\n\n\n\n<h5 class=\"wp-block-heading  mt-sm\" id=\"h-metallien-jalostus\" id=\"metallien-jalostus\">Metallien jalostus<\/h5>\n\n\n\n<ul class=\"wp-block-list  mt-xs mb-xs\">\n<li>liikevaihto (2022): 19 mrd euroa<\/li>\n\n\n\n<li>henkil\u00f6st\u00f6 (2022): 16 000<\/li>\n<\/ul>\n\n\n\n<p class=\" mt-xs\"><em>Boliden, Componenta, Kuusakoski, Luvata, Outokumpu,&nbsp;Ovako, Sacotec, SSAB\u2026<\/em><\/p>\n\n\n\n<h5 class=\"wp-block-heading  mt-sm\" id=\"h-suunnittelu-ja-konsultointi\" id=\"suunnittelu-ja-konsultointi\">Suunnittelu ja konsultointi<\/h5>\n\n\n\n<ul class=\"wp-block-list  mt-xs\">\n<li>liikevaihto (2022): 7 mrd euroa<\/li>\n\n\n\n<li>henkil\u00f6st\u00f6 (2022): 54 100<\/li>\n<\/ul>\n\n\n\n<p class=\" mt-xs mb-xs\"><em>AFRY, A-Insin\u00f6\u00f6rit, Citec, Elomatic, Etteplan, FCG, Granlund,&nbsp;Ramboll, Rejlers, Sitowise, SWECO, WSP\u2026<\/em><\/p>\n\n\n\n<h5 class=\"wp-block-heading  mb-xs mt-sm\" id=\"h-tietotekniikka\" id=\"tietotekniikka\">Tietotekniikka<\/h5>\n\n\n\n<ul class=\"wp-block-list  mt-xs mb-xs\">\n<li>liikevaihto (2022): 19 mrd euroa<\/li>\n\n\n\n<li>henkil\u00f6st\u00f6 (2022): 83 500<\/li>\n<\/ul>\n\n\n\n<p class=\" mt-xs mb-xs\"><em>Basware, Vincit, CGI, Digia, Efecte, Enfo, F-Secure, Fujitsu Finland, IBM, Innofactor, Knowit, Microsoft, Nixu, TietoEVRY\u2026<\/em><\/p>\n","protected":false},"excerpt":{"rendered":"<p>Toimialayhdistykset ja toimialaryhm\u00e4t Teknologiateollisuudella on 11 toimialayhdistysj\u00e4sent\u00e4, jotka tekev\u00e4t kiinte\u00e4\u00e4 vaikuttamisyhteisty\u00f6t\u00e4 Teknologiateollisuuden kanssa. Toimialayhdistykset edustavat j\u00e4senyrityksi\u00e4\u00e4n toimialansa erityiskysymyksiss\u00e4, ty\u00f6suhdeasioita lukuun ottamatta (poikkeuksena MTHL). Teknologiateollisuudessa on 17 toimialaryhm\u00e4\u00e4 ja yksi p\u00e4\u00e4toimialaryhm\u00e4, Tietotekniikan toimialaryhm\u00e4. Toimialaryhm\u00e4t tarjoavat laajan yhteisty\u00f6verkoston j\u00e4senyritystemme keskuudessa. Ryhm\u00e4t ker\u00e4\u00e4v\u00e4t ja jakavat tietoa oman teollisen sektorinsa tilasta ja kehityksest\u00e4 ja j\u00e4rjest\u00e4v\u00e4t erilaisia tapahtumia. L\u00e4hes kaikki [&hellip;]<\/p>\n","protected":false},"author":7,"featured_media":0,"parent":7310,"menu_order":0,"comment_status":"closed","ping_status":"closed","template":"","meta":{"_acf_changed":false,"_relevanssi_hide_post":"","_relevanssi_hide_content":"","_relevanssi_pin_for_all":"","_relevanssi_pin_keywords":"","_relevanssi_unpin_keywords":"","_relevanssi_related_keywords":"","_relevanssi_related_include_ids":"","_relevanssi_related_exclude_ids":"","_relevanssi_related_no_append":"","_relevanssi_related_not_related":"","_relevanssi_related_posts":"167,168,166,169,1417,165","_relevanssi_noindex_reason":"","inline_featured_image":false,"growthstack-ab-test":[],"growthstack-ab-test-views":[],"footnotes":""},"class_list":["post-2080","page","type-page","status-publish","hentry"],"acf":{"is_store_related":false,"locked":false},"yoast_head":"<!-- This site is optimized with the Yoast SEO Premium plugin v27.1 (Yoast SEO v27.3) - https:\/\/yoast.com\/product\/yoast-seo-premium-wordpress\/ -->\n<title>Toimialat - Teknologiateollisuus - J\u00e4senille<\/title>\n<meta name=\"description\" content=\"Teknologiateollisuus ry:ll\u00e4 on 11 erillist\u00e4 toimialayhdistyst\u00e4 ja 17 toimialaryhm\u00e4\u00e4. Lue lis\u00e4\u00e4 Teknologiateollisuuden p\u00e4\u00e4toimialoista!\" \/>\n<meta name=\"robots\" content=\"index, follow, max-snippet:-1, max-image-preview:large, max-video-preview:-1\" \/>\n<link rel=\"canonical\" href=\"https:\/\/teknologiateollisuus.fi\/jasenille\/palvelut\/toimialat\/\" \/>\n<meta property=\"og:locale\" content=\"fi_FI\" \/>\n<meta property=\"og:type\" content=\"article\" \/>\n<meta property=\"og:title\" content=\"Toimialat\" \/>\n<meta property=\"og:description\" content=\"Teknologiateollisuus ry:ll\u00e4 on 11 erillist\u00e4 toimialayhdistyst\u00e4 ja 17 toimialaryhm\u00e4\u00e4. Lue lis\u00e4\u00e4 Teknologiateollisuuden p\u00e4\u00e4toimialoista!\" \/>\n<meta property=\"og:url\" content=\"https:\/\/teknologiateollisuus.fi\/jasenille\/palvelut\/toimialat\/\" \/>\n<meta property=\"og:site_name\" content=\"Teknologiateollisuus - J\u00e4senille\" \/>\n<meta property=\"article:modified_time\" content=\"2026-01-12T13:20:53+00:00\" \/>\n<meta name=\"twitter:card\" content=\"summary_large_image\" \/>\n<meta name=\"twitter:label1\" content=\"Arvioitu lukuaika\" \/>\n\t<meta name=\"twitter:data1\" content=\"2 minuuttia\" \/>\n<script type=\"application\/ld+json\" class=\"yoast-schema-graph\">{\"@context\":\"https:\\\/\\\/schema.org\",\"@graph\":[{\"@type\":\"WebPage\",\"@id\":\"https:\\\/\\\/teknologiateollisuus.fi\\\/jasenille\\\/palvelut\\\/toimialat\\\/\",\"url\":\"https:\\\/\\\/teknologiateollisuus.fi\\\/jasenille\\\/palvelut\\\/toimialat\\\/\",\"name\":\"Toimialat - Teknologiateollisuus - J\u00e4senille\",\"isPartOf\":{\"@id\":\"https:\\\/\\\/teknologiateollisuus.fi\\\/jasenille\\\/#website\"},\"datePublished\":\"2023-12-21T10:50:27+00:00\",\"dateModified\":\"2026-01-12T13:20:53+00:00\",\"description\":\"Teknologiateollisuus ry:ll\u00e4 on 11 erillist\u00e4 toimialayhdistyst\u00e4 ja 17 toimialaryhm\u00e4\u00e4. Lue lis\u00e4\u00e4 Teknologiateollisuuden p\u00e4\u00e4toimialoista!\",\"breadcrumb\":{\"@id\":\"https:\\\/\\\/teknologiateollisuus.fi\\\/jasenille\\\/palvelut\\\/toimialat\\\/#breadcrumb\"},\"inLanguage\":\"fi\",\"potentialAction\":[{\"@type\":\"ReadAction\",\"target\":[\"https:\\\/\\\/teknologiateollisuus.fi\\\/jasenille\\\/palvelut\\\/toimialat\\\/\"]}]},{\"@type\":\"BreadcrumbList\",\"@id\":\"https:\\\/\\\/teknologiateollisuus.fi\\\/jasenille\\\/palvelut\\\/toimialat\\\/#breadcrumb\",\"itemListElement\":[{\"@type\":\"ListItem\",\"position\":1,\"name\":\"Home\",\"item\":\"https:\\\/\\\/teknologiateollisuus.fi\\\/jasenille\\\/\"},{\"@type\":\"ListItem\",\"position\":2,\"name\":\"Palvelut\",\"item\":\"https:\\\/\\\/teknologiateollisuus.fi\\\/jasenille\\\/palvelut\\\/\"},{\"@type\":\"ListItem\",\"position\":3,\"name\":\"Toimialat\"}]},{\"@type\":\"WebSite\",\"@id\":\"https:\\\/\\\/teknologiateollisuus.fi\\\/jasenille\\\/#website\",\"url\":\"https:\\\/\\\/teknologiateollisuus.fi\\\/jasenille\\\/\",\"name\":\"Teknologiateollisuus - J\u00e4senille\",\"description\":\"\",\"publisher\":{\"@id\":\"https:\\\/\\\/teknologiateollisuus.fi\\\/jasenille\\\/#organization\"},\"potentialAction\":[{\"@type\":\"SearchAction\",\"target\":{\"@type\":\"EntryPoint\",\"urlTemplate\":\"https:\\\/\\\/teknologiateollisuus.fi\\\/jasenille\\\/?s={search_term_string}\"},\"query-input\":{\"@type\":\"PropertyValueSpecification\",\"valueRequired\":true,\"valueName\":\"search_term_string\"}}],\"inLanguage\":\"fi\"},{\"@type\":\"Organization\",\"@id\":\"https:\\\/\\\/teknologiateollisuus.fi\\\/jasenille\\\/#organization\",\"name\":\"Teknologiateollisuus - J\u00e4senille\",\"url\":\"https:\\\/\\\/teknologiateollisuus.fi\\\/jasenille\\\/\",\"logo\":{\"@type\":\"ImageObject\",\"inLanguage\":\"fi\",\"@id\":\"https:\\\/\\\/teknologiateollisuus.fi\\\/jasenille\\\/#\\\/schema\\\/logo\\\/image\\\/\",\"url\":\"https:\\\/\\\/teknologiateollisuus.fi\\\/jasenille\\\/wp-content\\\/uploads\\\/sites\\\/1\\\/2023\\\/10\\\/placeholder.png\",\"contentUrl\":\"https:\\\/\\\/teknologiateollisuus.fi\\\/jasenille\\\/wp-content\\\/uploads\\\/sites\\\/1\\\/2023\\\/10\\\/placeholder.png\",\"width\":2560,\"height\":1920,\"caption\":\"Teknologiateollisuus - J\u00e4senille\"},\"image\":{\"@id\":\"https:\\\/\\\/teknologiateollisuus.fi\\\/jasenille\\\/#\\\/schema\\\/logo\\\/image\\\/\"}}]}<\/script>\n<!-- \/ Yoast SEO Premium plugin. -->","yoast_head_json":{"title":"Toimialat - Teknologiateollisuus - J\u00e4senille","description":"Teknologiateollisuus ry:ll\u00e4 on 11 erillist\u00e4 toimialayhdistyst\u00e4 ja 17 toimialaryhm\u00e4\u00e4. Lue lis\u00e4\u00e4 Teknologiateollisuuden p\u00e4\u00e4toimialoista!","robots":{"index":"index","follow":"follow","max-snippet":"max-snippet:-1","max-image-preview":"max-image-preview:large","max-video-preview":"max-video-preview:-1"},"canonical":"https:\/\/teknologiateollisuus.fi\/jasenille\/palvelut\/toimialat\/","og_locale":"fi_FI","og_type":"article","og_title":"Toimialat","og_description":"Teknologiateollisuus ry:ll\u00e4 on 11 erillist\u00e4 toimialayhdistyst\u00e4 ja 17 toimialaryhm\u00e4\u00e4. Lue lis\u00e4\u00e4 Teknologiateollisuuden p\u00e4\u00e4toimialoista!","og_url":"https:\/\/teknologiateollisuus.fi\/jasenille\/palvelut\/toimialat\/","og_site_name":"Teknologiateollisuus - J\u00e4senille","article_modified_time":"2026-01-12T13:20:53+00:00","twitter_card":"summary_large_image","twitter_misc":{"Arvioitu lukuaika":"2 minuuttia"},"schema":{"@context":"https:\/\/schema.org","@graph":[{"@type":"WebPage","@id":"https:\/\/teknologiateollisuus.fi\/jasenille\/palvelut\/toimialat\/","url":"https:\/\/teknologiateollisuus.fi\/jasenille\/palvelut\/toimialat\/","name":"Toimialat - Teknologiateollisuus - J\u00e4senille","isPartOf":{"@id":"https:\/\/teknologiateollisuus.fi\/jasenille\/#website"},"datePublished":"2023-12-21T10:50:27+00:00","dateModified":"2026-01-12T13:20:53+00:00","description":"Teknologiateollisuus ry:ll\u00e4 on 11 erillist\u00e4 toimialayhdistyst\u00e4 ja 17 toimialaryhm\u00e4\u00e4. Lue lis\u00e4\u00e4 Teknologiateollisuuden p\u00e4\u00e4toimialoista!","breadcrumb":{"@id":"https:\/\/teknologiateollisuus.fi\/jasenille\/palvelut\/toimialat\/#breadcrumb"},"inLanguage":"fi","potentialAction":[{"@type":"ReadAction","target":["https:\/\/teknologiateollisuus.fi\/jasenille\/palvelut\/toimialat\/"]}]},{"@type":"BreadcrumbList","@id":"https:\/\/teknologiateollisuus.fi\/jasenille\/palvelut\/toimialat\/#breadcrumb","itemListElement":[{"@type":"ListItem","position":1,"name":"Home","item":"https:\/\/teknologiateollisuus.fi\/jasenille\/"},{"@type":"ListItem","position":2,"name":"Palvelut","item":"https:\/\/teknologiateollisuus.fi\/jasenille\/palvelut\/"},{"@type":"ListItem","position":3,"name":"Toimialat"}]},{"@type":"WebSite","@id":"https:\/\/teknologiateollisuus.fi\/jasenille\/#website","url":"https:\/\/teknologiateollisuus.fi\/jasenille\/","name":"Teknologiateollisuus - J\u00e4senille","description":"","publisher":{"@id":"https:\/\/teknologiateollisuus.fi\/jasenille\/#organization"},"potentialAction":[{"@type":"SearchAction","target":{"@type":"EntryPoint","urlTemplate":"https:\/\/teknologiateollisuus.fi\/jasenille\/?s={search_term_string}"},"query-input":{"@type":"PropertyValueSpecification","valueRequired":true,"valueName":"search_term_string"}}],"inLanguage":"fi"},{"@type":"Organization","@id":"https:\/\/teknologiateollisuus.fi\/jasenille\/#organization","name":"Teknologiateollisuus - J\u00e4senille","url":"https:\/\/teknologiateollisuus.fi\/jasenille\/","logo":{"@type":"ImageObject","inLanguage":"fi","@id":"https:\/\/teknologiateollisuus.fi\/jasenille\/#\/schema\/logo\/image\/","url":"https:\/\/teknologiateollisuus.fi\/jasenille\/wp-content\/uploads\/sites\/1\/2023\/10\/placeholder.png","contentUrl":"https:\/\/teknologiateollisuus.fi\/jasenille\/wp-content\/uploads\/sites\/1\/2023\/10\/placeholder.png","width":2560,"height":1920,"caption":"Teknologiateollisuus - J\u00e4senille"},"image":{"@id":"https:\/\/teknologiateollisuus.fi\/jasenille\/#\/schema\/logo\/image\/"}}]}},"lang":"fi","translations":{"fi":2080},"pll_sync_post":[],"_links":{"self":[{"href":"https:\/\/teknologiateollisuus.fi\/jasenille\/wp-json\/wp\/v2\/pages\/2080","targetHints":{"allow":["GET"]}}],"collection":[{"href":"https:\/\/teknologiateollisuus.fi\/jasenille\/wp-json\/wp\/v2\/pages"}],"about":[{"href":"https:\/\/teknologiateollisuus.fi\/jasenille\/wp-json\/wp\/v2\/types\/page"}],"author":[{"embeddable":true,"href":"https:\/\/teknologiateollisuus.fi\/jasenille\/wp-json\/wp\/v2\/users\/7"}],"replies":[{"embeddable":true,"href":"https:\/\/teknologiateollisuus.fi\/jasenille\/wp-json\/wp\/v2\/comments?post=2080"}],"version-history":[{"count":19,"href":"https:\/\/teknologiateollisuus.fi\/jasenille\/wp-json\/wp\/v2\/pages\/2080\/revisions"}],"predecessor-version":[{"id":28786,"href":"https:\/\/teknologiateollisuus.fi\/jasenille\/wp-json\/wp\/v2\/pages\/2080\/revisions\/28786"}],"up":[{"embeddable":true,"href":"https:\/\/teknologiateollisuus.fi\/jasenille\/wp-json\/wp\/v2\/pages\/7310"}],"wp:attachment":[{"href":"https:\/\/teknologiateollisuus.fi\/jasenille\/wp-json\/wp\/v2\/media?parent=2080"}],"curies":[{"name":"wp","href":"https:\/\/api.w.org\/{rel}","templated":true}]}}