{"id":235,"date":"2023-10-23T10:30:30","date_gmt":"2023-10-23T07:30:30","guid":{"rendered":"https:\/\/teknologiateollisuus.fi\/jasenille\/?page_id=235"},"modified":"2025-06-24T08:55:49","modified_gmt":"2025-06-24T05:55:49","slug":"varsinais-suomi","status":"publish","type":"page","link":"https:\/\/teknologiateollisuus.fi\/jasenille\/tietoa-toiminnasta\/ota-yhteytta\/toimipisteet\/varsinais-suomi\/","title":{"rendered":"Varsinais-Suomi"},"content":{"rendered":"\n<div class=\"em-block-hero hero-has-background-color has-background has-black-background-color has-image media-position-right \">\n\t<div class=\"em-block-hero__container\">\n\t\t<div class=\"em-block-hero__content\">\n\t\t\t<div class=\"yoast-breadcrumbs\"><span><span><a href=\"https:\/\/teknologiateollisuus.fi\/jasenille\/\">Home<\/a><\/span> <span class=\"separator\"><\/span> <span><a href=\"https:\/\/teknologiateollisuus.fi\/jasenille\/tietoa-toiminnasta\/\">Tietoa toiminnasta<\/a><\/span> <span class=\"separator\"><\/span> <span><a href=\"https:\/\/teknologiateollisuus.fi\/jasenille\/tietoa-toiminnasta\/ota-yhteytta\/\">Ota yhteytt\u00e4<\/a><\/span> <span class=\"separator\"><\/span> <span><a href=\"https:\/\/teknologiateollisuus.fi\/jasenille\/tietoa-toiminnasta\/ota-yhteytta\/toimipisteet\/\">Toimipisteet<\/a><\/span> <span class=\"separator\"><\/span> <span class=\"breadcrumb_last\" aria-current=\"page\">Varsinais-Suomi<\/span><\/span><\/div>\t\t\t\n<h1 class=\"wp-block-heading\" id=\"h-varsinais-suomi\">Varsinais-Suomi<\/h1>\n\n<p>Puolalankatu 1 (1.7.2024 alkaen)<br>20100 Turku<br>Vaihde:&nbsp;09 192 31&nbsp;<\/p>\n\t\t\t<div class=\"em-block-hero__modified-date\"> P\u00e4ivitetty 24.06.2025 klo 08:55<\/div>\t\t<\/div>\n\t\t\t\t\t<figure class=\"em-block-hero__image\">\n\t\t\t\t<img loading=\"lazy\" decoding=\"async\" width=\"1920\" height=\"1280\" src=\"https:\/\/teknologiateollisuus.fi\/jasenille\/wp-content\/uploads\/sites\/1\/2024\/02\/varsinaissuomi.jpg\" class=\"attachment-hero size-hero\" alt=\"\" srcset=\"https:\/\/teknologiateollisuus.fi\/jasenille\/wp-content\/uploads\/sites\/1\/2024\/02\/varsinaissuomi.jpg 1920w, https:\/\/teknologiateollisuus.fi\/jasenille\/wp-content\/uploads\/sites\/1\/2024\/02\/varsinaissuomi-400x267.jpg 400w, https:\/\/teknologiateollisuus.fi\/jasenille\/wp-content\/uploads\/sites\/1\/2024\/02\/varsinaissuomi-800x533.jpg 800w, https:\/\/teknologiateollisuus.fi\/jasenille\/wp-content\/uploads\/sites\/1\/2024\/02\/varsinaissuomi-768x512.jpg 768w, https:\/\/teknologiateollisuus.fi\/jasenille\/wp-content\/uploads\/sites\/1\/2024\/02\/varsinaissuomi-1536x1024.jpg 1536w, https:\/\/teknologiateollisuus.fi\/jasenille\/wp-content\/uploads\/sites\/1\/2024\/02\/varsinaissuomi-1300x867.jpg 1300w, https:\/\/teknologiateollisuus.fi\/jasenille\/wp-content\/uploads\/sites\/1\/2024\/02\/varsinaissuomi-1440x960.jpg 1440w\" sizes=\"auto, (max-width: 1920px) 100vw, 1920px\" \/>\t\t\t<\/figure>\n\t\t\t<\/div>\n<\/div>\n\n\n\n<h2 class=\"wp-block-heading\" id=\"h-apua-tyosuhdeasioiden-hoitamiseen\" id=\"apua-tyosuhdeasioiden-hoitamiseen\">Apua ty\u00f6suhdeasioiden hoitamiseen<\/h2>\n\n\n\n<ul class=\"wp-block-list\">\n<li><a href=\"https:\/\/uusi.tyosuhdepalvelu.fi\/\">Ty\u00f6suhdepalvelu.fi<\/a>&nbsp;\u2013 J\u00e4senyritysten&nbsp;maksuton&nbsp;tietopankki<\/li>\n\n\n\n<li>Lis\u00e4tietoa j\u00e4senyritysten ty\u00f6suhdeasioiden&nbsp;neuvontapalveluista<a href=\"https:\/\/teknologiateollisuus.fi\/jasenille\/tyosuhdeneuvonta\/\"> t\u00e4\u00e4lt\u00e4<\/a>.<\/li>\n\n\n\n<li>My\u00f6s <a href=\"https:\/\/teknologiateollisuus.fi\/jasenille\/aluetoiminta\/#aluetiimi-apunasi\">aluep\u00e4\u00e4llik\u00f6t<\/a> avustavat ty\u00f6suhdekysymyksiss\u00e4.<\/li>\n<\/ul>\n\n\n\n<h2 class=\"wp-block-heading\" id=\"h-tule-mukaan-alueelliseen-yritysyhteistyohon\" id=\"tule-mukaan-alueelliseen-yritysyhteistyohon\">Tule mukaan alueelliseen yritysyhteisty\u00f6h\u00f6n!<\/h2>\n\n\n\n<p>Teknologiateollisuuden j\u00e4senyritysten verkosto toimii Varsinais-Suomessa. Toimintaa johtaa aluejohtokunta. Tervetuloa mukaan vaikuttamaan ja verkostoitumaan!&nbsp;<\/p>\n\n\n\n<ul class=\"wp-block-list  mt-none\">\n<li><a href=\"https:\/\/teknologiateollisuus.fi\/jasenille\/varsinais-suomi\/\">Varsinais-Suomen aluejohtokunta<\/a><\/li>\n<\/ul>\n\n\n\n<h2 class=\"wp-block-heading\" id=\"h-jasenyritysten-palvelut-lahella\" id=\"jasenyritysten-palvelut-lahella\">J\u00e4senyritysten palvelut l\u00e4hell\u00e4<\/h2>\n\n\n\n<p>Teknologiateollisuus ry:n aluetoiminta palvelee ja avustaa&nbsp;j\u00e4senyrityksi\u00e4 muun muassa:<\/p>\n\n\n\n<ul class=\"wp-block-list  mt-none\">\n<li>ty\u00f6suhdeasioissa (konsultointi ja koulutus, ty\u00f6ehtosopimusten soveltaminen)<\/li>\n\n\n\n<li>alueellisessa vaikuttamisessa ja ennakoinnissa (alan tilanne ja n\u00e4kym\u00e4t)<\/li>\n\n\n\n<li>osaajien saatavuuden varmistamisessa (oppilaitos-yritysyhteisty\u00f6n tukeminen, vaikuttaminen)<\/li>\n\n\n\n<li>yhteisty\u00f6ss\u00e4 ja verkostoitumisessa (seminaarit, tapahtumat)<\/li>\n<\/ul>\n\n\n\n<h2 class=\"wp-block-heading\" id=\"h-teknologiateollisuus-merkittavin-elinkeino-myos-varsinais-suomessa\" id=\"teknologiateollisuus-merkittavin-elinkeino-myos-varsinais-suomessa\">Teknologiateollisuus, merkitt\u00e4vin elinkeino my\u00f6s Varsinais-Suomessa<\/h2>\n\n\n\n<ul class=\"wp-block-list  mt-none\">\n<li>48 % alueen koko tavaraviennist\u00e4.<\/li>\n\n\n\n<li>47&nbsp;% alueen koko elinkeinoel\u00e4m\u00e4n t&amp;k-investoinneista.<\/li>\n\n\n\n<li>Ty\u00f6llisyysvaikutus on 65&nbsp;000 ty\u00f6paikkaa eli vajaa kolmannes&nbsp;Varsinais-Suomen kaikista ty\u00f6llisist\u00e4. Alalla ty\u00f6skentelee suoraan 32&nbsp;000&nbsp;ihmist\u00e4, joista jokaisen v\u00e4lillinen ty\u00f6llisyysvaikutus on v\u00e4hint\u00e4\u00e4n 1,1&nbsp;lis\u00e4ty\u00f6paikkaa. T\u00e4m\u00e4 vaikuttaa ratkaisevasti alueen ja Suomen muunkin ty\u00f6voiman ty\u00f6llistymismahdollisuuksiin.&nbsp;<\/li>\n\n\n\n<li>Tuoreimmat alaa ja alueellisia tietoja koskevat tilastotiedot l\u00f6ytyv\u00e4t&nbsp;<a href=\"https:\/\/teknologiateollisuus.fi\/fi\/talous-ja-toimiala\/talousnakymat\">tilastosivuiltamme<\/a>.<\/li>\n<\/ul>\n\n\n\n<article class=\"em-block-contact-card is-style-list\">\n\n\t<div class=\"em-block-contact-card__image\">\n\t\t\t\t\t<img loading=\"lazy\" decoding=\"async\" width=\"300\" height=\"400\" src=\"https:\/\/teknologiateollisuus.fi\/jasenille\/wp-content\/uploads\/2024\/05\/php3vvybq.jpg\" class=\"attachment-portrait size-portrait\" alt=\"\" \/>\t\t\t<\/div>\n\t<div class=\"em-block-contact-card__content-wrapper\">\n\t\t<div class=\"em-block-contact-card__content\">\n\t\t\t\t\t\t\t<div class=\"em-block-contact-card__business-units\">\n\t\t\t\t\t\t\t\t\t\t\t<span class=\"em-block-contact-card__business-unit\">Yritt\u00e4jyys ja aluetoiminta<\/span>\n\t\t\t\t\t\t\t\t\t<\/div>\n\t\t\t\t\t\t<h3 class=\"em-block-contact-card__title\"><a target=\"_self\" href=\"https:\/\/teknologiateollisuus.fi\/?p=1055\">L\u00e4\u00e4veri Anu<\/a><\/h3>\n\t\t\t\t\t\t\t<span class=\"em-block-contact-card__job_title\">Johtaja, aluetoiminta, aluep\u00e4\u00e4llikk\u00f6, Varsinais-Suomi &#8211; Aluetoiminta<\/span>\n\t\t\t\t\t\t\t\t\t\t<span class=\"em-block-contact-card__organisation\">Teknologiateollisuus ry<\/span>\n\t\t\t\t\t<\/div>\n\t\t<div class=\"em-block-contact-card__content\">\n\t\t\t\t\t\t<address class=\"em-block-contact-card__contact-details\">\n\t\t\t\t\t\t\t\t\t<span class=\"em-block-contact-card__phone\">\n\t\t\t\t\t\t<a href=\"tel:+358 505649352\">+358 505649352<\/a><\/a>\n\t\t\t\t\t<\/span>\n\t\t\t\t\t\t\t\t\t\t\t\t\t<span class=\"em-block-contact-card__email\">\n\t\t\t\t\t\t<a href=\"mailto:anu.laaveri@teknologiateollisuus.fi\">anu.laaveri@teknologiateollisuus.fi<\/a><\/a>\n\t\t\t\t\t<\/span>\n\t\t\t\t\t\t\t<\/address>\n\t\t\t\t\t<\/div>\n\t<\/div>\n\n<\/article>\n\n\n\n<article class=\"em-block-contact-card is-style-list\">\n\n\t<div class=\"em-block-contact-card__image\">\n\t\t\t\t\t<img loading=\"lazy\" decoding=\"async\" width=\"300\" height=\"400\" src=\"https:\/\/teknologiateollisuus.fi\/jasenille\/wp-content\/uploads\/2024\/05\/phpokfzvn.jpg\" class=\"attachment-portrait size-portrait\" alt=\"\" \/>\t\t\t<\/div>\n\t<div class=\"em-block-contact-card__content-wrapper\">\n\t\t<div class=\"em-block-contact-card__content\">\n\t\t\t\t\t\t\t<div class=\"em-block-contact-card__business-units\">\n\t\t\t\t\t\t\t\t\t\t\t<span class=\"em-block-contact-card__business-unit\">Yritt\u00e4jyys ja aluetoiminta<\/span>\n\t\t\t\t\t\t\t\t\t<\/div>\n\t\t\t\t\t\t<h3 class=\"em-block-contact-card__title\"><a target=\"_self\" href=\"https:\/\/teknologiateollisuus.fi\/?p=1052\">Laine Eija<\/a><\/h3>\n\t\t\t\t\t\t\t<span class=\"em-block-contact-card__job_title\">Asiantuntija, aluetoiminta ja vetovoima &#8211; Aluetoiminta<\/span>\n\t\t\t\t\t\t\t\t\t\t<span class=\"em-block-contact-card__organisation\">Teknologiateollisuus ry<\/span>\n\t\t\t\t\t<\/div>\n\t\t<div class=\"em-block-contact-card__content\">\n\t\t\t\t\t\t<address class=\"em-block-contact-card__contact-details\">\n\t\t\t\t\t\t\t\t\t<span class=\"em-block-contact-card__phone\">\n\t\t\t\t\t\t<a href=\"tel:+358 409030622\">+358 409030622<\/a><\/a>\n\t\t\t\t\t<\/span>\n\t\t\t\t\t\t\t\t\t\t\t\t\t<span class=\"em-block-contact-card__email\">\n\t\t\t\t\t\t<a href=\"mailto:eija.laine@teknologiateollisuus.fi\">eija.laine@teknologiateollisuus.fi<\/a><\/a>\n\t\t\t\t\t<\/span>\n\t\t\t\t\t\t\t<\/address>\n\t\t\t\t\t<\/div>\n\t<\/div>\n\n<\/article>\n\n\n<div class=\"em-block-maps-embed \">\n\t<iframe src=\"https:\/\/maps.google.com\/maps?q=Puolalankatu+1%2C+20100%2C+Turku&amp;z=15&amp;output=embed\" title=\"Puolalankatu 1, 20100, Turku\"><\/iframe>\n<\/div>\n","protected":false},"excerpt":{"rendered":"<p>Apua ty\u00f6suhdeasioiden hoitamiseen Tule mukaan alueelliseen yritysyhteisty\u00f6h\u00f6n! Teknologiateollisuuden j\u00e4senyritysten verkosto toimii Varsinais-Suomessa. Toimintaa johtaa aluejohtokunta. Tervetuloa mukaan vaikuttamaan ja verkostoitumaan!&nbsp; J\u00e4senyritysten palvelut l\u00e4hell\u00e4 Teknologiateollisuus ry:n aluetoiminta palvelee ja avustaa&nbsp;j\u00e4senyrityksi\u00e4 muun muassa: Teknologiateollisuus, merkitt\u00e4vin elinkeino my\u00f6s Varsinais-Suomessa<\/p>\n","protected":false},"author":1,"featured_media":0,"parent":193,"menu_order":0,"comment_status":"closed","ping_status":"closed","template":"","meta":{"_acf_changed":false,"_relevanssi_hide_post":"","_relevanssi_hide_content":"","_relevanssi_pin_for_all":"","_relevanssi_pin_keywords":"","_relevanssi_unpin_keywords":"","_relevanssi_related_keywords":"","_relevanssi_related_include_ids":"","_relevanssi_related_exclude_ids":"","_relevanssi_related_no_append":"","_relevanssi_related_not_related":"","_relevanssi_related_posts":"166,167,168,165,1417,169","_relevanssi_noindex_reason":"","inline_featured_image":false,"growthstack-ab-test":[],"growthstack-ab-test-views":[],"footnotes":""},"class_list":["post-235","page","type-page","status-publish","hentry"],"acf":{"is_store_related":false,"locked":false},"yoast_head":"<!-- This site is optimized with the Yoast SEO Premium plugin v27.1 (Yoast SEO v27.4) - https:\/\/yoast.com\/product\/yoast-seo-premium-wordpress\/ -->\n<title>Varsinais-Suomi - Teknologiateollisuus - J\u00e4senille<\/title>\n<meta name=\"robots\" content=\"index, follow, max-snippet:-1, max-image-preview:large, max-video-preview:-1\" \/>\n<link rel=\"canonical\" href=\"https:\/\/teknologiateollisuus.fi\/jasenille\/tietoa-toiminnasta\/ota-yhteytta\/toimipisteet\/varsinais-suomi\/\" \/>\n<meta property=\"og:locale\" content=\"fi_FI\" \/>\n<meta property=\"og:type\" content=\"article\" \/>\n<meta property=\"og:title\" content=\"Varsinais-Suomi\" \/>\n<meta property=\"og:description\" content=\"Apua ty\u00f6suhdeasioiden hoitamiseen Tule mukaan alueelliseen yritysyhteisty\u00f6h\u00f6n! Teknologiateollisuuden j\u00e4senyritysten verkosto toimii Varsinais-Suomessa. Toimintaa johtaa aluejohtokunta. Tervetuloa mukaan vaikuttamaan ja verkostoitumaan!&nbsp; J\u00e4senyritysten palvelut l\u00e4hell\u00e4 Teknologiateollisuus ry:n aluetoiminta palvelee ja avustaa&nbsp;j\u00e4senyrityksi\u00e4 muun muassa: Teknologiateollisuus, merkitt\u00e4vin elinkeino my\u00f6s Varsinais-Suomessa\" \/>\n<meta property=\"og:url\" content=\"https:\/\/teknologiateollisuus.fi\/jasenille\/tietoa-toiminnasta\/ota-yhteytta\/toimipisteet\/varsinais-suomi\/\" \/>\n<meta property=\"og:site_name\" content=\"Teknologiateollisuus - J\u00e4senille\" \/>\n<meta property=\"article:modified_time\" content=\"2025-06-24T05:55:49+00:00\" \/>\n<meta name=\"twitter:card\" content=\"summary_large_image\" \/>\n<meta name=\"twitter:label1\" content=\"Arvioitu lukuaika\" \/>\n\t<meta name=\"twitter:data1\" content=\"1 minuutti\" \/>\n<script type=\"application\/ld+json\" class=\"yoast-schema-graph\">{\"@context\":\"https:\\\/\\\/schema.org\",\"@graph\":[{\"@type\":\"WebPage\",\"@id\":\"https:\\\/\\\/teknologiateollisuus.fi\\\/jasenille\\\/tietoa-toiminnasta\\\/ota-yhteytta\\\/toimipisteet\\\/varsinais-suomi\\\/\",\"url\":\"https:\\\/\\\/teknologiateollisuus.fi\\\/jasenille\\\/tietoa-toiminnasta\\\/ota-yhteytta\\\/toimipisteet\\\/varsinais-suomi\\\/\",\"name\":\"Varsinais-Suomi - Teknologiateollisuus - J\u00e4senille\",\"isPartOf\":{\"@id\":\"https:\\\/\\\/teknologiateollisuus.fi\\\/jasenille\\\/#website\"},\"datePublished\":\"2023-10-23T07:30:30+00:00\",\"dateModified\":\"2025-06-24T05:55:49+00:00\",\"breadcrumb\":{\"@id\":\"https:\\\/\\\/teknologiateollisuus.fi\\\/jasenille\\\/tietoa-toiminnasta\\\/ota-yhteytta\\\/toimipisteet\\\/varsinais-suomi\\\/#breadcrumb\"},\"inLanguage\":\"fi\",\"potentialAction\":[{\"@type\":\"ReadAction\",\"target\":[\"https:\\\/\\\/teknologiateollisuus.fi\\\/jasenille\\\/tietoa-toiminnasta\\\/ota-yhteytta\\\/toimipisteet\\\/varsinais-suomi\\\/\"]}]},{\"@type\":\"BreadcrumbList\",\"@id\":\"https:\\\/\\\/teknologiateollisuus.fi\\\/jasenille\\\/tietoa-toiminnasta\\\/ota-yhteytta\\\/toimipisteet\\\/varsinais-suomi\\\/#breadcrumb\",\"itemListElement\":[{\"@type\":\"ListItem\",\"position\":1,\"name\":\"Home\",\"item\":\"https:\\\/\\\/teknologiateollisuus.fi\\\/jasenille\\\/\"},{\"@type\":\"ListItem\",\"position\":2,\"name\":\"Tietoa toiminnasta\",\"item\":\"https:\\\/\\\/teknologiateollisuus.fi\\\/jasenille\\\/tietoa-toiminnasta\\\/\"},{\"@type\":\"ListItem\",\"position\":3,\"name\":\"Ota yhteytt\u00e4\",\"item\":\"https:\\\/\\\/teknologiateollisuus.fi\\\/jasenille\\\/tietoa-toiminnasta\\\/ota-yhteytta\\\/\"},{\"@type\":\"ListItem\",\"position\":4,\"name\":\"Toimipisteet\",\"item\":\"https:\\\/\\\/teknologiateollisuus.fi\\\/jasenille\\\/tietoa-toiminnasta\\\/ota-yhteytta\\\/toimipisteet\\\/\"},{\"@type\":\"ListItem\",\"position\":5,\"name\":\"Varsinais-Suomi\"}]},{\"@type\":\"WebSite\",\"@id\":\"https:\\\/\\\/teknologiateollisuus.fi\\\/jasenille\\\/#website\",\"url\":\"https:\\\/\\\/teknologiateollisuus.fi\\\/jasenille\\\/\",\"name\":\"Teknologiateollisuus - J\u00e4senille\",\"description\":\"\",\"publisher\":{\"@id\":\"https:\\\/\\\/teknologiateollisuus.fi\\\/jasenille\\\/#organization\"},\"potentialAction\":[{\"@type\":\"SearchAction\",\"target\":{\"@type\":\"EntryPoint\",\"urlTemplate\":\"https:\\\/\\\/teknologiateollisuus.fi\\\/jasenille\\\/?s={search_term_string}\"},\"query-input\":{\"@type\":\"PropertyValueSpecification\",\"valueRequired\":true,\"valueName\":\"search_term_string\"}}],\"inLanguage\":\"fi\"},{\"@type\":\"Organization\",\"@id\":\"https:\\\/\\\/teknologiateollisuus.fi\\\/jasenille\\\/#organization\",\"name\":\"Teknologiateollisuus - J\u00e4senille\",\"url\":\"https:\\\/\\\/teknologiateollisuus.fi\\\/jasenille\\\/\",\"logo\":{\"@type\":\"ImageObject\",\"inLanguage\":\"fi\",\"@id\":\"https:\\\/\\\/teknologiateollisuus.fi\\\/jasenille\\\/#\\\/schema\\\/logo\\\/image\\\/\",\"url\":\"https:\\\/\\\/teknologiateollisuus.fi\\\/jasenille\\\/wp-content\\\/uploads\\\/sites\\\/1\\\/2023\\\/10\\\/placeholder.png\",\"contentUrl\":\"https:\\\/\\\/teknologiateollisuus.fi\\\/jasenille\\\/wp-content\\\/uploads\\\/sites\\\/1\\\/2023\\\/10\\\/placeholder.png\",\"width\":2560,\"height\":1920,\"caption\":\"Teknologiateollisuus - J\u00e4senille\"},\"image\":{\"@id\":\"https:\\\/\\\/teknologiateollisuus.fi\\\/jasenille\\\/#\\\/schema\\\/logo\\\/image\\\/\"}}]}<\/script>\n<!-- \/ Yoast SEO Premium plugin. -->","yoast_head_json":{"title":"Varsinais-Suomi - Teknologiateollisuus - J\u00e4senille","robots":{"index":"index","follow":"follow","max-snippet":"max-snippet:-1","max-image-preview":"max-image-preview:large","max-video-preview":"max-video-preview:-1"},"canonical":"https:\/\/teknologiateollisuus.fi\/jasenille\/tietoa-toiminnasta\/ota-yhteytta\/toimipisteet\/varsinais-suomi\/","og_locale":"fi_FI","og_type":"article","og_title":"Varsinais-Suomi","og_description":"Apua ty\u00f6suhdeasioiden hoitamiseen Tule mukaan alueelliseen yritysyhteisty\u00f6h\u00f6n! Teknologiateollisuuden j\u00e4senyritysten verkosto toimii Varsinais-Suomessa. Toimintaa johtaa aluejohtokunta. Tervetuloa mukaan vaikuttamaan ja verkostoitumaan!&nbsp; J\u00e4senyritysten palvelut l\u00e4hell\u00e4 Teknologiateollisuus ry:n aluetoiminta palvelee ja avustaa&nbsp;j\u00e4senyrityksi\u00e4 muun muassa: Teknologiateollisuus, merkitt\u00e4vin elinkeino my\u00f6s Varsinais-Suomessa","og_url":"https:\/\/teknologiateollisuus.fi\/jasenille\/tietoa-toiminnasta\/ota-yhteytta\/toimipisteet\/varsinais-suomi\/","og_site_name":"Teknologiateollisuus - J\u00e4senille","article_modified_time":"2025-06-24T05:55:49+00:00","twitter_card":"summary_large_image","twitter_misc":{"Arvioitu lukuaika":"1 minuutti"},"schema":{"@context":"https:\/\/schema.org","@graph":[{"@type":"WebPage","@id":"https:\/\/teknologiateollisuus.fi\/jasenille\/tietoa-toiminnasta\/ota-yhteytta\/toimipisteet\/varsinais-suomi\/","url":"https:\/\/teknologiateollisuus.fi\/jasenille\/tietoa-toiminnasta\/ota-yhteytta\/toimipisteet\/varsinais-suomi\/","name":"Varsinais-Suomi - Teknologiateollisuus - J\u00e4senille","isPartOf":{"@id":"https:\/\/teknologiateollisuus.fi\/jasenille\/#website"},"datePublished":"2023-10-23T07:30:30+00:00","dateModified":"2025-06-24T05:55:49+00:00","breadcrumb":{"@id":"https:\/\/teknologiateollisuus.fi\/jasenille\/tietoa-toiminnasta\/ota-yhteytta\/toimipisteet\/varsinais-suomi\/#breadcrumb"},"inLanguage":"fi","potentialAction":[{"@type":"ReadAction","target":["https:\/\/teknologiateollisuus.fi\/jasenille\/tietoa-toiminnasta\/ota-yhteytta\/toimipisteet\/varsinais-suomi\/"]}]},{"@type":"BreadcrumbList","@id":"https:\/\/teknologiateollisuus.fi\/jasenille\/tietoa-toiminnasta\/ota-yhteytta\/toimipisteet\/varsinais-suomi\/#breadcrumb","itemListElement":[{"@type":"ListItem","position":1,"name":"Home","item":"https:\/\/teknologiateollisuus.fi\/jasenille\/"},{"@type":"ListItem","position":2,"name":"Tietoa toiminnasta","item":"https:\/\/teknologiateollisuus.fi\/jasenille\/tietoa-toiminnasta\/"},{"@type":"ListItem","position":3,"name":"Ota yhteytt\u00e4","item":"https:\/\/teknologiateollisuus.fi\/jasenille\/tietoa-toiminnasta\/ota-yhteytta\/"},{"@type":"ListItem","position":4,"name":"Toimipisteet","item":"https:\/\/teknologiateollisuus.fi\/jasenille\/tietoa-toiminnasta\/ota-yhteytta\/toimipisteet\/"},{"@type":"ListItem","position":5,"name":"Varsinais-Suomi"}]},{"@type":"WebSite","@id":"https:\/\/teknologiateollisuus.fi\/jasenille\/#website","url":"https:\/\/teknologiateollisuus.fi\/jasenille\/","name":"Teknologiateollisuus - J\u00e4senille","description":"","publisher":{"@id":"https:\/\/teknologiateollisuus.fi\/jasenille\/#organization"},"potentialAction":[{"@type":"SearchAction","target":{"@type":"EntryPoint","urlTemplate":"https:\/\/teknologiateollisuus.fi\/jasenille\/?s={search_term_string}"},"query-input":{"@type":"PropertyValueSpecification","valueRequired":true,"valueName":"search_term_string"}}],"inLanguage":"fi"},{"@type":"Organization","@id":"https:\/\/teknologiateollisuus.fi\/jasenille\/#organization","name":"Teknologiateollisuus - J\u00e4senille","url":"https:\/\/teknologiateollisuus.fi\/jasenille\/","logo":{"@type":"ImageObject","inLanguage":"fi","@id":"https:\/\/teknologiateollisuus.fi\/jasenille\/#\/schema\/logo\/image\/","url":"https:\/\/teknologiateollisuus.fi\/jasenille\/wp-content\/uploads\/sites\/1\/2023\/10\/placeholder.png","contentUrl":"https:\/\/teknologiateollisuus.fi\/jasenille\/wp-content\/uploads\/sites\/1\/2023\/10\/placeholder.png","width":2560,"height":1920,"caption":"Teknologiateollisuus - J\u00e4senille"},"image":{"@id":"https:\/\/teknologiateollisuus.fi\/jasenille\/#\/schema\/logo\/image\/"}}]}},"lang":"fi","translations":{"fi":235},"pll_sync_post":[],"_links":{"self":[{"href":"https:\/\/teknologiateollisuus.fi\/jasenille\/wp-json\/wp\/v2\/pages\/235","targetHints":{"allow":["GET"]}}],"collection":[{"href":"https:\/\/teknologiateollisuus.fi\/jasenille\/wp-json\/wp\/v2\/pages"}],"about":[{"href":"https:\/\/teknologiateollisuus.fi\/jasenille\/wp-json\/wp\/v2\/types\/page"}],"author":[{"embeddable":true,"href":"https:\/\/teknologiateollisuus.fi\/jasenille\/wp-json\/wp\/v2\/users\/1"}],"replies":[{"embeddable":true,"href":"https:\/\/teknologiateollisuus.fi\/jasenille\/wp-json\/wp\/v2\/comments?post=235"}],"version-history":[{"count":12,"href":"https:\/\/teknologiateollisuus.fi\/jasenille\/wp-json\/wp\/v2\/pages\/235\/revisions"}],"predecessor-version":[{"id":26408,"href":"https:\/\/teknologiateollisuus.fi\/jasenille\/wp-json\/wp\/v2\/pages\/235\/revisions\/26408"}],"up":[{"embeddable":true,"href":"https:\/\/teknologiateollisuus.fi\/jasenille\/wp-json\/wp\/v2\/pages\/193"}],"wp:attachment":[{"href":"https:\/\/teknologiateollisuus.fi\/jasenille\/wp-json\/wp\/v2\/media?parent=235"}],"curies":[{"name":"wp","href":"https:\/\/api.w.org\/{rel}","templated":true}]}}