{"id":23909,"date":"2025-02-05T14:58:34","date_gmt":"2025-02-05T12:58:34","guid":{"rendered":"https:\/\/teknologiateollisuus.fi\/jasenille\/?page_id=23909"},"modified":"2025-06-25T15:37:33","modified_gmt":"2025-06-25T12:37:33","slug":"finnish-design-push-hanke","status":"publish","type":"page","link":"https:\/\/teknologiateollisuus.fi\/jasenille\/palvelut\/kasvupalvelut\/finnish-design-push-hanke\/","title":{"rendered":"Finnish Design Push -hanke"},"content":{"rendered":"\n<div class=\"em-block-hero hero-has-background-color has-background has-black-background-color collapse  \">\n\t<div class=\"em-block-hero__container\">\n\t\t<div class=\"em-block-hero__content\">\n\t\t\t<div class=\"yoast-breadcrumbs\"><span><span><a href=\"https:\/\/teknologiateollisuus.fi\/jasenille\/\">Home<\/a><\/span> <span class=\"separator\"><\/span> <span><a href=\"https:\/\/teknologiateollisuus.fi\/jasenille\/palvelut\/\">Palvelut<\/a><\/span> <span class=\"separator\"><\/span> <span><a href=\"https:\/\/teknologiateollisuus.fi\/jasenille\/palvelut\/kasvupalvelut\/\">Kasvupalvelut<\/a><\/span> <span class=\"separator\"><\/span> <span class=\"breadcrumb_last\" aria-current=\"page\">Finnish Design Push -hanke<\/span><\/span><\/div>\t\t\t\n<h1 class=\"wp-block-heading\" id=\"h-finnish-design-push-hanke\">Finnish Design Push -hanke<\/h1>\n\n<p>Finnish Design Push -hanke on Aalto-yliopiston Taiteiden ja suunnittelun korkeakoulun ja Teknologiateollisuuden yhteishanke, joka tutkii muotoilun integroimista digitaalisiin palveluihin. Hanke etsii nyt vuodelle 2025 uusia pk-teknologiayrityksi\u00e4, jotka ovat kiinnostuneita muotoilun tarjoamista mahdollisuuksista.<\/p>\n\t\t\t<div class=\"em-block-hero__modified-date\"> P\u00e4ivitetty 25.06.2025 klo 15:37<\/div>\t\t<\/div>\n\t\t\t\t\t<figure class=\"em-block-hero__image\">\n\t\t\t\t\t\t\t<\/figure>\n\t\t\t<\/div>\n<\/div>\n\n\n\n<p>Taiteiden ja suunnittelun korkeakoulu sai vuonna 2024 merkitt\u00e4v\u00e4n nelivuotisen rahoituksen Teknologiateollisuuden 100-vuotiss\u00e4\u00e4ti\u00f6lt\u00e4, Von Julin \u2013rahastolta ja Metex-rahastolta kehitt\u00e4\u00e4kseen uusia opetusk\u00e4yt\u00e4nt\u00f6j\u00e4, jotka tukevat muotoiluopiskelijoiden siirtymist\u00e4 ty\u00f6el\u00e4m\u00e4\u00e4n ja edist\u00e4v\u00e4t muotoilun hy\u00f6dynt\u00e4mist\u00e4 suomalaisissa teknologiayrityksiss\u00e4. Finnish Design Push -hankkeen tarkoituksena on tarjota oppimisalusta sek\u00e4 opiskelijoille ett\u00e4 yrityksille. <\/p>\n\n\n\n<p>Hanke auttaa yrityksi\u00e4 saamaan k\u00e4sityksen muotoilun tarjoamista ratkaisuista ja tunnistamaan kehitysalueita sek\u00e4 tarjoaa mahdollisuuden kokeilla yhteisty\u00f6t\u00e4 muotoilijoiden kanssa. Hankkeen ytimess\u00e4 on uusien yhteyksien luominen ja uusien yhteisty\u00f6muotojen tutkiminen yliopiston ja elinkeinoel\u00e4m\u00e4n v\u00e4lill\u00e4.&nbsp;<\/p>\n\n\n\n<p>Hanke k\u00e4ynnistyi syyskuussa 2024 Digital Service Design Project -kurssilla yhteisty\u00f6ss\u00e4 viiden suomalaisen teknologiayrityksen kanssa. Yritykset rekrytoitiin yhteisty\u00f6ss\u00e4 Teknologiateollisuus ry:n aluetoimistojen kanssa.&nbsp;Ensimm\u00e4inen yhteisty\u00f6projekti j\u00e4rjestettiin yhteisty\u00f6ss\u00e4 Heerosin, Lojerin, Reflectorin, Innofactorin, Granlundin ja Aalto ITS:n kanssa.&nbsp;<\/p>\n\n\n\n<div class=\"wp-block-buttons is-layout-flex wp-block-buttons-is-layout-flex\">\n<div class=\"wp-block-button  icon-right\"><a class=\"wp-block-button__link wp-element-button\" href=\"https:\/\/www.aalto.fi\/fi\/uutiset\/finnish-design-push-teknologia-alan-pk-yritysten-ja-muotoilun-opetuksen-uusi-yhteistyohanke\" target=\"_blank\" rel=\"noreferrer noopener\">Lue lis\u00e4\u00e4 hankkeesta<\/a><\/div>\n<\/div>\n\n\n\n<h2 class=\"wp-block-heading\" id=\"h-millaista-lisaarvoa-hankkeeseen-osallistuminen-toi-yrityksille\" id=\"millaista-lisaarvoa-hankkeeseen-osallistuminen-toi-yrityksille\">Millaista lis\u00e4arvoa hankkeeseen osallistuminen toi yrityksille?<\/h2>\n\n\n\n<p>L\u00e4\u00e4ketieteellisten kalusteiden ja fysioterapialaitteiden pohjoismaiden markkinajohtaja Lojer oli mukana hankkeessa tavoitteenaan parantaa ja yksinkertaistaa tilausprosessia sek\u00e4 asiakasviestint\u00e4\u00e4. Lis\u00e4ksi Lojerin halusi parantaa asiakaskokemusta kokonaisvaltaisesti siten, ett\u00e4 sen tuomaa lis\u00e4arvoa ja vaikutusta voidaan mitata.<\/p>\n\n\n\n<p>Lojerin palvelujohtaja <strong>Tapio Turta<\/strong> oli tyytyv\u00e4inen hankkeen tuloksiin: \u201dT\u00e4m\u00e4 on erinomainen tapa saada uusia ideoita ja vahvistaa omia ajatuksia. Opiskelijat olivat todella omistautuneita projekteilleen. Opin, ett\u00e4 voisimme tehd\u00e4 paljon enemm\u00e4n yhteisty\u00f6t\u00e4 opiskelijoiden kanssa palveluiden kehitt\u00e4misess\u00e4.\u201d<\/p>\n\n\n\n<p>Suomalainen ohjelmistoyritys Heeros halusi yksinkertaistaa hankkeen avulla resursointiominaisuuttaan, joka koettiin liian monimutkaiseksi.<\/p>\n\n\n\n<p>&#8221;Prosessi oli eritt\u00e4in onnistunut, osallistuminen oli ehdottomasti sen arvoista! On hienoa, ett\u00e4 prosessi oli tarpeeksi yksinkertainen keskikokoiselle yritykselle kuten meille. Kannustin oli juuri oikea \u2013 saimme merkitt\u00e4vi\u00e4 hy\u00f6tyj\u00e4 kohtuullisella ajank\u00e4yt\u00f6ll\u00e4,\u201d sanoo Heeroksen tuotejohtaja <strong>Henri Liuska<\/strong>.<\/p>\n\n\n\n<p>Heerosin tuotep\u00e4\u00e4llikk\u00f6 <strong>Juuso Pankalahti<\/strong> on Liuskan kanssa samaa mielt\u00e4: &#8221;Yhteisty\u00f6 yliopistojen ja yritysten v\u00e4lill\u00e4 voi olla eritt\u00e4in hedelm\u00e4llist\u00e4.&#8221;<\/p>\n\n\n\n<div class=\"wp-block-scb-columns scb-columns has-2-column-layout--33-66 has-mobile-behavior--stacked has-auto-fit\">\n<div class=\"wp-block-scb-column scb-column is-scale-cover\">\n<h2 class=\"wp-block-heading\" id=\"h-kiinnostaako-liittya-mukaan\" id=\"kiinnostaako-liittya-mukaan\">Kiinnostaako liitty\u00e4 mukaan?<\/h2>\n<\/div>\n\n\n\n<div class=\"wp-block-scb-column scb-column is-scale-cover\">\n<p>Finnish Design Push -hanke hakee uusia pieni\u00e4 ja keskisuuria teknologiayrityksi\u00e4 mukaan vuoden 2025 projekteihin oppimaan lis\u00e4\u00e4 muotoilun mahdollisuuksista. Jos yrityksesi on kiinnostunut kehitt\u00e4m\u00e4\u00e4n tarjontaansa digitaalisen palvelun tai ty\u00f6kalun avulla, ole meihin yhteydess\u00e4.<\/p>\n<\/div>\n<\/div>\n\n\n\n<div class=\"wp-block-scb-columns scb-columns  has-mobile-behavior--stacked has-auto-fit em-pattern-event-contacts\">\n<div class=\"wp-block-scb-column scb-column is-scale-cover\">\n<h2 class=\"wp-block-heading\" id=\"h-lisatiedot\" id=\"lisatiedot\">Lis\u00e4tiedot:<\/h2>\n\n\n\n<article class=\"em-block-contact-card is-style-list\">\n\n\t<div class=\"em-block-contact-card__image\">\n\t\t\t\t\t<img loading=\"lazy\" decoding=\"async\" width=\"300\" height=\"400\" src=\"https:\/\/teknologiateollisuus.fi\/jasenille\/wp-content\/uploads\/2024\/05\/phpjqehdr.jpg\" class=\"attachment-portrait size-portrait\" alt=\"\" \/>\t\t\t<\/div>\n\t<div class=\"em-block-contact-card__content-wrapper\">\n\t\t<div class=\"em-block-contact-card__content\">\n\t\t\t\t\t\t\t<div class=\"em-block-contact-card__business-units\">\n\t\t\t\t\t\t\t\t\t\t\t<span class=\"em-block-contact-card__business-unit\">Yritt\u00e4jyys ja aluetoiminta<\/span>\n\t\t\t\t\t\t\t\t\t<\/div>\n\t\t\t\t\t\t<h3 class=\"em-block-contact-card__title\"><a target=\"_self\" href=\"https:\/\/teknologiateollisuus.fi\/?p=1190\">Polo Teemu<\/a><\/h3>\n\t\t\t\t\t\t\t<span class=\"em-block-contact-card__job_title\">Johtava asiantuntija &#8211; PK &amp; Yritt\u00e4jyys<\/span>\n\t\t\t\t\t\t\t\t\t\t<span class=\"em-block-contact-card__organisation\">Teknologiateollisuus ry<\/span>\n\t\t\t\t\t<\/div>\n\t\t<div class=\"em-block-contact-card__content\">\n\t\t\t\t\t\t<address class=\"em-block-contact-card__contact-details\">\n\t\t\t\t\t\t\t\t\t<span class=\"em-block-contact-card__phone\">\n\t\t\t\t\t\t<a href=\"tel:+358 405654496\">+358 405654496<\/a><\/a>\n\t\t\t\t\t<\/span>\n\t\t\t\t\t\t\t\t\t\t\t\t\t<span class=\"em-block-contact-card__email\">\n\t\t\t\t\t\t<a href=\"mailto:teemu.polo@teknologiateollisuus.fi\">teemu.polo@teknologiateollisuus.fi<\/a><\/a>\n\t\t\t\t\t<\/span>\n\t\t\t\t\t\t\t<\/address>\n\t\t\t\t\t<\/div>\n\t<\/div>\n\n<\/article>\n\n\n\n<article class=\"em-block-contact-card is-style-list\">\n\n\t<div class=\"em-block-contact-card__image\">\n\t\t\t\t\t<img loading=\"lazy\" decoding=\"async\" width=\"300\" height=\"400\" src=\"https:\/\/teknologiateollisuus.fi\/jasenille\/wp-content\/uploads\/2024\/05\/Juha-Pekka_Karkkainen_netti.png\" class=\"attachment-portrait size-portrait\" alt=\"\" \/>\t\t\t<\/div>\n\t<div class=\"em-block-contact-card__content-wrapper\">\n\t\t<div class=\"em-block-contact-card__content\">\n\t\t\t\t\t\t\t<div class=\"em-block-contact-card__business-units\">\n\t\t\t\t\t\t\t\t\t\t\t<span class=\"em-block-contact-card__business-unit\">Yritt\u00e4jyys ja aluetoiminta<\/span>\n\t\t\t\t\t\t\t\t\t<\/div>\n\t\t\t\t\t\t<h3 class=\"em-block-contact-card__title\"><a target=\"_self\" href=\"https:\/\/teknologiateollisuus.fi\/?p=1292\">K\u00e4rkk\u00e4inen Juha-Pekka<\/a><\/h3>\n\t\t\t\t\t\t\t<span class=\"em-block-contact-card__job_title\">Aluep\u00e4\u00e4llikk\u00f6, P\u00e4ij\u00e4t-H\u00e4me ja Kaakkois-Suomi &#8211; Aluetoiminta<\/span>\n\t\t\t\t\t\t\t\t\t\t<span class=\"em-block-contact-card__organisation\">Teknologiateollisuus ry<\/span>\n\t\t\t\t\t<\/div>\n\t\t<div class=\"em-block-contact-card__content\">\n\t\t\t\t\t\t<address class=\"em-block-contact-card__contact-details\">\n\t\t\t\t\t\t\t\t\t<span class=\"em-block-contact-card__phone\">\n\t\t\t\t\t\t<a href=\"tel:+358 401447113\">+358 401447113<\/a><\/a>\n\t\t\t\t\t<\/span>\n\t\t\t\t\t\t\t\t\t\t\t\t\t<span class=\"em-block-contact-card__email\">\n\t\t\t\t\t\t<a href=\"mailto:juha-pekka.karkkainen@teknologiateollisuus.fi\">juha-pekka.karkkainen@teknologiateollisuus.fi<\/a><\/a>\n\t\t\t\t\t<\/span>\n\t\t\t\t\t\t\t<\/address>\n\t\t\t\t\t<\/div>\n\t<\/div>\n\n<\/article>\n<\/div>\n<\/div>\n","protected":false},"excerpt":{"rendered":"<p>Taiteiden ja suunnittelun korkeakoulu sai vuonna 2024 merkitt\u00e4v\u00e4n nelivuotisen rahoituksen Teknologiateollisuuden 100-vuotiss\u00e4\u00e4ti\u00f6lt\u00e4, Von Julin \u2013rahastolta ja Metex-rahastolta kehitt\u00e4\u00e4kseen uusia opetusk\u00e4yt\u00e4nt\u00f6j\u00e4, jotka tukevat muotoiluopiskelijoiden siirtymist\u00e4 ty\u00f6el\u00e4m\u00e4\u00e4n ja edist\u00e4v\u00e4t muotoilun hy\u00f6dynt\u00e4mist\u00e4 suomalaisissa teknologiayrityksiss\u00e4. Finnish Design Push -hankkeen tarkoituksena on tarjota oppimisalusta sek\u00e4 opiskelijoille ett\u00e4 yrityksille. Hanke auttaa yrityksi\u00e4 saamaan k\u00e4sityksen muotoilun tarjoamista ratkaisuista ja tunnistamaan kehitysalueita sek\u00e4 [&hellip;]<\/p>\n","protected":false},"author":1655,"featured_media":0,"parent":1517,"menu_order":0,"comment_status":"closed","ping_status":"closed","template":"","meta":{"_acf_changed":false,"_relevanssi_hide_post":"","_relevanssi_hide_content":"","_relevanssi_pin_for_all":"","_relevanssi_pin_keywords":"","_relevanssi_unpin_keywords":"","_relevanssi_related_keywords":"","_relevanssi_related_include_ids":"","_relevanssi_related_exclude_ids":"","_relevanssi_related_no_append":"","_relevanssi_related_not_related":"","_relevanssi_related_posts":"14793,23608,6221,15161,5887,7236","_relevanssi_noindex_reason":"","inline_featured_image":false,"growthstack-ab-test":[],"growthstack-ab-test-views":[],"footnotes":""},"class_list":["post-23909","page","type-page","status-publish","hentry"],"acf":{"is_store_related":false,"locked":false},"yoast_head":"<!-- This site is optimized with the Yoast SEO Premium plugin v27.1 (Yoast SEO v27.4) - https:\/\/yoast.com\/product\/yoast-seo-premium-wordpress\/ -->\n<title>Finnish Design Push -hanke - Teknologiateollisuus - J\u00e4senille<\/title>\n<meta name=\"description\" content=\"Finnish Design Push -hanke on Aalto-yliopiston Taiteiden ja suunnittelun korkeakoulun ja Teknologiateollisuuden yhteishanke, joka tutkii muotoilun integroimista digitaalisiin palveluihin.\" \/>\n<meta name=\"robots\" content=\"index, follow, max-snippet:-1, max-image-preview:large, max-video-preview:-1\" \/>\n<link rel=\"canonical\" href=\"https:\/\/teknologiateollisuus.fi\/jasenille\/palvelut\/kasvupalvelut\/finnish-design-push-hanke\/\" \/>\n<meta property=\"og:locale\" content=\"fi_FI\" \/>\n<meta property=\"og:type\" content=\"article\" \/>\n<meta property=\"og:title\" content=\"Finnish Design Push -hanke\" \/>\n<meta property=\"og:description\" content=\"Finnish Design Push -hanke on Aalto-yliopiston Taiteiden ja suunnittelun korkeakoulun ja Teknologiateollisuuden yhteishanke, joka tutkii muotoilun integroimista digitaalisiin palveluihin.\" \/>\n<meta property=\"og:url\" content=\"https:\/\/teknologiateollisuus.fi\/jasenille\/palvelut\/kasvupalvelut\/finnish-design-push-hanke\/\" \/>\n<meta property=\"og:site_name\" content=\"Teknologiateollisuus - J\u00e4senille\" \/>\n<meta property=\"article:modified_time\" content=\"2025-06-25T12:37:33+00:00\" \/>\n<meta name=\"twitter:card\" content=\"summary_large_image\" \/>\n<meta name=\"twitter:label1\" content=\"Arvioitu lukuaika\" \/>\n\t<meta name=\"twitter:data1\" content=\"2 minuuttia\" \/>\n<script type=\"application\/ld+json\" class=\"yoast-schema-graph\">{\"@context\":\"https:\\\/\\\/schema.org\",\"@graph\":[{\"@type\":\"WebPage\",\"@id\":\"https:\\\/\\\/teknologiateollisuus.fi\\\/jasenille\\\/palvelut\\\/kasvupalvelut\\\/finnish-design-push-hanke\\\/\",\"url\":\"https:\\\/\\\/teknologiateollisuus.fi\\\/jasenille\\\/palvelut\\\/kasvupalvelut\\\/finnish-design-push-hanke\\\/\",\"name\":\"Finnish Design Push -hanke - Teknologiateollisuus - J\u00e4senille\",\"isPartOf\":{\"@id\":\"https:\\\/\\\/teknologiateollisuus.fi\\\/jasenille\\\/#website\"},\"datePublished\":\"2025-02-05T12:58:34+00:00\",\"dateModified\":\"2025-06-25T12:37:33+00:00\",\"description\":\"Finnish Design Push -hanke on Aalto-yliopiston Taiteiden ja suunnittelun korkeakoulun ja Teknologiateollisuuden yhteishanke, joka tutkii muotoilun integroimista digitaalisiin palveluihin.\",\"breadcrumb\":{\"@id\":\"https:\\\/\\\/teknologiateollisuus.fi\\\/jasenille\\\/palvelut\\\/kasvupalvelut\\\/finnish-design-push-hanke\\\/#breadcrumb\"},\"inLanguage\":\"fi\",\"potentialAction\":[{\"@type\":\"ReadAction\",\"target\":[\"https:\\\/\\\/teknologiateollisuus.fi\\\/jasenille\\\/palvelut\\\/kasvupalvelut\\\/finnish-design-push-hanke\\\/\"]}]},{\"@type\":\"BreadcrumbList\",\"@id\":\"https:\\\/\\\/teknologiateollisuus.fi\\\/jasenille\\\/palvelut\\\/kasvupalvelut\\\/finnish-design-push-hanke\\\/#breadcrumb\",\"itemListElement\":[{\"@type\":\"ListItem\",\"position\":1,\"name\":\"Home\",\"item\":\"https:\\\/\\\/teknologiateollisuus.fi\\\/jasenille\\\/\"},{\"@type\":\"ListItem\",\"position\":2,\"name\":\"Palvelut\",\"item\":\"https:\\\/\\\/teknologiateollisuus.fi\\\/jasenille\\\/palvelut\\\/\"},{\"@type\":\"ListItem\",\"position\":3,\"name\":\"Kasvupalvelut\",\"item\":\"https:\\\/\\\/teknologiateollisuus.fi\\\/jasenille\\\/palvelut\\\/kasvupalvelut\\\/\"},{\"@type\":\"ListItem\",\"position\":4,\"name\":\"Finnish Design Push -hanke\"}]},{\"@type\":\"WebSite\",\"@id\":\"https:\\\/\\\/teknologiateollisuus.fi\\\/jasenille\\\/#website\",\"url\":\"https:\\\/\\\/teknologiateollisuus.fi\\\/jasenille\\\/\",\"name\":\"Teknologiateollisuus - J\u00e4senille\",\"description\":\"\",\"publisher\":{\"@id\":\"https:\\\/\\\/teknologiateollisuus.fi\\\/jasenille\\\/#organization\"},\"potentialAction\":[{\"@type\":\"SearchAction\",\"target\":{\"@type\":\"EntryPoint\",\"urlTemplate\":\"https:\\\/\\\/teknologiateollisuus.fi\\\/jasenille\\\/?s={search_term_string}\"},\"query-input\":{\"@type\":\"PropertyValueSpecification\",\"valueRequired\":true,\"valueName\":\"search_term_string\"}}],\"inLanguage\":\"fi\"},{\"@type\":\"Organization\",\"@id\":\"https:\\\/\\\/teknologiateollisuus.fi\\\/jasenille\\\/#organization\",\"name\":\"Teknologiateollisuus - J\u00e4senille\",\"url\":\"https:\\\/\\\/teknologiateollisuus.fi\\\/jasenille\\\/\",\"logo\":{\"@type\":\"ImageObject\",\"inLanguage\":\"fi\",\"@id\":\"https:\\\/\\\/teknologiateollisuus.fi\\\/jasenille\\\/#\\\/schema\\\/logo\\\/image\\\/\",\"url\":\"https:\\\/\\\/teknologiateollisuus.fi\\\/jasenille\\\/wp-content\\\/uploads\\\/sites\\\/1\\\/2023\\\/10\\\/placeholder.png\",\"contentUrl\":\"https:\\\/\\\/teknologiateollisuus.fi\\\/jasenille\\\/wp-content\\\/uploads\\\/sites\\\/1\\\/2023\\\/10\\\/placeholder.png\",\"width\":2560,\"height\":1920,\"caption\":\"Teknologiateollisuus - J\u00e4senille\"},\"image\":{\"@id\":\"https:\\\/\\\/teknologiateollisuus.fi\\\/jasenille\\\/#\\\/schema\\\/logo\\\/image\\\/\"}}]}<\/script>\n<!-- \/ Yoast SEO Premium plugin. -->","yoast_head_json":{"title":"Finnish Design Push -hanke - Teknologiateollisuus - J\u00e4senille","description":"Finnish Design Push -hanke on Aalto-yliopiston Taiteiden ja suunnittelun korkeakoulun ja Teknologiateollisuuden yhteishanke, joka tutkii muotoilun integroimista digitaalisiin palveluihin.","robots":{"index":"index","follow":"follow","max-snippet":"max-snippet:-1","max-image-preview":"max-image-preview:large","max-video-preview":"max-video-preview:-1"},"canonical":"https:\/\/teknologiateollisuus.fi\/jasenille\/palvelut\/kasvupalvelut\/finnish-design-push-hanke\/","og_locale":"fi_FI","og_type":"article","og_title":"Finnish Design Push -hanke","og_description":"Finnish Design Push -hanke on Aalto-yliopiston Taiteiden ja suunnittelun korkeakoulun ja Teknologiateollisuuden yhteishanke, joka tutkii muotoilun integroimista digitaalisiin palveluihin.","og_url":"https:\/\/teknologiateollisuus.fi\/jasenille\/palvelut\/kasvupalvelut\/finnish-design-push-hanke\/","og_site_name":"Teknologiateollisuus - J\u00e4senille","article_modified_time":"2025-06-25T12:37:33+00:00","twitter_card":"summary_large_image","twitter_misc":{"Arvioitu lukuaika":"2 minuuttia"},"schema":{"@context":"https:\/\/schema.org","@graph":[{"@type":"WebPage","@id":"https:\/\/teknologiateollisuus.fi\/jasenille\/palvelut\/kasvupalvelut\/finnish-design-push-hanke\/","url":"https:\/\/teknologiateollisuus.fi\/jasenille\/palvelut\/kasvupalvelut\/finnish-design-push-hanke\/","name":"Finnish Design Push -hanke - Teknologiateollisuus - J\u00e4senille","isPartOf":{"@id":"https:\/\/teknologiateollisuus.fi\/jasenille\/#website"},"datePublished":"2025-02-05T12:58:34+00:00","dateModified":"2025-06-25T12:37:33+00:00","description":"Finnish Design Push -hanke on Aalto-yliopiston Taiteiden ja suunnittelun korkeakoulun ja Teknologiateollisuuden yhteishanke, joka tutkii muotoilun integroimista digitaalisiin palveluihin.","breadcrumb":{"@id":"https:\/\/teknologiateollisuus.fi\/jasenille\/palvelut\/kasvupalvelut\/finnish-design-push-hanke\/#breadcrumb"},"inLanguage":"fi","potentialAction":[{"@type":"ReadAction","target":["https:\/\/teknologiateollisuus.fi\/jasenille\/palvelut\/kasvupalvelut\/finnish-design-push-hanke\/"]}]},{"@type":"BreadcrumbList","@id":"https:\/\/teknologiateollisuus.fi\/jasenille\/palvelut\/kasvupalvelut\/finnish-design-push-hanke\/#breadcrumb","itemListElement":[{"@type":"ListItem","position":1,"name":"Home","item":"https:\/\/teknologiateollisuus.fi\/jasenille\/"},{"@type":"ListItem","position":2,"name":"Palvelut","item":"https:\/\/teknologiateollisuus.fi\/jasenille\/palvelut\/"},{"@type":"ListItem","position":3,"name":"Kasvupalvelut","item":"https:\/\/teknologiateollisuus.fi\/jasenille\/palvelut\/kasvupalvelut\/"},{"@type":"ListItem","position":4,"name":"Finnish Design Push -hanke"}]},{"@type":"WebSite","@id":"https:\/\/teknologiateollisuus.fi\/jasenille\/#website","url":"https:\/\/teknologiateollisuus.fi\/jasenille\/","name":"Teknologiateollisuus - J\u00e4senille","description":"","publisher":{"@id":"https:\/\/teknologiateollisuus.fi\/jasenille\/#organization"},"potentialAction":[{"@type":"SearchAction","target":{"@type":"EntryPoint","urlTemplate":"https:\/\/teknologiateollisuus.fi\/jasenille\/?s={search_term_string}"},"query-input":{"@type":"PropertyValueSpecification","valueRequired":true,"valueName":"search_term_string"}}],"inLanguage":"fi"},{"@type":"Organization","@id":"https:\/\/teknologiateollisuus.fi\/jasenille\/#organization","name":"Teknologiateollisuus - J\u00e4senille","url":"https:\/\/teknologiateollisuus.fi\/jasenille\/","logo":{"@type":"ImageObject","inLanguage":"fi","@id":"https:\/\/teknologiateollisuus.fi\/jasenille\/#\/schema\/logo\/image\/","url":"https:\/\/teknologiateollisuus.fi\/jasenille\/wp-content\/uploads\/sites\/1\/2023\/10\/placeholder.png","contentUrl":"https:\/\/teknologiateollisuus.fi\/jasenille\/wp-content\/uploads\/sites\/1\/2023\/10\/placeholder.png","width":2560,"height":1920,"caption":"Teknologiateollisuus - J\u00e4senille"},"image":{"@id":"https:\/\/teknologiateollisuus.fi\/jasenille\/#\/schema\/logo\/image\/"}}]}},"lang":"fi","translations":{"fi":23909},"pll_sync_post":[],"_links":{"self":[{"href":"https:\/\/teknologiateollisuus.fi\/jasenille\/wp-json\/wp\/v2\/pages\/23909","targetHints":{"allow":["GET"]}}],"collection":[{"href":"https:\/\/teknologiateollisuus.fi\/jasenille\/wp-json\/wp\/v2\/pages"}],"about":[{"href":"https:\/\/teknologiateollisuus.fi\/jasenille\/wp-json\/wp\/v2\/types\/page"}],"author":[{"embeddable":true,"href":"https:\/\/teknologiateollisuus.fi\/jasenille\/wp-json\/wp\/v2\/users\/1655"}],"replies":[{"embeddable":true,"href":"https:\/\/teknologiateollisuus.fi\/jasenille\/wp-json\/wp\/v2\/comments?post=23909"}],"version-history":[{"count":5,"href":"https:\/\/teknologiateollisuus.fi\/jasenille\/wp-json\/wp\/v2\/pages\/23909\/revisions"}],"predecessor-version":[{"id":26589,"href":"https:\/\/teknologiateollisuus.fi\/jasenille\/wp-json\/wp\/v2\/pages\/23909\/revisions\/26589"}],"up":[{"embeddable":true,"href":"https:\/\/teknologiateollisuus.fi\/jasenille\/wp-json\/wp\/v2\/pages\/1517"}],"wp:attachment":[{"href":"https:\/\/teknologiateollisuus.fi\/jasenille\/wp-json\/wp\/v2\/media?parent=23909"}],"curies":[{"name":"wp","href":"https:\/\/api.w.org\/{rel}","templated":true}]}}