{"id":25139,"date":"2025-04-03T09:31:50","date_gmt":"2025-04-03T06:31:50","guid":{"rendered":"https:\/\/teknologiateollisuus.fi\/jasenille\/?page_id=25139"},"modified":"2025-07-18T14:44:15","modified_gmt":"2025-07-18T11:44:15","slug":"kyberkestavyyssaados","status":"publish","type":"page","link":"https:\/\/teknologiateollisuus.fi\/jasenille\/palvelut\/kasvupalvelut\/digitalisaatio-ja-tekoaly\/kyberkestavyyssaados\/","title":{"rendered":"Kyberkest\u00e4vyyss\u00e4\u00e4d\u00f6s"},"content":{"rendered":"\n<div class=\"em-block-hero hero-has-background-color has-background has-black-background-color collapse  \">\n\t<div class=\"em-block-hero__container\">\n\t\t<div class=\"em-block-hero__content\">\n\t\t\t<div class=\"yoast-breadcrumbs\"><span><span><a href=\"https:\/\/teknologiateollisuus.fi\/jasenille\/\">Home<\/a><\/span> <span class=\"separator\"><\/span> <span><a href=\"https:\/\/teknologiateollisuus.fi\/jasenille\/palvelut\/\">Palvelut<\/a><\/span> <span class=\"separator\"><\/span> <span><a href=\"https:\/\/teknologiateollisuus.fi\/jasenille\/palvelut\/kasvupalvelut\/\">Kasvupalvelut<\/a><\/span> <span class=\"separator\"><\/span> <span><a href=\"https:\/\/teknologiateollisuus.fi\/jasenille\/palvelut\/kasvupalvelut\/digitalisaatio-ja-tekoaly\/\">Digitalisaatio ja teko\u00e4ly<\/a><\/span> <span class=\"separator\"><\/span> <span class=\"breadcrumb_last\" aria-current=\"page\">Kyberkest\u00e4vyyss\u00e4\u00e4d\u00f6s<\/span><\/span><\/div>\t\t\t\n<h1 class=\"wp-block-heading\" id=\"h-kyberkestavyyssaados\">Kyberkest\u00e4vyyss\u00e4\u00e4d\u00f6s<\/h1>\n\n<p>Euroopan unionin kyberkest\u00e4vyyss\u00e4\u00e4d\u00f6ksen tavoitteena on parantaa EU:n markkinoille saatettujen tuotteiden tietoturvaa niin, ett\u00e4 tuotteissa on v\u00e4hemm\u00e4n haavoittuvuuksia.<\/p>\n\t\t\t<div class=\"em-block-hero__modified-date\"> P\u00e4ivitetty 18.07.2025 klo 14:44<\/div>\t\t<\/div>\n\t\t\t\t\t<figure class=\"em-block-hero__image\">\n\t\t\t\t\t\t\t<\/figure>\n\t\t\t<\/div>\n<\/div>\n\n\n\n<h2 class=\"wp-block-heading\" id=\"h-kyberturvallisuuden-saantely\" id=\"kyberturvallisuuden-saantely\">Kyberturvallisuuden s\u00e4\u00e4ntely<\/h2>\n\n\n\n<p>Kyberkest\u00e4vyyss\u00e4\u00e4d\u00f6s (CRA) eli digitaalisten tuotteiden (laitteistot ja ohjelmistot) asettaa turvallisuusvaatimukset koko niiden elinkaaren ajalle. <\/p>\n\n\n\n<p>Euroopan unionin kyberkest\u00e4vyyss\u00e4\u00e4d\u00f6ksen (EU) 2024\/2847 tavoitteena on parantaa EU:n markkinoille saatettujen tuotteiden tietoturvaa niin, ett\u00e4 tuotteissa on v\u00e4hemm\u00e4n haavoittuvuuksia. Kyberkest\u00e4vyyss\u00e4\u00e4d\u00f6s on siis tuoteturvallisuusasetus, jonka vaatimusten toteutuminen taataan tulevaisuudessa osana CE-merkint\u00e4\u00e4. Asetuksen mukaisten turvallisuusvaatimusten t\u00e4yttyminen on jatkossa markkinoille p\u00e4\u00e4syn edellytys EU:ssa.<\/p>\n\n\n\n<p>S\u00e4\u00e4d\u00f6ksell\u00e4 asetetaan kyberturvallisuuden v\u00e4himm\u00e4isvaatimukset ns. digitaalisen elementin sis\u00e4lt\u00e4ville laitteille ja ohjelmistoille, jotka ovat suoraan tai ep\u00e4suorasti liitett\u00e4viss\u00e4 toiseen laitteeseen tai verkkoon. Valmistajat ovat vastuussa kyberturvallisuudesta tuotteen koko elinkaaren ajan. Asetus parantaa laitteiden ja ohjelmistotuotteiden turvallisuuden l\u00e4pin\u00e4kyvyytt\u00e4.<\/p>\n\n\n\n<figure class=\"wp-block-image size-large\"><img loading=\"lazy\" decoding=\"async\" width=\"800\" height=\"450\" src=\"https:\/\/teknologiateollisuus.fi\/jasenille\/wp-content\/uploads\/sites\/1\/2024\/12\/Dia2-800x450.jpg\" alt=\"\" class=\"wp-image-16968\" srcset=\"https:\/\/teknologiateollisuus.fi\/jasenille\/wp-content\/uploads\/sites\/1\/2024\/12\/Dia2-800x450.jpg 800w, https:\/\/teknologiateollisuus.fi\/jasenille\/wp-content\/uploads\/sites\/1\/2024\/12\/Dia2-400x225.jpg 400w, https:\/\/teknologiateollisuus.fi\/jasenille\/wp-content\/uploads\/sites\/1\/2024\/12\/Dia2-768x432.jpg 768w, https:\/\/teknologiateollisuus.fi\/jasenille\/wp-content\/uploads\/sites\/1\/2024\/12\/Dia2-560x315.jpg 560w, https:\/\/teknologiateollisuus.fi\/jasenille\/wp-content\/uploads\/sites\/1\/2024\/12\/Dia2-600x338.jpg 600w, https:\/\/teknologiateollisuus.fi\/jasenille\/wp-content\/uploads\/sites\/1\/2024\/12\/Dia2.jpg 1280w\" sizes=\"auto, (max-width: 800px) 100vw, 800px\" \/><\/figure>\n\n\n\n<p>S\u00e4\u00e4d\u00f6s koskee k\u00e4yt\u00e4nn\u00f6ss\u00e4 kaikkia muita toimialoja ajoneuvo- ja ilmailuliikennett\u00e4 sek\u00e4 terveysteknologiaa lukuun ottamatta, koska n\u00e4ille tuotesektoreille on jo omaa tarkempaa s\u00e4\u00e4ntely\u00e4. S\u00e4\u00e4d\u00f6s vaikuttaa erityisesti ohjelmistoja koskeviin velvoitteisiin. Se velvoittaa valmistajaa ilmoittamaan my\u00f6s tuotteen tukijakson pituuden selke\u00e4sti.<\/p>\n\n\n\n<p>S\u00e4\u00e4d\u00f6ksen soveltamisalaan kuuluvia tuotteita ovat esimerkiksi valvontakamerat, n\u00e4ytt\u00f6p\u00e4\u00e4tteet, lelut, WiFi-laitteet sek\u00e4 pelit, tekstin- ja kuvank\u00e4sittelyohjelmat. S\u00e4\u00e4d\u00f6s ulottaa kyberturvallisuusvaatimukset my\u00f6s esimerkiksi k\u00e4ytt\u00f6j\u00e4rjestelmiin, selaimiin, salasanan hallintaohjelmistoihin sek\u00e4 tiettyihin mikroprosessoreihin ja -ohjaimiin. IoT-laitteisiin liittyv\u00e4 valmistajan vastuulla oleva hallintapalvelu (esim. pilveen sijoitettu toiminnallisuus) eli datan et\u00e4k\u00e4sittelyratkaisu katsotaan my\u00f6s osaksi tuotetta.<\/p>\n\n\n\n<p>Laki astui voimaan joulukuussa 2024 ja soveltaminen alkaa portaittain niin, ett\u00e4 tuotteiden ohjelmistohaavoittuvuuksien raportointia koskevia vaatimuksia sovelletaan 09\/2026 lukien ja kaikkia tuotevaatimuksia 12\/2027. S\u00e4\u00e4d\u00f6ksen perusteella annetaan useita kymmeni\u00e4 eurooppalaisia harmonisoituja standardeja.<\/p>\n\n\n\n<div class=\"wp-block-scb-columns scb-columns  has-mobile-behavior--stacked has-auto-fit em-pattern-event-contacts\">\n<div class=\"wp-block-scb-column scb-column is-scale-cover\">\n<h2 class=\"wp-block-heading\" id=\"h-lisatiedot\" id=\"lisatiedot\">Lis\u00e4tiedot:<\/h2>\n\n\n\n<article class=\"em-block-contact-card is-style-list\">\n\n\t<div class=\"em-block-contact-card__image\">\n\t\t\t\t\t<img loading=\"lazy\" decoding=\"async\" width=\"300\" height=\"400\" src=\"https:\/\/teknologiateollisuus.fi\/jasenille\/wp-content\/uploads\/2024\/05\/php7zobrq.png\" class=\"attachment-portrait size-portrait\" alt=\"\" \/>\t\t\t<\/div>\n\t<div class=\"em-block-contact-card__content-wrapper\">\n\t\t<div class=\"em-block-contact-card__content\">\n\t\t\t\t\t\t\t<div class=\"em-block-contact-card__business-units\">\n\t\t\t\t\t\t\t\t\t\t\t<span class=\"em-block-contact-card__business-unit\">Toimialat ja liiketoiminnan jatkuvuus<\/span>\n\t\t\t\t\t\t\t\t\t<\/div>\n\t\t\t\t\t\t<h3 class=\"em-block-contact-card__title\"><a target=\"_self\" href=\"https:\/\/teknologiateollisuus.fi\/?p=1211\">Sund Peter<\/a><\/h3>\n\t\t\t\t\t\t\t<span class=\"em-block-contact-card__job_title\">Toimitusjohtaja &#8211; Kyberala<\/span>\n\t\t\t\t\t\t\t\t\t\t<span class=\"em-block-contact-card__organisation\">Kyberala ry<\/span>\n\t\t\t\t\t<\/div>\n\t\t<div class=\"em-block-contact-card__content\">\n\t\t\t\t\t\t<address class=\"em-block-contact-card__contact-details\">\n\t\t\t\t\t\t\t\t\t<span class=\"em-block-contact-card__phone\">\n\t\t\t\t\t\t<a href=\"tel:+358 505650621\">+358 505650621<\/a><\/a>\n\t\t\t\t\t<\/span>\n\t\t\t\t\t\t\t\t\t\t\t\t\t<span class=\"em-block-contact-card__email\">\n\t\t\t\t\t\t<a href=\"mailto:peter.sund@teknologiateollisuus.fi\">peter.sund@teknologiateollisuus.fi<\/a><\/a>\n\t\t\t\t\t<\/span>\n\t\t\t\t\t\t\t<\/address>\n\t\t\t\t\t<\/div>\n\t<\/div>\n\n<\/article>\n<\/div>\n<\/div>\n","protected":false},"excerpt":{"rendered":"<p>Kyberturvallisuuden s\u00e4\u00e4ntely Kyberkest\u00e4vyyss\u00e4\u00e4d\u00f6s (CRA) eli digitaalisten tuotteiden (laitteistot ja ohjelmistot) asettaa turvallisuusvaatimukset koko niiden elinkaaren ajalle. Euroopan unionin kyberkest\u00e4vyyss\u00e4\u00e4d\u00f6ksen (EU) 2024\/2847 tavoitteena on parantaa EU:n markkinoille saatettujen tuotteiden tietoturvaa niin, ett\u00e4 tuotteissa on v\u00e4hemm\u00e4n haavoittuvuuksia. Kyberkest\u00e4vyyss\u00e4\u00e4d\u00f6s on siis tuoteturvallisuusasetus, jonka vaatimusten toteutuminen taataan tulevaisuudessa osana CE-merkint\u00e4\u00e4. Asetuksen mukaisten turvallisuusvaatimusten t\u00e4yttyminen on jatkossa markkinoille p\u00e4\u00e4syn edellytys [&hellip;]<\/p>\n","protected":false},"author":1655,"featured_media":0,"parent":8018,"menu_order":0,"comment_status":"closed","ping_status":"closed","template":"","meta":{"_acf_changed":false,"_relevanssi_hide_post":"","_relevanssi_hide_content":"","_relevanssi_pin_for_all":"","_relevanssi_pin_keywords":"","_relevanssi_unpin_keywords":"","_relevanssi_related_keywords":"","_relevanssi_related_include_ids":"","_relevanssi_related_exclude_ids":"","_relevanssi_related_no_append":"","_relevanssi_related_not_related":"","_relevanssi_related_posts":"6692,6453,16721,5767,24029,16418","_relevanssi_noindex_reason":"","inline_featured_image":false,"growthstack-ab-test":[],"growthstack-ab-test-views":[],"footnotes":""},"class_list":["post-25139","page","type-page","status-publish","hentry"],"acf":{"is_store_related":false,"locked":false},"yoast_head":"<!-- This site is optimized with the Yoast SEO Premium plugin v27.1 (Yoast SEO v27.4) - https:\/\/yoast.com\/product\/yoast-seo-premium-wordpress\/ -->\n<title>Kyberkest\u00e4vyyss\u00e4\u00e4d\u00f6s - Teknologiateollisuus - J\u00e4senille<\/title>\n<meta name=\"description\" content=\"Euroopan unionin kyberkest\u00e4vyyss\u00e4\u00e4d\u00f6ksen tavoitteena on parantaa EU:n markkinoille saatettujen tuotteiden tietoturvaa niin, ett\u00e4 tuotteissa on v\u00e4hemm\u00e4n haavoittuvuuksia.\" \/>\n<meta name=\"robots\" content=\"index, follow, max-snippet:-1, max-image-preview:large, max-video-preview:-1\" \/>\n<link rel=\"canonical\" href=\"https:\/\/teknologiateollisuus.fi\/jasenille\/palvelut\/kasvupalvelut\/digitalisaatio-ja-tekoaly\/kyberkestavyyssaados\/\" \/>\n<meta property=\"og:locale\" content=\"fi_FI\" \/>\n<meta property=\"og:type\" content=\"article\" \/>\n<meta property=\"og:title\" content=\"Kyberkest\u00e4vyyss\u00e4\u00e4d\u00f6s\" \/>\n<meta property=\"og:description\" content=\"Euroopan unionin kyberkest\u00e4vyyss\u00e4\u00e4d\u00f6ksen tavoitteena on parantaa EU:n markkinoille saatettujen tuotteiden tietoturvaa niin, ett\u00e4 tuotteissa on v\u00e4hemm\u00e4n haavoittuvuuksia.\" \/>\n<meta property=\"og:url\" content=\"https:\/\/teknologiateollisuus.fi\/jasenille\/palvelut\/kasvupalvelut\/digitalisaatio-ja-tekoaly\/kyberkestavyyssaados\/\" \/>\n<meta property=\"og:site_name\" content=\"Teknologiateollisuus - J\u00e4senille\" \/>\n<meta property=\"article:modified_time\" content=\"2025-07-18T11:44:15+00:00\" \/>\n<meta property=\"og:image\" content=\"https:\/\/teknologiateollisuus.fi\/jasenille\/wp-content\/uploads\/sites\/1\/2024\/12\/Dia2.jpg\" \/>\n\t<meta property=\"og:image:width\" content=\"1280\" \/>\n\t<meta property=\"og:image:height\" content=\"720\" \/>\n\t<meta property=\"og:image:type\" content=\"image\/jpeg\" \/>\n<meta name=\"twitter:card\" content=\"summary_large_image\" \/>\n<meta name=\"twitter:label1\" content=\"Arvioitu lukuaika\" \/>\n\t<meta name=\"twitter:data1\" content=\"2 minuuttia\" \/>\n<script type=\"application\/ld+json\" class=\"yoast-schema-graph\">{\"@context\":\"https:\\\/\\\/schema.org\",\"@graph\":[{\"@type\":\"WebPage\",\"@id\":\"https:\\\/\\\/teknologiateollisuus.fi\\\/jasenille\\\/palvelut\\\/kasvupalvelut\\\/digitalisaatio-ja-tekoaly\\\/kyberkestavyyssaados\\\/\",\"url\":\"https:\\\/\\\/teknologiateollisuus.fi\\\/jasenille\\\/palvelut\\\/kasvupalvelut\\\/digitalisaatio-ja-tekoaly\\\/kyberkestavyyssaados\\\/\",\"name\":\"Kyberkest\u00e4vyyss\u00e4\u00e4d\u00f6s - Teknologiateollisuus - J\u00e4senille\",\"isPartOf\":{\"@id\":\"https:\\\/\\\/teknologiateollisuus.fi\\\/jasenille\\\/#website\"},\"primaryImageOfPage\":{\"@id\":\"https:\\\/\\\/teknologiateollisuus.fi\\\/jasenille\\\/palvelut\\\/kasvupalvelut\\\/digitalisaatio-ja-tekoaly\\\/kyberkestavyyssaados\\\/#primaryimage\"},\"image\":{\"@id\":\"https:\\\/\\\/teknologiateollisuus.fi\\\/jasenille\\\/palvelut\\\/kasvupalvelut\\\/digitalisaatio-ja-tekoaly\\\/kyberkestavyyssaados\\\/#primaryimage\"},\"thumbnailUrl\":\"https:\\\/\\\/teknologiateollisuus.fi\\\/jasenille\\\/wp-content\\\/uploads\\\/sites\\\/1\\\/2024\\\/12\\\/Dia2-800x450.jpg\",\"datePublished\":\"2025-04-03T06:31:50+00:00\",\"dateModified\":\"2025-07-18T11:44:15+00:00\",\"description\":\"Euroopan unionin kyberkest\u00e4vyyss\u00e4\u00e4d\u00f6ksen tavoitteena on parantaa EU:n markkinoille saatettujen tuotteiden tietoturvaa niin, ett\u00e4 tuotteissa on v\u00e4hemm\u00e4n haavoittuvuuksia.\",\"breadcrumb\":{\"@id\":\"https:\\\/\\\/teknologiateollisuus.fi\\\/jasenille\\\/palvelut\\\/kasvupalvelut\\\/digitalisaatio-ja-tekoaly\\\/kyberkestavyyssaados\\\/#breadcrumb\"},\"inLanguage\":\"fi\",\"potentialAction\":[{\"@type\":\"ReadAction\",\"target\":[\"https:\\\/\\\/teknologiateollisuus.fi\\\/jasenille\\\/palvelut\\\/kasvupalvelut\\\/digitalisaatio-ja-tekoaly\\\/kyberkestavyyssaados\\\/\"]}]},{\"@type\":\"ImageObject\",\"inLanguage\":\"fi\",\"@id\":\"https:\\\/\\\/teknologiateollisuus.fi\\\/jasenille\\\/palvelut\\\/kasvupalvelut\\\/digitalisaatio-ja-tekoaly\\\/kyberkestavyyssaados\\\/#primaryimage\",\"url\":\"https:\\\/\\\/teknologiateollisuus.fi\\\/jasenille\\\/wp-content\\\/uploads\\\/sites\\\/1\\\/2024\\\/12\\\/Dia2.jpg\",\"contentUrl\":\"https:\\\/\\\/teknologiateollisuus.fi\\\/jasenille\\\/wp-content\\\/uploads\\\/sites\\\/1\\\/2024\\\/12\\\/Dia2.jpg\",\"width\":1280,\"height\":720},{\"@type\":\"BreadcrumbList\",\"@id\":\"https:\\\/\\\/teknologiateollisuus.fi\\\/jasenille\\\/palvelut\\\/kasvupalvelut\\\/digitalisaatio-ja-tekoaly\\\/kyberkestavyyssaados\\\/#breadcrumb\",\"itemListElement\":[{\"@type\":\"ListItem\",\"position\":1,\"name\":\"Home\",\"item\":\"https:\\\/\\\/teknologiateollisuus.fi\\\/jasenille\\\/\"},{\"@type\":\"ListItem\",\"position\":2,\"name\":\"Palvelut\",\"item\":\"https:\\\/\\\/teknologiateollisuus.fi\\\/jasenille\\\/palvelut\\\/\"},{\"@type\":\"ListItem\",\"position\":3,\"name\":\"Kasvupalvelut\",\"item\":\"https:\\\/\\\/teknologiateollisuus.fi\\\/jasenille\\\/palvelut\\\/kasvupalvelut\\\/\"},{\"@type\":\"ListItem\",\"position\":4,\"name\":\"Digitalisaatio ja teko\u00e4ly\",\"item\":\"https:\\\/\\\/teknologiateollisuus.fi\\\/jasenille\\\/palvelut\\\/kasvupalvelut\\\/digitalisaatio-ja-tekoaly\\\/\"},{\"@type\":\"ListItem\",\"position\":5,\"name\":\"Kyberkest\u00e4vyyss\u00e4\u00e4d\u00f6s\"}]},{\"@type\":\"WebSite\",\"@id\":\"https:\\\/\\\/teknologiateollisuus.fi\\\/jasenille\\\/#website\",\"url\":\"https:\\\/\\\/teknologiateollisuus.fi\\\/jasenille\\\/\",\"name\":\"Teknologiateollisuus - J\u00e4senille\",\"description\":\"\",\"publisher\":{\"@id\":\"https:\\\/\\\/teknologiateollisuus.fi\\\/jasenille\\\/#organization\"},\"potentialAction\":[{\"@type\":\"SearchAction\",\"target\":{\"@type\":\"EntryPoint\",\"urlTemplate\":\"https:\\\/\\\/teknologiateollisuus.fi\\\/jasenille\\\/?s={search_term_string}\"},\"query-input\":{\"@type\":\"PropertyValueSpecification\",\"valueRequired\":true,\"valueName\":\"search_term_string\"}}],\"inLanguage\":\"fi\"},{\"@type\":\"Organization\",\"@id\":\"https:\\\/\\\/teknologiateollisuus.fi\\\/jasenille\\\/#organization\",\"name\":\"Teknologiateollisuus - J\u00e4senille\",\"url\":\"https:\\\/\\\/teknologiateollisuus.fi\\\/jasenille\\\/\",\"logo\":{\"@type\":\"ImageObject\",\"inLanguage\":\"fi\",\"@id\":\"https:\\\/\\\/teknologiateollisuus.fi\\\/jasenille\\\/#\\\/schema\\\/logo\\\/image\\\/\",\"url\":\"https:\\\/\\\/teknologiateollisuus.fi\\\/jasenille\\\/wp-content\\\/uploads\\\/sites\\\/1\\\/2023\\\/10\\\/placeholder.png\",\"contentUrl\":\"https:\\\/\\\/teknologiateollisuus.fi\\\/jasenille\\\/wp-content\\\/uploads\\\/sites\\\/1\\\/2023\\\/10\\\/placeholder.png\",\"width\":2560,\"height\":1920,\"caption\":\"Teknologiateollisuus - J\u00e4senille\"},\"image\":{\"@id\":\"https:\\\/\\\/teknologiateollisuus.fi\\\/jasenille\\\/#\\\/schema\\\/logo\\\/image\\\/\"}}]}<\/script>\n<!-- \/ Yoast SEO Premium plugin. -->","yoast_head_json":{"title":"Kyberkest\u00e4vyyss\u00e4\u00e4d\u00f6s - Teknologiateollisuus - J\u00e4senille","description":"Euroopan unionin kyberkest\u00e4vyyss\u00e4\u00e4d\u00f6ksen tavoitteena on parantaa EU:n markkinoille saatettujen tuotteiden tietoturvaa niin, ett\u00e4 tuotteissa on v\u00e4hemm\u00e4n haavoittuvuuksia.","robots":{"index":"index","follow":"follow","max-snippet":"max-snippet:-1","max-image-preview":"max-image-preview:large","max-video-preview":"max-video-preview:-1"},"canonical":"https:\/\/teknologiateollisuus.fi\/jasenille\/palvelut\/kasvupalvelut\/digitalisaatio-ja-tekoaly\/kyberkestavyyssaados\/","og_locale":"fi_FI","og_type":"article","og_title":"Kyberkest\u00e4vyyss\u00e4\u00e4d\u00f6s","og_description":"Euroopan unionin kyberkest\u00e4vyyss\u00e4\u00e4d\u00f6ksen tavoitteena on parantaa EU:n markkinoille saatettujen tuotteiden tietoturvaa niin, ett\u00e4 tuotteissa on v\u00e4hemm\u00e4n haavoittuvuuksia.","og_url":"https:\/\/teknologiateollisuus.fi\/jasenille\/palvelut\/kasvupalvelut\/digitalisaatio-ja-tekoaly\/kyberkestavyyssaados\/","og_site_name":"Teknologiateollisuus - J\u00e4senille","article_modified_time":"2025-07-18T11:44:15+00:00","og_image":[{"width":1280,"height":720,"url":"https:\/\/teknologiateollisuus.fi\/jasenille\/wp-content\/uploads\/sites\/1\/2024\/12\/Dia2.jpg","type":"image\/jpeg"}],"twitter_card":"summary_large_image","twitter_misc":{"Arvioitu lukuaika":"2 minuuttia"},"schema":{"@context":"https:\/\/schema.org","@graph":[{"@type":"WebPage","@id":"https:\/\/teknologiateollisuus.fi\/jasenille\/palvelut\/kasvupalvelut\/digitalisaatio-ja-tekoaly\/kyberkestavyyssaados\/","url":"https:\/\/teknologiateollisuus.fi\/jasenille\/palvelut\/kasvupalvelut\/digitalisaatio-ja-tekoaly\/kyberkestavyyssaados\/","name":"Kyberkest\u00e4vyyss\u00e4\u00e4d\u00f6s - Teknologiateollisuus - J\u00e4senille","isPartOf":{"@id":"https:\/\/teknologiateollisuus.fi\/jasenille\/#website"},"primaryImageOfPage":{"@id":"https:\/\/teknologiateollisuus.fi\/jasenille\/palvelut\/kasvupalvelut\/digitalisaatio-ja-tekoaly\/kyberkestavyyssaados\/#primaryimage"},"image":{"@id":"https:\/\/teknologiateollisuus.fi\/jasenille\/palvelut\/kasvupalvelut\/digitalisaatio-ja-tekoaly\/kyberkestavyyssaados\/#primaryimage"},"thumbnailUrl":"https:\/\/teknologiateollisuus.fi\/jasenille\/wp-content\/uploads\/sites\/1\/2024\/12\/Dia2-800x450.jpg","datePublished":"2025-04-03T06:31:50+00:00","dateModified":"2025-07-18T11:44:15+00:00","description":"Euroopan unionin kyberkest\u00e4vyyss\u00e4\u00e4d\u00f6ksen tavoitteena on parantaa EU:n markkinoille saatettujen tuotteiden tietoturvaa niin, ett\u00e4 tuotteissa on v\u00e4hemm\u00e4n haavoittuvuuksia.","breadcrumb":{"@id":"https:\/\/teknologiateollisuus.fi\/jasenille\/palvelut\/kasvupalvelut\/digitalisaatio-ja-tekoaly\/kyberkestavyyssaados\/#breadcrumb"},"inLanguage":"fi","potentialAction":[{"@type":"ReadAction","target":["https:\/\/teknologiateollisuus.fi\/jasenille\/palvelut\/kasvupalvelut\/digitalisaatio-ja-tekoaly\/kyberkestavyyssaados\/"]}]},{"@type":"ImageObject","inLanguage":"fi","@id":"https:\/\/teknologiateollisuus.fi\/jasenille\/palvelut\/kasvupalvelut\/digitalisaatio-ja-tekoaly\/kyberkestavyyssaados\/#primaryimage","url":"https:\/\/teknologiateollisuus.fi\/jasenille\/wp-content\/uploads\/sites\/1\/2024\/12\/Dia2.jpg","contentUrl":"https:\/\/teknologiateollisuus.fi\/jasenille\/wp-content\/uploads\/sites\/1\/2024\/12\/Dia2.jpg","width":1280,"height":720},{"@type":"BreadcrumbList","@id":"https:\/\/teknologiateollisuus.fi\/jasenille\/palvelut\/kasvupalvelut\/digitalisaatio-ja-tekoaly\/kyberkestavyyssaados\/#breadcrumb","itemListElement":[{"@type":"ListItem","position":1,"name":"Home","item":"https:\/\/teknologiateollisuus.fi\/jasenille\/"},{"@type":"ListItem","position":2,"name":"Palvelut","item":"https:\/\/teknologiateollisuus.fi\/jasenille\/palvelut\/"},{"@type":"ListItem","position":3,"name":"Kasvupalvelut","item":"https:\/\/teknologiateollisuus.fi\/jasenille\/palvelut\/kasvupalvelut\/"},{"@type":"ListItem","position":4,"name":"Digitalisaatio ja teko\u00e4ly","item":"https:\/\/teknologiateollisuus.fi\/jasenille\/palvelut\/kasvupalvelut\/digitalisaatio-ja-tekoaly\/"},{"@type":"ListItem","position":5,"name":"Kyberkest\u00e4vyyss\u00e4\u00e4d\u00f6s"}]},{"@type":"WebSite","@id":"https:\/\/teknologiateollisuus.fi\/jasenille\/#website","url":"https:\/\/teknologiateollisuus.fi\/jasenille\/","name":"Teknologiateollisuus - J\u00e4senille","description":"","publisher":{"@id":"https:\/\/teknologiateollisuus.fi\/jasenille\/#organization"},"potentialAction":[{"@type":"SearchAction","target":{"@type":"EntryPoint","urlTemplate":"https:\/\/teknologiateollisuus.fi\/jasenille\/?s={search_term_string}"},"query-input":{"@type":"PropertyValueSpecification","valueRequired":true,"valueName":"search_term_string"}}],"inLanguage":"fi"},{"@type":"Organization","@id":"https:\/\/teknologiateollisuus.fi\/jasenille\/#organization","name":"Teknologiateollisuus - J\u00e4senille","url":"https:\/\/teknologiateollisuus.fi\/jasenille\/","logo":{"@type":"ImageObject","inLanguage":"fi","@id":"https:\/\/teknologiateollisuus.fi\/jasenille\/#\/schema\/logo\/image\/","url":"https:\/\/teknologiateollisuus.fi\/jasenille\/wp-content\/uploads\/sites\/1\/2023\/10\/placeholder.png","contentUrl":"https:\/\/teknologiateollisuus.fi\/jasenille\/wp-content\/uploads\/sites\/1\/2023\/10\/placeholder.png","width":2560,"height":1920,"caption":"Teknologiateollisuus - J\u00e4senille"},"image":{"@id":"https:\/\/teknologiateollisuus.fi\/jasenille\/#\/schema\/logo\/image\/"}}]}},"lang":"fi","translations":{"fi":25139},"pll_sync_post":[],"_links":{"self":[{"href":"https:\/\/teknologiateollisuus.fi\/jasenille\/wp-json\/wp\/v2\/pages\/25139","targetHints":{"allow":["GET"]}}],"collection":[{"href":"https:\/\/teknologiateollisuus.fi\/jasenille\/wp-json\/wp\/v2\/pages"}],"about":[{"href":"https:\/\/teknologiateollisuus.fi\/jasenille\/wp-json\/wp\/v2\/types\/page"}],"author":[{"embeddable":true,"href":"https:\/\/teknologiateollisuus.fi\/jasenille\/wp-json\/wp\/v2\/users\/1655"}],"replies":[{"embeddable":true,"href":"https:\/\/teknologiateollisuus.fi\/jasenille\/wp-json\/wp\/v2\/comments?post=25139"}],"version-history":[{"count":10,"href":"https:\/\/teknologiateollisuus.fi\/jasenille\/wp-json\/wp\/v2\/pages\/25139\/revisions"}],"predecessor-version":[{"id":27348,"href":"https:\/\/teknologiateollisuus.fi\/jasenille\/wp-json\/wp\/v2\/pages\/25139\/revisions\/27348"}],"up":[{"embeddable":true,"href":"https:\/\/teknologiateollisuus.fi\/jasenille\/wp-json\/wp\/v2\/pages\/8018"}],"wp:attachment":[{"href":"https:\/\/teknologiateollisuus.fi\/jasenille\/wp-json\/wp\/v2\/media?parent=25139"}],"curies":[{"name":"wp","href":"https:\/\/api.w.org\/{rel}","templated":true}]}}