{"id":25293,"date":"2025-04-04T14:35:24","date_gmt":"2025-04-04T11:35:24","guid":{"rendered":"https:\/\/teknologiateollisuus.fi\/jasenille\/?page_id=25293"},"modified":"2026-02-11T13:18:46","modified_gmt":"2026-02-11T11:18:46","slug":"yhteistoiminta","status":"publish","type":"page","link":"https:\/\/teknologiateollisuus.fi\/jasenille\/palvelut\/tyosuhdepalvelut\/tyoelama-teknologia-alalla\/yhteistoiminta\/","title":{"rendered":"Yhteistoiminta"},"content":{"rendered":"\n<div class=\"em-block-hero hero-has-background-color has-background has-black-background-color collapse  \">\n\t<div class=\"em-block-hero__container\">\n\t\t<div class=\"em-block-hero__content\">\n\t\t\t<div class=\"yoast-breadcrumbs\"><span><span><a href=\"https:\/\/teknologiateollisuus.fi\/jasenille\/\">Home<\/a><\/span> <span class=\"separator\"><\/span> <span><a href=\"https:\/\/teknologiateollisuus.fi\/jasenille\/palvelut\/\">Palvelut<\/a><\/span> <span class=\"separator\"><\/span> <span><a href=\"https:\/\/teknologiateollisuus.fi\/jasenille\/palvelut\/tyosuhdepalvelut\/\">Ty\u00f6suhdepalvelut<\/a><\/span> <span class=\"separator\"><\/span> <span><a href=\"https:\/\/teknologiateollisuus.fi\/jasenille\/palvelut\/tyosuhdepalvelut\/tyoelama-teknologia-alalla\/\">Ty\u00f6el\u00e4m\u00e4<\/a><\/span> <span class=\"separator\"><\/span> <span class=\"breadcrumb_last\" aria-current=\"page\">Yhteistoiminta<\/span><\/span><\/div>\t\t\t\n<h1 class=\"wp-block-heading\" id=\"h-yhteistoiminta\">Yhteistoiminta<\/h1>\n\n<p>Yhteistoiminta yrityksess\u00e4 on kokonaisuus, joka sis\u00e4lt\u00e4\u00e4 yhteistoimintalain mukaisen vuoropuhelun lis\u00e4ksi kaiken&nbsp;paikallisen sopimisen,&nbsp;yhteisty\u00f6n&nbsp;ja&nbsp;yhteisen kehitt\u00e4misen&nbsp;jota yrityksess\u00e4 tehd\u00e4\u00e4n yhdess\u00e4 henkil\u00f6st\u00f6n kanssa.<\/p>\n\t\t\t<div class=\"em-block-hero__modified-date\"> P\u00e4ivitetty 11.02.2026 klo 13:18<\/div>\t\t<\/div>\n\t\t\t\t\t<figure class=\"em-block-hero__image\">\n\t\t\t\t\t\t\t<\/figure>\n\t\t\t<\/div>\n<\/div>\n\n\n\n<p>Hyv\u00e4 yhteistoiminta rakentuu paikalliselle luottamukselle. Luottamus vaatii avoimuutta ja yhteisty\u00f6t\u00e4 sek\u00e4 henkil\u00f6st\u00f6n mukaan ottamista yrityksen p\u00e4\u00e4t\u00f6ksentekoon ja ty\u00f6n kehitt\u00e4miseen. T\u00e4m\u00e4 tukee my\u00f6s hyv\u00e4n ty\u00f6antajamielikuvan rakentamista, lis\u00e4\u00e4 yrityksen houkuttelevuutta ja parantaa nykyisen henkil\u00f6st\u00f6n pitovoimaa.<\/p>\n\n\n\n<p>Yhteistoiminnan ja paikallisen sopimisen avulla yrityksess\u00e4 voidaan rakentaa koko ty\u00f6yhteis\u00f6n tarpeet huomioiva ty\u00f6ehtojen kokonaisuus. <\/p>\n\n\n\n<div class=\"wp-block-buttons is-layout-flex wp-block-buttons-is-layout-flex\">\n<div class=\"wp-block-button  icon-right\"><a class=\"wp-block-button__link wp-element-button\" href=\"https:\/\/teknologiateollisuus.fi\/jasenille\/palvelut\/tyosuhdepalvelut\/paikallinen-sopiminen-ja-yhteistoiminta\/\">Lue lis\u00e4\u00e4 paikallisesta sopimisesta<\/a><\/div>\n<\/div>\n\n\n\n<h2 class=\"wp-block-heading\" id=\"h-tyokaluja-yhteistoiminnan-kehittamiseen\" id=\"tyokaluja-yhteistoiminnan-kehittamiseen\">Ty\u00f6kaluja yhteistoiminnan kehitt\u00e4miseen<\/h2>\n\n\n\n<h3 class=\"wp-block-heading\" id=\"h-yhteistoiminnan-kehittamisen-opas-yhteistoiminnan-perusteita\" id=\"yhteistoiminnan-kehittamisen-opas-yhteistoiminnan-perusteita\">Yhteistoiminnan kehitt\u00e4misen opas \u2013 Yhteistoiminnan perusteita<\/h3>\n\n\n\n<p>Yhteistoiminnan kehitt\u00e4misen oppaiden tavoitteena on avata lains\u00e4\u00e4d\u00e4nn\u00f6n ja ty\u00f6ehtosopimusten reunaehtoja yhteistoiminnalle sek\u00e4 hyvi\u00e4 k\u00e4yt\u00e4nt\u00f6j\u00e4 paikallisen luottamuksen rakentamiseksi. Julkaisusarja koostuu kolmesta erillisest\u00e4 oppaasta, jotka on kohdennettu eri ty\u00f6ehtosopimuksia noudattaville toimialoille:<\/p>\n\n\n\n<ul class=\"wp-block-list  mt-xs\">\n<li>Teknologiateollisuuden ty\u00f6ntekij\u00e4t, toimihenkil\u00f6t ja ylemm\u00e4t toimihenkil\u00f6t<\/li>\n\n\n\n<li>Suunnittelu- ja konsulttialan toimihenkil\u00f6t ja ylemm\u00e4t toimihenkil\u00f6t<\/li>\n\n\n\n<li>Tietotekniikan palveluala<\/li>\n<\/ul>\n\n\n\n<div class=\"wp-block-evermade-links em-block-links has-columns-1\">\n<div data-wp-interactive=\"core\/file\" class=\"wp-block-file has-light-gray-background-color has-background\"><a id=\"wp-block-file--media-f067c92a-181f-4394-8a1e-a11e3fc5dbcc\" href=\"https:\/\/teknologiateollisuus.fi\/jasenille\/wp-content\/uploads\/sites\/1\/2026\/02\/Yhteistoimintaa_ja_yhteistyota_2026.pdf\">Yhteistoimintaopas, Teknologiateollisuus (PDF)<\/a><a href=\"https:\/\/teknologiateollisuus.fi\/jasenille\/wp-content\/uploads\/sites\/1\/2026\/02\/Yhteistoimintaa_ja_yhteistyota_2026.pdf\" class=\"wp-block-file__button wp-element-button\" download aria-describedby=\"wp-block-file--media-f067c92a-181f-4394-8a1e-a11e3fc5dbcc\">Lataa<\/a><\/div>\n\n\n\n<div data-wp-interactive=\"core\/file\" class=\"wp-block-file has-light-gray-background-color has-background\"><a id=\"wp-block-file--media-f423b48b-0ba9-41c4-adb0-1df1bf4f6cbd\" href=\"https:\/\/teknologiateollisuus.fi\/jasenille\/wp-content\/uploads\/sites\/1\/2026\/02\/SKOL_Yhteistoimintaopas_2026.pdf\">Yhteistoimintaopas, suunnittelu ja konsultointi (PDF)<\/a><a href=\"https:\/\/teknologiateollisuus.fi\/jasenille\/wp-content\/uploads\/sites\/1\/2026\/02\/SKOL_Yhteistoimintaopas_2026.pdf\" class=\"wp-block-file__button wp-element-button\" download aria-describedby=\"wp-block-file--media-f423b48b-0ba9-41c4-adb0-1df1bf4f6cbd\">Lataa<\/a><\/div>\n\n\n\n<div data-wp-interactive=\"core\/file\" class=\"wp-block-file has-light-gray-background-color has-background\"><a id=\"wp-block-file--media-0a18299a-dc53-403f-ba00-c9538a3df602\" href=\"https:\/\/teknologiateollisuus.fi\/jasenille\/wp-content\/uploads\/sites\/1\/2026\/02\/Tipal_Yhteistoimintaopas_2026.pdf\">Yhteistoimintaopas, tietotekniikan palveluala (PDF)<\/a><a href=\"https:\/\/teknologiateollisuus.fi\/jasenille\/wp-content\/uploads\/sites\/1\/2026\/02\/Tipal_Yhteistoimintaopas_2026.pdf\" class=\"wp-block-file__button wp-element-button\" download aria-describedby=\"wp-block-file--media-0a18299a-dc53-403f-ba00-c9538a3df602\">Lataa<\/a><\/div>\n<\/div>\n\n\n\n<h3 class=\"wp-block-heading\" id=\"h-yhteistoiminnan-tasomittari-tyokalu-henkilostolle-ja-tyonantajalle\" id=\"yhteistoiminnan-tasomittari-tyokalu-henkilostolle-ja-tyonantajalle\">Yhteistoiminnan tasomittari \u2013 Ty\u00f6kalu henkil\u00f6st\u00f6lle ja ty\u00f6nantajalle<\/h3>\n\n\n\n<p>Yhteistoiminnan tasomittari on Teknologiateollisuuden ty\u00f6nantajat ry:n ja Teollisuusliitto ry:n yhdess\u00e4 suunnittelema ty\u00f6kalu henkil\u00f6st\u00f6n ja ty\u00f6nantajan v\u00e4lisen yhteistoiminnan tason mittaamiseen.<\/p>\n\n\n\n<p>Mittaus tehd\u00e4\u00e4n ty\u00f6nantajan toimesta, yhdess\u00e4 henkil\u00f6st\u00f6n edustajien kanssa. Vastaajaryhmin\u00e4 toimivat ty\u00f6ntekij\u00e4t, ty\u00f6ntekij\u00f6iden luottamushenkil\u00f6t, sek\u00e4 ty\u00f6nantajan edustajat.<\/p>\n\n\n\n<div class=\"wp-block-buttons is-layout-flex wp-block-buttons-is-layout-flex\">\n<div class=\"wp-block-button  icon-right\"><a class=\"wp-block-button__link wp-element-button\" href=\"https:\/\/www.tasomittari.fi\">Rekister\u00f6idy tasomittariin<\/a><\/div>\n<\/div>\n","protected":false},"excerpt":{"rendered":"<p>Hyv\u00e4 yhteistoiminta rakentuu paikalliselle luottamukselle. Luottamus vaatii avoimuutta ja yhteisty\u00f6t\u00e4 sek\u00e4 henkil\u00f6st\u00f6n mukaan ottamista yrityksen p\u00e4\u00e4t\u00f6ksentekoon ja ty\u00f6n kehitt\u00e4miseen. T\u00e4m\u00e4 tukee my\u00f6s hyv\u00e4n ty\u00f6antajamielikuvan rakentamista, lis\u00e4\u00e4 yrityksen houkuttelevuutta ja parantaa nykyisen henkil\u00f6st\u00f6n pitovoimaa. Yhteistoiminnan ja paikallisen sopimisen avulla yrityksess\u00e4 voidaan rakentaa koko ty\u00f6yhteis\u00f6n tarpeet huomioiva ty\u00f6ehtojen kokonaisuus. Ty\u00f6kaluja yhteistoiminnan kehitt\u00e4miseen Yhteistoiminnan kehitt\u00e4misen opas \u2013 Yhteistoiminnan [&hellip;]<\/p>\n","protected":false},"author":46,"featured_media":0,"parent":1636,"menu_order":0,"comment_status":"closed","ping_status":"closed","template":"","meta":{"_acf_changed":false,"_relevanssi_hide_post":"","_relevanssi_hide_content":"","_relevanssi_pin_for_all":"","_relevanssi_pin_keywords":"","_relevanssi_unpin_keywords":"","_relevanssi_related_keywords":"","_relevanssi_related_include_ids":"","_relevanssi_related_exclude_ids":"","_relevanssi_related_no_append":"","_relevanssi_related_not_related":"","_relevanssi_related_posts":"5981,6160,5887,24205,16721,7187","_relevanssi_noindex_reason":"","inline_featured_image":false,"growthstack-ab-test":[],"growthstack-ab-test-views":[],"footnotes":""},"class_list":["post-25293","page","type-page","status-publish","hentry"],"acf":{"is_store_related":false,"locked":false},"yoast_head":"<!-- This site is optimized with the Yoast SEO Premium plugin v27.1 (Yoast SEO v27.4) - https:\/\/yoast.com\/product\/yoast-seo-premium-wordpress\/ -->\n<title>Yhteistoiminta - Teknologiateollisuus - J\u00e4senille<\/title>\n<meta name=\"robots\" content=\"index, follow, max-snippet:-1, max-image-preview:large, max-video-preview:-1\" \/>\n<link rel=\"canonical\" href=\"https:\/\/teknologiateollisuus.fi\/jasenille\/palvelut\/tyosuhdepalvelut\/tyoelama-teknologia-alalla\/yhteistoiminta\/\" \/>\n<meta property=\"og:locale\" content=\"fi_FI\" \/>\n<meta property=\"og:type\" content=\"article\" \/>\n<meta property=\"og:title\" content=\"Yhteistoiminta\" \/>\n<meta property=\"og:description\" content=\"Hyv\u00e4 yhteistoiminta rakentuu paikalliselle luottamukselle. Luottamus vaatii avoimuutta ja yhteisty\u00f6t\u00e4 sek\u00e4 henkil\u00f6st\u00f6n mukaan ottamista yrityksen p\u00e4\u00e4t\u00f6ksentekoon ja ty\u00f6n kehitt\u00e4miseen. T\u00e4m\u00e4 tukee my\u00f6s hyv\u00e4n ty\u00f6antajamielikuvan rakentamista, lis\u00e4\u00e4 yrityksen houkuttelevuutta ja parantaa nykyisen henkil\u00f6st\u00f6n pitovoimaa. Yhteistoiminnan ja paikallisen sopimisen avulla yrityksess\u00e4 voidaan rakentaa koko ty\u00f6yhteis\u00f6n tarpeet huomioiva ty\u00f6ehtojen kokonaisuus. Ty\u00f6kaluja yhteistoiminnan kehitt\u00e4miseen Yhteistoiminnan kehitt\u00e4misen opas \u2013 Yhteistoiminnan [&hellip;]\" \/>\n<meta property=\"og:url\" content=\"https:\/\/teknologiateollisuus.fi\/jasenille\/palvelut\/tyosuhdepalvelut\/tyoelama-teknologia-alalla\/yhteistoiminta\/\" \/>\n<meta property=\"og:site_name\" content=\"Teknologiateollisuus - J\u00e4senille\" \/>\n<meta property=\"article:modified_time\" content=\"2026-02-11T11:18:46+00:00\" \/>\n<meta name=\"twitter:card\" content=\"summary_large_image\" \/>\n<meta name=\"twitter:label1\" content=\"Arvioitu lukuaika\" \/>\n\t<meta name=\"twitter:data1\" content=\"2 minuuttia\" \/>\n<script type=\"application\/ld+json\" class=\"yoast-schema-graph\">{\"@context\":\"https:\\\/\\\/schema.org\",\"@graph\":[{\"@type\":\"WebPage\",\"@id\":\"https:\\\/\\\/teknologiateollisuus.fi\\\/jasenille\\\/palvelut\\\/tyosuhdepalvelut\\\/tyoelama-teknologia-alalla\\\/yhteistoiminta\\\/\",\"url\":\"https:\\\/\\\/teknologiateollisuus.fi\\\/jasenille\\\/palvelut\\\/tyosuhdepalvelut\\\/tyoelama-teknologia-alalla\\\/yhteistoiminta\\\/\",\"name\":\"Yhteistoiminta - Teknologiateollisuus - J\u00e4senille\",\"isPartOf\":{\"@id\":\"https:\\\/\\\/teknologiateollisuus.fi\\\/jasenille\\\/#website\"},\"datePublished\":\"2025-04-04T11:35:24+00:00\",\"dateModified\":\"2026-02-11T11:18:46+00:00\",\"breadcrumb\":{\"@id\":\"https:\\\/\\\/teknologiateollisuus.fi\\\/jasenille\\\/palvelut\\\/tyosuhdepalvelut\\\/tyoelama-teknologia-alalla\\\/yhteistoiminta\\\/#breadcrumb\"},\"inLanguage\":\"fi\",\"potentialAction\":[{\"@type\":\"ReadAction\",\"target\":[\"https:\\\/\\\/teknologiateollisuus.fi\\\/jasenille\\\/palvelut\\\/tyosuhdepalvelut\\\/tyoelama-teknologia-alalla\\\/yhteistoiminta\\\/\"]}]},{\"@type\":\"BreadcrumbList\",\"@id\":\"https:\\\/\\\/teknologiateollisuus.fi\\\/jasenille\\\/palvelut\\\/tyosuhdepalvelut\\\/tyoelama-teknologia-alalla\\\/yhteistoiminta\\\/#breadcrumb\",\"itemListElement\":[{\"@type\":\"ListItem\",\"position\":1,\"name\":\"Home\",\"item\":\"https:\\\/\\\/teknologiateollisuus.fi\\\/jasenille\\\/\"},{\"@type\":\"ListItem\",\"position\":2,\"name\":\"Palvelut\",\"item\":\"https:\\\/\\\/teknologiateollisuus.fi\\\/jasenille\\\/palvelut\\\/\"},{\"@type\":\"ListItem\",\"position\":3,\"name\":\"Ty\u00f6suhdepalvelut\",\"item\":\"https:\\\/\\\/teknologiateollisuus.fi\\\/jasenille\\\/palvelut\\\/tyosuhdepalvelut\\\/\"},{\"@type\":\"ListItem\",\"position\":4,\"name\":\"Ty\u00f6el\u00e4m\u00e4\",\"item\":\"https:\\\/\\\/teknologiateollisuus.fi\\\/jasenille\\\/palvelut\\\/tyosuhdepalvelut\\\/tyoelama-teknologia-alalla\\\/\"},{\"@type\":\"ListItem\",\"position\":5,\"name\":\"Yhteistoiminta\"}]},{\"@type\":\"WebSite\",\"@id\":\"https:\\\/\\\/teknologiateollisuus.fi\\\/jasenille\\\/#website\",\"url\":\"https:\\\/\\\/teknologiateollisuus.fi\\\/jasenille\\\/\",\"name\":\"Teknologiateollisuus - J\u00e4senille\",\"description\":\"\",\"publisher\":{\"@id\":\"https:\\\/\\\/teknologiateollisuus.fi\\\/jasenille\\\/#organization\"},\"potentialAction\":[{\"@type\":\"SearchAction\",\"target\":{\"@type\":\"EntryPoint\",\"urlTemplate\":\"https:\\\/\\\/teknologiateollisuus.fi\\\/jasenille\\\/?s={search_term_string}\"},\"query-input\":{\"@type\":\"PropertyValueSpecification\",\"valueRequired\":true,\"valueName\":\"search_term_string\"}}],\"inLanguage\":\"fi\"},{\"@type\":\"Organization\",\"@id\":\"https:\\\/\\\/teknologiateollisuus.fi\\\/jasenille\\\/#organization\",\"name\":\"Teknologiateollisuus - J\u00e4senille\",\"url\":\"https:\\\/\\\/teknologiateollisuus.fi\\\/jasenille\\\/\",\"logo\":{\"@type\":\"ImageObject\",\"inLanguage\":\"fi\",\"@id\":\"https:\\\/\\\/teknologiateollisuus.fi\\\/jasenille\\\/#\\\/schema\\\/logo\\\/image\\\/\",\"url\":\"https:\\\/\\\/teknologiateollisuus.fi\\\/jasenille\\\/wp-content\\\/uploads\\\/sites\\\/1\\\/2023\\\/10\\\/placeholder.png\",\"contentUrl\":\"https:\\\/\\\/teknologiateollisuus.fi\\\/jasenille\\\/wp-content\\\/uploads\\\/sites\\\/1\\\/2023\\\/10\\\/placeholder.png\",\"width\":2560,\"height\":1920,\"caption\":\"Teknologiateollisuus - J\u00e4senille\"},\"image\":{\"@id\":\"https:\\\/\\\/teknologiateollisuus.fi\\\/jasenille\\\/#\\\/schema\\\/logo\\\/image\\\/\"}}]}<\/script>\n<!-- \/ Yoast SEO Premium plugin. -->","yoast_head_json":{"title":"Yhteistoiminta - Teknologiateollisuus - J\u00e4senille","robots":{"index":"index","follow":"follow","max-snippet":"max-snippet:-1","max-image-preview":"max-image-preview:large","max-video-preview":"max-video-preview:-1"},"canonical":"https:\/\/teknologiateollisuus.fi\/jasenille\/palvelut\/tyosuhdepalvelut\/tyoelama-teknologia-alalla\/yhteistoiminta\/","og_locale":"fi_FI","og_type":"article","og_title":"Yhteistoiminta","og_description":"Hyv\u00e4 yhteistoiminta rakentuu paikalliselle luottamukselle. Luottamus vaatii avoimuutta ja yhteisty\u00f6t\u00e4 sek\u00e4 henkil\u00f6st\u00f6n mukaan ottamista yrityksen p\u00e4\u00e4t\u00f6ksentekoon ja ty\u00f6n kehitt\u00e4miseen. T\u00e4m\u00e4 tukee my\u00f6s hyv\u00e4n ty\u00f6antajamielikuvan rakentamista, lis\u00e4\u00e4 yrityksen houkuttelevuutta ja parantaa nykyisen henkil\u00f6st\u00f6n pitovoimaa. Yhteistoiminnan ja paikallisen sopimisen avulla yrityksess\u00e4 voidaan rakentaa koko ty\u00f6yhteis\u00f6n tarpeet huomioiva ty\u00f6ehtojen kokonaisuus. Ty\u00f6kaluja yhteistoiminnan kehitt\u00e4miseen Yhteistoiminnan kehitt\u00e4misen opas \u2013 Yhteistoiminnan [&hellip;]","og_url":"https:\/\/teknologiateollisuus.fi\/jasenille\/palvelut\/tyosuhdepalvelut\/tyoelama-teknologia-alalla\/yhteistoiminta\/","og_site_name":"Teknologiateollisuus - J\u00e4senille","article_modified_time":"2026-02-11T11:18:46+00:00","twitter_card":"summary_large_image","twitter_misc":{"Arvioitu lukuaika":"2 minuuttia"},"schema":{"@context":"https:\/\/schema.org","@graph":[{"@type":"WebPage","@id":"https:\/\/teknologiateollisuus.fi\/jasenille\/palvelut\/tyosuhdepalvelut\/tyoelama-teknologia-alalla\/yhteistoiminta\/","url":"https:\/\/teknologiateollisuus.fi\/jasenille\/palvelut\/tyosuhdepalvelut\/tyoelama-teknologia-alalla\/yhteistoiminta\/","name":"Yhteistoiminta - Teknologiateollisuus - J\u00e4senille","isPartOf":{"@id":"https:\/\/teknologiateollisuus.fi\/jasenille\/#website"},"datePublished":"2025-04-04T11:35:24+00:00","dateModified":"2026-02-11T11:18:46+00:00","breadcrumb":{"@id":"https:\/\/teknologiateollisuus.fi\/jasenille\/palvelut\/tyosuhdepalvelut\/tyoelama-teknologia-alalla\/yhteistoiminta\/#breadcrumb"},"inLanguage":"fi","potentialAction":[{"@type":"ReadAction","target":["https:\/\/teknologiateollisuus.fi\/jasenille\/palvelut\/tyosuhdepalvelut\/tyoelama-teknologia-alalla\/yhteistoiminta\/"]}]},{"@type":"BreadcrumbList","@id":"https:\/\/teknologiateollisuus.fi\/jasenille\/palvelut\/tyosuhdepalvelut\/tyoelama-teknologia-alalla\/yhteistoiminta\/#breadcrumb","itemListElement":[{"@type":"ListItem","position":1,"name":"Home","item":"https:\/\/teknologiateollisuus.fi\/jasenille\/"},{"@type":"ListItem","position":2,"name":"Palvelut","item":"https:\/\/teknologiateollisuus.fi\/jasenille\/palvelut\/"},{"@type":"ListItem","position":3,"name":"Ty\u00f6suhdepalvelut","item":"https:\/\/teknologiateollisuus.fi\/jasenille\/palvelut\/tyosuhdepalvelut\/"},{"@type":"ListItem","position":4,"name":"Ty\u00f6el\u00e4m\u00e4","item":"https:\/\/teknologiateollisuus.fi\/jasenille\/palvelut\/tyosuhdepalvelut\/tyoelama-teknologia-alalla\/"},{"@type":"ListItem","position":5,"name":"Yhteistoiminta"}]},{"@type":"WebSite","@id":"https:\/\/teknologiateollisuus.fi\/jasenille\/#website","url":"https:\/\/teknologiateollisuus.fi\/jasenille\/","name":"Teknologiateollisuus - J\u00e4senille","description":"","publisher":{"@id":"https:\/\/teknologiateollisuus.fi\/jasenille\/#organization"},"potentialAction":[{"@type":"SearchAction","target":{"@type":"EntryPoint","urlTemplate":"https:\/\/teknologiateollisuus.fi\/jasenille\/?s={search_term_string}"},"query-input":{"@type":"PropertyValueSpecification","valueRequired":true,"valueName":"search_term_string"}}],"inLanguage":"fi"},{"@type":"Organization","@id":"https:\/\/teknologiateollisuus.fi\/jasenille\/#organization","name":"Teknologiateollisuus - J\u00e4senille","url":"https:\/\/teknologiateollisuus.fi\/jasenille\/","logo":{"@type":"ImageObject","inLanguage":"fi","@id":"https:\/\/teknologiateollisuus.fi\/jasenille\/#\/schema\/logo\/image\/","url":"https:\/\/teknologiateollisuus.fi\/jasenille\/wp-content\/uploads\/sites\/1\/2023\/10\/placeholder.png","contentUrl":"https:\/\/teknologiateollisuus.fi\/jasenille\/wp-content\/uploads\/sites\/1\/2023\/10\/placeholder.png","width":2560,"height":1920,"caption":"Teknologiateollisuus - J\u00e4senille"},"image":{"@id":"https:\/\/teknologiateollisuus.fi\/jasenille\/#\/schema\/logo\/image\/"}}]}},"lang":"fi","translations":{"fi":25293},"pll_sync_post":[],"_links":{"self":[{"href":"https:\/\/teknologiateollisuus.fi\/jasenille\/wp-json\/wp\/v2\/pages\/25293","targetHints":{"allow":["GET"]}}],"collection":[{"href":"https:\/\/teknologiateollisuus.fi\/jasenille\/wp-json\/wp\/v2\/pages"}],"about":[{"href":"https:\/\/teknologiateollisuus.fi\/jasenille\/wp-json\/wp\/v2\/types\/page"}],"author":[{"embeddable":true,"href":"https:\/\/teknologiateollisuus.fi\/jasenille\/wp-json\/wp\/v2\/users\/46"}],"replies":[{"embeddable":true,"href":"https:\/\/teknologiateollisuus.fi\/jasenille\/wp-json\/wp\/v2\/comments?post=25293"}],"version-history":[{"count":12,"href":"https:\/\/teknologiateollisuus.fi\/jasenille\/wp-json\/wp\/v2\/pages\/25293\/revisions"}],"predecessor-version":[{"id":29152,"href":"https:\/\/teknologiateollisuus.fi\/jasenille\/wp-json\/wp\/v2\/pages\/25293\/revisions\/29152"}],"up":[{"embeddable":true,"href":"https:\/\/teknologiateollisuus.fi\/jasenille\/wp-json\/wp\/v2\/pages\/1636"}],"wp:attachment":[{"href":"https:\/\/teknologiateollisuus.fi\/jasenille\/wp-json\/wp\/v2\/media?parent=25293"}],"curies":[{"name":"wp","href":"https:\/\/api.w.org\/{rel}","templated":true}]}}