{"id":25387,"date":"2025-04-14T15:27:27","date_gmt":"2025-04-14T12:27:27","guid":{"rendered":"https:\/\/teknologiateollisuus.fi\/jasenille\/?page_id=25387"},"modified":"2025-08-07T11:14:09","modified_gmt":"2025-08-07T08:14:09","slug":"tuottavuus-ja-hyvinvointi","status":"publish","type":"page","link":"https:\/\/teknologiateollisuus.fi\/jasenille\/palvelut\/tyosuhdepalvelut\/tyoelama-teknologia-alalla\/tuottavuus-ja-hyvinvointi\/","title":{"rendered":"Tuottavuus ja hyvinvointi"},"content":{"rendered":"\n<div class=\"em-block-hero hero-has-background-color has-background has-black-background-color collapse  \">\n\t<div class=\"em-block-hero__container\">\n\t\t<div class=\"em-block-hero__content\">\n\t\t\t<div class=\"yoast-breadcrumbs\"><span><span><a href=\"https:\/\/teknologiateollisuus.fi\/jasenille\/\">Home<\/a><\/span> <span class=\"separator\"><\/span> <span><a href=\"https:\/\/teknologiateollisuus.fi\/jasenille\/palvelut\/\">Palvelut<\/a><\/span> <span class=\"separator\"><\/span> <span><a href=\"https:\/\/teknologiateollisuus.fi\/jasenille\/palvelut\/tyosuhdepalvelut\/\">Ty\u00f6suhdepalvelut<\/a><\/span> <span class=\"separator\"><\/span> <span><a href=\"https:\/\/teknologiateollisuus.fi\/jasenille\/palvelut\/tyosuhdepalvelut\/tyoelama-teknologia-alalla\/\">Ty\u00f6el\u00e4m\u00e4<\/a><\/span> <span class=\"separator\"><\/span> <span class=\"breadcrumb_last\" aria-current=\"page\">Tuottavuus ja hyvinvointi<\/span><\/span><\/div>\t\t\t\n<h1 class=\"wp-block-heading\" id=\"h-tuottavuus-ja-hyvinvointi\">Tuottavuus ja hyvinvointi<\/h1>\n\n<p>Panostaminen ty\u00f6ntekij\u00f6iden hyvinvointiin, terveyteen ja ty\u00f6olosuhteisiin lis\u00e4\u00e4 motivaatiota, v\u00e4hent\u00e4\u00e4 sairauspoissaoloja ja parantaa ty\u00f6suoritusta.<\/p>\n\t\t\t<div class=\"em-block-hero__modified-date\"> P\u00e4ivitetty 07.08.2025 klo 11:14<\/div>\t\t<\/div>\n\t\t\t\t\t<figure class=\"em-block-hero__image\">\n\t\t\t\t\t\t\t<\/figure>\n\t\t\t<\/div>\n<\/div>\n\n\n\n<div class=\"wp-block-scb-columns scb-columns  has-mobile-behavior--stacked has-auto-fit\">\n<div class=\"wp-block-scb-column scb-column is-scale-cover\">\n<p>Ty\u00f6hyvinvointi tarkoittaa ty\u00f6ntekij\u00f6iden fyysist\u00e4, psyykkist\u00e4ja sosiaalista hyvinvointia ty\u00f6ss\u00e4. Ty\u00f6hyvinvointiin panostaminen. parantaa ty\u00f6ntekij\u00f6iden ty\u00f6ss\u00e4jaksamista, motivaatiota,tuottavuutta ja sitoutumista ty\u00f6h\u00f6n sek\u00e4 v\u00e4hent\u00e4\u00e4 sairauspoissaoloja. Ty\u00f6hyvinvoinnista huolehtiminen on sek\u00e4 yksil\u00f6iden ett\u00e4 organisaatioiden etu, ja sen kehitt\u00e4misen tulee olla osa yrityksen jokap\u00e4iv\u00e4ist\u00e4 toimintaa ja johtamista.<\/p>\n\n\n\n<h2 class=\"wp-block-heading\" id=\"h-tyohyvinvointia-voidaan-edistaa-esimerkiksi-seuraavilla-keinoilla\" id=\"tyohyvinvointia-voidaan-edistaa-esimerkiksi-seuraavilla-keinoilla\">Ty\u00f6hyvinvointia voidaan edist\u00e4\u00e4 esimerkiksi seuraavilla keinoilla:<\/h2>\n\n\n\n<ul class=\"wp-block-list is-style-default\">\n<li>Ty\u00f6ymp\u00e4rist\u00f6n turvallisuudesta ja hyv\u00e4st\u00e4 ergonomiasta huolehditaan osana ty\u00f6ntekij\u00f6iden fyysist\u00e4 hyvinvointia.<\/li>\n\n\n\n<li>Psyykkist\u00e4 ja sosiaalista hyvinvointia tuetaan varmistamalla ty\u00f6paikan hyv\u00e4 ilmapiiri, toimiva vuorovaikutus, kohtuullinen ty\u00f6kuorma ja mahdollisuudet vaikuttaa omaan ty\u00f6h\u00f6n.<\/li>\n\n\n\n<li>Hallinnan tunnetta ty\u00f6ss\u00e4 edistet\u00e4\u00e4n antamalla ty\u00f6ntekij\u00f6ille mahdollisuus ja ty\u00f6kaluja osaamisen kehitt\u00e4miseen sek\u00e4 omalla alalla kehittymiseen.<\/li>\n\n\n\n<li>Ty\u00f6yhteis\u00f6ss\u00e4 huomioidaan ty\u00f6n ja muun el\u00e4m\u00e4n v\u00e4lisen tasapainon t\u00e4rkeys. Erilaiset tarpeet ty\u00f6- ja perhe-el\u00e4m\u00e4n yhdist\u00e4miseen tunnistetaan ja niihin haetaan aktiivisesti ratkaisuja.<\/li>\n\n\n\n<li>Yrityksess\u00e4 varmistetaan laadukas esihenkil\u00f6ty\u00f6 ja johdonmukainen suorituksen johtaminen. Selke\u00e4 tavoitteiden asetanta ja hyv\u00e4t palautteen antamisen k\u00e4yt\u00e4nn\u00f6t sis\u00e4ltyv\u00e4t laadukkaaseen johtamisty\u00f6h\u00f6n.<\/li>\n\n\n\n<li>Selkeiden ty\u00f6kykyjohtamisen periaatteiden ja k\u00e4yt\u00e4nt\u00f6jen (mm. varhaisen tuen toimintamalli, poissaolojen hallinta, ty\u00f6h\u00f6npaluun tuki, aktiivinen yhteisty\u00f6 ty\u00f6terveyshuollon kanssa) laatimisella varmistetaan oikea-aikainen tuki haastavissakin tilanteissa.<\/li>\n<\/ul>\n\n\n\n<div class=\"wp-block-evermade-links em-block-links has-columns-1\">\n<a\n\tclass=\"wp-block-evermade-internal-link em-block-link is-internal   has-subtitle\"\n\thref=\"https:\/\/teknologiateollisuus.fi\/jasenille\/luova-tyoelama-2030\/\"\n\taria-label=\"Avaa samassa v\u00e4lilehdess\u00e4\"\n\ttarget=\"_self\"\n\trel=\"noopener\"\n>\n\t<div class=\"em-block-link__content\">\n\t\t<span class=\"em-block-link__title\">\n\t\t\tLuova Ty\u00f6el\u00e4m\u00e4 2030\u00a0-hanke\t\t<\/span>\n\t\t\t\t\t<span class=\"em-block-link__subtitle\">\n\t\t\t\tLuovuus on yksi nykyp\u00e4iv\u00e4n ty\u00f6el\u00e4m\u00e4n olennaisimmista taidoista. Testaa oma luovuutesi luovuusindeksill\u00e4!\t\t\t<\/span>\n\t\t\t<\/div>\n\t\t\t<div class=\"em-block-link__arrow\"><\/div>\n\t\t<div class=\"em-block-link__pressable\"><\/div>\n\t<\/a>\n<\/div>\n<\/div>\n<\/div>\n\n\n\n<p><\/p>\n","protected":false},"excerpt":{"rendered":"","protected":false},"author":46,"featured_media":3301,"parent":1636,"menu_order":0,"comment_status":"closed","ping_status":"closed","template":"","meta":{"_acf_changed":false,"_relevanssi_hide_post":"","_relevanssi_hide_content":"","_relevanssi_pin_for_all":"","_relevanssi_pin_keywords":"","_relevanssi_unpin_keywords":"","_relevanssi_related_keywords":"","_relevanssi_related_include_ids":"","_relevanssi_related_exclude_ids":"","_relevanssi_related_no_append":"","_relevanssi_related_not_related":"","_relevanssi_related_posts":"7044,5981,6001,7173,8123,5961","_relevanssi_noindex_reason":"","inline_featured_image":false,"growthstack-ab-test":[],"growthstack-ab-test-views":[],"footnotes":""},"class_list":["post-25387","page","type-page","status-publish","has-post-thumbnail","hentry"],"acf":{"is_store_related":false,"locked":false},"yoast_head":"<!-- This site is optimized with the Yoast SEO Premium plugin v27.1 (Yoast SEO v27.4) - https:\/\/yoast.com\/product\/yoast-seo-premium-wordpress\/ -->\n<title>Tuottavuus ja hyvinvointi - Teknologiateollisuus - J\u00e4senille<\/title>\n<meta name=\"robots\" content=\"index, follow, max-snippet:-1, max-image-preview:large, max-video-preview:-1\" \/>\n<link rel=\"canonical\" href=\"https:\/\/teknologiateollisuus.fi\/jasenille\/palvelut\/tyosuhdepalvelut\/tyoelama-teknologia-alalla\/tuottavuus-ja-hyvinvointi\/\" \/>\n<meta property=\"og:locale\" content=\"fi_FI\" \/>\n<meta property=\"og:type\" content=\"article\" \/>\n<meta property=\"og:title\" content=\"Tuottavuus ja hyvinvointi\" \/>\n<meta property=\"og:url\" content=\"https:\/\/teknologiateollisuus.fi\/jasenille\/palvelut\/tyosuhdepalvelut\/tyoelama-teknologia-alalla\/tuottavuus-ja-hyvinvointi\/\" \/>\n<meta property=\"og:site_name\" content=\"Teknologiateollisuus - J\u00e4senille\" \/>\n<meta property=\"article:modified_time\" content=\"2025-08-07T08:14:09+00:00\" \/>\n<meta property=\"og:image\" content=\"https:\/\/teknologiateollisuus.fi\/jasenille\/wp-content\/uploads\/sites\/1\/2024\/01\/Kemppi_piirilevyn-kokoonpanoa.jpg\" \/>\n\t<meta property=\"og:image:width\" content=\"1920\" \/>\n\t<meta property=\"og:image:height\" content=\"1281\" \/>\n\t<meta property=\"og:image:type\" content=\"image\/jpeg\" \/>\n<meta name=\"twitter:card\" content=\"summary_large_image\" \/>\n<meta name=\"twitter:label1\" content=\"Arvioitu lukuaika\" \/>\n\t<meta name=\"twitter:data1\" content=\"2 minuuttia\" \/>\n<script type=\"application\/ld+json\" class=\"yoast-schema-graph\">{\"@context\":\"https:\\\/\\\/schema.org\",\"@graph\":[{\"@type\":\"WebPage\",\"@id\":\"https:\\\/\\\/teknologiateollisuus.fi\\\/jasenille\\\/palvelut\\\/tyosuhdepalvelut\\\/tyoelama-teknologia-alalla\\\/tuottavuus-ja-hyvinvointi\\\/\",\"url\":\"https:\\\/\\\/teknologiateollisuus.fi\\\/jasenille\\\/palvelut\\\/tyosuhdepalvelut\\\/tyoelama-teknologia-alalla\\\/tuottavuus-ja-hyvinvointi\\\/\",\"name\":\"Tuottavuus ja hyvinvointi - Teknologiateollisuus - J\u00e4senille\",\"isPartOf\":{\"@id\":\"https:\\\/\\\/teknologiateollisuus.fi\\\/jasenille\\\/#website\"},\"primaryImageOfPage\":{\"@id\":\"https:\\\/\\\/teknologiateollisuus.fi\\\/jasenille\\\/palvelut\\\/tyosuhdepalvelut\\\/tyoelama-teknologia-alalla\\\/tuottavuus-ja-hyvinvointi\\\/#primaryimage\"},\"image\":{\"@id\":\"https:\\\/\\\/teknologiateollisuus.fi\\\/jasenille\\\/palvelut\\\/tyosuhdepalvelut\\\/tyoelama-teknologia-alalla\\\/tuottavuus-ja-hyvinvointi\\\/#primaryimage\"},\"thumbnailUrl\":\"https:\\\/\\\/teknologiateollisuus.fi\\\/jasenille\\\/wp-content\\\/uploads\\\/sites\\\/1\\\/2024\\\/01\\\/Kemppi_piirilevyn-kokoonpanoa.jpg\",\"datePublished\":\"2025-04-14T12:27:27+00:00\",\"dateModified\":\"2025-08-07T08:14:09+00:00\",\"breadcrumb\":{\"@id\":\"https:\\\/\\\/teknologiateollisuus.fi\\\/jasenille\\\/palvelut\\\/tyosuhdepalvelut\\\/tyoelama-teknologia-alalla\\\/tuottavuus-ja-hyvinvointi\\\/#breadcrumb\"},\"inLanguage\":\"fi\",\"potentialAction\":[{\"@type\":\"ReadAction\",\"target\":[\"https:\\\/\\\/teknologiateollisuus.fi\\\/jasenille\\\/palvelut\\\/tyosuhdepalvelut\\\/tyoelama-teknologia-alalla\\\/tuottavuus-ja-hyvinvointi\\\/\"]}]},{\"@type\":\"ImageObject\",\"inLanguage\":\"fi\",\"@id\":\"https:\\\/\\\/teknologiateollisuus.fi\\\/jasenille\\\/palvelut\\\/tyosuhdepalvelut\\\/tyoelama-teknologia-alalla\\\/tuottavuus-ja-hyvinvointi\\\/#primaryimage\",\"url\":\"https:\\\/\\\/teknologiateollisuus.fi\\\/jasenille\\\/wp-content\\\/uploads\\\/sites\\\/1\\\/2024\\\/01\\\/Kemppi_piirilevyn-kokoonpanoa.jpg\",\"contentUrl\":\"https:\\\/\\\/teknologiateollisuus.fi\\\/jasenille\\\/wp-content\\\/uploads\\\/sites\\\/1\\\/2024\\\/01\\\/Kemppi_piirilevyn-kokoonpanoa.jpg\",\"width\":1920,\"height\":1281,\"caption\":\"Hitsausalan ratkaisuja valmistava Kemppi Oy on Teknologiateollisuus ry:n j\u00e4senyritys. Kuva: Liisa Takala\"},{\"@type\":\"BreadcrumbList\",\"@id\":\"https:\\\/\\\/teknologiateollisuus.fi\\\/jasenille\\\/palvelut\\\/tyosuhdepalvelut\\\/tyoelama-teknologia-alalla\\\/tuottavuus-ja-hyvinvointi\\\/#breadcrumb\",\"itemListElement\":[{\"@type\":\"ListItem\",\"position\":1,\"name\":\"Home\",\"item\":\"https:\\\/\\\/teknologiateollisuus.fi\\\/jasenille\\\/\"},{\"@type\":\"ListItem\",\"position\":2,\"name\":\"Palvelut\",\"item\":\"https:\\\/\\\/teknologiateollisuus.fi\\\/jasenille\\\/palvelut\\\/\"},{\"@type\":\"ListItem\",\"position\":3,\"name\":\"Ty\u00f6suhdepalvelut\",\"item\":\"https:\\\/\\\/teknologiateollisuus.fi\\\/jasenille\\\/palvelut\\\/tyosuhdepalvelut\\\/\"},{\"@type\":\"ListItem\",\"position\":4,\"name\":\"Ty\u00f6el\u00e4m\u00e4\",\"item\":\"https:\\\/\\\/teknologiateollisuus.fi\\\/jasenille\\\/palvelut\\\/tyosuhdepalvelut\\\/tyoelama-teknologia-alalla\\\/\"},{\"@type\":\"ListItem\",\"position\":5,\"name\":\"Tuottavuus ja hyvinvointi\"}]},{\"@type\":\"WebSite\",\"@id\":\"https:\\\/\\\/teknologiateollisuus.fi\\\/jasenille\\\/#website\",\"url\":\"https:\\\/\\\/teknologiateollisuus.fi\\\/jasenille\\\/\",\"name\":\"Teknologiateollisuus - J\u00e4senille\",\"description\":\"\",\"publisher\":{\"@id\":\"https:\\\/\\\/teknologiateollisuus.fi\\\/jasenille\\\/#organization\"},\"potentialAction\":[{\"@type\":\"SearchAction\",\"target\":{\"@type\":\"EntryPoint\",\"urlTemplate\":\"https:\\\/\\\/teknologiateollisuus.fi\\\/jasenille\\\/?s={search_term_string}\"},\"query-input\":{\"@type\":\"PropertyValueSpecification\",\"valueRequired\":true,\"valueName\":\"search_term_string\"}}],\"inLanguage\":\"fi\"},{\"@type\":\"Organization\",\"@id\":\"https:\\\/\\\/teknologiateollisuus.fi\\\/jasenille\\\/#organization\",\"name\":\"Teknologiateollisuus - J\u00e4senille\",\"url\":\"https:\\\/\\\/teknologiateollisuus.fi\\\/jasenille\\\/\",\"logo\":{\"@type\":\"ImageObject\",\"inLanguage\":\"fi\",\"@id\":\"https:\\\/\\\/teknologiateollisuus.fi\\\/jasenille\\\/#\\\/schema\\\/logo\\\/image\\\/\",\"url\":\"https:\\\/\\\/teknologiateollisuus.fi\\\/jasenille\\\/wp-content\\\/uploads\\\/sites\\\/1\\\/2023\\\/10\\\/placeholder.png\",\"contentUrl\":\"https:\\\/\\\/teknologiateollisuus.fi\\\/jasenille\\\/wp-content\\\/uploads\\\/sites\\\/1\\\/2023\\\/10\\\/placeholder.png\",\"width\":2560,\"height\":1920,\"caption\":\"Teknologiateollisuus - J\u00e4senille\"},\"image\":{\"@id\":\"https:\\\/\\\/teknologiateollisuus.fi\\\/jasenille\\\/#\\\/schema\\\/logo\\\/image\\\/\"}}]}<\/script>\n<!-- \/ Yoast SEO Premium plugin. -->","yoast_head_json":{"title":"Tuottavuus ja hyvinvointi - Teknologiateollisuus - J\u00e4senille","robots":{"index":"index","follow":"follow","max-snippet":"max-snippet:-1","max-image-preview":"max-image-preview:large","max-video-preview":"max-video-preview:-1"},"canonical":"https:\/\/teknologiateollisuus.fi\/jasenille\/palvelut\/tyosuhdepalvelut\/tyoelama-teknologia-alalla\/tuottavuus-ja-hyvinvointi\/","og_locale":"fi_FI","og_type":"article","og_title":"Tuottavuus ja hyvinvointi","og_url":"https:\/\/teknologiateollisuus.fi\/jasenille\/palvelut\/tyosuhdepalvelut\/tyoelama-teknologia-alalla\/tuottavuus-ja-hyvinvointi\/","og_site_name":"Teknologiateollisuus - J\u00e4senille","article_modified_time":"2025-08-07T08:14:09+00:00","og_image":[{"width":1920,"height":1281,"url":"https:\/\/teknologiateollisuus.fi\/jasenille\/wp-content\/uploads\/sites\/1\/2024\/01\/Kemppi_piirilevyn-kokoonpanoa.jpg","type":"image\/jpeg"}],"twitter_card":"summary_large_image","twitter_misc":{"Arvioitu lukuaika":"2 minuuttia"},"schema":{"@context":"https:\/\/schema.org","@graph":[{"@type":"WebPage","@id":"https:\/\/teknologiateollisuus.fi\/jasenille\/palvelut\/tyosuhdepalvelut\/tyoelama-teknologia-alalla\/tuottavuus-ja-hyvinvointi\/","url":"https:\/\/teknologiateollisuus.fi\/jasenille\/palvelut\/tyosuhdepalvelut\/tyoelama-teknologia-alalla\/tuottavuus-ja-hyvinvointi\/","name":"Tuottavuus ja hyvinvointi - Teknologiateollisuus - J\u00e4senille","isPartOf":{"@id":"https:\/\/teknologiateollisuus.fi\/jasenille\/#website"},"primaryImageOfPage":{"@id":"https:\/\/teknologiateollisuus.fi\/jasenille\/palvelut\/tyosuhdepalvelut\/tyoelama-teknologia-alalla\/tuottavuus-ja-hyvinvointi\/#primaryimage"},"image":{"@id":"https:\/\/teknologiateollisuus.fi\/jasenille\/palvelut\/tyosuhdepalvelut\/tyoelama-teknologia-alalla\/tuottavuus-ja-hyvinvointi\/#primaryimage"},"thumbnailUrl":"https:\/\/teknologiateollisuus.fi\/jasenille\/wp-content\/uploads\/sites\/1\/2024\/01\/Kemppi_piirilevyn-kokoonpanoa.jpg","datePublished":"2025-04-14T12:27:27+00:00","dateModified":"2025-08-07T08:14:09+00:00","breadcrumb":{"@id":"https:\/\/teknologiateollisuus.fi\/jasenille\/palvelut\/tyosuhdepalvelut\/tyoelama-teknologia-alalla\/tuottavuus-ja-hyvinvointi\/#breadcrumb"},"inLanguage":"fi","potentialAction":[{"@type":"ReadAction","target":["https:\/\/teknologiateollisuus.fi\/jasenille\/palvelut\/tyosuhdepalvelut\/tyoelama-teknologia-alalla\/tuottavuus-ja-hyvinvointi\/"]}]},{"@type":"ImageObject","inLanguage":"fi","@id":"https:\/\/teknologiateollisuus.fi\/jasenille\/palvelut\/tyosuhdepalvelut\/tyoelama-teknologia-alalla\/tuottavuus-ja-hyvinvointi\/#primaryimage","url":"https:\/\/teknologiateollisuus.fi\/jasenille\/wp-content\/uploads\/sites\/1\/2024\/01\/Kemppi_piirilevyn-kokoonpanoa.jpg","contentUrl":"https:\/\/teknologiateollisuus.fi\/jasenille\/wp-content\/uploads\/sites\/1\/2024\/01\/Kemppi_piirilevyn-kokoonpanoa.jpg","width":1920,"height":1281,"caption":"Hitsausalan ratkaisuja valmistava Kemppi Oy on Teknologiateollisuus ry:n j\u00e4senyritys. Kuva: Liisa Takala"},{"@type":"BreadcrumbList","@id":"https:\/\/teknologiateollisuus.fi\/jasenille\/palvelut\/tyosuhdepalvelut\/tyoelama-teknologia-alalla\/tuottavuus-ja-hyvinvointi\/#breadcrumb","itemListElement":[{"@type":"ListItem","position":1,"name":"Home","item":"https:\/\/teknologiateollisuus.fi\/jasenille\/"},{"@type":"ListItem","position":2,"name":"Palvelut","item":"https:\/\/teknologiateollisuus.fi\/jasenille\/palvelut\/"},{"@type":"ListItem","position":3,"name":"Ty\u00f6suhdepalvelut","item":"https:\/\/teknologiateollisuus.fi\/jasenille\/palvelut\/tyosuhdepalvelut\/"},{"@type":"ListItem","position":4,"name":"Ty\u00f6el\u00e4m\u00e4","item":"https:\/\/teknologiateollisuus.fi\/jasenille\/palvelut\/tyosuhdepalvelut\/tyoelama-teknologia-alalla\/"},{"@type":"ListItem","position":5,"name":"Tuottavuus ja hyvinvointi"}]},{"@type":"WebSite","@id":"https:\/\/teknologiateollisuus.fi\/jasenille\/#website","url":"https:\/\/teknologiateollisuus.fi\/jasenille\/","name":"Teknologiateollisuus - J\u00e4senille","description":"","publisher":{"@id":"https:\/\/teknologiateollisuus.fi\/jasenille\/#organization"},"potentialAction":[{"@type":"SearchAction","target":{"@type":"EntryPoint","urlTemplate":"https:\/\/teknologiateollisuus.fi\/jasenille\/?s={search_term_string}"},"query-input":{"@type":"PropertyValueSpecification","valueRequired":true,"valueName":"search_term_string"}}],"inLanguage":"fi"},{"@type":"Organization","@id":"https:\/\/teknologiateollisuus.fi\/jasenille\/#organization","name":"Teknologiateollisuus - J\u00e4senille","url":"https:\/\/teknologiateollisuus.fi\/jasenille\/","logo":{"@type":"ImageObject","inLanguage":"fi","@id":"https:\/\/teknologiateollisuus.fi\/jasenille\/#\/schema\/logo\/image\/","url":"https:\/\/teknologiateollisuus.fi\/jasenille\/wp-content\/uploads\/sites\/1\/2023\/10\/placeholder.png","contentUrl":"https:\/\/teknologiateollisuus.fi\/jasenille\/wp-content\/uploads\/sites\/1\/2023\/10\/placeholder.png","width":2560,"height":1920,"caption":"Teknologiateollisuus - J\u00e4senille"},"image":{"@id":"https:\/\/teknologiateollisuus.fi\/jasenille\/#\/schema\/logo\/image\/"}}]}},"lang":"fi","translations":{"fi":25387},"pll_sync_post":[],"_links":{"self":[{"href":"https:\/\/teknologiateollisuus.fi\/jasenille\/wp-json\/wp\/v2\/pages\/25387","targetHints":{"allow":["GET"]}}],"collection":[{"href":"https:\/\/teknologiateollisuus.fi\/jasenille\/wp-json\/wp\/v2\/pages"}],"about":[{"href":"https:\/\/teknologiateollisuus.fi\/jasenille\/wp-json\/wp\/v2\/types\/page"}],"author":[{"embeddable":true,"href":"https:\/\/teknologiateollisuus.fi\/jasenille\/wp-json\/wp\/v2\/users\/46"}],"replies":[{"embeddable":true,"href":"https:\/\/teknologiateollisuus.fi\/jasenille\/wp-json\/wp\/v2\/comments?post=25387"}],"version-history":[{"count":9,"href":"https:\/\/teknologiateollisuus.fi\/jasenille\/wp-json\/wp\/v2\/pages\/25387\/revisions"}],"predecessor-version":[{"id":27410,"href":"https:\/\/teknologiateollisuus.fi\/jasenille\/wp-json\/wp\/v2\/pages\/25387\/revisions\/27410"}],"up":[{"embeddable":true,"href":"https:\/\/teknologiateollisuus.fi\/jasenille\/wp-json\/wp\/v2\/pages\/1636"}],"wp:featuredmedia":[{"embeddable":true,"href":"https:\/\/teknologiateollisuus.fi\/jasenille\/wp-json\/wp\/v2\/media\/3301"}],"wp:attachment":[{"href":"https:\/\/teknologiateollisuus.fi\/jasenille\/wp-json\/wp\/v2\/media?parent=25387"}],"curies":[{"name":"wp","href":"https:\/\/api.w.org\/{rel}","templated":true}]}}