{"id":25985,"date":"2025-05-28T09:12:43","date_gmt":"2025-05-28T06:12:43","guid":{"rendered":"https:\/\/teknologiateollisuus.fi\/jasenille\/?page_id=25985"},"modified":"2026-02-17T15:07:01","modified_gmt":"2026-02-17T13:07:01","slug":"mytech-ai-lahettilaat","status":"publish","type":"page","link":"https:\/\/teknologiateollisuus.fi\/jasenille\/palvelut\/vetovoima-mytech\/mytech-ai-lahettilaat\/","title":{"rendered":"MyTech AI-l\u00e4hettil\u00e4\u00e4t"},"content":{"rendered":"\n<div class=\"em-block-hero hero-has-background-color has-background has-black-background-color collapse  \">\n\t<div class=\"em-block-hero__container\">\n\t\t<div class=\"em-block-hero__content\">\n\t\t\t<div class=\"yoast-breadcrumbs\"><span><span><a href=\"https:\/\/teknologiateollisuus.fi\/jasenille\/\">Home<\/a><\/span> <span class=\"separator\"><\/span> <span><a href=\"https:\/\/teknologiateollisuus.fi\/jasenille\/palvelut\/\">Palvelut<\/a><\/span> <span class=\"separator\"><\/span> <span><a href=\"https:\/\/teknologiateollisuus.fi\/jasenille\/palvelut\/vetovoima-mytech\/\">Vetovoima \u2013 MyTech \u00ae<\/a><\/span> <span class=\"separator\"><\/span> <span class=\"breadcrumb_last\" aria-current=\"page\">MyTech AI-l\u00e4hettil\u00e4\u00e4t<\/span><\/span><\/div>\t\t\t\n<h1 class=\"wp-block-heading\" id=\"h-mytech-ai-lahettilaat\">MyTech AI-l\u00e4hettil\u00e4\u00e4t<\/h1>\n\n<p>Kahden kes\u00e4ty\u00f6viikon aikana MyTech AI-l\u00e4hettil\u00e4\u00e4t p\u00e4\u00e4siv\u00e4t tutustumaan ty\u00f6el\u00e4m\u00e4\u00e4n ja oppimaan teko\u00e4lyst\u00e4.<\/p>\n\t\t\t<div class=\"em-block-hero__modified-date\"> P\u00e4ivitetty 17.02.2026 klo 15:07<\/div>\t\t<\/div>\n\t\t\t\t\t<figure class=\"em-block-hero__image\">\n\t\t\t\t\t\t\t<\/figure>\n\t\t\t<\/div>\n<\/div>\n\n\n\n<p>Teknologiateollisuus tarjosi kes\u00e4ll\u00e4 2025 toista kertaa mahdollisuuden 80:lle nuorelle tutustua ty\u00f6el\u00e4m\u00e4\u00e4n ja oppia lis\u00e4\u00e4 teko\u00e4lyst\u00e4. Kahden viikon aikana nuoret p\u00e4\u00e4siv\u00e4t tutustumaan nelj\u00e4\u00e4n IT-alan yritykseen, opiskelemaan ensimm\u00e4iset korkeakouluopintonsa teko\u00e4lyst\u00e4 sek\u00e4 jakamaan teko\u00e4lyoppejaan eteenp\u00e4in.<br><br>Projektissa mukana olivat Microsoft, Nokia, WithSecure, CSC Tieteen tietotekniikan keskus, Helsingin ja Espoon kaupungit sek\u00e4 Kirkkonummen kunta.<\/p>\n\n\n\n<div class=\"wp-block-evermade-links em-block-links has-columns-1\">\n<a\n\tclass=\"wp-block-evermade-external-link em-block-link is-external   has-subtitle\"\n\thref=\"https:\/\/teknologiateollisuus.fi\/tekoalytietoa-ja-kesatyokokemuksia-nuorille-teknologiateollisuuden-kesatyoprojektissa-60-nuorta-osallistujaa\/\"\n\taria-label=\"Avaa uudessa v\u00e4lilehdess\u00e4\"\n\ttarget=\"_blank\"\n\trel=\"noopener noreferrer\"\n>\n\t<div class=\"em-block-link__content\">\n\t\t<span class=\"em-block-link__title\">\n\t\t\tTeko\u00e4lytietoa ja kes\u00e4ty\u00f6kokemuksia nuorille\t\t<\/span>\n\t\t\t\t\t<span class=\"em-block-link__subtitle\">\n\t\t\t\tTeknologiateollisuuden kes\u00e4ty\u00f6projektissa 60 nuorta osallistujaa\t\t\t<\/span>\n\t\t\t<\/div>\n\t<div class=\"em-block-link__arrow\"><\/div>\n\t<div class=\"em-block-link__pressable\"><\/div>\n<\/a>\n<\/div>\n\n\n\n<div class=\"wp-block-buttons is-layout-flex wp-block-buttons-is-layout-flex\">\n<div class=\"wp-block-button icon-right is-style-outline is-style-outline--2\"><a class=\"wp-block-button__link wp-element-button\" href=\"https:\/\/mytech.fi\/\" target=\"_blank\" rel=\"noreferrer noopener\">Katso my\u00f6s MyTech.fi<\/a><\/div>\n<\/div>\n\n\n\n<div class=\"wp-block-scb-columns scb-columns  has-mobile-behavior--stacked has-auto-fit em-pattern-event-contacts\">\n<div class=\"wp-block-scb-column scb-column is-scale-cover\">\n<h2 class=\"wp-block-heading\" id=\"h-lisatiedot\" id=\"lisatiedot\">Lis\u00e4tiedot:<\/h2>\n\n\n\n<article class=\"em-block-contact-card is-style-list\">\n\n\t<div class=\"em-block-contact-card__image\">\n\t\t\t\t\t<img loading=\"lazy\" decoding=\"async\" width=\"300\" height=\"400\" src=\"https:\/\/teknologiateollisuus.fi\/jasenille\/wp-content\/uploads\/2024\/05\/phpqmquup.png\" class=\"attachment-portrait size-portrait\" alt=\"\" \/>\t\t\t<\/div>\n\t<div class=\"em-block-contact-card__content-wrapper\">\n\t\t<div class=\"em-block-contact-card__content\">\n\t\t\t\t\t\t\t<div class=\"em-block-contact-card__business-units\">\n\t\t\t\t\t\t\t\t\t\t\t<span class=\"em-block-contact-card__business-unit\">Uudet teknologiat ja osaaminen<\/span>\n\t\t\t\t\t\t\t\t\t<\/div>\n\t\t\t\t\t\t<h3 class=\"em-block-contact-card__title\"><a target=\"_self\" href=\"https:\/\/teknologiateollisuus.fi\/?p=1025\">Taipalkoski Jenni<\/a><\/h3>\n\t\t\t\t\t\t\t<span class=\"em-block-contact-card__job_title\">Asiantuntija &#8211; Osaava ty\u00f6voima<\/span>\n\t\t\t\t\t\t\t\t\t\t<span class=\"em-block-contact-card__organisation\">Teknologiateollisuus ry<\/span>\n\t\t\t\t\t<\/div>\n\t\t<div class=\"em-block-contact-card__content\">\n\t\t\t\t\t\t<address class=\"em-block-contact-card__contact-details\">\n\t\t\t\t\t\t\t\t\t<span class=\"em-block-contact-card__phone\">\n\t\t\t\t\t\t<a href=\"tel:+358 400797405\">+358 400797405<\/a><\/a>\n\t\t\t\t\t<\/span>\n\t\t\t\t\t\t\t\t\t\t\t\t\t<span class=\"em-block-contact-card__email\">\n\t\t\t\t\t\t<a href=\"mailto:jenni.taipalkoski@teknologiateollisuus.fi\">jenni.taipalkoski@teknologiateollisuus.fi<\/a><\/a>\n\t\t\t\t\t<\/span>\n\t\t\t\t\t\t\t<\/address>\n\t\t\t\t\t<\/div>\n\t<\/div>\n\n<\/article>\n<\/div>\n<\/div>\n","protected":false},"excerpt":{"rendered":"<p>Teknologiateollisuus tarjosi kes\u00e4ll\u00e4 2025 toista kertaa mahdollisuuden 80:lle nuorelle tutustua ty\u00f6el\u00e4m\u00e4\u00e4n ja oppia lis\u00e4\u00e4 teko\u00e4lyst\u00e4. Kahden viikon aikana nuoret p\u00e4\u00e4siv\u00e4t tutustumaan nelj\u00e4\u00e4n IT-alan yritykseen, opiskelemaan ensimm\u00e4iset korkeakouluopintonsa teko\u00e4lyst\u00e4 sek\u00e4 jakamaan teko\u00e4lyoppejaan eteenp\u00e4in. Projektissa mukana olivat Microsoft, Nokia, WithSecure, CSC Tieteen tietotekniikan keskus, Helsingin ja Espoon kaupungit sek\u00e4 Kirkkonummen kunta.<\/p>\n","protected":false},"author":44,"featured_media":0,"parent":1146,"menu_order":2,"comment_status":"closed","ping_status":"closed","template":"","meta":{"_acf_changed":false,"_relevanssi_hide_post":"","_relevanssi_hide_content":"","_relevanssi_pin_for_all":"","_relevanssi_pin_keywords":"","_relevanssi_unpin_keywords":"","_relevanssi_related_keywords":"","_relevanssi_related_include_ids":"","_relevanssi_related_exclude_ids":"","_relevanssi_related_no_append":"","_relevanssi_related_not_related":"","_relevanssi_related_posts":"167,169,1417,168,165,166","_relevanssi_noindex_reason":"","inline_featured_image":false,"growthstack-ab-test":[],"growthstack-ab-test-views":[],"footnotes":""},"class_list":["post-25985","page","type-page","status-publish","hentry"],"acf":{"is_store_related":false,"locked":false},"yoast_head":"<!-- This site is optimized with the Yoast SEO Premium plugin v27.1 (Yoast SEO v27.4) - https:\/\/yoast.com\/product\/yoast-seo-premium-wordpress\/ -->\n<title>MyTech AI-l\u00e4hettil\u00e4\u00e4t - Teknologiateollisuus - J\u00e4senille<\/title>\n<meta name=\"description\" content=\"Teknologiateollisuuden MyTech-br\u00e4ndi yhdist\u00e4\u00e4 teknologia-alan yritykset ja nuoret tulevaisuuden osaajat. Lue lis\u00e4\u00e4 alan vetovoimasta!\" \/>\n<meta name=\"robots\" content=\"index, follow, max-snippet:-1, max-image-preview:large, max-video-preview:-1\" \/>\n<link rel=\"canonical\" href=\"https:\/\/teknologiateollisuus.fi\/jasenille\/palvelut\/vetovoima-mytech\/mytech-ai-lahettilaat\/\" \/>\n<meta property=\"og:locale\" content=\"fi_FI\" \/>\n<meta property=\"og:type\" content=\"article\" \/>\n<meta property=\"og:title\" content=\"MyTech AI-l\u00e4hettil\u00e4\u00e4t\" \/>\n<meta property=\"og:description\" content=\"Teknologiateollisuuden MyTech-br\u00e4ndi yhdist\u00e4\u00e4 teknologia-alan yritykset ja nuoret tulevaisuuden osaajat. Lue lis\u00e4\u00e4 alan vetovoimasta!\" \/>\n<meta property=\"og:url\" content=\"https:\/\/teknologiateollisuus.fi\/jasenille\/palvelut\/vetovoima-mytech\/mytech-ai-lahettilaat\/\" \/>\n<meta property=\"og:site_name\" content=\"Teknologiateollisuus - J\u00e4senille\" \/>\n<meta property=\"article:modified_time\" content=\"2026-02-17T13:07:01+00:00\" \/>\n<meta name=\"twitter:card\" content=\"summary_large_image\" \/>\n<meta name=\"twitter:label1\" content=\"Arvioitu lukuaika\" \/>\n\t<meta name=\"twitter:data1\" content=\"1 minuutti\" \/>\n<script type=\"application\/ld+json\" class=\"yoast-schema-graph\">{\"@context\":\"https:\\\/\\\/schema.org\",\"@graph\":[{\"@type\":\"WebPage\",\"@id\":\"https:\\\/\\\/teknologiateollisuus.fi\\\/jasenille\\\/palvelut\\\/vetovoima-mytech\\\/mytech-ai-lahettilaat\\\/\",\"url\":\"https:\\\/\\\/teknologiateollisuus.fi\\\/jasenille\\\/palvelut\\\/vetovoima-mytech\\\/mytech-ai-lahettilaat\\\/\",\"name\":\"MyTech AI-l\u00e4hettil\u00e4\u00e4t - Teknologiateollisuus - J\u00e4senille\",\"isPartOf\":{\"@id\":\"https:\\\/\\\/teknologiateollisuus.fi\\\/jasenille\\\/#website\"},\"datePublished\":\"2025-05-28T06:12:43+00:00\",\"dateModified\":\"2026-02-17T13:07:01+00:00\",\"description\":\"Teknologiateollisuuden MyTech-br\u00e4ndi yhdist\u00e4\u00e4 teknologia-alan yritykset ja nuoret tulevaisuuden osaajat. Lue lis\u00e4\u00e4 alan vetovoimasta!\",\"breadcrumb\":{\"@id\":\"https:\\\/\\\/teknologiateollisuus.fi\\\/jasenille\\\/palvelut\\\/vetovoima-mytech\\\/mytech-ai-lahettilaat\\\/#breadcrumb\"},\"inLanguage\":\"fi\",\"potentialAction\":[{\"@type\":\"ReadAction\",\"target\":[\"https:\\\/\\\/teknologiateollisuus.fi\\\/jasenille\\\/palvelut\\\/vetovoima-mytech\\\/mytech-ai-lahettilaat\\\/\"]}]},{\"@type\":\"BreadcrumbList\",\"@id\":\"https:\\\/\\\/teknologiateollisuus.fi\\\/jasenille\\\/palvelut\\\/vetovoima-mytech\\\/mytech-ai-lahettilaat\\\/#breadcrumb\",\"itemListElement\":[{\"@type\":\"ListItem\",\"position\":1,\"name\":\"Home\",\"item\":\"https:\\\/\\\/teknologiateollisuus.fi\\\/jasenille\\\/\"},{\"@type\":\"ListItem\",\"position\":2,\"name\":\"Palvelut\",\"item\":\"https:\\\/\\\/teknologiateollisuus.fi\\\/jasenille\\\/palvelut\\\/\"},{\"@type\":\"ListItem\",\"position\":3,\"name\":\"Vetovoima \u2013 MyTech \u00ae\",\"item\":\"https:\\\/\\\/teknologiateollisuus.fi\\\/jasenille\\\/palvelut\\\/vetovoima-mytech\\\/\"},{\"@type\":\"ListItem\",\"position\":4,\"name\":\"MyTech AI-l\u00e4hettil\u00e4\u00e4t\"}]},{\"@type\":\"WebSite\",\"@id\":\"https:\\\/\\\/teknologiateollisuus.fi\\\/jasenille\\\/#website\",\"url\":\"https:\\\/\\\/teknologiateollisuus.fi\\\/jasenille\\\/\",\"name\":\"Teknologiateollisuus - J\u00e4senille\",\"description\":\"\",\"publisher\":{\"@id\":\"https:\\\/\\\/teknologiateollisuus.fi\\\/jasenille\\\/#organization\"},\"potentialAction\":[{\"@type\":\"SearchAction\",\"target\":{\"@type\":\"EntryPoint\",\"urlTemplate\":\"https:\\\/\\\/teknologiateollisuus.fi\\\/jasenille\\\/?s={search_term_string}\"},\"query-input\":{\"@type\":\"PropertyValueSpecification\",\"valueRequired\":true,\"valueName\":\"search_term_string\"}}],\"inLanguage\":\"fi\"},{\"@type\":\"Organization\",\"@id\":\"https:\\\/\\\/teknologiateollisuus.fi\\\/jasenille\\\/#organization\",\"name\":\"Teknologiateollisuus - J\u00e4senille\",\"url\":\"https:\\\/\\\/teknologiateollisuus.fi\\\/jasenille\\\/\",\"logo\":{\"@type\":\"ImageObject\",\"inLanguage\":\"fi\",\"@id\":\"https:\\\/\\\/teknologiateollisuus.fi\\\/jasenille\\\/#\\\/schema\\\/logo\\\/image\\\/\",\"url\":\"https:\\\/\\\/teknologiateollisuus.fi\\\/jasenille\\\/wp-content\\\/uploads\\\/sites\\\/1\\\/2023\\\/10\\\/placeholder.png\",\"contentUrl\":\"https:\\\/\\\/teknologiateollisuus.fi\\\/jasenille\\\/wp-content\\\/uploads\\\/sites\\\/1\\\/2023\\\/10\\\/placeholder.png\",\"width\":2560,\"height\":1920,\"caption\":\"Teknologiateollisuus - J\u00e4senille\"},\"image\":{\"@id\":\"https:\\\/\\\/teknologiateollisuus.fi\\\/jasenille\\\/#\\\/schema\\\/logo\\\/image\\\/\"}}]}<\/script>\n<!-- \/ Yoast SEO Premium plugin. -->","yoast_head_json":{"title":"MyTech AI-l\u00e4hettil\u00e4\u00e4t - Teknologiateollisuus - J\u00e4senille","description":"Teknologiateollisuuden MyTech-br\u00e4ndi yhdist\u00e4\u00e4 teknologia-alan yritykset ja nuoret tulevaisuuden osaajat. Lue lis\u00e4\u00e4 alan vetovoimasta!","robots":{"index":"index","follow":"follow","max-snippet":"max-snippet:-1","max-image-preview":"max-image-preview:large","max-video-preview":"max-video-preview:-1"},"canonical":"https:\/\/teknologiateollisuus.fi\/jasenille\/palvelut\/vetovoima-mytech\/mytech-ai-lahettilaat\/","og_locale":"fi_FI","og_type":"article","og_title":"MyTech AI-l\u00e4hettil\u00e4\u00e4t","og_description":"Teknologiateollisuuden MyTech-br\u00e4ndi yhdist\u00e4\u00e4 teknologia-alan yritykset ja nuoret tulevaisuuden osaajat. Lue lis\u00e4\u00e4 alan vetovoimasta!","og_url":"https:\/\/teknologiateollisuus.fi\/jasenille\/palvelut\/vetovoima-mytech\/mytech-ai-lahettilaat\/","og_site_name":"Teknologiateollisuus - J\u00e4senille","article_modified_time":"2026-02-17T13:07:01+00:00","twitter_card":"summary_large_image","twitter_misc":{"Arvioitu lukuaika":"1 minuutti"},"schema":{"@context":"https:\/\/schema.org","@graph":[{"@type":"WebPage","@id":"https:\/\/teknologiateollisuus.fi\/jasenille\/palvelut\/vetovoima-mytech\/mytech-ai-lahettilaat\/","url":"https:\/\/teknologiateollisuus.fi\/jasenille\/palvelut\/vetovoima-mytech\/mytech-ai-lahettilaat\/","name":"MyTech AI-l\u00e4hettil\u00e4\u00e4t - Teknologiateollisuus - J\u00e4senille","isPartOf":{"@id":"https:\/\/teknologiateollisuus.fi\/jasenille\/#website"},"datePublished":"2025-05-28T06:12:43+00:00","dateModified":"2026-02-17T13:07:01+00:00","description":"Teknologiateollisuuden MyTech-br\u00e4ndi yhdist\u00e4\u00e4 teknologia-alan yritykset ja nuoret tulevaisuuden osaajat. Lue lis\u00e4\u00e4 alan vetovoimasta!","breadcrumb":{"@id":"https:\/\/teknologiateollisuus.fi\/jasenille\/palvelut\/vetovoima-mytech\/mytech-ai-lahettilaat\/#breadcrumb"},"inLanguage":"fi","potentialAction":[{"@type":"ReadAction","target":["https:\/\/teknologiateollisuus.fi\/jasenille\/palvelut\/vetovoima-mytech\/mytech-ai-lahettilaat\/"]}]},{"@type":"BreadcrumbList","@id":"https:\/\/teknologiateollisuus.fi\/jasenille\/palvelut\/vetovoima-mytech\/mytech-ai-lahettilaat\/#breadcrumb","itemListElement":[{"@type":"ListItem","position":1,"name":"Home","item":"https:\/\/teknologiateollisuus.fi\/jasenille\/"},{"@type":"ListItem","position":2,"name":"Palvelut","item":"https:\/\/teknologiateollisuus.fi\/jasenille\/palvelut\/"},{"@type":"ListItem","position":3,"name":"Vetovoima \u2013 MyTech \u00ae","item":"https:\/\/teknologiateollisuus.fi\/jasenille\/palvelut\/vetovoima-mytech\/"},{"@type":"ListItem","position":4,"name":"MyTech AI-l\u00e4hettil\u00e4\u00e4t"}]},{"@type":"WebSite","@id":"https:\/\/teknologiateollisuus.fi\/jasenille\/#website","url":"https:\/\/teknologiateollisuus.fi\/jasenille\/","name":"Teknologiateollisuus - J\u00e4senille","description":"","publisher":{"@id":"https:\/\/teknologiateollisuus.fi\/jasenille\/#organization"},"potentialAction":[{"@type":"SearchAction","target":{"@type":"EntryPoint","urlTemplate":"https:\/\/teknologiateollisuus.fi\/jasenille\/?s={search_term_string}"},"query-input":{"@type":"PropertyValueSpecification","valueRequired":true,"valueName":"search_term_string"}}],"inLanguage":"fi"},{"@type":"Organization","@id":"https:\/\/teknologiateollisuus.fi\/jasenille\/#organization","name":"Teknologiateollisuus - J\u00e4senille","url":"https:\/\/teknologiateollisuus.fi\/jasenille\/","logo":{"@type":"ImageObject","inLanguage":"fi","@id":"https:\/\/teknologiateollisuus.fi\/jasenille\/#\/schema\/logo\/image\/","url":"https:\/\/teknologiateollisuus.fi\/jasenille\/wp-content\/uploads\/sites\/1\/2023\/10\/placeholder.png","contentUrl":"https:\/\/teknologiateollisuus.fi\/jasenille\/wp-content\/uploads\/sites\/1\/2023\/10\/placeholder.png","width":2560,"height":1920,"caption":"Teknologiateollisuus - J\u00e4senille"},"image":{"@id":"https:\/\/teknologiateollisuus.fi\/jasenille\/#\/schema\/logo\/image\/"}}]}},"lang":"fi","translations":{"fi":25985},"pll_sync_post":[],"_links":{"self":[{"href":"https:\/\/teknologiateollisuus.fi\/jasenille\/wp-json\/wp\/v2\/pages\/25985","targetHints":{"allow":["GET"]}}],"collection":[{"href":"https:\/\/teknologiateollisuus.fi\/jasenille\/wp-json\/wp\/v2\/pages"}],"about":[{"href":"https:\/\/teknologiateollisuus.fi\/jasenille\/wp-json\/wp\/v2\/types\/page"}],"author":[{"embeddable":true,"href":"https:\/\/teknologiateollisuus.fi\/jasenille\/wp-json\/wp\/v2\/users\/44"}],"replies":[{"embeddable":true,"href":"https:\/\/teknologiateollisuus.fi\/jasenille\/wp-json\/wp\/v2\/comments?post=25985"}],"version-history":[{"count":7,"href":"https:\/\/teknologiateollisuus.fi\/jasenille\/wp-json\/wp\/v2\/pages\/25985\/revisions"}],"predecessor-version":[{"id":29178,"href":"https:\/\/teknologiateollisuus.fi\/jasenille\/wp-json\/wp\/v2\/pages\/25985\/revisions\/29178"}],"up":[{"embeddable":true,"href":"https:\/\/teknologiateollisuus.fi\/jasenille\/wp-json\/wp\/v2\/pages\/1146"}],"wp:attachment":[{"href":"https:\/\/teknologiateollisuus.fi\/jasenille\/wp-json\/wp\/v2\/media?parent=25985"}],"curies":[{"name":"wp","href":"https:\/\/api.w.org\/{rel}","templated":true}]}}