{"id":2663,"date":"2023-12-25T20:11:43","date_gmt":"2023-12-25T18:11:43","guid":{"rendered":"https:\/\/teknologiateollisuus.fi\/jasenille\/?page_id=2663"},"modified":"2025-12-11T10:43:18","modified_gmt":"2025-12-11T08:43:18","slug":"vastuullisuus","status":"publish","type":"page","link":"https:\/\/teknologiateollisuus.fi\/jasenille\/palvelut\/vastuullisen-liiketoiminnan-tuki\/vastuullisuus\/","title":{"rendered":"Ymp\u00e4rist\u00f6 ja vastuullisuus"},"content":{"rendered":"\n<div class=\"em-block-hero hero-has-background-color has-background has-black-background-color collapse  \">\n\t<div class=\"em-block-hero__container\">\n\t\t<div class=\"em-block-hero__content\">\n\t\t\t<div class=\"yoast-breadcrumbs\"><span><span><a href=\"https:\/\/teknologiateollisuus.fi\/jasenille\/\">Home<\/a><\/span> <span class=\"separator\"><\/span> <span><a href=\"https:\/\/teknologiateollisuus.fi\/jasenille\/palvelut\/\">Palvelut<\/a><\/span> <span class=\"separator\"><\/span> <span><a href=\"https:\/\/teknologiateollisuus.fi\/jasenille\/palvelut\/vastuullisen-liiketoiminnan-tuki\/\">Vastuullisen liiketoiminnan tuki<\/a><\/span> <span class=\"separator\"><\/span> <span class=\"breadcrumb_last\" aria-current=\"page\">Ymp\u00e4rist\u00f6 ja vastuullisuus<\/span><\/span><\/div>\t\t\t\n<h1 class=\"wp-block-heading\" id=\"h-ymparisto-ja-vastuullisuus\">Ymp\u00e4rist\u00f6 ja vastuullisuus<\/h1>\n\n<p>Teknologiayritykset luovat kest\u00e4v\u00e4n tulevaisuuden ratkaisuja. Vastuullisuus on alan yrityksille sek\u00e4 menestyv\u00e4n liiketoiminnan perusta ett\u00e4 kilpailuetu. Teknologiateollisuus tarjoaa j\u00e4senilleen kanavan vaikuttaa vastuullisuuden pelis\u00e4\u00e4nt\u00f6jen ja ty\u00f6kalujen kehitt\u00e4miseen sek\u00e4 yhteiseen oppimiseen.<\/p>\n\t\t\t<div class=\"em-block-hero__modified-date\"> P\u00e4ivitetty 11.12.2025 klo 10:43<\/div>\t\t<\/div>\n\t\t\t\t\t<figure class=\"em-block-hero__image\">\n\t\t\t\t\t\t\t<\/figure>\n\t\t\t<\/div>\n<\/div>\n\n\n\n<h2 class=\"wp-block-heading\" id=\"h-mista-yritysten-vastuullisuus-koostuu\" id=\"mista-yritysten-vastuullisuus-koostuu\">Mist\u00e4 yritysten vastuullisuus koostuu?<\/h2>\n\n\n\n<figure class=\"wp-block-image size-large\"><img loading=\"lazy\" decoding=\"async\" width=\"800\" height=\"534\" src=\"https:\/\/teknologiateollisuus.fi\/jasenille\/wp-content\/uploads\/sites\/1\/2023\/12\/money-2696219_1280-800x534.jpg\" alt=\"Kuvituskuva talouden kasvusta, jossa kolikoiden p\u00e4\u00e4ll\u00e4 kasvaa verso\" class=\"wp-image-1529\" srcset=\"https:\/\/teknologiateollisuus.fi\/jasenille\/wp-content\/uploads\/sites\/1\/2023\/12\/money-2696219_1280-800x534.jpg 800w, https:\/\/teknologiateollisuus.fi\/jasenille\/wp-content\/uploads\/sites\/1\/2023\/12\/money-2696219_1280-400x267.jpg 400w, https:\/\/teknologiateollisuus.fi\/jasenille\/wp-content\/uploads\/sites\/1\/2023\/12\/money-2696219_1280-768x512.jpg 768w, https:\/\/teknologiateollisuus.fi\/jasenille\/wp-content\/uploads\/sites\/1\/2023\/12\/money-2696219_1280.jpg 1280w\" sizes=\"auto, (max-width: 800px) 100vw, 800px\" \/><\/figure>\n\n\n\n<h3 class=\"wp-block-heading\" id=\"h-taloudellinen-vastuu\" id=\"taloudellinen-vastuu\">Taloudellinen vastuu<\/h3>\n\n\n\n<p>Yritysten taloudellinen tuotto omistajilleen on luonnollinen osa yritysten taloudellista vastuuta, sill\u00e4 vain se varmistaa toiminnan jatkuvuuden.&nbsp;<\/p>\n\n\n\n<ul class=\"wp-block-list  mt-xs\">\n<li>Yritykset tarjoavat kest\u00e4vi\u00e4 ratkaisuja ihmisten, yhteiskunnan ja ymp\u00e4rist\u00f6n tarpeisiin sek\u00e4 luovat yhteiskunnallista vaurautta ja taloudellista arvoa.<\/li>\n\n\n\n<li>Yritysten toiminta ja investoinnit luovat vakaan pohjan hyvinvointiyhteiskunnalle.<\/li>\n\n\n\n<li>Toimialan taloudelliset vaikutukset kerrytt\u00e4v\u00e4t verovaroja, luovat ty\u00f6paikkoja ja lis\u00e4\u00e4v\u00e4t investointeja kertautuen edelleen muille toimialoille ja kansantalouteen.<\/li>\n<\/ul>\n\n\n\n<figure class=\"wp-block-image size-large\"><img loading=\"lazy\" decoding=\"async\" width=\"800\" height=\"513\" src=\"https:\/\/teknologiateollisuus.fi\/jasenille\/wp-content\/uploads\/sites\/1\/2024\/01\/Biodiversiteetti-800x513.jpg\" alt=\"K\u00e4si pitelee maisemaa heijastavaa lasipalloa, kuvituskuva.\" class=\"wp-image-3357\" srcset=\"https:\/\/teknologiateollisuus.fi\/jasenille\/wp-content\/uploads\/sites\/1\/2024\/01\/Biodiversiteetti-800x513.jpg 800w, https:\/\/teknologiateollisuus.fi\/jasenille\/wp-content\/uploads\/sites\/1\/2024\/01\/Biodiversiteetti-400x256.jpg 400w, https:\/\/teknologiateollisuus.fi\/jasenille\/wp-content\/uploads\/sites\/1\/2024\/01\/Biodiversiteetti-768x492.jpg 768w, https:\/\/teknologiateollisuus.fi\/jasenille\/wp-content\/uploads\/sites\/1\/2024\/01\/Biodiversiteetti-1536x985.jpg 1536w, https:\/\/teknologiateollisuus.fi\/jasenille\/wp-content\/uploads\/sites\/1\/2024\/01\/Biodiversiteetti-1300x833.jpg 1300w, https:\/\/teknologiateollisuus.fi\/jasenille\/wp-content\/uploads\/sites\/1\/2024\/01\/Biodiversiteetti-1440x923.jpg 1440w, https:\/\/teknologiateollisuus.fi\/jasenille\/wp-content\/uploads\/sites\/1\/2024\/01\/Biodiversiteetti.jpg 1920w\" sizes=\"auto, (max-width: 800px) 100vw, 800px\" \/><\/figure>\n\n\n\n<h3 class=\"wp-block-heading\" id=\"h-ymparistovastuu\" id=\"ymparistovastuu\">Ymp\u00e4rist\u00f6vastuu<\/h3>\n\n\n\n<p>Teknologiateollisuuden yritykset tunnistavat oman toimintansa vaikutukset ilmastoon, luonnon monimuotoisuuteen sek\u00e4 ymp\u00e4rist\u00f6\u00f6n.<\/p>\n\n\n\n<p>Ymp\u00e4rist\u00f6vastuu sis\u00e4lt\u00e4\u00e4 pyrkimyksen:<\/p>\n\n\n\n<ul class=\"wp-block-list  mt-xs\">\n<li>v\u00e4hent\u00e4\u00e4 ymp\u00e4rist\u00f6vaikutuksia<\/li>\n\n\n\n<li>minimoida j\u00e4tett\u00e4<\/li>\n\n\n\n<li>s\u00e4\u00e4st\u00e4\u00e4 luonnonvaroja<\/li>\n\n\n\n<li>noudattaa ymp\u00e4rist\u00f6lakeja ja -standardeja<\/li>\n\n\n\n<li>edist\u00e4\u00e4 kest\u00e4v\u00e4\u00e4 kehityst\u00e4<\/li>\n<\/ul>\n\n\n\n<figure class=\"wp-block-image size-large\"><img loading=\"lazy\" decoding=\"async\" width=\"800\" height=\"533\" src=\"https:\/\/teknologiateollisuus.fi\/jasenille\/wp-content\/uploads\/sites\/1\/2024\/06\/Palaveri-poydan-aaressa-edited-800x533.jpg\" alt=\"Ihmisi\u00e4 suunnittelup\u00f6yd\u00e4n \u00e4\u00e4ress\u00e4, kuvituskuva.\" class=\"wp-image-7352\" srcset=\"https:\/\/teknologiateollisuus.fi\/jasenille\/wp-content\/uploads\/sites\/1\/2024\/06\/Palaveri-poydan-aaressa-edited-800x533.jpg 800w, https:\/\/teknologiateollisuus.fi\/jasenille\/wp-content\/uploads\/sites\/1\/2024\/06\/Palaveri-poydan-aaressa-edited-400x267.jpg 400w, https:\/\/teknologiateollisuus.fi\/jasenille\/wp-content\/uploads\/sites\/1\/2024\/06\/Palaveri-poydan-aaressa-edited-768x512.jpg 768w, https:\/\/teknologiateollisuus.fi\/jasenille\/wp-content\/uploads\/sites\/1\/2024\/06\/Palaveri-poydan-aaressa-edited-1536x1024.jpg 1536w, https:\/\/teknologiateollisuus.fi\/jasenille\/wp-content\/uploads\/sites\/1\/2024\/06\/Palaveri-poydan-aaressa-edited-1300x866.jpg 1300w, https:\/\/teknologiateollisuus.fi\/jasenille\/wp-content\/uploads\/sites\/1\/2024\/06\/Palaveri-poydan-aaressa-edited-1440x960.jpg 1440w, https:\/\/teknologiateollisuus.fi\/jasenille\/wp-content\/uploads\/sites\/1\/2024\/06\/Palaveri-poydan-aaressa-edited.jpg 1622w\" sizes=\"auto, (max-width: 800px) 100vw, 800px\" \/><\/figure>\n\n\n\n<h3 class=\"wp-block-heading\" id=\"h-sosiaalinen-vastuu\" id=\"sosiaalinen-vastuu\">Sosiaalinen vastuu<\/h3>\n\n\n\n<p>Sosiaalinen vastuu viittaa yrityksen sitoutumiseen edist\u00e4\u00e4 positiivisia vaikutuksia yhteiskunnassa ja yhteis\u00f6iss\u00e4, joissa se toimii. Sosiaalinen vastuu kattaa laajan kirjon toimia, joilla pyrit\u00e4\u00e4n ottamaan huomioon sidosryhmien, kuten ty\u00f6ntekij\u00f6iden, asiakkaiden ja yhteiskunnan tarpeet ja odotukset.<\/p>\n\n\n\n<ul class=\"wp-block-list  mt-xs\">\n<li>Toiminta perustuu luottamukseen ja avoimeen vuorovaikutukseen.<\/li>\n\n\n\n<li>Noudatetaan aloitteellista ja reilua henkil\u00f6st\u00f6politiikkaa.<\/li>\n\n\n\n<li>Huomioidaan ihmisoikeudet l\u00e4pin\u00e4kyv\u00e4sti omassa toiminnassa ja arvoketjussa.<\/li>\n\n\n\n<li>Hy\u00f6dynnet\u00e4\u00e4n monipuolisesti eri <strong><a href=\"https:\/\/teknologiateollisuus.fi\/jasenille\/tietopankki\/tyoehdot\/\">ty\u00f6ehtomalleja<\/a><\/strong> ja sopimisen tapoja paikallisten ty\u00f6ehtojen kehitt\u00e4miseksi.<\/li>\n<\/ul>\n\n\n\n<div class=\"wp-block-group is-style-tight has-light-gray-background-color has-background is-layout-constrained wp-block-group-is-layout-constrained\">\n<p class=\"is-style-pre-headline\">yritystarinat<\/p>\n\n\n\n<h2 class=\"wp-block-heading\" id=\"h-tutustu-teknologiayritysten-vastuullisuustyohon\" id=\"tutustu-teknologiayritysten-vastuullisuustyohon\">Tutustu teknologiayritysten vastuullisuusty\u00f6h\u00f6n<\/h2>\n\n\n\n<p>Vastuullisuustoimilla voidaan saavuttaa merkitt\u00e4vi\u00e4 taloudellisia tuloksia ja kilpailuetuja. Tutustu muiden yritysten tekem\u00e4\u00e4n ty\u00f6h\u00f6n vastuullisuuden edist\u00e4miseksi.<\/p>\n\n\n\n<div class=\"wp-block-buttons is-layout-flex wp-block-buttons-is-layout-flex\">\n<div class=\"wp-block-button  icon-right\"><a class=\"wp-block-button__link wp-element-button\" href=\"https:\/\/teknologiateollisuus.fi\/ajankohtaista\/?categories=1\">Kaikki yritystarinat<\/a><\/div>\n<\/div>\n<\/div>\n\n\n\n<figure class=\"wp-block-image size-large\"><img loading=\"lazy\" decoding=\"async\" width=\"800\" height=\"450\" src=\"https:\/\/teknologiateollisuus.fi\/jasenille\/wp-content\/uploads\/sites\/1\/2023\/12\/Vastuullisuus-twitter-6-800x450.png\" alt=\"Teknologiayrityset ovat sit\u00e4 mielt\u00e4, ett\u00e4 vastuullisuus on menestyv\u00e4n liiketoiminnan elinehto, infograafi.\" class=\"wp-image-2688\" srcset=\"https:\/\/teknologiateollisuus.fi\/jasenille\/wp-content\/uploads\/sites\/1\/2023\/12\/Vastuullisuus-twitter-6-800x450.png 800w, https:\/\/teknologiateollisuus.fi\/jasenille\/wp-content\/uploads\/sites\/1\/2023\/12\/Vastuullisuus-twitter-6-400x225.png 400w, https:\/\/teknologiateollisuus.fi\/jasenille\/wp-content\/uploads\/sites\/1\/2023\/12\/Vastuullisuus-twitter-6-768x432.png 768w, https:\/\/teknologiateollisuus.fi\/jasenille\/wp-content\/uploads\/sites\/1\/2023\/12\/Vastuullisuus-twitter-6.png 1200w\" sizes=\"auto, (max-width: 800px) 100vw, 800px\" \/><\/figure>\n\n\n\n<h2 class=\"wp-block-heading\" id=\"h-vastuullisuuslinjauksemme\" id=\"vastuullisuuslinjauksemme\">Vastuullisuuslinjauksemme<\/h2>\n\n\n\n<p>Teknologiateollisuus kannustaa yrityksi\u00e4 asettamaan kest\u00e4v\u00e4\u00e4n kehitykseen ja yritysvastuun hallintaan liittyvi\u00e4 tavoitteita sek\u00e4 <a href=\"https:\/\/teknologiateollisuus.fi\/jasenille\/tietopankki\/vastuullisuus\/yritysvastuu\/kestavyysraportointidirektiivi-crsd-tietopaketti-yrityksille-2\/\"><strong>raportoimaan<\/strong><\/a> tehdyist\u00e4 toimenpiteist\u00e4 ja niiden tuloksista avoimesti.<\/p>\n\n\n\n<div class=\"wp-block-buttons is-layout-flex wp-block-buttons-is-layout-flex\">\n<div class=\"wp-block-button  icon-right\"><a class=\"wp-block-button__link wp-element-button\">Tutustu vastuullisuuslinjaukseen<\/a><\/div>\n<\/div>\n\n\n\n<h2 class=\"wp-block-heading has-text-align-left\" id=\"h-kaipaatko-vinkkeja-vastuullisuustyon-kaynnistamiseen-yrityksessanne\" id=\"kaipaatko-vinkkeja-vastuullisuustyon-kaynnistamiseen-yrityksessanne\">Kaipaatko vinkkej\u00e4 vastuullisuusty\u00f6n k\u00e4ynnist\u00e4miseen yrityksess\u00e4nne?<\/h2>\n\n\n\n<p class=\"has-text-align-left\">Tutustu oppaaseemme, joka on suunnattu erityisesti Teknologiateollisuuden pk-yritysten toimitusjohtajille, johtoryhmille, hallituksille, asiantuntijoille sek\u00e4 kaikille niille, jotka haluavat tehd\u00e4 liiketoiminnasta entist\u00e4 vastuullisempaa ja kilpailukykyisemp\u00e4\u00e4.<\/p>\n\n\n\n<p class=\"has-text-align-left  mt-none mb-none\">Opas sis\u00e4lt\u00e4\u00e4 katsauksen vastuullisuuden nykytilasta, tulevaisuuden kehityskuluista sek\u00e4 k\u00e4yt\u00e4nn\u00f6n askelia vastuullisuuden k\u00e4\u00e4nt\u00e4miseksi niin k\u00e4yt\u00e4nn\u00f6n teoiksi kuin tulokseksi viivan alle.<\/p>\n\n\n\n<div class=\"wp-block-evermade-links em-block-links has-columns-1\">\n<div data-wp-interactive=\"core\/file\" class=\"wp-block-file\"><a id=\"wp-block-file--media-14fed266-8804-4b37-aed4-86597eef7f4b\" href=\"https:\/\/teknologiateollisuus.fi\/jasenille\/wp-content\/uploads\/sites\/1\/2024\/07\/kilpailuetua-vastuullisuudesta-opas-2022.pdf\">Kilpailuetua vastuullisuudesta \u2013 opas Teknologiateollisuuden pk-yrityksille<\/a><a href=\"https:\/\/teknologiateollisuus.fi\/jasenille\/wp-content\/uploads\/sites\/1\/2024\/07\/kilpailuetua-vastuullisuudesta-opas-2022.pdf\" class=\"wp-block-file__button wp-element-button\" download aria-describedby=\"wp-block-file--media-14fed266-8804-4b37-aed4-86597eef7f4b\">Lataa<\/a><\/div>\n<\/div>\n","protected":false},"excerpt":{"rendered":"<p>Mist\u00e4 yritysten vastuullisuus koostuu? Taloudellinen vastuu Yritysten taloudellinen tuotto omistajilleen on luonnollinen osa yritysten taloudellista vastuuta, sill\u00e4 vain se varmistaa toiminnan jatkuvuuden.&nbsp; Ymp\u00e4rist\u00f6vastuu Teknologiateollisuuden yritykset tunnistavat oman toimintansa vaikutukset ilmastoon, luonnon monimuotoisuuteen sek\u00e4 ymp\u00e4rist\u00f6\u00f6n. Ymp\u00e4rist\u00f6vastuu sis\u00e4lt\u00e4\u00e4 pyrkimyksen: Sosiaalinen vastuu Sosiaalinen vastuu viittaa yrityksen sitoutumiseen edist\u00e4\u00e4 positiivisia vaikutuksia yhteiskunnassa ja yhteis\u00f6iss\u00e4, joissa se toimii. Sosiaalinen vastuu [&hellip;]<\/p>\n","protected":false},"author":11,"featured_media":0,"parent":7338,"menu_order":4,"comment_status":"closed","ping_status":"closed","template":"","meta":{"_acf_changed":false,"_relevanssi_hide_post":"","_relevanssi_hide_content":"","_relevanssi_pin_for_all":"","_relevanssi_pin_keywords":"","_relevanssi_unpin_keywords":"","_relevanssi_related_keywords":"","_relevanssi_related_include_ids":"","_relevanssi_related_exclude_ids":"","_relevanssi_related_no_append":"","_relevanssi_related_not_related":"","_relevanssi_related_posts":"169,1417,167,165,166,168","_relevanssi_noindex_reason":"","inline_featured_image":false,"growthstack-ab-test":[],"growthstack-ab-test-views":[],"footnotes":""},"class_list":["post-2663","page","type-page","status-publish","hentry"],"acf":{"is_store_related":false,"locked":false},"yoast_head":"<!-- This site is optimized with the Yoast SEO Premium plugin v27.1 (Yoast SEO v27.4) - https:\/\/yoast.com\/product\/yoast-seo-premium-wordpress\/ -->\n<title>Ymp\u00e4rist\u00f6 ja vastuullisuus - Teknologiateollisuus - J\u00e4senille<\/title>\n<meta name=\"description\" content=\"Vastuullisuus on menestyv\u00e4n liiketoiminnan perusta. Klikkaa ja opi, mist\u00e4 teknologiayritysten vastuullisuus koostuu!\" \/>\n<meta name=\"robots\" content=\"index, follow, max-snippet:-1, max-image-preview:large, max-video-preview:-1\" \/>\n<link rel=\"canonical\" href=\"https:\/\/teknologiateollisuus.fi\/jasenille\/palvelut\/vastuullisen-liiketoiminnan-tuki\/vastuullisuus\/\" \/>\n<meta property=\"og:locale\" content=\"fi_FI\" \/>\n<meta property=\"og:type\" content=\"article\" \/>\n<meta property=\"og:title\" content=\"Ymp\u00e4rist\u00f6 ja vastuullisuus\" \/>\n<meta property=\"og:description\" content=\"Vastuullisuus on menestyv\u00e4n liiketoiminnan perusta. Klikkaa ja opi, mist\u00e4 teknologiayritysten vastuullisuus koostuu!\" \/>\n<meta property=\"og:url\" content=\"https:\/\/teknologiateollisuus.fi\/jasenille\/palvelut\/vastuullisen-liiketoiminnan-tuki\/vastuullisuus\/\" \/>\n<meta property=\"og:site_name\" content=\"Teknologiateollisuus - J\u00e4senille\" \/>\n<meta property=\"article:modified_time\" content=\"2025-12-11T08:43:18+00:00\" \/>\n<meta property=\"og:image\" content=\"https:\/\/teknologiateollisuus.fi\/jasenille\/wp-content\/uploads\/sites\/1\/2023\/12\/money-2696219_1280.jpg\" \/>\n\t<meta property=\"og:image:width\" content=\"1280\" \/>\n\t<meta property=\"og:image:height\" content=\"854\" \/>\n\t<meta property=\"og:image:type\" content=\"image\/jpeg\" \/>\n<meta name=\"twitter:card\" content=\"summary_large_image\" \/>\n<meta name=\"twitter:label1\" content=\"Arvioitu lukuaika\" \/>\n\t<meta name=\"twitter:data1\" content=\"3 minuuttia\" \/>\n<script type=\"application\/ld+json\" class=\"yoast-schema-graph\">{\"@context\":\"https:\\\/\\\/schema.org\",\"@graph\":[{\"@type\":\"WebPage\",\"@id\":\"https:\\\/\\\/teknologiateollisuus.fi\\\/jasenille\\\/palvelut\\\/vastuullisen-liiketoiminnan-tuki\\\/vastuullisuus\\\/\",\"url\":\"https:\\\/\\\/teknologiateollisuus.fi\\\/jasenille\\\/palvelut\\\/vastuullisen-liiketoiminnan-tuki\\\/vastuullisuus\\\/\",\"name\":\"Ymp\u00e4rist\u00f6 ja vastuullisuus - Teknologiateollisuus - J\u00e4senille\",\"isPartOf\":{\"@id\":\"https:\\\/\\\/teknologiateollisuus.fi\\\/jasenille\\\/#website\"},\"primaryImageOfPage\":{\"@id\":\"https:\\\/\\\/teknologiateollisuus.fi\\\/jasenille\\\/palvelut\\\/vastuullisen-liiketoiminnan-tuki\\\/vastuullisuus\\\/#primaryimage\"},\"image\":{\"@id\":\"https:\\\/\\\/teknologiateollisuus.fi\\\/jasenille\\\/palvelut\\\/vastuullisen-liiketoiminnan-tuki\\\/vastuullisuus\\\/#primaryimage\"},\"thumbnailUrl\":\"https:\\\/\\\/teknologiateollisuus.fi\\\/jasenille\\\/wp-content\\\/uploads\\\/sites\\\/1\\\/2023\\\/12\\\/money-2696219_1280-800x534.jpg\",\"datePublished\":\"2023-12-25T18:11:43+00:00\",\"dateModified\":\"2025-12-11T08:43:18+00:00\",\"description\":\"Vastuullisuus on menestyv\u00e4n liiketoiminnan perusta. Klikkaa ja opi, mist\u00e4 teknologiayritysten vastuullisuus koostuu!\",\"breadcrumb\":{\"@id\":\"https:\\\/\\\/teknologiateollisuus.fi\\\/jasenille\\\/palvelut\\\/vastuullisen-liiketoiminnan-tuki\\\/vastuullisuus\\\/#breadcrumb\"},\"inLanguage\":\"fi\",\"potentialAction\":[{\"@type\":\"ReadAction\",\"target\":[\"https:\\\/\\\/teknologiateollisuus.fi\\\/jasenille\\\/palvelut\\\/vastuullisen-liiketoiminnan-tuki\\\/vastuullisuus\\\/\"]}]},{\"@type\":\"ImageObject\",\"inLanguage\":\"fi\",\"@id\":\"https:\\\/\\\/teknologiateollisuus.fi\\\/jasenille\\\/palvelut\\\/vastuullisen-liiketoiminnan-tuki\\\/vastuullisuus\\\/#primaryimage\",\"url\":\"https:\\\/\\\/teknologiateollisuus.fi\\\/jasenille\\\/wp-content\\\/uploads\\\/sites\\\/1\\\/2023\\\/12\\\/money-2696219_1280.jpg\",\"contentUrl\":\"https:\\\/\\\/teknologiateollisuus.fi\\\/jasenille\\\/wp-content\\\/uploads\\\/sites\\\/1\\\/2023\\\/12\\\/money-2696219_1280.jpg\",\"width\":1280,\"height\":854,\"caption\":\"Kuvituskuva talouden kasvusta, jossa kolikoiden p\u00e4\u00e4ll\u00e4 kasvaa verso\"},{\"@type\":\"BreadcrumbList\",\"@id\":\"https:\\\/\\\/teknologiateollisuus.fi\\\/jasenille\\\/palvelut\\\/vastuullisen-liiketoiminnan-tuki\\\/vastuullisuus\\\/#breadcrumb\",\"itemListElement\":[{\"@type\":\"ListItem\",\"position\":1,\"name\":\"Home\",\"item\":\"https:\\\/\\\/teknologiateollisuus.fi\\\/jasenille\\\/\"},{\"@type\":\"ListItem\",\"position\":2,\"name\":\"Palvelut\",\"item\":\"https:\\\/\\\/teknologiateollisuus.fi\\\/jasenille\\\/palvelut\\\/\"},{\"@type\":\"ListItem\",\"position\":3,\"name\":\"Vastuullisen liiketoiminnan tuki\",\"item\":\"https:\\\/\\\/teknologiateollisuus.fi\\\/jasenille\\\/palvelut\\\/vastuullisen-liiketoiminnan-tuki\\\/\"},{\"@type\":\"ListItem\",\"position\":4,\"name\":\"Ymp\u00e4rist\u00f6 ja vastuullisuus\"}]},{\"@type\":\"WebSite\",\"@id\":\"https:\\\/\\\/teknologiateollisuus.fi\\\/jasenille\\\/#website\",\"url\":\"https:\\\/\\\/teknologiateollisuus.fi\\\/jasenille\\\/\",\"name\":\"Teknologiateollisuus - J\u00e4senille\",\"description\":\"\",\"publisher\":{\"@id\":\"https:\\\/\\\/teknologiateollisuus.fi\\\/jasenille\\\/#organization\"},\"potentialAction\":[{\"@type\":\"SearchAction\",\"target\":{\"@type\":\"EntryPoint\",\"urlTemplate\":\"https:\\\/\\\/teknologiateollisuus.fi\\\/jasenille\\\/?s={search_term_string}\"},\"query-input\":{\"@type\":\"PropertyValueSpecification\",\"valueRequired\":true,\"valueName\":\"search_term_string\"}}],\"inLanguage\":\"fi\"},{\"@type\":\"Organization\",\"@id\":\"https:\\\/\\\/teknologiateollisuus.fi\\\/jasenille\\\/#organization\",\"name\":\"Teknologiateollisuus - J\u00e4senille\",\"url\":\"https:\\\/\\\/teknologiateollisuus.fi\\\/jasenille\\\/\",\"logo\":{\"@type\":\"ImageObject\",\"inLanguage\":\"fi\",\"@id\":\"https:\\\/\\\/teknologiateollisuus.fi\\\/jasenille\\\/#\\\/schema\\\/logo\\\/image\\\/\",\"url\":\"https:\\\/\\\/teknologiateollisuus.fi\\\/jasenille\\\/wp-content\\\/uploads\\\/sites\\\/1\\\/2023\\\/10\\\/placeholder.png\",\"contentUrl\":\"https:\\\/\\\/teknologiateollisuus.fi\\\/jasenille\\\/wp-content\\\/uploads\\\/sites\\\/1\\\/2023\\\/10\\\/placeholder.png\",\"width\":2560,\"height\":1920,\"caption\":\"Teknologiateollisuus - J\u00e4senille\"},\"image\":{\"@id\":\"https:\\\/\\\/teknologiateollisuus.fi\\\/jasenille\\\/#\\\/schema\\\/logo\\\/image\\\/\"}}]}<\/script>\n<!-- \/ Yoast SEO Premium plugin. -->","yoast_head_json":{"title":"Ymp\u00e4rist\u00f6 ja vastuullisuus - Teknologiateollisuus - J\u00e4senille","description":"Vastuullisuus on menestyv\u00e4n liiketoiminnan perusta. Klikkaa ja opi, mist\u00e4 teknologiayritysten vastuullisuus koostuu!","robots":{"index":"index","follow":"follow","max-snippet":"max-snippet:-1","max-image-preview":"max-image-preview:large","max-video-preview":"max-video-preview:-1"},"canonical":"https:\/\/teknologiateollisuus.fi\/jasenille\/palvelut\/vastuullisen-liiketoiminnan-tuki\/vastuullisuus\/","og_locale":"fi_FI","og_type":"article","og_title":"Ymp\u00e4rist\u00f6 ja vastuullisuus","og_description":"Vastuullisuus on menestyv\u00e4n liiketoiminnan perusta. Klikkaa ja opi, mist\u00e4 teknologiayritysten vastuullisuus koostuu!","og_url":"https:\/\/teknologiateollisuus.fi\/jasenille\/palvelut\/vastuullisen-liiketoiminnan-tuki\/vastuullisuus\/","og_site_name":"Teknologiateollisuus - J\u00e4senille","article_modified_time":"2025-12-11T08:43:18+00:00","og_image":[{"width":1280,"height":854,"url":"https:\/\/teknologiateollisuus.fi\/jasenille\/wp-content\/uploads\/sites\/1\/2023\/12\/money-2696219_1280.jpg","type":"image\/jpeg"}],"twitter_card":"summary_large_image","twitter_misc":{"Arvioitu lukuaika":"3 minuuttia"},"schema":{"@context":"https:\/\/schema.org","@graph":[{"@type":"WebPage","@id":"https:\/\/teknologiateollisuus.fi\/jasenille\/palvelut\/vastuullisen-liiketoiminnan-tuki\/vastuullisuus\/","url":"https:\/\/teknologiateollisuus.fi\/jasenille\/palvelut\/vastuullisen-liiketoiminnan-tuki\/vastuullisuus\/","name":"Ymp\u00e4rist\u00f6 ja vastuullisuus - Teknologiateollisuus - J\u00e4senille","isPartOf":{"@id":"https:\/\/teknologiateollisuus.fi\/jasenille\/#website"},"primaryImageOfPage":{"@id":"https:\/\/teknologiateollisuus.fi\/jasenille\/palvelut\/vastuullisen-liiketoiminnan-tuki\/vastuullisuus\/#primaryimage"},"image":{"@id":"https:\/\/teknologiateollisuus.fi\/jasenille\/palvelut\/vastuullisen-liiketoiminnan-tuki\/vastuullisuus\/#primaryimage"},"thumbnailUrl":"https:\/\/teknologiateollisuus.fi\/jasenille\/wp-content\/uploads\/sites\/1\/2023\/12\/money-2696219_1280-800x534.jpg","datePublished":"2023-12-25T18:11:43+00:00","dateModified":"2025-12-11T08:43:18+00:00","description":"Vastuullisuus on menestyv\u00e4n liiketoiminnan perusta. Klikkaa ja opi, mist\u00e4 teknologiayritysten vastuullisuus koostuu!","breadcrumb":{"@id":"https:\/\/teknologiateollisuus.fi\/jasenille\/palvelut\/vastuullisen-liiketoiminnan-tuki\/vastuullisuus\/#breadcrumb"},"inLanguage":"fi","potentialAction":[{"@type":"ReadAction","target":["https:\/\/teknologiateollisuus.fi\/jasenille\/palvelut\/vastuullisen-liiketoiminnan-tuki\/vastuullisuus\/"]}]},{"@type":"ImageObject","inLanguage":"fi","@id":"https:\/\/teknologiateollisuus.fi\/jasenille\/palvelut\/vastuullisen-liiketoiminnan-tuki\/vastuullisuus\/#primaryimage","url":"https:\/\/teknologiateollisuus.fi\/jasenille\/wp-content\/uploads\/sites\/1\/2023\/12\/money-2696219_1280.jpg","contentUrl":"https:\/\/teknologiateollisuus.fi\/jasenille\/wp-content\/uploads\/sites\/1\/2023\/12\/money-2696219_1280.jpg","width":1280,"height":854,"caption":"Kuvituskuva talouden kasvusta, jossa kolikoiden p\u00e4\u00e4ll\u00e4 kasvaa verso"},{"@type":"BreadcrumbList","@id":"https:\/\/teknologiateollisuus.fi\/jasenille\/palvelut\/vastuullisen-liiketoiminnan-tuki\/vastuullisuus\/#breadcrumb","itemListElement":[{"@type":"ListItem","position":1,"name":"Home","item":"https:\/\/teknologiateollisuus.fi\/jasenille\/"},{"@type":"ListItem","position":2,"name":"Palvelut","item":"https:\/\/teknologiateollisuus.fi\/jasenille\/palvelut\/"},{"@type":"ListItem","position":3,"name":"Vastuullisen liiketoiminnan tuki","item":"https:\/\/teknologiateollisuus.fi\/jasenille\/palvelut\/vastuullisen-liiketoiminnan-tuki\/"},{"@type":"ListItem","position":4,"name":"Ymp\u00e4rist\u00f6 ja vastuullisuus"}]},{"@type":"WebSite","@id":"https:\/\/teknologiateollisuus.fi\/jasenille\/#website","url":"https:\/\/teknologiateollisuus.fi\/jasenille\/","name":"Teknologiateollisuus - J\u00e4senille","description":"","publisher":{"@id":"https:\/\/teknologiateollisuus.fi\/jasenille\/#organization"},"potentialAction":[{"@type":"SearchAction","target":{"@type":"EntryPoint","urlTemplate":"https:\/\/teknologiateollisuus.fi\/jasenille\/?s={search_term_string}"},"query-input":{"@type":"PropertyValueSpecification","valueRequired":true,"valueName":"search_term_string"}}],"inLanguage":"fi"},{"@type":"Organization","@id":"https:\/\/teknologiateollisuus.fi\/jasenille\/#organization","name":"Teknologiateollisuus - J\u00e4senille","url":"https:\/\/teknologiateollisuus.fi\/jasenille\/","logo":{"@type":"ImageObject","inLanguage":"fi","@id":"https:\/\/teknologiateollisuus.fi\/jasenille\/#\/schema\/logo\/image\/","url":"https:\/\/teknologiateollisuus.fi\/jasenille\/wp-content\/uploads\/sites\/1\/2023\/10\/placeholder.png","contentUrl":"https:\/\/teknologiateollisuus.fi\/jasenille\/wp-content\/uploads\/sites\/1\/2023\/10\/placeholder.png","width":2560,"height":1920,"caption":"Teknologiateollisuus - J\u00e4senille"},"image":{"@id":"https:\/\/teknologiateollisuus.fi\/jasenille\/#\/schema\/logo\/image\/"}}]}},"lang":"fi","translations":{"fi":2663},"pll_sync_post":[],"_links":{"self":[{"href":"https:\/\/teknologiateollisuus.fi\/jasenille\/wp-json\/wp\/v2\/pages\/2663","targetHints":{"allow":["GET"]}}],"collection":[{"href":"https:\/\/teknologiateollisuus.fi\/jasenille\/wp-json\/wp\/v2\/pages"}],"about":[{"href":"https:\/\/teknologiateollisuus.fi\/jasenille\/wp-json\/wp\/v2\/types\/page"}],"author":[{"embeddable":true,"href":"https:\/\/teknologiateollisuus.fi\/jasenille\/wp-json\/wp\/v2\/users\/11"}],"replies":[{"embeddable":true,"href":"https:\/\/teknologiateollisuus.fi\/jasenille\/wp-json\/wp\/v2\/comments?post=2663"}],"version-history":[{"count":30,"href":"https:\/\/teknologiateollisuus.fi\/jasenille\/wp-json\/wp\/v2\/pages\/2663\/revisions"}],"predecessor-version":[{"id":28648,"href":"https:\/\/teknologiateollisuus.fi\/jasenille\/wp-json\/wp\/v2\/pages\/2663\/revisions\/28648"}],"up":[{"embeddable":true,"href":"https:\/\/teknologiateollisuus.fi\/jasenille\/wp-json\/wp\/v2\/pages\/7338"}],"wp:attachment":[{"href":"https:\/\/teknologiateollisuus.fi\/jasenille\/wp-json\/wp\/v2\/media?parent=2663"}],"curies":[{"name":"wp","href":"https:\/\/api.w.org\/{rel}","templated":true}]}}