{"id":2956,"date":"2024-01-03T16:24:46","date_gmt":"2024-01-03T14:24:46","guid":{"rendered":"https:\/\/teknologiateollisuus.fi\/jasenille\/?page_id=2956"},"modified":"2026-03-24T08:12:53","modified_gmt":"2026-03-24T06:12:53","slug":"keski-suomi","status":"publish","type":"page","link":"https:\/\/teknologiateollisuus.fi\/jasenille\/tietoa-toiminnasta\/aluetoiminta\/keski-suomi\/","title":{"rendered":"Keski-Suomi"},"content":{"rendered":"\n<div class=\"em-block-hero hero-has-background-color has-background has-black-background-color collapse  \">\n\t<div class=\"em-block-hero__container\">\n\t\t<div class=\"em-block-hero__content\">\n\t\t\t<div class=\"yoast-breadcrumbs\"><span><span><a href=\"https:\/\/teknologiateollisuus.fi\/jasenille\/\">Home<\/a><\/span> <span class=\"separator\"><\/span> <span><a href=\"https:\/\/teknologiateollisuus.fi\/jasenille\/tietoa-toiminnasta\/\">Tietoa toiminnasta<\/a><\/span> <span class=\"separator\"><\/span> <span><a href=\"https:\/\/teknologiateollisuus.fi\/jasenille\/tietoa-toiminnasta\/aluetoiminta\/\">Alueellinen toiminta<\/a><\/span> <span class=\"separator\"><\/span> <span class=\"breadcrumb_last\" aria-current=\"page\">Keski-Suomi<\/span><\/span><\/div>\t\t\t\n<h1 class=\"wp-block-heading\" id=\"h-keski-suomi\">Keski-Suomi<\/h1>\n\t\t\t<div class=\"em-block-hero__modified-date\"> P\u00e4ivitetty 24.03.2026 klo 08:12<\/div>\t\t<\/div>\n\t\t\t\t\t<figure class=\"em-block-hero__image\">\n\t\t\t\t\t\t\t<\/figure>\n\t\t\t<\/div>\n<\/div>\n\n\n\n<h2 class=\"wp-block-heading has-text-align-left\" id=\"h-nostot-alueeltasi\" id=\"nostot-alueeltasi\">Nostot alueeltasi<\/h2>\n\n\n\n<p class=\"has-text-align-left\">Teknologiateollisuus ry:n aluetoiminta tarjoaa yrityskohtaisen avun ja kouluttamisen lis\u00e4ksi avoimia koulutuksia ja tapahtumia.  Alueellinen toimintamme tarjoaa my\u00f6s eri alueiden j\u00e4senyrityksille mahdollisuuden vaikuttaa. Teknologiateollisuus on j\u00e4sentens\u00e4 verkostoitumisen ja yhteisty\u00f6n alusta kaikkialla Suomessa.<\/p>\n\n\n\n<p class=\"is-style-pre-headline mt-sm\">j\u00e4senpalvelut<\/p>\n\n\n\n<h3 class=\"wp-block-heading\" id=\"h-tyosuhdepalvelut\" id=\"tyosuhdepalvelut\">Ty\u00f6suhdepalvelut<\/h3>\n\n\n\n<p>Aluep\u00e4\u00e4llikk\u00f6 auttaa j\u00e4senyrityksi\u00e4 ty\u00f6suhdeasioihin liittyviss\u00e4 kysymyksiss\u00e4 ja kouluttaa ty\u00f6suhdeasioita yrityskohtaisesti ja yleisiss\u00e4 koulutuksissa.<\/p>\n\n\n\n<article class=\"em-block-contact-card is-style-list\">\n\n\t<div class=\"em-block-contact-card__image\">\n\t\t\t\t\t<img loading=\"lazy\" decoding=\"async\" width=\"300\" height=\"400\" src=\"https:\/\/teknologiateollisuus.fi\/jasenille\/wp-content\/uploads\/2024\/05\/phpdx5uqo.png\" class=\"attachment-portrait size-portrait\" alt=\"\" \/>\t\t\t<\/div>\n\t<div class=\"em-block-contact-card__content-wrapper\">\n\t\t<div class=\"em-block-contact-card__content\">\n\t\t\t\t\t\t\t<div class=\"em-block-contact-card__business-units\">\n\t\t\t\t\t\t\t\t\t\t\t<span class=\"em-block-contact-card__business-unit\">Yritt\u00e4jyys ja aluetoiminta<\/span>\n\t\t\t\t\t\t\t\t\t<\/div>\n\t\t\t\t\t\t<h3 class=\"em-block-contact-card__title\"><a target=\"_self\" href=\"https:\/\/teknologiateollisuus.fi\/?p=1043\">Nieminen Jukka<\/a><\/h3>\n\t\t\t\t\t\t\t<span class=\"em-block-contact-card__job_title\">Aluep\u00e4\u00e4llikk\u00f6, Pirkanmaa ja Keski-Suomi &#8211; Aluetoiminta<\/span>\n\t\t\t\t\t\t\t\t\t\t<span class=\"em-block-contact-card__organisation\">Teknologiateollisuus ry<\/span>\n\t\t\t\t\t<\/div>\n\t\t<div class=\"em-block-contact-card__content\">\n\t\t\t\t\t\t<address class=\"em-block-contact-card__contact-details\">\n\t\t\t\t\t\t\t\t\t<span class=\"em-block-contact-card__phone\">\n\t\t\t\t\t\t<a href=\"tel:+358 405493129\">+358 405493129<\/a><\/a>\n\t\t\t\t\t<\/span>\n\t\t\t\t\t\t\t\t\t\t\t\t\t<span class=\"em-block-contact-card__email\">\n\t\t\t\t\t\t<a href=\"mailto:jukka.nieminen@teknologiateollisuus.fi\">jukka.nieminen@teknologiateollisuus.fi<\/a><\/a>\n\t\t\t\t\t<\/span>\n\t\t\t\t\t\t\t<\/address>\n\t\t\t\t\t<\/div>\n\t<\/div>\n\n<\/article>\n\n\n\n<p>Aluep\u00e4\u00e4llik\u00f6n poissaollessa voitte olla yhteydess\u00e4 Teknologiateollisuuden ty\u00f6suhdepalveluihin.<\/p>\n\n\n\n<div class=\"wp-block-buttons is-layout-flex wp-block-buttons-is-layout-flex\">\n<div class=\"wp-block-button  icon-right\"><a class=\"wp-block-button__link wp-element-button\" href=\"https:\/\/teknologiateollisuus.fi\/jasenille\/palvelut\/tyosuhdepalvelut\/\">Ty\u00f6suhdepalvelut<\/a><\/div>\n<\/div>\n\n\n\n<p class=\"is-style-pre-headline\">ajankohtaista j\u00e4senille<\/p>\n\n\n\n<h3 class=\"wp-block-heading\" id=\"h-tapahtumat-koulutukset-ja-alueellinen-viestinta\" id=\"tapahtumat-koulutukset-ja-alueellinen-viestinta\">Tapahtumat, koulutukset ja alueellinen viestint\u00e4<\/h3>\n\n\n\n<p>Teknologiateollisuuden aluetoiminta j\u00e4rjest\u00e4\u00e4 alueellisia koulutuksia ja tapahtumia. Alueellinen viestint\u00e4mme pit\u00e4\u00e4 huolen, ett\u00e4 Teknologiateollisuuden yleisten viestien lis\u00e4ksi my\u00f6s alueesi t\u00e4rke\u00e4t asiat ja tapahtumat tavoittavat sinut. Voit varmistaa alueviestien perilletulon omien tietojesi kautta.<\/p>\n\n\n\n<div class=\"wp-block-buttons is-layout-flex wp-block-buttons-is-layout-flex\">\n<div class=\"wp-block-button  icon-right\"><a class=\"wp-block-button__link wp-element-button\" href=\"https:\/\/teknologiateollisuus.fi\/jasenille\/palvelut\/tapahtumat-ja-koulutukset\/\">Tapahtumat ja koulutukset<\/a><\/div>\n\n\n\n<div class=\"wp-block-button icon-right is-style-outline is-style-outline--2\"><a class=\"wp-block-button__link wp-element-button\" href=\"https:\/\/teknologiateollisuus.fi\/jasenille\/kayttajatili\/omat-tiedot\/\">Hallitse omia tietojasi<\/a><\/div>\n<\/div>\n\n\n\n<p class=\"is-style-pre-headline\">aluetoiminta<\/p>\n\n\n\n<h3 class=\"wp-block-heading\" id=\"h-aluejohtokunta\" id=\"aluejohtokunta\">Aluejohtokunta<\/h3>\n\n\n\n<p>Aluejohtokunta koostuu 10 yrityksen edustajasta. Aluejohtokunnan sihteerin\u00e4 toimii Teknologiateollisuuden aluep\u00e4\u00e4llikk\u00f6.<\/p>\n\n\n\n<p>Alueen yritykset voivat nostaa asioita aluejohtokunnan tietoon aluep\u00e4\u00e4llik\u00f6n kautta.<\/p>\n\n\n\n<div class=\"wp-block-evermade-accordion em-block-accordion js-accordion-group\">\n<div class=\"wp-block-evermade-accordion-item em-block-accordion-item js-accordion-item\"><h6 class=\"em-block-accordion-item__title-wrapper\"><button class=\"em-block-accordion-item__title js-accordion-controller\">Aluejohtokunta<\/button><\/h6><div id=\"accordion-item-content-0\" class=\"em-block-accordion-item__content js-accordion-content\">\n<h4 class=\"wp-block-heading\" id=\"h-puheenjohtaja\" id=\"puheenjohtaja\">Puheenjohtaja<\/h4>\n\n\n\n<p class=\" mt-none\">Toimitusjohtaja Petteri Nokkala, Pematic Oy<\/p>\n\n\n\n<h4 class=\"wp-block-heading\" id=\"h-jasenet\" id=\"jasenet\">J\u00e4senet<\/h4>\n\n\n\n<p class=\" mt-none\">Director, Components Operations Jarno Huikko, Patria Aviation Oy<\/p>\n\n\n\n<p class=\" mt-none\">Toimitusjohtaja Juhani H\u00e4rk\u00f6nen, Saurus Oy<\/p>\n\n\n\n<p class=\" mt-none\">Toimitusjohtaja Tero Kangas, Finnradiator Oy<\/p>\n\n\n\n<p class=\" mt-none\">Director HR Finland and Valtra EME Hanna-Riikka Luhtala, Valtra Oy Ab<\/p>\n\n\n\n<p class=\" mt-none\">HR Manager Margit Pietil\u00e4inen, Componenta Manufacturing Oy<\/p>\n\n\n\n<p class=\" mt-none\">Toimitusjohtaja Ville Rosti, OnSteel Oy<\/p>\n\n\n\n<p class=\" mt-none\">Business Segment Director Tapani Stjernvall, Sitowise Oy<\/p>\n\n\n\n<p class=\" mt-none\">Toimitusjohtaja Jukka Valkonen, Timmi Software Oy<\/p>\n\n\n\n<h4 class=\"wp-block-heading\" id=\"h-sihteeri\" id=\"sihteeri\">Sihteeri<\/h4>\n\n\n\n<article class=\"em-block-contact-card mt-none is-style-list\">\n\n\t<div class=\"em-block-contact-card__image\">\n\t\t\t\t\t<img loading=\"lazy\" decoding=\"async\" width=\"300\" height=\"400\" src=\"https:\/\/teknologiateollisuus.fi\/jasenille\/wp-content\/uploads\/2024\/05\/phpdx5uqo.png\" class=\"attachment-portrait size-portrait\" alt=\"\" \/>\t\t\t<\/div>\n\t<div class=\"em-block-contact-card__content-wrapper\">\n\t\t<div class=\"em-block-contact-card__content\">\n\t\t\t\t\t\t\t<div class=\"em-block-contact-card__business-units\">\n\t\t\t\t\t\t\t\t\t\t\t<span class=\"em-block-contact-card__business-unit\">Yritt\u00e4jyys ja aluetoiminta<\/span>\n\t\t\t\t\t\t\t\t\t<\/div>\n\t\t\t\t\t\t<h3 class=\"em-block-contact-card__title\"><a target=\"_self\" href=\"https:\/\/teknologiateollisuus.fi\/?p=1043\">Nieminen Jukka<\/a><\/h3>\n\t\t\t\t\t\t\t<span class=\"em-block-contact-card__job_title\">Aluep\u00e4\u00e4llikk\u00f6, Pirkanmaa ja Keski-Suomi &#8211; Aluetoiminta<\/span>\n\t\t\t\t\t\t\t\t\t\t<span class=\"em-block-contact-card__organisation\">Teknologiateollisuus ry<\/span>\n\t\t\t\t\t<\/div>\n\t\t<div class=\"em-block-contact-card__content\">\n\t\t\t\t\t\t<address class=\"em-block-contact-card__contact-details\">\n\t\t\t\t\t\t\t\t\t<span class=\"em-block-contact-card__phone\">\n\t\t\t\t\t\t<a href=\"tel:+358 405493129\">+358 405493129<\/a><\/a>\n\t\t\t\t\t<\/span>\n\t\t\t\t\t\t\t\t\t\t\t\t\t<span class=\"em-block-contact-card__email\">\n\t\t\t\t\t\t<a href=\"mailto:jukka.nieminen@teknologiateollisuus.fi\">jukka.nieminen@teknologiateollisuus.fi<\/a><\/a>\n\t\t\t\t\t<\/span>\n\t\t\t\t\t\t\t<\/address>\n\t\t\t\t\t<\/div>\n\t<\/div>\n\n<\/article>\n<\/div><\/div>\n\n\n\n<div class=\"wp-block-evermade-accordion-item em-block-accordion-item js-accordion-item\"><h6 class=\"em-block-accordion-item__title-wrapper\"><button class=\"em-block-accordion-item__title js-accordion-controller\">Aluejohtokunnan kokousp\u00e4iv\u00e4t<\/button><\/h6><div id=\"accordion-item-content-1\" class=\"em-block-accordion-item__content js-accordion-content\">\n<p class=\" mt-none\">23.3.2026<br>22.5.2026<br>21.8.2026<br>21.10.2026<br>11.12.2026<\/p>\n<\/div><\/div>\n<\/div>\n\n\n\n<div class=\"wp-block-group em-pattern-key-figures has-blue-background-color has-background is-layout-constrained wp-block-group-is-layout-constrained\">\n<p class=\"has-text-align-left is-style-pre-headline\">TEKNOLOGIATEOLLISUUS<\/p>\n\n\n\n<h2 class=\"wp-block-heading has-text-align-left\" id=\"h-merkittavin-elinkeino-keski-suomessa\" id=\"merkittavin-elinkeino-keski-suomessa\">Merkitt\u00e4vin elinkeino Keski-Suomessa<\/h2>\n\n\n\n<div class=\"wp-block-scb-columns scb-columns  has-mobile-behavior--stacked has-columns-3 em-pattern-key-figures__stats\">\n<div class=\"wp-block-scb-column scb-column is-scale-cover\">\n<p class=\"is-style-pre-headline\">Liikevaihto<\/p>\n\n\n\n<p class=\"has-text-align-left mb-xs has-h-2-font-size mt-none\">3,3 mrd. \u20ac<\/p>\n\n\n\n<p class=\"has-text-align-left\">Teknologiateollisuus Suomessa 105 mrd. \u20ac<\/p>\n<\/div>\n\n\n\n<div class=\"wp-block-scb-column scb-column is-scale-cover\">\n<p class=\"is-style-pre-headline\">Yritykset<\/p>\n\n\n\n<p class=\"has-text-align-left mb-xs has-h-2-font-size mt-none\">1 350<\/p>\n\n\n\n<p class=\"has-text-align-left\">Teknologiateollisuus Suomessa &gt;30 000<\/p>\n<\/div>\n\n\n\n<div class=\"wp-block-scb-column scb-column is-scale-cover\">\n<p class=\"is-style-pre-headline\">Henkil\u00f6st\u00f6<\/p>\n\n\n\n<p class=\"has-text-align-left mb-xs has-h-2-font-size mt-none\">16 500<\/p>\n\n\n\n<p class=\"has-text-align-left\">Teknologiateollisuus Suomessa &gt;330 000<\/p>\n<\/div>\n<\/div>\n<\/div>\n\n\n\n<div class=\"wp-block-scb-columns scb-columns  has-mobile-behavior--stacked has-auto-fit em-pattern-event-contacts\">\n<div class=\"wp-block-scb-column scb-column is-scale-cover\">\n<h2 class=\"wp-block-heading\" id=\"h-alueella-apunasi\" id=\"alueella-apunasi\">Alueella apunasi<\/h2>\n\n\n\n<article class=\"em-block-contact-card is-style-list\">\n\n\t<div class=\"em-block-contact-card__image\">\n\t\t\t\t\t<img loading=\"lazy\" decoding=\"async\" width=\"300\" height=\"400\" src=\"https:\/\/teknologiateollisuus.fi\/jasenille\/wp-content\/uploads\/2024\/05\/phpdx5uqo.png\" class=\"attachment-portrait size-portrait\" alt=\"\" \/>\t\t\t<\/div>\n\t<div class=\"em-block-contact-card__content-wrapper\">\n\t\t<div class=\"em-block-contact-card__content\">\n\t\t\t\t\t\t\t<div class=\"em-block-contact-card__business-units\">\n\t\t\t\t\t\t\t\t\t\t\t<span class=\"em-block-contact-card__business-unit\">Yritt\u00e4jyys ja aluetoiminta<\/span>\n\t\t\t\t\t\t\t\t\t<\/div>\n\t\t\t\t\t\t<h3 class=\"em-block-contact-card__title\"><a target=\"_self\" href=\"https:\/\/teknologiateollisuus.fi\/?p=1043\">Nieminen Jukka<\/a><\/h3>\n\t\t\t\t\t\t\t<span class=\"em-block-contact-card__job_title\">Aluep\u00e4\u00e4llikk\u00f6, Pirkanmaa ja Keski-Suomi &#8211; Aluetoiminta<\/span>\n\t\t\t\t\t\t\t\t\t\t<span class=\"em-block-contact-card__organisation\">Teknologiateollisuus ry<\/span>\n\t\t\t\t\t<\/div>\n\t\t<div class=\"em-block-contact-card__content\">\n\t\t\t\t\t\t<address class=\"em-block-contact-card__contact-details\">\n\t\t\t\t\t\t\t\t\t<span class=\"em-block-contact-card__phone\">\n\t\t\t\t\t\t<a href=\"tel:+358 405493129\">+358 405493129<\/a><\/a>\n\t\t\t\t\t<\/span>\n\t\t\t\t\t\t\t\t\t\t\t\t\t<span class=\"em-block-contact-card__email\">\n\t\t\t\t\t\t<a href=\"mailto:jukka.nieminen@teknologiateollisuus.fi\">jukka.nieminen@teknologiateollisuus.fi<\/a><\/a>\n\t\t\t\t\t<\/span>\n\t\t\t\t\t\t\t<\/address>\n\t\t\t\t\t<\/div>\n\t<\/div>\n\n<\/article>\n\n\n\n<article class=\"em-block-contact-card is-style-list\">\n\n\t<div class=\"em-block-contact-card__image\">\n\t\t\t\t\t<img loading=\"lazy\" decoding=\"async\" width=\"300\" height=\"400\" src=\"https:\/\/teknologiateollisuus.fi\/jasenille\/wp-content\/uploads\/2024\/05\/phpnueeco.jpg\" class=\"attachment-portrait size-portrait\" alt=\"\" \/>\t\t\t<\/div>\n\t<div class=\"em-block-contact-card__content-wrapper\">\n\t\t<div class=\"em-block-contact-card__content\">\n\t\t\t\t\t\t\t<div class=\"em-block-contact-card__business-units\">\n\t\t\t\t\t\t\t\t\t\t\t<span class=\"em-block-contact-card__business-unit\">Yritt\u00e4jyys ja aluetoiminta<\/span>\n\t\t\t\t\t\t\t\t\t<\/div>\n\t\t\t\t\t\t<h3 class=\"em-block-contact-card__title\"><a target=\"_self\" href=\"https:\/\/teknologiateollisuus.fi\/?p=1049\">Eiranto Leena<\/a><\/h3>\n\t\t\t\t\t\t\t<span class=\"em-block-contact-card__job_title\">Yhteyskoordinaattori &#8211; Aluetoiminta<\/span>\n\t\t\t\t\t\t\t\t\t\t<span class=\"em-block-contact-card__organisation\">Teknologiateollisuus ry<\/span>\n\t\t\t\t\t<\/div>\n\t\t<div class=\"em-block-contact-card__content\">\n\t\t\t\t\t\t<address class=\"em-block-contact-card__contact-details\">\n\t\t\t\t\t\t\t\t\t<span class=\"em-block-contact-card__phone\">\n\t\t\t\t\t\t<a href=\"tel:+358 405591881\">+358 405591881<\/a><\/a>\n\t\t\t\t\t<\/span>\n\t\t\t\t\t\t\t\t\t\t\t\t\t<span class=\"em-block-contact-card__email\">\n\t\t\t\t\t\t<a href=\"mailto:leena.eiranto@teknologiateollisuus.fi\">leena.eiranto@teknologiateollisuus.fi<\/a><\/a>\n\t\t\t\t\t<\/span>\n\t\t\t\t\t\t\t<\/address>\n\t\t\t\t\t<\/div>\n\t<\/div>\n\n<\/article>\n<\/div>\n<\/div>\n\n\n\n<div class=\"wp-block-scb-columns scb-columns  has-mobile-behavior--stacked has-columns-1\">\n<div class=\"wp-block-scb-column scb-column is-scale-cover\">\n<div class=\"wp-block-group em-pattern-office-info is-layout-constrained wp-block-group-is-layout-constrained\">\n<h2 class=\"wp-block-heading\" id=\"h-toimipisteen-tiedot\" id=\"toimipisteen-tiedot\">Toimipisteen tiedot<\/h2>\n\n\n\n<figure class=\"wp-block-table\"><table><tbody><tr><td><strong>K\u00e4yntiosoite<\/strong><\/td><td>Kalevantie 2, 33100 Tampere<\/td><\/tr><tr><td><strong>Puhelinnumero<\/strong><\/td><td><a href=\"tel:0919231\">09&nbsp;19 231<\/a><\/td><\/tr><\/tbody><\/table><\/figure>\n\n\n<div class=\"em-block-maps-embed wp-block-evermade-maps-embed\">\n\t<iframe src=\"https:\/\/maps.google.com\/maps?q=Kalevantie+2%2C+Tampere&amp;z=15&amp;output=embed\" title=\"Kalevantie 2, Tampere\"><\/iframe>\n<\/div>\n<\/div>\n<\/div>\n<\/div>\n","protected":false},"excerpt":{"rendered":"<p>Nostot alueeltasi Teknologiateollisuus ry:n aluetoiminta tarjoaa yrityskohtaisen avun ja kouluttamisen lis\u00e4ksi avoimia koulutuksia ja tapahtumia. Alueellinen toimintamme tarjoaa my\u00f6s eri alueiden j\u00e4senyrityksille mahdollisuuden vaikuttaa. Teknologiateollisuus on j\u00e4sentens\u00e4 verkostoitumisen ja yhteisty\u00f6n alusta kaikkialla Suomessa. j\u00e4senpalvelut Ty\u00f6suhdepalvelut Aluep\u00e4\u00e4llikk\u00f6 auttaa j\u00e4senyrityksi\u00e4 ty\u00f6suhdeasioihin liittyviss\u00e4 kysymyksiss\u00e4 ja kouluttaa ty\u00f6suhdeasioita yrityskohtaisesti ja yleisiss\u00e4 koulutuksissa. Aluep\u00e4\u00e4llik\u00f6n poissaollessa voitte olla yhteydess\u00e4 Teknologiateollisuuden ty\u00f6suhdepalveluihin. [&hellip;]<\/p>\n","protected":false},"author":7,"featured_media":0,"parent":1394,"menu_order":0,"comment_status":"closed","ping_status":"closed","template":"","meta":{"_acf_changed":false,"_relevanssi_hide_post":"","_relevanssi_hide_content":"","_relevanssi_pin_for_all":"","_relevanssi_pin_keywords":"","_relevanssi_unpin_keywords":"","_relevanssi_related_keywords":"","_relevanssi_related_include_ids":"","_relevanssi_related_exclude_ids":"","_relevanssi_related_no_append":"","_relevanssi_related_not_related":"","_relevanssi_related_posts":"165,169,167,1417,168,166","_relevanssi_noindex_reason":"","inline_featured_image":false,"growthstack-ab-test":[],"growthstack-ab-test-views":[],"footnotes":""},"class_list":["post-2956","page","type-page","status-publish","hentry"],"acf":{"is_store_related":false,"locked":false},"yoast_head":"<!-- This site is optimized with the Yoast SEO Premium plugin v27.1 (Yoast SEO v27.4) - https:\/\/yoast.com\/product\/yoast-seo-premium-wordpress\/ -->\n<title>Keski-Suomi - Teknologiateollisuus - J\u00e4senille<\/title>\n<meta name=\"description\" content=\"Teknologiateollisuus ry Keski-Suomi - Aluep\u00e4\u00e4llikk\u00f6 tukee mm. ty\u00f6suhdeasioissa. Aluetoimintaa ohjaa aluejohtokunta.\" \/>\n<meta name=\"robots\" content=\"index, follow, max-snippet:-1, max-image-preview:large, max-video-preview:-1\" \/>\n<link rel=\"canonical\" href=\"https:\/\/teknologiateollisuus.fi\/jasenille\/tietoa-toiminnasta\/aluetoiminta\/keski-suomi\/\" \/>\n<meta property=\"og:locale\" content=\"fi_FI\" \/>\n<meta property=\"og:type\" content=\"article\" \/>\n<meta property=\"og:title\" content=\"Keski-Suomi\" \/>\n<meta property=\"og:description\" content=\"Teknologiateollisuus ry Keski-Suomi - Aluep\u00e4\u00e4llikk\u00f6 tukee mm. ty\u00f6suhdeasioissa. Aluetoimintaa ohjaa aluejohtokunta.\" \/>\n<meta property=\"og:url\" content=\"https:\/\/teknologiateollisuus.fi\/jasenille\/tietoa-toiminnasta\/aluetoiminta\/keski-suomi\/\" \/>\n<meta property=\"og:site_name\" content=\"Teknologiateollisuus - J\u00e4senille\" \/>\n<meta property=\"article:modified_time\" content=\"2026-03-24T06:12:53+00:00\" \/>\n<meta name=\"twitter:card\" content=\"summary_large_image\" \/>\n<meta name=\"twitter:label1\" content=\"Arvioitu lukuaika\" \/>\n\t<meta name=\"twitter:data1\" content=\"2 minuuttia\" \/>\n<script type=\"application\/ld+json\" class=\"yoast-schema-graph\">{\"@context\":\"https:\\\/\\\/schema.org\",\"@graph\":[{\"@type\":\"WebPage\",\"@id\":\"https:\\\/\\\/teknologiateollisuus.fi\\\/jasenille\\\/tietoa-toiminnasta\\\/aluetoiminta\\\/keski-suomi\\\/\",\"url\":\"https:\\\/\\\/teknologiateollisuus.fi\\\/jasenille\\\/tietoa-toiminnasta\\\/aluetoiminta\\\/keski-suomi\\\/\",\"name\":\"Keski-Suomi - Teknologiateollisuus - J\u00e4senille\",\"isPartOf\":{\"@id\":\"https:\\\/\\\/teknologiateollisuus.fi\\\/jasenille\\\/#website\"},\"datePublished\":\"2024-01-03T14:24:46+00:00\",\"dateModified\":\"2026-03-24T06:12:53+00:00\",\"description\":\"Teknologiateollisuus ry Keski-Suomi - Aluep\u00e4\u00e4llikk\u00f6 tukee mm. ty\u00f6suhdeasioissa. Aluetoimintaa ohjaa aluejohtokunta.\",\"breadcrumb\":{\"@id\":\"https:\\\/\\\/teknologiateollisuus.fi\\\/jasenille\\\/tietoa-toiminnasta\\\/aluetoiminta\\\/keski-suomi\\\/#breadcrumb\"},\"inLanguage\":\"fi\",\"potentialAction\":[{\"@type\":\"ReadAction\",\"target\":[\"https:\\\/\\\/teknologiateollisuus.fi\\\/jasenille\\\/tietoa-toiminnasta\\\/aluetoiminta\\\/keski-suomi\\\/\"]}]},{\"@type\":\"BreadcrumbList\",\"@id\":\"https:\\\/\\\/teknologiateollisuus.fi\\\/jasenille\\\/tietoa-toiminnasta\\\/aluetoiminta\\\/keski-suomi\\\/#breadcrumb\",\"itemListElement\":[{\"@type\":\"ListItem\",\"position\":1,\"name\":\"Home\",\"item\":\"https:\\\/\\\/teknologiateollisuus.fi\\\/jasenille\\\/\"},{\"@type\":\"ListItem\",\"position\":2,\"name\":\"Tietoa toiminnasta\",\"item\":\"https:\\\/\\\/teknologiateollisuus.fi\\\/jasenille\\\/tietoa-toiminnasta\\\/\"},{\"@type\":\"ListItem\",\"position\":3,\"name\":\"Alueellinen toiminta\",\"item\":\"https:\\\/\\\/teknologiateollisuus.fi\\\/jasenille\\\/tietoa-toiminnasta\\\/aluetoiminta\\\/\"},{\"@type\":\"ListItem\",\"position\":4,\"name\":\"Keski-Suomi\"}]},{\"@type\":\"WebSite\",\"@id\":\"https:\\\/\\\/teknologiateollisuus.fi\\\/jasenille\\\/#website\",\"url\":\"https:\\\/\\\/teknologiateollisuus.fi\\\/jasenille\\\/\",\"name\":\"Teknologiateollisuus - J\u00e4senille\",\"description\":\"\",\"publisher\":{\"@id\":\"https:\\\/\\\/teknologiateollisuus.fi\\\/jasenille\\\/#organization\"},\"potentialAction\":[{\"@type\":\"SearchAction\",\"target\":{\"@type\":\"EntryPoint\",\"urlTemplate\":\"https:\\\/\\\/teknologiateollisuus.fi\\\/jasenille\\\/?s={search_term_string}\"},\"query-input\":{\"@type\":\"PropertyValueSpecification\",\"valueRequired\":true,\"valueName\":\"search_term_string\"}}],\"inLanguage\":\"fi\"},{\"@type\":\"Organization\",\"@id\":\"https:\\\/\\\/teknologiateollisuus.fi\\\/jasenille\\\/#organization\",\"name\":\"Teknologiateollisuus - J\u00e4senille\",\"url\":\"https:\\\/\\\/teknologiateollisuus.fi\\\/jasenille\\\/\",\"logo\":{\"@type\":\"ImageObject\",\"inLanguage\":\"fi\",\"@id\":\"https:\\\/\\\/teknologiateollisuus.fi\\\/jasenille\\\/#\\\/schema\\\/logo\\\/image\\\/\",\"url\":\"https:\\\/\\\/teknologiateollisuus.fi\\\/jasenille\\\/wp-content\\\/uploads\\\/sites\\\/1\\\/2023\\\/10\\\/placeholder.png\",\"contentUrl\":\"https:\\\/\\\/teknologiateollisuus.fi\\\/jasenille\\\/wp-content\\\/uploads\\\/sites\\\/1\\\/2023\\\/10\\\/placeholder.png\",\"width\":2560,\"height\":1920,\"caption\":\"Teknologiateollisuus - J\u00e4senille\"},\"image\":{\"@id\":\"https:\\\/\\\/teknologiateollisuus.fi\\\/jasenille\\\/#\\\/schema\\\/logo\\\/image\\\/\"}}]}<\/script>\n<!-- \/ Yoast SEO Premium plugin. -->","yoast_head_json":{"title":"Keski-Suomi - Teknologiateollisuus - J\u00e4senille","description":"Teknologiateollisuus ry Keski-Suomi - Aluep\u00e4\u00e4llikk\u00f6 tukee mm. ty\u00f6suhdeasioissa. Aluetoimintaa ohjaa aluejohtokunta.","robots":{"index":"index","follow":"follow","max-snippet":"max-snippet:-1","max-image-preview":"max-image-preview:large","max-video-preview":"max-video-preview:-1"},"canonical":"https:\/\/teknologiateollisuus.fi\/jasenille\/tietoa-toiminnasta\/aluetoiminta\/keski-suomi\/","og_locale":"fi_FI","og_type":"article","og_title":"Keski-Suomi","og_description":"Teknologiateollisuus ry Keski-Suomi - Aluep\u00e4\u00e4llikk\u00f6 tukee mm. ty\u00f6suhdeasioissa. Aluetoimintaa ohjaa aluejohtokunta.","og_url":"https:\/\/teknologiateollisuus.fi\/jasenille\/tietoa-toiminnasta\/aluetoiminta\/keski-suomi\/","og_site_name":"Teknologiateollisuus - J\u00e4senille","article_modified_time":"2026-03-24T06:12:53+00:00","twitter_card":"summary_large_image","twitter_misc":{"Arvioitu lukuaika":"2 minuuttia"},"schema":{"@context":"https:\/\/schema.org","@graph":[{"@type":"WebPage","@id":"https:\/\/teknologiateollisuus.fi\/jasenille\/tietoa-toiminnasta\/aluetoiminta\/keski-suomi\/","url":"https:\/\/teknologiateollisuus.fi\/jasenille\/tietoa-toiminnasta\/aluetoiminta\/keski-suomi\/","name":"Keski-Suomi - Teknologiateollisuus - J\u00e4senille","isPartOf":{"@id":"https:\/\/teknologiateollisuus.fi\/jasenille\/#website"},"datePublished":"2024-01-03T14:24:46+00:00","dateModified":"2026-03-24T06:12:53+00:00","description":"Teknologiateollisuus ry Keski-Suomi - Aluep\u00e4\u00e4llikk\u00f6 tukee mm. ty\u00f6suhdeasioissa. Aluetoimintaa ohjaa aluejohtokunta.","breadcrumb":{"@id":"https:\/\/teknologiateollisuus.fi\/jasenille\/tietoa-toiminnasta\/aluetoiminta\/keski-suomi\/#breadcrumb"},"inLanguage":"fi","potentialAction":[{"@type":"ReadAction","target":["https:\/\/teknologiateollisuus.fi\/jasenille\/tietoa-toiminnasta\/aluetoiminta\/keski-suomi\/"]}]},{"@type":"BreadcrumbList","@id":"https:\/\/teknologiateollisuus.fi\/jasenille\/tietoa-toiminnasta\/aluetoiminta\/keski-suomi\/#breadcrumb","itemListElement":[{"@type":"ListItem","position":1,"name":"Home","item":"https:\/\/teknologiateollisuus.fi\/jasenille\/"},{"@type":"ListItem","position":2,"name":"Tietoa toiminnasta","item":"https:\/\/teknologiateollisuus.fi\/jasenille\/tietoa-toiminnasta\/"},{"@type":"ListItem","position":3,"name":"Alueellinen toiminta","item":"https:\/\/teknologiateollisuus.fi\/jasenille\/tietoa-toiminnasta\/aluetoiminta\/"},{"@type":"ListItem","position":4,"name":"Keski-Suomi"}]},{"@type":"WebSite","@id":"https:\/\/teknologiateollisuus.fi\/jasenille\/#website","url":"https:\/\/teknologiateollisuus.fi\/jasenille\/","name":"Teknologiateollisuus - J\u00e4senille","description":"","publisher":{"@id":"https:\/\/teknologiateollisuus.fi\/jasenille\/#organization"},"potentialAction":[{"@type":"SearchAction","target":{"@type":"EntryPoint","urlTemplate":"https:\/\/teknologiateollisuus.fi\/jasenille\/?s={search_term_string}"},"query-input":{"@type":"PropertyValueSpecification","valueRequired":true,"valueName":"search_term_string"}}],"inLanguage":"fi"},{"@type":"Organization","@id":"https:\/\/teknologiateollisuus.fi\/jasenille\/#organization","name":"Teknologiateollisuus - J\u00e4senille","url":"https:\/\/teknologiateollisuus.fi\/jasenille\/","logo":{"@type":"ImageObject","inLanguage":"fi","@id":"https:\/\/teknologiateollisuus.fi\/jasenille\/#\/schema\/logo\/image\/","url":"https:\/\/teknologiateollisuus.fi\/jasenille\/wp-content\/uploads\/sites\/1\/2023\/10\/placeholder.png","contentUrl":"https:\/\/teknologiateollisuus.fi\/jasenille\/wp-content\/uploads\/sites\/1\/2023\/10\/placeholder.png","width":2560,"height":1920,"caption":"Teknologiateollisuus - J\u00e4senille"},"image":{"@id":"https:\/\/teknologiateollisuus.fi\/jasenille\/#\/schema\/logo\/image\/"}}]}},"lang":"fi","translations":{"fi":2956},"pll_sync_post":[],"_links":{"self":[{"href":"https:\/\/teknologiateollisuus.fi\/jasenille\/wp-json\/wp\/v2\/pages\/2956","targetHints":{"allow":["GET"]}}],"collection":[{"href":"https:\/\/teknologiateollisuus.fi\/jasenille\/wp-json\/wp\/v2\/pages"}],"about":[{"href":"https:\/\/teknologiateollisuus.fi\/jasenille\/wp-json\/wp\/v2\/types\/page"}],"author":[{"embeddable":true,"href":"https:\/\/teknologiateollisuus.fi\/jasenille\/wp-json\/wp\/v2\/users\/7"}],"replies":[{"embeddable":true,"href":"https:\/\/teknologiateollisuus.fi\/jasenille\/wp-json\/wp\/v2\/comments?post=2956"}],"version-history":[{"count":30,"href":"https:\/\/teknologiateollisuus.fi\/jasenille\/wp-json\/wp\/v2\/pages\/2956\/revisions"}],"predecessor-version":[{"id":29456,"href":"https:\/\/teknologiateollisuus.fi\/jasenille\/wp-json\/wp\/v2\/pages\/2956\/revisions\/29456"}],"up":[{"embeddable":true,"href":"https:\/\/teknologiateollisuus.fi\/jasenille\/wp-json\/wp\/v2\/pages\/1394"}],"wp:attachment":[{"href":"https:\/\/teknologiateollisuus.fi\/jasenille\/wp-json\/wp\/v2\/media?parent=2956"}],"curies":[{"name":"wp","href":"https:\/\/api.w.org\/{rel}","templated":true}]}}