{"id":3174,"date":"2024-01-10T10:52:05","date_gmt":"2024-01-10T08:52:05","guid":{"rendered":"https:\/\/teknologiateollisuus.fi\/jasenille\/?page_id=3174"},"modified":"2026-02-02T08:37:39","modified_gmt":"2026-02-02T06:37:39","slug":"kanta-hame","status":"publish","type":"page","link":"https:\/\/teknologiateollisuus.fi\/jasenille\/tietoa-toiminnasta\/aluetoiminta\/kanta-hame\/","title":{"rendered":"Kanta-H\u00e4me"},"content":{"rendered":"\n<div class=\"em-block-hero hero-has-background-color has-background has-black-background-color collapse  \">\n\t<div class=\"em-block-hero__container\">\n\t\t<div class=\"em-block-hero__content\">\n\t\t\t<div class=\"yoast-breadcrumbs\"><span><span><a href=\"https:\/\/teknologiateollisuus.fi\/jasenille\/\">Home<\/a><\/span> <span class=\"separator\"><\/span> <span><a href=\"https:\/\/teknologiateollisuus.fi\/jasenille\/tietoa-toiminnasta\/\">Tietoa toiminnasta<\/a><\/span> <span class=\"separator\"><\/span> <span><a href=\"https:\/\/teknologiateollisuus.fi\/jasenille\/tietoa-toiminnasta\/aluetoiminta\/\">Alueellinen toiminta<\/a><\/span> <span class=\"separator\"><\/span> <span class=\"breadcrumb_last\" aria-current=\"page\">Kanta-H\u00e4me<\/span><\/span><\/div>\t\t\t\n<h1 class=\"wp-block-heading\" id=\"h-kanta-hame\">Kanta-H\u00e4me<\/h1>\n\t\t\t<div class=\"em-block-hero__modified-date\"> P\u00e4ivitetty 02.02.2026 klo 08:37<\/div>\t\t<\/div>\n\t\t\t\t\t<figure class=\"em-block-hero__image\">\n\t\t\t\t\t\t\t<\/figure>\n\t\t\t<\/div>\n<\/div>\n\n\n\n<h2 class=\"wp-block-heading has-text-align-left\" id=\"h-nostot-alueeltasi\" id=\"nostot-alueeltasi\">Nostot alueeltasi<\/h2>\n\n\n\n<p class=\"has-text-align-left\">Teknologiateollisuus ry:n aluetoiminta tarjoaa yrityskohtaisen avun ja kouluttamisen lis\u00e4ksi avoimia koulutuksia ja tapahtumia.  Alueellinen toimintamme tarjoaa my\u00f6s eri alueiden j\u00e4senyrityksille mahdollisuuden vaikuttaa. Teknologiateollisuus on j\u00e4sentens\u00e4 verkostoitumisen ja yhteisty\u00f6n alusta kaikkialla Suomessa.<\/p>\n\n\n\n<p class=\"is-style-pre-headline mt-sm\">j\u00e4senpalvelut<\/p>\n\n\n\n<h3 class=\"wp-block-heading\" id=\"h-tyosuhdepalvelut\" id=\"tyosuhdepalvelut\">Ty\u00f6suhdepalvelut<\/h3>\n\n\n\n<p>Aluep\u00e4\u00e4llikk\u00f6 auttaa j\u00e4senyrityksi\u00e4 ty\u00f6suhdeasioihin liittyviss\u00e4 kysymyksiss\u00e4 ja kouluttaa ty\u00f6suhdeasioita yrityskohtaisesti ja yleisiss\u00e4 koulutuksissa.<\/p>\n\n\n\n<article class=\"em-block-contact-card is-style-list\">\n\n\t<div class=\"em-block-contact-card__image\">\n\t\t\t\t\t<img loading=\"lazy\" decoding=\"async\" width=\"300\" height=\"400\" src=\"https:\/\/teknologiateollisuus.fi\/jasenille\/wp-content\/uploads\/2024\/05\/phpejetwo.png\" class=\"attachment-portrait size-portrait\" alt=\"\" \/>\t\t\t<\/div>\n\t<div class=\"em-block-contact-card__content-wrapper\">\n\t\t<div class=\"em-block-contact-card__content\">\n\t\t\t\t\t\t\t<div class=\"em-block-contact-card__business-units\">\n\t\t\t\t\t\t\t\t\t\t\t<span class=\"em-block-contact-card__business-unit\">Yritt\u00e4jyys ja aluetoiminta<\/span>\n\t\t\t\t\t\t\t\t\t<\/div>\n\t\t\t\t\t\t<h3 class=\"em-block-contact-card__title\"><a target=\"_self\" href=\"https:\/\/teknologiateollisuus.fi\/?p=1253\">Wartiainen Leena<\/a><\/h3>\n\t\t\t\t\t\t\t<span class=\"em-block-contact-card__job_title\">Aluep\u00e4\u00e4llikk\u00f6, Kanta-H\u00e4me ja Satakunta &#8211; Aluetoiminta<\/span>\n\t\t\t\t\t\t\t\t\t\t<span class=\"em-block-contact-card__organisation\">Teknologiateollisuus ry<\/span>\n\t\t\t\t\t<\/div>\n\t\t<div class=\"em-block-contact-card__content\">\n\t\t\t\t\t\t<address class=\"em-block-contact-card__contact-details\">\n\t\t\t\t\t\t\t\t\t<span class=\"em-block-contact-card__phone\">\n\t\t\t\t\t\t<a href=\"tel:+358 503804024\">+358 503804024<\/a><\/a>\n\t\t\t\t\t<\/span>\n\t\t\t\t\t\t\t\t\t\t\t\t\t<span class=\"em-block-contact-card__email\">\n\t\t\t\t\t\t<a href=\"mailto:leena.wartiainen@teknologiateollisuus.fi\">leena.wartiainen@teknologiateollisuus.fi<\/a><\/a>\n\t\t\t\t\t<\/span>\n\t\t\t\t\t\t\t<\/address>\n\t\t\t\t\t<\/div>\n\t<\/div>\n\n<\/article>\n\n\n\n<p>Aluep\u00e4\u00e4llik\u00f6n poissaollessa voitte olla yhteydess\u00e4 Teknologiateollisuuden ty\u00f6suhdepalveluihin.<\/p>\n\n\n\n<div class=\"wp-block-buttons is-layout-flex wp-block-buttons-is-layout-flex\">\n<div class=\"wp-block-button  icon-right\"><a class=\"wp-block-button__link wp-element-button\" href=\"https:\/\/teknologiateollisuus.fi\/jasenille\/palvelut\/tyosuhdepalvelut\/\">Ty\u00f6suhdepalvelut<\/a><\/div>\n<\/div>\n\n\n\n<p class=\"is-style-pre-headline\">ajankohtaista j\u00e4senille<\/p>\n\n\n\n<h3 class=\"wp-block-heading\" id=\"h-tapahtumat-koulutukset-ja-alueellinen-viestinta\" id=\"tapahtumat-koulutukset-ja-alueellinen-viestinta\">Tapahtumat, koulutukset ja alueellinen viestint\u00e4<\/h3>\n\n\n\n<p>Teknologiateollisuuden aluetoiminta j\u00e4rjest\u00e4\u00e4 alueellisia koulutuksia ja tapahtumia. Alueellinen viestint\u00e4mme pit\u00e4\u00e4 huolen, ett\u00e4 Teknologiateollisuuden yleisten viestien lis\u00e4ksi my\u00f6s alueesi t\u00e4rke\u00e4t asiat ja tapahtumat tavoittavat sinut. Voit varmistaa alueviestien perilletulon omien tietojesi kautta.<\/p>\n\n\n\n<div class=\"wp-block-buttons is-layout-flex wp-block-buttons-is-layout-flex\">\n<div class=\"wp-block-button  icon-right\"><a class=\"wp-block-button__link wp-element-button\" href=\"https:\/\/teknologiateollisuus.fi\/jasenille\/palvelut\/tapahtumat-ja-koulutukset\/\">Tapahtumat ja koulutukset<\/a><\/div>\n\n\n\n<div class=\"wp-block-button icon-right is-style-outline is-style-outline--2\"><a class=\"wp-block-button__link wp-element-button\" href=\"https:\/\/teknologiateollisuus.fi\/jasenille\/kayttajatili\/omat-tiedot\/\">Hallitse omia tietojasi<\/a><\/div>\n<\/div>\n\n\n\n<p class=\"is-style-pre-headline\">aluetoiminta<\/p>\n\n\n\n<h3 class=\"wp-block-heading\" id=\"h-aluejohtokunta\" id=\"aluejohtokunta\">Aluejohtokunta<\/h3>\n\n\n\n<p>Aluejohtokunta koostuu 10 yrityksen edustajasta. Aluejohtokunnan sihteerin\u00e4 toimii Teknologiateollisuuden aluep\u00e4\u00e4llikk\u00f6.<\/p>\n\n\n\n<p>Alueen yritykset voivat nostaa asioita aluejohtokunnan tietoon aluep\u00e4\u00e4llik\u00f6n kautta.<\/p>\n\n\n\n<div class=\"wp-block-evermade-accordion em-block-accordion js-accordion-group\">\n<div class=\"wp-block-evermade-accordion-item em-block-accordion-item js-accordion-item\"><h6 class=\"em-block-accordion-item__title-wrapper\"><button class=\"em-block-accordion-item__title js-accordion-controller\">Aluejohtokunta<\/button><\/h6><div id=\"accordion-item-content-0\" class=\"em-block-accordion-item__content js-accordion-content\">\n<h4 class=\"wp-block-heading\" id=\"h-puheenjohtaja\" id=\"puheenjohtaja\">Puheenjohtaja<\/h4>\n\n\n\n<p class=\" mt-none\">Founder &amp; Transformation Executive Ville Availa, Ambientia Group Oy<\/p>\n\n\n\n<h4 class=\"wp-block-heading\" id=\"h-jasenet\" id=\"jasenet\">J\u00e4senet<\/h4>\n\n\n\n<p class=\" mt-none\">HR Manager Tuula Korkeemaa, Etteplan Oyj<\/p>\n\n\n\n<p class=\" mt-none\">Vice President Business Area Mikko Leid\u00e9n, Stera Technologies Oy<\/p>\n\n\n\n<p class=\" mt-none\">Myyntip\u00e4\u00e4llikk\u00f6 Iiro Myllym\u00e4ki, Ovako Metals Oy<\/p>\n\n\n\n<p class=\" mt-none\">Toimitusjohtaja Petteri Narko, Alu-Releco Oy<\/p>\n\n\n\n<p class=\" mt-none\">Operatiivinen johtaja Timo Ruokonen, Maviteknik Oy<\/p>\n\n\n\n<p class=\" mt-none\">Toimitusjohtaja Susanna Siira, I-Valo Oy<\/p>\n\n\n\n<p class=\" mt-none\">Tehdasp\u00e4\u00e4llikk\u00f6 Jussi Sinisalo, Sako Oy<\/p>\n\n\n\n<p class=\" mt-none\">Toimitusjohtaja Jouni Teppo, Sisu Akselit Oy<\/p>\n\n\n\n<p class=\" mt-none\">Site Director Olli Vastaranta, Konecranes Finland Oy<\/p>\n\n\n\n<p class=\" mt-none\">Director, Production Cold Rolled and Metal Coated Products Jarkko Viinanen, SSAB Europe Oy<\/p>\n\n\n\n<h4 class=\"wp-block-heading\" id=\"h-sihteeri\" id=\"sihteeri\">Sihteeri<\/h4>\n\n\n\n<article class=\"em-block-contact-card mt-none is-style-list\">\n\n\t<div class=\"em-block-contact-card__image\">\n\t\t\t\t\t<img loading=\"lazy\" decoding=\"async\" width=\"300\" height=\"400\" src=\"https:\/\/teknologiateollisuus.fi\/jasenille\/wp-content\/uploads\/2024\/05\/phpejetwo.png\" class=\"attachment-portrait size-portrait\" alt=\"\" \/>\t\t\t<\/div>\n\t<div class=\"em-block-contact-card__content-wrapper\">\n\t\t<div class=\"em-block-contact-card__content\">\n\t\t\t\t\t\t\t<div class=\"em-block-contact-card__business-units\">\n\t\t\t\t\t\t\t\t\t\t\t<span class=\"em-block-contact-card__business-unit\">Yritt\u00e4jyys ja aluetoiminta<\/span>\n\t\t\t\t\t\t\t\t\t<\/div>\n\t\t\t\t\t\t<h3 class=\"em-block-contact-card__title\"><a target=\"_self\" href=\"https:\/\/teknologiateollisuus.fi\/?p=1253\">Wartiainen Leena<\/a><\/h3>\n\t\t\t\t\t\t\t<span class=\"em-block-contact-card__job_title\">Aluep\u00e4\u00e4llikk\u00f6, Kanta-H\u00e4me ja Satakunta &#8211; Aluetoiminta<\/span>\n\t\t\t\t\t\t\t\t\t\t<span class=\"em-block-contact-card__organisation\">Teknologiateollisuus ry<\/span>\n\t\t\t\t\t<\/div>\n\t\t<div class=\"em-block-contact-card__content\">\n\t\t\t\t\t\t<address class=\"em-block-contact-card__contact-details\">\n\t\t\t\t\t\t\t\t\t<span class=\"em-block-contact-card__phone\">\n\t\t\t\t\t\t<a href=\"tel:+358 503804024\">+358 503804024<\/a><\/a>\n\t\t\t\t\t<\/span>\n\t\t\t\t\t\t\t\t\t\t\t\t\t<span class=\"em-block-contact-card__email\">\n\t\t\t\t\t\t<a href=\"mailto:leena.wartiainen@teknologiateollisuus.fi\">leena.wartiainen@teknologiateollisuus.fi<\/a><\/a>\n\t\t\t\t\t<\/span>\n\t\t\t\t\t\t\t<\/address>\n\t\t\t\t\t<\/div>\n\t<\/div>\n\n<\/article>\n<\/div><\/div>\n\n\n\n<div class=\"wp-block-evermade-accordion-item em-block-accordion-item js-accordion-item\"><h6 class=\"em-block-accordion-item__title-wrapper\"><button class=\"em-block-accordion-item__title js-accordion-controller\">Aluejohtokunnan kokousp\u00e4iv\u00e4t<\/button><\/h6><div id=\"accordion-item-content-1\" class=\"em-block-accordion-item__content js-accordion-content\">\n<p class=\" mt-none\">11.2.2026<\/p>\n<\/div><\/div>\n<\/div>\n\n\n\n<div class=\"wp-block-group em-pattern-key-figures has-blue-background-color has-background is-layout-constrained wp-block-group-is-layout-constrained\">\n<p class=\"has-text-align-left is-style-pre-headline\">TEKNOLOGIATEOLLISUUS<\/p>\n\n\n\n<h2 class=\"wp-block-heading has-text-align-left\" id=\"h-merkittavin-elinkeino-hameessa\" id=\"merkittavin-elinkeino-hameessa\">Merkitt\u00e4vin elinkeino H\u00e4meess\u00e4<\/h2>\n\n\n\n<div class=\"wp-block-scb-columns scb-columns  has-mobile-behavior--stacked has-columns-3 em-pattern-key-figures__stats\">\n<div class=\"wp-block-scb-column scb-column is-scale-cover\">\n<p class=\"is-style-pre-headline\">Liikevaihto<\/p>\n\n\n\n<p class=\"has-text-align-left mb-xs has-h-2-font-size mt-none\">5,5 mrd. \u20ac<\/p>\n\n\n\n<p class=\"has-text-align-left\">Teknologiateollisuus Suomessa 105 mrd. \u20ac<\/p>\n<\/div>\n\n\n\n<div class=\"wp-block-scb-column scb-column is-scale-cover\">\n<p class=\"is-style-pre-headline\">Toimipaikat<\/p>\n\n\n\n<p class=\"has-text-align-left mb-xs has-h-2-font-size mt-none\">1 830<\/p>\n\n\n\n<p class=\"has-text-align-left\">Teknologiateollisuus Suomessa &gt;30 000<\/p>\n<\/div>\n\n\n\n<div class=\"wp-block-scb-column scb-column is-scale-cover\">\n<p class=\"is-style-pre-headline\">Henkil\u00f6st\u00f6<\/p>\n\n\n\n<p class=\"has-text-align-left mb-xs has-h-2-font-size mt-none\">17 400<\/p>\n\n\n\n<p class=\"has-text-align-left\">Teknologiateollisuus Suomessa &gt;330 000<\/p>\n<\/div>\n<\/div>\n<\/div>\n\n\n\n<div class=\"wp-block-scb-columns scb-columns  has-mobile-behavior--stacked has-auto-fit em-pattern-event-contacts\">\n<div class=\"wp-block-scb-column scb-column is-scale-cover\">\n<h2 class=\"wp-block-heading\" id=\"h-alueella-apunasi\" id=\"alueella-apunasi\">Alueella apunasi<\/h2>\n\n\n\n<article class=\"em-block-contact-card is-style-list\">\n\n\t<div class=\"em-block-contact-card__image\">\n\t\t\t\t\t<img loading=\"lazy\" decoding=\"async\" width=\"300\" height=\"400\" src=\"https:\/\/teknologiateollisuus.fi\/jasenille\/wp-content\/uploads\/2024\/05\/phpejetwo.png\" class=\"attachment-portrait size-portrait\" alt=\"\" \/>\t\t\t<\/div>\n\t<div class=\"em-block-contact-card__content-wrapper\">\n\t\t<div class=\"em-block-contact-card__content\">\n\t\t\t\t\t\t\t<div class=\"em-block-contact-card__business-units\">\n\t\t\t\t\t\t\t\t\t\t\t<span class=\"em-block-contact-card__business-unit\">Yritt\u00e4jyys ja aluetoiminta<\/span>\n\t\t\t\t\t\t\t\t\t<\/div>\n\t\t\t\t\t\t<h3 class=\"em-block-contact-card__title\"><a target=\"_self\" href=\"https:\/\/teknologiateollisuus.fi\/?p=1253\">Wartiainen Leena<\/a><\/h3>\n\t\t\t\t\t\t\t<span class=\"em-block-contact-card__job_title\">Aluep\u00e4\u00e4llikk\u00f6, Kanta-H\u00e4me ja Satakunta &#8211; Aluetoiminta<\/span>\n\t\t\t\t\t\t\t\t\t\t<span class=\"em-block-contact-card__organisation\">Teknologiateollisuus ry<\/span>\n\t\t\t\t\t<\/div>\n\t\t<div class=\"em-block-contact-card__content\">\n\t\t\t\t\t\t<address class=\"em-block-contact-card__contact-details\">\n\t\t\t\t\t\t\t\t\t<span class=\"em-block-contact-card__phone\">\n\t\t\t\t\t\t<a href=\"tel:+358 503804024\">+358 503804024<\/a><\/a>\n\t\t\t\t\t<\/span>\n\t\t\t\t\t\t\t\t\t\t\t\t\t<span class=\"em-block-contact-card__email\">\n\t\t\t\t\t\t<a href=\"mailto:leena.wartiainen@teknologiateollisuus.fi\">leena.wartiainen@teknologiateollisuus.fi<\/a><\/a>\n\t\t\t\t\t<\/span>\n\t\t\t\t\t\t\t<\/address>\n\t\t\t\t\t<\/div>\n\t<\/div>\n\n<\/article>\n\n\n\n<article class=\"em-block-contact-card is-style-list\">\n\n\t<div class=\"em-block-contact-card__image\">\n\t\t\t\t\t<img loading=\"lazy\" decoding=\"async\" width=\"300\" height=\"400\" src=\"https:\/\/teknologiateollisuus.fi\/jasenille\/wp-content\/uploads\/2024\/05\/phpokfzvn.jpg\" class=\"attachment-portrait size-portrait\" alt=\"\" \/>\t\t\t<\/div>\n\t<div class=\"em-block-contact-card__content-wrapper\">\n\t\t<div class=\"em-block-contact-card__content\">\n\t\t\t\t\t\t\t<div class=\"em-block-contact-card__business-units\">\n\t\t\t\t\t\t\t\t\t\t\t<span class=\"em-block-contact-card__business-unit\">Yritt\u00e4jyys ja aluetoiminta<\/span>\n\t\t\t\t\t\t\t\t\t<\/div>\n\t\t\t\t\t\t<h3 class=\"em-block-contact-card__title\"><a target=\"_self\" href=\"https:\/\/teknologiateollisuus.fi\/?p=1052\">Laine Eija<\/a><\/h3>\n\t\t\t\t\t\t\t<span class=\"em-block-contact-card__job_title\">Asiantuntija, aluetoiminta ja vetovoima &#8211; Aluetoiminta<\/span>\n\t\t\t\t\t\t\t\t\t\t<span class=\"em-block-contact-card__organisation\">Teknologiateollisuus ry<\/span>\n\t\t\t\t\t<\/div>\n\t\t<div class=\"em-block-contact-card__content\">\n\t\t\t\t\t\t<address class=\"em-block-contact-card__contact-details\">\n\t\t\t\t\t\t\t\t\t<span class=\"em-block-contact-card__phone\">\n\t\t\t\t\t\t<a href=\"tel:+358 409030622\">+358 409030622<\/a><\/a>\n\t\t\t\t\t<\/span>\n\t\t\t\t\t\t\t\t\t\t\t\t\t<span class=\"em-block-contact-card__email\">\n\t\t\t\t\t\t<a href=\"mailto:eija.laine@teknologiateollisuus.fi\">eija.laine@teknologiateollisuus.fi<\/a><\/a>\n\t\t\t\t\t<\/span>\n\t\t\t\t\t\t\t<\/address>\n\t\t\t\t\t<\/div>\n\t<\/div>\n\n<\/article>\n<\/div>\n<\/div>\n\n\n\n<div class=\"wp-block-scb-columns scb-columns  has-mobile-behavior--stacked has-columns-1\">\n<div class=\"wp-block-scb-column scb-column is-scale-cover\">\n<div class=\"wp-block-group em-pattern-office-info is-layout-constrained wp-block-group-is-layout-constrained\">\n<h2 class=\"wp-block-heading  mt-none\" id=\"h-toimipisteen-tiedot\" id=\"toimipisteen-tiedot\">Toimipisteen tiedot<\/h2>\n\n\n\n<figure class=\"wp-block-table\"><table><tbody><tr><td><strong>K\u00e4yntiosoite<\/strong><\/td><td>Puolalankatu 1, 20100, Turku<\/td><\/tr><tr><td><strong>Puhelinnumero<\/strong><\/td><td><a href=\"tel:0919231\"><\/a><a href=\"tel:0919231\">09&nbsp;19 231<\/a><\/td><\/tr><\/tbody><\/table><\/figure>\n\n\n<div class=\"em-block-maps-embed wp-block-evermade-maps-embed\">\n\t<iframe src=\"https:\/\/maps.google.com\/maps?q=Puolalankatu+1&amp;z=15&amp;output=embed\" title=\"Puolalankatu 1\"><\/iframe>\n<\/div>\n<\/div>\n<\/div>\n<\/div>\n","protected":false},"excerpt":{"rendered":"<p>Nostot alueeltasi Teknologiateollisuus ry:n aluetoiminta tarjoaa yrityskohtaisen avun ja kouluttamisen lis\u00e4ksi avoimia koulutuksia ja tapahtumia. Alueellinen toimintamme tarjoaa my\u00f6s eri alueiden j\u00e4senyrityksille mahdollisuuden vaikuttaa. Teknologiateollisuus on j\u00e4sentens\u00e4 verkostoitumisen ja yhteisty\u00f6n alusta kaikkialla Suomessa. j\u00e4senpalvelut Ty\u00f6suhdepalvelut Aluep\u00e4\u00e4llikk\u00f6 auttaa j\u00e4senyrityksi\u00e4 ty\u00f6suhdeasioihin liittyviss\u00e4 kysymyksiss\u00e4 ja kouluttaa ty\u00f6suhdeasioita yrityskohtaisesti ja yleisiss\u00e4 koulutuksissa. Aluep\u00e4\u00e4llik\u00f6n poissaollessa voitte olla yhteydess\u00e4 Teknologiateollisuuden ty\u00f6suhdepalveluihin. [&hellip;]<\/p>\n","protected":false},"author":7,"featured_media":0,"parent":1394,"menu_order":0,"comment_status":"closed","ping_status":"closed","template":"","meta":{"_acf_changed":false,"_relevanssi_hide_post":"","_relevanssi_hide_content":"","_relevanssi_pin_for_all":"","_relevanssi_pin_keywords":"","_relevanssi_unpin_keywords":"","_relevanssi_related_keywords":"","_relevanssi_related_include_ids":"","_relevanssi_related_exclude_ids":"","_relevanssi_related_no_append":"","_relevanssi_related_not_related":"","_relevanssi_related_posts":"165,169,167,1417,168,166","_relevanssi_noindex_reason":"","inline_featured_image":false,"growthstack-ab-test":[],"growthstack-ab-test-views":[],"footnotes":""},"class_list":["post-3174","page","type-page","status-publish","hentry"],"acf":{"is_store_related":false,"locked":false},"yoast_head":"<!-- This site is optimized with the Yoast SEO Premium plugin v27.1 (Yoast SEO v27.4) - https:\/\/yoast.com\/product\/yoast-seo-premium-wordpress\/ -->\n<title>Kanta-H\u00e4me - Teknologiateollisuus - J\u00e4senille<\/title>\n<meta name=\"description\" content=\"Teknologiateollisuus ry Kanta-H\u00e4me - Aluep\u00e4\u00e4llikk\u00f6 on tukena mm. ty\u00f6suhdeasioissa. Aluejohtokunta johtaa alueen toimintaa.\" \/>\n<meta name=\"robots\" content=\"index, follow, max-snippet:-1, max-image-preview:large, max-video-preview:-1\" \/>\n<link rel=\"canonical\" href=\"https:\/\/teknologiateollisuus.fi\/jasenille\/tietoa-toiminnasta\/aluetoiminta\/kanta-hame\/\" \/>\n<meta property=\"og:locale\" content=\"fi_FI\" \/>\n<meta property=\"og:type\" content=\"article\" \/>\n<meta property=\"og:title\" content=\"Kanta-H\u00e4me\" \/>\n<meta property=\"og:description\" content=\"Teknologiateollisuus ry Kanta-H\u00e4me - Aluep\u00e4\u00e4llikk\u00f6 on tukena mm. ty\u00f6suhdeasioissa. Aluejohtokunta johtaa alueen toimintaa.\" \/>\n<meta property=\"og:url\" content=\"https:\/\/teknologiateollisuus.fi\/jasenille\/tietoa-toiminnasta\/aluetoiminta\/kanta-hame\/\" \/>\n<meta property=\"og:site_name\" content=\"Teknologiateollisuus - J\u00e4senille\" \/>\n<meta property=\"article:modified_time\" content=\"2026-02-02T06:37:39+00:00\" \/>\n<meta name=\"twitter:card\" content=\"summary_large_image\" \/>\n<meta name=\"twitter:label1\" content=\"Arvioitu lukuaika\" \/>\n\t<meta name=\"twitter:data1\" content=\"2 minuuttia\" \/>\n<script type=\"application\/ld+json\" class=\"yoast-schema-graph\">{\"@context\":\"https:\\\/\\\/schema.org\",\"@graph\":[{\"@type\":\"WebPage\",\"@id\":\"https:\\\/\\\/teknologiateollisuus.fi\\\/jasenille\\\/tietoa-toiminnasta\\\/aluetoiminta\\\/kanta-hame\\\/\",\"url\":\"https:\\\/\\\/teknologiateollisuus.fi\\\/jasenille\\\/tietoa-toiminnasta\\\/aluetoiminta\\\/kanta-hame\\\/\",\"name\":\"Kanta-H\u00e4me - Teknologiateollisuus - J\u00e4senille\",\"isPartOf\":{\"@id\":\"https:\\\/\\\/teknologiateollisuus.fi\\\/jasenille\\\/#website\"},\"datePublished\":\"2024-01-10T08:52:05+00:00\",\"dateModified\":\"2026-02-02T06:37:39+00:00\",\"description\":\"Teknologiateollisuus ry Kanta-H\u00e4me - Aluep\u00e4\u00e4llikk\u00f6 on tukena mm. ty\u00f6suhdeasioissa. Aluejohtokunta johtaa alueen toimintaa.\",\"breadcrumb\":{\"@id\":\"https:\\\/\\\/teknologiateollisuus.fi\\\/jasenille\\\/tietoa-toiminnasta\\\/aluetoiminta\\\/kanta-hame\\\/#breadcrumb\"},\"inLanguage\":\"fi\",\"potentialAction\":[{\"@type\":\"ReadAction\",\"target\":[\"https:\\\/\\\/teknologiateollisuus.fi\\\/jasenille\\\/tietoa-toiminnasta\\\/aluetoiminta\\\/kanta-hame\\\/\"]}]},{\"@type\":\"BreadcrumbList\",\"@id\":\"https:\\\/\\\/teknologiateollisuus.fi\\\/jasenille\\\/tietoa-toiminnasta\\\/aluetoiminta\\\/kanta-hame\\\/#breadcrumb\",\"itemListElement\":[{\"@type\":\"ListItem\",\"position\":1,\"name\":\"Home\",\"item\":\"https:\\\/\\\/teknologiateollisuus.fi\\\/jasenille\\\/\"},{\"@type\":\"ListItem\",\"position\":2,\"name\":\"Tietoa toiminnasta\",\"item\":\"https:\\\/\\\/teknologiateollisuus.fi\\\/jasenille\\\/tietoa-toiminnasta\\\/\"},{\"@type\":\"ListItem\",\"position\":3,\"name\":\"Alueellinen toiminta\",\"item\":\"https:\\\/\\\/teknologiateollisuus.fi\\\/jasenille\\\/tietoa-toiminnasta\\\/aluetoiminta\\\/\"},{\"@type\":\"ListItem\",\"position\":4,\"name\":\"Kanta-H\u00e4me\"}]},{\"@type\":\"WebSite\",\"@id\":\"https:\\\/\\\/teknologiateollisuus.fi\\\/jasenille\\\/#website\",\"url\":\"https:\\\/\\\/teknologiateollisuus.fi\\\/jasenille\\\/\",\"name\":\"Teknologiateollisuus - J\u00e4senille\",\"description\":\"\",\"publisher\":{\"@id\":\"https:\\\/\\\/teknologiateollisuus.fi\\\/jasenille\\\/#organization\"},\"potentialAction\":[{\"@type\":\"SearchAction\",\"target\":{\"@type\":\"EntryPoint\",\"urlTemplate\":\"https:\\\/\\\/teknologiateollisuus.fi\\\/jasenille\\\/?s={search_term_string}\"},\"query-input\":{\"@type\":\"PropertyValueSpecification\",\"valueRequired\":true,\"valueName\":\"search_term_string\"}}],\"inLanguage\":\"fi\"},{\"@type\":\"Organization\",\"@id\":\"https:\\\/\\\/teknologiateollisuus.fi\\\/jasenille\\\/#organization\",\"name\":\"Teknologiateollisuus - J\u00e4senille\",\"url\":\"https:\\\/\\\/teknologiateollisuus.fi\\\/jasenille\\\/\",\"logo\":{\"@type\":\"ImageObject\",\"inLanguage\":\"fi\",\"@id\":\"https:\\\/\\\/teknologiateollisuus.fi\\\/jasenille\\\/#\\\/schema\\\/logo\\\/image\\\/\",\"url\":\"https:\\\/\\\/teknologiateollisuus.fi\\\/jasenille\\\/wp-content\\\/uploads\\\/sites\\\/1\\\/2023\\\/10\\\/placeholder.png\",\"contentUrl\":\"https:\\\/\\\/teknologiateollisuus.fi\\\/jasenille\\\/wp-content\\\/uploads\\\/sites\\\/1\\\/2023\\\/10\\\/placeholder.png\",\"width\":2560,\"height\":1920,\"caption\":\"Teknologiateollisuus - J\u00e4senille\"},\"image\":{\"@id\":\"https:\\\/\\\/teknologiateollisuus.fi\\\/jasenille\\\/#\\\/schema\\\/logo\\\/image\\\/\"}}]}<\/script>\n<!-- \/ Yoast SEO Premium plugin. -->","yoast_head_json":{"title":"Kanta-H\u00e4me - Teknologiateollisuus - J\u00e4senille","description":"Teknologiateollisuus ry Kanta-H\u00e4me - Aluep\u00e4\u00e4llikk\u00f6 on tukena mm. ty\u00f6suhdeasioissa. Aluejohtokunta johtaa alueen toimintaa.","robots":{"index":"index","follow":"follow","max-snippet":"max-snippet:-1","max-image-preview":"max-image-preview:large","max-video-preview":"max-video-preview:-1"},"canonical":"https:\/\/teknologiateollisuus.fi\/jasenille\/tietoa-toiminnasta\/aluetoiminta\/kanta-hame\/","og_locale":"fi_FI","og_type":"article","og_title":"Kanta-H\u00e4me","og_description":"Teknologiateollisuus ry Kanta-H\u00e4me - Aluep\u00e4\u00e4llikk\u00f6 on tukena mm. ty\u00f6suhdeasioissa. Aluejohtokunta johtaa alueen toimintaa.","og_url":"https:\/\/teknologiateollisuus.fi\/jasenille\/tietoa-toiminnasta\/aluetoiminta\/kanta-hame\/","og_site_name":"Teknologiateollisuus - J\u00e4senille","article_modified_time":"2026-02-02T06:37:39+00:00","twitter_card":"summary_large_image","twitter_misc":{"Arvioitu lukuaika":"2 minuuttia"},"schema":{"@context":"https:\/\/schema.org","@graph":[{"@type":"WebPage","@id":"https:\/\/teknologiateollisuus.fi\/jasenille\/tietoa-toiminnasta\/aluetoiminta\/kanta-hame\/","url":"https:\/\/teknologiateollisuus.fi\/jasenille\/tietoa-toiminnasta\/aluetoiminta\/kanta-hame\/","name":"Kanta-H\u00e4me - Teknologiateollisuus - J\u00e4senille","isPartOf":{"@id":"https:\/\/teknologiateollisuus.fi\/jasenille\/#website"},"datePublished":"2024-01-10T08:52:05+00:00","dateModified":"2026-02-02T06:37:39+00:00","description":"Teknologiateollisuus ry Kanta-H\u00e4me - Aluep\u00e4\u00e4llikk\u00f6 on tukena mm. ty\u00f6suhdeasioissa. Aluejohtokunta johtaa alueen toimintaa.","breadcrumb":{"@id":"https:\/\/teknologiateollisuus.fi\/jasenille\/tietoa-toiminnasta\/aluetoiminta\/kanta-hame\/#breadcrumb"},"inLanguage":"fi","potentialAction":[{"@type":"ReadAction","target":["https:\/\/teknologiateollisuus.fi\/jasenille\/tietoa-toiminnasta\/aluetoiminta\/kanta-hame\/"]}]},{"@type":"BreadcrumbList","@id":"https:\/\/teknologiateollisuus.fi\/jasenille\/tietoa-toiminnasta\/aluetoiminta\/kanta-hame\/#breadcrumb","itemListElement":[{"@type":"ListItem","position":1,"name":"Home","item":"https:\/\/teknologiateollisuus.fi\/jasenille\/"},{"@type":"ListItem","position":2,"name":"Tietoa toiminnasta","item":"https:\/\/teknologiateollisuus.fi\/jasenille\/tietoa-toiminnasta\/"},{"@type":"ListItem","position":3,"name":"Alueellinen toiminta","item":"https:\/\/teknologiateollisuus.fi\/jasenille\/tietoa-toiminnasta\/aluetoiminta\/"},{"@type":"ListItem","position":4,"name":"Kanta-H\u00e4me"}]},{"@type":"WebSite","@id":"https:\/\/teknologiateollisuus.fi\/jasenille\/#website","url":"https:\/\/teknologiateollisuus.fi\/jasenille\/","name":"Teknologiateollisuus - J\u00e4senille","description":"","publisher":{"@id":"https:\/\/teknologiateollisuus.fi\/jasenille\/#organization"},"potentialAction":[{"@type":"SearchAction","target":{"@type":"EntryPoint","urlTemplate":"https:\/\/teknologiateollisuus.fi\/jasenille\/?s={search_term_string}"},"query-input":{"@type":"PropertyValueSpecification","valueRequired":true,"valueName":"search_term_string"}}],"inLanguage":"fi"},{"@type":"Organization","@id":"https:\/\/teknologiateollisuus.fi\/jasenille\/#organization","name":"Teknologiateollisuus - J\u00e4senille","url":"https:\/\/teknologiateollisuus.fi\/jasenille\/","logo":{"@type":"ImageObject","inLanguage":"fi","@id":"https:\/\/teknologiateollisuus.fi\/jasenille\/#\/schema\/logo\/image\/","url":"https:\/\/teknologiateollisuus.fi\/jasenille\/wp-content\/uploads\/sites\/1\/2023\/10\/placeholder.png","contentUrl":"https:\/\/teknologiateollisuus.fi\/jasenille\/wp-content\/uploads\/sites\/1\/2023\/10\/placeholder.png","width":2560,"height":1920,"caption":"Teknologiateollisuus - J\u00e4senille"},"image":{"@id":"https:\/\/teknologiateollisuus.fi\/jasenille\/#\/schema\/logo\/image\/"}}]}},"lang":"fi","translations":{"fi":3174},"pll_sync_post":[],"_links":{"self":[{"href":"https:\/\/teknologiateollisuus.fi\/jasenille\/wp-json\/wp\/v2\/pages\/3174","targetHints":{"allow":["GET"]}}],"collection":[{"href":"https:\/\/teknologiateollisuus.fi\/jasenille\/wp-json\/wp\/v2\/pages"}],"about":[{"href":"https:\/\/teknologiateollisuus.fi\/jasenille\/wp-json\/wp\/v2\/types\/page"}],"author":[{"embeddable":true,"href":"https:\/\/teknologiateollisuus.fi\/jasenille\/wp-json\/wp\/v2\/users\/7"}],"replies":[{"embeddable":true,"href":"https:\/\/teknologiateollisuus.fi\/jasenille\/wp-json\/wp\/v2\/comments?post=3174"}],"version-history":[{"count":29,"href":"https:\/\/teknologiateollisuus.fi\/jasenille\/wp-json\/wp\/v2\/pages\/3174\/revisions"}],"predecessor-version":[{"id":28999,"href":"https:\/\/teknologiateollisuus.fi\/jasenille\/wp-json\/wp\/v2\/pages\/3174\/revisions\/28999"}],"up":[{"embeddable":true,"href":"https:\/\/teknologiateollisuus.fi\/jasenille\/wp-json\/wp\/v2\/pages\/1394"}],"wp:attachment":[{"href":"https:\/\/teknologiateollisuus.fi\/jasenille\/wp-json\/wp\/v2\/media?parent=3174"}],"curies":[{"name":"wp","href":"https:\/\/api.w.org\/{rel}","templated":true}]}}