{"id":3817,"date":"2024-01-17T14:14:49","date_gmt":"2024-01-17T12:14:49","guid":{"rendered":"https:\/\/teknologiateollisuus.fi\/jasenille\/?page_id=3817"},"modified":"2026-02-24T09:21:35","modified_gmt":"2026-02-24T07:21:35","slug":"kesatyopaikat","status":"publish","type":"page","link":"https:\/\/teknologiateollisuus.fi\/jasenille\/palvelut\/vetovoima-mytech\/kesatyopaikat\/","title":{"rendered":"Kes\u00e4ty\u00f6paikat"},"content":{"rendered":"\n<div class=\"em-block-hero hero-has-background-color has-background has-black-background-color collapse  \">\n\t<div class=\"em-block-hero__container\">\n\t\t<div class=\"em-block-hero__content\">\n\t\t\t<div class=\"yoast-breadcrumbs\"><span><span><a href=\"https:\/\/teknologiateollisuus.fi\/jasenille\/\">Home<\/a><\/span> <span class=\"separator\"><\/span> <span><a href=\"https:\/\/teknologiateollisuus.fi\/jasenille\/palvelut\/\">Palvelut<\/a><\/span> <span class=\"separator\"><\/span> <span><a href=\"https:\/\/teknologiateollisuus.fi\/jasenille\/palvelut\/vetovoima-mytech\/\">Vetovoima \u2013 MyTech \u00ae<\/a><\/span> <span class=\"separator\"><\/span> <span class=\"breadcrumb_last\" aria-current=\"page\">Kes\u00e4ty\u00f6paikat<\/span><\/span><\/div>\t\t\t\n<h1 class=\"wp-block-heading\" id=\"h-teknologiateollisuuden-yritysten-kesatyopaikat\">Teknologiateollisuuden yritysten kes\u00e4ty\u00f6paikat<\/h1>\n\n<p>Teknologiateollisuuden yritysten kes\u00e4n 2026 ty\u00f6paikkailmoituskampanja on t\u00e4\u00e4ll\u00e4 taas! Tervetuloa mukaan!<\/p>\n\t\t\t<div class=\"em-block-hero__modified-date\"> P\u00e4ivitetty 24.02.2026 klo 09:21<\/div>\t\t<\/div>\n\t\t\t\t\t<figure class=\"em-block-hero__image\">\n\t\t\t\t\t\t\t<\/figure>\n\t\t\t<\/div>\n<\/div>\n\n\n\n<h2 class=\"wp-block-heading has-text-align-left\" id=\"h-teknokesa-2026\" id=\"teknokesa-2026\">TeknoKes\u00e4 2026<\/h2>\n\n\n\n<p>J\u00e4senyritystemme kes\u00e4ty\u00f6paikkoja yhteen ker\u00e4\u00e4v\u00e4 ja esiin nostava TeknoKes\u00e4-kampanja saa jatkoa. \u202fT\u00e4n\u00e4kin vuonna teknologia-alan kes\u00e4ty\u00f6paikat l\u00f6ytyv\u00e4t yhteisty\u00f6kumppanimme Duunitorin yll\u00e4pit\u00e4m\u00e4lt\u00e4 TeknoKes\u00e4-sivustolta.<\/p>\n\n\n\n<div class=\"wp-block-evermade-links em-block-links has-columns-1\">\n<a\n\tclass=\"wp-block-evermade-external-link em-block-link is-external  mt-none  \"\n\thref=\"https:\/\/teknokesa.teknologiateollisuus.fi\/\"\n\taria-label=\"Avaa uudessa v\u00e4lilehdess\u00e4\"\n\ttarget=\"_blank\"\n\trel=\"noopener noreferrer\"\n>\n\t<div class=\"em-block-link__content\">\n\t\t<span class=\"em-block-link__title\">\n\t\t\tDuunitorin yll\u00e4pit\u00e4m\u00e4 TeknoKes\u00e4-sivusto\t\t<\/span>\n\t\t\t<\/div>\n\t<div class=\"em-block-link__arrow\"><\/div>\n\t<div class=\"em-block-link__pressable\"><\/div>\n<\/a>\n<\/div>\n\n\n\n<p>J\u00e4senyrityksemme voivat lis\u00e4t\u00e4 ty\u00f6paikkansa kampanjaan:<\/p>\n\n\n\n<ul class=\"wp-block-list is-style-styled mt-none\">\n<li>julkaisemalla ilmoituksensa ty\u00f6nhakupalvelussa, kuten Duunitorilla (<a href=\"https:\/\/duunitori.fi\/tyopaikkailmoitus\" target=\"_blank\" rel=\"noreferrer noopener\">j\u00e4t\u00e4 ilmoitus t\u00e4\u00e4ll\u00e4<\/a>)&nbsp;tai Ty\u00f6markkinatorilla <strong>ja<\/strong><\/li>\n\n\n\n<li>lis\u00e4\u00e4m\u00e4ll\u00e4 ilmoitukseen tunnisteen #Teknokes\u00e4 tai #Techsummer.<\/li>\n<\/ul>\n\n\n\n<p>N\u00e4in ilmoitus nousee automaattisesti TeknoKes\u00e4-sivustolle. Ilmoitus voi olla suomeksi tai englanniksi. Osallistuminen on j\u00e4senyrityksillemme maksutonta.<\/p>\n\n\n\n<p>Teknologiateollisuuden ja Duunitorin kes\u00e4ty\u00f6kampanja k\u00e4ynnistyy sosiaalisen median kanavissa alkuvuodesta 2026.<\/p>\n\n\n\n<h2 class=\"wp-block-heading\" id=\"h-tutustu-tyoelamaan-ja-tienaa-kesaharjoitteluohjelma\" id=\"tutustu-tyoelamaan-ja-tienaa-kesaharjoitteluohjelma\">Tutustu ty\u00f6el\u00e4m\u00e4\u00e4n ja tienaa -kes\u00e4harjoitteluohjelma <\/h2>\n\n\n\n<p>Tutustu ty\u00f6el\u00e4m\u00e4\u00e4n ja tienaa on kes\u00e4harjoitteluohjelma, jossa yritykset voivat palkata peruskoululaisia, kymppiluokkalaisia, lukiolaisia sek\u00e4 VALMA-koulutukseen osallistuvia nuoria kahden viikon tai 10 p\u00e4iv\u00e4n ty\u00f6h\u00f6ntutustumisjaksoille. <\/p>\n\n\n\n<p>Teknologiateollisuuden ty\u00f6nantajat on allekirjoittanut ammattiliittojen kanssa harjoittelumallia koskevat sopimukset vuosiksi 2024\u20132026.<\/p>\n\n\n\n<div class=\"wp-block-evermade-links em-block-links has-columns-1\">\n<div data-wp-interactive=\"core\/file\" class=\"wp-block-file\"><a id=\"wp-block-file--media-b92e82d8-0d42-4227-8e6f-7f884fb6e469\" href=\"https:\/\/teknologiateollisuus.fi\/jasenille\/wp-content\/uploads\/sites\/1\/2025\/02\/TEO-Tutustu-ja-tienaa-2024_2026.pdf\">Teknologiateollisuuden ty\u00f6ntekij\u00e4t<\/a><a href=\"https:\/\/teknologiateollisuus.fi\/jasenille\/wp-content\/uploads\/sites\/1\/2025\/02\/TEO-Tutustu-ja-tienaa-2024_2026.pdf\" class=\"wp-block-file__button wp-element-button\" download aria-describedby=\"wp-block-file--media-b92e82d8-0d42-4227-8e6f-7f884fb6e469\">Lataa<\/a><\/div>\n\n\n\n<div data-wp-interactive=\"core\/file\" class=\"wp-block-file\"><a id=\"wp-block-file--media-85df1b11-a0f0-4151-a144-5b25eb0d7409\" href=\"https:\/\/teknologiateollisuus.fi\/jasenille\/wp-content\/uploads\/sites\/1\/2025\/02\/Tutustu-ja-tienaa-TiPal-2024_2026.pdf\">Tietotekniikan palveluala<\/a><a href=\"https:\/\/teknologiateollisuus.fi\/jasenille\/wp-content\/uploads\/sites\/1\/2025\/02\/Tutustu-ja-tienaa-TiPal-2024_2026.pdf\" class=\"wp-block-file__button wp-element-button\" download aria-describedby=\"wp-block-file--media-85df1b11-a0f0-4151-a144-5b25eb0d7409\">Lataa<\/a><\/div>\n\n\n\n<div data-wp-interactive=\"core\/file\" class=\"wp-block-file\"><a id=\"wp-block-file--media-5982cbe8-3bde-4a08-9ecb-e53d124a947a\" href=\"https:\/\/teknologiateollisuus.fi\/jasenille\/wp-content\/uploads\/sites\/1\/2025\/02\/Tutustu-ja-tienaa-Pro-2024_2026.pdf\">Teknologiateollisuuden toimihenkil\u00f6t, Suunnittelu- ja konsulttialan toimihenkil\u00f6t<\/a><a href=\"https:\/\/teknologiateollisuus.fi\/jasenille\/wp-content\/uploads\/sites\/1\/2025\/02\/Tutustu-ja-tienaa-Pro-2024_2026.pdf\" class=\"wp-block-file__button wp-element-button\" download aria-describedby=\"wp-block-file--media-5982cbe8-3bde-4a08-9ecb-e53d124a947a\">Lataa<\/a><\/div>\n\n\n\n<div data-wp-interactive=\"core\/file\" class=\"wp-block-file\"><a id=\"wp-block-file--media-394c52ef-50be-43d2-bdd0-6014d9938c99\" href=\"https:\/\/teknologiateollisuus.fi\/jasenille\/wp-content\/uploads\/sites\/1\/2025\/02\/Tutustu-ja-tienaa-YTN-2024_2026-a.pdf\">Teknologiateollisuuden ylemm\u00e4t toimihenkil\u00f6t, Suunnittelu- ja konsulttialan toimihenkil\u00f6t<\/a><a href=\"https:\/\/teknologiateollisuus.fi\/jasenille\/wp-content\/uploads\/sites\/1\/2025\/02\/Tutustu-ja-tienaa-YTN-2024_2026-a.pdf\" class=\"wp-block-file__button wp-element-button\" download aria-describedby=\"wp-block-file--media-394c52ef-50be-43d2-bdd0-6014d9938c99\">Lataa<\/a><\/div>\n<\/div>\n\n\n\n<div class=\"wp-block-scb-columns scb-columns  has-mobile-behavior--stacked has-columns-1 em-pattern-event-contacts\">\n<div class=\"wp-block-scb-column scb-column is-scale-cover\">\n<h2 class=\"wp-block-heading\" id=\"lisatietoja\">Lis\u00e4tietoja<\/h2>\n\n\n\n<article class=\"em-block-contact-card is-style-list\">\n\n\t<div class=\"em-block-contact-card__image\">\n\t\t\t\t\t<img loading=\"lazy\" decoding=\"async\" width=\"300\" height=\"400\" src=\"https:\/\/teknologiateollisuus.fi\/jasenille\/wp-content\/uploads\/2025\/08\/Emma_Pesu_netti-b.png\" class=\"attachment-portrait size-portrait\" alt=\"\" \/>\t\t\t<\/div>\n\t<div class=\"em-block-contact-card__content-wrapper\">\n\t\t<div class=\"em-block-contact-card__content\">\n\t\t\t\t\t\t\t<div class=\"em-block-contact-card__business-units\">\n\t\t\t\t\t\t\t\t\t\t\t<span class=\"em-block-contact-card__business-unit\">Viestint\u00e4, yhteiskuntasuhteet ja j\u00e4senpalvelut<\/span>\n\t\t\t\t\t\t\t\t\t<\/div>\n\t\t\t\t\t\t<h3 class=\"em-block-contact-card__title\"><a target=\"_self\" href=\"https:\/\/teknologiateollisuus.fi\/?p=46056\">Pesu Emma<\/a><\/h3>\n\t\t\t\t\t\t\t<span class=\"em-block-contact-card__job_title\">Asiantuntija, viestint\u00e4 &#8211; Viestint\u00e4<\/span>\n\t\t\t\t\t\t\t\t\t\t<span class=\"em-block-contact-card__organisation\">Teknologiateollisuus ry<\/span>\n\t\t\t\t\t<\/div>\n\t\t<div class=\"em-block-contact-card__content\">\n\t\t\t\t\t\t<address class=\"em-block-contact-card__contact-details\">\n\t\t\t\t\t\t\t\t\t<span class=\"em-block-contact-card__phone\">\n\t\t\t\t\t\t<a href=\"tel:+358 50 543 5351\">+358 50 543 5351<\/a><\/a>\n\t\t\t\t\t<\/span>\n\t\t\t\t\t\t\t\t\t\t\t\t\t<span class=\"em-block-contact-card__email\">\n\t\t\t\t\t\t<a href=\"mailto:emma.pesu@teknologiateollisuus.fi\">emma.pesu@teknologiateollisuus.fi<\/a><\/a>\n\t\t\t\t\t<\/span>\n\t\t\t\t\t\t\t<\/address>\n\t\t\t\t\t<\/div>\n\t<\/div>\n\n<\/article>\n<\/div>\n\n\n\n<div class=\"wp-block-scb-column scb-column is-scale-cover\">\n<p>Ilmoituksiin liittyv\u00e4t kysymykset: <a href=\"mailto:asiakaspalvelu@duunitori.fi\">asiakaspalvelu@duunitori.fi<\/a>&nbsp;<\/p>\n<\/div>\n<\/div>\n","protected":false},"excerpt":{"rendered":"<p>TeknoKes\u00e4 2026 J\u00e4senyritystemme kes\u00e4ty\u00f6paikkoja yhteen ker\u00e4\u00e4v\u00e4 ja esiin nostava TeknoKes\u00e4-kampanja saa jatkoa. \u202fT\u00e4n\u00e4kin vuonna teknologia-alan kes\u00e4ty\u00f6paikat l\u00f6ytyv\u00e4t yhteisty\u00f6kumppanimme Duunitorin yll\u00e4pit\u00e4m\u00e4lt\u00e4 TeknoKes\u00e4-sivustolta. J\u00e4senyrityksemme voivat lis\u00e4t\u00e4 ty\u00f6paikkansa kampanjaan: N\u00e4in ilmoitus nousee automaattisesti TeknoKes\u00e4-sivustolle. Ilmoitus voi olla suomeksi tai englanniksi. Osallistuminen on j\u00e4senyrityksillemme maksutonta. Teknologiateollisuuden ja Duunitorin kes\u00e4ty\u00f6kampanja k\u00e4ynnistyy sosiaalisen median kanavissa alkuvuodesta 2026. Tutustu ty\u00f6el\u00e4m\u00e4\u00e4n ja tienaa [&hellip;]<\/p>\n","protected":false},"author":9,"featured_media":3323,"parent":1146,"menu_order":5,"comment_status":"closed","ping_status":"closed","template":"","meta":{"_acf_changed":false,"_relevanssi_hide_post":"","_relevanssi_hide_content":"","_relevanssi_pin_for_all":"","_relevanssi_pin_keywords":"","_relevanssi_unpin_keywords":"","_relevanssi_related_keywords":"","_relevanssi_related_include_ids":"","_relevanssi_related_exclude_ids":"","_relevanssi_related_no_append":"","_relevanssi_related_not_related":"","_relevanssi_related_posts":"168,169,166,165,1417,167","_relevanssi_noindex_reason":"","inline_featured_image":false,"growthstack-ab-test":[],"growthstack-ab-test-views":[],"footnotes":""},"class_list":["post-3817","page","type-page","status-publish","has-post-thumbnail","hentry"],"acf":{"is_store_related":false,"locked":false},"yoast_head":"<!-- This site is optimized with the Yoast SEO Premium plugin v27.1 (Yoast SEO v27.3) - https:\/\/yoast.com\/product\/yoast-seo-premium-wordpress\/ -->\n<title>Kes\u00e4ty\u00f6paikat - Teknologiateollisuus - J\u00e4senille<\/title>\n<meta name=\"description\" content=\"Teknologiateollisuuden yritysten kes\u00e4n 2025 ty\u00f6paikkailmoituskampanja on k\u00e4ynniss\u00e4. Ilmoita yrityksesi kes\u00e4ty\u00f6paikat TeknoKes\u00e4-sivustolle!\" \/>\n<meta name=\"robots\" content=\"index, follow, max-snippet:-1, max-image-preview:large, max-video-preview:-1\" \/>\n<link rel=\"canonical\" href=\"https:\/\/teknologiateollisuus.fi\/jasenille\/palvelut\/vetovoima-mytech\/kesatyopaikat\/\" \/>\n<meta property=\"og:locale\" content=\"fi_FI\" \/>\n<meta property=\"og:type\" content=\"article\" \/>\n<meta property=\"og:title\" content=\"Kes\u00e4ty\u00f6paikat\" \/>\n<meta property=\"og:description\" content=\"Teknologiateollisuuden yritysten kes\u00e4n 2025 ty\u00f6paikkailmoituskampanja on k\u00e4ynniss\u00e4. Ilmoita yrityksesi kes\u00e4ty\u00f6paikat TeknoKes\u00e4-sivustolle!\" \/>\n<meta property=\"og:url\" content=\"https:\/\/teknologiateollisuus.fi\/jasenille\/palvelut\/vetovoima-mytech\/kesatyopaikat\/\" \/>\n<meta property=\"og:site_name\" content=\"Teknologiateollisuus - J\u00e4senille\" \/>\n<meta property=\"article:modified_time\" content=\"2026-02-24T07:21:35+00:00\" \/>\n<meta property=\"og:image\" content=\"https:\/\/teknologiateollisuus.fi\/jasenille\/wp-content\/uploads\/sites\/1\/2024\/01\/Heureka_8101.jpg\" \/>\n\t<meta property=\"og:image:width\" content=\"1920\" \/>\n\t<meta property=\"og:image:height\" content=\"1281\" \/>\n\t<meta property=\"og:image:type\" content=\"image\/jpeg\" \/>\n<meta name=\"twitter:card\" content=\"summary_large_image\" \/>\n<meta name=\"twitter:label1\" content=\"Arvioitu lukuaika\" \/>\n\t<meta name=\"twitter:data1\" content=\"2 minuuttia\" \/>\n<script type=\"application\/ld+json\" class=\"yoast-schema-graph\">{\"@context\":\"https:\\\/\\\/schema.org\",\"@graph\":[{\"@type\":\"WebPage\",\"@id\":\"https:\\\/\\\/teknologiateollisuus.fi\\\/jasenille\\\/palvelut\\\/vetovoima-mytech\\\/kesatyopaikat\\\/\",\"url\":\"https:\\\/\\\/teknologiateollisuus.fi\\\/jasenille\\\/palvelut\\\/vetovoima-mytech\\\/kesatyopaikat\\\/\",\"name\":\"Kes\u00e4ty\u00f6paikat - Teknologiateollisuus - J\u00e4senille\",\"isPartOf\":{\"@id\":\"https:\\\/\\\/teknologiateollisuus.fi\\\/jasenille\\\/#website\"},\"primaryImageOfPage\":{\"@id\":\"https:\\\/\\\/teknologiateollisuus.fi\\\/jasenille\\\/palvelut\\\/vetovoima-mytech\\\/kesatyopaikat\\\/#primaryimage\"},\"image\":{\"@id\":\"https:\\\/\\\/teknologiateollisuus.fi\\\/jasenille\\\/palvelut\\\/vetovoima-mytech\\\/kesatyopaikat\\\/#primaryimage\"},\"thumbnailUrl\":\"https:\\\/\\\/teknologiateollisuus.fi\\\/jasenille\\\/wp-content\\\/uploads\\\/sites\\\/1\\\/2024\\\/01\\\/Heureka_8101.jpg\",\"datePublished\":\"2024-01-17T12:14:49+00:00\",\"dateModified\":\"2026-02-24T07:21:35+00:00\",\"description\":\"Teknologiateollisuuden yritysten kes\u00e4n 2025 ty\u00f6paikkailmoituskampanja on k\u00e4ynniss\u00e4. Ilmoita yrityksesi kes\u00e4ty\u00f6paikat TeknoKes\u00e4-sivustolle!\",\"breadcrumb\":{\"@id\":\"https:\\\/\\\/teknologiateollisuus.fi\\\/jasenille\\\/palvelut\\\/vetovoima-mytech\\\/kesatyopaikat\\\/#breadcrumb\"},\"inLanguage\":\"fi\",\"potentialAction\":[{\"@type\":\"ReadAction\",\"target\":[\"https:\\\/\\\/teknologiateollisuus.fi\\\/jasenille\\\/palvelut\\\/vetovoima-mytech\\\/kesatyopaikat\\\/\"]}]},{\"@type\":\"ImageObject\",\"inLanguage\":\"fi\",\"@id\":\"https:\\\/\\\/teknologiateollisuus.fi\\\/jasenille\\\/palvelut\\\/vetovoima-mytech\\\/kesatyopaikat\\\/#primaryimage\",\"url\":\"https:\\\/\\\/teknologiateollisuus.fi\\\/jasenille\\\/wp-content\\\/uploads\\\/sites\\\/1\\\/2024\\\/01\\\/Heureka_8101.jpg\",\"contentUrl\":\"https:\\\/\\\/teknologiateollisuus.fi\\\/jasenille\\\/wp-content\\\/uploads\\\/sites\\\/1\\\/2024\\\/01\\\/Heureka_8101.jpg\",\"width\":1920,\"height\":1281,\"caption\":\"Nuoret nauravat ja ottavat kuvaa k\u00e4nnyk\u00e4ll\u00e4.\"},{\"@type\":\"BreadcrumbList\",\"@id\":\"https:\\\/\\\/teknologiateollisuus.fi\\\/jasenille\\\/palvelut\\\/vetovoima-mytech\\\/kesatyopaikat\\\/#breadcrumb\",\"itemListElement\":[{\"@type\":\"ListItem\",\"position\":1,\"name\":\"Home\",\"item\":\"https:\\\/\\\/teknologiateollisuus.fi\\\/jasenille\\\/\"},{\"@type\":\"ListItem\",\"position\":2,\"name\":\"Palvelut\",\"item\":\"https:\\\/\\\/teknologiateollisuus.fi\\\/jasenille\\\/palvelut\\\/\"},{\"@type\":\"ListItem\",\"position\":3,\"name\":\"Vetovoima \u2013 MyTech \u00ae\",\"item\":\"https:\\\/\\\/teknologiateollisuus.fi\\\/jasenille\\\/palvelut\\\/vetovoima-mytech\\\/\"},{\"@type\":\"ListItem\",\"position\":4,\"name\":\"Kes\u00e4ty\u00f6paikat\"}]},{\"@type\":\"WebSite\",\"@id\":\"https:\\\/\\\/teknologiateollisuus.fi\\\/jasenille\\\/#website\",\"url\":\"https:\\\/\\\/teknologiateollisuus.fi\\\/jasenille\\\/\",\"name\":\"Teknologiateollisuus - J\u00e4senille\",\"description\":\"\",\"publisher\":{\"@id\":\"https:\\\/\\\/teknologiateollisuus.fi\\\/jasenille\\\/#organization\"},\"potentialAction\":[{\"@type\":\"SearchAction\",\"target\":{\"@type\":\"EntryPoint\",\"urlTemplate\":\"https:\\\/\\\/teknologiateollisuus.fi\\\/jasenille\\\/?s={search_term_string}\"},\"query-input\":{\"@type\":\"PropertyValueSpecification\",\"valueRequired\":true,\"valueName\":\"search_term_string\"}}],\"inLanguage\":\"fi\"},{\"@type\":\"Organization\",\"@id\":\"https:\\\/\\\/teknologiateollisuus.fi\\\/jasenille\\\/#organization\",\"name\":\"Teknologiateollisuus - J\u00e4senille\",\"url\":\"https:\\\/\\\/teknologiateollisuus.fi\\\/jasenille\\\/\",\"logo\":{\"@type\":\"ImageObject\",\"inLanguage\":\"fi\",\"@id\":\"https:\\\/\\\/teknologiateollisuus.fi\\\/jasenille\\\/#\\\/schema\\\/logo\\\/image\\\/\",\"url\":\"https:\\\/\\\/teknologiateollisuus.fi\\\/jasenille\\\/wp-content\\\/uploads\\\/sites\\\/1\\\/2023\\\/10\\\/placeholder.png\",\"contentUrl\":\"https:\\\/\\\/teknologiateollisuus.fi\\\/jasenille\\\/wp-content\\\/uploads\\\/sites\\\/1\\\/2023\\\/10\\\/placeholder.png\",\"width\":2560,\"height\":1920,\"caption\":\"Teknologiateollisuus - J\u00e4senille\"},\"image\":{\"@id\":\"https:\\\/\\\/teknologiateollisuus.fi\\\/jasenille\\\/#\\\/schema\\\/logo\\\/image\\\/\"}}]}<\/script>\n<!-- \/ Yoast SEO Premium plugin. -->","yoast_head_json":{"title":"Kes\u00e4ty\u00f6paikat - Teknologiateollisuus - J\u00e4senille","description":"Teknologiateollisuuden yritysten kes\u00e4n 2025 ty\u00f6paikkailmoituskampanja on k\u00e4ynniss\u00e4. Ilmoita yrityksesi kes\u00e4ty\u00f6paikat TeknoKes\u00e4-sivustolle!","robots":{"index":"index","follow":"follow","max-snippet":"max-snippet:-1","max-image-preview":"max-image-preview:large","max-video-preview":"max-video-preview:-1"},"canonical":"https:\/\/teknologiateollisuus.fi\/jasenille\/palvelut\/vetovoima-mytech\/kesatyopaikat\/","og_locale":"fi_FI","og_type":"article","og_title":"Kes\u00e4ty\u00f6paikat","og_description":"Teknologiateollisuuden yritysten kes\u00e4n 2025 ty\u00f6paikkailmoituskampanja on k\u00e4ynniss\u00e4. Ilmoita yrityksesi kes\u00e4ty\u00f6paikat TeknoKes\u00e4-sivustolle!","og_url":"https:\/\/teknologiateollisuus.fi\/jasenille\/palvelut\/vetovoima-mytech\/kesatyopaikat\/","og_site_name":"Teknologiateollisuus - J\u00e4senille","article_modified_time":"2026-02-24T07:21:35+00:00","og_image":[{"width":1920,"height":1281,"url":"https:\/\/teknologiateollisuus.fi\/jasenille\/wp-content\/uploads\/sites\/1\/2024\/01\/Heureka_8101.jpg","type":"image\/jpeg"}],"twitter_card":"summary_large_image","twitter_misc":{"Arvioitu lukuaika":"2 minuuttia"},"schema":{"@context":"https:\/\/schema.org","@graph":[{"@type":"WebPage","@id":"https:\/\/teknologiateollisuus.fi\/jasenille\/palvelut\/vetovoima-mytech\/kesatyopaikat\/","url":"https:\/\/teknologiateollisuus.fi\/jasenille\/palvelut\/vetovoima-mytech\/kesatyopaikat\/","name":"Kes\u00e4ty\u00f6paikat - Teknologiateollisuus - J\u00e4senille","isPartOf":{"@id":"https:\/\/teknologiateollisuus.fi\/jasenille\/#website"},"primaryImageOfPage":{"@id":"https:\/\/teknologiateollisuus.fi\/jasenille\/palvelut\/vetovoima-mytech\/kesatyopaikat\/#primaryimage"},"image":{"@id":"https:\/\/teknologiateollisuus.fi\/jasenille\/palvelut\/vetovoima-mytech\/kesatyopaikat\/#primaryimage"},"thumbnailUrl":"https:\/\/teknologiateollisuus.fi\/jasenille\/wp-content\/uploads\/sites\/1\/2024\/01\/Heureka_8101.jpg","datePublished":"2024-01-17T12:14:49+00:00","dateModified":"2026-02-24T07:21:35+00:00","description":"Teknologiateollisuuden yritysten kes\u00e4n 2025 ty\u00f6paikkailmoituskampanja on k\u00e4ynniss\u00e4. Ilmoita yrityksesi kes\u00e4ty\u00f6paikat TeknoKes\u00e4-sivustolle!","breadcrumb":{"@id":"https:\/\/teknologiateollisuus.fi\/jasenille\/palvelut\/vetovoima-mytech\/kesatyopaikat\/#breadcrumb"},"inLanguage":"fi","potentialAction":[{"@type":"ReadAction","target":["https:\/\/teknologiateollisuus.fi\/jasenille\/palvelut\/vetovoima-mytech\/kesatyopaikat\/"]}]},{"@type":"ImageObject","inLanguage":"fi","@id":"https:\/\/teknologiateollisuus.fi\/jasenille\/palvelut\/vetovoima-mytech\/kesatyopaikat\/#primaryimage","url":"https:\/\/teknologiateollisuus.fi\/jasenille\/wp-content\/uploads\/sites\/1\/2024\/01\/Heureka_8101.jpg","contentUrl":"https:\/\/teknologiateollisuus.fi\/jasenille\/wp-content\/uploads\/sites\/1\/2024\/01\/Heureka_8101.jpg","width":1920,"height":1281,"caption":"Nuoret nauravat ja ottavat kuvaa k\u00e4nnyk\u00e4ll\u00e4."},{"@type":"BreadcrumbList","@id":"https:\/\/teknologiateollisuus.fi\/jasenille\/palvelut\/vetovoima-mytech\/kesatyopaikat\/#breadcrumb","itemListElement":[{"@type":"ListItem","position":1,"name":"Home","item":"https:\/\/teknologiateollisuus.fi\/jasenille\/"},{"@type":"ListItem","position":2,"name":"Palvelut","item":"https:\/\/teknologiateollisuus.fi\/jasenille\/palvelut\/"},{"@type":"ListItem","position":3,"name":"Vetovoima \u2013 MyTech \u00ae","item":"https:\/\/teknologiateollisuus.fi\/jasenille\/palvelut\/vetovoima-mytech\/"},{"@type":"ListItem","position":4,"name":"Kes\u00e4ty\u00f6paikat"}]},{"@type":"WebSite","@id":"https:\/\/teknologiateollisuus.fi\/jasenille\/#website","url":"https:\/\/teknologiateollisuus.fi\/jasenille\/","name":"Teknologiateollisuus - J\u00e4senille","description":"","publisher":{"@id":"https:\/\/teknologiateollisuus.fi\/jasenille\/#organization"},"potentialAction":[{"@type":"SearchAction","target":{"@type":"EntryPoint","urlTemplate":"https:\/\/teknologiateollisuus.fi\/jasenille\/?s={search_term_string}"},"query-input":{"@type":"PropertyValueSpecification","valueRequired":true,"valueName":"search_term_string"}}],"inLanguage":"fi"},{"@type":"Organization","@id":"https:\/\/teknologiateollisuus.fi\/jasenille\/#organization","name":"Teknologiateollisuus - J\u00e4senille","url":"https:\/\/teknologiateollisuus.fi\/jasenille\/","logo":{"@type":"ImageObject","inLanguage":"fi","@id":"https:\/\/teknologiateollisuus.fi\/jasenille\/#\/schema\/logo\/image\/","url":"https:\/\/teknologiateollisuus.fi\/jasenille\/wp-content\/uploads\/sites\/1\/2023\/10\/placeholder.png","contentUrl":"https:\/\/teknologiateollisuus.fi\/jasenille\/wp-content\/uploads\/sites\/1\/2023\/10\/placeholder.png","width":2560,"height":1920,"caption":"Teknologiateollisuus - J\u00e4senille"},"image":{"@id":"https:\/\/teknologiateollisuus.fi\/jasenille\/#\/schema\/logo\/image\/"}}]}},"lang":"fi","translations":{"fi":3817},"pll_sync_post":[],"_links":{"self":[{"href":"https:\/\/teknologiateollisuus.fi\/jasenille\/wp-json\/wp\/v2\/pages\/3817","targetHints":{"allow":["GET"]}}],"collection":[{"href":"https:\/\/teknologiateollisuus.fi\/jasenille\/wp-json\/wp\/v2\/pages"}],"about":[{"href":"https:\/\/teknologiateollisuus.fi\/jasenille\/wp-json\/wp\/v2\/types\/page"}],"author":[{"embeddable":true,"href":"https:\/\/teknologiateollisuus.fi\/jasenille\/wp-json\/wp\/v2\/users\/9"}],"replies":[{"embeddable":true,"href":"https:\/\/teknologiateollisuus.fi\/jasenille\/wp-json\/wp\/v2\/comments?post=3817"}],"version-history":[{"count":30,"href":"https:\/\/teknologiateollisuus.fi\/jasenille\/wp-json\/wp\/v2\/pages\/3817\/revisions"}],"predecessor-version":[{"id":29241,"href":"https:\/\/teknologiateollisuus.fi\/jasenille\/wp-json\/wp\/v2\/pages\/3817\/revisions\/29241"}],"up":[{"embeddable":true,"href":"https:\/\/teknologiateollisuus.fi\/jasenille\/wp-json\/wp\/v2\/pages\/1146"}],"wp:featuredmedia":[{"embeddable":true,"href":"https:\/\/teknologiateollisuus.fi\/jasenille\/wp-json\/wp\/v2\/media\/3323"}],"wp:attachment":[{"href":"https:\/\/teknologiateollisuus.fi\/jasenille\/wp-json\/wp\/v2\/media?parent=3817"}],"curies":[{"name":"wp","href":"https:\/\/api.w.org\/{rel}","templated":true}]}}