{"id":4029,"date":"2024-01-24T12:01:38","date_gmt":"2024-01-24T10:01:38","guid":{"rendered":"https:\/\/teknologiateollisuus.fi\/jasenille\/?page_id=4029"},"modified":"2025-07-18T14:13:56","modified_gmt":"2025-07-18T11:13:56","slug":"it-osaajia-intiasta","status":"publish","type":"page","link":"https:\/\/teknologiateollisuus.fi\/jasenille\/palvelut\/kasvupalvelut\/osaajat-ja-vetovoima\/kansainvalisten-osaajien-rekrytointi\/it-osaajia-intiasta\/","title":{"rendered":"IT-osaajia Intiasta"},"content":{"rendered":"\n<div class=\"em-block-hero hero-has-background-color has-background has-black-background-color collapse  \">\n\t<div class=\"em-block-hero__container\">\n\t\t<div class=\"em-block-hero__content\">\n\t\t\t<div class=\"yoast-breadcrumbs\"><span><span><a href=\"https:\/\/teknologiateollisuus.fi\/jasenille\/\">Home<\/a><\/span> <span class=\"separator\"><\/span> <span><a href=\"https:\/\/teknologiateollisuus.fi\/jasenille\/palvelut\/\">Palvelut<\/a><\/span> <span class=\"separator\"><\/span> <span><a href=\"https:\/\/teknologiateollisuus.fi\/jasenille\/palvelut\/kasvupalvelut\/\">Kasvupalvelut<\/a><\/span> <span class=\"separator\"><\/span> <span><a href=\"https:\/\/teknologiateollisuus.fi\/jasenille\/palvelut\/kasvupalvelut\/osaajat-ja-vetovoima\/\">Osaajat ja vetovoima<\/a><\/span> <span class=\"separator\"><\/span> <span><a href=\"https:\/\/teknologiateollisuus.fi\/jasenille\/palvelut\/kasvupalvelut\/osaajat-ja-vetovoima\/kansainvalisten-osaajien-rekrytointi\/\">Kansainv\u00e4listen osaajien rekrytointi<\/a><\/span> <span class=\"separator\"><\/span> <span class=\"breadcrumb_last\" aria-current=\"page\">IT-osaajia Intiasta<\/span><\/span><\/div>\t\t\t\n<h1 class=\"wp-block-heading\" id=\"h-it-osaajia-intiasta\">IT-osaajia Intiasta<\/h1>\n\n<p>Kokoamme Teknologiateollisuus ry:n j\u00e4senyritysten ICT-osaajatarpeet. Tarpeiden pohjalta rakennetaan osaajahoukuttelumalli ja sujuva rekrytointikanava Intiasta Suomeen. Yhteisty\u00f6ss\u00e4 Espoon kaupungin kanssa varmistetaan asettautumispalveluiden toimivuus. Migri ja luotettavat osaajav\u00e4lityspalvelut Intiassa ovat mukava yhteisty\u00f6ss\u00e4 ja varmistavat prosessin toimivuuden.<\/p>\n\t\t\t<div class=\"em-block-hero__modified-date\"> P\u00e4ivitetty 18.07.2025 klo 14:13<\/div>\t\t<\/div>\n\t\t\t\t\t<figure class=\"em-block-hero__image\">\n\t\t\t\t\t\t\t<\/figure>\n\t\t\t<\/div>\n<\/div>\n\n\n\n<h2 class=\"wp-block-heading\" id=\"h-ratkaisu-it-alan-osaajapulaan\" id=\"ratkaisu-it-alan-osaajapulaan\">Ratkaisu IT-alan osaajapulaan<\/h2>\n\n\n\n<div class=\"wp-block-scb-columns scb-columns has-2-column-layout--33-66 has-mobile-behavior--stacked has-auto-fit\">\n<div class=\"wp-block-scb-column scb-column is-scale-cover\">\n<h2 class=\"wp-block-heading\" id=\"h-mita\" id=\"mita\">Mit\u00e4?<\/h2>\n<\/div>\n\n\n\n<div class=\"wp-block-scb-column scb-column is-scale-cover\">\n<ul class=\"wp-block-list\">\n<li>Yrityksell\u00e4 on IT-osaajatarve vuoden 2024 aikana &#8211; projekti tukee rekrytoinnin tekemisess\u00e4 Intiasta.<\/li>\n\n\n\n<li>Yrityksen ei tarvitse toimia IT-alalla. IT-osaajien tarve riitt\u00e4\u00e4.<\/li>\n\n\n\n<li>Yrityksen on toimittava Suomessa.<\/li>\n<\/ul>\n<\/div>\n<\/div>\n\n\n\n<div class=\"wp-block-scb-columns scb-columns has-2-column-layout--33-66 has-mobile-behavior--stacked has-auto-fit\">\n<div class=\"wp-block-scb-column scb-column is-scale-cover\">\n<h2 class=\"wp-block-heading\" id=\"h-miten\" id=\"miten\">Miten?<\/h2>\n<\/div>\n\n\n\n<div class=\"wp-block-scb-column scb-column is-scale-cover\">\n<ul class=\"wp-block-list\">\n<li>Verkosto tukee yrityst\u00e4 koko prosessin ajan.<\/li>\n\n\n\n<li>Teknologiateollisuus ry kokoaa osaajatarpeet ja johtaa toimintaa yhteisty\u00f6ss\u00e4 Espoon kaupungin kanssa.<\/li>\n\n\n\n<li>Espoon kaupunki tukee osaajia ja heid\u00e4n perheit\u00e4\u00e4n kotoutumisessa Suomeen.<\/li>\n\n\n\n<li>L\u00e4hetyst\u00f6t ja Migri tukevat maahantulon sujuvuutta.<\/li>\n<\/ul>\n<\/div>\n<\/div>\n\n\n\n<div class=\"wp-block-scb-columns scb-columns has-2-column-layout--33-66 has-mobile-behavior--stacked has-auto-fit\">\n<div class=\"wp-block-scb-column scb-column is-scale-cover\">\n<h2 class=\"wp-block-heading\" id=\"h-mista\" id=\"mista\">Mist\u00e4?<\/h2>\n<\/div>\n\n\n\n<div class=\"wp-block-scb-column scb-column is-scale-cover\">\n<ul class=\"wp-block-list\">\n<li>Luotettavat osaajav\u00e4lityspalvelut Intiassa auttavat l\u00f6yt\u00e4m\u00e4\u00e4n yrityksen tarpeisiin sopivan osaajan.<\/li>\n<\/ul>\n<\/div>\n<\/div>\n\n\n\n<figure class=\"wp-block-image size-large\"><img loading=\"lazy\" decoding=\"async\" width=\"800\" height=\"382\" src=\"https:\/\/teknologiateollisuus.fi\/jasenille\/wp-content\/uploads\/sites\/1\/2024\/01\/Prosessi-800x382.png\" alt=\"Kuvituskuva, jossa kuvattu prosessi Teknologiateollisuus ker\u00e4\u00e4 yritysten osaajatarpeet. Espoon kaupunki varmistaa asettautumisen. Migri ja luotettavat osaajav\u00e4lityspalvelut Intiassa varmistavat osaajien l\u00f6ytymisen ja sujuvan maahanmuuton prosessin.\" class=\"wp-image-4173\" srcset=\"https:\/\/teknologiateollisuus.fi\/jasenille\/wp-content\/uploads\/sites\/1\/2024\/01\/Prosessi-800x382.png 800w, https:\/\/teknologiateollisuus.fi\/jasenille\/wp-content\/uploads\/sites\/1\/2024\/01\/Prosessi-400x191.png 400w, https:\/\/teknologiateollisuus.fi\/jasenille\/wp-content\/uploads\/sites\/1\/2024\/01\/Prosessi-768x366.png 768w, https:\/\/teknologiateollisuus.fi\/jasenille\/wp-content\/uploads\/sites\/1\/2024\/01\/Prosessi.png 1266w\" sizes=\"auto, (max-width: 800px) 100vw, 800px\" \/><\/figure>\n\n\n\n<div class=\"wp-block-group em-pattern-key-figures mt-sm has-blue-background-color has-background is-layout-constrained wp-block-group-is-layout-constrained\">\n<h2 class=\"wp-block-heading has-text-align-left  mb-xs\" id=\"h-osaajapula-ei-ole-katoamassa\" id=\"osaajapula-ei-ole-katoamassa\">Osaajapula ei ole katoamassa<\/h2>\n\n\n\n<p>Teknologiateollisuus ry:n j\u00e4senyritykset raportoivat osaajapulan olevan keskeinen kasvun este. IT-alan osaajia tarvitaan my\u00f6s muilla teknologiateollisuuden toimialoilla, kun ohjelmistojen ja datan merkitys kasvaa tuotteissa, palveluissa ja tuotannossa. Teknologiateollisuuden Osaamispulssi kertoo tuoreimman tiedon alan osaamistarpeista.<\/p>\n\n\n\n<div class=\"wp-block-scb-columns scb-columns  has-mobile-behavior--stacked has-columns-3 em-pattern-key-figures__stats mb-xs\">\n<div class=\"wp-block-scb-column scb-column is-scale-cover\">\n<p class=\"has-text-align-left mb-xs has-h-2-font-size\">+ 3200<\/p>\n\n\n\n<p class=\"has-text-align-left\">IT-alan osaajatarve vuodessa<\/p>\n<\/div>\n\n\n\n<div class=\"wp-block-scb-column scb-column is-scale-cover\">\n<p class=\"has-text-align-left mb-xs has-h-2-font-size\">81 %<\/p>\n\n\n\n<p class=\"has-text-align-left\">Korkeakoulutus<\/p>\n<\/div>\n\n\n\n<div class=\"wp-block-scb-column scb-column is-scale-cover\">\n<p class=\"has-text-align-left mb-xs has-h-2-font-size\">84 500<\/p>\n\n\n\n<p class=\"has-text-align-left\">Henkil\u00f6st\u00f6m\u00e4\u00e4r\u00e4 IT-alalla<\/p>\n<\/div>\n<\/div>\n<\/div>\n\n\n\n<div class=\"wp-block-evermade-links em-block-links has-columns-1\">\n<a\n\tclass=\"wp-block-evermade-external-link em-block-link is-external   \"\n\thref=\"https:\/\/osaamispulssi.fi\/\"\n\taria-label=\"Avaa uudessa v\u00e4lilehdess\u00e4\"\n\ttarget=\"_blank\"\n\trel=\"noopener noreferrer\"\n>\n\t<div class=\"em-block-link__content\">\n\t\t<span class=\"em-block-link__title\">\n\t\t\tLis\u00e4tietoa osaajatarpeista\t\t<\/span>\n\t\t\t<\/div>\n\t<div class=\"em-block-link__arrow\"><\/div>\n\t<div class=\"em-block-link__pressable\"><\/div>\n<\/a>\n<\/div>\n\n\n\n<div class=\"wp-block-scb-columns scb-columns  has-mobile-behavior--stacked has-auto-fit em-pattern-event-contacts\">\n<div class=\"wp-block-scb-column scb-column is-scale-cover\">\n<h2 class=\"wp-block-heading\" id=\"h-lisatiedot\" id=\"lisatiedot\">Lis\u00e4tiedot:<\/h2>\n\n\n\n<article class=\"em-block-contact-card is-style-list\">\n\n\t<div class=\"em-block-contact-card__image\">\n\t\t\t\t\t<img loading=\"lazy\" decoding=\"async\" width=\"300\" height=\"400\" src=\"https:\/\/teknologiateollisuus.fi\/jasenille\/wp-content\/uploads\/2024\/05\/phpou6ijo.jpg\" class=\"attachment-portrait size-portrait\" alt=\"\" \/>\t\t\t<\/div>\n\t<div class=\"em-block-contact-card__content-wrapper\">\n\t\t<div class=\"em-block-contact-card__content\">\n\t\t\t\t\t\t\t<div class=\"em-block-contact-card__business-units\">\n\t\t\t\t\t\t\t\t\t\t\t<span class=\"em-block-contact-card__business-unit\">Uudet teknologiat ja osaaminen<\/span>\n\t\t\t\t\t\t\t\t\t<\/div>\n\t\t\t\t\t\t<h3 class=\"em-block-contact-card__title\"><a target=\"_self\" href=\"https:\/\/teknologiateollisuus.fi\/?p=1238\">Hiidenvuori Eero<\/a><\/h3>\n\t\t\t\t\t\t\t<span class=\"em-block-contact-card__job_title\">Johtava asiantuntija, ammatillinen koulutus ja ty\u00f6h\u00f6n johtava maahanmuutto &#8211; Osaava ty\u00f6voima<\/span>\n\t\t\t\t\t\t\t\t\t\t<span class=\"em-block-contact-card__organisation\">Teknologiateollisuus ry<\/span>\n\t\t\t\t\t<\/div>\n\t\t<div class=\"em-block-contact-card__content\">\n\t\t\t\t\t\t<address class=\"em-block-contact-card__contact-details\">\n\t\t\t\t\t\t\t\t\t<span class=\"em-block-contact-card__phone\">\n\t\t\t\t\t\t<a href=\"tel:+358 404893083\">+358 404893083<\/a><\/a>\n\t\t\t\t\t<\/span>\n\t\t\t\t\t\t\t\t\t\t\t\t\t<span class=\"em-block-contact-card__email\">\n\t\t\t\t\t\t<a href=\"mailto:eero.hiidenvuori@teknologiateollisuus.fi\">eero.hiidenvuori@teknologiateollisuus.fi<\/a><\/a>\n\t\t\t\t\t<\/span>\n\t\t\t\t\t\t\t<\/address>\n\t\t\t\t\t<\/div>\n\t<\/div>\n\n<\/article>\n<\/div>\n<\/div>\n","protected":false},"excerpt":{"rendered":"<p>Ratkaisu IT-alan osaajapulaan Osaajapula ei ole katoamassa Teknologiateollisuus ry:n j\u00e4senyritykset raportoivat osaajapulan olevan keskeinen kasvun este. IT-alan osaajia tarvitaan my\u00f6s muilla teknologiateollisuuden toimialoilla, kun ohjelmistojen ja datan merkitys kasvaa tuotteissa, palveluissa ja tuotannossa. Teknologiateollisuuden Osaamispulssi kertoo tuoreimman tiedon alan osaamistarpeista.<\/p>\n","protected":false},"author":7,"featured_media":0,"parent":1162,"menu_order":0,"comment_status":"closed","ping_status":"closed","template":"","meta":{"_acf_changed":false,"_relevanssi_hide_post":"","_relevanssi_hide_content":"","_relevanssi_pin_for_all":"","_relevanssi_pin_keywords":"","_relevanssi_unpin_keywords":"","_relevanssi_related_keywords":"","_relevanssi_related_include_ids":"","_relevanssi_related_exclude_ids":"","_relevanssi_related_no_append":"","_relevanssi_related_not_related":"","_relevanssi_related_posts":"168,169,1417,165,166,167","_relevanssi_noindex_reason":"","inline_featured_image":false,"growthstack-ab-test":[],"growthstack-ab-test-views":[],"footnotes":""},"class_list":["post-4029","page","type-page","status-publish","hentry"],"acf":{"is_store_related":false,"locked":false},"yoast_head":"<!-- This site is optimized with the Yoast SEO Premium plugin v27.1 (Yoast SEO v27.4) - https:\/\/yoast.com\/product\/yoast-seo-premium-wordpress\/ -->\n<title>IT-osaajia Intiasta - Teknologiateollisuus - J\u00e4senille<\/title>\n<meta name=\"description\" content=\"Maahanmuutto ratkaisee osaajien saatavuuden haasteita. IT-osaajia Intiasta toimintamalli helpottaa osaajien saatavuutta.\" \/>\n<meta name=\"robots\" content=\"index, follow, max-snippet:-1, max-image-preview:large, max-video-preview:-1\" \/>\n<link rel=\"canonical\" href=\"https:\/\/teknologiateollisuus.fi\/jasenille\/palvelut\/kasvupalvelut\/osaajat-ja-vetovoima\/kansainvalisten-osaajien-rekrytointi\/it-osaajia-intiasta\/\" \/>\n<meta property=\"og:locale\" content=\"fi_FI\" \/>\n<meta property=\"og:type\" content=\"article\" \/>\n<meta property=\"og:title\" content=\"IT-osaajia Intiasta\" \/>\n<meta property=\"og:description\" content=\"Maahanmuutto ratkaisee osaajien saatavuuden haasteita. IT-osaajia Intiasta toimintamalli helpottaa osaajien saatavuutta.\" \/>\n<meta property=\"og:url\" content=\"https:\/\/teknologiateollisuus.fi\/jasenille\/palvelut\/kasvupalvelut\/osaajat-ja-vetovoima\/kansainvalisten-osaajien-rekrytointi\/it-osaajia-intiasta\/\" \/>\n<meta property=\"og:site_name\" content=\"Teknologiateollisuus - J\u00e4senille\" \/>\n<meta property=\"article:modified_time\" content=\"2025-07-18T11:13:56+00:00\" \/>\n<meta property=\"og:image\" content=\"https:\/\/teknologiateollisuus.fi\/jasenille\/wp-content\/uploads\/sites\/1\/2024\/01\/Prosessi.png\" \/>\n\t<meta property=\"og:image:width\" content=\"1266\" \/>\n\t<meta property=\"og:image:height\" content=\"604\" \/>\n\t<meta property=\"og:image:type\" content=\"image\/png\" \/>\n<meta name=\"twitter:card\" content=\"summary_large_image\" \/>\n<meta name=\"twitter:label1\" content=\"Arvioitu lukuaika\" \/>\n\t<meta name=\"twitter:data1\" content=\"2 minuuttia\" \/>\n<script type=\"application\/ld+json\" class=\"yoast-schema-graph\">{\"@context\":\"https:\\\/\\\/schema.org\",\"@graph\":[{\"@type\":\"WebPage\",\"@id\":\"https:\\\/\\\/teknologiateollisuus.fi\\\/jasenille\\\/palvelut\\\/kasvupalvelut\\\/osaajat-ja-vetovoima\\\/kansainvalisten-osaajien-rekrytointi\\\/it-osaajia-intiasta\\\/\",\"url\":\"https:\\\/\\\/teknologiateollisuus.fi\\\/jasenille\\\/palvelut\\\/kasvupalvelut\\\/osaajat-ja-vetovoima\\\/kansainvalisten-osaajien-rekrytointi\\\/it-osaajia-intiasta\\\/\",\"name\":\"IT-osaajia Intiasta - Teknologiateollisuus - J\u00e4senille\",\"isPartOf\":{\"@id\":\"https:\\\/\\\/teknologiateollisuus.fi\\\/jasenille\\\/#website\"},\"primaryImageOfPage\":{\"@id\":\"https:\\\/\\\/teknologiateollisuus.fi\\\/jasenille\\\/palvelut\\\/kasvupalvelut\\\/osaajat-ja-vetovoima\\\/kansainvalisten-osaajien-rekrytointi\\\/it-osaajia-intiasta\\\/#primaryimage\"},\"image\":{\"@id\":\"https:\\\/\\\/teknologiateollisuus.fi\\\/jasenille\\\/palvelut\\\/kasvupalvelut\\\/osaajat-ja-vetovoima\\\/kansainvalisten-osaajien-rekrytointi\\\/it-osaajia-intiasta\\\/#primaryimage\"},\"thumbnailUrl\":\"https:\\\/\\\/teknologiateollisuus.fi\\\/jasenille\\\/wp-content\\\/uploads\\\/sites\\\/1\\\/2024\\\/01\\\/Prosessi-800x382.png\",\"datePublished\":\"2024-01-24T10:01:38+00:00\",\"dateModified\":\"2025-07-18T11:13:56+00:00\",\"description\":\"Maahanmuutto ratkaisee osaajien saatavuuden haasteita. IT-osaajia Intiasta toimintamalli helpottaa osaajien saatavuutta.\",\"breadcrumb\":{\"@id\":\"https:\\\/\\\/teknologiateollisuus.fi\\\/jasenille\\\/palvelut\\\/kasvupalvelut\\\/osaajat-ja-vetovoima\\\/kansainvalisten-osaajien-rekrytointi\\\/it-osaajia-intiasta\\\/#breadcrumb\"},\"inLanguage\":\"fi\",\"potentialAction\":[{\"@type\":\"ReadAction\",\"target\":[\"https:\\\/\\\/teknologiateollisuus.fi\\\/jasenille\\\/palvelut\\\/kasvupalvelut\\\/osaajat-ja-vetovoima\\\/kansainvalisten-osaajien-rekrytointi\\\/it-osaajia-intiasta\\\/\"]}]},{\"@type\":\"ImageObject\",\"inLanguage\":\"fi\",\"@id\":\"https:\\\/\\\/teknologiateollisuus.fi\\\/jasenille\\\/palvelut\\\/kasvupalvelut\\\/osaajat-ja-vetovoima\\\/kansainvalisten-osaajien-rekrytointi\\\/it-osaajia-intiasta\\\/#primaryimage\",\"url\":\"https:\\\/\\\/teknologiateollisuus.fi\\\/jasenille\\\/wp-content\\\/uploads\\\/sites\\\/1\\\/2024\\\/01\\\/Prosessi.png\",\"contentUrl\":\"https:\\\/\\\/teknologiateollisuus.fi\\\/jasenille\\\/wp-content\\\/uploads\\\/sites\\\/1\\\/2024\\\/01\\\/Prosessi.png\",\"width\":1266,\"height\":604,\"caption\":\"Kuvituskuva, jossa kuvattu prosessi Teknologiateollisuus ker\u00e4\u00e4 yritysten osaajatarpeet. Espoon kaupunki varmistaa asettautumisen. Migri ja luotettavat osaajav\u00e4lityspalvelut Intiassa varmistavat osaajien l\u00f6ytymisen ja sujuvan maahanmuuton prosessin.\"},{\"@type\":\"BreadcrumbList\",\"@id\":\"https:\\\/\\\/teknologiateollisuus.fi\\\/jasenille\\\/palvelut\\\/kasvupalvelut\\\/osaajat-ja-vetovoima\\\/kansainvalisten-osaajien-rekrytointi\\\/it-osaajia-intiasta\\\/#breadcrumb\",\"itemListElement\":[{\"@type\":\"ListItem\",\"position\":1,\"name\":\"Home\",\"item\":\"https:\\\/\\\/teknologiateollisuus.fi\\\/jasenille\\\/\"},{\"@type\":\"ListItem\",\"position\":2,\"name\":\"Palvelut\",\"item\":\"https:\\\/\\\/teknologiateollisuus.fi\\\/jasenille\\\/palvelut\\\/\"},{\"@type\":\"ListItem\",\"position\":3,\"name\":\"Kasvupalvelut\",\"item\":\"https:\\\/\\\/teknologiateollisuus.fi\\\/jasenille\\\/palvelut\\\/kasvupalvelut\\\/\"},{\"@type\":\"ListItem\",\"position\":4,\"name\":\"Osaajat ja vetovoima\",\"item\":\"https:\\\/\\\/teknologiateollisuus.fi\\\/jasenille\\\/palvelut\\\/kasvupalvelut\\\/osaajat-ja-vetovoima\\\/\"},{\"@type\":\"ListItem\",\"position\":5,\"name\":\"Kansainv\u00e4listen osaajien rekrytointi\",\"item\":\"https:\\\/\\\/teknologiateollisuus.fi\\\/jasenille\\\/palvelut\\\/kasvupalvelut\\\/osaajat-ja-vetovoima\\\/kansainvalisten-osaajien-rekrytointi\\\/\"},{\"@type\":\"ListItem\",\"position\":6,\"name\":\"IT-osaajia Intiasta\"}]},{\"@type\":\"WebSite\",\"@id\":\"https:\\\/\\\/teknologiateollisuus.fi\\\/jasenille\\\/#website\",\"url\":\"https:\\\/\\\/teknologiateollisuus.fi\\\/jasenille\\\/\",\"name\":\"Teknologiateollisuus - J\u00e4senille\",\"description\":\"\",\"publisher\":{\"@id\":\"https:\\\/\\\/teknologiateollisuus.fi\\\/jasenille\\\/#organization\"},\"potentialAction\":[{\"@type\":\"SearchAction\",\"target\":{\"@type\":\"EntryPoint\",\"urlTemplate\":\"https:\\\/\\\/teknologiateollisuus.fi\\\/jasenille\\\/?s={search_term_string}\"},\"query-input\":{\"@type\":\"PropertyValueSpecification\",\"valueRequired\":true,\"valueName\":\"search_term_string\"}}],\"inLanguage\":\"fi\"},{\"@type\":\"Organization\",\"@id\":\"https:\\\/\\\/teknologiateollisuus.fi\\\/jasenille\\\/#organization\",\"name\":\"Teknologiateollisuus - J\u00e4senille\",\"url\":\"https:\\\/\\\/teknologiateollisuus.fi\\\/jasenille\\\/\",\"logo\":{\"@type\":\"ImageObject\",\"inLanguage\":\"fi\",\"@id\":\"https:\\\/\\\/teknologiateollisuus.fi\\\/jasenille\\\/#\\\/schema\\\/logo\\\/image\\\/\",\"url\":\"https:\\\/\\\/teknologiateollisuus.fi\\\/jasenille\\\/wp-content\\\/uploads\\\/sites\\\/1\\\/2023\\\/10\\\/placeholder.png\",\"contentUrl\":\"https:\\\/\\\/teknologiateollisuus.fi\\\/jasenille\\\/wp-content\\\/uploads\\\/sites\\\/1\\\/2023\\\/10\\\/placeholder.png\",\"width\":2560,\"height\":1920,\"caption\":\"Teknologiateollisuus - J\u00e4senille\"},\"image\":{\"@id\":\"https:\\\/\\\/teknologiateollisuus.fi\\\/jasenille\\\/#\\\/schema\\\/logo\\\/image\\\/\"}}]}<\/script>\n<!-- \/ Yoast SEO Premium plugin. -->","yoast_head_json":{"title":"IT-osaajia Intiasta - Teknologiateollisuus - J\u00e4senille","description":"Maahanmuutto ratkaisee osaajien saatavuuden haasteita. IT-osaajia Intiasta toimintamalli helpottaa osaajien saatavuutta.","robots":{"index":"index","follow":"follow","max-snippet":"max-snippet:-1","max-image-preview":"max-image-preview:large","max-video-preview":"max-video-preview:-1"},"canonical":"https:\/\/teknologiateollisuus.fi\/jasenille\/palvelut\/kasvupalvelut\/osaajat-ja-vetovoima\/kansainvalisten-osaajien-rekrytointi\/it-osaajia-intiasta\/","og_locale":"fi_FI","og_type":"article","og_title":"IT-osaajia Intiasta","og_description":"Maahanmuutto ratkaisee osaajien saatavuuden haasteita. IT-osaajia Intiasta toimintamalli helpottaa osaajien saatavuutta.","og_url":"https:\/\/teknologiateollisuus.fi\/jasenille\/palvelut\/kasvupalvelut\/osaajat-ja-vetovoima\/kansainvalisten-osaajien-rekrytointi\/it-osaajia-intiasta\/","og_site_name":"Teknologiateollisuus - J\u00e4senille","article_modified_time":"2025-07-18T11:13:56+00:00","og_image":[{"width":1266,"height":604,"url":"https:\/\/teknologiateollisuus.fi\/jasenille\/wp-content\/uploads\/sites\/1\/2024\/01\/Prosessi.png","type":"image\/png"}],"twitter_card":"summary_large_image","twitter_misc":{"Arvioitu lukuaika":"2 minuuttia"},"schema":{"@context":"https:\/\/schema.org","@graph":[{"@type":"WebPage","@id":"https:\/\/teknologiateollisuus.fi\/jasenille\/palvelut\/kasvupalvelut\/osaajat-ja-vetovoima\/kansainvalisten-osaajien-rekrytointi\/it-osaajia-intiasta\/","url":"https:\/\/teknologiateollisuus.fi\/jasenille\/palvelut\/kasvupalvelut\/osaajat-ja-vetovoima\/kansainvalisten-osaajien-rekrytointi\/it-osaajia-intiasta\/","name":"IT-osaajia Intiasta - Teknologiateollisuus - J\u00e4senille","isPartOf":{"@id":"https:\/\/teknologiateollisuus.fi\/jasenille\/#website"},"primaryImageOfPage":{"@id":"https:\/\/teknologiateollisuus.fi\/jasenille\/palvelut\/kasvupalvelut\/osaajat-ja-vetovoima\/kansainvalisten-osaajien-rekrytointi\/it-osaajia-intiasta\/#primaryimage"},"image":{"@id":"https:\/\/teknologiateollisuus.fi\/jasenille\/palvelut\/kasvupalvelut\/osaajat-ja-vetovoima\/kansainvalisten-osaajien-rekrytointi\/it-osaajia-intiasta\/#primaryimage"},"thumbnailUrl":"https:\/\/teknologiateollisuus.fi\/jasenille\/wp-content\/uploads\/sites\/1\/2024\/01\/Prosessi-800x382.png","datePublished":"2024-01-24T10:01:38+00:00","dateModified":"2025-07-18T11:13:56+00:00","description":"Maahanmuutto ratkaisee osaajien saatavuuden haasteita. IT-osaajia Intiasta toimintamalli helpottaa osaajien saatavuutta.","breadcrumb":{"@id":"https:\/\/teknologiateollisuus.fi\/jasenille\/palvelut\/kasvupalvelut\/osaajat-ja-vetovoima\/kansainvalisten-osaajien-rekrytointi\/it-osaajia-intiasta\/#breadcrumb"},"inLanguage":"fi","potentialAction":[{"@type":"ReadAction","target":["https:\/\/teknologiateollisuus.fi\/jasenille\/palvelut\/kasvupalvelut\/osaajat-ja-vetovoima\/kansainvalisten-osaajien-rekrytointi\/it-osaajia-intiasta\/"]}]},{"@type":"ImageObject","inLanguage":"fi","@id":"https:\/\/teknologiateollisuus.fi\/jasenille\/palvelut\/kasvupalvelut\/osaajat-ja-vetovoima\/kansainvalisten-osaajien-rekrytointi\/it-osaajia-intiasta\/#primaryimage","url":"https:\/\/teknologiateollisuus.fi\/jasenille\/wp-content\/uploads\/sites\/1\/2024\/01\/Prosessi.png","contentUrl":"https:\/\/teknologiateollisuus.fi\/jasenille\/wp-content\/uploads\/sites\/1\/2024\/01\/Prosessi.png","width":1266,"height":604,"caption":"Kuvituskuva, jossa kuvattu prosessi Teknologiateollisuus ker\u00e4\u00e4 yritysten osaajatarpeet. Espoon kaupunki varmistaa asettautumisen. Migri ja luotettavat osaajav\u00e4lityspalvelut Intiassa varmistavat osaajien l\u00f6ytymisen ja sujuvan maahanmuuton prosessin."},{"@type":"BreadcrumbList","@id":"https:\/\/teknologiateollisuus.fi\/jasenille\/palvelut\/kasvupalvelut\/osaajat-ja-vetovoima\/kansainvalisten-osaajien-rekrytointi\/it-osaajia-intiasta\/#breadcrumb","itemListElement":[{"@type":"ListItem","position":1,"name":"Home","item":"https:\/\/teknologiateollisuus.fi\/jasenille\/"},{"@type":"ListItem","position":2,"name":"Palvelut","item":"https:\/\/teknologiateollisuus.fi\/jasenille\/palvelut\/"},{"@type":"ListItem","position":3,"name":"Kasvupalvelut","item":"https:\/\/teknologiateollisuus.fi\/jasenille\/palvelut\/kasvupalvelut\/"},{"@type":"ListItem","position":4,"name":"Osaajat ja vetovoima","item":"https:\/\/teknologiateollisuus.fi\/jasenille\/palvelut\/kasvupalvelut\/osaajat-ja-vetovoima\/"},{"@type":"ListItem","position":5,"name":"Kansainv\u00e4listen osaajien rekrytointi","item":"https:\/\/teknologiateollisuus.fi\/jasenille\/palvelut\/kasvupalvelut\/osaajat-ja-vetovoima\/kansainvalisten-osaajien-rekrytointi\/"},{"@type":"ListItem","position":6,"name":"IT-osaajia Intiasta"}]},{"@type":"WebSite","@id":"https:\/\/teknologiateollisuus.fi\/jasenille\/#website","url":"https:\/\/teknologiateollisuus.fi\/jasenille\/","name":"Teknologiateollisuus - J\u00e4senille","description":"","publisher":{"@id":"https:\/\/teknologiateollisuus.fi\/jasenille\/#organization"},"potentialAction":[{"@type":"SearchAction","target":{"@type":"EntryPoint","urlTemplate":"https:\/\/teknologiateollisuus.fi\/jasenille\/?s={search_term_string}"},"query-input":{"@type":"PropertyValueSpecification","valueRequired":true,"valueName":"search_term_string"}}],"inLanguage":"fi"},{"@type":"Organization","@id":"https:\/\/teknologiateollisuus.fi\/jasenille\/#organization","name":"Teknologiateollisuus - J\u00e4senille","url":"https:\/\/teknologiateollisuus.fi\/jasenille\/","logo":{"@type":"ImageObject","inLanguage":"fi","@id":"https:\/\/teknologiateollisuus.fi\/jasenille\/#\/schema\/logo\/image\/","url":"https:\/\/teknologiateollisuus.fi\/jasenille\/wp-content\/uploads\/sites\/1\/2023\/10\/placeholder.png","contentUrl":"https:\/\/teknologiateollisuus.fi\/jasenille\/wp-content\/uploads\/sites\/1\/2023\/10\/placeholder.png","width":2560,"height":1920,"caption":"Teknologiateollisuus - J\u00e4senille"},"image":{"@id":"https:\/\/teknologiateollisuus.fi\/jasenille\/#\/schema\/logo\/image\/"}}]}},"lang":"fi","translations":{"fi":4029},"pll_sync_post":[],"_links":{"self":[{"href":"https:\/\/teknologiateollisuus.fi\/jasenille\/wp-json\/wp\/v2\/pages\/4029","targetHints":{"allow":["GET"]}}],"collection":[{"href":"https:\/\/teknologiateollisuus.fi\/jasenille\/wp-json\/wp\/v2\/pages"}],"about":[{"href":"https:\/\/teknologiateollisuus.fi\/jasenille\/wp-json\/wp\/v2\/types\/page"}],"author":[{"embeddable":true,"href":"https:\/\/teknologiateollisuus.fi\/jasenille\/wp-json\/wp\/v2\/users\/7"}],"replies":[{"embeddable":true,"href":"https:\/\/teknologiateollisuus.fi\/jasenille\/wp-json\/wp\/v2\/comments?post=4029"}],"version-history":[{"count":25,"href":"https:\/\/teknologiateollisuus.fi\/jasenille\/wp-json\/wp\/v2\/pages\/4029\/revisions"}],"predecessor-version":[{"id":27335,"href":"https:\/\/teknologiateollisuus.fi\/jasenille\/wp-json\/wp\/v2\/pages\/4029\/revisions\/27335"}],"up":[{"embeddable":true,"href":"https:\/\/teknologiateollisuus.fi\/jasenille\/wp-json\/wp\/v2\/pages\/1162"}],"wp:attachment":[{"href":"https:\/\/teknologiateollisuus.fi\/jasenille\/wp-json\/wp\/v2\/media?parent=4029"}],"curies":[{"name":"wp","href":"https:\/\/api.w.org\/{rel}","templated":true}]}}