{"id":4546,"date":"2024-01-30T18:07:07","date_gmt":"2024-01-30T16:07:07","guid":{"rendered":"https:\/\/teknologiateollisuus.fi\/jasenille\/?page_id=4546"},"modified":"2025-12-29T11:12:34","modified_gmt":"2025-12-29T09:12:34","slug":"tyoehtosopimus-tietotekniikan-palveluala","status":"publish","type":"page","link":"https:\/\/teknologiateollisuus.fi\/jasenille\/palvelut\/teknologia-alan-tyoehtosopimukset\/tyoehtosopimus-tietotekniikan-palveluala\/","title":{"rendered":"Ty\u00f6ehtosopimus, tietotekniikan palveluala"},"content":{"rendered":"\n<div class=\"em-block-hero hero-has-background-color has-background has-black-background-color collapse  \">\n\t<div class=\"em-block-hero__container\">\n\t\t<div class=\"em-block-hero__content\">\n\t\t\t<div class=\"yoast-breadcrumbs\"><span><span><a href=\"https:\/\/teknologiateollisuus.fi\/jasenille\/\">Home<\/a><\/span> <span class=\"separator\"><\/span> <span><a href=\"https:\/\/teknologiateollisuus.fi\/jasenille\/palvelut\/\">Palvelut<\/a><\/span> <span class=\"separator\"><\/span> <span><a href=\"https:\/\/teknologiateollisuus.fi\/jasenille\/palvelut\/teknologia-alan-tyoehtosopimukset\/\">Ty\u00f6ehtosopimukset<\/a><\/span> <span class=\"separator\"><\/span> <span class=\"breadcrumb_last\" aria-current=\"page\">Ty\u00f6ehtosopimus, tietotekniikan palveluala<\/span><\/span><\/div>\t\t\t\n<h1 class=\"wp-block-heading\" id=\"h-tyoehtosopimus-tietotekniikan-palveluala\">Ty\u00f6ehtosopimus, tietotekniikan palveluala<\/h1>\n\t\t\t<div class=\"em-block-hero__modified-date\"> P\u00e4ivitetty 29.12.2025 klo 11:12<\/div>\t\t<\/div>\n\t\t\t\t\t<figure class=\"em-block-hero__image\">\n\t\t\t\t\t\t\t<\/figure>\n\t\t\t<\/div>\n<\/div>\n\n\n\n<h2 class=\"wp-block-heading\" id=\"h-voimassaoleva-tyoehtosopimus\" id=\"voimassaoleva-tyoehtosopimus\">Voimassaoleva ty\u00f6ehtosopimus<\/h2>\n\n\n\n<div class=\"wp-block-evermade-links em-block-links has-columns-1\">\n<div data-wp-interactive=\"core\/file\" class=\"wp-block-file\"><a id=\"wp-block-file--media-1812b947-e2f8-4e34-a7b3-7341b35deee2\" href=\"https:\/\/teknologiateollisuus.fi\/jasenille\/wp-content\/uploads\/sites\/1\/2025\/05\/TES-tipal-2025-2027.pdf\">Ty\u00f6ehtosopimus: Tietotekniikan palveluala 2025\u20132027<\/a><a href=\"https:\/\/teknologiateollisuus.fi\/jasenille\/wp-content\/uploads\/sites\/1\/2025\/05\/TES-tipal-2025-2027.pdf\" class=\"wp-block-file__button wp-element-button\" download aria-describedby=\"wp-block-file--media-1812b947-e2f8-4e34-a7b3-7341b35deee2\">Lataa<\/a><\/div>\n\n\n\n<div data-wp-interactive=\"core\/file\" class=\"wp-block-file\"><a id=\"wp-block-file--media-c3db94f8-c57e-43b4-9247-226ad2d23458\" href=\"https:\/\/teknologiateollisuus.fi\/jasenille\/wp-content\/uploads\/sites\/1\/2025\/04\/Esitysdiat-Tes-info-Tietotekniikan-palvelualan-tyontekijoiden-tyoehtosopimus-2025-202714.4.2025.pdf\">Ty\u00f6ehtosopimusratkaisun 2025\u20132027 infodiat suomeksi<\/a><a href=\"https:\/\/teknologiateollisuus.fi\/jasenille\/wp-content\/uploads\/sites\/1\/2025\/04\/Esitysdiat-Tes-info-Tietotekniikan-palvelualan-tyontekijoiden-tyoehtosopimus-2025-202714.4.2025.pdf\" class=\"wp-block-file__button wp-element-button\" download aria-describedby=\"wp-block-file--media-c3db94f8-c57e-43b4-9247-226ad2d23458\">Lataa<\/a><\/div>\n\n\n\n<div data-wp-interactive=\"core\/file\" class=\"wp-block-file\"><a id=\"wp-block-file--media-6118a803-2d36-4331-9b82-716029223f06\" href=\"https:\/\/teknologiateollisuus.fi\/jasenille\/wp-content\/uploads\/sites\/1\/2025\/04\/QA-Tietotekniikan-palveluala-tes-2025-2027.pdf\">Usein kysytyt kysymykset, tietotekniikan palvelualan TES 2025\u20132027<\/a><a href=\"https:\/\/teknologiateollisuus.fi\/jasenille\/wp-content\/uploads\/sites\/1\/2025\/04\/QA-Tietotekniikan-palveluala-tes-2025-2027.pdf\" class=\"wp-block-file__button wp-element-button\" download aria-describedby=\"wp-block-file--media-6118a803-2d36-4331-9b82-716029223f06\">Lataa<\/a><\/div>\n<\/div>\n\n\n\n<h3 class=\"wp-block-heading\" id=\"h-tyoehtosopimuksen-kaannosversiot\" id=\"tyoehtosopimuksen-kaannosversiot\">Ty\u00f6ehtosopimuksen k\u00e4\u00e4nn\u00f6sversiot<\/h3>\n\n\n\n<div class=\"wp-block-evermade-links em-block-links has-columns-1\">\n<div data-wp-interactive=\"core\/file\" class=\"wp-block-file\"><a id=\"wp-block-file--media-050733cf-5924-469a-8549-6907a6430640\" href=\"https:\/\/teknologiateollisuus.fi\/jasenille\/wp-content\/uploads\/sites\/1\/2025\/12\/TES_tipal-2025-2027-ruotsi.pdf\">Kollektivavtal f\u00f6r dataservicebranschen 2025\u20132027<\/a><a href=\"https:\/\/teknologiateollisuus.fi\/jasenille\/wp-content\/uploads\/sites\/1\/2025\/12\/TES_tipal-2025-2027-ruotsi.pdf\" class=\"wp-block-file__button wp-element-button\" download aria-describedby=\"wp-block-file--media-050733cf-5924-469a-8549-6907a6430640\">Lataa<\/a><\/div>\n\n\n\n<div data-wp-interactive=\"core\/file\" class=\"wp-block-file\"><a id=\"wp-block-file--media-731a4487-3c29-4e28-88c5-813ca893a4b8\" href=\"https:\/\/teknologiateollisuus.fi\/jasenille\/wp-content\/uploads\/sites\/1\/2025\/05\/TES_-tipal-2025-2027-englanti.pdf\">Collective Agreement of the IT service sector 2025\u20132027<\/a><a href=\"https:\/\/teknologiateollisuus.fi\/jasenille\/wp-content\/uploads\/sites\/1\/2025\/05\/TES_-tipal-2025-2027-englanti.pdf\" class=\"wp-block-file__button wp-element-button\" download aria-describedby=\"wp-block-file--media-731a4487-3c29-4e28-88c5-813ca893a4b8\">Lataa<\/a><\/div>\n<\/div>\n\n\n\n<div class=\"wp-block-evermade-accordion em-block-accordion js-accordion-group\">\n<div class=\"wp-block-evermade-accordion-item em-block-accordion-item js-accordion-item\"><h6 class=\"em-block-accordion-item__title-wrapper\"><button class=\"em-block-accordion-item__title js-accordion-controller\">Ty\u00f6ehtosopimukseen liittyv\u00e4t oppaat<\/button><\/h6><div id=\"accordion-item-content-0\" class=\"em-block-accordion-item__content js-accordion-content\">\n<ul class=\"wp-block-list\">\n<li><a href=\"https:\/\/teknologiateollisuus.fi\/jasenille\/wp-content\/uploads\/sites\/1\/2024\/09\/tyoehdot_ulkomaantyossa_verkkoversio_tipal_valmis.pdf\">Ty\u00f6ehdot ulkomaanty\u00f6ss\u00e4 (liittojen yhteinen opas \u2013 TiPal)<\/a><\/li>\n<\/ul>\n<\/div><\/div>\n\n\n\n<div class=\"wp-block-evermade-accordion-item em-block-accordion-item js-accordion-item\"><h6 class=\"em-block-accordion-item__title-wrapper\"><button class=\"em-block-accordion-item__title js-accordion-controller\">Edellinen ty\u00f6ehtosopimus<\/button><\/h6><div id=\"accordion-item-content-1\" class=\"em-block-accordion-item__content js-accordion-content\">\n<div class=\"wp-block-evermade-links em-block-links has-columns-1\">\n<a\n\tclass=\"wp-block-evermade-external-link em-block-link is-external   \"\n\thref=\"https:\/\/teknologiateollisuus.fi\/teknologiatyonantajat\/wp-content\/uploads\/sites\/4\/2024\/07\/Tyoehtosopimus-tietotekniikan-palveluala.pdf\"\n\taria-label=\"Avaa uudessa v\u00e4lilehdess\u00e4\"\n\ttarget=\"_blank\"\n\trel=\"noopener noreferrer\"\n>\n\t<div class=\"em-block-link__content\">\n\t\t<span class=\"em-block-link__title\">\n\t\t\tTy\u00f6ehtosopimus: Tietotekniikan palveluala 2023\u20132024\t\t<\/span>\n\t\t\t<\/div>\n\t<div class=\"em-block-link__arrow\"><\/div>\n\t<div class=\"em-block-link__pressable\"><\/div>\n<\/a>\n\n\n\n<div data-wp-interactive=\"core\/file\" class=\"wp-block-file\"><a id=\"wp-block-file--media-7afef06f-0d3f-4053-bab8-9274fdd815d5\" href=\"https:\/\/teknologiateollisuus.fi\/jasenille\/wp-content\/uploads\/sites\/1\/2024\/10\/TES-tipal-infodiat.pdf\">Ty\u00f6ehtosopimusratkaisun 2023\u20132024&nbsp;infodiat suomeksi<\/a><a href=\"https:\/\/teknologiateollisuus.fi\/jasenille\/wp-content\/uploads\/sites\/1\/2024\/10\/TES-tipal-infodiat.pdf\" class=\"wp-block-file__button wp-element-button\" download aria-describedby=\"wp-block-file--media-7afef06f-0d3f-4053-bab8-9274fdd815d5\">Lataa<\/a><\/div>\n<\/div>\n\n\n\n<h3 class=\"wp-block-heading\" id=\"h-tyoehtosopimuksen-kaannosversiot-0\" id=\"tyoehtosopimuksen-kaannosversiot\">Ty\u00f6ehtosopimuksen k\u00e4\u00e4nn\u00f6sversiot<\/h3>\n\n\n\n<div class=\"wp-block-evermade-links em-block-links has-columns-1\">\n<a\n\tclass=\"wp-block-evermade-external-link em-block-link is-external   \"\n\thref=\"https:\/\/teknologiateollisuus.fi\/teknologiatyonantajat\/wp-content\/uploads\/sites\/4\/2024\/07\/Collective-Agreement-of-the-IT-Service-Sector.pdf\"\n\taria-label=\"Avaa uudessa v\u00e4lilehdess\u00e4\"\n\ttarget=\"_blank\"\n\trel=\"noopener noreferrer\"\n>\n\t<div class=\"em-block-link__content\">\n\t\t<span class=\"em-block-link__title\">\n\t\t\tCollective Agreement of the IT service sector 2023\u20132024\t\t<\/span>\n\t\t\t<\/div>\n\t<div class=\"em-block-link__arrow\"><\/div>\n\t<div class=\"em-block-link__pressable\"><\/div>\n<\/a>\n\n\n\n<a\n\tclass=\"wp-block-evermade-external-link em-block-link is-external   \"\n\thref=\"https:\/\/teknologiateollisuus.fi\/teknologiatyonantajat\/wp-content\/uploads\/sites\/4\/2024\/07\/Kollektivavtal-for-dataservicebranschen.pdf\"\n\taria-label=\"Avaa uudessa v\u00e4lilehdess\u00e4\"\n\ttarget=\"_blank\"\n\trel=\"noopener noreferrer\"\n>\n\t<div class=\"em-block-link__content\">\n\t\t<span class=\"em-block-link__title\">\n\t\t\tKollektivavtal f\u00f6r dataservicebranschen 2023\u20132024\t\t<\/span>\n\t\t\t<\/div>\n\t<div class=\"em-block-link__arrow\"><\/div>\n\t<div class=\"em-block-link__pressable\"><\/div>\n<\/a>\n<\/div>\n<\/div><\/div>\n<\/div>\n","protected":false},"excerpt":{"rendered":"<p>Voimassaoleva ty\u00f6ehtosopimus Ty\u00f6ehtosopimuksen k\u00e4\u00e4nn\u00f6sversiot<\/p>\n","protected":false},"author":11,"featured_media":0,"parent":1124,"menu_order":8,"comment_status":"closed","ping_status":"closed","template":"","meta":{"_acf_changed":false,"_relevanssi_hide_post":"","_relevanssi_hide_content":"","_relevanssi_pin_for_all":"","_relevanssi_pin_keywords":"","_relevanssi_unpin_keywords":"","_relevanssi_related_keywords":"","_relevanssi_related_include_ids":"","_relevanssi_related_exclude_ids":"","_relevanssi_related_no_append":"","_relevanssi_related_not_related":"","_relevanssi_related_posts":"4164,166,169,168,165,167","_relevanssi_noindex_reason":"","inline_featured_image":false,"growthstack-ab-test":[],"growthstack-ab-test-views":[],"footnotes":""},"class_list":["post-4546","page","type-page","status-publish","hentry"],"acf":{"is_store_related":false,"locked":false},"yoast_head":"<!-- This site is optimized with the Yoast SEO Premium plugin v27.1 (Yoast SEO v27.3) - https:\/\/yoast.com\/product\/yoast-seo-premium-wordpress\/ -->\n<title>Ty\u00f6ehtosopimus, tietotekniikan palveluala - Teknologiateollisuus - J\u00e4senille<\/title>\n<meta name=\"robots\" content=\"index, follow, max-snippet:-1, max-image-preview:large, max-video-preview:-1\" \/>\n<link rel=\"canonical\" href=\"https:\/\/teknologiateollisuus.fi\/jasenille\/palvelut\/teknologia-alan-tyoehtosopimukset\/tyoehtosopimus-tietotekniikan-palveluala\/\" \/>\n<meta property=\"og:locale\" content=\"fi_FI\" \/>\n<meta property=\"og:type\" content=\"article\" \/>\n<meta property=\"og:title\" content=\"Ty\u00f6ehtosopimus, tietotekniikan palveluala\" \/>\n<meta property=\"og:description\" content=\"Voimassaoleva ty\u00f6ehtosopimus Ty\u00f6ehtosopimuksen k\u00e4\u00e4nn\u00f6sversiot\" \/>\n<meta property=\"og:url\" content=\"https:\/\/teknologiateollisuus.fi\/jasenille\/palvelut\/teknologia-alan-tyoehtosopimukset\/tyoehtosopimus-tietotekniikan-palveluala\/\" \/>\n<meta property=\"og:site_name\" content=\"Teknologiateollisuus - J\u00e4senille\" \/>\n<meta property=\"article:modified_time\" content=\"2025-12-29T09:12:34+00:00\" \/>\n<meta name=\"twitter:card\" content=\"summary_large_image\" \/>\n<meta name=\"twitter:label1\" content=\"Arvioitu lukuaika\" \/>\n\t<meta name=\"twitter:data1\" content=\"1 minuutti\" \/>\n<script type=\"application\/ld+json\" class=\"yoast-schema-graph\">{\"@context\":\"https:\\\/\\\/schema.org\",\"@graph\":[{\"@type\":\"WebPage\",\"@id\":\"https:\\\/\\\/teknologiateollisuus.fi\\\/jasenille\\\/palvelut\\\/teknologia-alan-tyoehtosopimukset\\\/tyoehtosopimus-tietotekniikan-palveluala\\\/\",\"url\":\"https:\\\/\\\/teknologiateollisuus.fi\\\/jasenille\\\/palvelut\\\/teknologia-alan-tyoehtosopimukset\\\/tyoehtosopimus-tietotekniikan-palveluala\\\/\",\"name\":\"Ty\u00f6ehtosopimus, tietotekniikan palveluala - Teknologiateollisuus - J\u00e4senille\",\"isPartOf\":{\"@id\":\"https:\\\/\\\/teknologiateollisuus.fi\\\/jasenille\\\/#website\"},\"datePublished\":\"2024-01-30T16:07:07+00:00\",\"dateModified\":\"2025-12-29T09:12:34+00:00\",\"breadcrumb\":{\"@id\":\"https:\\\/\\\/teknologiateollisuus.fi\\\/jasenille\\\/palvelut\\\/teknologia-alan-tyoehtosopimukset\\\/tyoehtosopimus-tietotekniikan-palveluala\\\/#breadcrumb\"},\"inLanguage\":\"fi\",\"potentialAction\":[{\"@type\":\"ReadAction\",\"target\":[\"https:\\\/\\\/teknologiateollisuus.fi\\\/jasenille\\\/palvelut\\\/teknologia-alan-tyoehtosopimukset\\\/tyoehtosopimus-tietotekniikan-palveluala\\\/\"]}]},{\"@type\":\"BreadcrumbList\",\"@id\":\"https:\\\/\\\/teknologiateollisuus.fi\\\/jasenille\\\/palvelut\\\/teknologia-alan-tyoehtosopimukset\\\/tyoehtosopimus-tietotekniikan-palveluala\\\/#breadcrumb\",\"itemListElement\":[{\"@type\":\"ListItem\",\"position\":1,\"name\":\"Home\",\"item\":\"https:\\\/\\\/teknologiateollisuus.fi\\\/jasenille\\\/\"},{\"@type\":\"ListItem\",\"position\":2,\"name\":\"Palvelut\",\"item\":\"https:\\\/\\\/teknologiateollisuus.fi\\\/jasenille\\\/palvelut\\\/\"},{\"@type\":\"ListItem\",\"position\":3,\"name\":\"Ty\u00f6ehtosopimukset\",\"item\":\"https:\\\/\\\/teknologiateollisuus.fi\\\/jasenille\\\/palvelut\\\/teknologia-alan-tyoehtosopimukset\\\/\"},{\"@type\":\"ListItem\",\"position\":4,\"name\":\"Ty\u00f6ehtosopimus, tietotekniikan palveluala\"}]},{\"@type\":\"WebSite\",\"@id\":\"https:\\\/\\\/teknologiateollisuus.fi\\\/jasenille\\\/#website\",\"url\":\"https:\\\/\\\/teknologiateollisuus.fi\\\/jasenille\\\/\",\"name\":\"Teknologiateollisuus - J\u00e4senille\",\"description\":\"\",\"publisher\":{\"@id\":\"https:\\\/\\\/teknologiateollisuus.fi\\\/jasenille\\\/#organization\"},\"potentialAction\":[{\"@type\":\"SearchAction\",\"target\":{\"@type\":\"EntryPoint\",\"urlTemplate\":\"https:\\\/\\\/teknologiateollisuus.fi\\\/jasenille\\\/?s={search_term_string}\"},\"query-input\":{\"@type\":\"PropertyValueSpecification\",\"valueRequired\":true,\"valueName\":\"search_term_string\"}}],\"inLanguage\":\"fi\"},{\"@type\":\"Organization\",\"@id\":\"https:\\\/\\\/teknologiateollisuus.fi\\\/jasenille\\\/#organization\",\"name\":\"Teknologiateollisuus - J\u00e4senille\",\"url\":\"https:\\\/\\\/teknologiateollisuus.fi\\\/jasenille\\\/\",\"logo\":{\"@type\":\"ImageObject\",\"inLanguage\":\"fi\",\"@id\":\"https:\\\/\\\/teknologiateollisuus.fi\\\/jasenille\\\/#\\\/schema\\\/logo\\\/image\\\/\",\"url\":\"https:\\\/\\\/teknologiateollisuus.fi\\\/jasenille\\\/wp-content\\\/uploads\\\/sites\\\/1\\\/2023\\\/10\\\/placeholder.png\",\"contentUrl\":\"https:\\\/\\\/teknologiateollisuus.fi\\\/jasenille\\\/wp-content\\\/uploads\\\/sites\\\/1\\\/2023\\\/10\\\/placeholder.png\",\"width\":2560,\"height\":1920,\"caption\":\"Teknologiateollisuus - J\u00e4senille\"},\"image\":{\"@id\":\"https:\\\/\\\/teknologiateollisuus.fi\\\/jasenille\\\/#\\\/schema\\\/logo\\\/image\\\/\"}}]}<\/script>\n<!-- \/ Yoast SEO Premium plugin. -->","yoast_head_json":{"title":"Ty\u00f6ehtosopimus, tietotekniikan palveluala - Teknologiateollisuus - J\u00e4senille","robots":{"index":"index","follow":"follow","max-snippet":"max-snippet:-1","max-image-preview":"max-image-preview:large","max-video-preview":"max-video-preview:-1"},"canonical":"https:\/\/teknologiateollisuus.fi\/jasenille\/palvelut\/teknologia-alan-tyoehtosopimukset\/tyoehtosopimus-tietotekniikan-palveluala\/","og_locale":"fi_FI","og_type":"article","og_title":"Ty\u00f6ehtosopimus, tietotekniikan palveluala","og_description":"Voimassaoleva ty\u00f6ehtosopimus Ty\u00f6ehtosopimuksen k\u00e4\u00e4nn\u00f6sversiot","og_url":"https:\/\/teknologiateollisuus.fi\/jasenille\/palvelut\/teknologia-alan-tyoehtosopimukset\/tyoehtosopimus-tietotekniikan-palveluala\/","og_site_name":"Teknologiateollisuus - J\u00e4senille","article_modified_time":"2025-12-29T09:12:34+00:00","twitter_card":"summary_large_image","twitter_misc":{"Arvioitu lukuaika":"1 minuutti"},"schema":{"@context":"https:\/\/schema.org","@graph":[{"@type":"WebPage","@id":"https:\/\/teknologiateollisuus.fi\/jasenille\/palvelut\/teknologia-alan-tyoehtosopimukset\/tyoehtosopimus-tietotekniikan-palveluala\/","url":"https:\/\/teknologiateollisuus.fi\/jasenille\/palvelut\/teknologia-alan-tyoehtosopimukset\/tyoehtosopimus-tietotekniikan-palveluala\/","name":"Ty\u00f6ehtosopimus, tietotekniikan palveluala - Teknologiateollisuus - J\u00e4senille","isPartOf":{"@id":"https:\/\/teknologiateollisuus.fi\/jasenille\/#website"},"datePublished":"2024-01-30T16:07:07+00:00","dateModified":"2025-12-29T09:12:34+00:00","breadcrumb":{"@id":"https:\/\/teknologiateollisuus.fi\/jasenille\/palvelut\/teknologia-alan-tyoehtosopimukset\/tyoehtosopimus-tietotekniikan-palveluala\/#breadcrumb"},"inLanguage":"fi","potentialAction":[{"@type":"ReadAction","target":["https:\/\/teknologiateollisuus.fi\/jasenille\/palvelut\/teknologia-alan-tyoehtosopimukset\/tyoehtosopimus-tietotekniikan-palveluala\/"]}]},{"@type":"BreadcrumbList","@id":"https:\/\/teknologiateollisuus.fi\/jasenille\/palvelut\/teknologia-alan-tyoehtosopimukset\/tyoehtosopimus-tietotekniikan-palveluala\/#breadcrumb","itemListElement":[{"@type":"ListItem","position":1,"name":"Home","item":"https:\/\/teknologiateollisuus.fi\/jasenille\/"},{"@type":"ListItem","position":2,"name":"Palvelut","item":"https:\/\/teknologiateollisuus.fi\/jasenille\/palvelut\/"},{"@type":"ListItem","position":3,"name":"Ty\u00f6ehtosopimukset","item":"https:\/\/teknologiateollisuus.fi\/jasenille\/palvelut\/teknologia-alan-tyoehtosopimukset\/"},{"@type":"ListItem","position":4,"name":"Ty\u00f6ehtosopimus, tietotekniikan palveluala"}]},{"@type":"WebSite","@id":"https:\/\/teknologiateollisuus.fi\/jasenille\/#website","url":"https:\/\/teknologiateollisuus.fi\/jasenille\/","name":"Teknologiateollisuus - J\u00e4senille","description":"","publisher":{"@id":"https:\/\/teknologiateollisuus.fi\/jasenille\/#organization"},"potentialAction":[{"@type":"SearchAction","target":{"@type":"EntryPoint","urlTemplate":"https:\/\/teknologiateollisuus.fi\/jasenille\/?s={search_term_string}"},"query-input":{"@type":"PropertyValueSpecification","valueRequired":true,"valueName":"search_term_string"}}],"inLanguage":"fi"},{"@type":"Organization","@id":"https:\/\/teknologiateollisuus.fi\/jasenille\/#organization","name":"Teknologiateollisuus - J\u00e4senille","url":"https:\/\/teknologiateollisuus.fi\/jasenille\/","logo":{"@type":"ImageObject","inLanguage":"fi","@id":"https:\/\/teknologiateollisuus.fi\/jasenille\/#\/schema\/logo\/image\/","url":"https:\/\/teknologiateollisuus.fi\/jasenille\/wp-content\/uploads\/sites\/1\/2023\/10\/placeholder.png","contentUrl":"https:\/\/teknologiateollisuus.fi\/jasenille\/wp-content\/uploads\/sites\/1\/2023\/10\/placeholder.png","width":2560,"height":1920,"caption":"Teknologiateollisuus - J\u00e4senille"},"image":{"@id":"https:\/\/teknologiateollisuus.fi\/jasenille\/#\/schema\/logo\/image\/"}}]}},"lang":"fi","translations":{"fi":4546},"pll_sync_post":[],"_links":{"self":[{"href":"https:\/\/teknologiateollisuus.fi\/jasenille\/wp-json\/wp\/v2\/pages\/4546","targetHints":{"allow":["GET"]}}],"collection":[{"href":"https:\/\/teknologiateollisuus.fi\/jasenille\/wp-json\/wp\/v2\/pages"}],"about":[{"href":"https:\/\/teknologiateollisuus.fi\/jasenille\/wp-json\/wp\/v2\/types\/page"}],"author":[{"embeddable":true,"href":"https:\/\/teknologiateollisuus.fi\/jasenille\/wp-json\/wp\/v2\/users\/11"}],"replies":[{"embeddable":true,"href":"https:\/\/teknologiateollisuus.fi\/jasenille\/wp-json\/wp\/v2\/comments?post=4546"}],"version-history":[{"count":21,"href":"https:\/\/teknologiateollisuus.fi\/jasenille\/wp-json\/wp\/v2\/pages\/4546\/revisions"}],"predecessor-version":[{"id":28753,"href":"https:\/\/teknologiateollisuus.fi\/jasenille\/wp-json\/wp\/v2\/pages\/4546\/revisions\/28753"}],"up":[{"embeddable":true,"href":"https:\/\/teknologiateollisuus.fi\/jasenille\/wp-json\/wp\/v2\/pages\/1124"}],"wp:attachment":[{"href":"https:\/\/teknologiateollisuus.fi\/jasenille\/wp-json\/wp\/v2\/media?parent=4546"}],"curies":[{"name":"wp","href":"https:\/\/api.w.org\/{rel}","templated":true}]}}