{"id":635,"date":"2023-11-20T17:42:00","date_gmt":"2023-11-20T15:42:00","guid":{"rendered":"https:\/\/teknologiateollisuus.fi\/jasenille\/?page_id=635"},"modified":"2025-12-04T14:01:07","modified_gmt":"2025-12-04T12:01:07","slug":"jasenyys","status":"publish","type":"page","link":"https:\/\/teknologiateollisuus.fi\/jasenille\/tietoa-toiminnasta\/jasenyys\/","title":{"rendered":"J\u00e4senyys"},"content":{"rendered":"\n<div class=\"em-block-hero hero-has-background-color has-background has-black-background-color has-image media-position-right \">\n\t<div class=\"em-block-hero__container\">\n\t\t<div class=\"em-block-hero__content\">\n\t\t\t<div class=\"yoast-breadcrumbs\"><span><span><a href=\"https:\/\/teknologiateollisuus.fi\/jasenille\/\">Home<\/a><\/span> <span class=\"separator\"><\/span> <span><a href=\"https:\/\/teknologiateollisuus.fi\/jasenille\/tietoa-toiminnasta\/\">Tietoa toiminnasta<\/a><\/span> <span class=\"separator\"><\/span> <span class=\"breadcrumb_last\" aria-current=\"page\">J\u00e4senyys<\/span><\/span><\/div>\t\t\t\n<h1 class=\"wp-block-heading\" id=\"h-jasenyys-0\">J\u00e4senyys<\/h1>\n\n<p>J\u00e4senyys ja aktiivinen toiminta Teknologiateollisuudessa antavat yritykselle laajat ty\u00f6suhdepalvelut, p\u00e4\u00e4syn laajaan tietovirtaan ja yhteyden alan muihin johtaviin kollegoihin.<\/p>\n\t\t\t<div class=\"em-block-hero__modified-date\"> P\u00e4ivitetty 04.12.2025 klo 14:01<\/div>\t\t<\/div>\n\t\t\t\t\t<figure class=\"em-block-hero__image\">\n\t\t\t\t<img loading=\"lazy\" decoding=\"async\" width=\"1044\" height=\"696\" src=\"https:\/\/teknologiateollisuus.fi\/jasenille\/wp-content\/uploads\/sites\/1\/2025\/10\/Pienitiedosto_Jpalvelut_3663.jpeg\" class=\"attachment-hero size-hero\" alt=\"Laitteen osia, kuvituskuva.\" srcset=\"https:\/\/teknologiateollisuus.fi\/jasenille\/wp-content\/uploads\/sites\/1\/2025\/10\/Pienitiedosto_Jpalvelut_3663.jpeg 1044w, https:\/\/teknologiateollisuus.fi\/jasenille\/wp-content\/uploads\/sites\/1\/2025\/10\/Pienitiedosto_Jpalvelut_3663-400x267.jpeg 400w, https:\/\/teknologiateollisuus.fi\/jasenille\/wp-content\/uploads\/sites\/1\/2025\/10\/Pienitiedosto_Jpalvelut_3663-800x533.jpeg 800w, https:\/\/teknologiateollisuus.fi\/jasenille\/wp-content\/uploads\/sites\/1\/2025\/10\/Pienitiedosto_Jpalvelut_3663-768x512.jpeg 768w, https:\/\/teknologiateollisuus.fi\/jasenille\/wp-content\/uploads\/sites\/1\/2025\/10\/Pienitiedosto_Jpalvelut_3663-560x373.jpeg 560w, https:\/\/teknologiateollisuus.fi\/jasenille\/wp-content\/uploads\/sites\/1\/2025\/10\/Pienitiedosto_Jpalvelut_3663-75x50.jpeg 75w\" sizes=\"auto, (max-width: 1044px) 100vw, 1044px\" \/>\t\t\t<\/figure>\n\t\t\t<\/div>\n<\/div>\n\n\n\n<h2 class=\"wp-block-heading\" id=\"h-haluamme-jaseneksi\" id=\"haluamme-jaseneksi\">Haluamme j\u00e4seneksi<\/h2>\n\n\n\n<p class=\" mb-none\"><strong>Teknologiateollisuus ry:n<\/strong> j\u00e4seneksi voivat hakea ty\u00f6antajayritykset,  jotka toimivat joko kone- ja metallituoteteollisuudessa, elektroniikka- ja s\u00e4hk\u00f6teollisuudessa, tietotekniikka-alalla, suunnittelu- ja konsultointialalla tai metallien jalostusalalla.<\/p>\n\n\n\n<p class=\" mt-none\"><br><strong>Teknologiateollisuuden ty\u00f6nantajat ry:n<\/strong> j\u00e4seneksi voivat hakea ty\u00f6nantajayritykset, jotka ovat Teknologiateollisuus ry:n j\u00e4seni\u00e4.<\/p>\n\n\n\n<div class=\"wp-block-evermade-links em-block-links has-columns-1\">\n<a\n\tclass=\"wp-block-evermade-internal-link em-block-link is-internal   \"\n\thref=\"https:\/\/teknologiateollisuus.fi\/jasenille\/jasenyys\/teknologiateollisuusrynjaseneksi\/\"\n\taria-label=\"Avaa samassa v\u00e4lilehdess\u00e4\"\n\ttarget=\"_self\"\n\trel=\"noopener\"\n>\n\t<div class=\"em-block-link__content\">\n\t\t<span class=\"em-block-link__title\">\n\t\t\tTeknologiateollisuus ry\t\t<\/span>\n\t\t\t<\/div>\n\t\t\t<div class=\"em-block-link__arrow\"><\/div>\n\t\t<div class=\"em-block-link__pressable\"><\/div>\n\t<\/a>\n\n\n\n<a\n\tclass=\"wp-block-evermade-internal-link em-block-link is-internal   \"\n\thref=\"https:\/\/teknologiateollisuus.fi\/jasenille\/jasenyys\/liity-teknologiateollisuuden-tyonantajat-ryn-jaseneksi\/\"\n\taria-label=\"Avaa samassa v\u00e4lilehdess\u00e4\"\n\ttarget=\"_self\"\n\trel=\"noopener\"\n>\n\t<div class=\"em-block-link__content\">\n\t\t<span class=\"em-block-link__title\">\n\t\t\tTeknologiateollisuuden ty\u00f6nantajat ry\t\t<\/span>\n\t\t\t<\/div>\n\t\t\t<div class=\"em-block-link__arrow\"><\/div>\n\t\t<div class=\"em-block-link__pressable\"><\/div>\n\t<\/a>\n<\/div>\n\n\n\n<h2 class=\"wp-block-heading\" id=\"h-jasenyyden-muutostilanteet\" id=\"jasenyyden-muutostilanteet\">J\u00e4senyyden muutostilanteet<\/h2>\n\n\n\n<p>Yrityksen muutostilanteet kuten liiketoimintakauppa, yrityskauppa, fuusio, ja liiketoiminnan jakautuminen voivat johtaa j\u00e4senyyden p\u00e4\u00e4ttymiseen. Ilmoita niist\u00e4 j\u00e4senhallintoomme osoitteeseen <strong>jasenasiat@teknologiateollisuus.fi<\/strong>. L\u00e4het\u00e4 j\u00e4senhallintoon my\u00f6s yrityksen eroilmoitus, konkurssi-ilmoitus ja toiminnan lopetusilmoitus.<\/p>\n\n\n\n<div class=\"wp-block-buttons  mt-none is-layout-flex wp-block-buttons-is-layout-flex\">\n<div class=\"wp-block-button icon-right is-style-fill\"><a class=\"wp-block-button__link wp-element-button\" href=\"https:\/\/teknologiateollisuus.fi\/jasenille\/jasenyys\/ilmoita-yritysjarjestelyista-ja-erosta\/\">Ohjeita muutostilanteisiin<\/a><\/div>\n<\/div>\n\n\n\n<h2 class=\"wp-block-heading\" id=\"h-jasenyyden-yllapito\" id=\"jasenyyden-yllapito\">J\u00e4senyyden yll\u00e4pito<\/h2>\n\n\n\n<p class=\" mb-none\">Tarvitsetko apua j\u00e4senyyden elinkaareen liittyviss\u00e4 asioissa?<\/p>\n\n\n\n<p class=\" mt-none\"><br>Teknologiateollisuuden j\u00e4senhallinto sek\u00e4 aluep\u00e4\u00e4llik\u00f6t auttavat j\u00e4seni\u00e4 hallinnollisissa asioissa j\u00e4senyyden eri vaiheissa.<\/p>\n\n\n\n<div class=\"wp-block-buttons  mt-none is-layout-flex wp-block-buttons-is-layout-flex\">\n<div class=\"wp-block-button has-custom-width wp-block-button__width-50 icon-right is-style-fill\"><a class=\"wp-block-button__link wp-element-button\" href=\"https:\/\/teknologiateollisuus.fi\/jasenille\/jasenyys\/jasenyyteni-hoito\/\"> Kysy j\u00e4senyydest\u00e4si<\/a><\/div>\n<\/div>\n\n\n\n<div class=\"wp-block-scb-columns scb-columns has-2-column-layout--33-66 has-mobile-behavior--stacked has-auto-fit\">\n<div class=\"wp-block-scb-column scb-column is-scale-cover\">\n<h2 class=\"wp-block-heading\" id=\"h-jasenportaali\" id=\"jasenportaali\">J\u00e4senportaali<\/h2>\n<\/div>\n\n\n\n<div class=\"wp-block-scb-column scb-column is-scale-cover\">\n<p>J\u00e4senportaalin laajennus on julkaistu. Portaalissa j\u00e4senyritys voi ilmoittaa kattavasti omia tietojaan Teknologiateollisuuden j\u00e4senhallinnolle.<\/p>\n\n\n\n<div class=\"wp-block-buttons  mt-none is-layout-flex wp-block-buttons-is-layout-flex\">\n<div class=\"wp-block-button icon-right is-style-outline is-style-outline--2\"><a class=\"wp-block-button__link wp-element-button\" href=\"https:\/\/jasenportaali.teknologiateollisuus.fi\" target=\"_blank\" rel=\"noreferrer noopener\">P\u00e4ivit\u00e4 tietoja<\/a><\/div>\n<\/div>\n<\/div>\n<\/div>\n\n\n\n<div class=\"wp-block-scb-columns scb-columns has-2-column-layout--33-66 has-mobile-behavior--stacked has-auto-fit\">\n<div class=\"wp-block-scb-column scb-column is-scale-cover\">\n<h2 class=\"wp-block-heading\" id=\"h-minkalainen-jasenyys-yrityksellemme-sopii\" id=\"minkalainen-jasenyys-yrityksellemme-sopii\">Mink\u00e4lainen j\u00e4senyys yrityksellemme sopii?<\/h2>\n<\/div>\n\n\n\n<div class=\"wp-block-scb-column scb-column is-scale-cover\">\n<p>Yrityksen valitsema ty\u00f6ehtomalli ratkaisee sen, mink\u00e4laisen j\u00e4senyyden se tarvitsee. Mik\u00e4li yritys on ep\u00e4varma sopivasta ty\u00f6ehtomallista, kannattaa sen aluksi hakea vain <strong>Teknologiateollisuus ry:n <\/strong>j\u00e4senyytt\u00e4. T\u00e4ll\u00f6in se p\u00e4\u00e4see j\u00e4senpalvelujen piiriin ja asiantuntijamme tukevat sopivimman ty\u00f6ehtomallin valinnassa. Teknologiateollisuuden ty\u00f6suhdepalvelut ovat k\u00e4yt\u00f6ss\u00e4 kaikissa vaihtoehdoissa.<\/p>\n\n\n\n<div class=\"wp-block-buttons  mt-none is-layout-flex wp-block-buttons-is-layout-flex\">\n<div class=\"wp-block-button icon-right is-style-outline is-style-outline--3\"><a class=\"wp-block-button__link wp-element-button\" href=\"https:\/\/teknologiateollisuus.fi\/jasenille\/tyoehdot\/\">Lue lis\u00e4\u00e4 ty\u00f6ehtomalleista<\/a><\/div>\n<\/div>\n<\/div>\n<\/div>\n\n\n\n<h2 class=\"wp-block-heading\" id=\"h-kysyttavaa-jasenasioista\" id=\"kysyttavaa-jasenasioista\">Kysytt\u00e4v\u00e4\u00e4 j\u00e4senasioista?<\/h2>\n\n\n\n<p>Autamme sinua mielell\u00e4mme j\u00e4senyyteesi liittyviss\u00e4 kysymyksiss\u00e4. Ota yhteytt\u00e4 j\u00e4senhallintoon <strong>jasenasiat@teknologiateollisuus.fi<\/strong><\/p>\n\n\n\n<div class=\"wp-block-buttons is-layout-flex wp-block-buttons-is-layout-flex\">\n<div class=\"wp-block-button icon-right is-style-fill\"><a class=\"wp-block-button__link wp-element-button\" href=\"https:\/\/teknologiateollisuus.fi\/jasenille\/ota-yhteytta\/yhteystietohakemisto\/\">Kaikki yhteystiedot<\/a><\/div>\n<\/div>\n","protected":false},"excerpt":{"rendered":"<p>Haluamme j\u00e4seneksi Teknologiateollisuus ry:n j\u00e4seneksi voivat hakea ty\u00f6antajayritykset, jotka toimivat joko kone- ja metallituoteteollisuudessa, elektroniikka- ja s\u00e4hk\u00f6teollisuudessa, tietotekniikka-alalla, suunnittelu- ja konsultointialalla tai metallien jalostusalalla. Teknologiateollisuuden ty\u00f6nantajat ry:n j\u00e4seneksi voivat hakea ty\u00f6nantajayritykset, jotka ovat Teknologiateollisuus ry:n j\u00e4seni\u00e4. J\u00e4senyyden muutostilanteet Yrityksen muutostilanteet kuten liiketoimintakauppa, yrityskauppa, fuusio, ja liiketoiminnan jakautuminen voivat johtaa j\u00e4senyyden p\u00e4\u00e4ttymiseen. Ilmoita niist\u00e4 j\u00e4senhallintoomme osoitteeseen [&hellip;]<\/p>\n","protected":false},"author":24,"featured_media":0,"parent":28171,"menu_order":0,"comment_status":"closed","ping_status":"closed","template":"","meta":{"_acf_changed":false,"_relevanssi_hide_post":"","_relevanssi_hide_content":"","_relevanssi_pin_for_all":"","_relevanssi_pin_keywords":"","_relevanssi_unpin_keywords":"","_relevanssi_related_keywords":"","_relevanssi_related_include_ids":"","_relevanssi_related_exclude_ids":"","_relevanssi_related_no_append":"","_relevanssi_related_not_related":"","_relevanssi_related_posts":"167,169,166,1417,165,168","_relevanssi_noindex_reason":"","inline_featured_image":false,"growthstack-ab-test":[],"growthstack-ab-test-views":[],"footnotes":""},"class_list":["post-635","page","type-page","status-publish","hentry"],"acf":{"is_store_related":false,"locked":false},"yoast_head":"<!-- This site is optimized with the Yoast SEO Premium plugin v27.1 (Yoast SEO v27.3) - https:\/\/yoast.com\/product\/yoast-seo-premium-wordpress\/ -->\n<title>J\u00e4senyys - Teknologiateollisuus - J\u00e4senille<\/title>\n<meta name=\"description\" content=\"J\u00e4senyys ja aktiivinen toiminta Teknologiateollisuudessa antavat yrityksille suoran kosketuksen laajaan tietovirtaan ja mahdollisuuden verkostoitua.\" \/>\n<meta name=\"robots\" content=\"index, follow, max-snippet:-1, max-image-preview:large, max-video-preview:-1\" \/>\n<link rel=\"canonical\" href=\"https:\/\/teknologiateollisuus.fi\/jasenille\/tietoa-toiminnasta\/jasenyys\/\" \/>\n<meta property=\"og:locale\" content=\"fi_FI\" \/>\n<meta property=\"og:type\" content=\"article\" \/>\n<meta property=\"og:title\" content=\"J\u00e4senyys\" \/>\n<meta property=\"og:description\" content=\"J\u00e4senyys ja aktiivinen toiminta Teknologiateollisuudessa antavat yrityksille suoran kosketuksen laajaan tietovirtaan ja mahdollisuuden verkostoitua.\" \/>\n<meta property=\"og:url\" content=\"https:\/\/teknologiateollisuus.fi\/jasenille\/tietoa-toiminnasta\/jasenyys\/\" \/>\n<meta property=\"og:site_name\" content=\"Teknologiateollisuus - J\u00e4senille\" \/>\n<meta property=\"article:modified_time\" content=\"2025-12-04T12:01:07+00:00\" \/>\n<meta name=\"twitter:card\" content=\"summary_large_image\" \/>\n<meta name=\"twitter:label1\" content=\"Arvioitu lukuaika\" \/>\n\t<meta name=\"twitter:data1\" content=\"2 minuuttia\" \/>\n<script type=\"application\/ld+json\" class=\"yoast-schema-graph\">{\"@context\":\"https:\\\/\\\/schema.org\",\"@graph\":[{\"@type\":\"WebPage\",\"@id\":\"https:\\\/\\\/teknologiateollisuus.fi\\\/jasenille\\\/tietoa-toiminnasta\\\/jasenyys\\\/\",\"url\":\"https:\\\/\\\/teknologiateollisuus.fi\\\/jasenille\\\/tietoa-toiminnasta\\\/jasenyys\\\/\",\"name\":\"J\u00e4senyys - Teknologiateollisuus - J\u00e4senille\",\"isPartOf\":{\"@id\":\"https:\\\/\\\/teknologiateollisuus.fi\\\/jasenille\\\/#website\"},\"datePublished\":\"2023-11-20T15:42:00+00:00\",\"dateModified\":\"2025-12-04T12:01:07+00:00\",\"description\":\"J\u00e4senyys ja aktiivinen toiminta Teknologiateollisuudessa antavat yrityksille suoran kosketuksen laajaan tietovirtaan ja mahdollisuuden verkostoitua.\",\"breadcrumb\":{\"@id\":\"https:\\\/\\\/teknologiateollisuus.fi\\\/jasenille\\\/tietoa-toiminnasta\\\/jasenyys\\\/#breadcrumb\"},\"inLanguage\":\"fi\",\"potentialAction\":[{\"@type\":\"ReadAction\",\"target\":[\"https:\\\/\\\/teknologiateollisuus.fi\\\/jasenille\\\/tietoa-toiminnasta\\\/jasenyys\\\/\"]}]},{\"@type\":\"BreadcrumbList\",\"@id\":\"https:\\\/\\\/teknologiateollisuus.fi\\\/jasenille\\\/tietoa-toiminnasta\\\/jasenyys\\\/#breadcrumb\",\"itemListElement\":[{\"@type\":\"ListItem\",\"position\":1,\"name\":\"Home\",\"item\":\"https:\\\/\\\/teknologiateollisuus.fi\\\/jasenille\\\/\"},{\"@type\":\"ListItem\",\"position\":2,\"name\":\"Tietoa toiminnasta\",\"item\":\"https:\\\/\\\/teknologiateollisuus.fi\\\/jasenille\\\/tietoa-toiminnasta\\\/\"},{\"@type\":\"ListItem\",\"position\":3,\"name\":\"J\u00e4senyys\"}]},{\"@type\":\"WebSite\",\"@id\":\"https:\\\/\\\/teknologiateollisuus.fi\\\/jasenille\\\/#website\",\"url\":\"https:\\\/\\\/teknologiateollisuus.fi\\\/jasenille\\\/\",\"name\":\"Teknologiateollisuus - J\u00e4senille\",\"description\":\"\",\"publisher\":{\"@id\":\"https:\\\/\\\/teknologiateollisuus.fi\\\/jasenille\\\/#organization\"},\"potentialAction\":[{\"@type\":\"SearchAction\",\"target\":{\"@type\":\"EntryPoint\",\"urlTemplate\":\"https:\\\/\\\/teknologiateollisuus.fi\\\/jasenille\\\/?s={search_term_string}\"},\"query-input\":{\"@type\":\"PropertyValueSpecification\",\"valueRequired\":true,\"valueName\":\"search_term_string\"}}],\"inLanguage\":\"fi\"},{\"@type\":\"Organization\",\"@id\":\"https:\\\/\\\/teknologiateollisuus.fi\\\/jasenille\\\/#organization\",\"name\":\"Teknologiateollisuus - J\u00e4senille\",\"url\":\"https:\\\/\\\/teknologiateollisuus.fi\\\/jasenille\\\/\",\"logo\":{\"@type\":\"ImageObject\",\"inLanguage\":\"fi\",\"@id\":\"https:\\\/\\\/teknologiateollisuus.fi\\\/jasenille\\\/#\\\/schema\\\/logo\\\/image\\\/\",\"url\":\"https:\\\/\\\/teknologiateollisuus.fi\\\/jasenille\\\/wp-content\\\/uploads\\\/sites\\\/1\\\/2023\\\/10\\\/placeholder.png\",\"contentUrl\":\"https:\\\/\\\/teknologiateollisuus.fi\\\/jasenille\\\/wp-content\\\/uploads\\\/sites\\\/1\\\/2023\\\/10\\\/placeholder.png\",\"width\":2560,\"height\":1920,\"caption\":\"Teknologiateollisuus - J\u00e4senille\"},\"image\":{\"@id\":\"https:\\\/\\\/teknologiateollisuus.fi\\\/jasenille\\\/#\\\/schema\\\/logo\\\/image\\\/\"}}]}<\/script>\n<!-- \/ Yoast SEO Premium plugin. -->","yoast_head_json":{"title":"J\u00e4senyys - Teknologiateollisuus - J\u00e4senille","description":"J\u00e4senyys ja aktiivinen toiminta Teknologiateollisuudessa antavat yrityksille suoran kosketuksen laajaan tietovirtaan ja mahdollisuuden verkostoitua.","robots":{"index":"index","follow":"follow","max-snippet":"max-snippet:-1","max-image-preview":"max-image-preview:large","max-video-preview":"max-video-preview:-1"},"canonical":"https:\/\/teknologiateollisuus.fi\/jasenille\/tietoa-toiminnasta\/jasenyys\/","og_locale":"fi_FI","og_type":"article","og_title":"J\u00e4senyys","og_description":"J\u00e4senyys ja aktiivinen toiminta Teknologiateollisuudessa antavat yrityksille suoran kosketuksen laajaan tietovirtaan ja mahdollisuuden verkostoitua.","og_url":"https:\/\/teknologiateollisuus.fi\/jasenille\/tietoa-toiminnasta\/jasenyys\/","og_site_name":"Teknologiateollisuus - J\u00e4senille","article_modified_time":"2025-12-04T12:01:07+00:00","twitter_card":"summary_large_image","twitter_misc":{"Arvioitu lukuaika":"2 minuuttia"},"schema":{"@context":"https:\/\/schema.org","@graph":[{"@type":"WebPage","@id":"https:\/\/teknologiateollisuus.fi\/jasenille\/tietoa-toiminnasta\/jasenyys\/","url":"https:\/\/teknologiateollisuus.fi\/jasenille\/tietoa-toiminnasta\/jasenyys\/","name":"J\u00e4senyys - Teknologiateollisuus - J\u00e4senille","isPartOf":{"@id":"https:\/\/teknologiateollisuus.fi\/jasenille\/#website"},"datePublished":"2023-11-20T15:42:00+00:00","dateModified":"2025-12-04T12:01:07+00:00","description":"J\u00e4senyys ja aktiivinen toiminta Teknologiateollisuudessa antavat yrityksille suoran kosketuksen laajaan tietovirtaan ja mahdollisuuden verkostoitua.","breadcrumb":{"@id":"https:\/\/teknologiateollisuus.fi\/jasenille\/tietoa-toiminnasta\/jasenyys\/#breadcrumb"},"inLanguage":"fi","potentialAction":[{"@type":"ReadAction","target":["https:\/\/teknologiateollisuus.fi\/jasenille\/tietoa-toiminnasta\/jasenyys\/"]}]},{"@type":"BreadcrumbList","@id":"https:\/\/teknologiateollisuus.fi\/jasenille\/tietoa-toiminnasta\/jasenyys\/#breadcrumb","itemListElement":[{"@type":"ListItem","position":1,"name":"Home","item":"https:\/\/teknologiateollisuus.fi\/jasenille\/"},{"@type":"ListItem","position":2,"name":"Tietoa toiminnasta","item":"https:\/\/teknologiateollisuus.fi\/jasenille\/tietoa-toiminnasta\/"},{"@type":"ListItem","position":3,"name":"J\u00e4senyys"}]},{"@type":"WebSite","@id":"https:\/\/teknologiateollisuus.fi\/jasenille\/#website","url":"https:\/\/teknologiateollisuus.fi\/jasenille\/","name":"Teknologiateollisuus - J\u00e4senille","description":"","publisher":{"@id":"https:\/\/teknologiateollisuus.fi\/jasenille\/#organization"},"potentialAction":[{"@type":"SearchAction","target":{"@type":"EntryPoint","urlTemplate":"https:\/\/teknologiateollisuus.fi\/jasenille\/?s={search_term_string}"},"query-input":{"@type":"PropertyValueSpecification","valueRequired":true,"valueName":"search_term_string"}}],"inLanguage":"fi"},{"@type":"Organization","@id":"https:\/\/teknologiateollisuus.fi\/jasenille\/#organization","name":"Teknologiateollisuus - J\u00e4senille","url":"https:\/\/teknologiateollisuus.fi\/jasenille\/","logo":{"@type":"ImageObject","inLanguage":"fi","@id":"https:\/\/teknologiateollisuus.fi\/jasenille\/#\/schema\/logo\/image\/","url":"https:\/\/teknologiateollisuus.fi\/jasenille\/wp-content\/uploads\/sites\/1\/2023\/10\/placeholder.png","contentUrl":"https:\/\/teknologiateollisuus.fi\/jasenille\/wp-content\/uploads\/sites\/1\/2023\/10\/placeholder.png","width":2560,"height":1920,"caption":"Teknologiateollisuus - J\u00e4senille"},"image":{"@id":"https:\/\/teknologiateollisuus.fi\/jasenille\/#\/schema\/logo\/image\/"}}]}},"lang":"fi","translations":{"fi":635},"pll_sync_post":[],"_links":{"self":[{"href":"https:\/\/teknologiateollisuus.fi\/jasenille\/wp-json\/wp\/v2\/pages\/635","targetHints":{"allow":["GET"]}}],"collection":[{"href":"https:\/\/teknologiateollisuus.fi\/jasenille\/wp-json\/wp\/v2\/pages"}],"about":[{"href":"https:\/\/teknologiateollisuus.fi\/jasenille\/wp-json\/wp\/v2\/types\/page"}],"author":[{"embeddable":true,"href":"https:\/\/teknologiateollisuus.fi\/jasenille\/wp-json\/wp\/v2\/users\/24"}],"replies":[{"embeddable":true,"href":"https:\/\/teknologiateollisuus.fi\/jasenille\/wp-json\/wp\/v2\/comments?post=635"}],"version-history":[{"count":30,"href":"https:\/\/teknologiateollisuus.fi\/jasenille\/wp-json\/wp\/v2\/pages\/635\/revisions"}],"predecessor-version":[{"id":28148,"href":"https:\/\/teknologiateollisuus.fi\/jasenille\/wp-json\/wp\/v2\/pages\/635\/revisions\/28148"}],"up":[{"embeddable":true,"href":"https:\/\/teknologiateollisuus.fi\/jasenille\/wp-json\/wp\/v2\/pages\/28171"}],"wp:attachment":[{"href":"https:\/\/teknologiateollisuus.fi\/jasenille\/wp-json\/wp\/v2\/media?parent=635"}],"curies":[{"name":"wp","href":"https:\/\/api.w.org\/{rel}","templated":true}]}}