{"id":7075,"date":"2024-07-16T08:41:06","date_gmt":"2024-07-16T05:41:06","guid":{"rendered":"https:\/\/teknologiateollisuus.fi\/jasenille\/?page_id=7075"},"modified":"2025-12-11T11:00:08","modified_gmt":"2025-12-11T09:00:08","slug":"verotuksen-tietopaketti","status":"publish","type":"page","link":"https:\/\/teknologiateollisuus.fi\/jasenille\/palvelut\/tilannekuva\/verotuksen-tietopaketti\/","title":{"rendered":"Verotus"},"content":{"rendered":"\n<div class=\"em-block-hero hero-has-background-color has-background has-black-background-color collapse  \">\n\t<div class=\"em-block-hero__container\">\n\t\t<div class=\"em-block-hero__content\">\n\t\t\t<div class=\"yoast-breadcrumbs\"><span><span><a href=\"https:\/\/teknologiateollisuus.fi\/jasenille\/\">Home<\/a><\/span> <span class=\"separator\"><\/span> <span><a href=\"https:\/\/teknologiateollisuus.fi\/jasenille\/palvelut\/\">Palvelut<\/a><\/span> <span class=\"separator\"><\/span> <span><a href=\"https:\/\/teknologiateollisuus.fi\/jasenille\/palvelut\/tilannekuva\/\">Tilannekuva<\/a><\/span> <span class=\"separator\"><\/span> <span class=\"breadcrumb_last\" aria-current=\"page\">Verotus<\/span><\/span><\/div>\t\t\t\n<h1 class=\"wp-block-heading\" id=\"h-verotuksen-tietopaketti-yrityksille\">Verotuksen tietopaketti yrityksille<\/h1>\n\n<p>Olemme koonneet verotuksen tietopakettiin yrityksille merkitt\u00e4v\u00e4\u00e4 tietoa verotuksesta. Tietoa verotuksen eri osa-alueista l\u00f6yd\u00e4t sivun vasemman reunan valikosta. Paketin yhteydest\u00e4 l\u00f6yd\u00e4t my\u00f6s ajankohtaisia verouutisia.<\/p>\n\t\t\t<div class=\"em-block-hero__modified-date\"> P\u00e4ivitetty 11.12.2025 klo 11:00<\/div>\t\t<\/div>\n\t\t\t\t\t<figure class=\"em-block-hero__image\">\n\t\t\t\t\t\t\t<\/figure>\n\t\t\t<\/div>\n<\/div>\n\n\n\n<p>Verotus koskettaa jokaista yrityst\u00e4, yritt\u00e4j\u00e4\u00e4 ja ty\u00f6ntekij\u00e4\u00e4. Verotus on ty\u00f6kalu, jolla voi kannustaa kasvuun, vihre\u00e4\u00e4n siirtym\u00e4\u00e4n ja digitalisoitumiseen. Sill\u00e4 voi tukea tutkimus- ja kehitt\u00e4mistoimintaa, tuotantoa, omistamista, investointeja sek\u00e4 tehd\u00e4 Suomesta toimiva ja houkutteleva toimintaymp\u00e4rist\u00f6 yrityksille ja osaajille.<\/p>\n\n\n\n<p>Verovaroilla kustannetaan esimerkiksi yritysten tarvitsema infrastruktuuri ja ty\u00f6ntekij\u00f6iden koulutus. Ankara ja ep\u00e4selv\u00e4 verotus voi toisaalta heikent\u00e4\u00e4 Suomen kilpailukyky\u00e4 merkitt\u00e4v\u00e4stikin. <\/p>\n\n\n\n<div class=\"wp-block-evermade-links em-block-links has-columns-1  mt-sm\">\n<a\n\tclass=\"wp-block-evermade-external-link em-block-link is-external   has-subtitle\"\n\thref=\"https:\/\/ek.fi\/hyotytietoa-yrityksille\/verotus\/\"\n\taria-label=\"Avaa uudessa v\u00e4lilehdess\u00e4\"\n\ttarget=\"_blank\"\n\trel=\"noopener noreferrer\"\n>\n\t<div class=\"em-block-link__content\">\n\t\t<span class=\"em-block-link__title\">\n\t\t\tElinkeinoel\u00e4m\u00e4n keskusliitto\t\t<\/span>\n\t\t\t\t\t<span class=\"em-block-link__subtitle\">\n\t\t\t\tVeroneuvontaa my\u00f6s Teknologiateollisuus ry:n j\u00e4senille\t\t\t<\/span>\n\t\t\t<\/div>\n\t<div class=\"em-block-link__arrow\"><\/div>\n\t<div class=\"em-block-link__pressable\"><\/div>\n<\/a>\n\n\n\n<a\n\tclass=\"wp-block-evermade-external-link em-block-link is-external   has-subtitle\"\n\thref=\"https:\/\/www.vero.fi\"\n\taria-label=\"Avaa uudessa v\u00e4lilehdess\u00e4\"\n\ttarget=\"_blank\"\n\trel=\"noopener noreferrer\"\n>\n\t<div class=\"em-block-link__content\">\n\t\t<span class=\"em-block-link__title\">\n\t\t\tVerohallinto\t\t<\/span>\n\t\t\t\t\t<span class=\"em-block-link__subtitle\">\n\t\t\t\tKatso kattavat tietopaketit\t\t\t<\/span>\n\t\t\t<\/div>\n\t<div class=\"em-block-link__arrow\"><\/div>\n\t<div class=\"em-block-link__pressable\"><\/div>\n<\/a>\n<\/div>\n\n\n\n<p class=\"has-text-align-left\">Alla on kuvattu teknologiateollisuuden strategiak\u00e4rkien kautta eri verolinjausten toteutumisen aste.<\/p>\n\n\n\n<h2 class=\"wp-block-heading has-text-align-left\" id=\"h-tyon-tekemisen-edellytykset\" id=\"tyon-tekemisen-edellytykset\">Ty\u00f6n tekemisen edellytykset<\/h2>\n\n\n\n<div class=\"wp-block-scb-columns scb-columns  has-mobile-behavior--stacked has-columns-2 mt-none\">\n<div class=\"wp-block-scb-column scb-column is-scale-cover\">\n<h4 class=\"wp-block-heading\" id=\"h-onnistumiset\" id=\"onnistumiset\">Onnistumiset:<\/h4>\n\n\n\n<ul class=\"wp-block-list is-style-styled\">\n<li>Ansiotuloverotuksen kevent\u00e4minen kaikissa tuloluokissa<\/li>\n\n\n\n<li>Avainhenkil\u00f6verotus<\/li>\n\n\n\n<li>Muutto- ja asettautumiskulut verovapaata ansiotuloa<\/li>\n<\/ul>\n<\/div>\n\n\n\n<div class=\"wp-block-scb-column scb-column is-scale-cover\">\n<h4 class=\"wp-block-heading\" id=\"h-tyon-alla\" id=\"tyon-alla\">Ty\u00f6n alla:<\/h4>\n\n\n\n<ul class=\"wp-block-list is-style-styled\">\n<li>Marginaaliverotuksen ei ylit\u00e4 50 prosenttia<\/li>\n\n\n\n<li>Et\u00e4ty\u00f6n verotus<\/li>\n<\/ul>\n<\/div>\n<\/div>\n\n\n\n<h2 class=\"wp-block-heading has-text-align-left\" id=\"h-digivihrean-siirtyman-nopeuttaminen\" id=\"digivihrean-siirtyman-nopeuttaminen\">Digivihre\u00e4n siirtym\u00e4n nopeuttaminen<\/h2>\n\n\n\n<div class=\"wp-block-scb-columns scb-columns  has-mobile-behavior--stacked has-columns-2 mt-none\">\n<div class=\"wp-block-scb-column scb-column is-scale-cover\">\n<h4 class=\"wp-block-heading\" id=\"h-onnistumiset-0\" id=\"onnistumiset\">Onnistumiset:<\/h4>\n\n\n\n<ul class=\"wp-block-list is-style-styled\">\n<li>Energiaverotuksen muutoksissa huomioidaan yritysten kilpailukyky<\/li>\n<\/ul>\n<\/div>\n\n\n\n<div class=\"wp-block-scb-column scb-column is-scale-cover\">\n<h4 class=\"wp-block-heading\" id=\"h-tyon-alla-0\" id=\"tyon-alla\">Ty\u00f6n alla:<\/h4>\n\n\n\n<ul class=\"wp-block-list is-style-styled\">\n<li>Liikenteen rahoituksen ja verotuksen kokonaisuudistus tekeill\u00e4 hallituskaudella<\/li>\n<\/ul>\n<\/div>\n<\/div>\n\n\n\n<h2 class=\"wp-block-heading has-text-align-left\" id=\"h-innovaatioiden-tukeminen\" id=\"innovaatioiden-tukeminen\">Innovaatioiden tukeminen<\/h2>\n\n\n\n<div class=\"wp-block-scb-columns scb-columns  has-mobile-behavior--stacked has-columns-2 mt-none\">\n<div class=\"wp-block-scb-column scb-column is-scale-cover\">\n<h4 class=\"wp-block-heading\" id=\"h-onnistumiset-1\" id=\"onnistumiset\">Onnistumiset:<\/h4>\n\n\n\n<ul class=\"wp-block-list is-style-styled\">\n<li>Energiaverotuksen muutoksissa huomioidaan yritysten kilpailukyky<\/li>\n<\/ul>\n<\/div>\n\n\n\n<div class=\"wp-block-scb-column scb-column is-scale-cover\">\n<h4 class=\"wp-block-heading\" id=\"h-tyon-alla-1\" id=\"tyon-alla\">Ty\u00f6n alla:<\/h4>\n\n\n\n<ul class=\"wp-block-list is-style-styled\">\n<li>Liikenteen rahoituksen ja verotuksen kokonaisuudistus tekeill\u00e4 hallituskaudella<\/li>\n<\/ul>\n<\/div>\n<\/div>\n\n\n\n<h2 class=\"wp-block-heading has-text-align-left\" id=\"h-yrittamisen-ja-omistamisen-edellytykset\" id=\"yrittamisen-ja-omistamisen-edellytykset\">Yritt\u00e4misen ja omistamisen edellytykset<\/h2>\n\n\n\n<div class=\"wp-block-scb-columns scb-columns  has-mobile-behavior--stacked has-columns-2 mt-none\">\n<div class=\"wp-block-scb-column scb-column is-scale-cover\">\n<h4 class=\"wp-block-heading\" id=\"h-onnistumiset-2\" id=\"onnistumiset\">Onnistumiset:<\/h4>\n\n\n\n<ul class=\"wp-block-list is-style-styled\">\n<li>Yritysten ja yritt\u00e4misen verotusta ei kiristet\u00e4<\/li>\n\n\n\n<li>Listaamattomien yritysten osinkoverotusta ei kiristet\u00e4<\/li>\n\n\n\n<li>Perint\u00f6veron maksuaikaa pidennet\u00e4\u00e4n 10 vuoteen<\/li>\n\n\n\n<li>Ei mainintaa sukupolvenvaihdoksen verotuksen kirist\u00e4misest\u00e4<\/li>\n\n\n\n<li>Ei mainintaa taloudellisen ty\u00f6nantajan k\u00e4sitteest\u00e4<\/li>\n\n\n\n<li>Ei mainintaa arvonnousuverosta<\/li>\n\n\n\n<li>Verotus on selke\u00e4\u00e4 ja ennakoitavaa<\/li>\n\n\n\n<li>Verotuksen digitalisaatio<\/li>\n<\/ul>\n<\/div>\n\n\n\n<div class=\"wp-block-scb-column scb-column is-scale-cover\">\n<h4 class=\"wp-block-heading\" id=\"h-tyon-alla-2\" id=\"tyon-alla\">Ty\u00f6n alla:<\/h4>\n\n\n\n<ul class=\"wp-block-list is-style-styled\">\n<li>Mahdollisen <a href=\"https:\/\/teknologiateollisuus.fi\/jasenille\/tietopankki\/verotuksen-tietopaketti\/kiinteistoverotus\/\">kiinteist\u00f6veron<\/a> uudistuksen oltava kohtuullinen<\/li>\n\n\n\n<li>Kaivosmineraaliveron lis\u00e4korotuksen valmistelu<\/li>\n<\/ul>\n<\/div>\n<\/div>\n\n\n\n<h2 class=\"wp-block-heading has-text-align-left\" id=\"h-eu-verotus-ja-komission-tyoohjelma\" id=\"eu-verotus-ja-komission-tyoohjelma\">EU-verotus ja komission ty\u00f6ohjelma<\/h2>\n\n\n\n<p class=\"has-text-align-left  mt-xs\">Suomen tulee olla aktiivinen vaikuttaja EU:n ja OECD:n verotushankkeissa. Oman maan verotusoikeutta on puolustettava, koska Suomi pienen\u00e4, digitalisoituneena ja immateriaalioikeuksiin nojaavana vientivaltiona on aivan eri asemassa kuin suuret j\u00e4senmaat laajoine kotimarkkinoineen.Lue Teknologiateollisuus ry:n verkkosivuilta lis\u00e4\u00e4 kansainv\u00e4lisest\u00e4 verotuksesta.<\/p>\n\n\n\n<div class=\"wp-block-evermade-links em-block-links has-columns-1\">\n<a\n\tclass=\"wp-block-evermade-external-link em-block-link is-external   has-subtitle\"\n\thref=\"https:\/\/teknologiateollisuus.fi\/tavoitteemme\/talous-ja-veropolitiikka\/globaali-veromalli\/\"\n\taria-label=\"Avaa uudessa v\u00e4lilehdess\u00e4\"\n\ttarget=\"_blank\"\n\trel=\"noopener noreferrer\"\n>\n\t<div class=\"em-block-link__content\">\n\t\t<span class=\"em-block-link__title\">\n\t\t\tKansainv\u00e4linen verotus\t\t<\/span>\n\t\t\t\t\t<span class=\"em-block-link__subtitle\">\n\t\t\t\tTeknologiateollisuuden tavoitteet\t\t\t<\/span>\n\t\t\t<\/div>\n\t<div class=\"em-block-link__arrow\"><\/div>\n\t<div class=\"em-block-link__pressable\"><\/div>\n<\/a>\n<\/div>\n\n\n\n<div class=\"wp-block-scb-columns scb-columns  has-mobile-behavior--stacked has-auto-fit em-pattern-event-contacts\">\n<div class=\"wp-block-scb-column scb-column is-scale-cover\">\n<h2 class=\"wp-block-heading\" id=\"h-lisatiedot\" id=\"lisatiedot\">Lis\u00e4tiedot:<\/h2>\n\n\n<\/div>\n<\/div>\n","protected":false},"excerpt":{"rendered":"<p>Verotus koskettaa jokaista yrityst\u00e4, yritt\u00e4j\u00e4\u00e4 ja ty\u00f6ntekij\u00e4\u00e4. Verotus on ty\u00f6kalu, jolla voi kannustaa kasvuun, vihre\u00e4\u00e4n siirtym\u00e4\u00e4n ja digitalisoitumiseen. Sill\u00e4 voi tukea tutkimus- ja kehitt\u00e4mistoimintaa, tuotantoa, omistamista, investointeja sek\u00e4 tehd\u00e4 Suomesta toimiva ja houkutteleva toimintaymp\u00e4rist\u00f6 yrityksille ja osaajille. Verovaroilla kustannetaan esimerkiksi yritysten tarvitsema infrastruktuuri ja ty\u00f6ntekij\u00f6iden koulutus. Ankara ja ep\u00e4selv\u00e4 verotus voi toisaalta heikent\u00e4\u00e4 Suomen kilpailukyky\u00e4 [&hellip;]<\/p>\n","protected":false},"author":11,"featured_media":0,"parent":1458,"menu_order":6,"comment_status":"closed","ping_status":"closed","template":"","meta":{"_acf_changed":false,"_relevanssi_hide_post":"","_relevanssi_hide_content":"","_relevanssi_pin_for_all":"","_relevanssi_pin_keywords":"","_relevanssi_unpin_keywords":"","_relevanssi_related_keywords":"","_relevanssi_related_include_ids":"","_relevanssi_related_exclude_ids":"","_relevanssi_related_no_append":"","_relevanssi_related_not_related":"","_relevanssi_related_posts":"6692,5248,6099,5774,6453,5826","_relevanssi_noindex_reason":"","inline_featured_image":false,"growthstack-ab-test":[],"growthstack-ab-test-views":[],"footnotes":""},"class_list":["post-7075","page","type-page","status-publish","hentry"],"acf":{"is_store_related":false,"locked":false},"yoast_head":"<!-- This site is optimized with the Yoast SEO Premium plugin v27.1 (Yoast SEO v27.4) - https:\/\/yoast.com\/product\/yoast-seo-premium-wordpress\/ -->\n<title>Verotus - Teknologiateollisuus - J\u00e4senille<\/title>\n<meta name=\"description\" content=\"Olemme koonneet verotuksen tietopakettiin yrityksille merkitt\u00e4v\u00e4\u00e4 tietoa verotuksesta.\" \/>\n<meta name=\"robots\" content=\"index, follow, max-snippet:-1, max-image-preview:large, max-video-preview:-1\" \/>\n<link rel=\"canonical\" href=\"https:\/\/teknologiateollisuus.fi\/jasenille\/palvelut\/tilannekuva\/verotuksen-tietopaketti\/\" \/>\n<meta property=\"og:locale\" content=\"fi_FI\" \/>\n<meta property=\"og:type\" content=\"article\" \/>\n<meta property=\"og:title\" content=\"Verotus\" \/>\n<meta property=\"og:description\" content=\"Olemme koonneet verotuksen tietopakettiin yrityksille merkitt\u00e4v\u00e4\u00e4 tietoa verotuksesta.\" \/>\n<meta property=\"og:url\" content=\"https:\/\/teknologiateollisuus.fi\/jasenille\/palvelut\/tilannekuva\/verotuksen-tietopaketti\/\" \/>\n<meta property=\"og:site_name\" content=\"Teknologiateollisuus - J\u00e4senille\" \/>\n<meta property=\"article:modified_time\" content=\"2025-12-11T09:00:08+00:00\" \/>\n<meta name=\"twitter:card\" content=\"summary_large_image\" \/>\n<meta name=\"twitter:label1\" content=\"Arvioitu lukuaika\" \/>\n\t<meta name=\"twitter:data1\" content=\"2 minuuttia\" \/>\n<script type=\"application\/ld+json\" class=\"yoast-schema-graph\">{\"@context\":\"https:\\\/\\\/schema.org\",\"@graph\":[{\"@type\":\"WebPage\",\"@id\":\"https:\\\/\\\/teknologiateollisuus.fi\\\/jasenille\\\/palvelut\\\/tilannekuva\\\/verotuksen-tietopaketti\\\/\",\"url\":\"https:\\\/\\\/teknologiateollisuus.fi\\\/jasenille\\\/palvelut\\\/tilannekuva\\\/verotuksen-tietopaketti\\\/\",\"name\":\"Verotus - Teknologiateollisuus - J\u00e4senille\",\"isPartOf\":{\"@id\":\"https:\\\/\\\/teknologiateollisuus.fi\\\/jasenille\\\/#website\"},\"datePublished\":\"2024-07-16T05:41:06+00:00\",\"dateModified\":\"2025-12-11T09:00:08+00:00\",\"description\":\"Olemme koonneet verotuksen tietopakettiin yrityksille merkitt\u00e4v\u00e4\u00e4 tietoa verotuksesta.\",\"breadcrumb\":{\"@id\":\"https:\\\/\\\/teknologiateollisuus.fi\\\/jasenille\\\/palvelut\\\/tilannekuva\\\/verotuksen-tietopaketti\\\/#breadcrumb\"},\"inLanguage\":\"fi\",\"potentialAction\":[{\"@type\":\"ReadAction\",\"target\":[\"https:\\\/\\\/teknologiateollisuus.fi\\\/jasenille\\\/palvelut\\\/tilannekuva\\\/verotuksen-tietopaketti\\\/\"]}]},{\"@type\":\"BreadcrumbList\",\"@id\":\"https:\\\/\\\/teknologiateollisuus.fi\\\/jasenille\\\/palvelut\\\/tilannekuva\\\/verotuksen-tietopaketti\\\/#breadcrumb\",\"itemListElement\":[{\"@type\":\"ListItem\",\"position\":1,\"name\":\"Home\",\"item\":\"https:\\\/\\\/teknologiateollisuus.fi\\\/jasenille\\\/\"},{\"@type\":\"ListItem\",\"position\":2,\"name\":\"Palvelut\",\"item\":\"https:\\\/\\\/teknologiateollisuus.fi\\\/jasenille\\\/palvelut\\\/\"},{\"@type\":\"ListItem\",\"position\":3,\"name\":\"Tilannekuva\",\"item\":\"https:\\\/\\\/teknologiateollisuus.fi\\\/jasenille\\\/palvelut\\\/tilannekuva\\\/\"},{\"@type\":\"ListItem\",\"position\":4,\"name\":\"Verotus\"}]},{\"@type\":\"WebSite\",\"@id\":\"https:\\\/\\\/teknologiateollisuus.fi\\\/jasenille\\\/#website\",\"url\":\"https:\\\/\\\/teknologiateollisuus.fi\\\/jasenille\\\/\",\"name\":\"Teknologiateollisuus - J\u00e4senille\",\"description\":\"\",\"publisher\":{\"@id\":\"https:\\\/\\\/teknologiateollisuus.fi\\\/jasenille\\\/#organization\"},\"potentialAction\":[{\"@type\":\"SearchAction\",\"target\":{\"@type\":\"EntryPoint\",\"urlTemplate\":\"https:\\\/\\\/teknologiateollisuus.fi\\\/jasenille\\\/?s={search_term_string}\"},\"query-input\":{\"@type\":\"PropertyValueSpecification\",\"valueRequired\":true,\"valueName\":\"search_term_string\"}}],\"inLanguage\":\"fi\"},{\"@type\":\"Organization\",\"@id\":\"https:\\\/\\\/teknologiateollisuus.fi\\\/jasenille\\\/#organization\",\"name\":\"Teknologiateollisuus - J\u00e4senille\",\"url\":\"https:\\\/\\\/teknologiateollisuus.fi\\\/jasenille\\\/\",\"logo\":{\"@type\":\"ImageObject\",\"inLanguage\":\"fi\",\"@id\":\"https:\\\/\\\/teknologiateollisuus.fi\\\/jasenille\\\/#\\\/schema\\\/logo\\\/image\\\/\",\"url\":\"https:\\\/\\\/teknologiateollisuus.fi\\\/jasenille\\\/wp-content\\\/uploads\\\/sites\\\/1\\\/2023\\\/10\\\/placeholder.png\",\"contentUrl\":\"https:\\\/\\\/teknologiateollisuus.fi\\\/jasenille\\\/wp-content\\\/uploads\\\/sites\\\/1\\\/2023\\\/10\\\/placeholder.png\",\"width\":2560,\"height\":1920,\"caption\":\"Teknologiateollisuus - J\u00e4senille\"},\"image\":{\"@id\":\"https:\\\/\\\/teknologiateollisuus.fi\\\/jasenille\\\/#\\\/schema\\\/logo\\\/image\\\/\"}}]}<\/script>\n<!-- \/ Yoast SEO Premium plugin. -->","yoast_head_json":{"title":"Verotus - Teknologiateollisuus - J\u00e4senille","description":"Olemme koonneet verotuksen tietopakettiin yrityksille merkitt\u00e4v\u00e4\u00e4 tietoa verotuksesta.","robots":{"index":"index","follow":"follow","max-snippet":"max-snippet:-1","max-image-preview":"max-image-preview:large","max-video-preview":"max-video-preview:-1"},"canonical":"https:\/\/teknologiateollisuus.fi\/jasenille\/palvelut\/tilannekuva\/verotuksen-tietopaketti\/","og_locale":"fi_FI","og_type":"article","og_title":"Verotus","og_description":"Olemme koonneet verotuksen tietopakettiin yrityksille merkitt\u00e4v\u00e4\u00e4 tietoa verotuksesta.","og_url":"https:\/\/teknologiateollisuus.fi\/jasenille\/palvelut\/tilannekuva\/verotuksen-tietopaketti\/","og_site_name":"Teknologiateollisuus - J\u00e4senille","article_modified_time":"2025-12-11T09:00:08+00:00","twitter_card":"summary_large_image","twitter_misc":{"Arvioitu lukuaika":"2 minuuttia"},"schema":{"@context":"https:\/\/schema.org","@graph":[{"@type":"WebPage","@id":"https:\/\/teknologiateollisuus.fi\/jasenille\/palvelut\/tilannekuva\/verotuksen-tietopaketti\/","url":"https:\/\/teknologiateollisuus.fi\/jasenille\/palvelut\/tilannekuva\/verotuksen-tietopaketti\/","name":"Verotus - Teknologiateollisuus - J\u00e4senille","isPartOf":{"@id":"https:\/\/teknologiateollisuus.fi\/jasenille\/#website"},"datePublished":"2024-07-16T05:41:06+00:00","dateModified":"2025-12-11T09:00:08+00:00","description":"Olemme koonneet verotuksen tietopakettiin yrityksille merkitt\u00e4v\u00e4\u00e4 tietoa verotuksesta.","breadcrumb":{"@id":"https:\/\/teknologiateollisuus.fi\/jasenille\/palvelut\/tilannekuva\/verotuksen-tietopaketti\/#breadcrumb"},"inLanguage":"fi","potentialAction":[{"@type":"ReadAction","target":["https:\/\/teknologiateollisuus.fi\/jasenille\/palvelut\/tilannekuva\/verotuksen-tietopaketti\/"]}]},{"@type":"BreadcrumbList","@id":"https:\/\/teknologiateollisuus.fi\/jasenille\/palvelut\/tilannekuva\/verotuksen-tietopaketti\/#breadcrumb","itemListElement":[{"@type":"ListItem","position":1,"name":"Home","item":"https:\/\/teknologiateollisuus.fi\/jasenille\/"},{"@type":"ListItem","position":2,"name":"Palvelut","item":"https:\/\/teknologiateollisuus.fi\/jasenille\/palvelut\/"},{"@type":"ListItem","position":3,"name":"Tilannekuva","item":"https:\/\/teknologiateollisuus.fi\/jasenille\/palvelut\/tilannekuva\/"},{"@type":"ListItem","position":4,"name":"Verotus"}]},{"@type":"WebSite","@id":"https:\/\/teknologiateollisuus.fi\/jasenille\/#website","url":"https:\/\/teknologiateollisuus.fi\/jasenille\/","name":"Teknologiateollisuus - J\u00e4senille","description":"","publisher":{"@id":"https:\/\/teknologiateollisuus.fi\/jasenille\/#organization"},"potentialAction":[{"@type":"SearchAction","target":{"@type":"EntryPoint","urlTemplate":"https:\/\/teknologiateollisuus.fi\/jasenille\/?s={search_term_string}"},"query-input":{"@type":"PropertyValueSpecification","valueRequired":true,"valueName":"search_term_string"}}],"inLanguage":"fi"},{"@type":"Organization","@id":"https:\/\/teknologiateollisuus.fi\/jasenille\/#organization","name":"Teknologiateollisuus - J\u00e4senille","url":"https:\/\/teknologiateollisuus.fi\/jasenille\/","logo":{"@type":"ImageObject","inLanguage":"fi","@id":"https:\/\/teknologiateollisuus.fi\/jasenille\/#\/schema\/logo\/image\/","url":"https:\/\/teknologiateollisuus.fi\/jasenille\/wp-content\/uploads\/sites\/1\/2023\/10\/placeholder.png","contentUrl":"https:\/\/teknologiateollisuus.fi\/jasenille\/wp-content\/uploads\/sites\/1\/2023\/10\/placeholder.png","width":2560,"height":1920,"caption":"Teknologiateollisuus - J\u00e4senille"},"image":{"@id":"https:\/\/teknologiateollisuus.fi\/jasenille\/#\/schema\/logo\/image\/"}}]}},"lang":"fi","translations":{"fi":7075},"pll_sync_post":[],"_links":{"self":[{"href":"https:\/\/teknologiateollisuus.fi\/jasenille\/wp-json\/wp\/v2\/pages\/7075","targetHints":{"allow":["GET"]}}],"collection":[{"href":"https:\/\/teknologiateollisuus.fi\/jasenille\/wp-json\/wp\/v2\/pages"}],"about":[{"href":"https:\/\/teknologiateollisuus.fi\/jasenille\/wp-json\/wp\/v2\/types\/page"}],"author":[{"embeddable":true,"href":"https:\/\/teknologiateollisuus.fi\/jasenille\/wp-json\/wp\/v2\/users\/11"}],"replies":[{"embeddable":true,"href":"https:\/\/teknologiateollisuus.fi\/jasenille\/wp-json\/wp\/v2\/comments?post=7075"}],"version-history":[{"count":30,"href":"https:\/\/teknologiateollisuus.fi\/jasenille\/wp-json\/wp\/v2\/pages\/7075\/revisions"}],"predecessor-version":[{"id":28651,"href":"https:\/\/teknologiateollisuus.fi\/jasenille\/wp-json\/wp\/v2\/pages\/7075\/revisions\/28651"}],"up":[{"embeddable":true,"href":"https:\/\/teknologiateollisuus.fi\/jasenille\/wp-json\/wp\/v2\/pages\/1458"}],"wp:attachment":[{"href":"https:\/\/teknologiateollisuus.fi\/jasenille\/wp-json\/wp\/v2\/media?parent=7075"}],"curies":[{"name":"wp","href":"https:\/\/api.w.org\/{rel}","templated":true}]}}