{"id":7338,"date":"2024-06-26T08:46:16","date_gmt":"2024-06-26T05:46:16","guid":{"rendered":"https:\/\/teknologiateollisuus.fi\/jasenille\/?page_id=7338"},"modified":"2026-04-14T09:05:48","modified_gmt":"2026-04-14T06:05:48","slug":"vastuullisen-liiketoiminnan-tuki","status":"publish","type":"page","link":"https:\/\/teknologiateollisuus.fi\/jasenille\/palvelut\/vastuullisen-liiketoiminnan-tuki\/","title":{"rendered":"Vastuullisen liiketoiminnan tuki"},"content":{"rendered":"\n<div class=\"em-block-hero hero-has-background-color has-background has-black-background-color has-image media-position-right \">\n\t<div class=\"em-block-hero__container\">\n\t\t<div class=\"em-block-hero__content\">\n\t\t\t<div class=\"yoast-breadcrumbs\"><span><span><a href=\"https:\/\/teknologiateollisuus.fi\/jasenille\/\">Home<\/a><\/span> <span class=\"separator\"><\/span> <span><a href=\"https:\/\/teknologiateollisuus.fi\/jasenille\/palvelut\/\">Palvelut<\/a><\/span> <span class=\"separator\"><\/span> <span class=\"breadcrumb_last\" aria-current=\"page\">Vastuullisen liiketoiminnan tuki<\/span><\/span><\/div>\t\t\t<span class=\"locked-content-chip\">J\u00e4senille<\/span>\n<h1 class=\"wp-block-heading\" id=\"h-vastuullisen-liiketoiminnan-tuki-yrityksille\">Vastuullisen liiketoiminnan tuki yrityksille<\/h1>\n\n<p>Vastuullisuus on alan yrityksille sek\u00e4 menestyv\u00e4n liiketoiminnan perusta ett\u00e4 kilpailuetu. Teknologiateollisuus tarjoaa j\u00e4senilleen kanavan vaikuttaa vastuullisuuden pelis\u00e4\u00e4nt\u00f6jen ja ty\u00f6kalujen kehitt\u00e4miseen.<\/p>\n\t\t\t<div class=\"em-block-hero__modified-date\"> P\u00e4ivitetty 14.04.2026 klo 09:05<\/div>\t\t<\/div>\n\t\t\t\t\t<figure class=\"em-block-hero__image\">\n\t\t\t\t<img loading=\"lazy\" decoding=\"async\" width=\"2048\" height=\"1365\" src=\"https:\/\/teknologiateollisuus.fi\/jasenille\/wp-content\/uploads\/sites\/1\/2025\/10\/Hetitec-Oy-8.jpg\" class=\"attachment-hero size-hero\" alt=\"Henkil\u00f6 ty\u00f6skentelee tehtaassa, kuvituskuva.\" srcset=\"https:\/\/teknologiateollisuus.fi\/jasenille\/wp-content\/uploads\/sites\/1\/2025\/10\/Hetitec-Oy-8.jpg 2048w, https:\/\/teknologiateollisuus.fi\/jasenille\/wp-content\/uploads\/sites\/1\/2025\/10\/Hetitec-Oy-8-400x267.jpg 400w, https:\/\/teknologiateollisuus.fi\/jasenille\/wp-content\/uploads\/sites\/1\/2025\/10\/Hetitec-Oy-8-800x533.jpg 800w, https:\/\/teknologiateollisuus.fi\/jasenille\/wp-content\/uploads\/sites\/1\/2025\/10\/Hetitec-Oy-8-768x512.jpg 768w, https:\/\/teknologiateollisuus.fi\/jasenille\/wp-content\/uploads\/sites\/1\/2025\/10\/Hetitec-Oy-8-1536x1024.jpg 1536w, https:\/\/teknologiateollisuus.fi\/jasenille\/wp-content\/uploads\/sites\/1\/2025\/10\/Hetitec-Oy-8-1300x866.jpg 1300w, https:\/\/teknologiateollisuus.fi\/jasenille\/wp-content\/uploads\/sites\/1\/2025\/10\/Hetitec-Oy-8-1440x960.jpg 1440w, https:\/\/teknologiateollisuus.fi\/jasenille\/wp-content\/uploads\/sites\/1\/2025\/10\/Hetitec-Oy-8-560x373.jpg 560w, https:\/\/teknologiateollisuus.fi\/jasenille\/wp-content\/uploads\/sites\/1\/2025\/10\/Hetitec-Oy-8-75x50.jpg 75w\" sizes=\"auto, (max-width: 2048px) 100vw, 2048px\" \/>\t\t\t<\/figure>\n\t\t\t<\/div>\n<\/div>\n\n\n\n<h2 class=\"wp-block-heading\" id=\"h-tietopaketti-yrityksille-csrd-direktiivista\" id=\"tietopaketti-yrityksille-csrd-direktiivista\">Tietopaketti yrityksille CSRD-direktiivist\u00e4<\/h2>\n\n\n\n<p>Tammikuussa 2024 voimaan astunut&nbsp;EU:n kest\u00e4vyysraportointi -direktiivi CSRD\u202ftuo uudenlaisia kest\u00e4vyysraportointivelvoitteita yritysten vuosittain julkaisemien tilinp\u00e4\u00e4t\u00f6stietojen rinnalle.<\/p>\n\n\n\n<p>Direktiivin p\u00e4\u00e4asiallisena tarkoituksena on toimia sijoitusrahastojen ja muiden finanssimarkkinatoimijoiden ty\u00f6kaluna kest\u00e4vien investointien paremmassa kohdentamisessa. Direktiivin on m\u00e4\u00e4r\u00e4 tehd\u00e4 yritysten raportoimista kest\u00e4vyystiedoista yhdenmukaisia ja vertailtavia. Lis\u00e4ksi direktiivin yleisen\u00e4 tavoitteena on edesauttaa EU:n vihre\u00e4n kehityksen ohjelman (European Green Deal) toteutumista.<\/p>\n\n\n\n<div class=\"wp-block-scb-columns scb-columns  has-mobile-behavior--stacked has-columns-4 em-pattern-key-figures__stats\">\n<div class=\"wp-block-scb-column scb-column is-scale-cover\">\n<p class=\"has-text-align-center mb-xs has-h-2-font-size\">C<\/p>\n\n\n\n<p class=\"has-text-align-center\"><strong>Corporate&nbsp;<\/strong><\/p>\n<\/div>\n\n\n\n<div class=\"wp-block-scb-column scb-column is-scale-cover\">\n<p class=\"has-text-align-center mb-xs has-h-2-font-size\">S<\/p>\n\n\n\n<p class=\"has-text-align-center\"><strong>Sustainability&nbsp;<\/strong><\/p>\n<\/div>\n\n\n\n<div class=\"wp-block-scb-column scb-column is-scale-cover\">\n<p class=\"has-text-align-center mb-xs has-h-2-font-size\">R<\/p>\n\n\n\n<p class=\"has-text-align-center\"><strong>Reporting&nbsp;<\/strong><\/p>\n<\/div>\n\n\n\n<div class=\"wp-block-scb-column scb-column is-scale-cover\">\n<p class=\"has-text-align-center mb-xs has-h-2-font-size\">D<\/p>\n\n\n\n<p class=\"has-text-align-center\"><strong>Directive&nbsp;<\/strong><\/p>\n<\/div>\n<\/div>\n\n\n\n<div class=\"wp-block-buttons is-content-justification-center is-layout-flex wp-container-core-buttons-is-layout-16018d1d wp-block-buttons-is-layout-flex\">\n<div class=\"wp-block-button icon-right is-style-outline is-style-outline--2\"><a class=\"wp-block-button__link wp-element-button\" href=\"https:\/\/teknologiateollisuus.fi\/jasenille\/tietopankki\/vastuullisuus\/yritysvastuu\/kestavyysraportointidirektiivi-crsd-tietopaketti-yrityksille-2\/\">Yritysten tietopakettiin<\/a><\/div>\n<\/div>\n\n\n\n<h2 class=\"wp-block-heading\" id=\"h-digitaalinen-tuotepassi\" id=\"digitaalinen-tuotepassi\">Digitaalinen tuotepassi<\/h2>\n\n\n\n<p>L\u00e4hivuosina EU:ssa myyt\u00e4vilt\u00e4 tuotteilta edellytet\u00e4\u00e4n digitaalista tuotepassia, joka sis\u00e4lt\u00e4\u00e4 tietoa tuotteen raaka-aineista, tuotannosta ja kierr\u00e4tyksest\u00e4. Digitaaliset tuotepassit ovat keino koota yhteen dataa tuotteiden kest\u00e4vyydest\u00e4, raaka-aineista, materiaaleista ja turvallisuudesta. Ne tarjoavat kuluttajille tietoa l\u00e4pin\u00e4kyv\u00e4sti, edist\u00e4v\u00e4t vastuullista liiketoimintaa ja voivat nopeuttaa siirtymist\u00e4 kiertotalouteen.<\/p>\n\n\n\n<ul class=\"wp-block-list is-style-styled\">\n<li>EU:n ekosuunnitteluasetuksen mukaisesti tuotteiden valmistaja tai maahantuoja vastaa tuotepassin toteutuksesta. Ensimm\u00e4iset tuoteryhm\u00e4t, joita velvoite koskee, ovat akku-, tekstiili- ja ter\u00e4stuotteet.<\/li>\n\n\n\n<li>Finnpass-verkoston yhteisty\u00f6n\u00e4 tuotettu ja Sitran toteuttama pelikirja tarjoaa yrityksille ohjeita tuotepassien suunnitteluun ja toteutukseen.<\/li>\n<\/ul>\n\n\n\n<div class=\"wp-block-buttons is-layout-flex wp-block-buttons-is-layout-flex\">\n<div class=\"wp-block-button icon-right is-style-outline is-style-outline--3\"><a class=\"wp-block-button__link wp-element-button\" href=\"https:\/\/www.sitra.fi\/uutiset\/digitaaliset-tuotepassit-ohjaavat-kohti-kestavaa-liiketoimintaa\/\">Digitaalisen tuotepassin pelikirja<\/a><\/div>\n<\/div>\n\n\n\n<h3 class=\"wp-block-heading\" id=\"h-lisatiedot\" id=\"lisatiedot\">Lis\u00e4tiedot:<\/h3>\n\n\n\n<article class=\"em-block-contact-card is-style-list\">\n\n\t<div class=\"em-block-contact-card__image\">\n\t\t\t\t\t<img loading=\"lazy\" decoding=\"async\" width=\"300\" height=\"400\" src=\"https:\/\/teknologiateollisuus.fi\/jasenille\/wp-content\/uploads\/2024\/05\/phpf1llan-300x400.jpg\" class=\"attachment-portrait size-portrait\" alt=\"\" \/>\t\t\t<\/div>\n\t<div class=\"em-block-contact-card__content-wrapper\">\n\t\t<div class=\"em-block-contact-card__content\">\n\t\t\t\t\t\t\t<div class=\"em-block-contact-card__business-units\">\n\t\t\t\t\t\t\t\t\t\t\t<span class=\"em-block-contact-card__business-unit\">Talous ja kest\u00e4v\u00e4 kasvu<\/span>\n\t\t\t\t\t\t\t\t\t<\/div>\n\t\t\t\t\t\t<h3 class=\"em-block-contact-card__title\"><a target=\"_self\" href=\"https:\/\/teknologiateollisuus.fi\/?p=1085\">Frostell Patrick<\/a><\/h3>\n\t\t\t\t\t\t\t<span class=\"em-block-contact-card__job_title\">Johtava asiantuntija &#8211; Kest\u00e4v\u00e4 kasvu, Kaapeliteollisuus<\/span>\n\t\t\t\t\t\t\t\t\t\t<span class=\"em-block-contact-card__organisation\">Teknologiateollisuus ry<\/span>\n\t\t\t\t\t<\/div>\n\t\t<div class=\"em-block-contact-card__content\">\n\t\t\t\t\t\t<address class=\"em-block-contact-card__contact-details\">\n\t\t\t\t\t\t\t\t\t<span class=\"em-block-contact-card__phone\">\n\t\t\t\t\t\t<a href=\"tel:+358 408301640\">+358 408301640<\/a><\/a>\n\t\t\t\t\t<\/span>\n\t\t\t\t\t\t\t\t\t\t\t\t\t<span class=\"em-block-contact-card__email\">\n\t\t\t\t\t\t<a href=\"mailto:patrick.frostell@teknologiateollisuus.fi\">patrick.frostell@teknologiateollisuus.fi<\/a><\/a>\n\t\t\t\t\t<\/span>\n\t\t\t\t\t\t\t<\/address>\n\t\t\t\t\t<\/div>\n\t<\/div>\n\n<\/article>\n\n\n\n<h2 class=\"wp-block-heading\" id=\"h-energiatehokkuusneuvonta-ja-sopimus\" id=\"energiatehokkuusneuvonta-ja-sopimus\">Energiatehokkuusneuvonta ja -sopimus<\/h2>\n\n\n\n<p>Fiksu ja tehokas energian k\u00e4ytt\u00f6 s\u00e4\u00e4st\u00e4\u00e4 sek\u00e4 kustannuksia ett\u00e4 ymp\u00e4rist\u00f6\u00e4. Pienempi energialasku parantaa liiketoiminnan kustannustehokkuutta, kannattavuutta ja kilpailukyky\u00e4 yrityksen koosta riippumatta. Vapaaehtoiset energiatehokkuussopimukset ovat valtion ja elinkeinoel\u00e4m\u00e4n yhdess\u00e4 valitsema kustannustehokas ja vaikuttava keino t\u00e4ytt\u00e4\u00e4 Suomelle asetetut EU:n energiatehokkuusvelvoitteet ilman pakottavaa kansallista lains\u00e4\u00e4d\u00e4nt\u00f6\u00e4 tai muita velvoitteita.<\/p>\n\n\n\n<ul class=\"wp-block-list is-style-styled\">\n<li>Sadat yritykset&nbsp;ja&nbsp;tuhannet toimipaikat&nbsp;ovat jo liittyneet energiatehokkuussopimuksiin. Sopimukset kattavat jo liki 60 % Suomen kokonaisenergian k\u00e4yt\u00f6st\u00e4.<\/li>\n\n\n\n<li>Liittym\u00e4ll\u00e4 yrityksell\u00e4 on mahdollisuus saada k\u00e4ytt\u00f6\u00f6ns\u00e4 muun muassa kattavat tieto- ja neuvontapalvelut sek\u00e4 harkinnanvaraista valtion tukea energiakatselmusten ja energiatehokkuusinvestointien tekemiseen.<\/li>\n<\/ul>\n\n\n\n<div class=\"wp-block-buttons is-layout-flex wp-block-buttons-is-layout-flex\">\n<div class=\"wp-block-button icon-right is-style-outline is-style-outline--4\"><a class=\"wp-block-button__link wp-element-button\" href=\"https:\/\/teknologiateollisuus.fi\/jasenille\/tietopankki\/vastuullisuus\/energia-ilmasto\/energiatehokkuusneuvonta-ja-sopimus\/\">Lis\u00e4tietoa energiatehokkuusneuvonnasta ja -sopimuksesta<\/a><\/div>\n<\/div>\n\n\n\n<h3 class=\"wp-block-heading\" id=\"h-lisatiedot-0\" id=\"lisatiedot\">Lis\u00e4tiedot:<\/h3>\n\n\n\n<article class=\"em-block-contact-card is-style-list\">\n\n\t<div class=\"em-block-contact-card__image\">\n\t\t\t\t\t<img loading=\"lazy\" decoding=\"async\" width=\"300\" height=\"400\" src=\"https:\/\/teknologiateollisuus.fi\/jasenille\/wp-content\/uploads\/2024\/05\/phpf1llan-300x400.jpg\" class=\"attachment-portrait size-portrait\" alt=\"\" \/>\t\t\t<\/div>\n\t<div class=\"em-block-contact-card__content-wrapper\">\n\t\t<div class=\"em-block-contact-card__content\">\n\t\t\t\t\t\t\t<div class=\"em-block-contact-card__business-units\">\n\t\t\t\t\t\t\t\t\t\t\t<span class=\"em-block-contact-card__business-unit\">Talous ja kest\u00e4v\u00e4 kasvu<\/span>\n\t\t\t\t\t\t\t\t\t<\/div>\n\t\t\t\t\t\t<h3 class=\"em-block-contact-card__title\"><a target=\"_self\" href=\"https:\/\/teknologiateollisuus.fi\/?p=1085\">Frostell Patrick<\/a><\/h3>\n\t\t\t\t\t\t\t<span class=\"em-block-contact-card__job_title\">Johtava asiantuntija &#8211; Kest\u00e4v\u00e4 kasvu, Kaapeliteollisuus<\/span>\n\t\t\t\t\t\t\t\t\t\t<span class=\"em-block-contact-card__organisation\">Teknologiateollisuus ry<\/span>\n\t\t\t\t\t<\/div>\n\t\t<div class=\"em-block-contact-card__content\">\n\t\t\t\t\t\t<address class=\"em-block-contact-card__contact-details\">\n\t\t\t\t\t\t\t\t\t<span class=\"em-block-contact-card__phone\">\n\t\t\t\t\t\t<a href=\"tel:+358 408301640\">+358 408301640<\/a><\/a>\n\t\t\t\t\t<\/span>\n\t\t\t\t\t\t\t\t\t\t\t\t\t<span class=\"em-block-contact-card__email\">\n\t\t\t\t\t\t<a href=\"mailto:patrick.frostell@teknologiateollisuus.fi\">patrick.frostell@teknologiateollisuus.fi<\/a><\/a>\n\t\t\t\t\t<\/span>\n\t\t\t\t\t\t\t<\/address>\n\t\t\t\t\t<\/div>\n\t<\/div>\n\n<\/article>\n\n\n","protected":false},"excerpt":{"rendered":"","protected":false},"author":1,"featured_media":0,"parent":7310,"menu_order":0,"comment_status":"closed","ping_status":"closed","template":"","meta":{"_acf_changed":false,"_relevanssi_hide_post":"","_relevanssi_hide_content":"","_relevanssi_pin_for_all":"","_relevanssi_pin_keywords":"","_relevanssi_unpin_keywords":"","_relevanssi_related_keywords":"","_relevanssi_related_include_ids":"","_relevanssi_related_exclude_ids":"","_relevanssi_related_no_append":"","_relevanssi_related_not_related":"","_relevanssi_related_posts":"6001,4164,7136,5780,7044,7187","_relevanssi_noindex_reason":"","inline_featured_image":false,"growthstack-ab-test":[],"growthstack-ab-test-views":[],"footnotes":""},"class_list":["post-7338","page","type-page","status-publish","hentry"],"acf":{"is_store_related":false,"locked":true},"yoast_head":"<!-- This site is optimized with the Yoast SEO Premium plugin v27.1 (Yoast SEO v27.4) - https:\/\/yoast.com\/product\/yoast-seo-premium-wordpress\/ -->\n<title>Vastuullisen liiketoiminnan tuki - Teknologiateollisuus - J\u00e4senille<\/title>\n<meta name=\"description\" content=\"Teknologiateollisuus tarjoaa j\u00e4senilleen kanavan vaikuttaa vastuullisuuden pelis\u00e4\u00e4nt\u00f6jen ja ty\u00f6kalujen kehitt\u00e4miseen sek\u00e4 yhteiseen oppimiseen.\" \/>\n<meta name=\"robots\" content=\"index, follow, max-snippet:-1, max-image-preview:large, max-video-preview:-1\" \/>\n<link rel=\"canonical\" href=\"https:\/\/teknologiateollisuus.fi\/jasenille\/palvelut\/vastuullisen-liiketoiminnan-tuki\/\" \/>\n<meta property=\"og:locale\" content=\"fi_FI\" \/>\n<meta property=\"og:type\" content=\"article\" \/>\n<meta property=\"og:title\" content=\"Vastuullisen liiketoiminnan tuki\" \/>\n<meta property=\"og:description\" content=\"Teknologiateollisuus tarjoaa j\u00e4senilleen kanavan vaikuttaa vastuullisuuden pelis\u00e4\u00e4nt\u00f6jen ja ty\u00f6kalujen kehitt\u00e4miseen sek\u00e4 yhteiseen oppimiseen.\" \/>\n<meta property=\"og:url\" content=\"https:\/\/teknologiateollisuus.fi\/jasenille\/palvelut\/vastuullisen-liiketoiminnan-tuki\/\" \/>\n<meta property=\"og:site_name\" content=\"Teknologiateollisuus - J\u00e4senille\" \/>\n<meta property=\"article:modified_time\" content=\"2026-04-14T06:05:48+00:00\" \/>\n<meta name=\"twitter:card\" content=\"summary_large_image\" \/>\n<meta name=\"twitter:label1\" content=\"Arvioitu lukuaika\" \/>\n\t<meta name=\"twitter:data1\" content=\"3 minuuttia\" \/>\n<script type=\"application\/ld+json\" class=\"yoast-schema-graph\">{\"@context\":\"https:\\\/\\\/schema.org\",\"@graph\":[{\"@type\":\"WebPage\",\"@id\":\"https:\\\/\\\/teknologiateollisuus.fi\\\/jasenille\\\/palvelut\\\/vastuullisen-liiketoiminnan-tuki\\\/\",\"url\":\"https:\\\/\\\/teknologiateollisuus.fi\\\/jasenille\\\/palvelut\\\/vastuullisen-liiketoiminnan-tuki\\\/\",\"name\":\"Vastuullisen liiketoiminnan tuki - Teknologiateollisuus - J\u00e4senille\",\"isPartOf\":{\"@id\":\"https:\\\/\\\/teknologiateollisuus.fi\\\/jasenille\\\/#website\"},\"datePublished\":\"2024-06-26T05:46:16+00:00\",\"dateModified\":\"2026-04-14T06:05:48+00:00\",\"description\":\"Teknologiateollisuus tarjoaa j\u00e4senilleen kanavan vaikuttaa vastuullisuuden pelis\u00e4\u00e4nt\u00f6jen ja ty\u00f6kalujen kehitt\u00e4miseen sek\u00e4 yhteiseen oppimiseen.\",\"breadcrumb\":{\"@id\":\"https:\\\/\\\/teknologiateollisuus.fi\\\/jasenille\\\/palvelut\\\/vastuullisen-liiketoiminnan-tuki\\\/#breadcrumb\"},\"inLanguage\":\"fi\",\"potentialAction\":[{\"@type\":\"ReadAction\",\"target\":[\"https:\\\/\\\/teknologiateollisuus.fi\\\/jasenille\\\/palvelut\\\/vastuullisen-liiketoiminnan-tuki\\\/\"]}]},{\"@type\":\"BreadcrumbList\",\"@id\":\"https:\\\/\\\/teknologiateollisuus.fi\\\/jasenille\\\/palvelut\\\/vastuullisen-liiketoiminnan-tuki\\\/#breadcrumb\",\"itemListElement\":[{\"@type\":\"ListItem\",\"position\":1,\"name\":\"Home\",\"item\":\"https:\\\/\\\/teknologiateollisuus.fi\\\/jasenille\\\/\"},{\"@type\":\"ListItem\",\"position\":2,\"name\":\"Palvelut\",\"item\":\"https:\\\/\\\/teknologiateollisuus.fi\\\/jasenille\\\/palvelut\\\/\"},{\"@type\":\"ListItem\",\"position\":3,\"name\":\"Vastuullisen liiketoiminnan tuki\"}]},{\"@type\":\"WebSite\",\"@id\":\"https:\\\/\\\/teknologiateollisuus.fi\\\/jasenille\\\/#website\",\"url\":\"https:\\\/\\\/teknologiateollisuus.fi\\\/jasenille\\\/\",\"name\":\"Teknologiateollisuus - J\u00e4senille\",\"description\":\"\",\"publisher\":{\"@id\":\"https:\\\/\\\/teknologiateollisuus.fi\\\/jasenille\\\/#organization\"},\"potentialAction\":[{\"@type\":\"SearchAction\",\"target\":{\"@type\":\"EntryPoint\",\"urlTemplate\":\"https:\\\/\\\/teknologiateollisuus.fi\\\/jasenille\\\/?s={search_term_string}\"},\"query-input\":{\"@type\":\"PropertyValueSpecification\",\"valueRequired\":true,\"valueName\":\"search_term_string\"}}],\"inLanguage\":\"fi\"},{\"@type\":\"Organization\",\"@id\":\"https:\\\/\\\/teknologiateollisuus.fi\\\/jasenille\\\/#organization\",\"name\":\"Teknologiateollisuus - J\u00e4senille\",\"url\":\"https:\\\/\\\/teknologiateollisuus.fi\\\/jasenille\\\/\",\"logo\":{\"@type\":\"ImageObject\",\"inLanguage\":\"fi\",\"@id\":\"https:\\\/\\\/teknologiateollisuus.fi\\\/jasenille\\\/#\\\/schema\\\/logo\\\/image\\\/\",\"url\":\"https:\\\/\\\/teknologiateollisuus.fi\\\/jasenille\\\/wp-content\\\/uploads\\\/sites\\\/1\\\/2023\\\/10\\\/placeholder.png\",\"contentUrl\":\"https:\\\/\\\/teknologiateollisuus.fi\\\/jasenille\\\/wp-content\\\/uploads\\\/sites\\\/1\\\/2023\\\/10\\\/placeholder.png\",\"width\":2560,\"height\":1920,\"caption\":\"Teknologiateollisuus - J\u00e4senille\"},\"image\":{\"@id\":\"https:\\\/\\\/teknologiateollisuus.fi\\\/jasenille\\\/#\\\/schema\\\/logo\\\/image\\\/\"}}]}<\/script>\n<!-- \/ Yoast SEO Premium plugin. -->","yoast_head_json":{"title":"Vastuullisen liiketoiminnan tuki - Teknologiateollisuus - J\u00e4senille","description":"Teknologiateollisuus tarjoaa j\u00e4senilleen kanavan vaikuttaa vastuullisuuden pelis\u00e4\u00e4nt\u00f6jen ja ty\u00f6kalujen kehitt\u00e4miseen sek\u00e4 yhteiseen oppimiseen.","robots":{"index":"index","follow":"follow","max-snippet":"max-snippet:-1","max-image-preview":"max-image-preview:large","max-video-preview":"max-video-preview:-1"},"canonical":"https:\/\/teknologiateollisuus.fi\/jasenille\/palvelut\/vastuullisen-liiketoiminnan-tuki\/","og_locale":"fi_FI","og_type":"article","og_title":"Vastuullisen liiketoiminnan tuki","og_description":"Teknologiateollisuus tarjoaa j\u00e4senilleen kanavan vaikuttaa vastuullisuuden pelis\u00e4\u00e4nt\u00f6jen ja ty\u00f6kalujen kehitt\u00e4miseen sek\u00e4 yhteiseen oppimiseen.","og_url":"https:\/\/teknologiateollisuus.fi\/jasenille\/palvelut\/vastuullisen-liiketoiminnan-tuki\/","og_site_name":"Teknologiateollisuus - J\u00e4senille","article_modified_time":"2026-04-14T06:05:48+00:00","twitter_card":"summary_large_image","twitter_misc":{"Arvioitu lukuaika":"3 minuuttia"},"schema":{"@context":"https:\/\/schema.org","@graph":[{"@type":"WebPage","@id":"https:\/\/teknologiateollisuus.fi\/jasenille\/palvelut\/vastuullisen-liiketoiminnan-tuki\/","url":"https:\/\/teknologiateollisuus.fi\/jasenille\/palvelut\/vastuullisen-liiketoiminnan-tuki\/","name":"Vastuullisen liiketoiminnan tuki - Teknologiateollisuus - J\u00e4senille","isPartOf":{"@id":"https:\/\/teknologiateollisuus.fi\/jasenille\/#website"},"datePublished":"2024-06-26T05:46:16+00:00","dateModified":"2026-04-14T06:05:48+00:00","description":"Teknologiateollisuus tarjoaa j\u00e4senilleen kanavan vaikuttaa vastuullisuuden pelis\u00e4\u00e4nt\u00f6jen ja ty\u00f6kalujen kehitt\u00e4miseen sek\u00e4 yhteiseen oppimiseen.","breadcrumb":{"@id":"https:\/\/teknologiateollisuus.fi\/jasenille\/palvelut\/vastuullisen-liiketoiminnan-tuki\/#breadcrumb"},"inLanguage":"fi","potentialAction":[{"@type":"ReadAction","target":["https:\/\/teknologiateollisuus.fi\/jasenille\/palvelut\/vastuullisen-liiketoiminnan-tuki\/"]}]},{"@type":"BreadcrumbList","@id":"https:\/\/teknologiateollisuus.fi\/jasenille\/palvelut\/vastuullisen-liiketoiminnan-tuki\/#breadcrumb","itemListElement":[{"@type":"ListItem","position":1,"name":"Home","item":"https:\/\/teknologiateollisuus.fi\/jasenille\/"},{"@type":"ListItem","position":2,"name":"Palvelut","item":"https:\/\/teknologiateollisuus.fi\/jasenille\/palvelut\/"},{"@type":"ListItem","position":3,"name":"Vastuullisen liiketoiminnan tuki"}]},{"@type":"WebSite","@id":"https:\/\/teknologiateollisuus.fi\/jasenille\/#website","url":"https:\/\/teknologiateollisuus.fi\/jasenille\/","name":"Teknologiateollisuus - J\u00e4senille","description":"","publisher":{"@id":"https:\/\/teknologiateollisuus.fi\/jasenille\/#organization"},"potentialAction":[{"@type":"SearchAction","target":{"@type":"EntryPoint","urlTemplate":"https:\/\/teknologiateollisuus.fi\/jasenille\/?s={search_term_string}"},"query-input":{"@type":"PropertyValueSpecification","valueRequired":true,"valueName":"search_term_string"}}],"inLanguage":"fi"},{"@type":"Organization","@id":"https:\/\/teknologiateollisuus.fi\/jasenille\/#organization","name":"Teknologiateollisuus - J\u00e4senille","url":"https:\/\/teknologiateollisuus.fi\/jasenille\/","logo":{"@type":"ImageObject","inLanguage":"fi","@id":"https:\/\/teknologiateollisuus.fi\/jasenille\/#\/schema\/logo\/image\/","url":"https:\/\/teknologiateollisuus.fi\/jasenille\/wp-content\/uploads\/sites\/1\/2023\/10\/placeholder.png","contentUrl":"https:\/\/teknologiateollisuus.fi\/jasenille\/wp-content\/uploads\/sites\/1\/2023\/10\/placeholder.png","width":2560,"height":1920,"caption":"Teknologiateollisuus - J\u00e4senille"},"image":{"@id":"https:\/\/teknologiateollisuus.fi\/jasenille\/#\/schema\/logo\/image\/"}}]}},"lang":"fi","translations":{"fi":7338},"pll_sync_post":[],"_links":{"self":[{"href":"https:\/\/teknologiateollisuus.fi\/jasenille\/wp-json\/wp\/v2\/pages\/7338","targetHints":{"allow":["GET"]}}],"collection":[{"href":"https:\/\/teknologiateollisuus.fi\/jasenille\/wp-json\/wp\/v2\/pages"}],"about":[{"href":"https:\/\/teknologiateollisuus.fi\/jasenille\/wp-json\/wp\/v2\/types\/page"}],"author":[{"embeddable":true,"href":"https:\/\/teknologiateollisuus.fi\/jasenille\/wp-json\/wp\/v2\/users\/1"}],"replies":[{"embeddable":true,"href":"https:\/\/teknologiateollisuus.fi\/jasenille\/wp-json\/wp\/v2\/comments?post=7338"}],"version-history":[{"count":29,"href":"https:\/\/teknologiateollisuus.fi\/jasenille\/wp-json\/wp\/v2\/pages\/7338\/revisions"}],"predecessor-version":[{"id":29747,"href":"https:\/\/teknologiateollisuus.fi\/jasenille\/wp-json\/wp\/v2\/pages\/7338\/revisions\/29747"}],"up":[{"embeddable":true,"href":"https:\/\/teknologiateollisuus.fi\/jasenille\/wp-json\/wp\/v2\/pages\/7310"}],"wp:attachment":[{"href":"https:\/\/teknologiateollisuus.fi\/jasenille\/wp-json\/wp\/v2\/media?parent=7338"}],"curies":[{"name":"wp","href":"https:\/\/api.w.org\/{rel}","templated":true}]}}