{"id":7604,"date":"2024-07-16T08:43:47","date_gmt":"2024-07-16T05:43:47","guid":{"rendered":"https:\/\/teknologiateollisuus.fi\/jasenille\/?page_id=7604"},"modified":"2025-05-27T10:44:17","modified_gmt":"2025-05-27T07:44:17","slug":"mita-kevaan-2024-kehysriihessa-paatettiin","status":"publish","type":"page","link":"https:\/\/teknologiateollisuus.fi\/jasenille\/palvelut\/tilannekuva\/verotuksen-tietopaketti\/mita-kevaan-2024-kehysriihessa-paatettiin\/","title":{"rendered":"Mit\u00e4 kev\u00e4\u00e4n 2024 kehysriihess\u00e4 p\u00e4\u00e4tettiin?"},"content":{"rendered":"\n<div class=\"em-block-hero hero-has-background-color has-background has-black-background-color collapse  \">\n\t<div class=\"em-block-hero__container\">\n\t\t<div class=\"em-block-hero__content\">\n\t\t\t<div class=\"yoast-breadcrumbs\"><span><span><a href=\"https:\/\/teknologiateollisuus.fi\/jasenille\/\">Home<\/a><\/span> <span class=\"separator\"><\/span> <span><a href=\"https:\/\/teknologiateollisuus.fi\/jasenille\/palvelut\/\">Palvelut<\/a><\/span> <span class=\"separator\"><\/span> <span><a href=\"https:\/\/teknologiateollisuus.fi\/jasenille\/palvelut\/tilannekuva\/\">Tilannekuva<\/a><\/span> <span class=\"separator\"><\/span> <span><a href=\"https:\/\/teknologiateollisuus.fi\/jasenille\/palvelut\/tilannekuva\/verotuksen-tietopaketti\/\">Verotus<\/a><\/span> <span class=\"separator\"><\/span> <span class=\"breadcrumb_last\" aria-current=\"page\">Mit\u00e4 kev\u00e4\u00e4n 2024 kehysriihess\u00e4 p\u00e4\u00e4tettiin?<\/span><\/span><\/div>\t\t\t\n<h1 class=\"wp-block-heading\" id=\"h-mita-kevaan-2024-kehysriihessa-paatettiin\">Mit\u00e4 kev\u00e4\u00e4n 2024 kehysriihess\u00e4 p\u00e4\u00e4tettiin?<\/h1>\n\t\t\t<div class=\"em-block-hero__modified-date\"> P\u00e4ivitetty 27.05.2025 klo 10:44<\/div>\t\t<\/div>\n\t\t\t\t\t<figure class=\"em-block-hero__image\">\n\t\t\t\t\t\t\t<\/figure>\n\t\t\t<\/div>\n<\/div>\n\n\n\n<div class=\"wp-block-media-text is-stacked-on-mobile\"><figure class=\"wp-block-media-text__media\"><img loading=\"lazy\" decoding=\"async\" width=\"800\" height=\"534\" src=\"https:\/\/teknologiateollisuus.fi\/jasenille\/wp-content\/uploads\/2023\/12\/avokonttori-800x534.jpg\" alt=\"Ihmisi\u00e4 k\u00e4velem\u00e4ss\u00e4 toimistossa, kuvituskuva.\" class=\"wp-image-2043 size-full\" srcset=\"https:\/\/teknologiateollisuus.fi\/jasenille\/wp-content\/uploads\/sites\/1\/2023\/12\/avokonttori-800x534.jpg 800w, https:\/\/teknologiateollisuus.fi\/jasenille\/wp-content\/uploads\/sites\/1\/2023\/12\/avokonttori-400x267.jpg 400w, https:\/\/teknologiateollisuus.fi\/jasenille\/wp-content\/uploads\/sites\/1\/2023\/12\/avokonttori-768x513.jpg 768w, https:\/\/teknologiateollisuus.fi\/jasenille\/wp-content\/uploads\/sites\/1\/2023\/12\/avokonttori-1536x1026.jpg 1536w, https:\/\/teknologiateollisuus.fi\/jasenille\/wp-content\/uploads\/sites\/1\/2023\/12\/avokonttori-1300x868.jpg 1300w, https:\/\/teknologiateollisuus.fi\/jasenille\/wp-content\/uploads\/sites\/1\/2023\/12\/avokonttori-1440x962.jpg 1440w, https:\/\/teknologiateollisuus.fi\/jasenille\/wp-content\/uploads\/sites\/1\/2023\/12\/avokonttori.jpg 1920w\" sizes=\"auto, (max-width: 800px) 100vw, 800px\" \/><\/figure><div class=\"wp-block-media-text__content\">\n<p class=\"is-style-pre-headline\">kehysriihi 2024<\/p>\n\n\n\n<h2 class=\"wp-block-heading\" id=\"h-verot-joita-ei-kiristetty\" id=\"verot-joita-ei-kiristetty\">Verot, joita ei kiristetty:<\/h2>\n\n\n\n<ul class=\"wp-block-list is-style-styled\">\n<li>Otetaan k\u00e4ytt\u00f6\u00f6n uusi <a href=\"https:\/\/teknologiateollisuus.fi\/jasenille\/suuriin-vihrean-siirtyman-investointeihin-valmisteilla-uusi-verokannustin\/\"><strong>suurten vihre\u00e4n siirtym\u00e4n investointien verotuki<\/strong><\/a>.<\/li>\n\n\n\n<li>Ty\u00f6n verotusta ei kiristetty.<\/li>\n\n\n\n<li>Yritysten ja yritt\u00e4misen verotusta ei kiristetty.<\/li>\n\n\n\n<li>Perint\u00f6verojen maksuaikaa pidennettiin 10 vuoteen.<\/li>\n\n\n\n<li>Kaikista s\u00e4hk\u00f6n varastointimuodoista poistetaan kaksinkertainen verotus.<\/li>\n\n\n\n<li>Ulkomaisten avainhenkil\u00f6iden l\u00e4hdeverotuksen ty\u00f6skentelyaika pidennet\u00e4\u00e4n seitsem\u00e4\u00e4n vuoteen nykyisest\u00e4 nelj\u00e4st\u00e4 vuodesta.<\/li>\n\n\n\n<li>Ty\u00f6suhdet\u00e4yss\u00e4hk\u00f6autojen verotukea jatketaan.<\/li>\n\n\n\n<li>Ajoneuvovero kevenee suurip\u00e4\u00e4st\u00f6isill\u00e4 ja vanhoilla autoilla.<\/li>\n\n\n\n<li>Raskaan liikenteen alempi ammattidieselverokanta otetaan k\u00e4ytt\u00f6\u00f6n 2027 kun polttoaineen jakelijoiden p\u00e4\u00e4st\u00f6kauppa tulee voimaan.<\/li>\n<\/ul>\n<\/div><\/div>\n\n\n\n<div class=\"wp-block-media-text is-stacked-on-mobile\"><figure class=\"wp-block-media-text__media\"><img loading=\"lazy\" decoding=\"async\" width=\"800\" height=\"534\" src=\"https:\/\/teknologiateollisuus.fi\/jasenille\/wp-content\/uploads\/2024\/01\/Toimisto-800x534.jpg\" alt=\"Ihmisi\u00e4 tekem\u00e4ss\u00e4 t\u00f6it\u00e4 p\u00f6yd\u00e4n \u00e4\u00e4ress\u00e4, kuvituskuva.\" class=\"wp-image-3451 size-full\" srcset=\"https:\/\/teknologiateollisuus.fi\/jasenille\/wp-content\/uploads\/sites\/1\/2024\/01\/Toimisto-800x534.jpg 800w, https:\/\/teknologiateollisuus.fi\/jasenille\/wp-content\/uploads\/sites\/1\/2024\/01\/Toimisto-400x267.jpg 400w, https:\/\/teknologiateollisuus.fi\/jasenille\/wp-content\/uploads\/sites\/1\/2024\/01\/Toimisto-768x512.jpg 768w, https:\/\/teknologiateollisuus.fi\/jasenille\/wp-content\/uploads\/sites\/1\/2024\/01\/Toimisto-1536x1025.jpg 1536w, https:\/\/teknologiateollisuus.fi\/jasenille\/wp-content\/uploads\/sites\/1\/2024\/01\/Toimisto-1300x867.jpg 1300w, https:\/\/teknologiateollisuus.fi\/jasenille\/wp-content\/uploads\/sites\/1\/2024\/01\/Toimisto-1440x961.jpg 1440w, https:\/\/teknologiateollisuus.fi\/jasenille\/wp-content\/uploads\/sites\/1\/2024\/01\/Toimisto.jpg 1920w\" sizes=\"auto, (max-width: 800px) 100vw, 800px\" \/><\/figure><div class=\"wp-block-media-text__content\">\n<p class=\"is-style-pre-headline\">kehysriihi 2024<\/p>\n\n\n\n<h2 class=\"wp-block-heading\" id=\"h-verot-joita-kiristettiin\" id=\"verot-joita-kiristettiin\">Verot, joita kiristettiin:<\/h2>\n\n\n\n<ul class=\"wp-block-list is-style-styled\">\n<li>Yleist\u00e4 arvonlis\u00e4verokantaa nostetaan 24 %:sta 25,5 %:iin jo syyskuussa 2024.<\/li>\n\n\n\n<li>Arvonlis\u00e4verotuksen alimmasta 10 %:n veroluokassa olevien tavaroiden ja palveluiden veroa kiristet\u00e4\u00e4n nostamalla ne 14 %:n verokantaan. Makeisten ja suklaan arvonlis\u00e4vero nostetaan 25,5 %:in verokantaan.<\/li>\n\n\n\n<li>Tuloveroasteikon kahden ylimm\u00e4n tuloluokan indeksitarkistukset j\u00e4tet\u00e4\u00e4n tekem\u00e4tt\u00e4. &nbsp;<\/li>\n\n\n\n<li>Ty\u00f6nantajan koulutusv\u00e4hennys poistettiin.<\/li>\n\n\n\n<li>Kiinteist\u00f6verotuksen arvostamisuudistus tullaan toteuttamaan.<\/li>\n\n\n\n<li>Kaivosmineraalivero kiristyy lis\u00e4veroluokan my\u00f6t\u00e4.<\/li>\n\n\n\n<li>Liikenteen rahoituksen ja verotuksen kokonaisuudistus k\u00e4ynnistyy. S\u00e4hk\u00f6autojen ajoneuvoverotus kiristyy. &nbsp;<\/li>\n<\/ul>\n<\/div><\/div>\n","protected":false},"excerpt":{"rendered":"","protected":false},"author":11,"featured_media":0,"parent":7075,"menu_order":1,"comment_status":"closed","ping_status":"closed","template":"","meta":{"_acf_changed":false,"_relevanssi_hide_post":"","_relevanssi_hide_content":"","_relevanssi_pin_for_all":"","_relevanssi_pin_keywords":"","_relevanssi_unpin_keywords":"","_relevanssi_related_keywords":"","_relevanssi_related_include_ids":"","_relevanssi_related_exclude_ids":"","_relevanssi_related_no_append":"","_relevanssi_related_not_related":"","_relevanssi_related_posts":"6160,5242,7187,6453,4164,7264","_relevanssi_noindex_reason":"","inline_featured_image":false,"growthstack-ab-test":[],"growthstack-ab-test-views":[],"footnotes":""},"class_list":["post-7604","page","type-page","status-publish","hentry"],"acf":{"is_store_related":false,"locked":false},"yoast_head":"<!-- This site is optimized with the Yoast SEO Premium plugin v27.1 (Yoast SEO v27.4) - https:\/\/yoast.com\/product\/yoast-seo-premium-wordpress\/ -->\n<title>Mit\u00e4 kev\u00e4\u00e4n 2024 kehysriihess\u00e4 p\u00e4\u00e4tettiin? - Teknologiateollisuus - J\u00e4senille<\/title>\n<meta name=\"robots\" content=\"index, follow, max-snippet:-1, max-image-preview:large, max-video-preview:-1\" \/>\n<link rel=\"canonical\" href=\"https:\/\/teknologiateollisuus.fi\/jasenille\/palvelut\/tilannekuva\/verotuksen-tietopaketti\/mita-kevaan-2024-kehysriihessa-paatettiin\/\" \/>\n<meta property=\"og:locale\" content=\"fi_FI\" \/>\n<meta property=\"og:type\" content=\"article\" \/>\n<meta property=\"og:title\" content=\"Mit\u00e4 kev\u00e4\u00e4n 2024 kehysriihess\u00e4 p\u00e4\u00e4tettiin?\" \/>\n<meta property=\"og:url\" content=\"https:\/\/teknologiateollisuus.fi\/jasenille\/palvelut\/tilannekuva\/verotuksen-tietopaketti\/mita-kevaan-2024-kehysriihessa-paatettiin\/\" \/>\n<meta property=\"og:site_name\" content=\"Teknologiateollisuus - J\u00e4senille\" \/>\n<meta property=\"article:modified_time\" content=\"2025-05-27T07:44:17+00:00\" \/>\n<meta property=\"og:image\" content=\"https:\/\/teknologiateollisuus.fi\/jasenille\/wp-content\/uploads\/sites\/1\/2023\/12\/avokonttori.jpg\" \/>\n\t<meta property=\"og:image:width\" content=\"1920\" \/>\n\t<meta property=\"og:image:height\" content=\"1282\" \/>\n\t<meta property=\"og:image:type\" content=\"image\/jpeg\" \/>\n<meta name=\"twitter:card\" content=\"summary_large_image\" \/>\n<meta name=\"twitter:label1\" content=\"Arvioitu lukuaika\" \/>\n\t<meta name=\"twitter:data1\" content=\"2 minuuttia\" \/>\n<script type=\"application\/ld+json\" class=\"yoast-schema-graph\">{\"@context\":\"https:\\\/\\\/schema.org\",\"@graph\":[{\"@type\":\"WebPage\",\"@id\":\"https:\\\/\\\/teknologiateollisuus.fi\\\/jasenille\\\/palvelut\\\/tilannekuva\\\/verotuksen-tietopaketti\\\/mita-kevaan-2024-kehysriihessa-paatettiin\\\/\",\"url\":\"https:\\\/\\\/teknologiateollisuus.fi\\\/jasenille\\\/palvelut\\\/tilannekuva\\\/verotuksen-tietopaketti\\\/mita-kevaan-2024-kehysriihessa-paatettiin\\\/\",\"name\":\"Mit\u00e4 kev\u00e4\u00e4n 2024 kehysriihess\u00e4 p\u00e4\u00e4tettiin? - Teknologiateollisuus - J\u00e4senille\",\"isPartOf\":{\"@id\":\"https:\\\/\\\/teknologiateollisuus.fi\\\/jasenille\\\/#website\"},\"primaryImageOfPage\":{\"@id\":\"https:\\\/\\\/teknologiateollisuus.fi\\\/jasenille\\\/palvelut\\\/tilannekuva\\\/verotuksen-tietopaketti\\\/mita-kevaan-2024-kehysriihessa-paatettiin\\\/#primaryimage\"},\"image\":{\"@id\":\"https:\\\/\\\/teknologiateollisuus.fi\\\/jasenille\\\/palvelut\\\/tilannekuva\\\/verotuksen-tietopaketti\\\/mita-kevaan-2024-kehysriihessa-paatettiin\\\/#primaryimage\"},\"thumbnailUrl\":\"https:\\\/\\\/teknologiateollisuus.fi\\\/jasenille\\\/wp-content\\\/uploads\\\/2023\\\/12\\\/avokonttori-800x534.jpg\",\"datePublished\":\"2024-07-16T05:43:47+00:00\",\"dateModified\":\"2025-05-27T07:44:17+00:00\",\"breadcrumb\":{\"@id\":\"https:\\\/\\\/teknologiateollisuus.fi\\\/jasenille\\\/palvelut\\\/tilannekuva\\\/verotuksen-tietopaketti\\\/mita-kevaan-2024-kehysriihessa-paatettiin\\\/#breadcrumb\"},\"inLanguage\":\"fi\",\"potentialAction\":[{\"@type\":\"ReadAction\",\"target\":[\"https:\\\/\\\/teknologiateollisuus.fi\\\/jasenille\\\/palvelut\\\/tilannekuva\\\/verotuksen-tietopaketti\\\/mita-kevaan-2024-kehysriihessa-paatettiin\\\/\"]}]},{\"@type\":\"ImageObject\",\"inLanguage\":\"fi\",\"@id\":\"https:\\\/\\\/teknologiateollisuus.fi\\\/jasenille\\\/palvelut\\\/tilannekuva\\\/verotuksen-tietopaketti\\\/mita-kevaan-2024-kehysriihessa-paatettiin\\\/#primaryimage\",\"url\":\"https:\\\/\\\/teknologiateollisuus.fi\\\/jasenille\\\/wp-content\\\/uploads\\\/sites\\\/1\\\/2023\\\/12\\\/avokonttori.jpg\",\"contentUrl\":\"https:\\\/\\\/teknologiateollisuus.fi\\\/jasenille\\\/wp-content\\\/uploads\\\/sites\\\/1\\\/2023\\\/12\\\/avokonttori.jpg\",\"width\":1920,\"height\":1282,\"caption\":\"Ihmisi\u00e4 k\u00e4velem\u00e4ss\u00e4 toimistossa, kuvituskuva.\"},{\"@type\":\"BreadcrumbList\",\"@id\":\"https:\\\/\\\/teknologiateollisuus.fi\\\/jasenille\\\/palvelut\\\/tilannekuva\\\/verotuksen-tietopaketti\\\/mita-kevaan-2024-kehysriihessa-paatettiin\\\/#breadcrumb\",\"itemListElement\":[{\"@type\":\"ListItem\",\"position\":1,\"name\":\"Home\",\"item\":\"https:\\\/\\\/teknologiateollisuus.fi\\\/jasenille\\\/\"},{\"@type\":\"ListItem\",\"position\":2,\"name\":\"Palvelut\",\"item\":\"https:\\\/\\\/teknologiateollisuus.fi\\\/jasenille\\\/palvelut\\\/\"},{\"@type\":\"ListItem\",\"position\":3,\"name\":\"Tilannekuva\",\"item\":\"https:\\\/\\\/teknologiateollisuus.fi\\\/jasenille\\\/palvelut\\\/tilannekuva\\\/\"},{\"@type\":\"ListItem\",\"position\":4,\"name\":\"Verotus\",\"item\":\"https:\\\/\\\/teknologiateollisuus.fi\\\/jasenille\\\/palvelut\\\/tilannekuva\\\/verotuksen-tietopaketti\\\/\"},{\"@type\":\"ListItem\",\"position\":5,\"name\":\"Mit\u00e4 kev\u00e4\u00e4n 2024 kehysriihess\u00e4 p\u00e4\u00e4tettiin?\"}]},{\"@type\":\"WebSite\",\"@id\":\"https:\\\/\\\/teknologiateollisuus.fi\\\/jasenille\\\/#website\",\"url\":\"https:\\\/\\\/teknologiateollisuus.fi\\\/jasenille\\\/\",\"name\":\"Teknologiateollisuus - J\u00e4senille\",\"description\":\"\",\"publisher\":{\"@id\":\"https:\\\/\\\/teknologiateollisuus.fi\\\/jasenille\\\/#organization\"},\"potentialAction\":[{\"@type\":\"SearchAction\",\"target\":{\"@type\":\"EntryPoint\",\"urlTemplate\":\"https:\\\/\\\/teknologiateollisuus.fi\\\/jasenille\\\/?s={search_term_string}\"},\"query-input\":{\"@type\":\"PropertyValueSpecification\",\"valueRequired\":true,\"valueName\":\"search_term_string\"}}],\"inLanguage\":\"fi\"},{\"@type\":\"Organization\",\"@id\":\"https:\\\/\\\/teknologiateollisuus.fi\\\/jasenille\\\/#organization\",\"name\":\"Teknologiateollisuus - J\u00e4senille\",\"url\":\"https:\\\/\\\/teknologiateollisuus.fi\\\/jasenille\\\/\",\"logo\":{\"@type\":\"ImageObject\",\"inLanguage\":\"fi\",\"@id\":\"https:\\\/\\\/teknologiateollisuus.fi\\\/jasenille\\\/#\\\/schema\\\/logo\\\/image\\\/\",\"url\":\"https:\\\/\\\/teknologiateollisuus.fi\\\/jasenille\\\/wp-content\\\/uploads\\\/sites\\\/1\\\/2023\\\/10\\\/placeholder.png\",\"contentUrl\":\"https:\\\/\\\/teknologiateollisuus.fi\\\/jasenille\\\/wp-content\\\/uploads\\\/sites\\\/1\\\/2023\\\/10\\\/placeholder.png\",\"width\":2560,\"height\":1920,\"caption\":\"Teknologiateollisuus - J\u00e4senille\"},\"image\":{\"@id\":\"https:\\\/\\\/teknologiateollisuus.fi\\\/jasenille\\\/#\\\/schema\\\/logo\\\/image\\\/\"}}]}<\/script>\n<!-- \/ Yoast SEO Premium plugin. -->","yoast_head_json":{"title":"Mit\u00e4 kev\u00e4\u00e4n 2024 kehysriihess\u00e4 p\u00e4\u00e4tettiin? - Teknologiateollisuus - J\u00e4senille","robots":{"index":"index","follow":"follow","max-snippet":"max-snippet:-1","max-image-preview":"max-image-preview:large","max-video-preview":"max-video-preview:-1"},"canonical":"https:\/\/teknologiateollisuus.fi\/jasenille\/palvelut\/tilannekuva\/verotuksen-tietopaketti\/mita-kevaan-2024-kehysriihessa-paatettiin\/","og_locale":"fi_FI","og_type":"article","og_title":"Mit\u00e4 kev\u00e4\u00e4n 2024 kehysriihess\u00e4 p\u00e4\u00e4tettiin?","og_url":"https:\/\/teknologiateollisuus.fi\/jasenille\/palvelut\/tilannekuva\/verotuksen-tietopaketti\/mita-kevaan-2024-kehysriihessa-paatettiin\/","og_site_name":"Teknologiateollisuus - J\u00e4senille","article_modified_time":"2025-05-27T07:44:17+00:00","og_image":[{"width":1920,"height":1282,"url":"https:\/\/teknologiateollisuus.fi\/jasenille\/wp-content\/uploads\/sites\/1\/2023\/12\/avokonttori.jpg","type":"image\/jpeg"}],"twitter_card":"summary_large_image","twitter_misc":{"Arvioitu lukuaika":"2 minuuttia"},"schema":{"@context":"https:\/\/schema.org","@graph":[{"@type":"WebPage","@id":"https:\/\/teknologiateollisuus.fi\/jasenille\/palvelut\/tilannekuva\/verotuksen-tietopaketti\/mita-kevaan-2024-kehysriihessa-paatettiin\/","url":"https:\/\/teknologiateollisuus.fi\/jasenille\/palvelut\/tilannekuva\/verotuksen-tietopaketti\/mita-kevaan-2024-kehysriihessa-paatettiin\/","name":"Mit\u00e4 kev\u00e4\u00e4n 2024 kehysriihess\u00e4 p\u00e4\u00e4tettiin? - Teknologiateollisuus - J\u00e4senille","isPartOf":{"@id":"https:\/\/teknologiateollisuus.fi\/jasenille\/#website"},"primaryImageOfPage":{"@id":"https:\/\/teknologiateollisuus.fi\/jasenille\/palvelut\/tilannekuva\/verotuksen-tietopaketti\/mita-kevaan-2024-kehysriihessa-paatettiin\/#primaryimage"},"image":{"@id":"https:\/\/teknologiateollisuus.fi\/jasenille\/palvelut\/tilannekuva\/verotuksen-tietopaketti\/mita-kevaan-2024-kehysriihessa-paatettiin\/#primaryimage"},"thumbnailUrl":"https:\/\/teknologiateollisuus.fi\/jasenille\/wp-content\/uploads\/2023\/12\/avokonttori-800x534.jpg","datePublished":"2024-07-16T05:43:47+00:00","dateModified":"2025-05-27T07:44:17+00:00","breadcrumb":{"@id":"https:\/\/teknologiateollisuus.fi\/jasenille\/palvelut\/tilannekuva\/verotuksen-tietopaketti\/mita-kevaan-2024-kehysriihessa-paatettiin\/#breadcrumb"},"inLanguage":"fi","potentialAction":[{"@type":"ReadAction","target":["https:\/\/teknologiateollisuus.fi\/jasenille\/palvelut\/tilannekuva\/verotuksen-tietopaketti\/mita-kevaan-2024-kehysriihessa-paatettiin\/"]}]},{"@type":"ImageObject","inLanguage":"fi","@id":"https:\/\/teknologiateollisuus.fi\/jasenille\/palvelut\/tilannekuva\/verotuksen-tietopaketti\/mita-kevaan-2024-kehysriihessa-paatettiin\/#primaryimage","url":"https:\/\/teknologiateollisuus.fi\/jasenille\/wp-content\/uploads\/sites\/1\/2023\/12\/avokonttori.jpg","contentUrl":"https:\/\/teknologiateollisuus.fi\/jasenille\/wp-content\/uploads\/sites\/1\/2023\/12\/avokonttori.jpg","width":1920,"height":1282,"caption":"Ihmisi\u00e4 k\u00e4velem\u00e4ss\u00e4 toimistossa, kuvituskuva."},{"@type":"BreadcrumbList","@id":"https:\/\/teknologiateollisuus.fi\/jasenille\/palvelut\/tilannekuva\/verotuksen-tietopaketti\/mita-kevaan-2024-kehysriihessa-paatettiin\/#breadcrumb","itemListElement":[{"@type":"ListItem","position":1,"name":"Home","item":"https:\/\/teknologiateollisuus.fi\/jasenille\/"},{"@type":"ListItem","position":2,"name":"Palvelut","item":"https:\/\/teknologiateollisuus.fi\/jasenille\/palvelut\/"},{"@type":"ListItem","position":3,"name":"Tilannekuva","item":"https:\/\/teknologiateollisuus.fi\/jasenille\/palvelut\/tilannekuva\/"},{"@type":"ListItem","position":4,"name":"Verotus","item":"https:\/\/teknologiateollisuus.fi\/jasenille\/palvelut\/tilannekuva\/verotuksen-tietopaketti\/"},{"@type":"ListItem","position":5,"name":"Mit\u00e4 kev\u00e4\u00e4n 2024 kehysriihess\u00e4 p\u00e4\u00e4tettiin?"}]},{"@type":"WebSite","@id":"https:\/\/teknologiateollisuus.fi\/jasenille\/#website","url":"https:\/\/teknologiateollisuus.fi\/jasenille\/","name":"Teknologiateollisuus - J\u00e4senille","description":"","publisher":{"@id":"https:\/\/teknologiateollisuus.fi\/jasenille\/#organization"},"potentialAction":[{"@type":"SearchAction","target":{"@type":"EntryPoint","urlTemplate":"https:\/\/teknologiateollisuus.fi\/jasenille\/?s={search_term_string}"},"query-input":{"@type":"PropertyValueSpecification","valueRequired":true,"valueName":"search_term_string"}}],"inLanguage":"fi"},{"@type":"Organization","@id":"https:\/\/teknologiateollisuus.fi\/jasenille\/#organization","name":"Teknologiateollisuus - J\u00e4senille","url":"https:\/\/teknologiateollisuus.fi\/jasenille\/","logo":{"@type":"ImageObject","inLanguage":"fi","@id":"https:\/\/teknologiateollisuus.fi\/jasenille\/#\/schema\/logo\/image\/","url":"https:\/\/teknologiateollisuus.fi\/jasenille\/wp-content\/uploads\/sites\/1\/2023\/10\/placeholder.png","contentUrl":"https:\/\/teknologiateollisuus.fi\/jasenille\/wp-content\/uploads\/sites\/1\/2023\/10\/placeholder.png","width":2560,"height":1920,"caption":"Teknologiateollisuus - J\u00e4senille"},"image":{"@id":"https:\/\/teknologiateollisuus.fi\/jasenille\/#\/schema\/logo\/image\/"}}]}},"lang":"fi","translations":{"fi":7604},"pll_sync_post":[],"_links":{"self":[{"href":"https:\/\/teknologiateollisuus.fi\/jasenille\/wp-json\/wp\/v2\/pages\/7604","targetHints":{"allow":["GET"]}}],"collection":[{"href":"https:\/\/teknologiateollisuus.fi\/jasenille\/wp-json\/wp\/v2\/pages"}],"about":[{"href":"https:\/\/teknologiateollisuus.fi\/jasenille\/wp-json\/wp\/v2\/types\/page"}],"author":[{"embeddable":true,"href":"https:\/\/teknologiateollisuus.fi\/jasenille\/wp-json\/wp\/v2\/users\/11"}],"replies":[{"embeddable":true,"href":"https:\/\/teknologiateollisuus.fi\/jasenille\/wp-json\/wp\/v2\/comments?post=7604"}],"version-history":[{"count":10,"href":"https:\/\/teknologiateollisuus.fi\/jasenille\/wp-json\/wp\/v2\/pages\/7604\/revisions"}],"predecessor-version":[{"id":25895,"href":"https:\/\/teknologiateollisuus.fi\/jasenille\/wp-json\/wp\/v2\/pages\/7604\/revisions\/25895"}],"up":[{"embeddable":true,"href":"https:\/\/teknologiateollisuus.fi\/jasenille\/wp-json\/wp\/v2\/pages\/7075"}],"wp:attachment":[{"href":"https:\/\/teknologiateollisuus.fi\/jasenille\/wp-json\/wp\/v2\/media?parent=7604"}],"curies":[{"name":"wp","href":"https:\/\/api.w.org\/{rel}","templated":true}]}}