{"id":7648,"date":"2024-07-16T11:25:48","date_gmt":"2024-07-16T08:25:48","guid":{"rendered":"https:\/\/teknologiateollisuus.fi\/jasenille\/?page_id=7648"},"modified":"2025-07-18T14:35:21","modified_gmt":"2025-07-18T11:35:21","slug":"muu-verovaikuttaminen","status":"publish","type":"page","link":"https:\/\/teknologiateollisuus.fi\/jasenille\/palvelut\/tilannekuva\/verotuksen-tietopaketti\/muu-verovaikuttaminen\/","title":{"rendered":"Muu verovaikuttaminen"},"content":{"rendered":"\n<div class=\"em-block-hero hero-has-background-color has-background has-black-background-color collapse  \">\n\t<div class=\"em-block-hero__container\">\n\t\t<div class=\"em-block-hero__content\">\n\t\t\t<div class=\"yoast-breadcrumbs\"><span><span><a href=\"https:\/\/teknologiateollisuus.fi\/jasenille\/\">Home<\/a><\/span> <span class=\"separator\"><\/span> <span><a href=\"https:\/\/teknologiateollisuus.fi\/jasenille\/palvelut\/\">Palvelut<\/a><\/span> <span class=\"separator\"><\/span> <span><a href=\"https:\/\/teknologiateollisuus.fi\/jasenille\/palvelut\/tilannekuva\/\">Tilannekuva<\/a><\/span> <span class=\"separator\"><\/span> <span><a href=\"https:\/\/teknologiateollisuus.fi\/jasenille\/palvelut\/tilannekuva\/verotuksen-tietopaketti\/\">Verotus<\/a><\/span> <span class=\"separator\"><\/span> <span class=\"breadcrumb_last\" aria-current=\"page\">Muu verovaikuttaminen<\/span><\/span><\/div>\t\t\t\n<h1 class=\"wp-block-heading\" id=\"h-muu-verovaikuttaminen\">Muu verovaikuttaminen<\/h1>\n\t\t\t<div class=\"em-block-hero__modified-date\"> P\u00e4ivitetty 18.07.2025 klo 14:35<\/div>\t\t<\/div>\n\t\t\t\t\t<figure class=\"em-block-hero__image\">\n\t\t\t\t\t\t\t<\/figure>\n\t\t\t<\/div>\n<\/div>\n\n\n\n<p>L\u00f6yd\u00e4t alta otsikkotason listan kaikista muista verotuksen vaikuttamisen hankkeista. Kuulemme mielell\u00e4\u00e4n yrityksenne verotusta koskevista k\u00e4yt\u00e4nn\u00f6n veroasioista, joihin voisimme vaikuttaa.<\/p>\n\n\n\n<div class=\"wp-block-group is-layout-constrained wp-block-group-is-layout-constrained\">\n<p class=\"is-style-pre-headline\">vaikuttaminen<\/p>\n\n\n\n<h2 class=\"wp-block-heading\" id=\"h-ajankohtaiset-verotuksen-vaikuttamisen-hankkeet\" id=\"ajankohtaiset-verotuksen-vaikuttamisen-hankkeet\">Ajankohtaiset verotuksen vaikuttamisen hankkeet<\/h2>\n\n\n\n<ul class=\"wp-block-list mt-xs is-style-default\">\n<li>Nopeutetut poistot \u2013 mallin laajennus k\u00e4ytettyn\u00e4 ostettuihin koneisiin ja laitteisiin, pysyv\u00e4ksi<\/li>\n\n\n\n<li>Perint\u00f6verotuksen maksuajan pidennys \u2013 kattamaan my\u00f6s lahjaverotus, alempi viiv\u00e4styskorko<\/li>\n\n\n\n<li>Ei kiristyksi\u00e4 sukupolvenvaihdosverotukseen<\/li>\n\n\n\n<li>Selvitet\u00e4\u00e4n verotuksen ja kirjanpitos\u00e4\u00e4ntelyn eroavaisuudet ja mahdolliset yhdenmukaistamistarpeet \u2013 hallitusohjelmassa<\/li>\n\n\n\n<li>Korkov\u00e4hennysrajoitusten kevent\u00e4minen<\/li>\n\n\n\n<li>Verotuksen digitalisaation ja hallinnollisen taakan kevent\u00e4misen lukuisat hankkeet<\/li>\n\n\n\n<li>Reaaliaikatalouden edist\u00e4minen yritysten hy\u00f6ty huomioiden<\/li>\n\n\n\n<li>Oikeusvarmuuden edist\u00e4minen \u2013 pysyv\u00e4t ja nopeat ennakkoratkaisut, VoVa:n toiminnan uudelleenarviointi<\/li>\n\n\n\n<li>Telakoilla k\u00e4yt\u00f6ss\u00e4 olevien veronumeroiden prosessin digitalisointi ja et\u00e4tunnistamisen mahdollistaminen<\/li>\n\n\n\n<li>Tulorekisterin ongelmien kartoitus ja korjaus<\/li>\n\n\n\n<li>Liikenteen verotuksen uudistaminen \u2013 hallitusohjelmassa<\/li>\n\n\n\n<li>Ymp\u00e4rist\u00f6verotus &#8211; energiaverotuksen uudistus, kaivosmineraalivero, verotuet (s\u00e4hk\u00f6veroluokat, s\u00e4hk\u00f6ist\u00e4mistuki ym.), luonnonvarojen verotus, j\u00e4tevero<\/li>\n\n\n\n<li>Vedyn verotus<\/li>\n<\/ul>\n<\/div>\n","protected":false},"excerpt":{"rendered":"<p>L\u00f6yd\u00e4t alta otsikkotason listan kaikista muista verotuksen vaikuttamisen hankkeista. Kuulemme mielell\u00e4\u00e4n yrityksenne verotusta koskevista k\u00e4yt\u00e4nn\u00f6n veroasioista, joihin voisimme vaikuttaa. vaikuttaminen Ajankohtaiset verotuksen vaikuttamisen hankkeet<\/p>\n","protected":false},"author":11,"featured_media":0,"parent":7075,"menu_order":5,"comment_status":"closed","ping_status":"closed","template":"","meta":{"_acf_changed":false,"_relevanssi_hide_post":"","_relevanssi_hide_content":"","_relevanssi_pin_for_all":"","_relevanssi_pin_keywords":"","_relevanssi_unpin_keywords":"","_relevanssi_related_keywords":"","_relevanssi_related_include_ids":"","_relevanssi_related_exclude_ids":"","_relevanssi_related_no_append":"","_relevanssi_related_not_related":"","_relevanssi_related_posts":"6160,5242,7187,6453,4164,7264","_relevanssi_noindex_reason":"","inline_featured_image":false,"growthstack-ab-test":[],"growthstack-ab-test-views":[],"footnotes":""},"class_list":["post-7648","page","type-page","status-publish","hentry"],"acf":{"is_store_related":false,"locked":false},"yoast_head":"<!-- This site is optimized with the Yoast SEO Premium plugin v27.1 (Yoast SEO v27.4) - https:\/\/yoast.com\/product\/yoast-seo-premium-wordpress\/ -->\n<title>Muu verovaikuttaminen - Teknologiateollisuus - J\u00e4senille<\/title>\n<meta name=\"robots\" content=\"index, follow, max-snippet:-1, max-image-preview:large, max-video-preview:-1\" \/>\n<link rel=\"canonical\" href=\"https:\/\/teknologiateollisuus.fi\/jasenille\/palvelut\/tilannekuva\/verotuksen-tietopaketti\/muu-verovaikuttaminen\/\" \/>\n<meta property=\"og:locale\" content=\"fi_FI\" \/>\n<meta property=\"og:type\" content=\"article\" \/>\n<meta property=\"og:title\" content=\"Muu verovaikuttaminen\" \/>\n<meta property=\"og:description\" content=\"L\u00f6yd\u00e4t alta otsikkotason listan kaikista muista verotuksen vaikuttamisen hankkeista. Kuulemme mielell\u00e4\u00e4n yrityksenne verotusta koskevista k\u00e4yt\u00e4nn\u00f6n veroasioista, joihin voisimme vaikuttaa. vaikuttaminen Ajankohtaiset verotuksen vaikuttamisen hankkeet\" \/>\n<meta property=\"og:url\" content=\"https:\/\/teknologiateollisuus.fi\/jasenille\/palvelut\/tilannekuva\/verotuksen-tietopaketti\/muu-verovaikuttaminen\/\" \/>\n<meta property=\"og:site_name\" content=\"Teknologiateollisuus - J\u00e4senille\" \/>\n<meta property=\"article:modified_time\" content=\"2025-07-18T11:35:21+00:00\" \/>\n<meta name=\"twitter:card\" content=\"summary_large_image\" \/>\n<meta name=\"twitter:label1\" content=\"Arvioitu lukuaika\" \/>\n\t<meta name=\"twitter:data1\" content=\"1 minuutti\" \/>\n<script type=\"application\/ld+json\" class=\"yoast-schema-graph\">{\"@context\":\"https:\\\/\\\/schema.org\",\"@graph\":[{\"@type\":\"WebPage\",\"@id\":\"https:\\\/\\\/teknologiateollisuus.fi\\\/jasenille\\\/palvelut\\\/tilannekuva\\\/verotuksen-tietopaketti\\\/muu-verovaikuttaminen\\\/\",\"url\":\"https:\\\/\\\/teknologiateollisuus.fi\\\/jasenille\\\/palvelut\\\/tilannekuva\\\/verotuksen-tietopaketti\\\/muu-verovaikuttaminen\\\/\",\"name\":\"Muu verovaikuttaminen - Teknologiateollisuus - J\u00e4senille\",\"isPartOf\":{\"@id\":\"https:\\\/\\\/teknologiateollisuus.fi\\\/jasenille\\\/#website\"},\"datePublished\":\"2024-07-16T08:25:48+00:00\",\"dateModified\":\"2025-07-18T11:35:21+00:00\",\"breadcrumb\":{\"@id\":\"https:\\\/\\\/teknologiateollisuus.fi\\\/jasenille\\\/palvelut\\\/tilannekuva\\\/verotuksen-tietopaketti\\\/muu-verovaikuttaminen\\\/#breadcrumb\"},\"inLanguage\":\"fi\",\"potentialAction\":[{\"@type\":\"ReadAction\",\"target\":[\"https:\\\/\\\/teknologiateollisuus.fi\\\/jasenille\\\/palvelut\\\/tilannekuva\\\/verotuksen-tietopaketti\\\/muu-verovaikuttaminen\\\/\"]}]},{\"@type\":\"BreadcrumbList\",\"@id\":\"https:\\\/\\\/teknologiateollisuus.fi\\\/jasenille\\\/palvelut\\\/tilannekuva\\\/verotuksen-tietopaketti\\\/muu-verovaikuttaminen\\\/#breadcrumb\",\"itemListElement\":[{\"@type\":\"ListItem\",\"position\":1,\"name\":\"Home\",\"item\":\"https:\\\/\\\/teknologiateollisuus.fi\\\/jasenille\\\/\"},{\"@type\":\"ListItem\",\"position\":2,\"name\":\"Palvelut\",\"item\":\"https:\\\/\\\/teknologiateollisuus.fi\\\/jasenille\\\/palvelut\\\/\"},{\"@type\":\"ListItem\",\"position\":3,\"name\":\"Tilannekuva\",\"item\":\"https:\\\/\\\/teknologiateollisuus.fi\\\/jasenille\\\/palvelut\\\/tilannekuva\\\/\"},{\"@type\":\"ListItem\",\"position\":4,\"name\":\"Verotus\",\"item\":\"https:\\\/\\\/teknologiateollisuus.fi\\\/jasenille\\\/palvelut\\\/tilannekuva\\\/verotuksen-tietopaketti\\\/\"},{\"@type\":\"ListItem\",\"position\":5,\"name\":\"Muu verovaikuttaminen\"}]},{\"@type\":\"WebSite\",\"@id\":\"https:\\\/\\\/teknologiateollisuus.fi\\\/jasenille\\\/#website\",\"url\":\"https:\\\/\\\/teknologiateollisuus.fi\\\/jasenille\\\/\",\"name\":\"Teknologiateollisuus - J\u00e4senille\",\"description\":\"\",\"publisher\":{\"@id\":\"https:\\\/\\\/teknologiateollisuus.fi\\\/jasenille\\\/#organization\"},\"potentialAction\":[{\"@type\":\"SearchAction\",\"target\":{\"@type\":\"EntryPoint\",\"urlTemplate\":\"https:\\\/\\\/teknologiateollisuus.fi\\\/jasenille\\\/?s={search_term_string}\"},\"query-input\":{\"@type\":\"PropertyValueSpecification\",\"valueRequired\":true,\"valueName\":\"search_term_string\"}}],\"inLanguage\":\"fi\"},{\"@type\":\"Organization\",\"@id\":\"https:\\\/\\\/teknologiateollisuus.fi\\\/jasenille\\\/#organization\",\"name\":\"Teknologiateollisuus - J\u00e4senille\",\"url\":\"https:\\\/\\\/teknologiateollisuus.fi\\\/jasenille\\\/\",\"logo\":{\"@type\":\"ImageObject\",\"inLanguage\":\"fi\",\"@id\":\"https:\\\/\\\/teknologiateollisuus.fi\\\/jasenille\\\/#\\\/schema\\\/logo\\\/image\\\/\",\"url\":\"https:\\\/\\\/teknologiateollisuus.fi\\\/jasenille\\\/wp-content\\\/uploads\\\/sites\\\/1\\\/2023\\\/10\\\/placeholder.png\",\"contentUrl\":\"https:\\\/\\\/teknologiateollisuus.fi\\\/jasenille\\\/wp-content\\\/uploads\\\/sites\\\/1\\\/2023\\\/10\\\/placeholder.png\",\"width\":2560,\"height\":1920,\"caption\":\"Teknologiateollisuus - J\u00e4senille\"},\"image\":{\"@id\":\"https:\\\/\\\/teknologiateollisuus.fi\\\/jasenille\\\/#\\\/schema\\\/logo\\\/image\\\/\"}}]}<\/script>\n<!-- \/ Yoast SEO Premium plugin. -->","yoast_head_json":{"title":"Muu verovaikuttaminen - Teknologiateollisuus - J\u00e4senille","robots":{"index":"index","follow":"follow","max-snippet":"max-snippet:-1","max-image-preview":"max-image-preview:large","max-video-preview":"max-video-preview:-1"},"canonical":"https:\/\/teknologiateollisuus.fi\/jasenille\/palvelut\/tilannekuva\/verotuksen-tietopaketti\/muu-verovaikuttaminen\/","og_locale":"fi_FI","og_type":"article","og_title":"Muu verovaikuttaminen","og_description":"L\u00f6yd\u00e4t alta otsikkotason listan kaikista muista verotuksen vaikuttamisen hankkeista. Kuulemme mielell\u00e4\u00e4n yrityksenne verotusta koskevista k\u00e4yt\u00e4nn\u00f6n veroasioista, joihin voisimme vaikuttaa. vaikuttaminen Ajankohtaiset verotuksen vaikuttamisen hankkeet","og_url":"https:\/\/teknologiateollisuus.fi\/jasenille\/palvelut\/tilannekuva\/verotuksen-tietopaketti\/muu-verovaikuttaminen\/","og_site_name":"Teknologiateollisuus - J\u00e4senille","article_modified_time":"2025-07-18T11:35:21+00:00","twitter_card":"summary_large_image","twitter_misc":{"Arvioitu lukuaika":"1 minuutti"},"schema":{"@context":"https:\/\/schema.org","@graph":[{"@type":"WebPage","@id":"https:\/\/teknologiateollisuus.fi\/jasenille\/palvelut\/tilannekuva\/verotuksen-tietopaketti\/muu-verovaikuttaminen\/","url":"https:\/\/teknologiateollisuus.fi\/jasenille\/palvelut\/tilannekuva\/verotuksen-tietopaketti\/muu-verovaikuttaminen\/","name":"Muu verovaikuttaminen - Teknologiateollisuus - J\u00e4senille","isPartOf":{"@id":"https:\/\/teknologiateollisuus.fi\/jasenille\/#website"},"datePublished":"2024-07-16T08:25:48+00:00","dateModified":"2025-07-18T11:35:21+00:00","breadcrumb":{"@id":"https:\/\/teknologiateollisuus.fi\/jasenille\/palvelut\/tilannekuva\/verotuksen-tietopaketti\/muu-verovaikuttaminen\/#breadcrumb"},"inLanguage":"fi","potentialAction":[{"@type":"ReadAction","target":["https:\/\/teknologiateollisuus.fi\/jasenille\/palvelut\/tilannekuva\/verotuksen-tietopaketti\/muu-verovaikuttaminen\/"]}]},{"@type":"BreadcrumbList","@id":"https:\/\/teknologiateollisuus.fi\/jasenille\/palvelut\/tilannekuva\/verotuksen-tietopaketti\/muu-verovaikuttaminen\/#breadcrumb","itemListElement":[{"@type":"ListItem","position":1,"name":"Home","item":"https:\/\/teknologiateollisuus.fi\/jasenille\/"},{"@type":"ListItem","position":2,"name":"Palvelut","item":"https:\/\/teknologiateollisuus.fi\/jasenille\/palvelut\/"},{"@type":"ListItem","position":3,"name":"Tilannekuva","item":"https:\/\/teknologiateollisuus.fi\/jasenille\/palvelut\/tilannekuva\/"},{"@type":"ListItem","position":4,"name":"Verotus","item":"https:\/\/teknologiateollisuus.fi\/jasenille\/palvelut\/tilannekuva\/verotuksen-tietopaketti\/"},{"@type":"ListItem","position":5,"name":"Muu verovaikuttaminen"}]},{"@type":"WebSite","@id":"https:\/\/teknologiateollisuus.fi\/jasenille\/#website","url":"https:\/\/teknologiateollisuus.fi\/jasenille\/","name":"Teknologiateollisuus - J\u00e4senille","description":"","publisher":{"@id":"https:\/\/teknologiateollisuus.fi\/jasenille\/#organization"},"potentialAction":[{"@type":"SearchAction","target":{"@type":"EntryPoint","urlTemplate":"https:\/\/teknologiateollisuus.fi\/jasenille\/?s={search_term_string}"},"query-input":{"@type":"PropertyValueSpecification","valueRequired":true,"valueName":"search_term_string"}}],"inLanguage":"fi"},{"@type":"Organization","@id":"https:\/\/teknologiateollisuus.fi\/jasenille\/#organization","name":"Teknologiateollisuus - J\u00e4senille","url":"https:\/\/teknologiateollisuus.fi\/jasenille\/","logo":{"@type":"ImageObject","inLanguage":"fi","@id":"https:\/\/teknologiateollisuus.fi\/jasenille\/#\/schema\/logo\/image\/","url":"https:\/\/teknologiateollisuus.fi\/jasenille\/wp-content\/uploads\/sites\/1\/2023\/10\/placeholder.png","contentUrl":"https:\/\/teknologiateollisuus.fi\/jasenille\/wp-content\/uploads\/sites\/1\/2023\/10\/placeholder.png","width":2560,"height":1920,"caption":"Teknologiateollisuus - J\u00e4senille"},"image":{"@id":"https:\/\/teknologiateollisuus.fi\/jasenille\/#\/schema\/logo\/image\/"}}]}},"lang":"fi","translations":{"fi":7648},"pll_sync_post":[],"_links":{"self":[{"href":"https:\/\/teknologiateollisuus.fi\/jasenille\/wp-json\/wp\/v2\/pages\/7648","targetHints":{"allow":["GET"]}}],"collection":[{"href":"https:\/\/teknologiateollisuus.fi\/jasenille\/wp-json\/wp\/v2\/pages"}],"about":[{"href":"https:\/\/teknologiateollisuus.fi\/jasenille\/wp-json\/wp\/v2\/types\/page"}],"author":[{"embeddable":true,"href":"https:\/\/teknologiateollisuus.fi\/jasenille\/wp-json\/wp\/v2\/users\/11"}],"replies":[{"embeddable":true,"href":"https:\/\/teknologiateollisuus.fi\/jasenille\/wp-json\/wp\/v2\/comments?post=7648"}],"version-history":[{"count":4,"href":"https:\/\/teknologiateollisuus.fi\/jasenille\/wp-json\/wp\/v2\/pages\/7648\/revisions"}],"predecessor-version":[{"id":27344,"href":"https:\/\/teknologiateollisuus.fi\/jasenille\/wp-json\/wp\/v2\/pages\/7648\/revisions\/27344"}],"up":[{"embeddable":true,"href":"https:\/\/teknologiateollisuus.fi\/jasenille\/wp-json\/wp\/v2\/pages\/7075"}],"wp:attachment":[{"href":"https:\/\/teknologiateollisuus.fi\/jasenille\/wp-json\/wp\/v2\/media?parent=7648"}],"curies":[{"name":"wp","href":"https:\/\/api.w.org\/{rel}","templated":true}]}}