{"id":7684,"date":"2024-07-25T12:37:08","date_gmt":"2024-07-25T09:37:08","guid":{"rendered":"https:\/\/teknologiateollisuus.fi\/jasenille\/?page_id=7684"},"modified":"2025-07-16T13:39:48","modified_gmt":"2025-07-16T10:39:48","slug":"talous-ja-yritykset-oppaat","status":"publish","type":"page","link":"https:\/\/teknologiateollisuus.fi\/jasenille\/palvelut\/vastuullisuusoppaat-ja-julkaisut\/talous-ja-yritykset-oppaat\/","title":{"rendered":"Talous ja yritykset"},"content":{"rendered":"\n<div class=\"em-block-hero hero-has-background-color has-background has-black-background-color collapse  \">\n\t<div class=\"em-block-hero__container\">\n\t\t<div class=\"em-block-hero__content\">\n\t\t\t<div class=\"yoast-breadcrumbs\"><span><span><a href=\"https:\/\/teknologiateollisuus.fi\/jasenille\/\">Home<\/a><\/span> <span class=\"separator\"><\/span> <span><a href=\"https:\/\/teknologiateollisuus.fi\/jasenille\/palvelut\/\">Palvelut<\/a><\/span> <span class=\"separator\"><\/span> <span><a href=\"https:\/\/teknologiateollisuus.fi\/jasenille\/palvelut\/vastuullisuusoppaat-ja-julkaisut\/\">Oppaat ja ty\u00f6kalut yrityksille<\/a><\/span> <span class=\"separator\"><\/span> <span class=\"breadcrumb_last\" aria-current=\"page\">Talous ja yritykset<\/span><\/span><\/div>\t\t\t\n<h1 class=\"wp-block-heading\" id=\"h-talous-ja-yritykset\">Talous ja yritykset<\/h1>\n\n<p>Olemme koonneet t\u00e4lle sivulle talouteen ja yrityksiin liittyv\u00e4t oppaat.<\/p>\n\t\t\t<div class=\"em-block-hero__modified-date\"> P\u00e4ivitetty 16.07.2025 klo 13:39<\/div>\t\t<\/div>\n\t\t\t\t\t<figure class=\"em-block-hero__image\">\n\t\t\t\t\t\t\t<\/figure>\n\t\t\t<\/div>\n<\/div>\n\n\n\n<h2 class=\"wp-block-heading\" id=\"h-teollisen-datan-playbook-valmistavan-teollisuuden-datakiihdyttamon-opit-2022\" id=\"teollisen-datan-playbook-valmistavan-teollisuuden-datakiihdyttamon-opit-2022\">Teollisen datan playbook \u2013 valmistavan teollisuuden datakiihdytt\u00e4m\u00f6n opit 2022<\/h2>\n\n\n\n<p>Julkaisu esittelee keinoja datan hy\u00f6dynt\u00e4miseksi ja k\u00e4ytt\u00f6\u00f6nottamiseksi liiketoiminnassa sek\u00e4 niit\u00e4 tukevia yritystarinoita. Julkaisussa pyrit\u00e4\u00e4n antamaan suuntaviivat my\u00f6s sille, miten t\u00e4m\u00e4n kiihdytt\u00e4m\u00f6jakson opit ovat skaalattavissa.<\/p>\n\n\n\n<div class=\"wp-block-evermade-links em-block-links has-columns-1\">\n<div data-wp-interactive=\"core\/file\" class=\"wp-block-file\"><a id=\"wp-block-file--media-cda6d4ca-81d3-4e8c-b5ad-af78b4b21f1a\" href=\"https:\/\/teknologiateollisuus.fi\/jasenille\/wp-content\/uploads\/sites\/1\/2024\/07\/teollisen-datan-playbook-2022.pdf\" target=\"_blank\" rel=\"noreferrer noopener\">Lataa opas (pdf)<\/a><a href=\"https:\/\/teknologiateollisuus.fi\/jasenille\/wp-content\/uploads\/sites\/1\/2024\/07\/teollisen-datan-playbook-2022.pdf\" class=\"wp-block-file__button wp-element-button\" download aria-describedby=\"wp-block-file--media-cda6d4ca-81d3-4e8c-b5ad-af78b4b21f1a\">Lataa<\/a><\/div>\n<\/div>\n\n\n\n<h2 class=\"wp-block-heading\" id=\"h-skenaarioanalyysi-in-english\" id=\"skenaarioanalyysi-in-english\">Skenaarioanalyysi (in English)<\/h2>\n\n\n\n<p>The document outlines global scenarios for Finland\u2019s technology industries over the next five years, considering regulation, market dynamics, and geopolitical shifts. It provides strategic actions for the Technology Industries of Finland and its member companies.<\/p>\n\n\n\n<div class=\"wp-block-evermade-links em-block-links has-columns-1\">\n<div data-wp-interactive=\"core\/file\" class=\"wp-block-file\"><a id=\"wp-block-file--media-dac914d9-efad-4cc2-8aec-33509c35f12d\" href=\"https:\/\/teknologiateollisuus.fi\/jasenille\/wp-content\/uploads\/sites\/1\/2024\/07\/global-scenarios-tif-2023.pdf\" target=\"_blank\" rel=\"noreferrer noopener\">To publication (pdf)<\/a><a href=\"https:\/\/teknologiateollisuus.fi\/jasenille\/wp-content\/uploads\/sites\/1\/2024\/07\/global-scenarios-tif-2023.pdf\" class=\"wp-block-file__button wp-element-button\" download aria-describedby=\"wp-block-file--media-dac914d9-efad-4cc2-8aec-33509c35f12d\">Lataa<\/a><\/div>\n<\/div>\n","protected":false},"excerpt":{"rendered":"<p>Teollisen datan playbook \u2013 valmistavan teollisuuden datakiihdytt\u00e4m\u00f6n opit 2022 Julkaisu esittelee keinoja datan hy\u00f6dynt\u00e4miseksi ja k\u00e4ytt\u00f6\u00f6nottamiseksi liiketoiminnassa sek\u00e4 niit\u00e4 tukevia yritystarinoita. Julkaisussa pyrit\u00e4\u00e4n antamaan suuntaviivat my\u00f6s sille, miten t\u00e4m\u00e4n kiihdytt\u00e4m\u00f6jakson opit ovat skaalattavissa. Skenaarioanalyysi (in English) The document outlines global scenarios for Finland\u2019s technology industries over the next five years, considering regulation, market dynamics, and [&hellip;]<\/p>\n","protected":false},"author":11,"featured_media":0,"parent":1240,"menu_order":0,"comment_status":"closed","ping_status":"closed","template":"","meta":{"_acf_changed":false,"_relevanssi_hide_post":"","_relevanssi_hide_content":"","_relevanssi_pin_for_all":"","_relevanssi_pin_keywords":"","_relevanssi_unpin_keywords":"","_relevanssi_related_keywords":"","_relevanssi_related_include_ids":"","_relevanssi_related_exclude_ids":"","_relevanssi_related_no_append":"","_relevanssi_related_not_related":"","_relevanssi_related_posts":"5767,5727,7044,5887,5748,6692","_relevanssi_noindex_reason":"","inline_featured_image":false,"growthstack-ab-test":[],"growthstack-ab-test-views":[],"footnotes":""},"class_list":["post-7684","page","type-page","status-publish","hentry"],"acf":{"is_store_related":false,"locked":false},"yoast_head":"<!-- This site is optimized with the Yoast SEO Premium plugin v27.1 (Yoast SEO v27.4) - https:\/\/yoast.com\/product\/yoast-seo-premium-wordpress\/ -->\n<title>Talous ja yritykset - Teknologiateollisuus - J\u00e4senille<\/title>\n<meta name=\"robots\" content=\"index, follow, max-snippet:-1, max-image-preview:large, max-video-preview:-1\" \/>\n<link rel=\"canonical\" href=\"https:\/\/teknologiateollisuus.fi\/jasenille\/palvelut\/vastuullisuusoppaat-ja-julkaisut\/talous-ja-yritykset-oppaat\/\" \/>\n<meta property=\"og:locale\" content=\"fi_FI\" \/>\n<meta property=\"og:type\" content=\"article\" \/>\n<meta property=\"og:title\" content=\"Talous ja yritykset\" \/>\n<meta property=\"og:description\" content=\"Teollisen datan playbook \u2013 valmistavan teollisuuden datakiihdytt\u00e4m\u00f6n opit 2022 Julkaisu esittelee keinoja datan hy\u00f6dynt\u00e4miseksi ja k\u00e4ytt\u00f6\u00f6nottamiseksi liiketoiminnassa sek\u00e4 niit\u00e4 tukevia yritystarinoita. Julkaisussa pyrit\u00e4\u00e4n antamaan suuntaviivat my\u00f6s sille, miten t\u00e4m\u00e4n kiihdytt\u00e4m\u00f6jakson opit ovat skaalattavissa. Skenaarioanalyysi (in English) The document outlines global scenarios for Finland\u2019s technology industries over the next five years, considering regulation, market dynamics, and [&hellip;]\" \/>\n<meta property=\"og:url\" content=\"https:\/\/teknologiateollisuus.fi\/jasenille\/palvelut\/vastuullisuusoppaat-ja-julkaisut\/talous-ja-yritykset-oppaat\/\" \/>\n<meta property=\"og:site_name\" content=\"Teknologiateollisuus - J\u00e4senille\" \/>\n<meta property=\"article:modified_time\" content=\"2025-07-16T10:39:48+00:00\" \/>\n<meta name=\"twitter:card\" content=\"summary_large_image\" \/>\n<meta name=\"twitter:label1\" content=\"Arvioitu lukuaika\" \/>\n\t<meta name=\"twitter:data1\" content=\"1 minuutti\" \/>\n<script type=\"application\/ld+json\" class=\"yoast-schema-graph\">{\"@context\":\"https:\\\/\\\/schema.org\",\"@graph\":[{\"@type\":\"WebPage\",\"@id\":\"https:\\\/\\\/teknologiateollisuus.fi\\\/jasenille\\\/palvelut\\\/vastuullisuusoppaat-ja-julkaisut\\\/talous-ja-yritykset-oppaat\\\/\",\"url\":\"https:\\\/\\\/teknologiateollisuus.fi\\\/jasenille\\\/palvelut\\\/vastuullisuusoppaat-ja-julkaisut\\\/talous-ja-yritykset-oppaat\\\/\",\"name\":\"Talous ja yritykset - Teknologiateollisuus - J\u00e4senille\",\"isPartOf\":{\"@id\":\"https:\\\/\\\/teknologiateollisuus.fi\\\/jasenille\\\/#website\"},\"datePublished\":\"2024-07-25T09:37:08+00:00\",\"dateModified\":\"2025-07-16T10:39:48+00:00\",\"breadcrumb\":{\"@id\":\"https:\\\/\\\/teknologiateollisuus.fi\\\/jasenille\\\/palvelut\\\/vastuullisuusoppaat-ja-julkaisut\\\/talous-ja-yritykset-oppaat\\\/#breadcrumb\"},\"inLanguage\":\"fi\",\"potentialAction\":[{\"@type\":\"ReadAction\",\"target\":[\"https:\\\/\\\/teknologiateollisuus.fi\\\/jasenille\\\/palvelut\\\/vastuullisuusoppaat-ja-julkaisut\\\/talous-ja-yritykset-oppaat\\\/\"]}]},{\"@type\":\"BreadcrumbList\",\"@id\":\"https:\\\/\\\/teknologiateollisuus.fi\\\/jasenille\\\/palvelut\\\/vastuullisuusoppaat-ja-julkaisut\\\/talous-ja-yritykset-oppaat\\\/#breadcrumb\",\"itemListElement\":[{\"@type\":\"ListItem\",\"position\":1,\"name\":\"Home\",\"item\":\"https:\\\/\\\/teknologiateollisuus.fi\\\/jasenille\\\/\"},{\"@type\":\"ListItem\",\"position\":2,\"name\":\"Palvelut\",\"item\":\"https:\\\/\\\/teknologiateollisuus.fi\\\/jasenille\\\/palvelut\\\/\"},{\"@type\":\"ListItem\",\"position\":3,\"name\":\"Oppaat ja ty\u00f6kalut yrityksille\",\"item\":\"https:\\\/\\\/teknologiateollisuus.fi\\\/jasenille\\\/palvelut\\\/vastuullisuusoppaat-ja-julkaisut\\\/\"},{\"@type\":\"ListItem\",\"position\":4,\"name\":\"Talous ja yritykset\"}]},{\"@type\":\"WebSite\",\"@id\":\"https:\\\/\\\/teknologiateollisuus.fi\\\/jasenille\\\/#website\",\"url\":\"https:\\\/\\\/teknologiateollisuus.fi\\\/jasenille\\\/\",\"name\":\"Teknologiateollisuus - J\u00e4senille\",\"description\":\"\",\"publisher\":{\"@id\":\"https:\\\/\\\/teknologiateollisuus.fi\\\/jasenille\\\/#organization\"},\"potentialAction\":[{\"@type\":\"SearchAction\",\"target\":{\"@type\":\"EntryPoint\",\"urlTemplate\":\"https:\\\/\\\/teknologiateollisuus.fi\\\/jasenille\\\/?s={search_term_string}\"},\"query-input\":{\"@type\":\"PropertyValueSpecification\",\"valueRequired\":true,\"valueName\":\"search_term_string\"}}],\"inLanguage\":\"fi\"},{\"@type\":\"Organization\",\"@id\":\"https:\\\/\\\/teknologiateollisuus.fi\\\/jasenille\\\/#organization\",\"name\":\"Teknologiateollisuus - J\u00e4senille\",\"url\":\"https:\\\/\\\/teknologiateollisuus.fi\\\/jasenille\\\/\",\"logo\":{\"@type\":\"ImageObject\",\"inLanguage\":\"fi\",\"@id\":\"https:\\\/\\\/teknologiateollisuus.fi\\\/jasenille\\\/#\\\/schema\\\/logo\\\/image\\\/\",\"url\":\"https:\\\/\\\/teknologiateollisuus.fi\\\/jasenille\\\/wp-content\\\/uploads\\\/sites\\\/1\\\/2023\\\/10\\\/placeholder.png\",\"contentUrl\":\"https:\\\/\\\/teknologiateollisuus.fi\\\/jasenille\\\/wp-content\\\/uploads\\\/sites\\\/1\\\/2023\\\/10\\\/placeholder.png\",\"width\":2560,\"height\":1920,\"caption\":\"Teknologiateollisuus - J\u00e4senille\"},\"image\":{\"@id\":\"https:\\\/\\\/teknologiateollisuus.fi\\\/jasenille\\\/#\\\/schema\\\/logo\\\/image\\\/\"}}]}<\/script>\n<!-- \/ Yoast SEO Premium plugin. -->","yoast_head_json":{"title":"Talous ja yritykset - Teknologiateollisuus - J\u00e4senille","robots":{"index":"index","follow":"follow","max-snippet":"max-snippet:-1","max-image-preview":"max-image-preview:large","max-video-preview":"max-video-preview:-1"},"canonical":"https:\/\/teknologiateollisuus.fi\/jasenille\/palvelut\/vastuullisuusoppaat-ja-julkaisut\/talous-ja-yritykset-oppaat\/","og_locale":"fi_FI","og_type":"article","og_title":"Talous ja yritykset","og_description":"Teollisen datan playbook \u2013 valmistavan teollisuuden datakiihdytt\u00e4m\u00f6n opit 2022 Julkaisu esittelee keinoja datan hy\u00f6dynt\u00e4miseksi ja k\u00e4ytt\u00f6\u00f6nottamiseksi liiketoiminnassa sek\u00e4 niit\u00e4 tukevia yritystarinoita. Julkaisussa pyrit\u00e4\u00e4n antamaan suuntaviivat my\u00f6s sille, miten t\u00e4m\u00e4n kiihdytt\u00e4m\u00f6jakson opit ovat skaalattavissa. Skenaarioanalyysi (in English) The document outlines global scenarios for Finland\u2019s technology industries over the next five years, considering regulation, market dynamics, and [&hellip;]","og_url":"https:\/\/teknologiateollisuus.fi\/jasenille\/palvelut\/vastuullisuusoppaat-ja-julkaisut\/talous-ja-yritykset-oppaat\/","og_site_name":"Teknologiateollisuus - J\u00e4senille","article_modified_time":"2025-07-16T10:39:48+00:00","twitter_card":"summary_large_image","twitter_misc":{"Arvioitu lukuaika":"1 minuutti"},"schema":{"@context":"https:\/\/schema.org","@graph":[{"@type":"WebPage","@id":"https:\/\/teknologiateollisuus.fi\/jasenille\/palvelut\/vastuullisuusoppaat-ja-julkaisut\/talous-ja-yritykset-oppaat\/","url":"https:\/\/teknologiateollisuus.fi\/jasenille\/palvelut\/vastuullisuusoppaat-ja-julkaisut\/talous-ja-yritykset-oppaat\/","name":"Talous ja yritykset - Teknologiateollisuus - J\u00e4senille","isPartOf":{"@id":"https:\/\/teknologiateollisuus.fi\/jasenille\/#website"},"datePublished":"2024-07-25T09:37:08+00:00","dateModified":"2025-07-16T10:39:48+00:00","breadcrumb":{"@id":"https:\/\/teknologiateollisuus.fi\/jasenille\/palvelut\/vastuullisuusoppaat-ja-julkaisut\/talous-ja-yritykset-oppaat\/#breadcrumb"},"inLanguage":"fi","potentialAction":[{"@type":"ReadAction","target":["https:\/\/teknologiateollisuus.fi\/jasenille\/palvelut\/vastuullisuusoppaat-ja-julkaisut\/talous-ja-yritykset-oppaat\/"]}]},{"@type":"BreadcrumbList","@id":"https:\/\/teknologiateollisuus.fi\/jasenille\/palvelut\/vastuullisuusoppaat-ja-julkaisut\/talous-ja-yritykset-oppaat\/#breadcrumb","itemListElement":[{"@type":"ListItem","position":1,"name":"Home","item":"https:\/\/teknologiateollisuus.fi\/jasenille\/"},{"@type":"ListItem","position":2,"name":"Palvelut","item":"https:\/\/teknologiateollisuus.fi\/jasenille\/palvelut\/"},{"@type":"ListItem","position":3,"name":"Oppaat ja ty\u00f6kalut yrityksille","item":"https:\/\/teknologiateollisuus.fi\/jasenille\/palvelut\/vastuullisuusoppaat-ja-julkaisut\/"},{"@type":"ListItem","position":4,"name":"Talous ja yritykset"}]},{"@type":"WebSite","@id":"https:\/\/teknologiateollisuus.fi\/jasenille\/#website","url":"https:\/\/teknologiateollisuus.fi\/jasenille\/","name":"Teknologiateollisuus - J\u00e4senille","description":"","publisher":{"@id":"https:\/\/teknologiateollisuus.fi\/jasenille\/#organization"},"potentialAction":[{"@type":"SearchAction","target":{"@type":"EntryPoint","urlTemplate":"https:\/\/teknologiateollisuus.fi\/jasenille\/?s={search_term_string}"},"query-input":{"@type":"PropertyValueSpecification","valueRequired":true,"valueName":"search_term_string"}}],"inLanguage":"fi"},{"@type":"Organization","@id":"https:\/\/teknologiateollisuus.fi\/jasenille\/#organization","name":"Teknologiateollisuus - J\u00e4senille","url":"https:\/\/teknologiateollisuus.fi\/jasenille\/","logo":{"@type":"ImageObject","inLanguage":"fi","@id":"https:\/\/teknologiateollisuus.fi\/jasenille\/#\/schema\/logo\/image\/","url":"https:\/\/teknologiateollisuus.fi\/jasenille\/wp-content\/uploads\/sites\/1\/2023\/10\/placeholder.png","contentUrl":"https:\/\/teknologiateollisuus.fi\/jasenille\/wp-content\/uploads\/sites\/1\/2023\/10\/placeholder.png","width":2560,"height":1920,"caption":"Teknologiateollisuus - J\u00e4senille"},"image":{"@id":"https:\/\/teknologiateollisuus.fi\/jasenille\/#\/schema\/logo\/image\/"}}]}},"lang":"fi","translations":{"fi":7684},"pll_sync_post":[],"_links":{"self":[{"href":"https:\/\/teknologiateollisuus.fi\/jasenille\/wp-json\/wp\/v2\/pages\/7684","targetHints":{"allow":["GET"]}}],"collection":[{"href":"https:\/\/teknologiateollisuus.fi\/jasenille\/wp-json\/wp\/v2\/pages"}],"about":[{"href":"https:\/\/teknologiateollisuus.fi\/jasenille\/wp-json\/wp\/v2\/types\/page"}],"author":[{"embeddable":true,"href":"https:\/\/teknologiateollisuus.fi\/jasenille\/wp-json\/wp\/v2\/users\/11"}],"replies":[{"embeddable":true,"href":"https:\/\/teknologiateollisuus.fi\/jasenille\/wp-json\/wp\/v2\/comments?post=7684"}],"version-history":[{"count":10,"href":"https:\/\/teknologiateollisuus.fi\/jasenille\/wp-json\/wp\/v2\/pages\/7684\/revisions"}],"predecessor-version":[{"id":27245,"href":"https:\/\/teknologiateollisuus.fi\/jasenille\/wp-json\/wp\/v2\/pages\/7684\/revisions\/27245"}],"up":[{"embeddable":true,"href":"https:\/\/teknologiateollisuus.fi\/jasenille\/wp-json\/wp\/v2\/pages\/1240"}],"wp:attachment":[{"href":"https:\/\/teknologiateollisuus.fi\/jasenille\/wp-json\/wp\/v2\/media?parent=7684"}],"curies":[{"name":"wp","href":"https:\/\/api.w.org\/{rel}","templated":true}]}}