{"id":7689,"date":"2024-07-25T12:31:00","date_gmt":"2024-07-25T09:31:00","guid":{"rendered":"https:\/\/teknologiateollisuus.fi\/jasenille\/?page_id=7689"},"modified":"2025-10-08T14:25:49","modified_gmt":"2025-10-08T11:25:49","slug":"tyoelama","status":"publish","type":"page","link":"https:\/\/teknologiateollisuus.fi\/jasenille\/palvelut\/vastuullisuusoppaat-ja-julkaisut\/tyoelama\/","title":{"rendered":"Ty\u00f6el\u00e4m\u00e4-oppaat"},"content":{"rendered":"\n<div class=\"em-block-hero hero-has-background-color has-background has-black-background-color collapse  \">\n\t<div class=\"em-block-hero__container\">\n\t\t<div class=\"em-block-hero__content\">\n\t\t\t<div class=\"yoast-breadcrumbs\"><span><span><a href=\"https:\/\/teknologiateollisuus.fi\/jasenille\/\">Home<\/a><\/span> <span class=\"separator\"><\/span> <span><a href=\"https:\/\/teknologiateollisuus.fi\/jasenille\/palvelut\/\">Palvelut<\/a><\/span> <span class=\"separator\"><\/span> <span><a href=\"https:\/\/teknologiateollisuus.fi\/jasenille\/palvelut\/vastuullisuusoppaat-ja-julkaisut\/\">Oppaat ja ty\u00f6kalut yrityksille<\/a><\/span> <span class=\"separator\"><\/span> <span class=\"breadcrumb_last\" aria-current=\"page\">Ty\u00f6el\u00e4m\u00e4-oppaat<\/span><\/span><\/div>\t\t\t\n<h1 class=\"wp-block-heading\" id=\"h-tyoelama-oppaat\">Ty\u00f6el\u00e4m\u00e4-oppaat<\/h1>\n\n<p>Olemme koonneet t\u00e4lle sivulle ty\u00f6el\u00e4m\u00e4\u00e4n liittyv\u00e4t oppaat, jotka ovat vapaasti yritysten k\u00e4yt\u00f6ss\u00e4.<\/p>\n\t\t\t<div class=\"em-block-hero__modified-date\"> P\u00e4ivitetty 08.10.2025 klo 14:25<\/div>\t\t<\/div>\n\t\t\t\t\t<figure class=\"em-block-hero__image\">\n\t\t\t\t\t\t\t<\/figure>\n\t\t\t<\/div>\n<\/div>\n\n\n\n<h2 class=\"wp-block-heading\" id=\"h-hyvan-henkilostopolitiikan-opas-nbsp\" id=\"hyvan-henkilostopolitiikan-opas\">Hyv\u00e4n henkil\u00f6st\u00f6politiikan opas&nbsp;<\/h2>\n\n\n\n<p>Teknologiateollisuus haluaa auttaa yrityksi\u00e4 toimimaan vastuullisesti ty\u00f6nantajina sek\u00e4 kehitt\u00e4m\u00e4\u00e4n henkil\u00f6st\u00f6politiikkaansa ja ty\u00f6ehtojaan. Oppaassa tarkastellaan ty\u00f6ehtomalleja vastuullisen ty\u00f6nantajuuden n\u00e4k\u00f6kulmasta sek\u00e4 annetaan vinkkej\u00e4 hyv\u00e4n henkil\u00f6st\u00f6politiikan rakentamiseen.<\/p>\n\n\n\n<div class=\"wp-block-evermade-links em-block-links has-columns-1\">\n<div data-wp-interactive=\"core\/file\" class=\"wp-block-file\"><a id=\"wp-block-file--media-6d33a0fe-9136-4274-95bf-62008ad24e57\" href=\"https:\/\/teknologiateollisuus.fi\/jasenille\/wp-content\/uploads\/sites\/1\/2025\/10\/Hyvan-henkilostopolitiikan-opas-11.pdf\" target=\"_blank\" rel=\"noreferrer noopener\">Hyva\u0308n henkilo\u0308sto\u0308politiikan opas 11<\/a><a href=\"https:\/\/teknologiateollisuus.fi\/jasenille\/wp-content\/uploads\/sites\/1\/2025\/10\/Hyvan-henkilostopolitiikan-opas-11.pdf\" class=\"wp-block-file__button wp-element-button\" download aria-describedby=\"wp-block-file--media-6d33a0fe-9136-4274-95bf-62008ad24e57\">Lataa<\/a><\/div>\n<\/div>\n\n\n\n<h2 class=\"wp-block-heading\" id=\"h-yhteistoimintaopas-teknologiateollisuus\" id=\"yhteistoimintaopas-teknologiateollisuus\">Yhteistoimintaopas, teknologiateollisuus<\/h2>\n\n\n\n<p>Opas k\u00e4sittelee yhteistoiminnan ja paikallisen sopimisen j\u00e4rjest\u00e4mist\u00e4 teknologiateollisuuden yrityksiss\u00e4. Se tarjoaa k\u00e4yt\u00e4nn\u00f6n ohjeita ja suosituksia, jotka auttavat yrityksi\u00e4 kehitt\u00e4m\u00e4\u00e4n ty\u00f6yhteis\u00f6\u00e4\u00e4n ja parantamaan yhteisty\u00f6t\u00e4.<\/p>\n\n\n\n<div class=\"wp-block-evermade-links em-block-links has-columns-1\">\n<div data-wp-interactive=\"core\/file\" class=\"wp-block-file\"><a id=\"wp-block-file--media-e425070e-cab2-4ecd-8425-cdf0006c044c\" href=\"https:\/\/teknologiateollisuus.fi\/jasenille\/wp-content\/uploads\/sites\/1\/2025\/01\/Updated_Yhteistoimintaopas.pdf\" target=\"_blank\" rel=\"noreferrer noopener\">Julkaisuun (pdf)<\/a><a href=\"https:\/\/teknologiateollisuus.fi\/jasenille\/wp-content\/uploads\/sites\/1\/2025\/01\/Updated_Yhteistoimintaopas.pdf\" class=\"wp-block-file__button wp-element-button\" download aria-describedby=\"wp-block-file--media-e425070e-cab2-4ecd-8425-cdf0006c044c\">Lataa<\/a><\/div>\n<\/div>\n\n\n\n<h2 class=\"wp-block-heading\" id=\"h-yhteistoimintaopas-suunnittelu-ja-konsultointiala\" id=\"yhteistoimintaopas-suunnittelu-ja-konsultointiala\">Yhteistoimintaopas, suunnittelu- ja konsultointiala<\/h2>\n\n\n\n<p>Opas k\u00e4sittelee yhteistoimintaa ja paikallista sopimista suunnittelu- ja konsulttialan yrityksiss\u00e4, korostaen luottamuksen ja avoimuuden merkityst\u00e4. Se tarjoaa k\u00e4yt\u00e4nn\u00f6n ohjeita ja lains\u00e4\u00e4d\u00e4nn\u00f6n reunaehtoja yhteisty\u00f6n ja ty\u00f6ehtojen kehitt\u00e4miseksi.<\/p>\n\n\n\n<div class=\"wp-block-evermade-links em-block-links has-columns-1\">\n<div data-wp-interactive=\"core\/file\" class=\"wp-block-file\"><a id=\"wp-block-file--media-ee413469-731c-40e0-b8a8-964fc62d3646\" href=\"https:\/\/teknologiateollisuus.fi\/jasenille\/wp-content\/uploads\/sites\/1\/2025\/01\/Updated_SKOL-Yhteistoimintaopas-2024-06.pdf\" target=\"_blank\" rel=\"noreferrer noopener\">Julkaisuun (pdf)<\/a><a href=\"https:\/\/teknologiateollisuus.fi\/jasenille\/wp-content\/uploads\/sites\/1\/2025\/01\/Updated_SKOL-Yhteistoimintaopas-2024-06.pdf\" class=\"wp-block-file__button wp-element-button\" download aria-describedby=\"wp-block-file--media-ee413469-731c-40e0-b8a8-964fc62d3646\">Lataa<\/a><\/div>\n<\/div>\n\n\n\n<h2 class=\"wp-block-heading\" id=\"h-yhteistoimintaopas-tietotekniikan-palveluala\" id=\"yhteistoimintaopas-tietotekniikan-palveluala\">Yhteistoimintaopas, tietotekniikan palveluala<\/h2>\n\n\n\n<p>Opas k\u00e4sittelee yhteistoiminnan ja paikallisen sopimisen j\u00e4rjest\u00e4mist\u00e4 tietotekniikan palvelualan yrityksiss\u00e4. Se tarjoaa k\u00e4yt\u00e4nn\u00f6n ohjeita ja lains\u00e4\u00e4d\u00e4nn\u00f6n reunaehtoja yhteisty\u00f6n kehitt\u00e4miseksi ja ty\u00f6ehtojen sopimiseksi.<\/p>\n\n\n\n<div class=\"wp-block-evermade-links em-block-links has-columns-1\">\n<div data-wp-interactive=\"core\/file\" class=\"wp-block-file\"><a id=\"wp-block-file--media-ff918477-cb31-48f1-ab89-f18544a648fc\" href=\"https:\/\/teknologiateollisuus.fi\/jasenille\/wp-content\/uploads\/sites\/1\/2025\/01\/Updated_Yhteistoimintaopas_TIPAL.pdf\" target=\"_blank\" rel=\"noreferrer noopener\">Julkaisuun (pdf)<\/a><a href=\"https:\/\/teknologiateollisuus.fi\/jasenille\/wp-content\/uploads\/sites\/1\/2025\/01\/Updated_Yhteistoimintaopas_TIPAL.pdf\" class=\"wp-block-file__button wp-element-button\" download aria-describedby=\"wp-block-file--media-ff918477-cb31-48f1-ab89-f18544a648fc\">Lataa<\/a><\/div>\n<\/div>\n\n\n\n<h2 class=\"wp-block-heading\" id=\"h-monimuotoisuusopas-in-english\" id=\"monimuotoisuusopas-in-english\">Monimuotoisuusopas (in English)<\/h2>\n\n\n\n<p>The guide provides technology companies with insights and practical steps to enhance diversity, equity, and inclusion (DEI) in their workplaces.<\/p>\n\n\n\n<div class=\"wp-block-evermade-links em-block-links has-columns-1\">\n<div data-wp-interactive=\"core\/file\" class=\"wp-block-file\"><a id=\"wp-block-file--media-f51a8110-22d2-426e-ae20-cb1ec5ef25c7\" href=\"https:\/\/teknologiateollisuus.fi\/jasenille\/wp-content\/uploads\/sites\/1\/2024\/07\/monimuotoisuusopas-2022.pdf\" target=\"_blank\" rel=\"noreferrer noopener\">To publication (pdf)<\/a><a href=\"https:\/\/teknologiateollisuus.fi\/jasenille\/wp-content\/uploads\/sites\/1\/2024\/07\/monimuotoisuusopas-2022.pdf\" class=\"wp-block-file__button wp-element-button\" download aria-describedby=\"wp-block-file--media-f51a8110-22d2-426e-ae20-cb1ec5ef25c7\">Lataa<\/a><\/div>\n<\/div>\n","protected":false},"excerpt":{"rendered":"<p>Hyv\u00e4n henkil\u00f6st\u00f6politiikan opas&nbsp; Teknologiateollisuus haluaa auttaa yrityksi\u00e4 toimimaan vastuullisesti ty\u00f6nantajina sek\u00e4 kehitt\u00e4m\u00e4\u00e4n henkil\u00f6st\u00f6politiikkaansa ja ty\u00f6ehtojaan. Oppaassa tarkastellaan ty\u00f6ehtomalleja vastuullisen ty\u00f6nantajuuden n\u00e4k\u00f6kulmasta sek\u00e4 annetaan vinkkej\u00e4 hyv\u00e4n henkil\u00f6st\u00f6politiikan rakentamiseen. Yhteistoimintaopas, teknologiateollisuus Opas k\u00e4sittelee yhteistoiminnan ja paikallisen sopimisen j\u00e4rjest\u00e4mist\u00e4 teknologiateollisuuden yrityksiss\u00e4. Se tarjoaa k\u00e4yt\u00e4nn\u00f6n ohjeita ja suosituksia, jotka auttavat yrityksi\u00e4 kehitt\u00e4m\u00e4\u00e4n ty\u00f6yhteis\u00f6\u00e4\u00e4n ja parantamaan yhteisty\u00f6t\u00e4. Yhteistoimintaopas, suunnittelu- ja [&hellip;]<\/p>\n","protected":false},"author":11,"featured_media":0,"parent":1240,"menu_order":3,"comment_status":"closed","ping_status":"closed","template":"","meta":{"_acf_changed":false,"_relevanssi_hide_post":"","_relevanssi_hide_content":"","_relevanssi_pin_for_all":"","_relevanssi_pin_keywords":"","_relevanssi_unpin_keywords":"","_relevanssi_related_keywords":"","_relevanssi_related_include_ids":"","_relevanssi_related_exclude_ids":"","_relevanssi_related_no_append":"","_relevanssi_related_not_related":"","_relevanssi_related_posts":"5748,6520,6221,6001,5774,5826","_relevanssi_noindex_reason":"","inline_featured_image":false,"growthstack-ab-test":[],"growthstack-ab-test-views":[],"footnotes":""},"class_list":["post-7689","page","type-page","status-publish","hentry"],"acf":{"is_store_related":false,"locked":false},"yoast_head":"<!-- This site is optimized with the Yoast SEO Premium plugin v27.1 (Yoast SEO v27.4) - https:\/\/yoast.com\/product\/yoast-seo-premium-wordpress\/ -->\n<title>Ty\u00f6el\u00e4m\u00e4-oppaat - Teknologiateollisuus - J\u00e4senille<\/title>\n<meta name=\"robots\" content=\"index, follow, max-snippet:-1, max-image-preview:large, max-video-preview:-1\" \/>\n<link rel=\"canonical\" href=\"https:\/\/teknologiateollisuus.fi\/jasenille\/palvelut\/vastuullisuusoppaat-ja-julkaisut\/tyoelama\/\" \/>\n<meta property=\"og:locale\" content=\"fi_FI\" \/>\n<meta property=\"og:type\" content=\"article\" \/>\n<meta property=\"og:title\" content=\"Ty\u00f6el\u00e4m\u00e4-oppaat\" \/>\n<meta property=\"og:description\" content=\"Hyv\u00e4n henkil\u00f6st\u00f6politiikan opas&nbsp; Teknologiateollisuus haluaa auttaa yrityksi\u00e4 toimimaan vastuullisesti ty\u00f6nantajina sek\u00e4 kehitt\u00e4m\u00e4\u00e4n henkil\u00f6st\u00f6politiikkaansa ja ty\u00f6ehtojaan. Oppaassa tarkastellaan ty\u00f6ehtomalleja vastuullisen ty\u00f6nantajuuden n\u00e4k\u00f6kulmasta sek\u00e4 annetaan vinkkej\u00e4 hyv\u00e4n henkil\u00f6st\u00f6politiikan rakentamiseen. Yhteistoimintaopas, teknologiateollisuus Opas k\u00e4sittelee yhteistoiminnan ja paikallisen sopimisen j\u00e4rjest\u00e4mist\u00e4 teknologiateollisuuden yrityksiss\u00e4. Se tarjoaa k\u00e4yt\u00e4nn\u00f6n ohjeita ja suosituksia, jotka auttavat yrityksi\u00e4 kehitt\u00e4m\u00e4\u00e4n ty\u00f6yhteis\u00f6\u00e4\u00e4n ja parantamaan yhteisty\u00f6t\u00e4. Yhteistoimintaopas, suunnittelu- ja [&hellip;]\" \/>\n<meta property=\"og:url\" content=\"https:\/\/teknologiateollisuus.fi\/jasenille\/palvelut\/vastuullisuusoppaat-ja-julkaisut\/tyoelama\/\" \/>\n<meta property=\"og:site_name\" content=\"Teknologiateollisuus - J\u00e4senille\" \/>\n<meta property=\"article:modified_time\" content=\"2025-10-08T11:25:49+00:00\" \/>\n<meta name=\"twitter:card\" content=\"summary_large_image\" \/>\n<meta name=\"twitter:label1\" content=\"Arvioitu lukuaika\" \/>\n\t<meta name=\"twitter:data1\" content=\"1 minuutti\" \/>\n<script type=\"application\/ld+json\" class=\"yoast-schema-graph\">{\"@context\":\"https:\\\/\\\/schema.org\",\"@graph\":[{\"@type\":\"WebPage\",\"@id\":\"https:\\\/\\\/teknologiateollisuus.fi\\\/jasenille\\\/palvelut\\\/vastuullisuusoppaat-ja-julkaisut\\\/tyoelama\\\/\",\"url\":\"https:\\\/\\\/teknologiateollisuus.fi\\\/jasenille\\\/palvelut\\\/vastuullisuusoppaat-ja-julkaisut\\\/tyoelama\\\/\",\"name\":\"Ty\u00f6el\u00e4m\u00e4-oppaat - Teknologiateollisuus - J\u00e4senille\",\"isPartOf\":{\"@id\":\"https:\\\/\\\/teknologiateollisuus.fi\\\/jasenille\\\/#website\"},\"datePublished\":\"2024-07-25T09:31:00+00:00\",\"dateModified\":\"2025-10-08T11:25:49+00:00\",\"breadcrumb\":{\"@id\":\"https:\\\/\\\/teknologiateollisuus.fi\\\/jasenille\\\/palvelut\\\/vastuullisuusoppaat-ja-julkaisut\\\/tyoelama\\\/#breadcrumb\"},\"inLanguage\":\"fi\",\"potentialAction\":[{\"@type\":\"ReadAction\",\"target\":[\"https:\\\/\\\/teknologiateollisuus.fi\\\/jasenille\\\/palvelut\\\/vastuullisuusoppaat-ja-julkaisut\\\/tyoelama\\\/\"]}]},{\"@type\":\"BreadcrumbList\",\"@id\":\"https:\\\/\\\/teknologiateollisuus.fi\\\/jasenille\\\/palvelut\\\/vastuullisuusoppaat-ja-julkaisut\\\/tyoelama\\\/#breadcrumb\",\"itemListElement\":[{\"@type\":\"ListItem\",\"position\":1,\"name\":\"Home\",\"item\":\"https:\\\/\\\/teknologiateollisuus.fi\\\/jasenille\\\/\"},{\"@type\":\"ListItem\",\"position\":2,\"name\":\"Palvelut\",\"item\":\"https:\\\/\\\/teknologiateollisuus.fi\\\/jasenille\\\/palvelut\\\/\"},{\"@type\":\"ListItem\",\"position\":3,\"name\":\"Oppaat ja ty\u00f6kalut yrityksille\",\"item\":\"https:\\\/\\\/teknologiateollisuus.fi\\\/jasenille\\\/palvelut\\\/vastuullisuusoppaat-ja-julkaisut\\\/\"},{\"@type\":\"ListItem\",\"position\":4,\"name\":\"Ty\u00f6el\u00e4m\u00e4-oppaat\"}]},{\"@type\":\"WebSite\",\"@id\":\"https:\\\/\\\/teknologiateollisuus.fi\\\/jasenille\\\/#website\",\"url\":\"https:\\\/\\\/teknologiateollisuus.fi\\\/jasenille\\\/\",\"name\":\"Teknologiateollisuus - J\u00e4senille\",\"description\":\"\",\"publisher\":{\"@id\":\"https:\\\/\\\/teknologiateollisuus.fi\\\/jasenille\\\/#organization\"},\"potentialAction\":[{\"@type\":\"SearchAction\",\"target\":{\"@type\":\"EntryPoint\",\"urlTemplate\":\"https:\\\/\\\/teknologiateollisuus.fi\\\/jasenille\\\/?s={search_term_string}\"},\"query-input\":{\"@type\":\"PropertyValueSpecification\",\"valueRequired\":true,\"valueName\":\"search_term_string\"}}],\"inLanguage\":\"fi\"},{\"@type\":\"Organization\",\"@id\":\"https:\\\/\\\/teknologiateollisuus.fi\\\/jasenille\\\/#organization\",\"name\":\"Teknologiateollisuus - J\u00e4senille\",\"url\":\"https:\\\/\\\/teknologiateollisuus.fi\\\/jasenille\\\/\",\"logo\":{\"@type\":\"ImageObject\",\"inLanguage\":\"fi\",\"@id\":\"https:\\\/\\\/teknologiateollisuus.fi\\\/jasenille\\\/#\\\/schema\\\/logo\\\/image\\\/\",\"url\":\"https:\\\/\\\/teknologiateollisuus.fi\\\/jasenille\\\/wp-content\\\/uploads\\\/sites\\\/1\\\/2023\\\/10\\\/placeholder.png\",\"contentUrl\":\"https:\\\/\\\/teknologiateollisuus.fi\\\/jasenille\\\/wp-content\\\/uploads\\\/sites\\\/1\\\/2023\\\/10\\\/placeholder.png\",\"width\":2560,\"height\":1920,\"caption\":\"Teknologiateollisuus - J\u00e4senille\"},\"image\":{\"@id\":\"https:\\\/\\\/teknologiateollisuus.fi\\\/jasenille\\\/#\\\/schema\\\/logo\\\/image\\\/\"}}]}<\/script>\n<!-- \/ Yoast SEO Premium plugin. -->","yoast_head_json":{"title":"Ty\u00f6el\u00e4m\u00e4-oppaat - Teknologiateollisuus - J\u00e4senille","robots":{"index":"index","follow":"follow","max-snippet":"max-snippet:-1","max-image-preview":"max-image-preview:large","max-video-preview":"max-video-preview:-1"},"canonical":"https:\/\/teknologiateollisuus.fi\/jasenille\/palvelut\/vastuullisuusoppaat-ja-julkaisut\/tyoelama\/","og_locale":"fi_FI","og_type":"article","og_title":"Ty\u00f6el\u00e4m\u00e4-oppaat","og_description":"Hyv\u00e4n henkil\u00f6st\u00f6politiikan opas&nbsp; Teknologiateollisuus haluaa auttaa yrityksi\u00e4 toimimaan vastuullisesti ty\u00f6nantajina sek\u00e4 kehitt\u00e4m\u00e4\u00e4n henkil\u00f6st\u00f6politiikkaansa ja ty\u00f6ehtojaan. Oppaassa tarkastellaan ty\u00f6ehtomalleja vastuullisen ty\u00f6nantajuuden n\u00e4k\u00f6kulmasta sek\u00e4 annetaan vinkkej\u00e4 hyv\u00e4n henkil\u00f6st\u00f6politiikan rakentamiseen. Yhteistoimintaopas, teknologiateollisuus Opas k\u00e4sittelee yhteistoiminnan ja paikallisen sopimisen j\u00e4rjest\u00e4mist\u00e4 teknologiateollisuuden yrityksiss\u00e4. Se tarjoaa k\u00e4yt\u00e4nn\u00f6n ohjeita ja suosituksia, jotka auttavat yrityksi\u00e4 kehitt\u00e4m\u00e4\u00e4n ty\u00f6yhteis\u00f6\u00e4\u00e4n ja parantamaan yhteisty\u00f6t\u00e4. Yhteistoimintaopas, suunnittelu- ja [&hellip;]","og_url":"https:\/\/teknologiateollisuus.fi\/jasenille\/palvelut\/vastuullisuusoppaat-ja-julkaisut\/tyoelama\/","og_site_name":"Teknologiateollisuus - J\u00e4senille","article_modified_time":"2025-10-08T11:25:49+00:00","twitter_card":"summary_large_image","twitter_misc":{"Arvioitu lukuaika":"1 minuutti"},"schema":{"@context":"https:\/\/schema.org","@graph":[{"@type":"WebPage","@id":"https:\/\/teknologiateollisuus.fi\/jasenille\/palvelut\/vastuullisuusoppaat-ja-julkaisut\/tyoelama\/","url":"https:\/\/teknologiateollisuus.fi\/jasenille\/palvelut\/vastuullisuusoppaat-ja-julkaisut\/tyoelama\/","name":"Ty\u00f6el\u00e4m\u00e4-oppaat - Teknologiateollisuus - J\u00e4senille","isPartOf":{"@id":"https:\/\/teknologiateollisuus.fi\/jasenille\/#website"},"datePublished":"2024-07-25T09:31:00+00:00","dateModified":"2025-10-08T11:25:49+00:00","breadcrumb":{"@id":"https:\/\/teknologiateollisuus.fi\/jasenille\/palvelut\/vastuullisuusoppaat-ja-julkaisut\/tyoelama\/#breadcrumb"},"inLanguage":"fi","potentialAction":[{"@type":"ReadAction","target":["https:\/\/teknologiateollisuus.fi\/jasenille\/palvelut\/vastuullisuusoppaat-ja-julkaisut\/tyoelama\/"]}]},{"@type":"BreadcrumbList","@id":"https:\/\/teknologiateollisuus.fi\/jasenille\/palvelut\/vastuullisuusoppaat-ja-julkaisut\/tyoelama\/#breadcrumb","itemListElement":[{"@type":"ListItem","position":1,"name":"Home","item":"https:\/\/teknologiateollisuus.fi\/jasenille\/"},{"@type":"ListItem","position":2,"name":"Palvelut","item":"https:\/\/teknologiateollisuus.fi\/jasenille\/palvelut\/"},{"@type":"ListItem","position":3,"name":"Oppaat ja ty\u00f6kalut yrityksille","item":"https:\/\/teknologiateollisuus.fi\/jasenille\/palvelut\/vastuullisuusoppaat-ja-julkaisut\/"},{"@type":"ListItem","position":4,"name":"Ty\u00f6el\u00e4m\u00e4-oppaat"}]},{"@type":"WebSite","@id":"https:\/\/teknologiateollisuus.fi\/jasenille\/#website","url":"https:\/\/teknologiateollisuus.fi\/jasenille\/","name":"Teknologiateollisuus - J\u00e4senille","description":"","publisher":{"@id":"https:\/\/teknologiateollisuus.fi\/jasenille\/#organization"},"potentialAction":[{"@type":"SearchAction","target":{"@type":"EntryPoint","urlTemplate":"https:\/\/teknologiateollisuus.fi\/jasenille\/?s={search_term_string}"},"query-input":{"@type":"PropertyValueSpecification","valueRequired":true,"valueName":"search_term_string"}}],"inLanguage":"fi"},{"@type":"Organization","@id":"https:\/\/teknologiateollisuus.fi\/jasenille\/#organization","name":"Teknologiateollisuus - J\u00e4senille","url":"https:\/\/teknologiateollisuus.fi\/jasenille\/","logo":{"@type":"ImageObject","inLanguage":"fi","@id":"https:\/\/teknologiateollisuus.fi\/jasenille\/#\/schema\/logo\/image\/","url":"https:\/\/teknologiateollisuus.fi\/jasenille\/wp-content\/uploads\/sites\/1\/2023\/10\/placeholder.png","contentUrl":"https:\/\/teknologiateollisuus.fi\/jasenille\/wp-content\/uploads\/sites\/1\/2023\/10\/placeholder.png","width":2560,"height":1920,"caption":"Teknologiateollisuus - J\u00e4senille"},"image":{"@id":"https:\/\/teknologiateollisuus.fi\/jasenille\/#\/schema\/logo\/image\/"}}]}},"lang":"fi","translations":{"fi":7689},"pll_sync_post":[],"_links":{"self":[{"href":"https:\/\/teknologiateollisuus.fi\/jasenille\/wp-json\/wp\/v2\/pages\/7689","targetHints":{"allow":["GET"]}}],"collection":[{"href":"https:\/\/teknologiateollisuus.fi\/jasenille\/wp-json\/wp\/v2\/pages"}],"about":[{"href":"https:\/\/teknologiateollisuus.fi\/jasenille\/wp-json\/wp\/v2\/types\/page"}],"author":[{"embeddable":true,"href":"https:\/\/teknologiateollisuus.fi\/jasenille\/wp-json\/wp\/v2\/users\/11"}],"replies":[{"embeddable":true,"href":"https:\/\/teknologiateollisuus.fi\/jasenille\/wp-json\/wp\/v2\/comments?post=7689"}],"version-history":[{"count":23,"href":"https:\/\/teknologiateollisuus.fi\/jasenille\/wp-json\/wp\/v2\/pages\/7689\/revisions"}],"predecessor-version":[{"id":28140,"href":"https:\/\/teknologiateollisuus.fi\/jasenille\/wp-json\/wp\/v2\/pages\/7689\/revisions\/28140"}],"up":[{"embeddable":true,"href":"https:\/\/teknologiateollisuus.fi\/jasenille\/wp-json\/wp\/v2\/pages\/1240"}],"wp:attachment":[{"href":"https:\/\/teknologiateollisuus.fi\/jasenille\/wp-json\/wp\/v2\/media?parent=7689"}],"curies":[{"name":"wp","href":"https:\/\/api.w.org\/{rel}","templated":true}]}}