{"id":773,"date":"2023-11-27T10:44:49","date_gmt":"2023-11-27T08:44:49","guid":{"rendered":"https:\/\/teknologiateollisuus.fi\/jasenille\/?page_id=773"},"modified":"2026-03-26T07:51:35","modified_gmt":"2026-03-26T05:51:35","slug":"teknologiateollisuusrynjaseneksi","status":"publish","type":"page","link":"https:\/\/teknologiateollisuus.fi\/jasenille\/tietoa-toiminnasta\/jasenyys\/teknologiateollisuusrynjaseneksi\/","title":{"rendered":"Liity Teknologiateollisuus ry:n j\u00e4seneksi"},"content":{"rendered":"\n<div class=\"em-block-hero hero-has-background-color has-background has-black-background-color collapse  \">\n\t<div class=\"em-block-hero__container\">\n\t\t<div class=\"em-block-hero__content\">\n\t\t\t<div class=\"yoast-breadcrumbs\"><span><span><a href=\"https:\/\/teknologiateollisuus.fi\/jasenille\/\">Home<\/a><\/span> <span class=\"separator\"><\/span> <span><a href=\"https:\/\/teknologiateollisuus.fi\/jasenille\/tietoa-toiminnasta\/\">Tietoa toiminnasta<\/a><\/span> <span class=\"separator\"><\/span> <span><a href=\"https:\/\/teknologiateollisuus.fi\/jasenille\/tietoa-toiminnasta\/jasenyys\/\">J\u00e4senyys<\/a><\/span> <span class=\"separator\"><\/span> <span class=\"breadcrumb_last\" aria-current=\"page\">Liity Teknologiateollisuus ry:n j\u00e4seneksi<\/span><\/span><\/div>\t\t\t\n<h1 class=\"wp-block-heading\" id=\"h-liity-teknologiateollisuus-ry-n-jaseneksi\">Liity Teknologiateollisuus ry:n j\u00e4seneksi<\/h1>\n\t\t\t<div class=\"em-block-hero__modified-date\"> P\u00e4ivitetty 26.03.2026 klo 07:51<\/div>\t\t<\/div>\n\t\t\t\t\t<figure class=\"em-block-hero__image\">\n\t\t\t\t\t\t\t<\/figure>\n\t\t\t<\/div>\n<\/div>\n\n\n\n<h2 class=\"wp-block-heading  mt-sm\" id=\"h-tyoehdot-ja-jasenyys\" id=\"tyoehdot-ja-jasenyys\">Ty\u00f6ehdot ja j\u00e4senyys <\/h2>\n\n\n\n<p>Yrityksen valitsema ty\u00f6ehtomalli ratkaisee sen, mink\u00e4laisen j\u00e4senyyden se tarvitsee. Mik\u00e4li yritys on ep\u00e4varma sopivasta ty\u00f6ehtomallista, kannattaa sen aluksi hakea vain&nbsp;<strong>Teknologiateollisuus ry:n&nbsp;<\/strong>j\u00e4senyytt\u00e4. T\u00e4ll\u00f6in se p\u00e4\u00e4see j\u00e4senpalvelujen piiriin ja asiantuntijamme tukevat sopivimman ty\u00f6ehtomallin valinnassa.<\/p>\n\n\n\n<div class=\"wp-block-buttons  mt-none is-layout-flex wp-block-buttons-is-layout-flex\">\n<div class=\"wp-block-button  icon-right\"><a class=\"wp-block-button__link wp-element-button\" href=\"https:\/\/teknologiateollisuus.fi\/jasenille\/tyoehdot\/\">Lue lis\u00e4\u00e4 ty\u00f6ehtomalleista <\/a><\/div>\n<\/div>\n\n\n\n<h2 class=\"wp-block-heading  mt-sm\" id=\"h-liity-teknologiateollisuus-ry-n-jaseneksi-0\" id=\"liity-teknologiateollisuus-ryn-jaseneksi\">Liity Teknologiateollisuus ry:n j\u00e4seneksi <\/h2>\n\n\n\n<p>Teknologiateollisuus ry:n j\u00e4seneksi voivat hakea ty\u00f6antajayritykset, jotka toimivat joko kone- ja metallituoteteollisuudessa, elektroniikka- ja s\u00e4hk\u00f6teollisuudessa, tietotekniikka-alalla, suunnittelu- ja konsultointialalla tai metallien jalostusalalla Suomessa.<\/p>\n\n\n\n<p>J\u00e4senhakemukset ratkaisee Teknologiateollisuus ry:n hallitus, joka kokoontuu 4 kertaa vuodessa. J\u00e4senyys on y-tunnuskohtainen.<\/p>\n\n\n\n<p><a href=\"https:\/\/teknologiateollisuus.fi\/jasenille\/wp-content\/uploads\/sites\/1\/2026\/01\/Teknologiateollisuus-Saannot-2025_04.pdf\" target=\"_blank\" rel=\"noreferrer noopener\">Lue Teknologiateollisuus ry:n s\u00e4\u00e4nn\u00f6t<\/a> ennen hakemuksen l\u00e4hett\u00e4mist\u00e4.<\/p>\n\n\n\n<p>Teknologiateollisuus ry:n j\u00e4seneksi hyv\u00e4ksytyt tulevat samalla my\u00f6s Elinkeinoel\u00e4m\u00e4n keskusliitto EK:n j\u00e4seniksi. <a href=\"https:\/\/teknologiateollisuus.fi\/jasenille\/wp-content\/uploads\/sites\/1\/2023\/11\/EK_saannot_26.8.2020.pdf\" target=\"_blank\" rel=\"noreferrer noopener\">Tutustu EK:n s\u00e4\u00e4nt\u00f6ihin<\/a><\/p>\n\n\n\n<div class=\"wp-block-buttons  mt-none is-layout-flex wp-block-buttons-is-layout-flex\">\n<div class=\"wp-block-button  icon-right\"><a class=\"wp-block-button__link wp-element-button\" href=\"https:\/\/jasenhakemus.teknologiateollisuus.fi\/\">T\u00e4yt\u00e4 s\u00e4hk\u00f6inen j\u00e4senhakemus<\/a><\/div>\n<\/div>\n\n\n\n<h2 class=\"wp-block-heading  mb-xs mt-sm\" id=\"h-hakemuksessa-kysyttavat-pakolliset-tiedot\" id=\"hakemuksessa-kysyttavat-pakolliset-tiedot\">Hakemuksessa kysytt\u00e4v\u00e4t pakolliset tiedot<\/h2>\n\n\n\n<ul class=\"wp-block-list  mt-xs\">\n<li>Yrityksen Y-tunnus ja virallinen nimi<\/li>\n\n\n\n<li>Nimenkirjoitusoikeudellisen henkil\u00f6n s\u00e4hk\u00f6postiosoite, jotta hakemus voidaan l\u00e4hett\u00e4\u00e4 s\u00e4hk\u00f6isesti allekirjoitettavaksi t\u00e4lle henkil\u00f6lle.<\/li>\n\n\n\n<li>Hakemuksen l\u00e4hett\u00e4j\u00e4n s\u00e4hk\u00f6postiosoite. Allekirjoitettu hakemus l\u00e4hetet\u00e4\u00e4n annettuun osoitteeseen, kun hakemuksen k\u00e4sittely Teknologiateollisuudessa alkaa<\/li>\n\n\n\n<li>Yrityksen perustiedot ja osoitteet, my\u00f6s laskutusosoite<\/li>\n\n\n\n<li>Yrityksen toimiala, joka on jokin n\u00e4ist\u00e4 teknologiateollisuuden p\u00e4\u00e4toimialoista: elektroniikka- ja s\u00e4hk\u00f6teollisuus, kone- ja metallituoteteollisuus, metallien jalostus, suunnittelu ja konsultointi, tai tietotekniikan palveluala.<\/li>\n\n\n\n<li>Henkil\u00f6st\u00f6m\u00e4\u00e4r\u00e4 ja liikevaihto tuoreimmasta tilinp\u00e4\u00e4t\u00f6ksest\u00e4 tai arvio niist\u00e4, jos tilinp\u00e4\u00e4t\u00f6st\u00e4 ei viel\u00e4 ole<\/li>\n\n\n\n<li>Yrityksen toimitusjohtajan tai vastaavan henkil\u00f6n yhteystiedot, my\u00f6s puhelinnumero<\/li>\n\n\n\n<li>J\u00e4senyyden yhteyshenkil\u00f6n yhteystiedot, my\u00f6s puhelinnumero<\/li>\n<\/ul>\n\n\n\n<p class=\" mt-xs\">Varaathan tiedot valmiiksi ennen hakemuksen t\u00e4ytt\u00f6\u00e4. Selainistunto vanhenee puolen tunnin j\u00e4lkeen.<\/p>\n\n\n\n<h2 class=\"wp-block-heading  mt-sm\" id=\"h-hakemusprosessi\" id=\"hakemusprosessi\">Hakemusprosessi<\/h2>\n\n\n\n<p>Hakemuksen k\u00e4sittely alkaa hakemuksen allekirjoituksen j\u00e4lkeen. Saatte j\u00e4senhakemuksen allekirjoituksen onnistumisen j\u00e4lkeen j\u00e4senhallinnolta viestin, joka sis\u00e4lt\u00e4\u00e4 teid\u00e4n oman kopionne allekirjoitetusta hakemuksesta.<br><br>Hakemuksen tulee olla k\u00e4sitelt\u00e4v\u00e4n\u00e4mme noin kolme viikkoa ennen asiasta p\u00e4\u00e4tt\u00e4v\u00e4\u00e4 hallituksen kokousta, jotta asiantuntijamme ehtiv\u00e4t j\u00e4rjest\u00e4m\u00e4\u00e4n kanssanne 1-1,5 tunnin tapaamisen ennen kokousk\u00e4sittely\u00e4.<\/p>\n\n\n\n<h2 class=\"wp-block-heading  mt-sm\" id=\"h-hakemuksen-allekirjoittaminen\" id=\"hakemuksen-allekirjoittaminen\">Hakemuksen allekirjoittaminen<\/h2>\n\n\n\n<p>Hakemuksen voi allekirjoittaa ainoastaan yrityksen nimenkirjoitusoikeudellinen henkil\u00f6. Tunnistautumisessa k\u00e4ytet\u00e4\u00e4n suomalaisia pankkitunnuksia. Hakemuksen allekirjoittajan nimenkirjoitusoikeus tarkistetaan kaupparekisterist\u00e4 s\u00e4hk\u00f6isen allekirjoitusprosessin aikana.<\/p>\n\n\n\n<p>Jos allekirjoittajia on kaksi, t\u00e4yt\u00e4 hakemukseen heist\u00e4 ensimm\u00e4isen s\u00e4hk\u00f6postiosoite. Allekirjoitusprosessi l\u00e4hett\u00e4\u00e4 ensimm\u00e4isen allekirjoituskutsun. Kun allekirjoitus on hyv\u00e4ksytty, saa ensimm\u00e4inen allekirjoittaja siit\u00e4 vahvistuksen sek\u00e4 pyynn\u00f6n v\u00e4litt\u00e4\u00e4 h\u00e4nelle l\u00e4hetetty s\u00e4hk\u00f6posti yrityksen toiselle nimenkirjoittajalle. Allekirjoitusprosessi l\u00e4hett\u00e4\u00e4 uuden viestin, kun molemmat allekirjoitukset on hyv\u00e4ksytty.<\/p>\n\n\n\n<p>Jos nimenkirjoitusoikeutta ei ole mahdollista vahvistaa s\u00e4hk\u00f6isesti, t\u00e4yt\u00e4 hakemus s\u00e4hk\u00f6isesti ja ole sen j\u00e4lkeen yhteydess\u00e4 Teknologiateollisuus ry:n j\u00e4senhallintoon jasenasiat@teknologiateollisuus.fi.<\/p>\n\n\n\n<h2 class=\"wp-block-heading  mt-sm\" id=\"h-hakemuksen-ratkaiseminen-ja-jasenyyden-alkaminen\" id=\"hakemuksen-ratkaiseminen-ja-jasenyyden-alkaminen\">Hakemuksen ratkaiseminen ja j\u00e4senyyden alkaminen<\/h2>\n\n\n\n<p>J\u00e4senhakemuksen k\u00e4sittelyn yhteydess\u00e4 j\u00e4senyytt\u00e4 hakevan yrityksen osalta arvioidaan seuraavia kriteerej\u00e4:<\/p>\n\n\n\n<ul class=\"wp-block-list  mt-xs\">\n<li>Yrityksell\u00e4 on toimintaa yhdell\u00e4 tai useammalla Teknologiateollisuuden p\u00e4\u00e4toimialla. Yrityksen oma toiminta on toimialalle kuuluvaa toimintaa. Se, ett\u00e4 yrityksen asiakkaat toimivat Teknologiateollisuuden alalla, ei viel\u00e4 riit\u00e4.<\/li>\n\n\n\n<li>Yritys ty\u00f6llist\u00e4\u00e4 henkil\u00f6it\u00e4 Suomessa. Yritys itse toimii ty\u00f6nantajana v\u00e4hint\u00e4\u00e4n kahdelle ty\u00f6ntekij\u00e4lle. Ainoastaan vuokraty\u00f6ntekij\u00f6it\u00e4 k\u00e4ytt\u00e4v\u00e4 yritys ei ole ty\u00f6nantaja.<\/li>\n\n\n\n<li>Yritys huolehtii yhteiskunnallisista velvoitteistaan. Yritys toimii yhteiskuntavastuullisesti. Esimerkiksi maksaa veronsa, noudattaa lakeja, huolehtii ty\u00f6ntekij\u00f6ist\u00e4\u00e4n ja ymp\u00e4rist\u00f6st\u00e4.<\/li>\n\n\n\n<li>Yritys on valmis sitoutumaan Teknologiateollisuus ry:n s\u00e4\u00e4nt\u00f6ihin ja hallinnon p\u00e4\u00e4t\u00f6ksiin<\/li>\n<\/ul>\n\n\n\n<div class=\"wp-block-group is-style-tight has-light-gray-background-color has-background is-layout-constrained wp-block-group-is-layout-constrained\">\n<h4 class=\"wp-block-heading\" id=\"h-hallituksen-kokoukset-2026\" id=\"hallituksen-kokoukset-2026\">Hallituksen kokoukset 2026<\/h4>\n\n\n\n<ul class=\"wp-block-list\">\n<li>8.9.2026<\/li>\n\n\n\n<li>20.10.2026<\/li>\n<\/ul>\n\n\n\n<p><br><\/p>\n<\/div>\n\n\n\n<h2 class=\"wp-block-heading  mt-xs mb-xs\" id=\"h-hakemuksen-lahettaminen-ja-kasittely\" id=\"hakemuksen-lahettaminen-ja-kasittely\">Hakemuksen l\u00e4hett\u00e4minen ja k\u00e4sittely<\/h2>\n\n\n\n<p class=\" mt-xs mb-xs\">Ilmoitamme hallituksen tekemist\u00e4 p\u00e4\u00e4t\u00f6ksist\u00e4 s\u00e4hk\u00f6postitse noin viikon sis\u00e4ll\u00e4 kokouksesta. J\u00e4seneksi hyv\u00e4ksytyn yrityksen j\u00e4senyys alkaa siit\u00e4 p\u00e4iv\u00e4st\u00e4, jolloin hakemus on hyv\u00e4ksytty hallituksen kokouksessa. J\u00e4senmaksun laskenta alkaa seuraavan kuukauden ensimm\u00e4isen\u00e4 p\u00e4iv\u00e4n\u00e4.<br><br>Lis\u00e4tietoja j\u00e4senyydest\u00e4 ja j\u00e4senpalveluista antavat Teknologiateollisuuden aluep\u00e4\u00e4llik\u00f6t.<br><br>J\u00e4senyyden hallinnollisissa asioissa ja j\u00e4senyyden eri vaiheissa (liittyminen, eroaminen, vuositietojen toimittaminen, j\u00e4senmaksut) auttaa j\u00e4senhallintomme: <strong>jasenasiat@teknologiateollisuus.fi<\/strong><\/p>\n","protected":false},"excerpt":{"rendered":"<p>Ty\u00f6ehdot ja j\u00e4senyys Yrityksen valitsema ty\u00f6ehtomalli ratkaisee sen, mink\u00e4laisen j\u00e4senyyden se tarvitsee. Mik\u00e4li yritys on ep\u00e4varma sopivasta ty\u00f6ehtomallista, kannattaa sen aluksi hakea vain&nbsp;Teknologiateollisuus ry:n&nbsp;j\u00e4senyytt\u00e4. T\u00e4ll\u00f6in se p\u00e4\u00e4see j\u00e4senpalvelujen piiriin ja asiantuntijamme tukevat sopivimman ty\u00f6ehtomallin valinnassa. Liity Teknologiateollisuus ry:n j\u00e4seneksi Teknologiateollisuus ry:n j\u00e4seneksi voivat hakea ty\u00f6antajayritykset, jotka toimivat joko kone- ja metallituoteteollisuudessa, elektroniikka- ja s\u00e4hk\u00f6teollisuudessa, tietotekniikka-alalla, [&hellip;]<\/p>\n","protected":false},"author":24,"featured_media":0,"parent":635,"menu_order":1,"comment_status":"closed","ping_status":"closed","template":"","meta":{"_acf_changed":false,"_relevanssi_hide_post":"","_relevanssi_hide_content":"","_relevanssi_pin_for_all":"","_relevanssi_pin_keywords":"","_relevanssi_unpin_keywords":"","_relevanssi_related_keywords":"","_relevanssi_related_include_ids":"","_relevanssi_related_exclude_ids":"","_relevanssi_related_no_append":"","_relevanssi_related_not_related":"","_relevanssi_related_posts":"166,167,165,169,1417,168","_relevanssi_noindex_reason":"","inline_featured_image":false,"growthstack-ab-test":[],"growthstack-ab-test-views":[],"footnotes":""},"class_list":["post-773","page","type-page","status-publish","hentry"],"acf":{"is_store_related":false,"locked":false},"yoast_head":"<!-- This site is optimized with the Yoast SEO Premium plugin v27.1 (Yoast SEO v27.4) - https:\/\/yoast.com\/product\/yoast-seo-premium-wordpress\/ -->\n<title>Liity Teknologiateollisuus ry:n j\u00e4seneksi - Teknologiateollisuus - J\u00e4senille<\/title>\n<meta name=\"description\" content=\"Teknologiateollisuus ry:n j\u00e4seneksi voivat hakea ty\u00f6antajayritykset, jotka toimivat joko kone- ja metallituoteteollisuudessa, elektroniikka- ja s\u00e4hk\u00f6teollisuudessa, tietotekniikka-alalla, suunnittelu- ja konsultointialalla tai metallien jalostusalalla Suomessa.\" \/>\n<meta name=\"robots\" content=\"index, follow, max-snippet:-1, max-image-preview:large, max-video-preview:-1\" \/>\n<link rel=\"canonical\" href=\"https:\/\/teknologiateollisuus.fi\/jasenille\/tietoa-toiminnasta\/jasenyys\/teknologiateollisuusrynjaseneksi\/\" \/>\n<meta property=\"og:locale\" content=\"fi_FI\" \/>\n<meta property=\"og:type\" content=\"article\" \/>\n<meta property=\"og:title\" content=\"Liity Teknologiateollisuus ry:n j\u00e4seneksi\" \/>\n<meta property=\"og:description\" content=\"Teknologiateollisuus ry:n j\u00e4seneksi voivat hakea ty\u00f6antajayritykset, jotka toimivat joko kone- ja metallituoteteollisuudessa, elektroniikka- ja s\u00e4hk\u00f6teollisuudessa, tietotekniikka-alalla, suunnittelu- ja konsultointialalla tai metallien jalostusalalla Suomessa.\" \/>\n<meta property=\"og:url\" content=\"https:\/\/teknologiateollisuus.fi\/jasenille\/tietoa-toiminnasta\/jasenyys\/teknologiateollisuusrynjaseneksi\/\" \/>\n<meta property=\"og:site_name\" content=\"Teknologiateollisuus - J\u00e4senille\" \/>\n<meta property=\"article:modified_time\" content=\"2026-03-26T05:51:35+00:00\" \/>\n<meta name=\"twitter:card\" content=\"summary_large_image\" \/>\n<meta name=\"twitter:label1\" content=\"Arvioitu lukuaika\" \/>\n\t<meta name=\"twitter:data1\" content=\"3 minuuttia\" \/>\n<script type=\"application\/ld+json\" class=\"yoast-schema-graph\">{\"@context\":\"https:\\\/\\\/schema.org\",\"@graph\":[{\"@type\":\"WebPage\",\"@id\":\"https:\\\/\\\/teknologiateollisuus.fi\\\/jasenille\\\/tietoa-toiminnasta\\\/jasenyys\\\/teknologiateollisuusrynjaseneksi\\\/\",\"url\":\"https:\\\/\\\/teknologiateollisuus.fi\\\/jasenille\\\/tietoa-toiminnasta\\\/jasenyys\\\/teknologiateollisuusrynjaseneksi\\\/\",\"name\":\"Liity Teknologiateollisuus ry:n j\u00e4seneksi - Teknologiateollisuus - J\u00e4senille\",\"isPartOf\":{\"@id\":\"https:\\\/\\\/teknologiateollisuus.fi\\\/jasenille\\\/#website\"},\"datePublished\":\"2023-11-27T08:44:49+00:00\",\"dateModified\":\"2026-03-26T05:51:35+00:00\",\"description\":\"Teknologiateollisuus ry:n j\u00e4seneksi voivat hakea ty\u00f6antajayritykset, jotka toimivat joko kone- ja metallituoteteollisuudessa, elektroniikka- ja s\u00e4hk\u00f6teollisuudessa, tietotekniikka-alalla, suunnittelu- ja konsultointialalla tai metallien jalostusalalla Suomessa.\",\"breadcrumb\":{\"@id\":\"https:\\\/\\\/teknologiateollisuus.fi\\\/jasenille\\\/tietoa-toiminnasta\\\/jasenyys\\\/teknologiateollisuusrynjaseneksi\\\/#breadcrumb\"},\"inLanguage\":\"fi\",\"potentialAction\":[{\"@type\":\"ReadAction\",\"target\":[\"https:\\\/\\\/teknologiateollisuus.fi\\\/jasenille\\\/tietoa-toiminnasta\\\/jasenyys\\\/teknologiateollisuusrynjaseneksi\\\/\"]}]},{\"@type\":\"BreadcrumbList\",\"@id\":\"https:\\\/\\\/teknologiateollisuus.fi\\\/jasenille\\\/tietoa-toiminnasta\\\/jasenyys\\\/teknologiateollisuusrynjaseneksi\\\/#breadcrumb\",\"itemListElement\":[{\"@type\":\"ListItem\",\"position\":1,\"name\":\"Home\",\"item\":\"https:\\\/\\\/teknologiateollisuus.fi\\\/jasenille\\\/\"},{\"@type\":\"ListItem\",\"position\":2,\"name\":\"Tietoa toiminnasta\",\"item\":\"https:\\\/\\\/teknologiateollisuus.fi\\\/jasenille\\\/tietoa-toiminnasta\\\/\"},{\"@type\":\"ListItem\",\"position\":3,\"name\":\"J\u00e4senyys\",\"item\":\"https:\\\/\\\/teknologiateollisuus.fi\\\/jasenille\\\/tietoa-toiminnasta\\\/jasenyys\\\/\"},{\"@type\":\"ListItem\",\"position\":4,\"name\":\"Liity Teknologiateollisuus ry:n j\u00e4seneksi\"}]},{\"@type\":\"WebSite\",\"@id\":\"https:\\\/\\\/teknologiateollisuus.fi\\\/jasenille\\\/#website\",\"url\":\"https:\\\/\\\/teknologiateollisuus.fi\\\/jasenille\\\/\",\"name\":\"Teknologiateollisuus - J\u00e4senille\",\"description\":\"\",\"publisher\":{\"@id\":\"https:\\\/\\\/teknologiateollisuus.fi\\\/jasenille\\\/#organization\"},\"potentialAction\":[{\"@type\":\"SearchAction\",\"target\":{\"@type\":\"EntryPoint\",\"urlTemplate\":\"https:\\\/\\\/teknologiateollisuus.fi\\\/jasenille\\\/?s={search_term_string}\"},\"query-input\":{\"@type\":\"PropertyValueSpecification\",\"valueRequired\":true,\"valueName\":\"search_term_string\"}}],\"inLanguage\":\"fi\"},{\"@type\":\"Organization\",\"@id\":\"https:\\\/\\\/teknologiateollisuus.fi\\\/jasenille\\\/#organization\",\"name\":\"Teknologiateollisuus - J\u00e4senille\",\"url\":\"https:\\\/\\\/teknologiateollisuus.fi\\\/jasenille\\\/\",\"logo\":{\"@type\":\"ImageObject\",\"inLanguage\":\"fi\",\"@id\":\"https:\\\/\\\/teknologiateollisuus.fi\\\/jasenille\\\/#\\\/schema\\\/logo\\\/image\\\/\",\"url\":\"https:\\\/\\\/teknologiateollisuus.fi\\\/jasenille\\\/wp-content\\\/uploads\\\/sites\\\/1\\\/2023\\\/10\\\/placeholder.png\",\"contentUrl\":\"https:\\\/\\\/teknologiateollisuus.fi\\\/jasenille\\\/wp-content\\\/uploads\\\/sites\\\/1\\\/2023\\\/10\\\/placeholder.png\",\"width\":2560,\"height\":1920,\"caption\":\"Teknologiateollisuus - J\u00e4senille\"},\"image\":{\"@id\":\"https:\\\/\\\/teknologiateollisuus.fi\\\/jasenille\\\/#\\\/schema\\\/logo\\\/image\\\/\"}}]}<\/script>\n<!-- \/ Yoast SEO Premium plugin. -->","yoast_head_json":{"title":"Liity Teknologiateollisuus ry:n j\u00e4seneksi - Teknologiateollisuus - J\u00e4senille","description":"Teknologiateollisuus ry:n j\u00e4seneksi voivat hakea ty\u00f6antajayritykset, jotka toimivat joko kone- ja metallituoteteollisuudessa, elektroniikka- ja s\u00e4hk\u00f6teollisuudessa, tietotekniikka-alalla, suunnittelu- ja konsultointialalla tai metallien jalostusalalla Suomessa.","robots":{"index":"index","follow":"follow","max-snippet":"max-snippet:-1","max-image-preview":"max-image-preview:large","max-video-preview":"max-video-preview:-1"},"canonical":"https:\/\/teknologiateollisuus.fi\/jasenille\/tietoa-toiminnasta\/jasenyys\/teknologiateollisuusrynjaseneksi\/","og_locale":"fi_FI","og_type":"article","og_title":"Liity Teknologiateollisuus ry:n j\u00e4seneksi","og_description":"Teknologiateollisuus ry:n j\u00e4seneksi voivat hakea ty\u00f6antajayritykset, jotka toimivat joko kone- ja metallituoteteollisuudessa, elektroniikka- ja s\u00e4hk\u00f6teollisuudessa, tietotekniikka-alalla, suunnittelu- ja konsultointialalla tai metallien jalostusalalla Suomessa.","og_url":"https:\/\/teknologiateollisuus.fi\/jasenille\/tietoa-toiminnasta\/jasenyys\/teknologiateollisuusrynjaseneksi\/","og_site_name":"Teknologiateollisuus - J\u00e4senille","article_modified_time":"2026-03-26T05:51:35+00:00","twitter_card":"summary_large_image","twitter_misc":{"Arvioitu lukuaika":"3 minuuttia"},"schema":{"@context":"https:\/\/schema.org","@graph":[{"@type":"WebPage","@id":"https:\/\/teknologiateollisuus.fi\/jasenille\/tietoa-toiminnasta\/jasenyys\/teknologiateollisuusrynjaseneksi\/","url":"https:\/\/teknologiateollisuus.fi\/jasenille\/tietoa-toiminnasta\/jasenyys\/teknologiateollisuusrynjaseneksi\/","name":"Liity Teknologiateollisuus ry:n j\u00e4seneksi - Teknologiateollisuus - J\u00e4senille","isPartOf":{"@id":"https:\/\/teknologiateollisuus.fi\/jasenille\/#website"},"datePublished":"2023-11-27T08:44:49+00:00","dateModified":"2026-03-26T05:51:35+00:00","description":"Teknologiateollisuus ry:n j\u00e4seneksi voivat hakea ty\u00f6antajayritykset, jotka toimivat joko kone- ja metallituoteteollisuudessa, elektroniikka- ja s\u00e4hk\u00f6teollisuudessa, tietotekniikka-alalla, suunnittelu- ja konsultointialalla tai metallien jalostusalalla Suomessa.","breadcrumb":{"@id":"https:\/\/teknologiateollisuus.fi\/jasenille\/tietoa-toiminnasta\/jasenyys\/teknologiateollisuusrynjaseneksi\/#breadcrumb"},"inLanguage":"fi","potentialAction":[{"@type":"ReadAction","target":["https:\/\/teknologiateollisuus.fi\/jasenille\/tietoa-toiminnasta\/jasenyys\/teknologiateollisuusrynjaseneksi\/"]}]},{"@type":"BreadcrumbList","@id":"https:\/\/teknologiateollisuus.fi\/jasenille\/tietoa-toiminnasta\/jasenyys\/teknologiateollisuusrynjaseneksi\/#breadcrumb","itemListElement":[{"@type":"ListItem","position":1,"name":"Home","item":"https:\/\/teknologiateollisuus.fi\/jasenille\/"},{"@type":"ListItem","position":2,"name":"Tietoa toiminnasta","item":"https:\/\/teknologiateollisuus.fi\/jasenille\/tietoa-toiminnasta\/"},{"@type":"ListItem","position":3,"name":"J\u00e4senyys","item":"https:\/\/teknologiateollisuus.fi\/jasenille\/tietoa-toiminnasta\/jasenyys\/"},{"@type":"ListItem","position":4,"name":"Liity Teknologiateollisuus ry:n j\u00e4seneksi"}]},{"@type":"WebSite","@id":"https:\/\/teknologiateollisuus.fi\/jasenille\/#website","url":"https:\/\/teknologiateollisuus.fi\/jasenille\/","name":"Teknologiateollisuus - J\u00e4senille","description":"","publisher":{"@id":"https:\/\/teknologiateollisuus.fi\/jasenille\/#organization"},"potentialAction":[{"@type":"SearchAction","target":{"@type":"EntryPoint","urlTemplate":"https:\/\/teknologiateollisuus.fi\/jasenille\/?s={search_term_string}"},"query-input":{"@type":"PropertyValueSpecification","valueRequired":true,"valueName":"search_term_string"}}],"inLanguage":"fi"},{"@type":"Organization","@id":"https:\/\/teknologiateollisuus.fi\/jasenille\/#organization","name":"Teknologiateollisuus - J\u00e4senille","url":"https:\/\/teknologiateollisuus.fi\/jasenille\/","logo":{"@type":"ImageObject","inLanguage":"fi","@id":"https:\/\/teknologiateollisuus.fi\/jasenille\/#\/schema\/logo\/image\/","url":"https:\/\/teknologiateollisuus.fi\/jasenille\/wp-content\/uploads\/sites\/1\/2023\/10\/placeholder.png","contentUrl":"https:\/\/teknologiateollisuus.fi\/jasenille\/wp-content\/uploads\/sites\/1\/2023\/10\/placeholder.png","width":2560,"height":1920,"caption":"Teknologiateollisuus - J\u00e4senille"},"image":{"@id":"https:\/\/teknologiateollisuus.fi\/jasenille\/#\/schema\/logo\/image\/"}}]}},"lang":"fi","translations":{"fi":773},"pll_sync_post":[],"_links":{"self":[{"href":"https:\/\/teknologiateollisuus.fi\/jasenille\/wp-json\/wp\/v2\/pages\/773","targetHints":{"allow":["GET"]}}],"collection":[{"href":"https:\/\/teknologiateollisuus.fi\/jasenille\/wp-json\/wp\/v2\/pages"}],"about":[{"href":"https:\/\/teknologiateollisuus.fi\/jasenille\/wp-json\/wp\/v2\/types\/page"}],"author":[{"embeddable":true,"href":"https:\/\/teknologiateollisuus.fi\/jasenille\/wp-json\/wp\/v2\/users\/24"}],"replies":[{"embeddable":true,"href":"https:\/\/teknologiateollisuus.fi\/jasenille\/wp-json\/wp\/v2\/comments?post=773"}],"version-history":[{"count":29,"href":"https:\/\/teknologiateollisuus.fi\/jasenille\/wp-json\/wp\/v2\/pages\/773\/revisions"}],"predecessor-version":[{"id":29506,"href":"https:\/\/teknologiateollisuus.fi\/jasenille\/wp-json\/wp\/v2\/pages\/773\/revisions\/29506"}],"up":[{"embeddable":true,"href":"https:\/\/teknologiateollisuus.fi\/jasenille\/wp-json\/wp\/v2\/pages\/635"}],"wp:attachment":[{"href":"https:\/\/teknologiateollisuus.fi\/jasenille\/wp-json\/wp\/v2\/media?parent=773"}],"curies":[{"name":"wp","href":"https:\/\/api.w.org\/{rel}","templated":true}]}}