{"id":805,"date":"2023-11-27T14:54:12","date_gmt":"2023-11-27T12:54:12","guid":{"rendered":"https:\/\/teknologiateollisuus.fi\/jasenille\/?page_id=805"},"modified":"2025-11-14T12:14:32","modified_gmt":"2025-11-14T10:14:32","slug":"jasenmaksut-ja-laskutus","status":"publish","type":"page","link":"https:\/\/teknologiateollisuus.fi\/jasenille\/tietoa-toiminnasta\/jasenyys\/jasenmaksut-ja-laskutus\/","title":{"rendered":"J\u00e4senmaksut ja laskutus"},"content":{"rendered":"\n<div class=\"em-block-hero hero-has-background-color has-background has-black-background-color collapse  \">\n\t<div class=\"em-block-hero__container\">\n\t\t<div class=\"em-block-hero__content\">\n\t\t\t<div class=\"yoast-breadcrumbs\"><span><span><a href=\"https:\/\/teknologiateollisuus.fi\/jasenille\/\">Home<\/a><\/span> <span class=\"separator\"><\/span> <span><a href=\"https:\/\/teknologiateollisuus.fi\/jasenille\/tietoa-toiminnasta\/\">Tietoa toiminnasta<\/a><\/span> <span class=\"separator\"><\/span> <span><a href=\"https:\/\/teknologiateollisuus.fi\/jasenille\/tietoa-toiminnasta\/jasenyys\/\">J\u00e4senyys<\/a><\/span> <span class=\"separator\"><\/span> <span class=\"breadcrumb_last\" aria-current=\"page\">J\u00e4senmaksut ja laskutus<\/span><\/span><\/div>\t\t\t\n<h1 class=\"wp-block-heading\" id=\"h-jasenmaksut-ja-laskutus\">J\u00e4senmaksut ja laskutus<\/h1>\n\t\t\t<div class=\"em-block-hero__modified-date\"> P\u00e4ivitetty 14.11.2025 klo 12:14<\/div>\t\t<\/div>\n\t\t\t\t\t<figure class=\"em-block-hero__image\">\n\t\t\t\t\t\t\t<\/figure>\n\t\t\t<\/div>\n<\/div>\n\n\n\n<p>J\u00e4senmaksut laskutetaan vuosittain toukokuussa. Syksyll\u00e4 liittyneiden j\u00e4senten j\u00e4senmaksu laskutetaan kuukauden sis\u00e4ll\u00e4 liittymisest\u00e4.<\/p>\n\n\n\n<p>Teknologiateollisuus ry:n j\u00e4senmaksulaskujen perusteisiin liittyviin kysymyksiin vastaa j\u00e4senhallintomme <strong>jasenasiat@teknologiateollisuus.fi<\/strong><\/p>\n\n\n\n<p>Teknologiateollisuuden j\u00e4senmaksu vuodelle 2026 vahvistettiin yhdistyksen s\u00e4\u00e4nt\u00f6jen mukaisesti syyskokouksessa 2025.<\/p>\n\n\n\n<p><strong>Syyskokous 13.11.2025 p\u00e4\u00e4tti vuoden 2026 j\u00e4senmaksusta seuraavasti:<\/strong><\/p>\n\n\n\n<ul class=\"wp-block-list\">\n<li>j\u00e4senmaksun perusteena on j\u00e4senyrityksen Suomessa maksama palkkasumma luontoisetuineen<\/li>\n\n\n\n<li>j\u00e4senmaksuna perit\u00e4\u00e4n 0,07 % edellisen kalenterivuoden palkkasummasta luontoisetuineen. V\u00e4himm\u00e4isj\u00e4senmaksu on 500 euroa. Yksitt\u00e4isen j\u00e4senen j\u00e4senmaksu on enint\u00e4\u00e4n 10 % koko j\u00e4senmaksukertym\u00e4st\u00e4<\/li>\n\n\n\n<li>j\u00e4senmaksua alennetaan kullekin Teknologiateollisuuden ty\u00f6nantajat ry:hyn liittyneelle j\u00e4senelle Teknologiateollisuuden ty\u00f6nantajat ry:n j\u00e4senmaksua vastaavan m\u00e4\u00e4r\u00e4n<\/li>\n\n\n\n<li>mik\u00e4li j\u00e4sen ei muistutuksista huolimatta ilmoita palkkasummaa huhtikuun 2026 loppuun menness\u00e4, eik\u00e4 sit\u00e4 voi muuten kohtuullisella tarkkuudella selvitt\u00e4\u00e4, j\u00e4senen palkkasummaksi oletetaan t\u00e4t\u00e4 edelt\u00e4v\u00e4n vuoden palkkasumma korotettuna 10 %:lla. Oletetun summan perusteella veloitettua j\u00e4senmaksua ei j\u00e4lkik\u00e4teen palauteta vaikka my\u00f6hemmin selvi\u00e4isi, ett\u00e4 oikea palkkasumma oli oletettua pienempi. Mik\u00e4li selvi\u00e4\u00e4, ett\u00e4 oikea palkkasumma oli oletettua summaa suurempi, t\u00e4t\u00e4 poikkeamaa vastaava erotus voidaan peri\u00e4 j\u00e4senelt\u00e4 my\u00f6s j\u00e4lkik\u00e4teen.<\/li>\n\n\n\n<li>j\u00e4senmaksu perit\u00e4\u00e4n 30.6.2026 menness\u00e4.<\/li>\n\n\n\n<li>j\u00e4senyrityksilt\u00e4 ei perit\u00e4 Elinkeinoel\u00e4m\u00e4n keskusliiton j\u00e4senmaksuosuutta.<\/li>\n\n\n\n<li>J\u00e4senmaksuun vaikuttavat tiedot ker\u00e4t\u00e4\u00e4n j\u00e4senyritysten yhteyshenkil\u00f6ilt\u00e4 aikav\u00e4lill\u00e4 tammikuu-huhtikuu 2026.<\/li>\n<\/ul>\n\n\n\n<p>Teknologiateollisuus ry:n j\u00e4senyys merkitsee automaattisesti j\u00e4senyytt\u00e4 my\u00f6s Elinkeinoel\u00e4m\u00e4n keskusliitossa EK:ssa, sill\u00e4 Teknologiateollisuus on EK:n j\u00e4senliitto. EK p\u00e4\u00e4tt\u00e4\u00e4 j\u00e4senmaksuperusteensa vuosittain liittokokouksessaan. Teknologiateollisuus ry maksaa EK:n j\u00e4senmaksun j\u00e4sentens\u00e4 puolesta.<br><br>Teknologiateollisuus ry on p\u00e4\u00e4tt\u00e4nyt, ett\u00e4 Teknologiateollisuuden ty\u00f6nantajat ry:n j\u00e4senmaksu sis\u00e4ltyy Teknologiateollisuus ry:n j\u00e4senmaksuun. Teknologiateollisuuden ty\u00f6nantajat ry:n j\u00e4senmaksua ei n\u00e4in ollen veloiteta erikseen j\u00e4senilt\u00e4.<br><br>Ensimm\u00e4isen\u00e4 ja viimeisen\u00e4 j\u00e4senyysvuonna j\u00e4senmaksua perit\u00e4\u00e4n vain niilt\u00e4 t\u00e4ysilt\u00e4 kalenterikuukausilta, joina j\u00e4sen on kuulunut liittoon.<\/p>\n\n\n\n<p>Muista ilmoittaa j\u00e4senhallintoon yhteyshenkil\u00f6muutoksesta. J\u00e4senhallinnon s\u00e4hk\u00f6postiosoite on <strong>jasenasiat@teknologiateollisuus.fi<\/strong><\/p>\n","protected":false},"excerpt":{"rendered":"<p>J\u00e4senmaksut laskutetaan vuosittain toukokuussa. Syksyll\u00e4 liittyneiden j\u00e4senten j\u00e4senmaksu laskutetaan kuukauden sis\u00e4ll\u00e4 liittymisest\u00e4. Teknologiateollisuus ry:n j\u00e4senmaksulaskujen perusteisiin liittyviin kysymyksiin vastaa j\u00e4senhallintomme jasenasiat@teknologiateollisuus.fi Teknologiateollisuuden j\u00e4senmaksu vuodelle 2026 vahvistettiin yhdistyksen s\u00e4\u00e4nt\u00f6jen mukaisesti syyskokouksessa 2025. Syyskokous 13.11.2025 p\u00e4\u00e4tti vuoden 2026 j\u00e4senmaksusta seuraavasti: Teknologiateollisuus ry:n j\u00e4senyys merkitsee automaattisesti j\u00e4senyytt\u00e4 my\u00f6s Elinkeinoel\u00e4m\u00e4n keskusliitossa EK:ssa, sill\u00e4 Teknologiateollisuus on EK:n j\u00e4senliitto. EK p\u00e4\u00e4tt\u00e4\u00e4 [&hellip;]<\/p>\n","protected":false},"author":20,"featured_media":0,"parent":635,"menu_order":5,"comment_status":"closed","ping_status":"closed","template":"","meta":{"_acf_changed":false,"_relevanssi_hide_post":"","_relevanssi_hide_content":"","_relevanssi_pin_for_all":"","_relevanssi_pin_keywords":"","_relevanssi_unpin_keywords":"","_relevanssi_related_keywords":"","_relevanssi_related_include_ids":"","_relevanssi_related_exclude_ids":"","_relevanssi_related_no_append":"","_relevanssi_related_not_related":"","_relevanssi_related_posts":"169,1417,168,167,166,165","_relevanssi_noindex_reason":"","inline_featured_image":false,"growthstack-ab-test":[],"growthstack-ab-test-views":[],"footnotes":""},"class_list":["post-805","page","type-page","status-publish","hentry"],"acf":{"is_store_related":false,"locked":false},"yoast_head":"<!-- This site is optimized with the Yoast SEO Premium plugin v27.1 (Yoast SEO v27.4) - https:\/\/yoast.com\/product\/yoast-seo-premium-wordpress\/ -->\n<title>J\u00e4senmaksut ja laskutus - Teknologiateollisuus - J\u00e4senille<\/title>\n<meta name=\"description\" content=\"Teknologiateollisuus ry:n j\u00e4senhallinto auttaa j\u00e4seni\u00e4 j\u00e4senmaksuihin ja laskutukseen liittyviss\u00e4 asioissa.\" \/>\n<meta name=\"robots\" content=\"index, follow, max-snippet:-1, max-image-preview:large, max-video-preview:-1\" \/>\n<link rel=\"canonical\" href=\"https:\/\/teknologiateollisuus.fi\/jasenille\/tietoa-toiminnasta\/jasenyys\/jasenmaksut-ja-laskutus\/\" \/>\n<meta property=\"og:locale\" content=\"fi_FI\" \/>\n<meta property=\"og:type\" content=\"article\" \/>\n<meta property=\"og:title\" content=\"J\u00e4senmaksut ja laskutus\" \/>\n<meta property=\"og:description\" content=\"Teknologiateollisuus ry:n j\u00e4senhallinto auttaa j\u00e4seni\u00e4 j\u00e4senmaksuihin ja laskutukseen liittyviss\u00e4 asioissa.\" \/>\n<meta property=\"og:url\" content=\"https:\/\/teknologiateollisuus.fi\/jasenille\/tietoa-toiminnasta\/jasenyys\/jasenmaksut-ja-laskutus\/\" \/>\n<meta property=\"og:site_name\" content=\"Teknologiateollisuus - J\u00e4senille\" \/>\n<meta property=\"article:modified_time\" content=\"2025-11-14T10:14:32+00:00\" \/>\n<meta name=\"twitter:card\" content=\"summary_large_image\" \/>\n<meta name=\"twitter:label1\" content=\"Arvioitu lukuaika\" \/>\n\t<meta name=\"twitter:data1\" content=\"2 minuuttia\" \/>\n<script type=\"application\/ld+json\" class=\"yoast-schema-graph\">{\"@context\":\"https:\\\/\\\/schema.org\",\"@graph\":[{\"@type\":\"WebPage\",\"@id\":\"https:\\\/\\\/teknologiateollisuus.fi\\\/jasenille\\\/tietoa-toiminnasta\\\/jasenyys\\\/jasenmaksut-ja-laskutus\\\/\",\"url\":\"https:\\\/\\\/teknologiateollisuus.fi\\\/jasenille\\\/tietoa-toiminnasta\\\/jasenyys\\\/jasenmaksut-ja-laskutus\\\/\",\"name\":\"J\u00e4senmaksut ja laskutus - Teknologiateollisuus - J\u00e4senille\",\"isPartOf\":{\"@id\":\"https:\\\/\\\/teknologiateollisuus.fi\\\/jasenille\\\/#website\"},\"datePublished\":\"2023-11-27T12:54:12+00:00\",\"dateModified\":\"2025-11-14T10:14:32+00:00\",\"description\":\"Teknologiateollisuus ry:n j\u00e4senhallinto auttaa j\u00e4seni\u00e4 j\u00e4senmaksuihin ja laskutukseen liittyviss\u00e4 asioissa.\",\"breadcrumb\":{\"@id\":\"https:\\\/\\\/teknologiateollisuus.fi\\\/jasenille\\\/tietoa-toiminnasta\\\/jasenyys\\\/jasenmaksut-ja-laskutus\\\/#breadcrumb\"},\"inLanguage\":\"fi\",\"potentialAction\":[{\"@type\":\"ReadAction\",\"target\":[\"https:\\\/\\\/teknologiateollisuus.fi\\\/jasenille\\\/tietoa-toiminnasta\\\/jasenyys\\\/jasenmaksut-ja-laskutus\\\/\"]}]},{\"@type\":\"BreadcrumbList\",\"@id\":\"https:\\\/\\\/teknologiateollisuus.fi\\\/jasenille\\\/tietoa-toiminnasta\\\/jasenyys\\\/jasenmaksut-ja-laskutus\\\/#breadcrumb\",\"itemListElement\":[{\"@type\":\"ListItem\",\"position\":1,\"name\":\"Home\",\"item\":\"https:\\\/\\\/teknologiateollisuus.fi\\\/jasenille\\\/\"},{\"@type\":\"ListItem\",\"position\":2,\"name\":\"Tietoa toiminnasta\",\"item\":\"https:\\\/\\\/teknologiateollisuus.fi\\\/jasenille\\\/tietoa-toiminnasta\\\/\"},{\"@type\":\"ListItem\",\"position\":3,\"name\":\"J\u00e4senyys\",\"item\":\"https:\\\/\\\/teknologiateollisuus.fi\\\/jasenille\\\/tietoa-toiminnasta\\\/jasenyys\\\/\"},{\"@type\":\"ListItem\",\"position\":4,\"name\":\"J\u00e4senmaksut ja laskutus\"}]},{\"@type\":\"WebSite\",\"@id\":\"https:\\\/\\\/teknologiateollisuus.fi\\\/jasenille\\\/#website\",\"url\":\"https:\\\/\\\/teknologiateollisuus.fi\\\/jasenille\\\/\",\"name\":\"Teknologiateollisuus - J\u00e4senille\",\"description\":\"\",\"publisher\":{\"@id\":\"https:\\\/\\\/teknologiateollisuus.fi\\\/jasenille\\\/#organization\"},\"potentialAction\":[{\"@type\":\"SearchAction\",\"target\":{\"@type\":\"EntryPoint\",\"urlTemplate\":\"https:\\\/\\\/teknologiateollisuus.fi\\\/jasenille\\\/?s={search_term_string}\"},\"query-input\":{\"@type\":\"PropertyValueSpecification\",\"valueRequired\":true,\"valueName\":\"search_term_string\"}}],\"inLanguage\":\"fi\"},{\"@type\":\"Organization\",\"@id\":\"https:\\\/\\\/teknologiateollisuus.fi\\\/jasenille\\\/#organization\",\"name\":\"Teknologiateollisuus - J\u00e4senille\",\"url\":\"https:\\\/\\\/teknologiateollisuus.fi\\\/jasenille\\\/\",\"logo\":{\"@type\":\"ImageObject\",\"inLanguage\":\"fi\",\"@id\":\"https:\\\/\\\/teknologiateollisuus.fi\\\/jasenille\\\/#\\\/schema\\\/logo\\\/image\\\/\",\"url\":\"https:\\\/\\\/teknologiateollisuus.fi\\\/jasenille\\\/wp-content\\\/uploads\\\/sites\\\/1\\\/2023\\\/10\\\/placeholder.png\",\"contentUrl\":\"https:\\\/\\\/teknologiateollisuus.fi\\\/jasenille\\\/wp-content\\\/uploads\\\/sites\\\/1\\\/2023\\\/10\\\/placeholder.png\",\"width\":2560,\"height\":1920,\"caption\":\"Teknologiateollisuus - J\u00e4senille\"},\"image\":{\"@id\":\"https:\\\/\\\/teknologiateollisuus.fi\\\/jasenille\\\/#\\\/schema\\\/logo\\\/image\\\/\"}}]}<\/script>\n<!-- \/ Yoast SEO Premium plugin. -->","yoast_head_json":{"title":"J\u00e4senmaksut ja laskutus - Teknologiateollisuus - J\u00e4senille","description":"Teknologiateollisuus ry:n j\u00e4senhallinto auttaa j\u00e4seni\u00e4 j\u00e4senmaksuihin ja laskutukseen liittyviss\u00e4 asioissa.","robots":{"index":"index","follow":"follow","max-snippet":"max-snippet:-1","max-image-preview":"max-image-preview:large","max-video-preview":"max-video-preview:-1"},"canonical":"https:\/\/teknologiateollisuus.fi\/jasenille\/tietoa-toiminnasta\/jasenyys\/jasenmaksut-ja-laskutus\/","og_locale":"fi_FI","og_type":"article","og_title":"J\u00e4senmaksut ja laskutus","og_description":"Teknologiateollisuus ry:n j\u00e4senhallinto auttaa j\u00e4seni\u00e4 j\u00e4senmaksuihin ja laskutukseen liittyviss\u00e4 asioissa.","og_url":"https:\/\/teknologiateollisuus.fi\/jasenille\/tietoa-toiminnasta\/jasenyys\/jasenmaksut-ja-laskutus\/","og_site_name":"Teknologiateollisuus - J\u00e4senille","article_modified_time":"2025-11-14T10:14:32+00:00","twitter_card":"summary_large_image","twitter_misc":{"Arvioitu lukuaika":"2 minuuttia"},"schema":{"@context":"https:\/\/schema.org","@graph":[{"@type":"WebPage","@id":"https:\/\/teknologiateollisuus.fi\/jasenille\/tietoa-toiminnasta\/jasenyys\/jasenmaksut-ja-laskutus\/","url":"https:\/\/teknologiateollisuus.fi\/jasenille\/tietoa-toiminnasta\/jasenyys\/jasenmaksut-ja-laskutus\/","name":"J\u00e4senmaksut ja laskutus - Teknologiateollisuus - J\u00e4senille","isPartOf":{"@id":"https:\/\/teknologiateollisuus.fi\/jasenille\/#website"},"datePublished":"2023-11-27T12:54:12+00:00","dateModified":"2025-11-14T10:14:32+00:00","description":"Teknologiateollisuus ry:n j\u00e4senhallinto auttaa j\u00e4seni\u00e4 j\u00e4senmaksuihin ja laskutukseen liittyviss\u00e4 asioissa.","breadcrumb":{"@id":"https:\/\/teknologiateollisuus.fi\/jasenille\/tietoa-toiminnasta\/jasenyys\/jasenmaksut-ja-laskutus\/#breadcrumb"},"inLanguage":"fi","potentialAction":[{"@type":"ReadAction","target":["https:\/\/teknologiateollisuus.fi\/jasenille\/tietoa-toiminnasta\/jasenyys\/jasenmaksut-ja-laskutus\/"]}]},{"@type":"BreadcrumbList","@id":"https:\/\/teknologiateollisuus.fi\/jasenille\/tietoa-toiminnasta\/jasenyys\/jasenmaksut-ja-laskutus\/#breadcrumb","itemListElement":[{"@type":"ListItem","position":1,"name":"Home","item":"https:\/\/teknologiateollisuus.fi\/jasenille\/"},{"@type":"ListItem","position":2,"name":"Tietoa toiminnasta","item":"https:\/\/teknologiateollisuus.fi\/jasenille\/tietoa-toiminnasta\/"},{"@type":"ListItem","position":3,"name":"J\u00e4senyys","item":"https:\/\/teknologiateollisuus.fi\/jasenille\/tietoa-toiminnasta\/jasenyys\/"},{"@type":"ListItem","position":4,"name":"J\u00e4senmaksut ja laskutus"}]},{"@type":"WebSite","@id":"https:\/\/teknologiateollisuus.fi\/jasenille\/#website","url":"https:\/\/teknologiateollisuus.fi\/jasenille\/","name":"Teknologiateollisuus - J\u00e4senille","description":"","publisher":{"@id":"https:\/\/teknologiateollisuus.fi\/jasenille\/#organization"},"potentialAction":[{"@type":"SearchAction","target":{"@type":"EntryPoint","urlTemplate":"https:\/\/teknologiateollisuus.fi\/jasenille\/?s={search_term_string}"},"query-input":{"@type":"PropertyValueSpecification","valueRequired":true,"valueName":"search_term_string"}}],"inLanguage":"fi"},{"@type":"Organization","@id":"https:\/\/teknologiateollisuus.fi\/jasenille\/#organization","name":"Teknologiateollisuus - J\u00e4senille","url":"https:\/\/teknologiateollisuus.fi\/jasenille\/","logo":{"@type":"ImageObject","inLanguage":"fi","@id":"https:\/\/teknologiateollisuus.fi\/jasenille\/#\/schema\/logo\/image\/","url":"https:\/\/teknologiateollisuus.fi\/jasenille\/wp-content\/uploads\/sites\/1\/2023\/10\/placeholder.png","contentUrl":"https:\/\/teknologiateollisuus.fi\/jasenille\/wp-content\/uploads\/sites\/1\/2023\/10\/placeholder.png","width":2560,"height":1920,"caption":"Teknologiateollisuus - J\u00e4senille"},"image":{"@id":"https:\/\/teknologiateollisuus.fi\/jasenille\/#\/schema\/logo\/image\/"}}]}},"lang":"fi","translations":{"fi":805},"pll_sync_post":[],"_links":{"self":[{"href":"https:\/\/teknologiateollisuus.fi\/jasenille\/wp-json\/wp\/v2\/pages\/805","targetHints":{"allow":["GET"]}}],"collection":[{"href":"https:\/\/teknologiateollisuus.fi\/jasenille\/wp-json\/wp\/v2\/pages"}],"about":[{"href":"https:\/\/teknologiateollisuus.fi\/jasenille\/wp-json\/wp\/v2\/types\/page"}],"author":[{"embeddable":true,"href":"https:\/\/teknologiateollisuus.fi\/jasenille\/wp-json\/wp\/v2\/users\/20"}],"replies":[{"embeddable":true,"href":"https:\/\/teknologiateollisuus.fi\/jasenille\/wp-json\/wp\/v2\/comments?post=805"}],"version-history":[{"count":20,"href":"https:\/\/teknologiateollisuus.fi\/jasenille\/wp-json\/wp\/v2\/pages\/805\/revisions"}],"predecessor-version":[{"id":28394,"href":"https:\/\/teknologiateollisuus.fi\/jasenille\/wp-json\/wp\/v2\/pages\/805\/revisions\/28394"}],"up":[{"embeddable":true,"href":"https:\/\/teknologiateollisuus.fi\/jasenille\/wp-json\/wp\/v2\/pages\/635"}],"wp:attachment":[{"href":"https:\/\/teknologiateollisuus.fi\/jasenille\/wp-json\/wp\/v2\/media?parent=805"}],"curies":[{"name":"wp","href":"https:\/\/api.w.org\/{rel}","templated":true}]}}