{"id":836,"date":"2023-11-28T12:05:58","date_gmt":"2023-11-28T10:05:58","guid":{"rendered":"https:\/\/teknologiateollisuus.fi\/jasenille\/?page_id=836"},"modified":"2025-11-14T12:36:46","modified_gmt":"2025-11-14T10:36:46","slug":"ilmoita-yritysjarjestelyista-ja-erosta","status":"publish","type":"page","link":"https:\/\/teknologiateollisuus.fi\/jasenille\/tietoa-toiminnasta\/jasenyys\/ilmoita-yritysjarjestelyista-ja-erosta\/","title":{"rendered":"Yritysj\u00e4rjestelyt ja eroaminen"},"content":{"rendered":"\n<div class=\"em-block-hero hero-has-background-color has-background has-black-background-color collapse  \">\n\t<div class=\"em-block-hero__container\">\n\t\t<div class=\"em-block-hero__content\">\n\t\t\t<div class=\"yoast-breadcrumbs\"><span><span><a href=\"https:\/\/teknologiateollisuus.fi\/jasenille\/\">Home<\/a><\/span> <span class=\"separator\"><\/span> <span><a href=\"https:\/\/teknologiateollisuus.fi\/jasenille\/tietoa-toiminnasta\/\">Tietoa toiminnasta<\/a><\/span> <span class=\"separator\"><\/span> <span><a href=\"https:\/\/teknologiateollisuus.fi\/jasenille\/tietoa-toiminnasta\/jasenyys\/\">J\u00e4senyys<\/a><\/span> <span class=\"separator\"><\/span> <span class=\"breadcrumb_last\" aria-current=\"page\">Yritysj\u00e4rjestelyt ja eroaminen<\/span><\/span><\/div>\t\t\t\n<h1 class=\"wp-block-heading\" id=\"h-yritysjarjestelyt-ja-eroaminen\">Yritysj\u00e4rjestelyt ja eroaminen<\/h1>\n\t\t\t<div class=\"em-block-hero__modified-date\"> P\u00e4ivitetty 14.11.2025 klo 12:36<\/div>\t\t<\/div>\n\t\t\t\t\t<figure class=\"em-block-hero__image\">\n\t\t\t\t\t\t\t<\/figure>\n\t\t\t<\/div>\n<\/div>\n\n\n\n<h2 class=\"wp-block-heading  mb-xs\" id=\"h-ilmoita-yritysjarjestelyista\" id=\"ilmoita-yritysjarjestelyista\">Ilmoita yritysj\u00e4rjestelyist\u00e4<\/h2>\n\n\n\n<p>Teknologiateollisuus ry:n s\u00e4\u00e4nt\u00f6jen mukaisesti (5 \u00a7) j\u00e4senen on ilmoitettava yhdistykselle yrityksens\u00e4, liiketoimintansa tai toimipaikkansa luovutuksesta, sulautumisesta tai jakamisesta yhti\u00f6muotoisiin yksik\u00f6ihin.<\/p>\n\n\n\n<p>Uuden j\u00e4senen j\u00e4senmaksua m\u00e4\u00e4r\u00e4tt\u00e4ess\u00e4 otetaan huomioon sulautuneelle tai jakautuneelle yritykselle samalle vuodelle aikaisemmin m\u00e4\u00e4r\u00e4tty j\u00e4senmaksu.<\/p>\n\n\n\n<p>Ilmoita yritysj\u00e4rjestelyist\u00e4 s\u00e4hk\u00f6postitse j\u00e4senhallinnolle tai <a href=\"https:\/\/jasenportaali.teknologiateollisuus.fi\/\">j\u00e4senportaalimme<\/a> kautta. J\u00e4senportaalissa yrityksen perustietojen muokkausoikeudet ovat j\u00e4senyyden yhteyshenkil\u00f6ll\u00e4. Yhteyshenkil\u00f6it\u00e4 hallinnoi Teknologiateollisuuden j\u00e4senhallinto (jasenasiat@teknologiateollisuus.fi). Yhteyshenkil\u00f6it\u00e4 voi olla useita.<\/p>\n\n\n\n<h2 class=\"wp-block-heading  mt-sm\" id=\"h-eroilmoitukset\" id=\"eroilmoitukset\">Eroilmoitukset<\/h2>\n\n\n\n<h4 class=\"wp-block-heading  mb-xs mt-xs\" id=\"h-teknologiateollisuus-ry\" id=\"teknologiateollisuus-ry\">Teknologiateollisuus ry<\/h4>\n\n\n\n<ul class=\"wp-block-list  mt-xs\">\n<li class=\" mt-xs\">Yhdistyksen s\u00e4\u00e4nt\u00f6jen mukaisesti (6 \u00a7) j\u00e4sen eroaa liitosta ilmoittamalla siit\u00e4 kirjallisesti hallitukselle tai ilmoittamalla eroamisesta liittokokouksen p\u00f6yt\u00e4kirjaan. Eroilmoituksen Teknologiateollisuus ry:n j\u00e4senyydest\u00e4 voi helpoiten hoitaa siten, ett\u00e4 yrityksen toimitusjohtaja l\u00e4hett\u00e4\u00e4 vapaamuotoisen ilmoituksen erosta s\u00e4hk\u00f6postitse j\u00e4senhallintoomme. Eroilmoituksen voi l\u00e4hett\u00e4\u00e4 my\u00f6s joku muu yrityksen henkil\u00f6, jolla on nimenkirjoitusoikeus.<\/li>\n\n\n\n<li>J\u00e4senyys p\u00e4\u00e4ttyy irtisanomisilmoitusta kuuden kuukauden kuluttua l\u00e4hinn\u00e4 seuraavan tammi- tai hein\u00e4kuun 1. p\u00e4iv\u00e4n\u00e4.<\/li>\n\n\n\n<li>J\u00e4senyys p\u00e4\u00e4ttyy my\u00f6s jos yritys luopuu j\u00e4senyyden perustana olevasta toiminnastaan (esim. liiketoimintakauppa tai yritysj\u00e4rjestely jossa y-tunnus vaihtuu)<\/li>\n\n\n\n<li>Konkurssiin joutuneiden yritysten j\u00e4senyys p\u00e4\u00e4ttyy konkurssip\u00e4iv\u00e4\u00e4n.<\/li>\n\n\n\n<li>Hallitus voi erottaa tai ev\u00e4t\u00e4 p\u00e4\u00e4syn ty\u00f6ryhmiin, valiokuntiin ja toimielimiin j\u00e4senelt\u00e4, joka laiminly\u00f6 maksunsa yhdistykselle tai joutuu Suomen, EU:n tai Yhdysvaltojen pakotelistalle.<\/li>\n<\/ul>\n\n\n\n<h4 class=\"wp-block-heading  mb-xs mt-sm\" id=\"h-teknologiateollisuuden-tyonantajat-ry\" id=\"teknologiateollisuuden-tyonantajat-ry\">Teknologiateollisuuden ty\u00f6nantajat ry<\/h4>\n\n\n\n<ul class=\"wp-block-list  mt-xs\">\n<li>Yhdistyksen s\u00e4\u00e4nt\u00f6jen mukaisesti j\u00e4senyys p\u00e4\u00e4ttyy yhden (1) kuukauden kuluttua ilmoitusp\u00e4iv\u00e4st\u00e4, ellei hallitus tapauskohtaisesti p\u00e4\u00e4t\u00e4 t\u00e4t\u00e4 lyhyemm\u00e4st\u00e4 p\u00e4\u00e4ttymisajasta.<\/li>\n\n\n\n<li>Teknologiateollisuuden ty\u00f6nantajat ry:n j\u00e4senyys p\u00e4\u00e4ttyy my\u00f6s silloin, kun yrityksen j\u00e4senyys Teknologiateollisuus ry:ss\u00e4 on p\u00e4\u00e4ttynyt.<\/li>\n\n\n\n<li>Yhdistyksen hallitus voi erottaa maksunsa laiminly\u00f6neen j\u00e4senen.<\/li>\n\n\n\n<li>Yhdistyksen hallitus voi erottaa j\u00e4senen, joka toiminnallaan vahingoittaa yhdistyksen etuja. J\u00e4senelle varataan tilaisuus tulla kuulluksi, ennen erottamista koskevan p\u00e4\u00e4t\u00f6ksen tekoa.<\/li>\n\n\n\n<li>Eroilmoituksen Teknologiateollisuuden ty\u00f6nantajat ry:n j\u00e4senyydest\u00e4 voi helpoiten hoitaa siten, ett\u00e4 yrityksen toimitusjohtaja l\u00e4hett\u00e4\u00e4 vapaamuotoisen ilmoituksen erosta s\u00e4hk\u00f6postitse j\u00e4senhallintoomme.  Eroilmoituksen voi l\u00e4hett\u00e4\u00e4 my\u00f6s joku muu yrityksen henkil\u00f6, jolla on nimenkirjoitusoikeus.<br><\/li>\n<\/ul>\n\n\n\n<p class=\" mt-xs mb-xs\">J\u00e4senhallinnon s\u00e4hk\u00f6postiosoite<strong>:<\/strong> <strong>jasenasiat@teknologiateollisuus.fi<\/strong><\/p>\n","protected":false},"excerpt":{"rendered":"<p>Ilmoita yritysj\u00e4rjestelyist\u00e4 Teknologiateollisuus ry:n s\u00e4\u00e4nt\u00f6jen mukaisesti (5 \u00a7) j\u00e4senen on ilmoitettava yhdistykselle yrityksens\u00e4, liiketoimintansa tai toimipaikkansa luovutuksesta, sulautumisesta tai jakamisesta yhti\u00f6muotoisiin yksik\u00f6ihin. Uuden j\u00e4senen j\u00e4senmaksua m\u00e4\u00e4r\u00e4tt\u00e4ess\u00e4 otetaan huomioon sulautuneelle tai jakautuneelle yritykselle samalle vuodelle aikaisemmin m\u00e4\u00e4r\u00e4tty j\u00e4senmaksu. Ilmoita yritysj\u00e4rjestelyist\u00e4 s\u00e4hk\u00f6postitse j\u00e4senhallinnolle tai j\u00e4senportaalimme kautta. J\u00e4senportaalissa yrityksen perustietojen muokkausoikeudet ovat j\u00e4senyyden yhteyshenkil\u00f6ll\u00e4. Yhteyshenkil\u00f6it\u00e4 hallinnoi Teknologiateollisuuden j\u00e4senhallinto [&hellip;]<\/p>\n","protected":false},"author":20,"featured_media":0,"parent":635,"menu_order":7,"comment_status":"closed","ping_status":"closed","template":"","meta":{"_acf_changed":false,"_relevanssi_hide_post":"","_relevanssi_hide_content":"","_relevanssi_pin_for_all":"","_relevanssi_pin_keywords":"","_relevanssi_unpin_keywords":"","_relevanssi_related_keywords":"","_relevanssi_related_include_ids":"","_relevanssi_related_exclude_ids":"","_relevanssi_related_no_append":"","_relevanssi_related_not_related":"","_relevanssi_related_posts":"1417,167,169,168,165,166","_relevanssi_noindex_reason":"","inline_featured_image":false,"growthstack-ab-test":[],"growthstack-ab-test-views":[],"footnotes":""},"class_list":["post-836","page","type-page","status-publish","hentry"],"acf":{"is_store_related":false,"locked":false},"yoast_head":"<!-- This site is optimized with the Yoast SEO Premium plugin v27.1 (Yoast SEO v27.4) - https:\/\/yoast.com\/product\/yoast-seo-premium-wordpress\/ -->\n<title>Yritysj\u00e4rjestelyt ja eroaminen - Teknologiateollisuus - J\u00e4senille<\/title>\n<meta name=\"description\" content=\"N\u00e4in ilmoitat yritysj\u00e4rjestelyist\u00e4 ja teet eroilmoituksen.\" \/>\n<meta name=\"robots\" content=\"index, follow, max-snippet:-1, max-image-preview:large, max-video-preview:-1\" \/>\n<link rel=\"canonical\" href=\"https:\/\/teknologiateollisuus.fi\/jasenille\/tietoa-toiminnasta\/jasenyys\/ilmoita-yritysjarjestelyista-ja-erosta\/\" \/>\n<meta property=\"og:locale\" content=\"fi_FI\" \/>\n<meta property=\"og:type\" content=\"article\" \/>\n<meta property=\"og:title\" content=\"Yritysj\u00e4rjestelyt ja eroaminen\" \/>\n<meta property=\"og:description\" content=\"N\u00e4in ilmoitat yritysj\u00e4rjestelyist\u00e4 ja teet eroilmoituksen.\" \/>\n<meta property=\"og:url\" content=\"https:\/\/teknologiateollisuus.fi\/jasenille\/tietoa-toiminnasta\/jasenyys\/ilmoita-yritysjarjestelyista-ja-erosta\/\" \/>\n<meta property=\"og:site_name\" content=\"Teknologiateollisuus - J\u00e4senille\" \/>\n<meta property=\"article:modified_time\" content=\"2025-11-14T10:36:46+00:00\" \/>\n<meta name=\"twitter:card\" content=\"summary_large_image\" \/>\n<meta name=\"twitter:label1\" content=\"Arvioitu lukuaika\" \/>\n\t<meta name=\"twitter:data1\" content=\"2 minuuttia\" \/>\n<script type=\"application\/ld+json\" class=\"yoast-schema-graph\">{\"@context\":\"https:\\\/\\\/schema.org\",\"@graph\":[{\"@type\":\"WebPage\",\"@id\":\"https:\\\/\\\/teknologiateollisuus.fi\\\/jasenille\\\/tietoa-toiminnasta\\\/jasenyys\\\/ilmoita-yritysjarjestelyista-ja-erosta\\\/\",\"url\":\"https:\\\/\\\/teknologiateollisuus.fi\\\/jasenille\\\/tietoa-toiminnasta\\\/jasenyys\\\/ilmoita-yritysjarjestelyista-ja-erosta\\\/\",\"name\":\"Yritysj\u00e4rjestelyt ja eroaminen - Teknologiateollisuus - J\u00e4senille\",\"isPartOf\":{\"@id\":\"https:\\\/\\\/teknologiateollisuus.fi\\\/jasenille\\\/#website\"},\"datePublished\":\"2023-11-28T10:05:58+00:00\",\"dateModified\":\"2025-11-14T10:36:46+00:00\",\"description\":\"N\u00e4in ilmoitat yritysj\u00e4rjestelyist\u00e4 ja teet eroilmoituksen.\",\"breadcrumb\":{\"@id\":\"https:\\\/\\\/teknologiateollisuus.fi\\\/jasenille\\\/tietoa-toiminnasta\\\/jasenyys\\\/ilmoita-yritysjarjestelyista-ja-erosta\\\/#breadcrumb\"},\"inLanguage\":\"fi\",\"potentialAction\":[{\"@type\":\"ReadAction\",\"target\":[\"https:\\\/\\\/teknologiateollisuus.fi\\\/jasenille\\\/tietoa-toiminnasta\\\/jasenyys\\\/ilmoita-yritysjarjestelyista-ja-erosta\\\/\"]}]},{\"@type\":\"BreadcrumbList\",\"@id\":\"https:\\\/\\\/teknologiateollisuus.fi\\\/jasenille\\\/tietoa-toiminnasta\\\/jasenyys\\\/ilmoita-yritysjarjestelyista-ja-erosta\\\/#breadcrumb\",\"itemListElement\":[{\"@type\":\"ListItem\",\"position\":1,\"name\":\"Home\",\"item\":\"https:\\\/\\\/teknologiateollisuus.fi\\\/jasenille\\\/\"},{\"@type\":\"ListItem\",\"position\":2,\"name\":\"Tietoa toiminnasta\",\"item\":\"https:\\\/\\\/teknologiateollisuus.fi\\\/jasenille\\\/tietoa-toiminnasta\\\/\"},{\"@type\":\"ListItem\",\"position\":3,\"name\":\"J\u00e4senyys\",\"item\":\"https:\\\/\\\/teknologiateollisuus.fi\\\/jasenille\\\/tietoa-toiminnasta\\\/jasenyys\\\/\"},{\"@type\":\"ListItem\",\"position\":4,\"name\":\"Yritysj\u00e4rjestelyt ja eroaminen\"}]},{\"@type\":\"WebSite\",\"@id\":\"https:\\\/\\\/teknologiateollisuus.fi\\\/jasenille\\\/#website\",\"url\":\"https:\\\/\\\/teknologiateollisuus.fi\\\/jasenille\\\/\",\"name\":\"Teknologiateollisuus - J\u00e4senille\",\"description\":\"\",\"publisher\":{\"@id\":\"https:\\\/\\\/teknologiateollisuus.fi\\\/jasenille\\\/#organization\"},\"potentialAction\":[{\"@type\":\"SearchAction\",\"target\":{\"@type\":\"EntryPoint\",\"urlTemplate\":\"https:\\\/\\\/teknologiateollisuus.fi\\\/jasenille\\\/?s={search_term_string}\"},\"query-input\":{\"@type\":\"PropertyValueSpecification\",\"valueRequired\":true,\"valueName\":\"search_term_string\"}}],\"inLanguage\":\"fi\"},{\"@type\":\"Organization\",\"@id\":\"https:\\\/\\\/teknologiateollisuus.fi\\\/jasenille\\\/#organization\",\"name\":\"Teknologiateollisuus - J\u00e4senille\",\"url\":\"https:\\\/\\\/teknologiateollisuus.fi\\\/jasenille\\\/\",\"logo\":{\"@type\":\"ImageObject\",\"inLanguage\":\"fi\",\"@id\":\"https:\\\/\\\/teknologiateollisuus.fi\\\/jasenille\\\/#\\\/schema\\\/logo\\\/image\\\/\",\"url\":\"https:\\\/\\\/teknologiateollisuus.fi\\\/jasenille\\\/wp-content\\\/uploads\\\/sites\\\/1\\\/2023\\\/10\\\/placeholder.png\",\"contentUrl\":\"https:\\\/\\\/teknologiateollisuus.fi\\\/jasenille\\\/wp-content\\\/uploads\\\/sites\\\/1\\\/2023\\\/10\\\/placeholder.png\",\"width\":2560,\"height\":1920,\"caption\":\"Teknologiateollisuus - J\u00e4senille\"},\"image\":{\"@id\":\"https:\\\/\\\/teknologiateollisuus.fi\\\/jasenille\\\/#\\\/schema\\\/logo\\\/image\\\/\"}}]}<\/script>\n<!-- \/ Yoast SEO Premium plugin. -->","yoast_head_json":{"title":"Yritysj\u00e4rjestelyt ja eroaminen - Teknologiateollisuus - J\u00e4senille","description":"N\u00e4in ilmoitat yritysj\u00e4rjestelyist\u00e4 ja teet eroilmoituksen.","robots":{"index":"index","follow":"follow","max-snippet":"max-snippet:-1","max-image-preview":"max-image-preview:large","max-video-preview":"max-video-preview:-1"},"canonical":"https:\/\/teknologiateollisuus.fi\/jasenille\/tietoa-toiminnasta\/jasenyys\/ilmoita-yritysjarjestelyista-ja-erosta\/","og_locale":"fi_FI","og_type":"article","og_title":"Yritysj\u00e4rjestelyt ja eroaminen","og_description":"N\u00e4in ilmoitat yritysj\u00e4rjestelyist\u00e4 ja teet eroilmoituksen.","og_url":"https:\/\/teknologiateollisuus.fi\/jasenille\/tietoa-toiminnasta\/jasenyys\/ilmoita-yritysjarjestelyista-ja-erosta\/","og_site_name":"Teknologiateollisuus - J\u00e4senille","article_modified_time":"2025-11-14T10:36:46+00:00","twitter_card":"summary_large_image","twitter_misc":{"Arvioitu lukuaika":"2 minuuttia"},"schema":{"@context":"https:\/\/schema.org","@graph":[{"@type":"WebPage","@id":"https:\/\/teknologiateollisuus.fi\/jasenille\/tietoa-toiminnasta\/jasenyys\/ilmoita-yritysjarjestelyista-ja-erosta\/","url":"https:\/\/teknologiateollisuus.fi\/jasenille\/tietoa-toiminnasta\/jasenyys\/ilmoita-yritysjarjestelyista-ja-erosta\/","name":"Yritysj\u00e4rjestelyt ja eroaminen - Teknologiateollisuus - J\u00e4senille","isPartOf":{"@id":"https:\/\/teknologiateollisuus.fi\/jasenille\/#website"},"datePublished":"2023-11-28T10:05:58+00:00","dateModified":"2025-11-14T10:36:46+00:00","description":"N\u00e4in ilmoitat yritysj\u00e4rjestelyist\u00e4 ja teet eroilmoituksen.","breadcrumb":{"@id":"https:\/\/teknologiateollisuus.fi\/jasenille\/tietoa-toiminnasta\/jasenyys\/ilmoita-yritysjarjestelyista-ja-erosta\/#breadcrumb"},"inLanguage":"fi","potentialAction":[{"@type":"ReadAction","target":["https:\/\/teknologiateollisuus.fi\/jasenille\/tietoa-toiminnasta\/jasenyys\/ilmoita-yritysjarjestelyista-ja-erosta\/"]}]},{"@type":"BreadcrumbList","@id":"https:\/\/teknologiateollisuus.fi\/jasenille\/tietoa-toiminnasta\/jasenyys\/ilmoita-yritysjarjestelyista-ja-erosta\/#breadcrumb","itemListElement":[{"@type":"ListItem","position":1,"name":"Home","item":"https:\/\/teknologiateollisuus.fi\/jasenille\/"},{"@type":"ListItem","position":2,"name":"Tietoa toiminnasta","item":"https:\/\/teknologiateollisuus.fi\/jasenille\/tietoa-toiminnasta\/"},{"@type":"ListItem","position":3,"name":"J\u00e4senyys","item":"https:\/\/teknologiateollisuus.fi\/jasenille\/tietoa-toiminnasta\/jasenyys\/"},{"@type":"ListItem","position":4,"name":"Yritysj\u00e4rjestelyt ja eroaminen"}]},{"@type":"WebSite","@id":"https:\/\/teknologiateollisuus.fi\/jasenille\/#website","url":"https:\/\/teknologiateollisuus.fi\/jasenille\/","name":"Teknologiateollisuus - J\u00e4senille","description":"","publisher":{"@id":"https:\/\/teknologiateollisuus.fi\/jasenille\/#organization"},"potentialAction":[{"@type":"SearchAction","target":{"@type":"EntryPoint","urlTemplate":"https:\/\/teknologiateollisuus.fi\/jasenille\/?s={search_term_string}"},"query-input":{"@type":"PropertyValueSpecification","valueRequired":true,"valueName":"search_term_string"}}],"inLanguage":"fi"},{"@type":"Organization","@id":"https:\/\/teknologiateollisuus.fi\/jasenille\/#organization","name":"Teknologiateollisuus - J\u00e4senille","url":"https:\/\/teknologiateollisuus.fi\/jasenille\/","logo":{"@type":"ImageObject","inLanguage":"fi","@id":"https:\/\/teknologiateollisuus.fi\/jasenille\/#\/schema\/logo\/image\/","url":"https:\/\/teknologiateollisuus.fi\/jasenille\/wp-content\/uploads\/sites\/1\/2023\/10\/placeholder.png","contentUrl":"https:\/\/teknologiateollisuus.fi\/jasenille\/wp-content\/uploads\/sites\/1\/2023\/10\/placeholder.png","width":2560,"height":1920,"caption":"Teknologiateollisuus - J\u00e4senille"},"image":{"@id":"https:\/\/teknologiateollisuus.fi\/jasenille\/#\/schema\/logo\/image\/"}}]}},"lang":"fi","translations":{"fi":836},"pll_sync_post":[],"_links":{"self":[{"href":"https:\/\/teknologiateollisuus.fi\/jasenille\/wp-json\/wp\/v2\/pages\/836","targetHints":{"allow":["GET"]}}],"collection":[{"href":"https:\/\/teknologiateollisuus.fi\/jasenille\/wp-json\/wp\/v2\/pages"}],"about":[{"href":"https:\/\/teknologiateollisuus.fi\/jasenille\/wp-json\/wp\/v2\/types\/page"}],"author":[{"embeddable":true,"href":"https:\/\/teknologiateollisuus.fi\/jasenille\/wp-json\/wp\/v2\/users\/20"}],"replies":[{"embeddable":true,"href":"https:\/\/teknologiateollisuus.fi\/jasenille\/wp-json\/wp\/v2\/comments?post=836"}],"version-history":[{"count":16,"href":"https:\/\/teknologiateollisuus.fi\/jasenille\/wp-json\/wp\/v2\/pages\/836\/revisions"}],"predecessor-version":[{"id":28401,"href":"https:\/\/teknologiateollisuus.fi\/jasenille\/wp-json\/wp\/v2\/pages\/836\/revisions\/28401"}],"up":[{"embeddable":true,"href":"https:\/\/teknologiateollisuus.fi\/jasenille\/wp-json\/wp\/v2\/pages\/635"}],"wp:attachment":[{"href":"https:\/\/teknologiateollisuus.fi\/jasenille\/wp-json\/wp\/v2\/media?parent=836"}],"curies":[{"name":"wp","href":"https:\/\/api.w.org\/{rel}","templated":true}]}}