{"id":851,"date":"2023-11-28T13:52:15","date_gmt":"2023-11-28T11:52:15","guid":{"rendered":"https:\/\/teknologiateollisuus.fi\/jasenille\/?page_id=851"},"modified":"2026-02-27T10:44:00","modified_gmt":"2026-02-27T08:44:00","slug":"jasenmaksuun-vaikuttava-vuosi-ilmoitus","status":"publish","type":"page","link":"https:\/\/teknologiateollisuus.fi\/jasenille\/tietoa-toiminnasta\/jasenyys\/jasenmaksuun-vaikuttava-vuosi-ilmoitus\/","title":{"rendered":"J\u00e4senmaksuun vaikuttava vuositietoilmoitus"},"content":{"rendered":"\n<div class=\"em-block-hero hero-has-background-color has-background has-black-background-color collapse  \">\n\t<div class=\"em-block-hero__container\">\n\t\t<div class=\"em-block-hero__content\">\n\t\t\t<div class=\"yoast-breadcrumbs\"><span><span><a href=\"https:\/\/teknologiateollisuus.fi\/jasenille\/\">Home<\/a><\/span> <span class=\"separator\"><\/span> <span><a href=\"https:\/\/teknologiateollisuus.fi\/jasenille\/tietoa-toiminnasta\/\">Tietoa toiminnasta<\/a><\/span> <span class=\"separator\"><\/span> <span><a href=\"https:\/\/teknologiateollisuus.fi\/jasenille\/tietoa-toiminnasta\/jasenyys\/\">J\u00e4senyys<\/a><\/span> <span class=\"separator\"><\/span> <span class=\"breadcrumb_last\" aria-current=\"page\">J\u00e4senmaksuun vaikuttava vuositietoilmoitus<\/span><\/span><\/div>\t\t\t\n<h1 class=\"wp-block-heading\" id=\"h-jasenmaksuun-vaikuttava-vuositietoilmoitus\">J\u00e4senmaksuun vaikuttava vuositietoilmoitus<\/h1>\n\t\t\t<div class=\"em-block-hero__modified-date\"> P\u00e4ivitetty 27.02.2026 klo 10:44<\/div>\t\t<\/div>\n\t\t\t\t\t<figure class=\"em-block-hero__image\">\n\t\t\t\t\t\t\t<\/figure>\n\t\t\t<\/div>\n<\/div>\n\n\n\n<p>Teknologiateollisuus ry:n j\u00e4senmaksuun vaikuttava vuositietoilmoituspyynt\u00f6 l\u00e4hetet\u00e4\u00e4n j\u00e4senyritystemme j\u00e4senyyden yhteyshenkil\u00f6ille vuosittain helmikuun alussa. Vuositietokysely p\u00e4\u00e4ttyy vuosittain huhtikuun lopussa. Ensimm\u00e4isen vastauspyynn\u00f6n j\u00e4lkeen l\u00e4het\u00e4mme kaksi muistutusviesti\u00e4 niihin yrityksiin, joilta emme ole saaneet vastauksia.<\/p>\n\n\n\n<p>Syksyll\u00e4 liittyneille j\u00e4senille vuositietoilmoituspyynt\u00f6 l\u00e4hetet\u00e4\u00e4n liittymisen j\u00e4lkeen.<\/p>\n\n\n\n<div class=\"wp-block-evermade-links em-block-links has-columns-1\">\n<a\n\tclass=\"wp-block-evermade-internal-link em-block-link is-internal   \"\n\thref=\"https:\/\/teknologiateollisuus.fi\/jasenille\/wp-content\/uploads\/sites\/1\/2024\/05\/Portaalissa-taytettavat-jasentietokyselyn-lomakkeet-2024.pdf\"\n\taria-label=\"Avaa samassa v\u00e4lilehdess\u00e4\"\n\ttarget=\"_self\"\n\trel=\"noopener\"\n>\n\t<div class=\"em-block-link__content\">\n\t\t<span class=\"em-block-link__title\">\n\t\t\tJ\u00e4senportaalissa t\u00e4ytett\u00e4v\u00e4t j\u00e4sentietokyselyn lomakkeet\t\t<\/span>\n\t\t\t<\/div>\n\t\t\t<div class=\"em-block-link__arrow\"><\/div>\n\t\t<div class=\"em-block-link__pressable\"><\/div>\n\t<\/a>\n\n\n\n<a\n\tclass=\"wp-block-evermade-internal-link em-block-link is-internal   \"\n\thref=\"https:\/\/teknologiateollisuus.fi\/jasenille\/wp-content\/uploads\/sites\/1\/2026\/02\/Jasentietokyselyn-useimmin-kysytyt-kysymykset-2026.pdf\"\n\taria-label=\"Avaa samassa v\u00e4lilehdess\u00e4\"\n\ttarget=\"_self\"\n\trel=\"noopener\"\n>\n\t<div class=\"em-block-link__content\">\n\t\t<span class=\"em-block-link__title\">\n\t\t\tVuositietokyselyn useimmin kysytyt kysymykset\t\t<\/span>\n\t\t\t<\/div>\n\t\t\t<div class=\"em-block-link__arrow\"><\/div>\n\t\t<div class=\"em-block-link__pressable\"><\/div>\n\t<\/a>\n<\/div>\n\n\n\n<p class=\" mt-sm\">Teknologiateollisuus ry:n j\u00e4senmaksu p\u00e4\u00e4tet\u00e4\u00e4n vuosittain yhdistyksen syyskokouksessa. Vuonna 2026 j\u00e4senmaksu on 0,07 % edellisen kalenterivuoden palkkasummasta luontoisetuineen.<\/p>\n\n\n\n<h2 class=\"wp-block-heading  pt-none mb-none mt-sm\" id=\"h-yrityksen-tietojen-paivitys-ennen-tiedustelua-tai-sen-aikana\" id=\"yrityksen-tietojen-paivitys-ennen-tiedustelua-tai-sen-aikana\">Yrityksen tietojen p\u00e4ivitys ennen tiedustelua tai sen aikana<\/h2>\n\n\n\n<p class=\" mt-xs\">Yrityksen perustiedot ja toimipaikkatiedot on hyv\u00e4 p\u00e4ivitt\u00e4\u00e4 kuntoon ennen vuositietoilmoitusta. P\u00e4ivitys tulee tehd\u00e4 Teknologiateollisuus ry:n <a href=\"https:\/\/jasenportaali.teknologiateollisuus.fi\/\">j\u00e4senportaalissa<\/a>. J\u00e4senportaalistamme tiedot p\u00e4ivittyv\u00e4t j\u00e4senrekisteriimme ja my\u00f6s EK:n liittoyhteis\u00f6n rekisteriin.<\/p>\n\n\n\n<h2 class=\"wp-block-heading  mt-none mb-none\" id=\"h-tiedusteluun-vastaaminen\" id=\"tiedusteluun-vastaaminen\">Tiedusteluun vastaaminen<\/h2>\n\n\n\n<p class=\" mt-xs\">Vuositietoilmoitus annetaan <a href=\"https:\/\/jasenportaali.teknologiateollisuus.fi\">j\u00e4senportaalissa<\/a>. Mik\u00e4li kohtaat ongelmia, ota yhteytt\u00e4 j\u00e4senhallintoomme s\u00e4hk\u00f6postitse: <strong>jasenasiat@teknologiateollisuus.fi<\/strong><\/p>\n\n\n\n<h2 class=\"wp-block-heading  mt-xs mb-xs\" id=\"h-ek-n-jasenmaksu-suurille-yrityksille\" id=\"ekn-jasenmaksu-suurille-yrityksille\">EK:n j\u00e4senmaksu suurille yrityksille <\/h2>\n\n\n\n<p class=\" mt-none\">Mik\u00e4li yritys, jonka vuositietoilmoitukseen vastaat,&nbsp;ty\u00f6llist\u00e4\u00e4 v\u00e4hint\u00e4\u00e4n 150 henkil\u00f6\u00e4 teknologiateollisuuden alalla Suomessa, yrityksen tulee ilmoittaa EK:n j\u00e4senmaksun laskentaa varten yrityksen viimeist\u00e4 edelt\u00e4v\u00e4n tilikauden jalostusarvotiedot.<\/p>\n\n\n\n<p class=\" mt-none\">Jalostusarvo koostuu yrityksen tuloslaskelman mukaisista palkoista, henkil\u00f6sivukuluista, vuokrakuluista, poistoista ja liikevoitosta tai -tappiosta. J\u00e4senportaalissa voit ilmoittaa tilinp\u00e4\u00e4t\u00f6stietoja joustavasti l\u00e4pi vuoden, sitten kun yrityksesi tilinp\u00e4\u00e4t\u00f6s on valmistunut.<\/p>\n\n\n\n<p class=\" mt-none\">Teknologiateollisuus ry maksaa EK:n j\u00e4senmaksun j\u00e4senyritystens\u00e4 puolesta. EK:n j\u00e4senmaksuosuudesta ei tule yritykselle laskua.<\/p>\n","protected":false},"excerpt":{"rendered":"<p>Teknologiateollisuus ry:n j\u00e4senmaksuun vaikuttava vuositietoilmoituspyynt\u00f6 l\u00e4hetet\u00e4\u00e4n j\u00e4senyritystemme j\u00e4senyyden yhteyshenkil\u00f6ille vuosittain helmikuun alussa. Vuositietokysely p\u00e4\u00e4ttyy vuosittain huhtikuun lopussa. Ensimm\u00e4isen vastauspyynn\u00f6n j\u00e4lkeen l\u00e4het\u00e4mme kaksi muistutusviesti\u00e4 niihin yrityksiin, joilta emme ole saaneet vastauksia. Syksyll\u00e4 liittyneille j\u00e4senille vuositietoilmoituspyynt\u00f6 l\u00e4hetet\u00e4\u00e4n liittymisen j\u00e4lkeen. Teknologiateollisuus ry:n j\u00e4senmaksu p\u00e4\u00e4tet\u00e4\u00e4n vuosittain yhdistyksen syyskokouksessa. Vuonna 2026 j\u00e4senmaksu on 0,07 % edellisen kalenterivuoden palkkasummasta luontoisetuineen. Yrityksen [&hellip;]<\/p>\n","protected":false},"author":20,"featured_media":0,"parent":635,"menu_order":6,"comment_status":"closed","ping_status":"closed","template":"","meta":{"_acf_changed":false,"_relevanssi_hide_post":"","_relevanssi_hide_content":"","_relevanssi_pin_for_all":"","_relevanssi_pin_keywords":"","_relevanssi_unpin_keywords":"","_relevanssi_related_keywords":"","_relevanssi_related_include_ids":"","_relevanssi_related_exclude_ids":"","_relevanssi_related_no_append":"","_relevanssi_related_not_related":"","_relevanssi_related_posts":"169,1417,166,168,165,167","_relevanssi_noindex_reason":"","inline_featured_image":false,"growthstack-ab-test":[],"growthstack-ab-test-views":[],"footnotes":""},"class_list":["post-851","page","type-page","status-publish","hentry"],"acf":{"is_store_related":false,"locked":false},"yoast_head":"<!-- This site is optimized with the Yoast SEO Premium plugin v27.1 (Yoast SEO v27.4) - https:\/\/yoast.com\/product\/yoast-seo-premium-wordpress\/ -->\n<title>J\u00e4senmaksuun vaikuttava vuositietoilmoitus - Teknologiateollisuus - J\u00e4senille<\/title>\n<meta name=\"description\" content=\"Teknologiateollisuus ry:n j\u00e4senmaksuun vaikuttava vuositietoilmoituspyynt\u00f6 l\u00e4hetet\u00e4\u00e4n j\u00e4senyritystemme j\u00e4senyyden yhteyshenkil\u00f6ille vuosittain helmikuun alussa.\" \/>\n<meta name=\"robots\" content=\"index, follow, max-snippet:-1, max-image-preview:large, max-video-preview:-1\" \/>\n<link rel=\"canonical\" href=\"https:\/\/teknologiateollisuus.fi\/jasenille\/tietoa-toiminnasta\/jasenyys\/jasenmaksuun-vaikuttava-vuosi-ilmoitus\/\" \/>\n<meta property=\"og:locale\" content=\"fi_FI\" \/>\n<meta property=\"og:type\" content=\"article\" \/>\n<meta property=\"og:title\" content=\"J\u00e4senmaksuun vaikuttava vuositietoilmoitus\" \/>\n<meta property=\"og:description\" content=\"Teknologiateollisuus ry:n j\u00e4senmaksuun vaikuttava vuositietoilmoituspyynt\u00f6 l\u00e4hetet\u00e4\u00e4n j\u00e4senyritystemme j\u00e4senyyden yhteyshenkil\u00f6ille vuosittain helmikuun alussa.\" \/>\n<meta property=\"og:url\" content=\"https:\/\/teknologiateollisuus.fi\/jasenille\/tietoa-toiminnasta\/jasenyys\/jasenmaksuun-vaikuttava-vuosi-ilmoitus\/\" \/>\n<meta property=\"og:site_name\" content=\"Teknologiateollisuus - J\u00e4senille\" \/>\n<meta property=\"article:modified_time\" content=\"2026-02-27T08:44:00+00:00\" \/>\n<meta name=\"twitter:card\" content=\"summary_large_image\" \/>\n<meta name=\"twitter:label1\" content=\"Arvioitu lukuaika\" \/>\n\t<meta name=\"twitter:data1\" content=\"2 minuuttia\" \/>\n<script type=\"application\/ld+json\" class=\"yoast-schema-graph\">{\"@context\":\"https:\\\/\\\/schema.org\",\"@graph\":[{\"@type\":\"WebPage\",\"@id\":\"https:\\\/\\\/teknologiateollisuus.fi\\\/jasenille\\\/tietoa-toiminnasta\\\/jasenyys\\\/jasenmaksuun-vaikuttava-vuosi-ilmoitus\\\/\",\"url\":\"https:\\\/\\\/teknologiateollisuus.fi\\\/jasenille\\\/tietoa-toiminnasta\\\/jasenyys\\\/jasenmaksuun-vaikuttava-vuosi-ilmoitus\\\/\",\"name\":\"J\u00e4senmaksuun vaikuttava vuositietoilmoitus - Teknologiateollisuus - J\u00e4senille\",\"isPartOf\":{\"@id\":\"https:\\\/\\\/teknologiateollisuus.fi\\\/jasenille\\\/#website\"},\"datePublished\":\"2023-11-28T11:52:15+00:00\",\"dateModified\":\"2026-02-27T08:44:00+00:00\",\"description\":\"Teknologiateollisuus ry:n j\u00e4senmaksuun vaikuttava vuositietoilmoituspyynt\u00f6 l\u00e4hetet\u00e4\u00e4n j\u00e4senyritystemme j\u00e4senyyden yhteyshenkil\u00f6ille vuosittain helmikuun alussa.\",\"breadcrumb\":{\"@id\":\"https:\\\/\\\/teknologiateollisuus.fi\\\/jasenille\\\/tietoa-toiminnasta\\\/jasenyys\\\/jasenmaksuun-vaikuttava-vuosi-ilmoitus\\\/#breadcrumb\"},\"inLanguage\":\"fi\",\"potentialAction\":[{\"@type\":\"ReadAction\",\"target\":[\"https:\\\/\\\/teknologiateollisuus.fi\\\/jasenille\\\/tietoa-toiminnasta\\\/jasenyys\\\/jasenmaksuun-vaikuttava-vuosi-ilmoitus\\\/\"]}]},{\"@type\":\"BreadcrumbList\",\"@id\":\"https:\\\/\\\/teknologiateollisuus.fi\\\/jasenille\\\/tietoa-toiminnasta\\\/jasenyys\\\/jasenmaksuun-vaikuttava-vuosi-ilmoitus\\\/#breadcrumb\",\"itemListElement\":[{\"@type\":\"ListItem\",\"position\":1,\"name\":\"Home\",\"item\":\"https:\\\/\\\/teknologiateollisuus.fi\\\/jasenille\\\/\"},{\"@type\":\"ListItem\",\"position\":2,\"name\":\"Tietoa toiminnasta\",\"item\":\"https:\\\/\\\/teknologiateollisuus.fi\\\/jasenille\\\/tietoa-toiminnasta\\\/\"},{\"@type\":\"ListItem\",\"position\":3,\"name\":\"J\u00e4senyys\",\"item\":\"https:\\\/\\\/teknologiateollisuus.fi\\\/jasenille\\\/tietoa-toiminnasta\\\/jasenyys\\\/\"},{\"@type\":\"ListItem\",\"position\":4,\"name\":\"J\u00e4senmaksuun vaikuttava vuositietoilmoitus\"}]},{\"@type\":\"WebSite\",\"@id\":\"https:\\\/\\\/teknologiateollisuus.fi\\\/jasenille\\\/#website\",\"url\":\"https:\\\/\\\/teknologiateollisuus.fi\\\/jasenille\\\/\",\"name\":\"Teknologiateollisuus - J\u00e4senille\",\"description\":\"\",\"publisher\":{\"@id\":\"https:\\\/\\\/teknologiateollisuus.fi\\\/jasenille\\\/#organization\"},\"potentialAction\":[{\"@type\":\"SearchAction\",\"target\":{\"@type\":\"EntryPoint\",\"urlTemplate\":\"https:\\\/\\\/teknologiateollisuus.fi\\\/jasenille\\\/?s={search_term_string}\"},\"query-input\":{\"@type\":\"PropertyValueSpecification\",\"valueRequired\":true,\"valueName\":\"search_term_string\"}}],\"inLanguage\":\"fi\"},{\"@type\":\"Organization\",\"@id\":\"https:\\\/\\\/teknologiateollisuus.fi\\\/jasenille\\\/#organization\",\"name\":\"Teknologiateollisuus - J\u00e4senille\",\"url\":\"https:\\\/\\\/teknologiateollisuus.fi\\\/jasenille\\\/\",\"logo\":{\"@type\":\"ImageObject\",\"inLanguage\":\"fi\",\"@id\":\"https:\\\/\\\/teknologiateollisuus.fi\\\/jasenille\\\/#\\\/schema\\\/logo\\\/image\\\/\",\"url\":\"https:\\\/\\\/teknologiateollisuus.fi\\\/jasenille\\\/wp-content\\\/uploads\\\/sites\\\/1\\\/2023\\\/10\\\/placeholder.png\",\"contentUrl\":\"https:\\\/\\\/teknologiateollisuus.fi\\\/jasenille\\\/wp-content\\\/uploads\\\/sites\\\/1\\\/2023\\\/10\\\/placeholder.png\",\"width\":2560,\"height\":1920,\"caption\":\"Teknologiateollisuus - J\u00e4senille\"},\"image\":{\"@id\":\"https:\\\/\\\/teknologiateollisuus.fi\\\/jasenille\\\/#\\\/schema\\\/logo\\\/image\\\/\"}}]}<\/script>\n<!-- \/ Yoast SEO Premium plugin. -->","yoast_head_json":{"title":"J\u00e4senmaksuun vaikuttava vuositietoilmoitus - Teknologiateollisuus - J\u00e4senille","description":"Teknologiateollisuus ry:n j\u00e4senmaksuun vaikuttava vuositietoilmoituspyynt\u00f6 l\u00e4hetet\u00e4\u00e4n j\u00e4senyritystemme j\u00e4senyyden yhteyshenkil\u00f6ille vuosittain helmikuun alussa.","robots":{"index":"index","follow":"follow","max-snippet":"max-snippet:-1","max-image-preview":"max-image-preview:large","max-video-preview":"max-video-preview:-1"},"canonical":"https:\/\/teknologiateollisuus.fi\/jasenille\/tietoa-toiminnasta\/jasenyys\/jasenmaksuun-vaikuttava-vuosi-ilmoitus\/","og_locale":"fi_FI","og_type":"article","og_title":"J\u00e4senmaksuun vaikuttava vuositietoilmoitus","og_description":"Teknologiateollisuus ry:n j\u00e4senmaksuun vaikuttava vuositietoilmoituspyynt\u00f6 l\u00e4hetet\u00e4\u00e4n j\u00e4senyritystemme j\u00e4senyyden yhteyshenkil\u00f6ille vuosittain helmikuun alussa.","og_url":"https:\/\/teknologiateollisuus.fi\/jasenille\/tietoa-toiminnasta\/jasenyys\/jasenmaksuun-vaikuttava-vuosi-ilmoitus\/","og_site_name":"Teknologiateollisuus - J\u00e4senille","article_modified_time":"2026-02-27T08:44:00+00:00","twitter_card":"summary_large_image","twitter_misc":{"Arvioitu lukuaika":"2 minuuttia"},"schema":{"@context":"https:\/\/schema.org","@graph":[{"@type":"WebPage","@id":"https:\/\/teknologiateollisuus.fi\/jasenille\/tietoa-toiminnasta\/jasenyys\/jasenmaksuun-vaikuttava-vuosi-ilmoitus\/","url":"https:\/\/teknologiateollisuus.fi\/jasenille\/tietoa-toiminnasta\/jasenyys\/jasenmaksuun-vaikuttava-vuosi-ilmoitus\/","name":"J\u00e4senmaksuun vaikuttava vuositietoilmoitus - Teknologiateollisuus - J\u00e4senille","isPartOf":{"@id":"https:\/\/teknologiateollisuus.fi\/jasenille\/#website"},"datePublished":"2023-11-28T11:52:15+00:00","dateModified":"2026-02-27T08:44:00+00:00","description":"Teknologiateollisuus ry:n j\u00e4senmaksuun vaikuttava vuositietoilmoituspyynt\u00f6 l\u00e4hetet\u00e4\u00e4n j\u00e4senyritystemme j\u00e4senyyden yhteyshenkil\u00f6ille vuosittain helmikuun alussa.","breadcrumb":{"@id":"https:\/\/teknologiateollisuus.fi\/jasenille\/tietoa-toiminnasta\/jasenyys\/jasenmaksuun-vaikuttava-vuosi-ilmoitus\/#breadcrumb"},"inLanguage":"fi","potentialAction":[{"@type":"ReadAction","target":["https:\/\/teknologiateollisuus.fi\/jasenille\/tietoa-toiminnasta\/jasenyys\/jasenmaksuun-vaikuttava-vuosi-ilmoitus\/"]}]},{"@type":"BreadcrumbList","@id":"https:\/\/teknologiateollisuus.fi\/jasenille\/tietoa-toiminnasta\/jasenyys\/jasenmaksuun-vaikuttava-vuosi-ilmoitus\/#breadcrumb","itemListElement":[{"@type":"ListItem","position":1,"name":"Home","item":"https:\/\/teknologiateollisuus.fi\/jasenille\/"},{"@type":"ListItem","position":2,"name":"Tietoa toiminnasta","item":"https:\/\/teknologiateollisuus.fi\/jasenille\/tietoa-toiminnasta\/"},{"@type":"ListItem","position":3,"name":"J\u00e4senyys","item":"https:\/\/teknologiateollisuus.fi\/jasenille\/tietoa-toiminnasta\/jasenyys\/"},{"@type":"ListItem","position":4,"name":"J\u00e4senmaksuun vaikuttava vuositietoilmoitus"}]},{"@type":"WebSite","@id":"https:\/\/teknologiateollisuus.fi\/jasenille\/#website","url":"https:\/\/teknologiateollisuus.fi\/jasenille\/","name":"Teknologiateollisuus - J\u00e4senille","description":"","publisher":{"@id":"https:\/\/teknologiateollisuus.fi\/jasenille\/#organization"},"potentialAction":[{"@type":"SearchAction","target":{"@type":"EntryPoint","urlTemplate":"https:\/\/teknologiateollisuus.fi\/jasenille\/?s={search_term_string}"},"query-input":{"@type":"PropertyValueSpecification","valueRequired":true,"valueName":"search_term_string"}}],"inLanguage":"fi"},{"@type":"Organization","@id":"https:\/\/teknologiateollisuus.fi\/jasenille\/#organization","name":"Teknologiateollisuus - J\u00e4senille","url":"https:\/\/teknologiateollisuus.fi\/jasenille\/","logo":{"@type":"ImageObject","inLanguage":"fi","@id":"https:\/\/teknologiateollisuus.fi\/jasenille\/#\/schema\/logo\/image\/","url":"https:\/\/teknologiateollisuus.fi\/jasenille\/wp-content\/uploads\/sites\/1\/2023\/10\/placeholder.png","contentUrl":"https:\/\/teknologiateollisuus.fi\/jasenille\/wp-content\/uploads\/sites\/1\/2023\/10\/placeholder.png","width":2560,"height":1920,"caption":"Teknologiateollisuus - J\u00e4senille"},"image":{"@id":"https:\/\/teknologiateollisuus.fi\/jasenille\/#\/schema\/logo\/image\/"}}]}},"lang":"fi","translations":{"fi":851},"pll_sync_post":[],"_links":{"self":[{"href":"https:\/\/teknologiateollisuus.fi\/jasenille\/wp-json\/wp\/v2\/pages\/851","targetHints":{"allow":["GET"]}}],"collection":[{"href":"https:\/\/teknologiateollisuus.fi\/jasenille\/wp-json\/wp\/v2\/pages"}],"about":[{"href":"https:\/\/teknologiateollisuus.fi\/jasenille\/wp-json\/wp\/v2\/types\/page"}],"author":[{"embeddable":true,"href":"https:\/\/teknologiateollisuus.fi\/jasenille\/wp-json\/wp\/v2\/users\/20"}],"replies":[{"embeddable":true,"href":"https:\/\/teknologiateollisuus.fi\/jasenille\/wp-json\/wp\/v2\/comments?post=851"}],"version-history":[{"count":29,"href":"https:\/\/teknologiateollisuus.fi\/jasenille\/wp-json\/wp\/v2\/pages\/851\/revisions"}],"predecessor-version":[{"id":29281,"href":"https:\/\/teknologiateollisuus.fi\/jasenille\/wp-json\/wp\/v2\/pages\/851\/revisions\/29281"}],"up":[{"embeddable":true,"href":"https:\/\/teknologiateollisuus.fi\/jasenille\/wp-json\/wp\/v2\/pages\/635"}],"wp:attachment":[{"href":"https:\/\/teknologiateollisuus.fi\/jasenille\/wp-json\/wp\/v2\/media?parent=851"}],"curies":[{"name":"wp","href":"https:\/\/api.w.org\/{rel}","templated":true}]}}