{"id":945,"date":"2023-12-04T10:11:14","date_gmt":"2023-12-04T08:11:14","guid":{"rendered":"https:\/\/teknologiateollisuus.fi\/jasenille\/?page_id=945"},"modified":"2025-07-15T10:11:03","modified_gmt":"2025-07-15T07:11:03","slug":"jasenyyteni-hoito","status":"publish","type":"page","link":"https:\/\/teknologiateollisuus.fi\/jasenille\/tietoa-toiminnasta\/jasenyys\/jasenyyteni-hoito\/","title":{"rendered":"J\u00e4senyyden yll\u00e4pito"},"content":{"rendered":"\n<div class=\"em-block-hero hero-has-background-color has-background has-black-background-color collapse  \">\n\t<div class=\"em-block-hero__container\">\n\t\t<div class=\"em-block-hero__content\">\n\t\t\t<div class=\"yoast-breadcrumbs\"><span><span><a href=\"https:\/\/teknologiateollisuus.fi\/jasenille\/\">Home<\/a><\/span> <span class=\"separator\"><\/span> <span><a href=\"https:\/\/teknologiateollisuus.fi\/jasenille\/tietoa-toiminnasta\/\">Tietoa toiminnasta<\/a><\/span> <span class=\"separator\"><\/span> <span><a href=\"https:\/\/teknologiateollisuus.fi\/jasenille\/tietoa-toiminnasta\/jasenyys\/\">J\u00e4senyys<\/a><\/span> <span class=\"separator\"><\/span> <span class=\"breadcrumb_last\" aria-current=\"page\">J\u00e4senyyden yll\u00e4pito<\/span><\/span><\/div>\t\t\t\n<h1 class=\"wp-block-heading\" id=\"h-jasenyyden-yllapito\">J\u00e4senyyden yll\u00e4pito<\/h1>\n\t\t\t<div class=\"em-block-hero__modified-date\"> P\u00e4ivitetty 15.07.2025 klo 10:11<\/div>\t\t<\/div>\n\t\t\t\t\t<figure class=\"em-block-hero__image\">\n\t\t\t\t\t\t\t<\/figure>\n\t\t\t<\/div>\n<\/div>\n\n\n\n<h2 class=\"wp-block-heading  mt-sm mb-xs\" id=\"h-jasenhallinto\" id=\"jasenhallinto\">J\u00e4senhallinto<\/h2>\n\n\n\n<p>Teknologiateollisuuden j\u00e4senhallinto  auttaa Teknologiateollisuus ry:n ja Teknologiateollisuuden ty\u00f6nantajat ry:n j\u00e4seni\u00e4 hallinnollisissa asioissa j\u00e4senyyden eri vaiheissa. Voit pyyt\u00e4\u00e4 muun muassa j\u00e4senyystodistukset j\u00e4senhallinnosta, <strong>jasenasiat@teknologiateollisuus.fi<\/strong><\/p>\n\n\n\n<p>J\u00e4senhallinto auttaa my\u00f6s Teknologiateollisuus ry:n j\u00e4senportaaliin liittyviss\u00e4 kysymyksiss\u00e4. J\u00e4senportaalissa j\u00e4senyritykset voivat tarkastella ja p\u00e4ivitt\u00e4\u00e4 yrityksens\u00e4 perustietoja, osoitetietoja, toimipaikkatietoja ja henkil\u00f6st\u00f6n tietoja. Portaalissa ilmoitetaan my\u00f6s j\u00e4senmaksuihin vaikuttavat vuositiedot ja tilinp\u00e4\u00e4t\u00f6stiedot.<\/p>\n\n\n\n<div class=\"wp-block-buttons is-layout-flex wp-block-buttons-is-layout-flex\">\n<div class=\"wp-block-button  icon-right\"><a class=\"wp-block-button__link wp-element-button\" href=\"https:\/\/jasenportaali.teknologiateollisuus.fi\/\">Kirjaudu j\u00e4senportaaliin<\/a><\/div>\n<\/div>\n\n\n\n<h2 class=\"wp-block-heading  mb-xs mt-sm\" id=\"h-kysymykset-teknologiateollisuus-ry-n-jasenmaksulaskusta\" id=\"kysymykset-teknologiateollisuus-ryn-jasenmaksulaskusta\">Kysymykset Teknologiateollisuus ry:n j\u00e4senmaksulaskusta<\/h2>\n\n\n\n<p>Teknologiateollisuuden j\u00e4senmaksusumma perustuu j\u00e4senyrityksen ilmoittamiin tietoihin. Tiedot ker\u00e4t\u00e4\u00e4n vuosittain ennen laskutusta j\u00e4senyrityksen yhteyshenkil\u00f6lt\u00e4. Laskutuksen perusteisiin liittyviin kysymyksiin vastaa j\u00e4senhallinto.<\/p>\n\n\n\n<p>J\u00e4senmaksulaskuja sek\u00e4 maksumuistutuksia hallinnoi ulkoistettu taloushallintomme. Niihin liittyv\u00e4t kysymykset voitte l\u00e4hett\u00e4\u00e4 s\u00e4hk\u00f6postitse osoitteeseen <strong>teknologiateollisuus@talenom.fi<\/strong><\/p>\n\n\n\n<h2 class=\"wp-block-heading  mb-xs mt-sm\" id=\"h-aluetoiminta\" id=\"aluetoiminta\">Aluetoiminta<\/h2>\n\n\n\n<p>Teknologiateollisuus ry:n aluetoiminta palvelee j\u00e4senyrityksi\u00e4 ymp\u00e4ri Suomen ja toimii v\u00e4yl\u00e4n\u00e4 kaikkiin j\u00e4senpalveluihimme. Aluetoiminnan asiantuntijat tapaavat j\u00e4senyritysten edustajia ja auttavat j\u00e4senyyden muutostilanteissa.<\/p>\n\n\n\n<div class=\"wp-block-buttons  mt-none is-layout-flex wp-block-buttons-is-layout-flex\">\n<div class=\"wp-block-button icon-right is-style-fill\"><a class=\"wp-block-button__link wp-element-button\" href=\"https:\/\/teknologiateollisuus.fi\/jasenille\/aluetoiminta\/\">Aluetoimistojen yhteystiedot<\/a><\/div>\n<\/div>\n\n\n\n<h2 class=\"wp-block-heading  mt-xs mb-xs\" id=\"h-toimialayhdistykset-ja-toimialaryhmat\" id=\"toimialayhdistykset-ja-toimialaryhmat\"><br>Toimialayhdistykset ja toimialaryhm\u00e4t<\/h2>\n\n\n\n<p class=\" mb-xs\">Toimialayhdistykset ja -ryhm\u00e4t toimivat toimintasuunnitelmiensa mukaisesti itsen\u00e4isesti, tiiviiss\u00e4 yhteisty\u00f6ss\u00e4 Teknologiateollisuuden kanssa. <\/p>\n\n\n\n<div class=\"wp-block-buttons  mt-none is-layout-flex wp-block-buttons-is-layout-flex\">\n<div class=\"wp-block-button icon-right is-style-fill\"><a class=\"wp-block-button__link wp-element-button\" href=\"https:\/\/teknologiateollisuus.fi\/jasenille\/toimialat\/\">Lue lis\u00e4\u00e4 toimialoista<\/a><\/div>\n<\/div>\n","protected":false},"excerpt":{"rendered":"<p>J\u00e4senhallinto Teknologiateollisuuden j\u00e4senhallinto auttaa Teknologiateollisuus ry:n ja Teknologiateollisuuden ty\u00f6nantajat ry:n j\u00e4seni\u00e4 hallinnollisissa asioissa j\u00e4senyyden eri vaiheissa. Voit pyyt\u00e4\u00e4 muun muassa j\u00e4senyystodistukset j\u00e4senhallinnosta, jasenasiat@teknologiateollisuus.fi J\u00e4senhallinto auttaa my\u00f6s Teknologiateollisuus ry:n j\u00e4senportaaliin liittyviss\u00e4 kysymyksiss\u00e4. J\u00e4senportaalissa j\u00e4senyritykset voivat tarkastella ja p\u00e4ivitt\u00e4\u00e4 yrityksens\u00e4 perustietoja, osoitetietoja, toimipaikkatietoja ja henkil\u00f6st\u00f6n tietoja. Portaalissa ilmoitetaan my\u00f6s j\u00e4senmaksuihin vaikuttavat vuositiedot ja tilinp\u00e4\u00e4t\u00f6stiedot. Kysymykset Teknologiateollisuus ry:n [&hellip;]<\/p>\n","protected":false},"author":24,"featured_media":0,"parent":635,"menu_order":4,"comment_status":"closed","ping_status":"closed","template":"","meta":{"_acf_changed":false,"_relevanssi_hide_post":"","_relevanssi_hide_content":"","_relevanssi_pin_for_all":"","_relevanssi_pin_keywords":"","_relevanssi_unpin_keywords":"","_relevanssi_related_keywords":"","_relevanssi_related_include_ids":"","_relevanssi_related_exclude_ids":"","_relevanssi_related_no_append":"","_relevanssi_related_not_related":"","_relevanssi_related_posts":"165,166,168,1417,169,167","_relevanssi_noindex_reason":"","inline_featured_image":false,"growthstack-ab-test":[],"growthstack-ab-test-views":[],"footnotes":""},"class_list":["post-945","page","type-page","status-publish","hentry"],"acf":{"is_store_related":false,"locked":false},"yoast_head":"<!-- This site is optimized with the Yoast SEO Premium plugin v27.1 (Yoast SEO v27.4) - https:\/\/yoast.com\/product\/yoast-seo-premium-wordpress\/ -->\n<title>J\u00e4senyyden yll\u00e4pito - Teknologiateollisuus - J\u00e4senille<\/title>\n<meta name=\"description\" content=\"Teknologiateollisuuden j\u00e4senhallinto sek\u00e4 aluep\u00e4\u00e4llik\u00f6t auttavat j\u00e4seni\u00e4 hallinnollisissa asioissa j\u00e4senyyden eri vaiheissa.\" \/>\n<meta name=\"robots\" content=\"index, follow, max-snippet:-1, max-image-preview:large, max-video-preview:-1\" \/>\n<link rel=\"canonical\" href=\"https:\/\/teknologiateollisuus.fi\/jasenille\/tietoa-toiminnasta\/jasenyys\/jasenyyteni-hoito\/\" \/>\n<meta property=\"og:locale\" content=\"fi_FI\" \/>\n<meta property=\"og:type\" content=\"article\" \/>\n<meta property=\"og:title\" content=\"J\u00e4senyyden yll\u00e4pito\" \/>\n<meta property=\"og:description\" content=\"Teknologiateollisuuden j\u00e4senhallinto sek\u00e4 aluep\u00e4\u00e4llik\u00f6t auttavat j\u00e4seni\u00e4 hallinnollisissa asioissa j\u00e4senyyden eri vaiheissa.\" \/>\n<meta property=\"og:url\" content=\"https:\/\/teknologiateollisuus.fi\/jasenille\/tietoa-toiminnasta\/jasenyys\/jasenyyteni-hoito\/\" \/>\n<meta property=\"og:site_name\" content=\"Teknologiateollisuus - J\u00e4senille\" \/>\n<meta property=\"article:modified_time\" content=\"2025-07-15T07:11:03+00:00\" \/>\n<meta name=\"twitter:card\" content=\"summary_large_image\" \/>\n<meta name=\"twitter:label1\" content=\"Arvioitu lukuaika\" \/>\n\t<meta name=\"twitter:data1\" content=\"1 minuutti\" \/>\n<script type=\"application\/ld+json\" class=\"yoast-schema-graph\">{\"@context\":\"https:\\\/\\\/schema.org\",\"@graph\":[{\"@type\":\"WebPage\",\"@id\":\"https:\\\/\\\/teknologiateollisuus.fi\\\/jasenille\\\/tietoa-toiminnasta\\\/jasenyys\\\/jasenyyteni-hoito\\\/\",\"url\":\"https:\\\/\\\/teknologiateollisuus.fi\\\/jasenille\\\/tietoa-toiminnasta\\\/jasenyys\\\/jasenyyteni-hoito\\\/\",\"name\":\"J\u00e4senyyden yll\u00e4pito - Teknologiateollisuus - J\u00e4senille\",\"isPartOf\":{\"@id\":\"https:\\\/\\\/teknologiateollisuus.fi\\\/jasenille\\\/#website\"},\"datePublished\":\"2023-12-04T08:11:14+00:00\",\"dateModified\":\"2025-07-15T07:11:03+00:00\",\"description\":\"Teknologiateollisuuden j\u00e4senhallinto sek\u00e4 aluep\u00e4\u00e4llik\u00f6t auttavat j\u00e4seni\u00e4 hallinnollisissa asioissa j\u00e4senyyden eri vaiheissa.\",\"breadcrumb\":{\"@id\":\"https:\\\/\\\/teknologiateollisuus.fi\\\/jasenille\\\/tietoa-toiminnasta\\\/jasenyys\\\/jasenyyteni-hoito\\\/#breadcrumb\"},\"inLanguage\":\"fi\",\"potentialAction\":[{\"@type\":\"ReadAction\",\"target\":[\"https:\\\/\\\/teknologiateollisuus.fi\\\/jasenille\\\/tietoa-toiminnasta\\\/jasenyys\\\/jasenyyteni-hoito\\\/\"]}]},{\"@type\":\"BreadcrumbList\",\"@id\":\"https:\\\/\\\/teknologiateollisuus.fi\\\/jasenille\\\/tietoa-toiminnasta\\\/jasenyys\\\/jasenyyteni-hoito\\\/#breadcrumb\",\"itemListElement\":[{\"@type\":\"ListItem\",\"position\":1,\"name\":\"Home\",\"item\":\"https:\\\/\\\/teknologiateollisuus.fi\\\/jasenille\\\/\"},{\"@type\":\"ListItem\",\"position\":2,\"name\":\"Tietoa toiminnasta\",\"item\":\"https:\\\/\\\/teknologiateollisuus.fi\\\/jasenille\\\/tietoa-toiminnasta\\\/\"},{\"@type\":\"ListItem\",\"position\":3,\"name\":\"J\u00e4senyys\",\"item\":\"https:\\\/\\\/teknologiateollisuus.fi\\\/jasenille\\\/tietoa-toiminnasta\\\/jasenyys\\\/\"},{\"@type\":\"ListItem\",\"position\":4,\"name\":\"J\u00e4senyyden yll\u00e4pito\"}]},{\"@type\":\"WebSite\",\"@id\":\"https:\\\/\\\/teknologiateollisuus.fi\\\/jasenille\\\/#website\",\"url\":\"https:\\\/\\\/teknologiateollisuus.fi\\\/jasenille\\\/\",\"name\":\"Teknologiateollisuus - J\u00e4senille\",\"description\":\"\",\"publisher\":{\"@id\":\"https:\\\/\\\/teknologiateollisuus.fi\\\/jasenille\\\/#organization\"},\"potentialAction\":[{\"@type\":\"SearchAction\",\"target\":{\"@type\":\"EntryPoint\",\"urlTemplate\":\"https:\\\/\\\/teknologiateollisuus.fi\\\/jasenille\\\/?s={search_term_string}\"},\"query-input\":{\"@type\":\"PropertyValueSpecification\",\"valueRequired\":true,\"valueName\":\"search_term_string\"}}],\"inLanguage\":\"fi\"},{\"@type\":\"Organization\",\"@id\":\"https:\\\/\\\/teknologiateollisuus.fi\\\/jasenille\\\/#organization\",\"name\":\"Teknologiateollisuus - J\u00e4senille\",\"url\":\"https:\\\/\\\/teknologiateollisuus.fi\\\/jasenille\\\/\",\"logo\":{\"@type\":\"ImageObject\",\"inLanguage\":\"fi\",\"@id\":\"https:\\\/\\\/teknologiateollisuus.fi\\\/jasenille\\\/#\\\/schema\\\/logo\\\/image\\\/\",\"url\":\"https:\\\/\\\/teknologiateollisuus.fi\\\/jasenille\\\/wp-content\\\/uploads\\\/sites\\\/1\\\/2023\\\/10\\\/placeholder.png\",\"contentUrl\":\"https:\\\/\\\/teknologiateollisuus.fi\\\/jasenille\\\/wp-content\\\/uploads\\\/sites\\\/1\\\/2023\\\/10\\\/placeholder.png\",\"width\":2560,\"height\":1920,\"caption\":\"Teknologiateollisuus - J\u00e4senille\"},\"image\":{\"@id\":\"https:\\\/\\\/teknologiateollisuus.fi\\\/jasenille\\\/#\\\/schema\\\/logo\\\/image\\\/\"}}]}<\/script>\n<!-- \/ Yoast SEO Premium plugin. -->","yoast_head_json":{"title":"J\u00e4senyyden yll\u00e4pito - Teknologiateollisuus - J\u00e4senille","description":"Teknologiateollisuuden j\u00e4senhallinto sek\u00e4 aluep\u00e4\u00e4llik\u00f6t auttavat j\u00e4seni\u00e4 hallinnollisissa asioissa j\u00e4senyyden eri vaiheissa.","robots":{"index":"index","follow":"follow","max-snippet":"max-snippet:-1","max-image-preview":"max-image-preview:large","max-video-preview":"max-video-preview:-1"},"canonical":"https:\/\/teknologiateollisuus.fi\/jasenille\/tietoa-toiminnasta\/jasenyys\/jasenyyteni-hoito\/","og_locale":"fi_FI","og_type":"article","og_title":"J\u00e4senyyden yll\u00e4pito","og_description":"Teknologiateollisuuden j\u00e4senhallinto sek\u00e4 aluep\u00e4\u00e4llik\u00f6t auttavat j\u00e4seni\u00e4 hallinnollisissa asioissa j\u00e4senyyden eri vaiheissa.","og_url":"https:\/\/teknologiateollisuus.fi\/jasenille\/tietoa-toiminnasta\/jasenyys\/jasenyyteni-hoito\/","og_site_name":"Teknologiateollisuus - J\u00e4senille","article_modified_time":"2025-07-15T07:11:03+00:00","twitter_card":"summary_large_image","twitter_misc":{"Arvioitu lukuaika":"1 minuutti"},"schema":{"@context":"https:\/\/schema.org","@graph":[{"@type":"WebPage","@id":"https:\/\/teknologiateollisuus.fi\/jasenille\/tietoa-toiminnasta\/jasenyys\/jasenyyteni-hoito\/","url":"https:\/\/teknologiateollisuus.fi\/jasenille\/tietoa-toiminnasta\/jasenyys\/jasenyyteni-hoito\/","name":"J\u00e4senyyden yll\u00e4pito - Teknologiateollisuus - J\u00e4senille","isPartOf":{"@id":"https:\/\/teknologiateollisuus.fi\/jasenille\/#website"},"datePublished":"2023-12-04T08:11:14+00:00","dateModified":"2025-07-15T07:11:03+00:00","description":"Teknologiateollisuuden j\u00e4senhallinto sek\u00e4 aluep\u00e4\u00e4llik\u00f6t auttavat j\u00e4seni\u00e4 hallinnollisissa asioissa j\u00e4senyyden eri vaiheissa.","breadcrumb":{"@id":"https:\/\/teknologiateollisuus.fi\/jasenille\/tietoa-toiminnasta\/jasenyys\/jasenyyteni-hoito\/#breadcrumb"},"inLanguage":"fi","potentialAction":[{"@type":"ReadAction","target":["https:\/\/teknologiateollisuus.fi\/jasenille\/tietoa-toiminnasta\/jasenyys\/jasenyyteni-hoito\/"]}]},{"@type":"BreadcrumbList","@id":"https:\/\/teknologiateollisuus.fi\/jasenille\/tietoa-toiminnasta\/jasenyys\/jasenyyteni-hoito\/#breadcrumb","itemListElement":[{"@type":"ListItem","position":1,"name":"Home","item":"https:\/\/teknologiateollisuus.fi\/jasenille\/"},{"@type":"ListItem","position":2,"name":"Tietoa toiminnasta","item":"https:\/\/teknologiateollisuus.fi\/jasenille\/tietoa-toiminnasta\/"},{"@type":"ListItem","position":3,"name":"J\u00e4senyys","item":"https:\/\/teknologiateollisuus.fi\/jasenille\/tietoa-toiminnasta\/jasenyys\/"},{"@type":"ListItem","position":4,"name":"J\u00e4senyyden yll\u00e4pito"}]},{"@type":"WebSite","@id":"https:\/\/teknologiateollisuus.fi\/jasenille\/#website","url":"https:\/\/teknologiateollisuus.fi\/jasenille\/","name":"Teknologiateollisuus - J\u00e4senille","description":"","publisher":{"@id":"https:\/\/teknologiateollisuus.fi\/jasenille\/#organization"},"potentialAction":[{"@type":"SearchAction","target":{"@type":"EntryPoint","urlTemplate":"https:\/\/teknologiateollisuus.fi\/jasenille\/?s={search_term_string}"},"query-input":{"@type":"PropertyValueSpecification","valueRequired":true,"valueName":"search_term_string"}}],"inLanguage":"fi"},{"@type":"Organization","@id":"https:\/\/teknologiateollisuus.fi\/jasenille\/#organization","name":"Teknologiateollisuus - J\u00e4senille","url":"https:\/\/teknologiateollisuus.fi\/jasenille\/","logo":{"@type":"ImageObject","inLanguage":"fi","@id":"https:\/\/teknologiateollisuus.fi\/jasenille\/#\/schema\/logo\/image\/","url":"https:\/\/teknologiateollisuus.fi\/jasenille\/wp-content\/uploads\/sites\/1\/2023\/10\/placeholder.png","contentUrl":"https:\/\/teknologiateollisuus.fi\/jasenille\/wp-content\/uploads\/sites\/1\/2023\/10\/placeholder.png","width":2560,"height":1920,"caption":"Teknologiateollisuus - J\u00e4senille"},"image":{"@id":"https:\/\/teknologiateollisuus.fi\/jasenille\/#\/schema\/logo\/image\/"}}]}},"lang":"fi","translations":{"fi":945},"pll_sync_post":[],"_links":{"self":[{"href":"https:\/\/teknologiateollisuus.fi\/jasenille\/wp-json\/wp\/v2\/pages\/945","targetHints":{"allow":["GET"]}}],"collection":[{"href":"https:\/\/teknologiateollisuus.fi\/jasenille\/wp-json\/wp\/v2\/pages"}],"about":[{"href":"https:\/\/teknologiateollisuus.fi\/jasenille\/wp-json\/wp\/v2\/types\/page"}],"author":[{"embeddable":true,"href":"https:\/\/teknologiateollisuus.fi\/jasenille\/wp-json\/wp\/v2\/users\/24"}],"replies":[{"embeddable":true,"href":"https:\/\/teknologiateollisuus.fi\/jasenille\/wp-json\/wp\/v2\/comments?post=945"}],"version-history":[{"count":25,"href":"https:\/\/teknologiateollisuus.fi\/jasenille\/wp-json\/wp\/v2\/pages\/945\/revisions"}],"predecessor-version":[{"id":27080,"href":"https:\/\/teknologiateollisuus.fi\/jasenille\/wp-json\/wp\/v2\/pages\/945\/revisions\/27080"}],"up":[{"embeddable":true,"href":"https:\/\/teknologiateollisuus.fi\/jasenille\/wp-json\/wp\/v2\/pages\/635"}],"wp:attachment":[{"href":"https:\/\/teknologiateollisuus.fi\/jasenille\/wp-json\/wp\/v2\/media?parent=945"}],"curies":[{"name":"wp","href":"https:\/\/api.w.org\/{rel}","templated":true}]}}