{"id":16077,"date":"2024-11-06T13:03:56","date_gmt":"2024-11-06T11:03:56","guid":{"rendered":"https:\/\/teknologiateollisuus.fi\/jasenille\/?post_type=product&#038;p=16077"},"modified":"2026-01-02T11:55:50","modified_gmt":"2026-01-02T09:55:50","slug":"muotoilun-avaimet-alykkaaseen-teollisuuteen-ja-liiketoiminnan-ketteraan-kehittamiseen","status":"publish","type":"product","link":"https:\/\/teknologiateollisuus.fi\/jasenille\/julkaisu\/muotoilun-avaimet-alykkaaseen-teollisuuteen-ja-liiketoiminnan-ketteraan-kehittamiseen\/","title":{"rendered":"Muotoilun avaimet \u00e4lykk\u00e4\u00e4seen teollisuuteen ja liiketoiminnan ketter\u00e4\u00e4n kehitt\u00e4miseen"},"content":{"rendered":"<p>Muotoilun muutos liiketoiminnassa ja teollisuudessa on ollut huomattavaa viimeiset kaksi vuosikymment\u00e4. Muotoilun keinot ja rooli ovat muuttuneet huomattavasti koneiden ja laitteiden muodonannosta monenlaisten digitaalisten sovellusten ja j\u00e4rjestelmien muotoiluun, tuote- ja palvelukonseptien todentamiseen ja kokeiluun.<\/p>\n<p>Teos on k\u00e4sikirja muotoilun hy\u00f6dynt\u00e4misest\u00e4 uusissa \u00e4lykk\u00e4iss\u00e4 teollisuuden prosesseissa ja palveluliiketoiminnassa. Kirja avaa liiketoiminnan kehitt\u00e4mist\u00e4 vuorovaikutuksen suunnittelun, palvelumuotoilun, teollisen muotoilun ja strategisen muotoilun n\u00e4k\u00f6kulmista. Se pureutuu uusien ketterien suunnittelutapojen hy\u00f6dynt\u00e4miseen osana tuote- ja palvelutestausta. Se haastaa perinteiset suunnitteluprosessit ja esittelee uusia avauksia, jotka nopeuttavat innovaatioiden syntymist\u00e4. Kirja j\u00e4sent\u00e4\u00e4 muotoiluprosessia uudesta n\u00e4k\u00f6kulmasta ottaen l\u00e4ht\u00f6kohdaksi ihmisten kokoisten asioiden muotoilun ja siirtyy siit\u00e4 laajempien kokonaisuuksien muotoiluun.<\/p>\n<p>Kirjassa ajankohtaiset eturivin suunnittelijat esittelev\u00e4t menestyksekk\u00e4it\u00e4 liiketoimintaa edist\u00e4neit\u00e4 yritysesimerkkej\u00e4, joissa on hy\u00f6dynnetty uutta \u00e4lyk\u00e4st\u00e4 teknologiaa sek\u00e4 uudenlaisia suunnittelutapoja. Yritysesimerkeiss\u00e4 kuvataan mm. muotoilun soveltamista teollisten digitalisaatiota, robotisaatiota ja teko\u00e4ly\u00e4 hy\u00f6dynt\u00e4vien suunnitteluprosessien ja kuluttajarajapinnassa toimivien sovellusten n\u00e4k\u00f6kulmista. Kirja sis\u00e4lt\u00e4\u00e4 hyvi\u00e4 esimerkkej\u00e4 prosesseista ja ketterist\u00e4 ty\u00f6tavoista. Yrityskeissien kirjoittajat esittelev\u00e4t muotoilun jalkauttamista osaksi yritysten toimintaa ja avaavat n\u00e4k\u00f6kulman sek\u00e4 pieniin ett\u00e4 suuriin yrityksiin.<\/p>\n<p>Kirja on suunnattu muotoilu- ja suunnittelualoihin linkittyvien johtamisen, markkinoinnin, palveluliiketoiminnan ja innovaatio- ja kehitt\u00e4mistoiminnan asiantuntijoille, opettajille ja opiskelijoille muotoilun merkityksen ja hy\u00f6dynt\u00e4misen n\u00e4k\u00f6kulmista.<\/p>\n<p>Kirja sis\u00e4lt\u00e4\u00e4 QR -koodilla avautuvan haastatteluosion, jossa haastatellaan kolmea eturivin muotoilujohtajaa.<\/p>\n","protected":false},"excerpt":{"rendered":"<p>Muotoilun avaimet on k\u00e4sikirja muotoilun hy\u00f6dynt\u00e4misest\u00e4 uusissa \u00e4lykk\u00e4iss\u00e4 teollisuuden prosesseissa ja palveluliiketoiminnassa. Kirja avaa liiketoiminnan kehitt\u00e4mist\u00e4 vuorovaikutuksen suunnittelun, palvelumuotoilun, teollisen muotoilun ja strategisen muotoilun n\u00e4k\u00f6kulmista.<\/p>\n","protected":false},"featured_media":25676,"template":"","meta":{"_acf_changed":false,"_relevanssi_hide_post":"","_relevanssi_hide_content":"","_relevanssi_pin_for_all":"","_relevanssi_pin_keywords":"","_relevanssi_unpin_keywords":"","_relevanssi_related_keywords":"","_relevanssi_related_include_ids":"","_relevanssi_related_exclude_ids":"","_relevanssi_related_no_append":"","_relevanssi_related_not_related":"","_relevanssi_related_posts":"","_relevanssi_noindex_reason":"","inline_featured_image":false,"growthstack-ab-test":[],"growthstack-ab-test-views":[]},"product_brand":[],"product_cat":[808],"product_tag":[730],"class_list":{"0":"post-16077","1":"product","2":"type-product","3":"status-publish","4":"has-post-thumbnail","6":"product_cat-muut-julkaisut","7":"product_tag-liiketoiminta-ja-innovaatiot","8":"product_shipping_class-kirja","10":"first","11":"instock","12":"featured","13":"taxable","14":"shipping-taxable","15":"purchasable","16":"product-type-simple"},"acf":{"creators":"Satu Miettinen (toim.)","member_discount":15,"attachments":null,"links":null,"product_recommendations":{"number_of_products":10,"recommendation_basis":"date"}},"yoast_head":"<!-- This site is optimized with the Yoast SEO Premium plugin v27.1 (Yoast SEO v27.3) - https:\/\/yoast.com\/product\/yoast-seo-premium-wordpress\/ -->\n<title>Muotoilun avaimet \u00e4lykk\u00e4\u00e4seen teollisuuteen ja liiketoiminnan ketter\u00e4\u00e4n kehitt\u00e4miseen - Teknologiateollisuus - J\u00e4senille<\/title>\n<meta name=\"robots\" content=\"index, follow, max-snippet:-1, max-image-preview:large, max-video-preview:-1\" \/>\n<link rel=\"canonical\" href=\"https:\/\/teknologiateollisuus.fi\/jasenille\/julkaisu\/muotoilun-avaimet-alykkaaseen-teollisuuteen-ja-liiketoiminnan-ketteraan-kehittamiseen\/\" \/>\n<meta property=\"og:locale\" content=\"fi_FI\" \/>\n<meta property=\"og:type\" content=\"article\" \/>\n<meta property=\"og:title\" content=\"Muotoilun avaimet \u00e4lykk\u00e4\u00e4seen teollisuuteen ja liiketoiminnan ketter\u00e4\u00e4n kehitt\u00e4miseen\" \/>\n<meta property=\"og:description\" content=\"Muotoilun avaimet on k\u00e4sikirja muotoilun hy\u00f6dynt\u00e4misest\u00e4 uusissa \u00e4lykk\u00e4iss\u00e4 teollisuuden prosesseissa ja palveluliiketoiminnassa. Kirja avaa liiketoiminnan kehitt\u00e4mist\u00e4 vuorovaikutuksen suunnittelun, palvelumuotoilun, teollisen muotoilun ja strategisen muotoilun n\u00e4k\u00f6kulmista.\" \/>\n<meta property=\"og:url\" content=\"https:\/\/teknologiateollisuus.fi\/jasenille\/julkaisu\/muotoilun-avaimet-alykkaaseen-teollisuuteen-ja-liiketoiminnan-ketteraan-kehittamiseen\/\" \/>\n<meta property=\"og:site_name\" content=\"Teknologiateollisuus - J\u00e4senille\" \/>\n<meta property=\"article:modified_time\" content=\"2026-01-02T09:55:50+00:00\" \/>\n<meta property=\"og:image\" content=\"https:\/\/teknologiateollisuus.fi\/jasenille\/wp-content\/uploads\/sites\/1\/2024\/11\/kirja-muotoilun-avaimet-770-900.png\" \/>\n\t<meta property=\"og:image:width\" content=\"770\" \/>\n\t<meta property=\"og:image:height\" content=\"900\" \/>\n\t<meta property=\"og:image:type\" content=\"image\/png\" \/>\n<meta name=\"twitter:card\" content=\"summary_large_image\" \/>\n<meta name=\"twitter:label1\" content=\"Arvioitu lukuaika\" \/>\n\t<meta name=\"twitter:data1\" content=\"2 minuuttia\" \/>\n<script type=\"application\/ld+json\" class=\"yoast-schema-graph\">{\"@context\":\"https:\\\/\\\/schema.org\",\"@graph\":[{\"@type\":\"WebPage\",\"@id\":\"https:\\\/\\\/teknologiateollisuus.fi\\\/jasenille\\\/julkaisu\\\/muotoilun-avaimet-alykkaaseen-teollisuuteen-ja-liiketoiminnan-ketteraan-kehittamiseen\\\/\",\"url\":\"https:\\\/\\\/teknologiateollisuus.fi\\\/jasenille\\\/julkaisu\\\/muotoilun-avaimet-alykkaaseen-teollisuuteen-ja-liiketoiminnan-ketteraan-kehittamiseen\\\/\",\"name\":\"Muotoilun avaimet \u00e4lykk\u00e4\u00e4seen teollisuuteen ja liiketoiminnan ketter\u00e4\u00e4n kehitt\u00e4miseen - Teknologiateollisuus - J\u00e4senille\",\"isPartOf\":{\"@id\":\"https:\\\/\\\/teknologiateollisuus.fi\\\/jasenille\\\/#website\"},\"primaryImageOfPage\":{\"@id\":\"https:\\\/\\\/teknologiateollisuus.fi\\\/jasenille\\\/julkaisu\\\/muotoilun-avaimet-alykkaaseen-teollisuuteen-ja-liiketoiminnan-ketteraan-kehittamiseen\\\/#primaryimage\"},\"image\":{\"@id\":\"https:\\\/\\\/teknologiateollisuus.fi\\\/jasenille\\\/julkaisu\\\/muotoilun-avaimet-alykkaaseen-teollisuuteen-ja-liiketoiminnan-ketteraan-kehittamiseen\\\/#primaryimage\"},\"thumbnailUrl\":\"https:\\\/\\\/teknologiateollisuus.fi\\\/jasenille\\\/wp-content\\\/uploads\\\/sites\\\/1\\\/2024\\\/11\\\/kirja-muotoilun-avaimet-770-900.png\",\"datePublished\":\"2024-11-06T11:03:56+00:00\",\"dateModified\":\"2026-01-02T09:55:50+00:00\",\"breadcrumb\":{\"@id\":\"https:\\\/\\\/teknologiateollisuus.fi\\\/jasenille\\\/julkaisu\\\/muotoilun-avaimet-alykkaaseen-teollisuuteen-ja-liiketoiminnan-ketteraan-kehittamiseen\\\/#breadcrumb\"},\"inLanguage\":\"fi\",\"potentialAction\":[{\"@type\":\"ReadAction\",\"target\":[\"https:\\\/\\\/teknologiateollisuus.fi\\\/jasenille\\\/julkaisu\\\/muotoilun-avaimet-alykkaaseen-teollisuuteen-ja-liiketoiminnan-ketteraan-kehittamiseen\\\/\"]}]},{\"@type\":\"ImageObject\",\"inLanguage\":\"fi\",\"@id\":\"https:\\\/\\\/teknologiateollisuus.fi\\\/jasenille\\\/julkaisu\\\/muotoilun-avaimet-alykkaaseen-teollisuuteen-ja-liiketoiminnan-ketteraan-kehittamiseen\\\/#primaryimage\",\"url\":\"https:\\\/\\\/teknologiateollisuus.fi\\\/jasenille\\\/wp-content\\\/uploads\\\/sites\\\/1\\\/2024\\\/11\\\/kirja-muotoilun-avaimet-770-900.png\",\"contentUrl\":\"https:\\\/\\\/teknologiateollisuus.fi\\\/jasenille\\\/wp-content\\\/uploads\\\/sites\\\/1\\\/2024\\\/11\\\/kirja-muotoilun-avaimet-770-900.png\",\"width\":770,\"height\":900},{\"@type\":\"BreadcrumbList\",\"@id\":\"https:\\\/\\\/teknologiateollisuus.fi\\\/jasenille\\\/julkaisu\\\/muotoilun-avaimet-alykkaaseen-teollisuuteen-ja-liiketoiminnan-ketteraan-kehittamiseen\\\/#breadcrumb\",\"itemListElement\":[{\"@type\":\"ListItem\",\"position\":1,\"name\":\"Home\",\"item\":\"https:\\\/\\\/teknologiateollisuus.fi\\\/jasenille\\\/\"},{\"@type\":\"ListItem\",\"position\":2,\"name\":\"Kaikki julkaisut\",\"item\":\"https:\\\/\\\/teknologiateollisuus.fi\\\/jasenille\\\/palvelut\\\/julkaisut\\\/kaikki-julkaisut\\\/\"},{\"@type\":\"ListItem\",\"position\":3,\"name\":\"Muotoilun avaimet \u00e4lykk\u00e4\u00e4seen teollisuuteen ja liiketoiminnan ketter\u00e4\u00e4n kehitt\u00e4miseen\"}]},{\"@type\":\"WebSite\",\"@id\":\"https:\\\/\\\/teknologiateollisuus.fi\\\/jasenille\\\/#website\",\"url\":\"https:\\\/\\\/teknologiateollisuus.fi\\\/jasenille\\\/\",\"name\":\"Teknologiateollisuus - J\u00e4senille\",\"description\":\"\",\"publisher\":{\"@id\":\"https:\\\/\\\/teknologiateollisuus.fi\\\/jasenille\\\/#organization\"},\"potentialAction\":[{\"@type\":\"SearchAction\",\"target\":{\"@type\":\"EntryPoint\",\"urlTemplate\":\"https:\\\/\\\/teknologiateollisuus.fi\\\/jasenille\\\/?s={search_term_string}\"},\"query-input\":{\"@type\":\"PropertyValueSpecification\",\"valueRequired\":true,\"valueName\":\"search_term_string\"}}],\"inLanguage\":\"fi\"},{\"@type\":\"Organization\",\"@id\":\"https:\\\/\\\/teknologiateollisuus.fi\\\/jasenille\\\/#organization\",\"name\":\"Teknologiateollisuus - J\u00e4senille\",\"url\":\"https:\\\/\\\/teknologiateollisuus.fi\\\/jasenille\\\/\",\"logo\":{\"@type\":\"ImageObject\",\"inLanguage\":\"fi\",\"@id\":\"https:\\\/\\\/teknologiateollisuus.fi\\\/jasenille\\\/#\\\/schema\\\/logo\\\/image\\\/\",\"url\":\"https:\\\/\\\/teknologiateollisuus.fi\\\/jasenille\\\/wp-content\\\/uploads\\\/sites\\\/1\\\/2023\\\/10\\\/placeholder.png\",\"contentUrl\":\"https:\\\/\\\/teknologiateollisuus.fi\\\/jasenille\\\/wp-content\\\/uploads\\\/sites\\\/1\\\/2023\\\/10\\\/placeholder.png\",\"width\":2560,\"height\":1920,\"caption\":\"Teknologiateollisuus - J\u00e4senille\"},\"image\":{\"@id\":\"https:\\\/\\\/teknologiateollisuus.fi\\\/jasenille\\\/#\\\/schema\\\/logo\\\/image\\\/\"}}]}<\/script>\n<!-- \/ Yoast SEO Premium plugin. -->","yoast_head_json":{"title":"Muotoilun avaimet \u00e4lykk\u00e4\u00e4seen teollisuuteen ja liiketoiminnan ketter\u00e4\u00e4n kehitt\u00e4miseen - Teknologiateollisuus - J\u00e4senille","robots":{"index":"index","follow":"follow","max-snippet":"max-snippet:-1","max-image-preview":"max-image-preview:large","max-video-preview":"max-video-preview:-1"},"canonical":"https:\/\/teknologiateollisuus.fi\/jasenille\/julkaisu\/muotoilun-avaimet-alykkaaseen-teollisuuteen-ja-liiketoiminnan-ketteraan-kehittamiseen\/","og_locale":"fi_FI","og_type":"article","og_title":"Muotoilun avaimet \u00e4lykk\u00e4\u00e4seen teollisuuteen ja liiketoiminnan ketter\u00e4\u00e4n kehitt\u00e4miseen","og_description":"Muotoilun avaimet on k\u00e4sikirja muotoilun hy\u00f6dynt\u00e4misest\u00e4 uusissa \u00e4lykk\u00e4iss\u00e4 teollisuuden prosesseissa ja palveluliiketoiminnassa. Kirja avaa liiketoiminnan kehitt\u00e4mist\u00e4 vuorovaikutuksen suunnittelun, palvelumuotoilun, teollisen muotoilun ja strategisen muotoilun n\u00e4k\u00f6kulmista.","og_url":"https:\/\/teknologiateollisuus.fi\/jasenille\/julkaisu\/muotoilun-avaimet-alykkaaseen-teollisuuteen-ja-liiketoiminnan-ketteraan-kehittamiseen\/","og_site_name":"Teknologiateollisuus - J\u00e4senille","article_modified_time":"2026-01-02T09:55:50+00:00","og_image":[{"width":770,"height":900,"url":"https:\/\/teknologiateollisuus.fi\/jasenille\/wp-content\/uploads\/sites\/1\/2024\/11\/kirja-muotoilun-avaimet-770-900.png","type":"image\/png"}],"twitter_card":"summary_large_image","twitter_misc":{"Arvioitu lukuaika":"2 minuuttia"},"schema":{"@context":"https:\/\/schema.org","@graph":[{"@type":"WebPage","@id":"https:\/\/teknologiateollisuus.fi\/jasenille\/julkaisu\/muotoilun-avaimet-alykkaaseen-teollisuuteen-ja-liiketoiminnan-ketteraan-kehittamiseen\/","url":"https:\/\/teknologiateollisuus.fi\/jasenille\/julkaisu\/muotoilun-avaimet-alykkaaseen-teollisuuteen-ja-liiketoiminnan-ketteraan-kehittamiseen\/","name":"Muotoilun avaimet \u00e4lykk\u00e4\u00e4seen teollisuuteen ja liiketoiminnan ketter\u00e4\u00e4n kehitt\u00e4miseen - Teknologiateollisuus - J\u00e4senille","isPartOf":{"@id":"https:\/\/teknologiateollisuus.fi\/jasenille\/#website"},"primaryImageOfPage":{"@id":"https:\/\/teknologiateollisuus.fi\/jasenille\/julkaisu\/muotoilun-avaimet-alykkaaseen-teollisuuteen-ja-liiketoiminnan-ketteraan-kehittamiseen\/#primaryimage"},"image":{"@id":"https:\/\/teknologiateollisuus.fi\/jasenille\/julkaisu\/muotoilun-avaimet-alykkaaseen-teollisuuteen-ja-liiketoiminnan-ketteraan-kehittamiseen\/#primaryimage"},"thumbnailUrl":"https:\/\/teknologiateollisuus.fi\/jasenille\/wp-content\/uploads\/sites\/1\/2024\/11\/kirja-muotoilun-avaimet-770-900.png","datePublished":"2024-11-06T11:03:56+00:00","dateModified":"2026-01-02T09:55:50+00:00","breadcrumb":{"@id":"https:\/\/teknologiateollisuus.fi\/jasenille\/julkaisu\/muotoilun-avaimet-alykkaaseen-teollisuuteen-ja-liiketoiminnan-ketteraan-kehittamiseen\/#breadcrumb"},"inLanguage":"fi","potentialAction":[{"@type":"ReadAction","target":["https:\/\/teknologiateollisuus.fi\/jasenille\/julkaisu\/muotoilun-avaimet-alykkaaseen-teollisuuteen-ja-liiketoiminnan-ketteraan-kehittamiseen\/"]}]},{"@type":"ImageObject","inLanguage":"fi","@id":"https:\/\/teknologiateollisuus.fi\/jasenille\/julkaisu\/muotoilun-avaimet-alykkaaseen-teollisuuteen-ja-liiketoiminnan-ketteraan-kehittamiseen\/#primaryimage","url":"https:\/\/teknologiateollisuus.fi\/jasenille\/wp-content\/uploads\/sites\/1\/2024\/11\/kirja-muotoilun-avaimet-770-900.png","contentUrl":"https:\/\/teknologiateollisuus.fi\/jasenille\/wp-content\/uploads\/sites\/1\/2024\/11\/kirja-muotoilun-avaimet-770-900.png","width":770,"height":900},{"@type":"BreadcrumbList","@id":"https:\/\/teknologiateollisuus.fi\/jasenille\/julkaisu\/muotoilun-avaimet-alykkaaseen-teollisuuteen-ja-liiketoiminnan-ketteraan-kehittamiseen\/#breadcrumb","itemListElement":[{"@type":"ListItem","position":1,"name":"Home","item":"https:\/\/teknologiateollisuus.fi\/jasenille\/"},{"@type":"ListItem","position":2,"name":"Kaikki julkaisut","item":"https:\/\/teknologiateollisuus.fi\/jasenille\/palvelut\/julkaisut\/kaikki-julkaisut\/"},{"@type":"ListItem","position":3,"name":"Muotoilun avaimet \u00e4lykk\u00e4\u00e4seen teollisuuteen ja liiketoiminnan ketter\u00e4\u00e4n kehitt\u00e4miseen"}]},{"@type":"WebSite","@id":"https:\/\/teknologiateollisuus.fi\/jasenille\/#website","url":"https:\/\/teknologiateollisuus.fi\/jasenille\/","name":"Teknologiateollisuus - J\u00e4senille","description":"","publisher":{"@id":"https:\/\/teknologiateollisuus.fi\/jasenille\/#organization"},"potentialAction":[{"@type":"SearchAction","target":{"@type":"EntryPoint","urlTemplate":"https:\/\/teknologiateollisuus.fi\/jasenille\/?s={search_term_string}"},"query-input":{"@type":"PropertyValueSpecification","valueRequired":true,"valueName":"search_term_string"}}],"inLanguage":"fi"},{"@type":"Organization","@id":"https:\/\/teknologiateollisuus.fi\/jasenille\/#organization","name":"Teknologiateollisuus - J\u00e4senille","url":"https:\/\/teknologiateollisuus.fi\/jasenille\/","logo":{"@type":"ImageObject","inLanguage":"fi","@id":"https:\/\/teknologiateollisuus.fi\/jasenille\/#\/schema\/logo\/image\/","url":"https:\/\/teknologiateollisuus.fi\/jasenille\/wp-content\/uploads\/sites\/1\/2023\/10\/placeholder.png","contentUrl":"https:\/\/teknologiateollisuus.fi\/jasenille\/wp-content\/uploads\/sites\/1\/2023\/10\/placeholder.png","width":2560,"height":1920,"caption":"Teknologiateollisuus - J\u00e4senille"},"image":{"@id":"https:\/\/teknologiateollisuus.fi\/jasenille\/#\/schema\/logo\/image\/"}}]}},"_links":{"self":[{"href":"https:\/\/teknologiateollisuus.fi\/jasenille\/wp-json\/wp\/v2\/product\/16077","targetHints":{"allow":["GET"]}}],"collection":[{"href":"https:\/\/teknologiateollisuus.fi\/jasenille\/wp-json\/wp\/v2\/product"}],"about":[{"href":"https:\/\/teknologiateollisuus.fi\/jasenille\/wp-json\/wp\/v2\/types\/product"}],"wp:featuredmedia":[{"embeddable":true,"href":"https:\/\/teknologiateollisuus.fi\/jasenille\/wp-json\/wp\/v2\/media\/25676"}],"wp:attachment":[{"href":"https:\/\/teknologiateollisuus.fi\/jasenille\/wp-json\/wp\/v2\/media?parent=16077"}],"wp:term":[{"taxonomy":"product_brand","embeddable":true,"href":"https:\/\/teknologiateollisuus.fi\/jasenille\/wp-json\/wp\/v2\/product_brand?post=16077"},{"taxonomy":"product_cat","embeddable":true,"href":"https:\/\/teknologiateollisuus.fi\/jasenille\/wp-json\/wp\/v2\/product_cat?post=16077"},{"taxonomy":"product_tag","embeddable":true,"href":"https:\/\/teknologiateollisuus.fi\/jasenille\/wp-json\/wp\/v2\/product_tag?post=16077"}],"curies":[{"name":"wp","href":"https:\/\/api.w.org\/{rel}","templated":true}]}}