{"id":16102,"date":"2024-11-06T14:30:12","date_gmt":"2024-11-06T12:30:12","guid":{"rendered":"https:\/\/teknologiateollisuus.fi\/jasenille\/?post_type=product&#038;p=16102"},"modified":"2026-01-02T11:51:55","modified_gmt":"2026-01-02T09:51:55","slug":"alihankintasopimukset-opas-teknologiateollisuuden-yrityksille-toinen-uudistettu-laitos","status":"publish","type":"product","link":"https:\/\/teknologiateollisuus.fi\/jasenille\/julkaisu\/alihankintasopimukset-opas-teknologiateollisuuden-yrityksille-toinen-uudistettu-laitos\/","title":{"rendered":"Alihankintasopimukset &#8211; opas teknologiateollisuuden yrityksille, toinen uudistettu laitos"},"content":{"rendered":"<p>Uudistetun oppaan alussa k\u00e4sitell\u00e4\u00e4n teollisuuden alihankintoihin liittyvi\u00e4 t\u00e4rkeit\u00e4 yleisi\u00e4 kysymyksi\u00e4, kuten toimituksen my\u00f6h\u00e4styminen, virhevastuu ja tuotevastuu. Siin\u00e4 k\u00e4sitell\u00e4\u00e4n my\u00f6s salassapitoon ja immateriaalioikeuksiin liittyvi\u00e4 seikkoja sek\u00e4 toimitussuunnitelmia. T\u00e4m\u00e4n j\u00e4lkeen k\u00e4sitell\u00e4\u00e4n tarkemmin valmistusalihankintaan, ty\u00f6alihankintaan ja projektiluonteiseen alihankintaan liittyvi\u00e4 kysymyksi\u00e4.<\/p>\n<p>Sopimuksissa esiin tulevat kohdat on k\u00e4sitelty seikkaper\u00e4isesti valmistusalihankintaa ja ty\u00f6alihankintaa koskevissa esimerkkisopimuksissa ja niihin liittyviss\u00e4 kommenteissa. Esimerkkisopimuksien englanninkieliset k\u00e4\u00e4nn\u00f6kset helpottavat sopimusten tekemist\u00e4 my\u00f6s kansainv\u00e4listen yhteisty\u00f6kumppanien kanssa.<\/p>\n<p>Opas on tarkoitettu kaikille erityyppisi\u00e4 teollisia alihankintoja koskevia juridisia kysymyksi\u00e4 k\u00e4sitteleville tai niiden kanssa kosketuksiin joutuville. Sit\u00e4 voi k\u00e4ytt\u00e4\u00e4 sek\u00e4 k\u00e4sikirjana ett\u00e4 ideoiden l\u00e4hteen\u00e4 teollisia alihankintoja suunniteltaessa, niist\u00e4 neuvoteltaessa tai niihin liittyvi\u00e4 seikkoja muuten k\u00e4sitelt\u00e4ess\u00e4.<\/p>\n<p>Oppaan on laatinut Pohjoismaiden teknologiateollisuusj\u00e4rjest\u00f6jen juristiryhm\u00e4 osana pohjoismaista, juridisia kysymyksi\u00e4 koskevaa teknologia-alan yhteisty\u00f6t\u00e4.<\/p>\n","protected":false},"excerpt":{"rendered":"<p>Oppaassa k\u00e4sitell\u00e4\u00e4n teollisuuden alihankintoihin liittyvi\u00e4 t\u00e4rkeit\u00e4 yleisi\u00e4 kysymyksi\u00e4, kuten toimituksen my\u00f6h\u00e4styminen, virhevastuu ja tuotevastuu. Oppaassa k\u00e4sitell\u00e4\u00e4n my\u00f6s salassapitoon ja immateriaalioikeuksiin liittyvi\u00e4 seikkoja sek\u00e4 toimitussuunnitelmia. T\u00e4m\u00e4n j\u00e4lkeen k\u00e4sitell\u00e4\u00e4n tarkemmin valmistusalihankintaan, ty\u00f6alihankintaan ja projektiluonteiseen alihankintaan liittyvi\u00e4 kysymyksi\u00e4. Suomen- ja englanninkieliset sopimusmallit helpottavat sopimusten tekemist\u00e4 my\u00f6s kansainv\u00e4listen yhteisty\u00f6kumppanien kanssa.<\/p>\n","protected":false},"featured_media":25608,"template":"","meta":{"_acf_changed":false,"_relevanssi_hide_post":"","_relevanssi_hide_content":"","_relevanssi_pin_for_all":"","_relevanssi_pin_keywords":"","_relevanssi_unpin_keywords":"","_relevanssi_related_keywords":"","_relevanssi_related_include_ids":"","_relevanssi_related_exclude_ids":"","_relevanssi_related_no_append":"","_relevanssi_related_not_related":"","_relevanssi_related_posts":"","_relevanssi_noindex_reason":"","inline_featured_image":false,"growthstack-ab-test":[],"growthstack-ab-test-views":[]},"product_brand":[],"product_cat":[815,809],"product_tag":[730],"class_list":{"0":"post-16102","1":"product","2":"type-product","3":"status-publish","4":"has-post-thumbnail","6":"product_cat-alihankintatoimitukset","7":"product_cat-oppaat","8":"product_tag-liiketoiminta-ja-innovaatiot","9":"product_shipping_class-kirja","11":"first","12":"instock","13":"taxable","14":"shipping-taxable","15":"purchasable","16":"product-type-simple"},"acf":{"creators":"Olav Bergsaker - Mats Bergstr\u00f6m - Pia Ekelund Th\u00f6rn - Michaela Ramm-Schmidt - Veli Sinda - Henrik Schultz","member_discount":15,"attachments":null,"links":null,"product_recommendations":{"number_of_products":10,"recommendation_basis":"date"}},"yoast_head":"<!-- This site is optimized with the Yoast SEO Premium plugin v27.1 (Yoast SEO v27.4) - https:\/\/yoast.com\/product\/yoast-seo-premium-wordpress\/ -->\n<title>Alihankintasopimukset - opas teknologiateollisuuden yrityksille, toinen uudistettu laitos - Teknologiateollisuus - J\u00e4senille<\/title>\n<meta name=\"robots\" content=\"index, follow, max-snippet:-1, max-image-preview:large, max-video-preview:-1\" \/>\n<link rel=\"canonical\" href=\"https:\/\/teknologiateollisuus.fi\/jasenille\/julkaisu\/alihankintasopimukset-opas-teknologiateollisuuden-yrityksille-toinen-uudistettu-laitos\/\" \/>\n<meta property=\"og:locale\" content=\"fi_FI\" \/>\n<meta property=\"og:type\" content=\"article\" \/>\n<meta property=\"og:title\" content=\"Alihankintasopimukset - opas teknologiateollisuuden yrityksille, toinen uudistettu laitos\" \/>\n<meta property=\"og:description\" content=\"Oppaassa k\u00e4sitell\u00e4\u00e4n teollisuuden alihankintoihin liittyvi\u00e4 t\u00e4rkeit\u00e4 yleisi\u00e4 kysymyksi\u00e4, kuten toimituksen my\u00f6h\u00e4styminen, virhevastuu ja tuotevastuu. Oppaassa k\u00e4sitell\u00e4\u00e4n my\u00f6s salassapitoon ja immateriaalioikeuksiin liittyvi\u00e4 seikkoja sek\u00e4 toimitussuunnitelmia. T\u00e4m\u00e4n j\u00e4lkeen k\u00e4sitell\u00e4\u00e4n tarkemmin valmistusalihankintaan, ty\u00f6alihankintaan ja projektiluonteiseen alihankintaan liittyvi\u00e4 kysymyksi\u00e4. Suomen- ja englanninkieliset sopimusmallit helpottavat sopimusten tekemist\u00e4 my\u00f6s kansainv\u00e4listen yhteisty\u00f6kumppanien kanssa.\" \/>\n<meta property=\"og:url\" content=\"https:\/\/teknologiateollisuus.fi\/jasenille\/julkaisu\/alihankintasopimukset-opas-teknologiateollisuuden-yrityksille-toinen-uudistettu-laitos\/\" \/>\n<meta property=\"og:site_name\" content=\"Teknologiateollisuus - J\u00e4senille\" \/>\n<meta property=\"article:modified_time\" content=\"2026-01-02T09:51:55+00:00\" \/>\n<meta property=\"og:image\" content=\"https:\/\/teknologiateollisuus.fi\/jasenille\/wp-content\/uploads\/sites\/1\/2024\/11\/kirja-alihankintasopimukset-770-900.png\" \/>\n\t<meta property=\"og:image:width\" content=\"770\" \/>\n\t<meta property=\"og:image:height\" content=\"900\" \/>\n\t<meta property=\"og:image:type\" content=\"image\/png\" \/>\n<meta name=\"twitter:card\" content=\"summary_large_image\" \/>\n<meta name=\"twitter:label1\" content=\"Arvioitu lukuaika\" \/>\n\t<meta name=\"twitter:data1\" content=\"1 minuutti\" \/>\n<script type=\"application\/ld+json\" class=\"yoast-schema-graph\">{\"@context\":\"https:\\\/\\\/schema.org\",\"@graph\":[{\"@type\":\"WebPage\",\"@id\":\"https:\\\/\\\/teknologiateollisuus.fi\\\/jasenille\\\/julkaisu\\\/alihankintasopimukset-opas-teknologiateollisuuden-yrityksille-toinen-uudistettu-laitos\\\/\",\"url\":\"https:\\\/\\\/teknologiateollisuus.fi\\\/jasenille\\\/julkaisu\\\/alihankintasopimukset-opas-teknologiateollisuuden-yrityksille-toinen-uudistettu-laitos\\\/\",\"name\":\"Alihankintasopimukset - opas teknologiateollisuuden yrityksille, toinen uudistettu laitos - Teknologiateollisuus - J\u00e4senille\",\"isPartOf\":{\"@id\":\"https:\\\/\\\/teknologiateollisuus.fi\\\/jasenille\\\/#website\"},\"primaryImageOfPage\":{\"@id\":\"https:\\\/\\\/teknologiateollisuus.fi\\\/jasenille\\\/julkaisu\\\/alihankintasopimukset-opas-teknologiateollisuuden-yrityksille-toinen-uudistettu-laitos\\\/#primaryimage\"},\"image\":{\"@id\":\"https:\\\/\\\/teknologiateollisuus.fi\\\/jasenille\\\/julkaisu\\\/alihankintasopimukset-opas-teknologiateollisuuden-yrityksille-toinen-uudistettu-laitos\\\/#primaryimage\"},\"thumbnailUrl\":\"https:\\\/\\\/teknologiateollisuus.fi\\\/jasenille\\\/wp-content\\\/uploads\\\/sites\\\/1\\\/2024\\\/11\\\/kirja-alihankintasopimukset-770-900.png\",\"datePublished\":\"2024-11-06T12:30:12+00:00\",\"dateModified\":\"2026-01-02T09:51:55+00:00\",\"breadcrumb\":{\"@id\":\"https:\\\/\\\/teknologiateollisuus.fi\\\/jasenille\\\/julkaisu\\\/alihankintasopimukset-opas-teknologiateollisuuden-yrityksille-toinen-uudistettu-laitos\\\/#breadcrumb\"},\"inLanguage\":\"fi\",\"potentialAction\":[{\"@type\":\"ReadAction\",\"target\":[\"https:\\\/\\\/teknologiateollisuus.fi\\\/jasenille\\\/julkaisu\\\/alihankintasopimukset-opas-teknologiateollisuuden-yrityksille-toinen-uudistettu-laitos\\\/\"]}]},{\"@type\":\"ImageObject\",\"inLanguage\":\"fi\",\"@id\":\"https:\\\/\\\/teknologiateollisuus.fi\\\/jasenille\\\/julkaisu\\\/alihankintasopimukset-opas-teknologiateollisuuden-yrityksille-toinen-uudistettu-laitos\\\/#primaryimage\",\"url\":\"https:\\\/\\\/teknologiateollisuus.fi\\\/jasenille\\\/wp-content\\\/uploads\\\/sites\\\/1\\\/2024\\\/11\\\/kirja-alihankintasopimukset-770-900.png\",\"contentUrl\":\"https:\\\/\\\/teknologiateollisuus.fi\\\/jasenille\\\/wp-content\\\/uploads\\\/sites\\\/1\\\/2024\\\/11\\\/kirja-alihankintasopimukset-770-900.png\",\"width\":770,\"height\":900},{\"@type\":\"BreadcrumbList\",\"@id\":\"https:\\\/\\\/teknologiateollisuus.fi\\\/jasenille\\\/julkaisu\\\/alihankintasopimukset-opas-teknologiateollisuuden-yrityksille-toinen-uudistettu-laitos\\\/#breadcrumb\",\"itemListElement\":[{\"@type\":\"ListItem\",\"position\":1,\"name\":\"Home\",\"item\":\"https:\\\/\\\/teknologiateollisuus.fi\\\/jasenille\\\/\"},{\"@type\":\"ListItem\",\"position\":2,\"name\":\"Kaikki julkaisut\",\"item\":\"https:\\\/\\\/teknologiateollisuus.fi\\\/jasenille\\\/palvelut\\\/julkaisut\\\/kaikki-julkaisut\\\/\"},{\"@type\":\"ListItem\",\"position\":3,\"name\":\"Alihankintasopimukset &#8211; opas teknologiateollisuuden yrityksille, toinen uudistettu laitos\"}]},{\"@type\":\"WebSite\",\"@id\":\"https:\\\/\\\/teknologiateollisuus.fi\\\/jasenille\\\/#website\",\"url\":\"https:\\\/\\\/teknologiateollisuus.fi\\\/jasenille\\\/\",\"name\":\"Teknologiateollisuus - J\u00e4senille\",\"description\":\"\",\"publisher\":{\"@id\":\"https:\\\/\\\/teknologiateollisuus.fi\\\/jasenille\\\/#organization\"},\"potentialAction\":[{\"@type\":\"SearchAction\",\"target\":{\"@type\":\"EntryPoint\",\"urlTemplate\":\"https:\\\/\\\/teknologiateollisuus.fi\\\/jasenille\\\/?s={search_term_string}\"},\"query-input\":{\"@type\":\"PropertyValueSpecification\",\"valueRequired\":true,\"valueName\":\"search_term_string\"}}],\"inLanguage\":\"fi\"},{\"@type\":\"Organization\",\"@id\":\"https:\\\/\\\/teknologiateollisuus.fi\\\/jasenille\\\/#organization\",\"name\":\"Teknologiateollisuus - J\u00e4senille\",\"url\":\"https:\\\/\\\/teknologiateollisuus.fi\\\/jasenille\\\/\",\"logo\":{\"@type\":\"ImageObject\",\"inLanguage\":\"fi\",\"@id\":\"https:\\\/\\\/teknologiateollisuus.fi\\\/jasenille\\\/#\\\/schema\\\/logo\\\/image\\\/\",\"url\":\"https:\\\/\\\/teknologiateollisuus.fi\\\/jasenille\\\/wp-content\\\/uploads\\\/sites\\\/1\\\/2023\\\/10\\\/placeholder.png\",\"contentUrl\":\"https:\\\/\\\/teknologiateollisuus.fi\\\/jasenille\\\/wp-content\\\/uploads\\\/sites\\\/1\\\/2023\\\/10\\\/placeholder.png\",\"width\":2560,\"height\":1920,\"caption\":\"Teknologiateollisuus - J\u00e4senille\"},\"image\":{\"@id\":\"https:\\\/\\\/teknologiateollisuus.fi\\\/jasenille\\\/#\\\/schema\\\/logo\\\/image\\\/\"}}]}<\/script>\n<!-- \/ Yoast SEO Premium plugin. -->","yoast_head_json":{"title":"Alihankintasopimukset - opas teknologiateollisuuden yrityksille, toinen uudistettu laitos - Teknologiateollisuus - J\u00e4senille","robots":{"index":"index","follow":"follow","max-snippet":"max-snippet:-1","max-image-preview":"max-image-preview:large","max-video-preview":"max-video-preview:-1"},"canonical":"https:\/\/teknologiateollisuus.fi\/jasenille\/julkaisu\/alihankintasopimukset-opas-teknologiateollisuuden-yrityksille-toinen-uudistettu-laitos\/","og_locale":"fi_FI","og_type":"article","og_title":"Alihankintasopimukset - opas teknologiateollisuuden yrityksille, toinen uudistettu laitos","og_description":"Oppaassa k\u00e4sitell\u00e4\u00e4n teollisuuden alihankintoihin liittyvi\u00e4 t\u00e4rkeit\u00e4 yleisi\u00e4 kysymyksi\u00e4, kuten toimituksen my\u00f6h\u00e4styminen, virhevastuu ja tuotevastuu. Oppaassa k\u00e4sitell\u00e4\u00e4n my\u00f6s salassapitoon ja immateriaalioikeuksiin liittyvi\u00e4 seikkoja sek\u00e4 toimitussuunnitelmia. T\u00e4m\u00e4n j\u00e4lkeen k\u00e4sitell\u00e4\u00e4n tarkemmin valmistusalihankintaan, ty\u00f6alihankintaan ja projektiluonteiseen alihankintaan liittyvi\u00e4 kysymyksi\u00e4. Suomen- ja englanninkieliset sopimusmallit helpottavat sopimusten tekemist\u00e4 my\u00f6s kansainv\u00e4listen yhteisty\u00f6kumppanien kanssa.","og_url":"https:\/\/teknologiateollisuus.fi\/jasenille\/julkaisu\/alihankintasopimukset-opas-teknologiateollisuuden-yrityksille-toinen-uudistettu-laitos\/","og_site_name":"Teknologiateollisuus - J\u00e4senille","article_modified_time":"2026-01-02T09:51:55+00:00","og_image":[{"width":770,"height":900,"url":"https:\/\/teknologiateollisuus.fi\/jasenille\/wp-content\/uploads\/sites\/1\/2024\/11\/kirja-alihankintasopimukset-770-900.png","type":"image\/png"}],"twitter_card":"summary_large_image","twitter_misc":{"Arvioitu lukuaika":"1 minuutti"},"schema":{"@context":"https:\/\/schema.org","@graph":[{"@type":"WebPage","@id":"https:\/\/teknologiateollisuus.fi\/jasenille\/julkaisu\/alihankintasopimukset-opas-teknologiateollisuuden-yrityksille-toinen-uudistettu-laitos\/","url":"https:\/\/teknologiateollisuus.fi\/jasenille\/julkaisu\/alihankintasopimukset-opas-teknologiateollisuuden-yrityksille-toinen-uudistettu-laitos\/","name":"Alihankintasopimukset - opas teknologiateollisuuden yrityksille, toinen uudistettu laitos - Teknologiateollisuus - J\u00e4senille","isPartOf":{"@id":"https:\/\/teknologiateollisuus.fi\/jasenille\/#website"},"primaryImageOfPage":{"@id":"https:\/\/teknologiateollisuus.fi\/jasenille\/julkaisu\/alihankintasopimukset-opas-teknologiateollisuuden-yrityksille-toinen-uudistettu-laitos\/#primaryimage"},"image":{"@id":"https:\/\/teknologiateollisuus.fi\/jasenille\/julkaisu\/alihankintasopimukset-opas-teknologiateollisuuden-yrityksille-toinen-uudistettu-laitos\/#primaryimage"},"thumbnailUrl":"https:\/\/teknologiateollisuus.fi\/jasenille\/wp-content\/uploads\/sites\/1\/2024\/11\/kirja-alihankintasopimukset-770-900.png","datePublished":"2024-11-06T12:30:12+00:00","dateModified":"2026-01-02T09:51:55+00:00","breadcrumb":{"@id":"https:\/\/teknologiateollisuus.fi\/jasenille\/julkaisu\/alihankintasopimukset-opas-teknologiateollisuuden-yrityksille-toinen-uudistettu-laitos\/#breadcrumb"},"inLanguage":"fi","potentialAction":[{"@type":"ReadAction","target":["https:\/\/teknologiateollisuus.fi\/jasenille\/julkaisu\/alihankintasopimukset-opas-teknologiateollisuuden-yrityksille-toinen-uudistettu-laitos\/"]}]},{"@type":"ImageObject","inLanguage":"fi","@id":"https:\/\/teknologiateollisuus.fi\/jasenille\/julkaisu\/alihankintasopimukset-opas-teknologiateollisuuden-yrityksille-toinen-uudistettu-laitos\/#primaryimage","url":"https:\/\/teknologiateollisuus.fi\/jasenille\/wp-content\/uploads\/sites\/1\/2024\/11\/kirja-alihankintasopimukset-770-900.png","contentUrl":"https:\/\/teknologiateollisuus.fi\/jasenille\/wp-content\/uploads\/sites\/1\/2024\/11\/kirja-alihankintasopimukset-770-900.png","width":770,"height":900},{"@type":"BreadcrumbList","@id":"https:\/\/teknologiateollisuus.fi\/jasenille\/julkaisu\/alihankintasopimukset-opas-teknologiateollisuuden-yrityksille-toinen-uudistettu-laitos\/#breadcrumb","itemListElement":[{"@type":"ListItem","position":1,"name":"Home","item":"https:\/\/teknologiateollisuus.fi\/jasenille\/"},{"@type":"ListItem","position":2,"name":"Kaikki julkaisut","item":"https:\/\/teknologiateollisuus.fi\/jasenille\/palvelut\/julkaisut\/kaikki-julkaisut\/"},{"@type":"ListItem","position":3,"name":"Alihankintasopimukset &#8211; opas teknologiateollisuuden yrityksille, toinen uudistettu laitos"}]},{"@type":"WebSite","@id":"https:\/\/teknologiateollisuus.fi\/jasenille\/#website","url":"https:\/\/teknologiateollisuus.fi\/jasenille\/","name":"Teknologiateollisuus - J\u00e4senille","description":"","publisher":{"@id":"https:\/\/teknologiateollisuus.fi\/jasenille\/#organization"},"potentialAction":[{"@type":"SearchAction","target":{"@type":"EntryPoint","urlTemplate":"https:\/\/teknologiateollisuus.fi\/jasenille\/?s={search_term_string}"},"query-input":{"@type":"PropertyValueSpecification","valueRequired":true,"valueName":"search_term_string"}}],"inLanguage":"fi"},{"@type":"Organization","@id":"https:\/\/teknologiateollisuus.fi\/jasenille\/#organization","name":"Teknologiateollisuus - J\u00e4senille","url":"https:\/\/teknologiateollisuus.fi\/jasenille\/","logo":{"@type":"ImageObject","inLanguage":"fi","@id":"https:\/\/teknologiateollisuus.fi\/jasenille\/#\/schema\/logo\/image\/","url":"https:\/\/teknologiateollisuus.fi\/jasenille\/wp-content\/uploads\/sites\/1\/2023\/10\/placeholder.png","contentUrl":"https:\/\/teknologiateollisuus.fi\/jasenille\/wp-content\/uploads\/sites\/1\/2023\/10\/placeholder.png","width":2560,"height":1920,"caption":"Teknologiateollisuus - J\u00e4senille"},"image":{"@id":"https:\/\/teknologiateollisuus.fi\/jasenille\/#\/schema\/logo\/image\/"}}]}},"_links":{"self":[{"href":"https:\/\/teknologiateollisuus.fi\/jasenille\/wp-json\/wp\/v2\/product\/16102","targetHints":{"allow":["GET"]}}],"collection":[{"href":"https:\/\/teknologiateollisuus.fi\/jasenille\/wp-json\/wp\/v2\/product"}],"about":[{"href":"https:\/\/teknologiateollisuus.fi\/jasenille\/wp-json\/wp\/v2\/types\/product"}],"wp:featuredmedia":[{"embeddable":true,"href":"https:\/\/teknologiateollisuus.fi\/jasenille\/wp-json\/wp\/v2\/media\/25608"}],"wp:attachment":[{"href":"https:\/\/teknologiateollisuus.fi\/jasenille\/wp-json\/wp\/v2\/media?parent=16102"}],"wp:term":[{"taxonomy":"product_brand","embeddable":true,"href":"https:\/\/teknologiateollisuus.fi\/jasenille\/wp-json\/wp\/v2\/product_brand?post=16102"},{"taxonomy":"product_cat","embeddable":true,"href":"https:\/\/teknologiateollisuus.fi\/jasenille\/wp-json\/wp\/v2\/product_cat?post=16102"},{"taxonomy":"product_tag","embeddable":true,"href":"https:\/\/teknologiateollisuus.fi\/jasenille\/wp-json\/wp\/v2\/product_tag?post=16102"}],"curies":[{"name":"wp","href":"https:\/\/api.w.org\/{rel}","templated":true}]}}