{"id":16192,"date":"2024-11-08T15:41:08","date_gmt":"2024-11-08T13:41:08","guid":{"rendered":"https:\/\/teknologiateollisuus.fi\/jasenille\/?post_type=product&#038;p=16192"},"modified":"2026-01-02T11:56:32","modified_gmt":"2026-01-02T09:56:32","slug":"seitseman-tarinaa-ennovaatiosta-rohkea-uudistaa-ennakoiden","status":"publish","type":"product","link":"https:\/\/teknologiateollisuus.fi\/jasenille\/julkaisu\/seitseman-tarinaa-ennovaatiosta-rohkea-uudistaa-ennakoiden\/","title":{"rendered":"Seitsem\u00e4n tarinaa ennovaatiosta &#8211; Rohkea uudistaa ennakoiden"},"content":{"rendered":"<p><a href=\"http:\/\/kirja.elisa.fi\/ekirja\/seitseman-tarinaa-ennovaatiosta-rohkea-uudistaa-ennakoiden\">Saatavana my\u00f6s my\u00f6s ekirjana Elisa Kirjasta<\/a><\/p>\n<p>Kirja koostuu seitsem\u00e4st\u00e4 kertomuksesta, joissa tarkastellaan ennakointi- ja innovaatioprosessien vuorovaikutusta ja k\u00e4ytt\u00f6\u00e4 yrityst\u00e4 uudistettaessa.<\/p>\n<p>Ennakoinnin avulla kartoitetaan tulevaisuuden muutostekij\u00e4t ja niihin vaikuttavat voimat ja vastavoimat. Niiden pohjalta muotoillaan oma toimintamalli suhteessa muihin mahdollisiin toimijoihin. Ennakoinnissa yhdistet\u00e4\u00e4n tulevaisuudentutkimus ja erityisesti skenaarioty\u00f6skentely innovaatioprosessiin. Ennakoinnin ansiosta yritykset voivat kehitt\u00e4\u00e4 innovaatioideoita, jotka mahdollistavat kannattavan kasvun ja kilpailuedun tulevaisuuden radikaaleissakin murrosvaiheissa.<\/p>\n<p>Teoksen toimittajat <strong>Jyrki Kettunen<\/strong> ja <strong>Tarja Merist\u00f6<\/strong> ovat yhdess\u00e4 ja erikseen olleet mukana sadoissa ennakointi- ja skenaariohankkeissa yrityksiss\u00e4, toimialaj\u00e4rjest\u00f6iss\u00e4, koulutusorganisaatioissa, kunnissa ja valtion laitoksissa. J\u00e4lkik\u00e4teen tuloksia tarkasteltaessa on hyvi\u00e4 esimerkkej\u00e4 onnistumisista, mutta usein on ollut syyt\u00e4 my\u00f6s harmiin ja turhautumiseen, kun ty\u00f6n antamat selv\u00e4tkin vihjeet ovat j\u00e4\u00e4neet huomiotta ja yritys tai organisaatio tai jopa koko ala on ajautunut vaikeuksiin. My\u00f6s ilmeiselt\u00e4 n\u00e4ytt\u00e4nyt uusi avaus on j\u00e4\u00e4nyt odottamaan kilpailijoita.<\/p>\n<p>N\u00e4ist\u00e4 kokemuksista syntyi ajatus osoittaa, ett\u00e4 toisinkin voi olla.<strong> Sakari Alhopuro<\/strong> ja <strong>Kari Vuorinen<\/strong> kertovat l\u00e4\u00e4k\u00e4rikeskuksen ja paikallisen puhelinyhti\u00f6n toimista byrokratiaa ja kooltaan ylivoimaista kilpailijaa vastaan. <strong>Riitta Juvosen<\/strong> kemianteollisuutta ja <strong>Margareetta <\/strong><strong>Ollilan<\/strong> pakkausteollisuutta koskevat kertomukset koskevat toimialoja, joiden asiakasrajapinta on muuttuva ja sumea. T\u00e4m\u00e4 tekee ennakoinnista tavallistakin kiehtovampaa. Molemmilla aloilla on vahva ennakoinnin perinne eli ennakointi on jo aiemminkin koettu liiketoimintaa palvelevaksi. <strong>Anneli Manninen<\/strong> puolestaan pohtii alueellista koulutusennakointia, mik\u00e4 ik\u00e4luokkien pienetess\u00e4 tulee yh\u00e4 t\u00e4rke\u00e4mm\u00e4ksi. <strong>Esa Torniainen<\/strong> avaa median tulevaisuutta, mist\u00e4 jokainen intressiryhm\u00e4 on laatinut omat, toisistaan kovastikin poikkeavat ennakointinsa. Mets\u00e4sektori on esimerkki, jossa puute ei ole ennakoinneista, vaan niiden antamien tulosten hyv\u00e4ksik\u00e4yt\u00f6st\u00e4.<\/p>\n<p>Kirja on tarkoitettu johdolle ja kehitysty\u00f6n asiantuntijoille eri toimialoilla. Kirjan artikkeleista lukija saa konkreettisia esimerkkej\u00e4 siit\u00e4, miten ennakointity\u00f6t\u00e4 rohkeasti hy\u00f6dynt\u00e4m\u00e4ll\u00e4 voi luoda uutta liiketoimintaa ja muuttaa toimintaymp\u00e4rist\u00f6\u00e4.<\/p>\n","protected":false},"excerpt":{"rendered":"<p>Kirja koostuu seitsem\u00e4st\u00e4 kertomuksesta, joissa tarkastellaan ennakointi- ja innovaatioprosessien vuorovaikutusta ja k\u00e4ytt\u00f6\u00e4 yrityst\u00e4 uudistettaessa.<\/p>\n","protected":false},"featured_media":25678,"template":"","meta":{"_acf_changed":false,"_relevanssi_hide_post":"","_relevanssi_hide_content":"","_relevanssi_pin_for_all":"","_relevanssi_pin_keywords":"","_relevanssi_unpin_keywords":"","_relevanssi_related_keywords":"","_relevanssi_related_include_ids":"","_relevanssi_related_exclude_ids":"","_relevanssi_related_no_append":"","_relevanssi_related_not_related":"","_relevanssi_related_posts":"","_relevanssi_noindex_reason":"","inline_featured_image":false,"growthstack-ab-test":[],"growthstack-ab-test-views":[]},"product_brand":[],"product_cat":[808],"product_tag":[730],"class_list":{"0":"post-16192","1":"product","2":"type-product","3":"status-publish","4":"has-post-thumbnail","6":"product_cat-muut-julkaisut","7":"product_tag-liiketoiminta-ja-innovaatiot","8":"product_shipping_class-kirja","10":"first","11":"instock","12":"taxable","13":"shipping-taxable","14":"purchasable","15":"product-type-simple"},"acf":{"creators":"","member_discount":15,"attachments":null,"links":null,"product_recommendations":{"number_of_products":10,"recommendation_basis":"date"}},"yoast_head":"<!-- This site is optimized with the Yoast SEO Premium plugin v27.1 (Yoast SEO v27.4) - https:\/\/yoast.com\/product\/yoast-seo-premium-wordpress\/ -->\n<title>Seitsem\u00e4n tarinaa ennovaatiosta - Rohkea uudistaa ennakoiden - Teknologiateollisuus - J\u00e4senille<\/title>\n<meta name=\"robots\" content=\"index, follow, max-snippet:-1, max-image-preview:large, max-video-preview:-1\" \/>\n<link rel=\"canonical\" href=\"https:\/\/teknologiateollisuus.fi\/jasenille\/julkaisu\/seitseman-tarinaa-ennovaatiosta-rohkea-uudistaa-ennakoiden\/\" \/>\n<meta property=\"og:locale\" content=\"fi_FI\" \/>\n<meta property=\"og:type\" content=\"article\" \/>\n<meta property=\"og:title\" content=\"Seitsem\u00e4n tarinaa ennovaatiosta - Rohkea uudistaa ennakoiden\" \/>\n<meta property=\"og:description\" content=\"Kirja koostuu seitsem\u00e4st\u00e4 kertomuksesta, joissa tarkastellaan ennakointi- ja innovaatioprosessien vuorovaikutusta ja k\u00e4ytt\u00f6\u00e4 yrityst\u00e4 uudistettaessa.\" \/>\n<meta property=\"og:url\" content=\"https:\/\/teknologiateollisuus.fi\/jasenille\/julkaisu\/seitseman-tarinaa-ennovaatiosta-rohkea-uudistaa-ennakoiden\/\" \/>\n<meta property=\"og:site_name\" content=\"Teknologiateollisuus - J\u00e4senille\" \/>\n<meta property=\"article:modified_time\" content=\"2026-01-02T09:56:32+00:00\" \/>\n<meta property=\"og:image\" content=\"https:\/\/teknologiateollisuus.fi\/jasenille\/wp-content\/uploads\/sites\/1\/2024\/11\/kirja-ennovaatiosta-770-900.png\" \/>\n\t<meta property=\"og:image:width\" content=\"770\" \/>\n\t<meta property=\"og:image:height\" content=\"900\" \/>\n\t<meta property=\"og:image:type\" content=\"image\/png\" \/>\n<meta name=\"twitter:card\" content=\"summary_large_image\" \/>\n<meta name=\"twitter:label1\" content=\"Arvioitu lukuaika\" \/>\n\t<meta name=\"twitter:data1\" content=\"2 minuuttia\" \/>\n<script type=\"application\/ld+json\" class=\"yoast-schema-graph\">{\"@context\":\"https:\\\/\\\/schema.org\",\"@graph\":[{\"@type\":\"WebPage\",\"@id\":\"https:\\\/\\\/teknologiateollisuus.fi\\\/jasenille\\\/julkaisu\\\/seitseman-tarinaa-ennovaatiosta-rohkea-uudistaa-ennakoiden\\\/\",\"url\":\"https:\\\/\\\/teknologiateollisuus.fi\\\/jasenille\\\/julkaisu\\\/seitseman-tarinaa-ennovaatiosta-rohkea-uudistaa-ennakoiden\\\/\",\"name\":\"Seitsem\u00e4n tarinaa ennovaatiosta - Rohkea uudistaa ennakoiden - Teknologiateollisuus - J\u00e4senille\",\"isPartOf\":{\"@id\":\"https:\\\/\\\/teknologiateollisuus.fi\\\/jasenille\\\/#website\"},\"primaryImageOfPage\":{\"@id\":\"https:\\\/\\\/teknologiateollisuus.fi\\\/jasenille\\\/julkaisu\\\/seitseman-tarinaa-ennovaatiosta-rohkea-uudistaa-ennakoiden\\\/#primaryimage\"},\"image\":{\"@id\":\"https:\\\/\\\/teknologiateollisuus.fi\\\/jasenille\\\/julkaisu\\\/seitseman-tarinaa-ennovaatiosta-rohkea-uudistaa-ennakoiden\\\/#primaryimage\"},\"thumbnailUrl\":\"https:\\\/\\\/teknologiateollisuus.fi\\\/jasenille\\\/wp-content\\\/uploads\\\/sites\\\/1\\\/2024\\\/11\\\/kirja-ennovaatiosta-770-900.png\",\"datePublished\":\"2024-11-08T13:41:08+00:00\",\"dateModified\":\"2026-01-02T09:56:32+00:00\",\"breadcrumb\":{\"@id\":\"https:\\\/\\\/teknologiateollisuus.fi\\\/jasenille\\\/julkaisu\\\/seitseman-tarinaa-ennovaatiosta-rohkea-uudistaa-ennakoiden\\\/#breadcrumb\"},\"inLanguage\":\"fi\",\"potentialAction\":[{\"@type\":\"ReadAction\",\"target\":[\"https:\\\/\\\/teknologiateollisuus.fi\\\/jasenille\\\/julkaisu\\\/seitseman-tarinaa-ennovaatiosta-rohkea-uudistaa-ennakoiden\\\/\"]}]},{\"@type\":\"ImageObject\",\"inLanguage\":\"fi\",\"@id\":\"https:\\\/\\\/teknologiateollisuus.fi\\\/jasenille\\\/julkaisu\\\/seitseman-tarinaa-ennovaatiosta-rohkea-uudistaa-ennakoiden\\\/#primaryimage\",\"url\":\"https:\\\/\\\/teknologiateollisuus.fi\\\/jasenille\\\/wp-content\\\/uploads\\\/sites\\\/1\\\/2024\\\/11\\\/kirja-ennovaatiosta-770-900.png\",\"contentUrl\":\"https:\\\/\\\/teknologiateollisuus.fi\\\/jasenille\\\/wp-content\\\/uploads\\\/sites\\\/1\\\/2024\\\/11\\\/kirja-ennovaatiosta-770-900.png\",\"width\":770,\"height\":900},{\"@type\":\"BreadcrumbList\",\"@id\":\"https:\\\/\\\/teknologiateollisuus.fi\\\/jasenille\\\/julkaisu\\\/seitseman-tarinaa-ennovaatiosta-rohkea-uudistaa-ennakoiden\\\/#breadcrumb\",\"itemListElement\":[{\"@type\":\"ListItem\",\"position\":1,\"name\":\"Home\",\"item\":\"https:\\\/\\\/teknologiateollisuus.fi\\\/jasenille\\\/\"},{\"@type\":\"ListItem\",\"position\":2,\"name\":\"Kaikki julkaisut\",\"item\":\"https:\\\/\\\/teknologiateollisuus.fi\\\/jasenille\\\/palvelut\\\/julkaisut\\\/kaikki-julkaisut\\\/\"},{\"@type\":\"ListItem\",\"position\":3,\"name\":\"Seitsem\u00e4n tarinaa ennovaatiosta &#8211; Rohkea uudistaa ennakoiden\"}]},{\"@type\":\"WebSite\",\"@id\":\"https:\\\/\\\/teknologiateollisuus.fi\\\/jasenille\\\/#website\",\"url\":\"https:\\\/\\\/teknologiateollisuus.fi\\\/jasenille\\\/\",\"name\":\"Teknologiateollisuus - J\u00e4senille\",\"description\":\"\",\"publisher\":{\"@id\":\"https:\\\/\\\/teknologiateollisuus.fi\\\/jasenille\\\/#organization\"},\"potentialAction\":[{\"@type\":\"SearchAction\",\"target\":{\"@type\":\"EntryPoint\",\"urlTemplate\":\"https:\\\/\\\/teknologiateollisuus.fi\\\/jasenille\\\/?s={search_term_string}\"},\"query-input\":{\"@type\":\"PropertyValueSpecification\",\"valueRequired\":true,\"valueName\":\"search_term_string\"}}],\"inLanguage\":\"fi\"},{\"@type\":\"Organization\",\"@id\":\"https:\\\/\\\/teknologiateollisuus.fi\\\/jasenille\\\/#organization\",\"name\":\"Teknologiateollisuus - J\u00e4senille\",\"url\":\"https:\\\/\\\/teknologiateollisuus.fi\\\/jasenille\\\/\",\"logo\":{\"@type\":\"ImageObject\",\"inLanguage\":\"fi\",\"@id\":\"https:\\\/\\\/teknologiateollisuus.fi\\\/jasenille\\\/#\\\/schema\\\/logo\\\/image\\\/\",\"url\":\"https:\\\/\\\/teknologiateollisuus.fi\\\/jasenille\\\/wp-content\\\/uploads\\\/sites\\\/1\\\/2023\\\/10\\\/placeholder.png\",\"contentUrl\":\"https:\\\/\\\/teknologiateollisuus.fi\\\/jasenille\\\/wp-content\\\/uploads\\\/sites\\\/1\\\/2023\\\/10\\\/placeholder.png\",\"width\":2560,\"height\":1920,\"caption\":\"Teknologiateollisuus - J\u00e4senille\"},\"image\":{\"@id\":\"https:\\\/\\\/teknologiateollisuus.fi\\\/jasenille\\\/#\\\/schema\\\/logo\\\/image\\\/\"}}]}<\/script>\n<!-- \/ Yoast SEO Premium plugin. -->","yoast_head_json":{"title":"Seitsem\u00e4n tarinaa ennovaatiosta - Rohkea uudistaa ennakoiden - Teknologiateollisuus - J\u00e4senille","robots":{"index":"index","follow":"follow","max-snippet":"max-snippet:-1","max-image-preview":"max-image-preview:large","max-video-preview":"max-video-preview:-1"},"canonical":"https:\/\/teknologiateollisuus.fi\/jasenille\/julkaisu\/seitseman-tarinaa-ennovaatiosta-rohkea-uudistaa-ennakoiden\/","og_locale":"fi_FI","og_type":"article","og_title":"Seitsem\u00e4n tarinaa ennovaatiosta - Rohkea uudistaa ennakoiden","og_description":"Kirja koostuu seitsem\u00e4st\u00e4 kertomuksesta, joissa tarkastellaan ennakointi- ja innovaatioprosessien vuorovaikutusta ja k\u00e4ytt\u00f6\u00e4 yrityst\u00e4 uudistettaessa.","og_url":"https:\/\/teknologiateollisuus.fi\/jasenille\/julkaisu\/seitseman-tarinaa-ennovaatiosta-rohkea-uudistaa-ennakoiden\/","og_site_name":"Teknologiateollisuus - J\u00e4senille","article_modified_time":"2026-01-02T09:56:32+00:00","og_image":[{"width":770,"height":900,"url":"https:\/\/teknologiateollisuus.fi\/jasenille\/wp-content\/uploads\/sites\/1\/2024\/11\/kirja-ennovaatiosta-770-900.png","type":"image\/png"}],"twitter_card":"summary_large_image","twitter_misc":{"Arvioitu lukuaika":"2 minuuttia"},"schema":{"@context":"https:\/\/schema.org","@graph":[{"@type":"WebPage","@id":"https:\/\/teknologiateollisuus.fi\/jasenille\/julkaisu\/seitseman-tarinaa-ennovaatiosta-rohkea-uudistaa-ennakoiden\/","url":"https:\/\/teknologiateollisuus.fi\/jasenille\/julkaisu\/seitseman-tarinaa-ennovaatiosta-rohkea-uudistaa-ennakoiden\/","name":"Seitsem\u00e4n tarinaa ennovaatiosta - Rohkea uudistaa ennakoiden - Teknologiateollisuus - J\u00e4senille","isPartOf":{"@id":"https:\/\/teknologiateollisuus.fi\/jasenille\/#website"},"primaryImageOfPage":{"@id":"https:\/\/teknologiateollisuus.fi\/jasenille\/julkaisu\/seitseman-tarinaa-ennovaatiosta-rohkea-uudistaa-ennakoiden\/#primaryimage"},"image":{"@id":"https:\/\/teknologiateollisuus.fi\/jasenille\/julkaisu\/seitseman-tarinaa-ennovaatiosta-rohkea-uudistaa-ennakoiden\/#primaryimage"},"thumbnailUrl":"https:\/\/teknologiateollisuus.fi\/jasenille\/wp-content\/uploads\/sites\/1\/2024\/11\/kirja-ennovaatiosta-770-900.png","datePublished":"2024-11-08T13:41:08+00:00","dateModified":"2026-01-02T09:56:32+00:00","breadcrumb":{"@id":"https:\/\/teknologiateollisuus.fi\/jasenille\/julkaisu\/seitseman-tarinaa-ennovaatiosta-rohkea-uudistaa-ennakoiden\/#breadcrumb"},"inLanguage":"fi","potentialAction":[{"@type":"ReadAction","target":["https:\/\/teknologiateollisuus.fi\/jasenille\/julkaisu\/seitseman-tarinaa-ennovaatiosta-rohkea-uudistaa-ennakoiden\/"]}]},{"@type":"ImageObject","inLanguage":"fi","@id":"https:\/\/teknologiateollisuus.fi\/jasenille\/julkaisu\/seitseman-tarinaa-ennovaatiosta-rohkea-uudistaa-ennakoiden\/#primaryimage","url":"https:\/\/teknologiateollisuus.fi\/jasenille\/wp-content\/uploads\/sites\/1\/2024\/11\/kirja-ennovaatiosta-770-900.png","contentUrl":"https:\/\/teknologiateollisuus.fi\/jasenille\/wp-content\/uploads\/sites\/1\/2024\/11\/kirja-ennovaatiosta-770-900.png","width":770,"height":900},{"@type":"BreadcrumbList","@id":"https:\/\/teknologiateollisuus.fi\/jasenille\/julkaisu\/seitseman-tarinaa-ennovaatiosta-rohkea-uudistaa-ennakoiden\/#breadcrumb","itemListElement":[{"@type":"ListItem","position":1,"name":"Home","item":"https:\/\/teknologiateollisuus.fi\/jasenille\/"},{"@type":"ListItem","position":2,"name":"Kaikki julkaisut","item":"https:\/\/teknologiateollisuus.fi\/jasenille\/palvelut\/julkaisut\/kaikki-julkaisut\/"},{"@type":"ListItem","position":3,"name":"Seitsem\u00e4n tarinaa ennovaatiosta &#8211; Rohkea uudistaa ennakoiden"}]},{"@type":"WebSite","@id":"https:\/\/teknologiateollisuus.fi\/jasenille\/#website","url":"https:\/\/teknologiateollisuus.fi\/jasenille\/","name":"Teknologiateollisuus - J\u00e4senille","description":"","publisher":{"@id":"https:\/\/teknologiateollisuus.fi\/jasenille\/#organization"},"potentialAction":[{"@type":"SearchAction","target":{"@type":"EntryPoint","urlTemplate":"https:\/\/teknologiateollisuus.fi\/jasenille\/?s={search_term_string}"},"query-input":{"@type":"PropertyValueSpecification","valueRequired":true,"valueName":"search_term_string"}}],"inLanguage":"fi"},{"@type":"Organization","@id":"https:\/\/teknologiateollisuus.fi\/jasenille\/#organization","name":"Teknologiateollisuus - J\u00e4senille","url":"https:\/\/teknologiateollisuus.fi\/jasenille\/","logo":{"@type":"ImageObject","inLanguage":"fi","@id":"https:\/\/teknologiateollisuus.fi\/jasenille\/#\/schema\/logo\/image\/","url":"https:\/\/teknologiateollisuus.fi\/jasenille\/wp-content\/uploads\/sites\/1\/2023\/10\/placeholder.png","contentUrl":"https:\/\/teknologiateollisuus.fi\/jasenille\/wp-content\/uploads\/sites\/1\/2023\/10\/placeholder.png","width":2560,"height":1920,"caption":"Teknologiateollisuus - J\u00e4senille"},"image":{"@id":"https:\/\/teknologiateollisuus.fi\/jasenille\/#\/schema\/logo\/image\/"}}]}},"_links":{"self":[{"href":"https:\/\/teknologiateollisuus.fi\/jasenille\/wp-json\/wp\/v2\/product\/16192","targetHints":{"allow":["GET"]}}],"collection":[{"href":"https:\/\/teknologiateollisuus.fi\/jasenille\/wp-json\/wp\/v2\/product"}],"about":[{"href":"https:\/\/teknologiateollisuus.fi\/jasenille\/wp-json\/wp\/v2\/types\/product"}],"wp:featuredmedia":[{"embeddable":true,"href":"https:\/\/teknologiateollisuus.fi\/jasenille\/wp-json\/wp\/v2\/media\/25678"}],"wp:attachment":[{"href":"https:\/\/teknologiateollisuus.fi\/jasenille\/wp-json\/wp\/v2\/media?parent=16192"}],"wp:term":[{"taxonomy":"product_brand","embeddable":true,"href":"https:\/\/teknologiateollisuus.fi\/jasenille\/wp-json\/wp\/v2\/product_brand?post=16192"},{"taxonomy":"product_cat","embeddable":true,"href":"https:\/\/teknologiateollisuus.fi\/jasenille\/wp-json\/wp\/v2\/product_cat?post=16192"},{"taxonomy":"product_tag","embeddable":true,"href":"https:\/\/teknologiateollisuus.fi\/jasenille\/wp-json\/wp\/v2\/product_tag?post=16192"}],"curies":[{"name":"wp","href":"https:\/\/api.w.org\/{rel}","templated":true}]}}