{"id":16193,"date":"2024-11-08T15:59:07","date_gmt":"2024-11-08T13:59:07","guid":{"rendered":"https:\/\/teknologiateollisuus.fi\/jasenille\/?post_type=product&#038;p=16193"},"modified":"2026-01-02T11:53:21","modified_gmt":"2026-01-02T09:53:21","slug":"lampokasittelyoppi-1-lampokasittelytietoa-karkaisijoille","status":"publish","type":"product","link":"https:\/\/teknologiateollisuus.fi\/jasenille\/julkaisu\/lampokasittelyoppi-1-lampokasittelytietoa-karkaisijoille\/","title":{"rendered":"L\u00e4mp\u00f6k\u00e4sittelyoppi 1 &#8211; L\u00e4mp\u00f6k\u00e4sittelytietoa karkaisijoille"},"content":{"rendered":"<div class=\"field field-name-body field-type-text-with-summary field-label-hidden\">\n<div class=\"field-items\">\n<div class=\"field-item even\">\n<p>L\u00e4mp\u00f6k\u00e4sittelyoppi 1 &#8211;\u00a0 L\u00e4mp\u00f6k\u00e4sittelytietoa karkaisijoille\u202f on tarkoitettu etenkin l\u00e4mp\u00f6k\u00e4sittelyj\u00e4 suorittaville henkil\u00f6ille ja l\u00e4mp\u00f6k\u00e4sittelyit\u00e4 tilaavien henkil\u00f6iden avuksi materiaalin- ja tuotesuunnittelun sek\u00e4 l\u00e4mp\u00f6k\u00e4sittelytilausten osalta.<\/p>\n<p>Vuonna 2004 ensimm\u00e4isen kerran julkaistun L\u00e4mp\u00f6k\u00e4sittelyoppi-kirjan t\u00e4ysin uudistetussa versiossa esitet\u00e4\u00e4n\u202fl\u00e4mp\u00f6k\u00e4sittelyiden suoritusta yksityiskohtaisesti.\u202fKirjassa\u202fannetaan\u202fajankohtaista tietoa metallisten materiaalien ominaisuuksista ja keinoista muuttaa n\u00e4it\u00e4 ominaisuuksia l\u00e4mp\u00f6k\u00e4sittelyiden avulla.<\/p>\n<p>Kirja on helppotajuisesti kirjoitettu ja sen teksti etenee loogisesti. Kirjassa yhdistyy tieteellinen osaaminen ja k\u00e4yt\u00e4nn\u00f6nl\u00e4heisyys. Kirjan suunnittelussa ja toteuttamisessa on ollut vahvasti mukana Teknologiateollisuus ry:n L\u00e4mp\u00f6k\u00e4sittelyn ja takomoiden toimialaryhm\u00e4n hallitus, joka on pit\u00e4nyt huolta siit\u00e4, ett\u00e4 kirja on ajanmukainen ja palvelee my\u00f6s k\u00e4yt\u00e4nn\u00f6n ty\u00f6ss\u00e4. Siksi kirja soveltuu itseopiskelun lis\u00e4ksi oppimateriaaliksi yliopistoihin, korkeakouluihin sek\u00e4 teollisuuden t\u00e4ydennyskoulutuskursseille.<\/p>\n<\/div>\n<\/div>\n<\/div>\n","protected":false},"excerpt":{"rendered":"<p>L\u00e4mp\u00f6k\u00e4sittelyoppi 1 &#8211;\u00a0 L\u00e4mp\u00f6k\u00e4sittelytietoa karkaisijoille\u202f on tarkoitettu etenkin l\u00e4mp\u00f6k\u00e4sittelyj\u00e4 suorittaville henkil\u00f6ille ja l\u00e4mp\u00f6k\u00e4sittelyit\u00e4 tilaavien henkil\u00f6iden avuksi materiaalin- ja tuotesuunnittelun sek\u00e4 l\u00e4mp\u00f6k\u00e4sittelytilausten osalta.<\/p>\n","protected":false},"featured_media":25668,"template":"","meta":{"_acf_changed":false,"_relevanssi_hide_post":"","_relevanssi_hide_content":"","_relevanssi_pin_for_all":"","_relevanssi_pin_keywords":"","_relevanssi_unpin_keywords":"","_relevanssi_related_keywords":"","_relevanssi_related_include_ids":"","_relevanssi_related_exclude_ids":"","_relevanssi_related_no_append":"","_relevanssi_related_not_related":"","_relevanssi_related_posts":"","_relevanssi_noindex_reason":"","inline_featured_image":false,"growthstack-ab-test":[],"growthstack-ab-test-views":[]},"product_brand":[],"product_cat":[808],"product_tag":[731],"class_list":{"0":"post-16193","1":"product","2":"type-product","3":"status-publish","4":"has-post-thumbnail","6":"product_cat-muut-julkaisut","7":"product_tag-materiaalit","8":"product_shipping_class-kirja","10":"first","11":"instock","12":"taxable","13":"shipping-taxable","14":"purchasable","15":"product-type-simple"},"acf":{"creators":"Seppo Kivivuori","member_discount":15,"attachments":null,"links":null,"product_recommendations":{"number_of_products":10,"recommendation_basis":"date"}},"yoast_head":"<!-- This site is optimized with the Yoast SEO Premium plugin v27.1 (Yoast SEO v27.3) - https:\/\/yoast.com\/product\/yoast-seo-premium-wordpress\/ -->\n<title>L\u00e4mp\u00f6k\u00e4sittelyoppi 1 - L\u00e4mp\u00f6k\u00e4sittelytietoa karkaisijoille - Teknologiateollisuus - J\u00e4senille<\/title>\n<meta name=\"robots\" content=\"index, follow, max-snippet:-1, max-image-preview:large, max-video-preview:-1\" \/>\n<link rel=\"canonical\" href=\"https:\/\/teknologiateollisuus.fi\/jasenille\/julkaisu\/lampokasittelyoppi-1-lampokasittelytietoa-karkaisijoille\/\" \/>\n<meta property=\"og:locale\" content=\"fi_FI\" \/>\n<meta property=\"og:type\" content=\"article\" \/>\n<meta property=\"og:title\" content=\"L\u00e4mp\u00f6k\u00e4sittelyoppi 1 - L\u00e4mp\u00f6k\u00e4sittelytietoa karkaisijoille\" \/>\n<meta property=\"og:description\" content=\"L\u00e4mp\u00f6k\u00e4sittelyoppi 1 -\u00a0 L\u00e4mp\u00f6k\u00e4sittelytietoa karkaisijoille\u202f on tarkoitettu etenkin l\u00e4mp\u00f6k\u00e4sittelyj\u00e4 suorittaville henkil\u00f6ille ja l\u00e4mp\u00f6k\u00e4sittelyit\u00e4 tilaavien henkil\u00f6iden avuksi materiaalin- ja tuotesuunnittelun sek\u00e4 l\u00e4mp\u00f6k\u00e4sittelytilausten osalta.\" \/>\n<meta property=\"og:url\" content=\"https:\/\/teknologiateollisuus.fi\/jasenille\/julkaisu\/lampokasittelyoppi-1-lampokasittelytietoa-karkaisijoille\/\" \/>\n<meta property=\"og:site_name\" content=\"Teknologiateollisuus - J\u00e4senille\" \/>\n<meta property=\"article:modified_time\" content=\"2026-01-02T09:53:21+00:00\" \/>\n<meta property=\"og:image\" content=\"https:\/\/teknologiateollisuus.fi\/jasenille\/wp-content\/uploads\/sites\/1\/2024\/11\/kirja-lampokasittelyoppi1-770-900.jpg\" \/>\n\t<meta property=\"og:image:width\" content=\"770\" \/>\n\t<meta property=\"og:image:height\" content=\"900\" \/>\n\t<meta property=\"og:image:type\" content=\"image\/jpeg\" \/>\n<meta name=\"twitter:card\" content=\"summary_large_image\" \/>\n<meta name=\"twitter:label1\" content=\"Arvioitu lukuaika\" \/>\n\t<meta name=\"twitter:data1\" content=\"1 minuutti\" \/>\n<script type=\"application\/ld+json\" class=\"yoast-schema-graph\">{\"@context\":\"https:\\\/\\\/schema.org\",\"@graph\":[{\"@type\":\"WebPage\",\"@id\":\"https:\\\/\\\/teknologiateollisuus.fi\\\/jasenille\\\/julkaisu\\\/lampokasittelyoppi-1-lampokasittelytietoa-karkaisijoille\\\/\",\"url\":\"https:\\\/\\\/teknologiateollisuus.fi\\\/jasenille\\\/julkaisu\\\/lampokasittelyoppi-1-lampokasittelytietoa-karkaisijoille\\\/\",\"name\":\"L\u00e4mp\u00f6k\u00e4sittelyoppi 1 - L\u00e4mp\u00f6k\u00e4sittelytietoa karkaisijoille - Teknologiateollisuus - J\u00e4senille\",\"isPartOf\":{\"@id\":\"https:\\\/\\\/teknologiateollisuus.fi\\\/jasenille\\\/#website\"},\"primaryImageOfPage\":{\"@id\":\"https:\\\/\\\/teknologiateollisuus.fi\\\/jasenille\\\/julkaisu\\\/lampokasittelyoppi-1-lampokasittelytietoa-karkaisijoille\\\/#primaryimage\"},\"image\":{\"@id\":\"https:\\\/\\\/teknologiateollisuus.fi\\\/jasenille\\\/julkaisu\\\/lampokasittelyoppi-1-lampokasittelytietoa-karkaisijoille\\\/#primaryimage\"},\"thumbnailUrl\":\"https:\\\/\\\/teknologiateollisuus.fi\\\/jasenille\\\/wp-content\\\/uploads\\\/sites\\\/1\\\/2024\\\/11\\\/kirja-lampokasittelyoppi1-770-900.jpg\",\"datePublished\":\"2024-11-08T13:59:07+00:00\",\"dateModified\":\"2026-01-02T09:53:21+00:00\",\"breadcrumb\":{\"@id\":\"https:\\\/\\\/teknologiateollisuus.fi\\\/jasenille\\\/julkaisu\\\/lampokasittelyoppi-1-lampokasittelytietoa-karkaisijoille\\\/#breadcrumb\"},\"inLanguage\":\"fi\",\"potentialAction\":[{\"@type\":\"ReadAction\",\"target\":[\"https:\\\/\\\/teknologiateollisuus.fi\\\/jasenille\\\/julkaisu\\\/lampokasittelyoppi-1-lampokasittelytietoa-karkaisijoille\\\/\"]}]},{\"@type\":\"ImageObject\",\"inLanguage\":\"fi\",\"@id\":\"https:\\\/\\\/teknologiateollisuus.fi\\\/jasenille\\\/julkaisu\\\/lampokasittelyoppi-1-lampokasittelytietoa-karkaisijoille\\\/#primaryimage\",\"url\":\"https:\\\/\\\/teknologiateollisuus.fi\\\/jasenille\\\/wp-content\\\/uploads\\\/sites\\\/1\\\/2024\\\/11\\\/kirja-lampokasittelyoppi1-770-900.jpg\",\"contentUrl\":\"https:\\\/\\\/teknologiateollisuus.fi\\\/jasenille\\\/wp-content\\\/uploads\\\/sites\\\/1\\\/2024\\\/11\\\/kirja-lampokasittelyoppi1-770-900.jpg\",\"width\":770,\"height\":900},{\"@type\":\"BreadcrumbList\",\"@id\":\"https:\\\/\\\/teknologiateollisuus.fi\\\/jasenille\\\/julkaisu\\\/lampokasittelyoppi-1-lampokasittelytietoa-karkaisijoille\\\/#breadcrumb\",\"itemListElement\":[{\"@type\":\"ListItem\",\"position\":1,\"name\":\"Home\",\"item\":\"https:\\\/\\\/teknologiateollisuus.fi\\\/jasenille\\\/\"},{\"@type\":\"ListItem\",\"position\":2,\"name\":\"Kaikki julkaisut\",\"item\":\"https:\\\/\\\/teknologiateollisuus.fi\\\/jasenille\\\/palvelut\\\/julkaisut\\\/kaikki-julkaisut\\\/\"},{\"@type\":\"ListItem\",\"position\":3,\"name\":\"L\u00e4mp\u00f6k\u00e4sittelyoppi 1 &#8211; L\u00e4mp\u00f6k\u00e4sittelytietoa karkaisijoille\"}]},{\"@type\":\"WebSite\",\"@id\":\"https:\\\/\\\/teknologiateollisuus.fi\\\/jasenille\\\/#website\",\"url\":\"https:\\\/\\\/teknologiateollisuus.fi\\\/jasenille\\\/\",\"name\":\"Teknologiateollisuus - J\u00e4senille\",\"description\":\"\",\"publisher\":{\"@id\":\"https:\\\/\\\/teknologiateollisuus.fi\\\/jasenille\\\/#organization\"},\"potentialAction\":[{\"@type\":\"SearchAction\",\"target\":{\"@type\":\"EntryPoint\",\"urlTemplate\":\"https:\\\/\\\/teknologiateollisuus.fi\\\/jasenille\\\/?s={search_term_string}\"},\"query-input\":{\"@type\":\"PropertyValueSpecification\",\"valueRequired\":true,\"valueName\":\"search_term_string\"}}],\"inLanguage\":\"fi\"},{\"@type\":\"Organization\",\"@id\":\"https:\\\/\\\/teknologiateollisuus.fi\\\/jasenille\\\/#organization\",\"name\":\"Teknologiateollisuus - J\u00e4senille\",\"url\":\"https:\\\/\\\/teknologiateollisuus.fi\\\/jasenille\\\/\",\"logo\":{\"@type\":\"ImageObject\",\"inLanguage\":\"fi\",\"@id\":\"https:\\\/\\\/teknologiateollisuus.fi\\\/jasenille\\\/#\\\/schema\\\/logo\\\/image\\\/\",\"url\":\"https:\\\/\\\/teknologiateollisuus.fi\\\/jasenille\\\/wp-content\\\/uploads\\\/sites\\\/1\\\/2023\\\/10\\\/placeholder.png\",\"contentUrl\":\"https:\\\/\\\/teknologiateollisuus.fi\\\/jasenille\\\/wp-content\\\/uploads\\\/sites\\\/1\\\/2023\\\/10\\\/placeholder.png\",\"width\":2560,\"height\":1920,\"caption\":\"Teknologiateollisuus - J\u00e4senille\"},\"image\":{\"@id\":\"https:\\\/\\\/teknologiateollisuus.fi\\\/jasenille\\\/#\\\/schema\\\/logo\\\/image\\\/\"}}]}<\/script>\n<!-- \/ Yoast SEO Premium plugin. -->","yoast_head_json":{"title":"L\u00e4mp\u00f6k\u00e4sittelyoppi 1 - L\u00e4mp\u00f6k\u00e4sittelytietoa karkaisijoille - Teknologiateollisuus - J\u00e4senille","robots":{"index":"index","follow":"follow","max-snippet":"max-snippet:-1","max-image-preview":"max-image-preview:large","max-video-preview":"max-video-preview:-1"},"canonical":"https:\/\/teknologiateollisuus.fi\/jasenille\/julkaisu\/lampokasittelyoppi-1-lampokasittelytietoa-karkaisijoille\/","og_locale":"fi_FI","og_type":"article","og_title":"L\u00e4mp\u00f6k\u00e4sittelyoppi 1 - L\u00e4mp\u00f6k\u00e4sittelytietoa karkaisijoille","og_description":"L\u00e4mp\u00f6k\u00e4sittelyoppi 1 -\u00a0 L\u00e4mp\u00f6k\u00e4sittelytietoa karkaisijoille\u202f on tarkoitettu etenkin l\u00e4mp\u00f6k\u00e4sittelyj\u00e4 suorittaville henkil\u00f6ille ja l\u00e4mp\u00f6k\u00e4sittelyit\u00e4 tilaavien henkil\u00f6iden avuksi materiaalin- ja tuotesuunnittelun sek\u00e4 l\u00e4mp\u00f6k\u00e4sittelytilausten osalta.","og_url":"https:\/\/teknologiateollisuus.fi\/jasenille\/julkaisu\/lampokasittelyoppi-1-lampokasittelytietoa-karkaisijoille\/","og_site_name":"Teknologiateollisuus - J\u00e4senille","article_modified_time":"2026-01-02T09:53:21+00:00","og_image":[{"width":770,"height":900,"url":"https:\/\/teknologiateollisuus.fi\/jasenille\/wp-content\/uploads\/sites\/1\/2024\/11\/kirja-lampokasittelyoppi1-770-900.jpg","type":"image\/jpeg"}],"twitter_card":"summary_large_image","twitter_misc":{"Arvioitu lukuaika":"1 minuutti"},"schema":{"@context":"https:\/\/schema.org","@graph":[{"@type":"WebPage","@id":"https:\/\/teknologiateollisuus.fi\/jasenille\/julkaisu\/lampokasittelyoppi-1-lampokasittelytietoa-karkaisijoille\/","url":"https:\/\/teknologiateollisuus.fi\/jasenille\/julkaisu\/lampokasittelyoppi-1-lampokasittelytietoa-karkaisijoille\/","name":"L\u00e4mp\u00f6k\u00e4sittelyoppi 1 - L\u00e4mp\u00f6k\u00e4sittelytietoa karkaisijoille - Teknologiateollisuus - J\u00e4senille","isPartOf":{"@id":"https:\/\/teknologiateollisuus.fi\/jasenille\/#website"},"primaryImageOfPage":{"@id":"https:\/\/teknologiateollisuus.fi\/jasenille\/julkaisu\/lampokasittelyoppi-1-lampokasittelytietoa-karkaisijoille\/#primaryimage"},"image":{"@id":"https:\/\/teknologiateollisuus.fi\/jasenille\/julkaisu\/lampokasittelyoppi-1-lampokasittelytietoa-karkaisijoille\/#primaryimage"},"thumbnailUrl":"https:\/\/teknologiateollisuus.fi\/jasenille\/wp-content\/uploads\/sites\/1\/2024\/11\/kirja-lampokasittelyoppi1-770-900.jpg","datePublished":"2024-11-08T13:59:07+00:00","dateModified":"2026-01-02T09:53:21+00:00","breadcrumb":{"@id":"https:\/\/teknologiateollisuus.fi\/jasenille\/julkaisu\/lampokasittelyoppi-1-lampokasittelytietoa-karkaisijoille\/#breadcrumb"},"inLanguage":"fi","potentialAction":[{"@type":"ReadAction","target":["https:\/\/teknologiateollisuus.fi\/jasenille\/julkaisu\/lampokasittelyoppi-1-lampokasittelytietoa-karkaisijoille\/"]}]},{"@type":"ImageObject","inLanguage":"fi","@id":"https:\/\/teknologiateollisuus.fi\/jasenille\/julkaisu\/lampokasittelyoppi-1-lampokasittelytietoa-karkaisijoille\/#primaryimage","url":"https:\/\/teknologiateollisuus.fi\/jasenille\/wp-content\/uploads\/sites\/1\/2024\/11\/kirja-lampokasittelyoppi1-770-900.jpg","contentUrl":"https:\/\/teknologiateollisuus.fi\/jasenille\/wp-content\/uploads\/sites\/1\/2024\/11\/kirja-lampokasittelyoppi1-770-900.jpg","width":770,"height":900},{"@type":"BreadcrumbList","@id":"https:\/\/teknologiateollisuus.fi\/jasenille\/julkaisu\/lampokasittelyoppi-1-lampokasittelytietoa-karkaisijoille\/#breadcrumb","itemListElement":[{"@type":"ListItem","position":1,"name":"Home","item":"https:\/\/teknologiateollisuus.fi\/jasenille\/"},{"@type":"ListItem","position":2,"name":"Kaikki julkaisut","item":"https:\/\/teknologiateollisuus.fi\/jasenille\/palvelut\/julkaisut\/kaikki-julkaisut\/"},{"@type":"ListItem","position":3,"name":"L\u00e4mp\u00f6k\u00e4sittelyoppi 1 &#8211; L\u00e4mp\u00f6k\u00e4sittelytietoa karkaisijoille"}]},{"@type":"WebSite","@id":"https:\/\/teknologiateollisuus.fi\/jasenille\/#website","url":"https:\/\/teknologiateollisuus.fi\/jasenille\/","name":"Teknologiateollisuus - J\u00e4senille","description":"","publisher":{"@id":"https:\/\/teknologiateollisuus.fi\/jasenille\/#organization"},"potentialAction":[{"@type":"SearchAction","target":{"@type":"EntryPoint","urlTemplate":"https:\/\/teknologiateollisuus.fi\/jasenille\/?s={search_term_string}"},"query-input":{"@type":"PropertyValueSpecification","valueRequired":true,"valueName":"search_term_string"}}],"inLanguage":"fi"},{"@type":"Organization","@id":"https:\/\/teknologiateollisuus.fi\/jasenille\/#organization","name":"Teknologiateollisuus - J\u00e4senille","url":"https:\/\/teknologiateollisuus.fi\/jasenille\/","logo":{"@type":"ImageObject","inLanguage":"fi","@id":"https:\/\/teknologiateollisuus.fi\/jasenille\/#\/schema\/logo\/image\/","url":"https:\/\/teknologiateollisuus.fi\/jasenille\/wp-content\/uploads\/sites\/1\/2023\/10\/placeholder.png","contentUrl":"https:\/\/teknologiateollisuus.fi\/jasenille\/wp-content\/uploads\/sites\/1\/2023\/10\/placeholder.png","width":2560,"height":1920,"caption":"Teknologiateollisuus - J\u00e4senille"},"image":{"@id":"https:\/\/teknologiateollisuus.fi\/jasenille\/#\/schema\/logo\/image\/"}}]}},"_links":{"self":[{"href":"https:\/\/teknologiateollisuus.fi\/jasenille\/wp-json\/wp\/v2\/product\/16193","targetHints":{"allow":["GET"]}}],"collection":[{"href":"https:\/\/teknologiateollisuus.fi\/jasenille\/wp-json\/wp\/v2\/product"}],"about":[{"href":"https:\/\/teknologiateollisuus.fi\/jasenille\/wp-json\/wp\/v2\/types\/product"}],"wp:featuredmedia":[{"embeddable":true,"href":"https:\/\/teknologiateollisuus.fi\/jasenille\/wp-json\/wp\/v2\/media\/25668"}],"wp:attachment":[{"href":"https:\/\/teknologiateollisuus.fi\/jasenille\/wp-json\/wp\/v2\/media?parent=16193"}],"wp:term":[{"taxonomy":"product_brand","embeddable":true,"href":"https:\/\/teknologiateollisuus.fi\/jasenille\/wp-json\/wp\/v2\/product_brand?post=16193"},{"taxonomy":"product_cat","embeddable":true,"href":"https:\/\/teknologiateollisuus.fi\/jasenille\/wp-json\/wp\/v2\/product_cat?post=16193"},{"taxonomy":"product_tag","embeddable":true,"href":"https:\/\/teknologiateollisuus.fi\/jasenille\/wp-json\/wp\/v2\/product_tag?post=16193"}],"curies":[{"name":"wp","href":"https:\/\/api.w.org\/{rel}","templated":true}]}}