{"id":16194,"date":"2024-11-08T16:04:41","date_gmt":"2024-11-08T14:04:41","guid":{"rendered":"https:\/\/teknologiateollisuus.fi\/jasenille\/?post_type=product&#038;p=16194"},"modified":"2026-01-02T11:53:46","modified_gmt":"2026-01-02T09:53:46","slug":"lampokasittelyoppi-2-lampokasittelytietoa-suunnittelijoille","status":"publish","type":"product","link":"https:\/\/teknologiateollisuus.fi\/jasenille\/julkaisu\/lampokasittelyoppi-2-lampokasittelytietoa-suunnittelijoille\/","title":{"rendered":"L\u00e4mp\u00f6k\u00e4sittelyoppi 2 &#8211; L\u00e4mp\u00f6k\u00e4sittelytietoa suunnittelijoille"},"content":{"rendered":"<div class=\"field field-name-body field-type-text-with-summary field-label-hidden\">\n<div class=\"field-items\">\n<div class=\"field-item even\">\n<p>Ter\u00e4s on aikakautemme t\u00e4rkein metallinen rakenneaine, jonka ominaisuuksia voidaan muunnella laajalla alueella. Seostuksen ohella yksi t\u00e4rkeimmist\u00e4 materiaaliominaisuuksien muuntamisen keinoista on l\u00e4mp\u00f6k\u00e4sittely. Erilaisia l\u00e4mp\u00f6k\u00e4sittelymenetelmi\u00e4 on runsaasti, mik\u00e4 edellytt\u00e4\u00e4 alan osaamista niin tuotesuunnittelijoilta kuin l\u00e4mp\u00f6k\u00e4sittelyiden ostajiltakin.<\/p>\n<p>Teknologiateollisuuden L\u00e4mp\u00f6k\u00e4sittely ja takomot -toimialaryhm\u00e4n aloitteesta alan tuorein tieto on nyt koottu yksiin kansiin. L\u00e4mp\u00f6k\u00e4sittelyoppi 2 \u2013 L\u00e4mp\u00f6k\u00e4sittelytietoa suunnittelijoille -kirjassa on ajankohtaista tietoa metallisten materiaalien, etenkin ter\u00e4sten ominaisuuksista sek\u00e4 keinoista muuttaa n\u00e4it\u00e4 ominaisuuksia l\u00e4mp\u00f6k\u00e4sittelyiden avulla.<\/p>\n<p>Kirja on tarkoitettu etenkin tuotteiden suunnittelijoiden ja l\u00e4mp\u00f6k\u00e4sittelyit\u00e4 tilaavien henkil\u00f6iden avuksi materiaali- ja tuotesuunnittelun sek\u00e4 helpottamaan l\u00e4mp\u00f6k\u00e4sittely- ja jatkojalostustilausten tekemist\u00e4.<\/p>\n<\/div>\n<\/div>\n<\/div>\n","protected":false},"excerpt":{"rendered":"<p>Kirja on tarkoitettu etenkin tuotteiden suunnittelijoiden ja l\u00e4mp\u00f6k\u00e4sittelyit\u00e4 tilaavien henkil\u00f6iden avuksi materiaali- ja tuotesuunnittelun sek\u00e4 helpottamaan l\u00e4mp\u00f6k\u00e4sittely- ja jatkojalostustilausten tekemist\u00e4.<\/p>\n","protected":false},"featured_media":25669,"template":"","meta":{"_acf_changed":false,"_relevanssi_hide_post":"","_relevanssi_hide_content":"","_relevanssi_pin_for_all":"","_relevanssi_pin_keywords":"","_relevanssi_unpin_keywords":"","_relevanssi_related_keywords":"","_relevanssi_related_include_ids":"","_relevanssi_related_exclude_ids":"","_relevanssi_related_no_append":"","_relevanssi_related_not_related":"","_relevanssi_related_posts":"","_relevanssi_noindex_reason":"","inline_featured_image":false,"growthstack-ab-test":[],"growthstack-ab-test-views":[]},"product_brand":[],"product_cat":[808],"product_tag":[731],"class_list":{"0":"post-16194","1":"product","2":"type-product","3":"status-publish","4":"has-post-thumbnail","6":"product_cat-muut-julkaisut","7":"product_tag-materiaalit","8":"product_shipping_class-kirja","10":"first","11":"instock","12":"taxable","13":"shipping-taxable","14":"purchasable","15":"product-type-simple"},"acf":{"creators":"Seppo Kivivuori","member_discount":15,"attachments":null,"links":null,"product_recommendations":{"number_of_products":10,"recommendation_basis":"date"}},"yoast_head":"<!-- This site is optimized with the Yoast SEO Premium plugin v27.1 (Yoast SEO v27.3) - https:\/\/yoast.com\/product\/yoast-seo-premium-wordpress\/ -->\n<title>L\u00e4mp\u00f6k\u00e4sittelyoppi 2 - L\u00e4mp\u00f6k\u00e4sittelytietoa suunnittelijoille - Teknologiateollisuus - J\u00e4senille<\/title>\n<meta name=\"robots\" content=\"index, follow, max-snippet:-1, max-image-preview:large, max-video-preview:-1\" \/>\n<link rel=\"canonical\" href=\"https:\/\/teknologiateollisuus.fi\/jasenille\/julkaisu\/lampokasittelyoppi-2-lampokasittelytietoa-suunnittelijoille\/\" \/>\n<meta property=\"og:locale\" content=\"fi_FI\" \/>\n<meta property=\"og:type\" content=\"article\" \/>\n<meta property=\"og:title\" content=\"L\u00e4mp\u00f6k\u00e4sittelyoppi 2 - L\u00e4mp\u00f6k\u00e4sittelytietoa suunnittelijoille\" \/>\n<meta property=\"og:description\" content=\"Kirja on tarkoitettu etenkin tuotteiden suunnittelijoiden ja l\u00e4mp\u00f6k\u00e4sittelyit\u00e4 tilaavien henkil\u00f6iden avuksi materiaali- ja tuotesuunnittelun sek\u00e4 helpottamaan l\u00e4mp\u00f6k\u00e4sittely- ja jatkojalostustilausten tekemist\u00e4.\" \/>\n<meta property=\"og:url\" content=\"https:\/\/teknologiateollisuus.fi\/jasenille\/julkaisu\/lampokasittelyoppi-2-lampokasittelytietoa-suunnittelijoille\/\" \/>\n<meta property=\"og:site_name\" content=\"Teknologiateollisuus - J\u00e4senille\" \/>\n<meta property=\"article:modified_time\" content=\"2026-01-02T09:53:46+00:00\" \/>\n<meta property=\"og:image\" content=\"https:\/\/teknologiateollisuus.fi\/jasenille\/wp-content\/uploads\/sites\/1\/2024\/11\/kirja-lampokasittelyoppi2-770-900.jpg\" \/>\n\t<meta property=\"og:image:width\" content=\"770\" \/>\n\t<meta property=\"og:image:height\" content=\"900\" \/>\n\t<meta property=\"og:image:type\" content=\"image\/jpeg\" \/>\n<meta name=\"twitter:card\" content=\"summary_large_image\" \/>\n<meta name=\"twitter:label1\" content=\"Arvioitu lukuaika\" \/>\n\t<meta name=\"twitter:data1\" content=\"1 minuutti\" \/>\n<script type=\"application\/ld+json\" class=\"yoast-schema-graph\">{\"@context\":\"https:\\\/\\\/schema.org\",\"@graph\":[{\"@type\":\"WebPage\",\"@id\":\"https:\\\/\\\/teknologiateollisuus.fi\\\/jasenille\\\/julkaisu\\\/lampokasittelyoppi-2-lampokasittelytietoa-suunnittelijoille\\\/\",\"url\":\"https:\\\/\\\/teknologiateollisuus.fi\\\/jasenille\\\/julkaisu\\\/lampokasittelyoppi-2-lampokasittelytietoa-suunnittelijoille\\\/\",\"name\":\"L\u00e4mp\u00f6k\u00e4sittelyoppi 2 - L\u00e4mp\u00f6k\u00e4sittelytietoa suunnittelijoille - Teknologiateollisuus - J\u00e4senille\",\"isPartOf\":{\"@id\":\"https:\\\/\\\/teknologiateollisuus.fi\\\/jasenille\\\/#website\"},\"primaryImageOfPage\":{\"@id\":\"https:\\\/\\\/teknologiateollisuus.fi\\\/jasenille\\\/julkaisu\\\/lampokasittelyoppi-2-lampokasittelytietoa-suunnittelijoille\\\/#primaryimage\"},\"image\":{\"@id\":\"https:\\\/\\\/teknologiateollisuus.fi\\\/jasenille\\\/julkaisu\\\/lampokasittelyoppi-2-lampokasittelytietoa-suunnittelijoille\\\/#primaryimage\"},\"thumbnailUrl\":\"https:\\\/\\\/teknologiateollisuus.fi\\\/jasenille\\\/wp-content\\\/uploads\\\/sites\\\/1\\\/2024\\\/11\\\/kirja-lampokasittelyoppi2-770-900.jpg\",\"datePublished\":\"2024-11-08T14:04:41+00:00\",\"dateModified\":\"2026-01-02T09:53:46+00:00\",\"breadcrumb\":{\"@id\":\"https:\\\/\\\/teknologiateollisuus.fi\\\/jasenille\\\/julkaisu\\\/lampokasittelyoppi-2-lampokasittelytietoa-suunnittelijoille\\\/#breadcrumb\"},\"inLanguage\":\"fi\",\"potentialAction\":[{\"@type\":\"ReadAction\",\"target\":[\"https:\\\/\\\/teknologiateollisuus.fi\\\/jasenille\\\/julkaisu\\\/lampokasittelyoppi-2-lampokasittelytietoa-suunnittelijoille\\\/\"]}]},{\"@type\":\"ImageObject\",\"inLanguage\":\"fi\",\"@id\":\"https:\\\/\\\/teknologiateollisuus.fi\\\/jasenille\\\/julkaisu\\\/lampokasittelyoppi-2-lampokasittelytietoa-suunnittelijoille\\\/#primaryimage\",\"url\":\"https:\\\/\\\/teknologiateollisuus.fi\\\/jasenille\\\/wp-content\\\/uploads\\\/sites\\\/1\\\/2024\\\/11\\\/kirja-lampokasittelyoppi2-770-900.jpg\",\"contentUrl\":\"https:\\\/\\\/teknologiateollisuus.fi\\\/jasenille\\\/wp-content\\\/uploads\\\/sites\\\/1\\\/2024\\\/11\\\/kirja-lampokasittelyoppi2-770-900.jpg\",\"width\":770,\"height\":900},{\"@type\":\"BreadcrumbList\",\"@id\":\"https:\\\/\\\/teknologiateollisuus.fi\\\/jasenille\\\/julkaisu\\\/lampokasittelyoppi-2-lampokasittelytietoa-suunnittelijoille\\\/#breadcrumb\",\"itemListElement\":[{\"@type\":\"ListItem\",\"position\":1,\"name\":\"Home\",\"item\":\"https:\\\/\\\/teknologiateollisuus.fi\\\/jasenille\\\/\"},{\"@type\":\"ListItem\",\"position\":2,\"name\":\"Kaikki julkaisut\",\"item\":\"https:\\\/\\\/teknologiateollisuus.fi\\\/jasenille\\\/palvelut\\\/julkaisut\\\/kaikki-julkaisut\\\/\"},{\"@type\":\"ListItem\",\"position\":3,\"name\":\"L\u00e4mp\u00f6k\u00e4sittelyoppi 2 &#8211; L\u00e4mp\u00f6k\u00e4sittelytietoa suunnittelijoille\"}]},{\"@type\":\"WebSite\",\"@id\":\"https:\\\/\\\/teknologiateollisuus.fi\\\/jasenille\\\/#website\",\"url\":\"https:\\\/\\\/teknologiateollisuus.fi\\\/jasenille\\\/\",\"name\":\"Teknologiateollisuus - J\u00e4senille\",\"description\":\"\",\"publisher\":{\"@id\":\"https:\\\/\\\/teknologiateollisuus.fi\\\/jasenille\\\/#organization\"},\"potentialAction\":[{\"@type\":\"SearchAction\",\"target\":{\"@type\":\"EntryPoint\",\"urlTemplate\":\"https:\\\/\\\/teknologiateollisuus.fi\\\/jasenille\\\/?s={search_term_string}\"},\"query-input\":{\"@type\":\"PropertyValueSpecification\",\"valueRequired\":true,\"valueName\":\"search_term_string\"}}],\"inLanguage\":\"fi\"},{\"@type\":\"Organization\",\"@id\":\"https:\\\/\\\/teknologiateollisuus.fi\\\/jasenille\\\/#organization\",\"name\":\"Teknologiateollisuus - J\u00e4senille\",\"url\":\"https:\\\/\\\/teknologiateollisuus.fi\\\/jasenille\\\/\",\"logo\":{\"@type\":\"ImageObject\",\"inLanguage\":\"fi\",\"@id\":\"https:\\\/\\\/teknologiateollisuus.fi\\\/jasenille\\\/#\\\/schema\\\/logo\\\/image\\\/\",\"url\":\"https:\\\/\\\/teknologiateollisuus.fi\\\/jasenille\\\/wp-content\\\/uploads\\\/sites\\\/1\\\/2023\\\/10\\\/placeholder.png\",\"contentUrl\":\"https:\\\/\\\/teknologiateollisuus.fi\\\/jasenille\\\/wp-content\\\/uploads\\\/sites\\\/1\\\/2023\\\/10\\\/placeholder.png\",\"width\":2560,\"height\":1920,\"caption\":\"Teknologiateollisuus - J\u00e4senille\"},\"image\":{\"@id\":\"https:\\\/\\\/teknologiateollisuus.fi\\\/jasenille\\\/#\\\/schema\\\/logo\\\/image\\\/\"}}]}<\/script>\n<!-- \/ Yoast SEO Premium plugin. -->","yoast_head_json":{"title":"L\u00e4mp\u00f6k\u00e4sittelyoppi 2 - L\u00e4mp\u00f6k\u00e4sittelytietoa suunnittelijoille - Teknologiateollisuus - J\u00e4senille","robots":{"index":"index","follow":"follow","max-snippet":"max-snippet:-1","max-image-preview":"max-image-preview:large","max-video-preview":"max-video-preview:-1"},"canonical":"https:\/\/teknologiateollisuus.fi\/jasenille\/julkaisu\/lampokasittelyoppi-2-lampokasittelytietoa-suunnittelijoille\/","og_locale":"fi_FI","og_type":"article","og_title":"L\u00e4mp\u00f6k\u00e4sittelyoppi 2 - L\u00e4mp\u00f6k\u00e4sittelytietoa suunnittelijoille","og_description":"Kirja on tarkoitettu etenkin tuotteiden suunnittelijoiden ja l\u00e4mp\u00f6k\u00e4sittelyit\u00e4 tilaavien henkil\u00f6iden avuksi materiaali- ja tuotesuunnittelun sek\u00e4 helpottamaan l\u00e4mp\u00f6k\u00e4sittely- ja jatkojalostustilausten tekemist\u00e4.","og_url":"https:\/\/teknologiateollisuus.fi\/jasenille\/julkaisu\/lampokasittelyoppi-2-lampokasittelytietoa-suunnittelijoille\/","og_site_name":"Teknologiateollisuus - J\u00e4senille","article_modified_time":"2026-01-02T09:53:46+00:00","og_image":[{"width":770,"height":900,"url":"https:\/\/teknologiateollisuus.fi\/jasenille\/wp-content\/uploads\/sites\/1\/2024\/11\/kirja-lampokasittelyoppi2-770-900.jpg","type":"image\/jpeg"}],"twitter_card":"summary_large_image","twitter_misc":{"Arvioitu lukuaika":"1 minuutti"},"schema":{"@context":"https:\/\/schema.org","@graph":[{"@type":"WebPage","@id":"https:\/\/teknologiateollisuus.fi\/jasenille\/julkaisu\/lampokasittelyoppi-2-lampokasittelytietoa-suunnittelijoille\/","url":"https:\/\/teknologiateollisuus.fi\/jasenille\/julkaisu\/lampokasittelyoppi-2-lampokasittelytietoa-suunnittelijoille\/","name":"L\u00e4mp\u00f6k\u00e4sittelyoppi 2 - L\u00e4mp\u00f6k\u00e4sittelytietoa suunnittelijoille - Teknologiateollisuus - J\u00e4senille","isPartOf":{"@id":"https:\/\/teknologiateollisuus.fi\/jasenille\/#website"},"primaryImageOfPage":{"@id":"https:\/\/teknologiateollisuus.fi\/jasenille\/julkaisu\/lampokasittelyoppi-2-lampokasittelytietoa-suunnittelijoille\/#primaryimage"},"image":{"@id":"https:\/\/teknologiateollisuus.fi\/jasenille\/julkaisu\/lampokasittelyoppi-2-lampokasittelytietoa-suunnittelijoille\/#primaryimage"},"thumbnailUrl":"https:\/\/teknologiateollisuus.fi\/jasenille\/wp-content\/uploads\/sites\/1\/2024\/11\/kirja-lampokasittelyoppi2-770-900.jpg","datePublished":"2024-11-08T14:04:41+00:00","dateModified":"2026-01-02T09:53:46+00:00","breadcrumb":{"@id":"https:\/\/teknologiateollisuus.fi\/jasenille\/julkaisu\/lampokasittelyoppi-2-lampokasittelytietoa-suunnittelijoille\/#breadcrumb"},"inLanguage":"fi","potentialAction":[{"@type":"ReadAction","target":["https:\/\/teknologiateollisuus.fi\/jasenille\/julkaisu\/lampokasittelyoppi-2-lampokasittelytietoa-suunnittelijoille\/"]}]},{"@type":"ImageObject","inLanguage":"fi","@id":"https:\/\/teknologiateollisuus.fi\/jasenille\/julkaisu\/lampokasittelyoppi-2-lampokasittelytietoa-suunnittelijoille\/#primaryimage","url":"https:\/\/teknologiateollisuus.fi\/jasenille\/wp-content\/uploads\/sites\/1\/2024\/11\/kirja-lampokasittelyoppi2-770-900.jpg","contentUrl":"https:\/\/teknologiateollisuus.fi\/jasenille\/wp-content\/uploads\/sites\/1\/2024\/11\/kirja-lampokasittelyoppi2-770-900.jpg","width":770,"height":900},{"@type":"BreadcrumbList","@id":"https:\/\/teknologiateollisuus.fi\/jasenille\/julkaisu\/lampokasittelyoppi-2-lampokasittelytietoa-suunnittelijoille\/#breadcrumb","itemListElement":[{"@type":"ListItem","position":1,"name":"Home","item":"https:\/\/teknologiateollisuus.fi\/jasenille\/"},{"@type":"ListItem","position":2,"name":"Kaikki julkaisut","item":"https:\/\/teknologiateollisuus.fi\/jasenille\/palvelut\/julkaisut\/kaikki-julkaisut\/"},{"@type":"ListItem","position":3,"name":"L\u00e4mp\u00f6k\u00e4sittelyoppi 2 &#8211; L\u00e4mp\u00f6k\u00e4sittelytietoa suunnittelijoille"}]},{"@type":"WebSite","@id":"https:\/\/teknologiateollisuus.fi\/jasenille\/#website","url":"https:\/\/teknologiateollisuus.fi\/jasenille\/","name":"Teknologiateollisuus - J\u00e4senille","description":"","publisher":{"@id":"https:\/\/teknologiateollisuus.fi\/jasenille\/#organization"},"potentialAction":[{"@type":"SearchAction","target":{"@type":"EntryPoint","urlTemplate":"https:\/\/teknologiateollisuus.fi\/jasenille\/?s={search_term_string}"},"query-input":{"@type":"PropertyValueSpecification","valueRequired":true,"valueName":"search_term_string"}}],"inLanguage":"fi"},{"@type":"Organization","@id":"https:\/\/teknologiateollisuus.fi\/jasenille\/#organization","name":"Teknologiateollisuus - J\u00e4senille","url":"https:\/\/teknologiateollisuus.fi\/jasenille\/","logo":{"@type":"ImageObject","inLanguage":"fi","@id":"https:\/\/teknologiateollisuus.fi\/jasenille\/#\/schema\/logo\/image\/","url":"https:\/\/teknologiateollisuus.fi\/jasenille\/wp-content\/uploads\/sites\/1\/2023\/10\/placeholder.png","contentUrl":"https:\/\/teknologiateollisuus.fi\/jasenille\/wp-content\/uploads\/sites\/1\/2023\/10\/placeholder.png","width":2560,"height":1920,"caption":"Teknologiateollisuus - J\u00e4senille"},"image":{"@id":"https:\/\/teknologiateollisuus.fi\/jasenille\/#\/schema\/logo\/image\/"}}]}},"_links":{"self":[{"href":"https:\/\/teknologiateollisuus.fi\/jasenille\/wp-json\/wp\/v2\/product\/16194","targetHints":{"allow":["GET"]}}],"collection":[{"href":"https:\/\/teknologiateollisuus.fi\/jasenille\/wp-json\/wp\/v2\/product"}],"about":[{"href":"https:\/\/teknologiateollisuus.fi\/jasenille\/wp-json\/wp\/v2\/types\/product"}],"wp:featuredmedia":[{"embeddable":true,"href":"https:\/\/teknologiateollisuus.fi\/jasenille\/wp-json\/wp\/v2\/media\/25669"}],"wp:attachment":[{"href":"https:\/\/teknologiateollisuus.fi\/jasenille\/wp-json\/wp\/v2\/media?parent=16194"}],"wp:term":[{"taxonomy":"product_brand","embeddable":true,"href":"https:\/\/teknologiateollisuus.fi\/jasenille\/wp-json\/wp\/v2\/product_brand?post=16194"},{"taxonomy":"product_cat","embeddable":true,"href":"https:\/\/teknologiateollisuus.fi\/jasenille\/wp-json\/wp\/v2\/product_cat?post=16194"},{"taxonomy":"product_tag","embeddable":true,"href":"https:\/\/teknologiateollisuus.fi\/jasenille\/wp-json\/wp\/v2\/product_tag?post=16194"}],"curies":[{"name":"wp","href":"https:\/\/api.w.org\/{rel}","templated":true}]}}