{"id":16513,"date":"2024-11-22T11:05:44","date_gmt":"2024-11-22T09:05:44","guid":{"rendered":"https:\/\/teknologiateollisuus.fi\/jasenille\/?post_type=product&#038;p=16513"},"modified":"2025-05-02T15:42:56","modified_gmt":"2025-05-02T12:42:56","slug":"model-form-of-exclusive-agreement-with-a-distributor-abroad","status":"publish","type":"product","link":"https:\/\/teknologiateollisuus.fi\/jasenille\/julkaisu\/model-form-of-exclusive-agreement-with-a-distributor-abroad\/","title":{"rendered":"J\u00e4lleenmyyntisopimusmalli (Orgalim Model form of Exclusive Agreement with a Distributor Abroad)"},"content":{"rendered":"<p class=\"translations-output__paragraph ng-star-inserted\">Malli on tehty jakelusopimuksia varten ulkomailla toimivien jakelijoiden kanssa.\u00a0Se soveltuu sopimuksiin sek\u00e4 Euroopan unionin (EU) j\u00e4senvaltioiden ja muiden Euroopan talousalueen (ETA) valtioiden sis\u00e4ll\u00e4 toimivien jakelijoiden kanssa ett\u00e4 niiden kanssa, joiden liiketoiminta on t\u00e4m\u00e4n alueen ulkopuolella.\u00a0T\u00e4st\u00e4 syyst\u00e4 jotkin lausekkeet sis\u00e4lt\u00e4v\u00e4t niin sanottuja EU\/ETA-variantteja ja EU\/ETA-alueen ulkopuolisia variantteja, jotka sopivat yksitt\u00e4iseen transaktioon.<\/p>\n<p class=\"translations-output__paragraph ng-star-inserted\">T\u00e4m\u00e4 Orgalimin mallisopimuksen uusi versio kuvastaa EU:n kilpailulains\u00e4\u00e4d\u00e4nn\u00f6n muutoksia, jotka seurasivat Euroopan komission vuonna 2022 antamista uusista s\u00e4\u00e4nn\u00f6ist\u00e4 (erityisesti ryhm\u00e4poikkeus Euroopan unionin toiminnasta tehdyn sopimuksen 101 artiklan 3 kohdan soveltamisesta vertikaalisten sopimusten ja yhdenmukaistettujen menettelytapojen ryhmiin (komission asetus (EU) N:o 2022\/720). T\u00e4m\u00e4 uusi ryhm\u00e4poikkeusasetus korvasi asetuksen N:o 330\/2010.<\/p>\n<p class=\"translations-output__paragraph ng-star-inserted\">T\u00e4ss\u00e4 julkaisussa k\u00e4sitell\u00e4\u00e4n muun muassa jakelijan yksinoikeuden laajuutta, myyntitilaa sopimusalueen ulkopuolella, sopimuksen kestoa, kilpailurajoituksia, v\u00e4himm\u00e4ism\u00e4\u00e4r\u00e4\u00e4, liikesalaisuuksia ja teollisoikeuksia.\u00a0Mallisopimus perustuu yksinomaiseen j\u00e4lleenmyyntiin, mutta mukana on ohjeet sen muuntamisesta ei-yksinomaiseksi j\u00e4lleenmyyntisopimukseksi.<\/p>\n<p>Julkaisu toimitetaan latauslinkkin\u00e4 asiakkaan s\u00e4hk\u00f6postiin kahden ty\u00f6p\u00e4iv\u00e4n kuluessa.<\/p>\n","protected":false},"excerpt":{"rendered":"<p>Kansainv\u00e4linen jakelusopimusmalli, joka perustuu yksinomaiseen j\u00e4lleenmyyntiin, mutta mukana on ohjeet sen muuntamisesta ei-yksinomaiseksi j\u00e4lleenmyyntisopimukseksi.<\/p>\n<p>Julkaisu toimitetaan latauslinkkin\u00e4 asiakkaan s\u00e4hk\u00f6postiin kahden ty\u00f6p\u00e4iv\u00e4n kuluessa.<\/p>\n","protected":false},"featured_media":25641,"template":"","meta":{"_acf_changed":false,"_relevanssi_hide_post":"","_relevanssi_hide_content":"","_relevanssi_pin_for_all":"","_relevanssi_pin_keywords":"","_relevanssi_unpin_keywords":"","_relevanssi_related_keywords":"","_relevanssi_related_include_ids":"","_relevanssi_related_exclude_ids":"","_relevanssi_related_no_append":"","_relevanssi_related_not_related":"","_relevanssi_related_posts":"","_relevanssi_noindex_reason":"","inline_featured_image":false,"growthstack-ab-test":[],"growthstack-ab-test-views":[]},"product_brand":[],"product_cat":[807,812],"product_tag":[730],"class_list":{"0":"post-16513","1":"product","2":"type-product","3":"status-publish","4":"has-post-thumbnail","6":"product_cat-sopimusehdot","7":"product_cat-sopimusmallit","8":"product_tag-liiketoiminta-ja-innovaatiot","10":"first","11":"instock","12":"virtual","13":"taxable","14":"purchasable","15":"product-type-simple"},"acf":{"creators":"","member_discount":50,"attachments":null,"links":null,"product_recommendations":{"number_of_products":10,"recommendation_basis":"date"}},"yoast_head":"<!-- This site is optimized with the Yoast SEO Premium plugin v27.1 (Yoast SEO v27.3) - https:\/\/yoast.com\/product\/yoast-seo-premium-wordpress\/ -->\n<title>J\u00e4lleenmyyntisopimusmalli (Orgalim Model form of Exclusive Agreement with a Distributor Abroad) - Teknologiateollisuus - J\u00e4senille<\/title>\n<meta name=\"robots\" content=\"index, follow, max-snippet:-1, max-image-preview:large, max-video-preview:-1\" \/>\n<link rel=\"canonical\" href=\"https:\/\/teknologiateollisuus.fi\/jasenille\/julkaisu\/model-form-of-exclusive-agreement-with-a-distributor-abroad\/\" \/>\n<meta property=\"og:locale\" content=\"fi_FI\" \/>\n<meta property=\"og:type\" content=\"article\" \/>\n<meta property=\"og:title\" content=\"J\u00e4lleenmyyntisopimusmalli (Orgalim Model form of Exclusive Agreement with a Distributor Abroad)\" \/>\n<meta property=\"og:description\" content=\"Kansainv\u00e4linen jakelusopimusmalli, joka perustuu yksinomaiseen j\u00e4lleenmyyntiin, mutta mukana on ohjeet sen muuntamisesta ei-yksinomaiseksi j\u00e4lleenmyyntisopimukseksi.  Julkaisu toimitetaan latauslinkkin\u00e4 asiakkaan s\u00e4hk\u00f6postiin kahden ty\u00f6p\u00e4iv\u00e4n kuluessa.\" \/>\n<meta property=\"og:url\" content=\"https:\/\/teknologiateollisuus.fi\/jasenille\/julkaisu\/model-form-of-exclusive-agreement-with-a-distributor-abroad\/\" \/>\n<meta property=\"og:site_name\" content=\"Teknologiateollisuus - J\u00e4senille\" \/>\n<meta property=\"article:modified_time\" content=\"2025-05-02T12:42:56+00:00\" \/>\n<meta property=\"og:image\" content=\"https:\/\/teknologiateollisuus.fi\/jasenille\/wp-content\/uploads\/sites\/1\/2024\/11\/kuvitus-paperinippu-orgalim-with-doc-ikoni-770-900.png\" \/>\n\t<meta property=\"og:image:width\" content=\"770\" \/>\n\t<meta property=\"og:image:height\" content=\"900\" \/>\n\t<meta property=\"og:image:type\" content=\"image\/png\" \/>\n<meta name=\"twitter:card\" content=\"summary_large_image\" \/>\n<meta name=\"twitter:label1\" content=\"Arvioitu lukuaika\" \/>\n\t<meta name=\"twitter:data1\" content=\"2 minuuttia\" \/>\n<script type=\"application\/ld+json\" class=\"yoast-schema-graph\">{\"@context\":\"https:\\\/\\\/schema.org\",\"@graph\":[{\"@type\":\"WebPage\",\"@id\":\"https:\\\/\\\/teknologiateollisuus.fi\\\/jasenille\\\/julkaisu\\\/model-form-of-exclusive-agreement-with-a-distributor-abroad\\\/\",\"url\":\"https:\\\/\\\/teknologiateollisuus.fi\\\/jasenille\\\/julkaisu\\\/model-form-of-exclusive-agreement-with-a-distributor-abroad\\\/\",\"name\":\"J\u00e4lleenmyyntisopimusmalli (Orgalim Model form of Exclusive Agreement with a Distributor Abroad) - Teknologiateollisuus - J\u00e4senille\",\"isPartOf\":{\"@id\":\"https:\\\/\\\/teknologiateollisuus.fi\\\/jasenille\\\/#website\"},\"primaryImageOfPage\":{\"@id\":\"https:\\\/\\\/teknologiateollisuus.fi\\\/jasenille\\\/julkaisu\\\/model-form-of-exclusive-agreement-with-a-distributor-abroad\\\/#primaryimage\"},\"image\":{\"@id\":\"https:\\\/\\\/teknologiateollisuus.fi\\\/jasenille\\\/julkaisu\\\/model-form-of-exclusive-agreement-with-a-distributor-abroad\\\/#primaryimage\"},\"thumbnailUrl\":\"https:\\\/\\\/teknologiateollisuus.fi\\\/jasenille\\\/wp-content\\\/uploads\\\/sites\\\/1\\\/2024\\\/11\\\/kuvitus-paperinippu-orgalim-with-doc-ikoni-770-900.png\",\"datePublished\":\"2024-11-22T09:05:44+00:00\",\"dateModified\":\"2025-05-02T12:42:56+00:00\",\"breadcrumb\":{\"@id\":\"https:\\\/\\\/teknologiateollisuus.fi\\\/jasenille\\\/julkaisu\\\/model-form-of-exclusive-agreement-with-a-distributor-abroad\\\/#breadcrumb\"},\"inLanguage\":\"fi\",\"potentialAction\":[{\"@type\":\"ReadAction\",\"target\":[\"https:\\\/\\\/teknologiateollisuus.fi\\\/jasenille\\\/julkaisu\\\/model-form-of-exclusive-agreement-with-a-distributor-abroad\\\/\"]}]},{\"@type\":\"ImageObject\",\"inLanguage\":\"fi\",\"@id\":\"https:\\\/\\\/teknologiateollisuus.fi\\\/jasenille\\\/julkaisu\\\/model-form-of-exclusive-agreement-with-a-distributor-abroad\\\/#primaryimage\",\"url\":\"https:\\\/\\\/teknologiateollisuus.fi\\\/jasenille\\\/wp-content\\\/uploads\\\/sites\\\/1\\\/2024\\\/11\\\/kuvitus-paperinippu-orgalim-with-doc-ikoni-770-900.png\",\"contentUrl\":\"https:\\\/\\\/teknologiateollisuus.fi\\\/jasenille\\\/wp-content\\\/uploads\\\/sites\\\/1\\\/2024\\\/11\\\/kuvitus-paperinippu-orgalim-with-doc-ikoni-770-900.png\",\"width\":770,\"height\":900},{\"@type\":\"BreadcrumbList\",\"@id\":\"https:\\\/\\\/teknologiateollisuus.fi\\\/jasenille\\\/julkaisu\\\/model-form-of-exclusive-agreement-with-a-distributor-abroad\\\/#breadcrumb\",\"itemListElement\":[{\"@type\":\"ListItem\",\"position\":1,\"name\":\"Home\",\"item\":\"https:\\\/\\\/teknologiateollisuus.fi\\\/jasenille\\\/\"},{\"@type\":\"ListItem\",\"position\":2,\"name\":\"Kaikki julkaisut\",\"item\":\"https:\\\/\\\/teknologiateollisuus.fi\\\/jasenille\\\/palvelut\\\/julkaisut\\\/kaikki-julkaisut\\\/\"},{\"@type\":\"ListItem\",\"position\":3,\"name\":\"J\u00e4lleenmyyntisopimusmalli (Orgalim Model form of Exclusive Agreement with a Distributor Abroad)\"}]},{\"@type\":\"WebSite\",\"@id\":\"https:\\\/\\\/teknologiateollisuus.fi\\\/jasenille\\\/#website\",\"url\":\"https:\\\/\\\/teknologiateollisuus.fi\\\/jasenille\\\/\",\"name\":\"Teknologiateollisuus - J\u00e4senille\",\"description\":\"\",\"publisher\":{\"@id\":\"https:\\\/\\\/teknologiateollisuus.fi\\\/jasenille\\\/#organization\"},\"potentialAction\":[{\"@type\":\"SearchAction\",\"target\":{\"@type\":\"EntryPoint\",\"urlTemplate\":\"https:\\\/\\\/teknologiateollisuus.fi\\\/jasenille\\\/?s={search_term_string}\"},\"query-input\":{\"@type\":\"PropertyValueSpecification\",\"valueRequired\":true,\"valueName\":\"search_term_string\"}}],\"inLanguage\":\"fi\"},{\"@type\":\"Organization\",\"@id\":\"https:\\\/\\\/teknologiateollisuus.fi\\\/jasenille\\\/#organization\",\"name\":\"Teknologiateollisuus - J\u00e4senille\",\"url\":\"https:\\\/\\\/teknologiateollisuus.fi\\\/jasenille\\\/\",\"logo\":{\"@type\":\"ImageObject\",\"inLanguage\":\"fi\",\"@id\":\"https:\\\/\\\/teknologiateollisuus.fi\\\/jasenille\\\/#\\\/schema\\\/logo\\\/image\\\/\",\"url\":\"https:\\\/\\\/teknologiateollisuus.fi\\\/jasenille\\\/wp-content\\\/uploads\\\/sites\\\/1\\\/2023\\\/10\\\/placeholder.png\",\"contentUrl\":\"https:\\\/\\\/teknologiateollisuus.fi\\\/jasenille\\\/wp-content\\\/uploads\\\/sites\\\/1\\\/2023\\\/10\\\/placeholder.png\",\"width\":2560,\"height\":1920,\"caption\":\"Teknologiateollisuus - J\u00e4senille\"},\"image\":{\"@id\":\"https:\\\/\\\/teknologiateollisuus.fi\\\/jasenille\\\/#\\\/schema\\\/logo\\\/image\\\/\"}}]}<\/script>\n<!-- \/ Yoast SEO Premium plugin. -->","yoast_head_json":{"title":"J\u00e4lleenmyyntisopimusmalli (Orgalim Model form of Exclusive Agreement with a Distributor Abroad) - Teknologiateollisuus - J\u00e4senille","robots":{"index":"index","follow":"follow","max-snippet":"max-snippet:-1","max-image-preview":"max-image-preview:large","max-video-preview":"max-video-preview:-1"},"canonical":"https:\/\/teknologiateollisuus.fi\/jasenille\/julkaisu\/model-form-of-exclusive-agreement-with-a-distributor-abroad\/","og_locale":"fi_FI","og_type":"article","og_title":"J\u00e4lleenmyyntisopimusmalli (Orgalim Model form of Exclusive Agreement with a Distributor Abroad)","og_description":"Kansainv\u00e4linen jakelusopimusmalli, joka perustuu yksinomaiseen j\u00e4lleenmyyntiin, mutta mukana on ohjeet sen muuntamisesta ei-yksinomaiseksi j\u00e4lleenmyyntisopimukseksi.  Julkaisu toimitetaan latauslinkkin\u00e4 asiakkaan s\u00e4hk\u00f6postiin kahden ty\u00f6p\u00e4iv\u00e4n kuluessa.","og_url":"https:\/\/teknologiateollisuus.fi\/jasenille\/julkaisu\/model-form-of-exclusive-agreement-with-a-distributor-abroad\/","og_site_name":"Teknologiateollisuus - J\u00e4senille","article_modified_time":"2025-05-02T12:42:56+00:00","og_image":[{"width":770,"height":900,"url":"https:\/\/teknologiateollisuus.fi\/jasenille\/wp-content\/uploads\/sites\/1\/2024\/11\/kuvitus-paperinippu-orgalim-with-doc-ikoni-770-900.png","type":"image\/png"}],"twitter_card":"summary_large_image","twitter_misc":{"Arvioitu lukuaika":"2 minuuttia"},"schema":{"@context":"https:\/\/schema.org","@graph":[{"@type":"WebPage","@id":"https:\/\/teknologiateollisuus.fi\/jasenille\/julkaisu\/model-form-of-exclusive-agreement-with-a-distributor-abroad\/","url":"https:\/\/teknologiateollisuus.fi\/jasenille\/julkaisu\/model-form-of-exclusive-agreement-with-a-distributor-abroad\/","name":"J\u00e4lleenmyyntisopimusmalli (Orgalim Model form of Exclusive Agreement with a Distributor Abroad) - Teknologiateollisuus - J\u00e4senille","isPartOf":{"@id":"https:\/\/teknologiateollisuus.fi\/jasenille\/#website"},"primaryImageOfPage":{"@id":"https:\/\/teknologiateollisuus.fi\/jasenille\/julkaisu\/model-form-of-exclusive-agreement-with-a-distributor-abroad\/#primaryimage"},"image":{"@id":"https:\/\/teknologiateollisuus.fi\/jasenille\/julkaisu\/model-form-of-exclusive-agreement-with-a-distributor-abroad\/#primaryimage"},"thumbnailUrl":"https:\/\/teknologiateollisuus.fi\/jasenille\/wp-content\/uploads\/sites\/1\/2024\/11\/kuvitus-paperinippu-orgalim-with-doc-ikoni-770-900.png","datePublished":"2024-11-22T09:05:44+00:00","dateModified":"2025-05-02T12:42:56+00:00","breadcrumb":{"@id":"https:\/\/teknologiateollisuus.fi\/jasenille\/julkaisu\/model-form-of-exclusive-agreement-with-a-distributor-abroad\/#breadcrumb"},"inLanguage":"fi","potentialAction":[{"@type":"ReadAction","target":["https:\/\/teknologiateollisuus.fi\/jasenille\/julkaisu\/model-form-of-exclusive-agreement-with-a-distributor-abroad\/"]}]},{"@type":"ImageObject","inLanguage":"fi","@id":"https:\/\/teknologiateollisuus.fi\/jasenille\/julkaisu\/model-form-of-exclusive-agreement-with-a-distributor-abroad\/#primaryimage","url":"https:\/\/teknologiateollisuus.fi\/jasenille\/wp-content\/uploads\/sites\/1\/2024\/11\/kuvitus-paperinippu-orgalim-with-doc-ikoni-770-900.png","contentUrl":"https:\/\/teknologiateollisuus.fi\/jasenille\/wp-content\/uploads\/sites\/1\/2024\/11\/kuvitus-paperinippu-orgalim-with-doc-ikoni-770-900.png","width":770,"height":900},{"@type":"BreadcrumbList","@id":"https:\/\/teknologiateollisuus.fi\/jasenille\/julkaisu\/model-form-of-exclusive-agreement-with-a-distributor-abroad\/#breadcrumb","itemListElement":[{"@type":"ListItem","position":1,"name":"Home","item":"https:\/\/teknologiateollisuus.fi\/jasenille\/"},{"@type":"ListItem","position":2,"name":"Kaikki julkaisut","item":"https:\/\/teknologiateollisuus.fi\/jasenille\/palvelut\/julkaisut\/kaikki-julkaisut\/"},{"@type":"ListItem","position":3,"name":"J\u00e4lleenmyyntisopimusmalli (Orgalim Model form of Exclusive Agreement with a Distributor Abroad)"}]},{"@type":"WebSite","@id":"https:\/\/teknologiateollisuus.fi\/jasenille\/#website","url":"https:\/\/teknologiateollisuus.fi\/jasenille\/","name":"Teknologiateollisuus - J\u00e4senille","description":"","publisher":{"@id":"https:\/\/teknologiateollisuus.fi\/jasenille\/#organization"},"potentialAction":[{"@type":"SearchAction","target":{"@type":"EntryPoint","urlTemplate":"https:\/\/teknologiateollisuus.fi\/jasenille\/?s={search_term_string}"},"query-input":{"@type":"PropertyValueSpecification","valueRequired":true,"valueName":"search_term_string"}}],"inLanguage":"fi"},{"@type":"Organization","@id":"https:\/\/teknologiateollisuus.fi\/jasenille\/#organization","name":"Teknologiateollisuus - J\u00e4senille","url":"https:\/\/teknologiateollisuus.fi\/jasenille\/","logo":{"@type":"ImageObject","inLanguage":"fi","@id":"https:\/\/teknologiateollisuus.fi\/jasenille\/#\/schema\/logo\/image\/","url":"https:\/\/teknologiateollisuus.fi\/jasenille\/wp-content\/uploads\/sites\/1\/2023\/10\/placeholder.png","contentUrl":"https:\/\/teknologiateollisuus.fi\/jasenille\/wp-content\/uploads\/sites\/1\/2023\/10\/placeholder.png","width":2560,"height":1920,"caption":"Teknologiateollisuus - J\u00e4senille"},"image":{"@id":"https:\/\/teknologiateollisuus.fi\/jasenille\/#\/schema\/logo\/image\/"}}]}},"_links":{"self":[{"href":"https:\/\/teknologiateollisuus.fi\/jasenille\/wp-json\/wp\/v2\/product\/16513","targetHints":{"allow":["GET"]}}],"collection":[{"href":"https:\/\/teknologiateollisuus.fi\/jasenille\/wp-json\/wp\/v2\/product"}],"about":[{"href":"https:\/\/teknologiateollisuus.fi\/jasenille\/wp-json\/wp\/v2\/types\/product"}],"wp:featuredmedia":[{"embeddable":true,"href":"https:\/\/teknologiateollisuus.fi\/jasenille\/wp-json\/wp\/v2\/media\/25641"}],"wp:attachment":[{"href":"https:\/\/teknologiateollisuus.fi\/jasenille\/wp-json\/wp\/v2\/media?parent=16513"}],"wp:term":[{"taxonomy":"product_brand","embeddable":true,"href":"https:\/\/teknologiateollisuus.fi\/jasenille\/wp-json\/wp\/v2\/product_brand?post=16513"},{"taxonomy":"product_cat","embeddable":true,"href":"https:\/\/teknologiateollisuus.fi\/jasenille\/wp-json\/wp\/v2\/product_cat?post=16513"},{"taxonomy":"product_tag","embeddable":true,"href":"https:\/\/teknologiateollisuus.fi\/jasenille\/wp-json\/wp\/v2\/product_tag?post=16513"}],"curies":[{"name":"wp","href":"https:\/\/api.w.org\/{rel}","templated":true}]}}