{"id":16517,"date":"2024-11-22T12:03:06","date_gmt":"2024-11-22T10:03:06","guid":{"rendered":"https:\/\/teknologiateollisuus.fi\/jasenille\/?post_type=product&#038;p=16517"},"modified":"2025-05-02T15:15:11","modified_gmt":"2025-05-02T12:15:11","slug":"model-for-a-non-disclosure-agreement","status":"publish","type":"product","link":"https:\/\/teknologiateollisuus.fi\/jasenille\/julkaisu\/model-for-a-non-disclosure-agreement\/","title":{"rendered":"Salassapitosopimusmalli (Orgalim Model for a Non-Disclosure Agreement)"},"content":{"rendered":"<p>Salassapitosopimusmalli, jossa otetaan huomioon EU:n direktiivin 2016\/943 tuomat lains\u00e4\u00e4d\u00e4nn\u00f6lliset muutokset koskien julkistamattoman tietotaidon ja liiketoimintatiedon (liikesalaisuuksien) suojaamista niiden laittomalta hankinnalta, k\u00e4yt\u00f6lt\u00e4 ja julkistamiselta.<\/p>\n<p>Tietojen luottamuksellisuus voi olla tarpeen ennen yhteisty\u00f6sopimusta koskevien neuvottelujen aloittamista, sopimuksen t\u00e4yt\u00e4nt\u00f6\u00f6npanon aikana ja sen p\u00e4\u00e4tytty\u00e4.\u00a0Koska useimmissa yhteisty\u00f6sopimuksissa on jo salassapitolauseke, t\u00e4m\u00e4 malli k\u00e4sittelee vain tilannetta ennen kuin osapuolet ovat tehneet sopimuksen.<\/p>\n<p>Malli perustuu molemminpuolisiin salassapitovelvollisuuksiin ja esittelee osapuolille vain osan mahdollisista vaihtoehdoista. Se olisi mukautettava huolellisesti kunkin yksitt\u00e4istapauksen erityisvaatimuksiin.<\/p>\n<p>Julkaisu toimitetaan latauslinkkin\u00e4 asiakkaan s\u00e4hk\u00f6postiin kahden ty\u00f6p\u00e4iv\u00e4n kuluessa.<\/p>\n","protected":false},"excerpt":{"rendered":"<p>Salassapitosopimusmalli, jossa otetaan huomioon EU:n direktiivin 2016\/943 tuomat lains\u00e4\u00e4d\u00e4nn\u00f6lliset muutokset koskien julkistamattoman tietotaidon ja liiketoimintatiedon (liikesalaisuuksien) suojaamista niiden laittomalta hankinnalta, k\u00e4yt\u00f6lt\u00e4 ja julkistamiselta. T\u00e4m\u00e4 malli k\u00e4sittelee vain tilannetta ennen kuin osapuolet ovat tehneet sopimuksen.<\/p>\n<p>Julkaisu toimitetaan latauslinkkin\u00e4 asiakkaan s\u00e4hk\u00f6postiin kahden ty\u00f6p\u00e4iv\u00e4n kuluessa.<\/p>\n","protected":false},"featured_media":25641,"template":"","meta":{"_acf_changed":false,"_relevanssi_hide_post":"","_relevanssi_hide_content":"","_relevanssi_pin_for_all":"","_relevanssi_pin_keywords":"","_relevanssi_unpin_keywords":"","_relevanssi_related_keywords":"","_relevanssi_related_include_ids":"","_relevanssi_related_exclude_ids":"","_relevanssi_related_no_append":"","_relevanssi_related_not_related":"","_relevanssi_related_posts":"","_relevanssi_noindex_reason":"","inline_featured_image":false,"growthstack-ab-test":[],"growthstack-ab-test-views":[]},"product_brand":[],"product_cat":[807,812],"product_tag":[730],"class_list":{"0":"post-16517","1":"product","2":"type-product","3":"status-publish","4":"has-post-thumbnail","6":"product_cat-sopimusehdot","7":"product_cat-sopimusmallit","8":"product_tag-liiketoiminta-ja-innovaatiot","10":"first","11":"instock","12":"virtual","13":"taxable","14":"purchasable","15":"product-type-simple"},"acf":{"creators":"","member_discount":50,"attachments":null,"links":null,"product_recommendations":{"number_of_products":10,"recommendation_basis":"date"}},"yoast_head":"<!-- This site is optimized with the Yoast SEO Premium plugin v27.1 (Yoast SEO v27.3) - https:\/\/yoast.com\/product\/yoast-seo-premium-wordpress\/ -->\n<title>Salassapitosopimusmalli (Orgalim Model for a Non-Disclosure Agreement) - Teknologiateollisuus - J\u00e4senille<\/title>\n<meta name=\"robots\" content=\"index, follow, max-snippet:-1, max-image-preview:large, max-video-preview:-1\" \/>\n<link rel=\"canonical\" href=\"https:\/\/teknologiateollisuus.fi\/jasenille\/julkaisu\/model-for-a-non-disclosure-agreement\/\" \/>\n<meta property=\"og:locale\" content=\"fi_FI\" \/>\n<meta property=\"og:type\" content=\"article\" \/>\n<meta property=\"og:title\" content=\"Salassapitosopimusmalli (Orgalim Model for a Non-Disclosure Agreement)\" \/>\n<meta property=\"og:description\" content=\"Salassapitosopimusmalli, jossa otetaan huomioon EU:n direktiivin 2016\/943 tuomat lains\u00e4\u00e4d\u00e4nn\u00f6lliset muutokset koskien julkistamattoman tietotaidon ja liiketoimintatiedon (liikesalaisuuksien) suojaamista niiden laittomalta hankinnalta, k\u00e4yt\u00f6lt\u00e4 ja julkistamiselta. T\u00e4m\u00e4 malli k\u00e4sittelee vain tilannetta ennen kuin osapuolet ovat tehneet sopimuksen.  Julkaisu toimitetaan latauslinkkin\u00e4 asiakkaan s\u00e4hk\u00f6postiin kahden ty\u00f6p\u00e4iv\u00e4n kuluessa.\" \/>\n<meta property=\"og:url\" content=\"https:\/\/teknologiateollisuus.fi\/jasenille\/julkaisu\/model-for-a-non-disclosure-agreement\/\" \/>\n<meta property=\"og:site_name\" content=\"Teknologiateollisuus - J\u00e4senille\" \/>\n<meta property=\"article:modified_time\" content=\"2025-05-02T12:15:11+00:00\" \/>\n<meta property=\"og:image\" content=\"https:\/\/teknologiateollisuus.fi\/jasenille\/wp-content\/uploads\/sites\/1\/2024\/11\/kuvitus-paperinippu-orgalim-with-doc-ikoni-770-900.png\" \/>\n\t<meta property=\"og:image:width\" content=\"770\" \/>\n\t<meta property=\"og:image:height\" content=\"900\" \/>\n\t<meta property=\"og:image:type\" content=\"image\/png\" \/>\n<meta name=\"twitter:card\" content=\"summary_large_image\" \/>\n<meta name=\"twitter:label1\" content=\"Arvioitu lukuaika\" \/>\n\t<meta name=\"twitter:data1\" content=\"1 minuutti\" \/>\n<script type=\"application\/ld+json\" class=\"yoast-schema-graph\">{\"@context\":\"https:\\\/\\\/schema.org\",\"@graph\":[{\"@type\":\"WebPage\",\"@id\":\"https:\\\/\\\/teknologiateollisuus.fi\\\/jasenille\\\/julkaisu\\\/model-for-a-non-disclosure-agreement\\\/\",\"url\":\"https:\\\/\\\/teknologiateollisuus.fi\\\/jasenille\\\/julkaisu\\\/model-for-a-non-disclosure-agreement\\\/\",\"name\":\"Salassapitosopimusmalli (Orgalim Model for a Non-Disclosure Agreement) - Teknologiateollisuus - J\u00e4senille\",\"isPartOf\":{\"@id\":\"https:\\\/\\\/teknologiateollisuus.fi\\\/jasenille\\\/#website\"},\"primaryImageOfPage\":{\"@id\":\"https:\\\/\\\/teknologiateollisuus.fi\\\/jasenille\\\/julkaisu\\\/model-for-a-non-disclosure-agreement\\\/#primaryimage\"},\"image\":{\"@id\":\"https:\\\/\\\/teknologiateollisuus.fi\\\/jasenille\\\/julkaisu\\\/model-for-a-non-disclosure-agreement\\\/#primaryimage\"},\"thumbnailUrl\":\"https:\\\/\\\/teknologiateollisuus.fi\\\/jasenille\\\/wp-content\\\/uploads\\\/sites\\\/1\\\/2024\\\/11\\\/kuvitus-paperinippu-orgalim-with-doc-ikoni-770-900.png\",\"datePublished\":\"2024-11-22T10:03:06+00:00\",\"dateModified\":\"2025-05-02T12:15:11+00:00\",\"breadcrumb\":{\"@id\":\"https:\\\/\\\/teknologiateollisuus.fi\\\/jasenille\\\/julkaisu\\\/model-for-a-non-disclosure-agreement\\\/#breadcrumb\"},\"inLanguage\":\"fi\",\"potentialAction\":[{\"@type\":\"ReadAction\",\"target\":[\"https:\\\/\\\/teknologiateollisuus.fi\\\/jasenille\\\/julkaisu\\\/model-for-a-non-disclosure-agreement\\\/\"]}]},{\"@type\":\"ImageObject\",\"inLanguage\":\"fi\",\"@id\":\"https:\\\/\\\/teknologiateollisuus.fi\\\/jasenille\\\/julkaisu\\\/model-for-a-non-disclosure-agreement\\\/#primaryimage\",\"url\":\"https:\\\/\\\/teknologiateollisuus.fi\\\/jasenille\\\/wp-content\\\/uploads\\\/sites\\\/1\\\/2024\\\/11\\\/kuvitus-paperinippu-orgalim-with-doc-ikoni-770-900.png\",\"contentUrl\":\"https:\\\/\\\/teknologiateollisuus.fi\\\/jasenille\\\/wp-content\\\/uploads\\\/sites\\\/1\\\/2024\\\/11\\\/kuvitus-paperinippu-orgalim-with-doc-ikoni-770-900.png\",\"width\":770,\"height\":900},{\"@type\":\"BreadcrumbList\",\"@id\":\"https:\\\/\\\/teknologiateollisuus.fi\\\/jasenille\\\/julkaisu\\\/model-for-a-non-disclosure-agreement\\\/#breadcrumb\",\"itemListElement\":[{\"@type\":\"ListItem\",\"position\":1,\"name\":\"Home\",\"item\":\"https:\\\/\\\/teknologiateollisuus.fi\\\/jasenille\\\/\"},{\"@type\":\"ListItem\",\"position\":2,\"name\":\"Kaikki julkaisut\",\"item\":\"https:\\\/\\\/teknologiateollisuus.fi\\\/jasenille\\\/palvelut\\\/julkaisut\\\/kaikki-julkaisut\\\/\"},{\"@type\":\"ListItem\",\"position\":3,\"name\":\"Salassapitosopimusmalli (Orgalim Model for a Non-Disclosure Agreement)\"}]},{\"@type\":\"WebSite\",\"@id\":\"https:\\\/\\\/teknologiateollisuus.fi\\\/jasenille\\\/#website\",\"url\":\"https:\\\/\\\/teknologiateollisuus.fi\\\/jasenille\\\/\",\"name\":\"Teknologiateollisuus - J\u00e4senille\",\"description\":\"\",\"publisher\":{\"@id\":\"https:\\\/\\\/teknologiateollisuus.fi\\\/jasenille\\\/#organization\"},\"potentialAction\":[{\"@type\":\"SearchAction\",\"target\":{\"@type\":\"EntryPoint\",\"urlTemplate\":\"https:\\\/\\\/teknologiateollisuus.fi\\\/jasenille\\\/?s={search_term_string}\"},\"query-input\":{\"@type\":\"PropertyValueSpecification\",\"valueRequired\":true,\"valueName\":\"search_term_string\"}}],\"inLanguage\":\"fi\"},{\"@type\":\"Organization\",\"@id\":\"https:\\\/\\\/teknologiateollisuus.fi\\\/jasenille\\\/#organization\",\"name\":\"Teknologiateollisuus - J\u00e4senille\",\"url\":\"https:\\\/\\\/teknologiateollisuus.fi\\\/jasenille\\\/\",\"logo\":{\"@type\":\"ImageObject\",\"inLanguage\":\"fi\",\"@id\":\"https:\\\/\\\/teknologiateollisuus.fi\\\/jasenille\\\/#\\\/schema\\\/logo\\\/image\\\/\",\"url\":\"https:\\\/\\\/teknologiateollisuus.fi\\\/jasenille\\\/wp-content\\\/uploads\\\/sites\\\/1\\\/2023\\\/10\\\/placeholder.png\",\"contentUrl\":\"https:\\\/\\\/teknologiateollisuus.fi\\\/jasenille\\\/wp-content\\\/uploads\\\/sites\\\/1\\\/2023\\\/10\\\/placeholder.png\",\"width\":2560,\"height\":1920,\"caption\":\"Teknologiateollisuus - J\u00e4senille\"},\"image\":{\"@id\":\"https:\\\/\\\/teknologiateollisuus.fi\\\/jasenille\\\/#\\\/schema\\\/logo\\\/image\\\/\"}}]}<\/script>\n<!-- \/ Yoast SEO Premium plugin. -->","yoast_head_json":{"title":"Salassapitosopimusmalli (Orgalim Model for a Non-Disclosure Agreement) - Teknologiateollisuus - J\u00e4senille","robots":{"index":"index","follow":"follow","max-snippet":"max-snippet:-1","max-image-preview":"max-image-preview:large","max-video-preview":"max-video-preview:-1"},"canonical":"https:\/\/teknologiateollisuus.fi\/jasenille\/julkaisu\/model-for-a-non-disclosure-agreement\/","og_locale":"fi_FI","og_type":"article","og_title":"Salassapitosopimusmalli (Orgalim Model for a Non-Disclosure Agreement)","og_description":"Salassapitosopimusmalli, jossa otetaan huomioon EU:n direktiivin 2016\/943 tuomat lains\u00e4\u00e4d\u00e4nn\u00f6lliset muutokset koskien julkistamattoman tietotaidon ja liiketoimintatiedon (liikesalaisuuksien) suojaamista niiden laittomalta hankinnalta, k\u00e4yt\u00f6lt\u00e4 ja julkistamiselta. T\u00e4m\u00e4 malli k\u00e4sittelee vain tilannetta ennen kuin osapuolet ovat tehneet sopimuksen.  Julkaisu toimitetaan latauslinkkin\u00e4 asiakkaan s\u00e4hk\u00f6postiin kahden ty\u00f6p\u00e4iv\u00e4n kuluessa.","og_url":"https:\/\/teknologiateollisuus.fi\/jasenille\/julkaisu\/model-for-a-non-disclosure-agreement\/","og_site_name":"Teknologiateollisuus - J\u00e4senille","article_modified_time":"2025-05-02T12:15:11+00:00","og_image":[{"width":770,"height":900,"url":"https:\/\/teknologiateollisuus.fi\/jasenille\/wp-content\/uploads\/sites\/1\/2024\/11\/kuvitus-paperinippu-orgalim-with-doc-ikoni-770-900.png","type":"image\/png"}],"twitter_card":"summary_large_image","twitter_misc":{"Arvioitu lukuaika":"1 minuutti"},"schema":{"@context":"https:\/\/schema.org","@graph":[{"@type":"WebPage","@id":"https:\/\/teknologiateollisuus.fi\/jasenille\/julkaisu\/model-for-a-non-disclosure-agreement\/","url":"https:\/\/teknologiateollisuus.fi\/jasenille\/julkaisu\/model-for-a-non-disclosure-agreement\/","name":"Salassapitosopimusmalli (Orgalim Model for a Non-Disclosure Agreement) - Teknologiateollisuus - J\u00e4senille","isPartOf":{"@id":"https:\/\/teknologiateollisuus.fi\/jasenille\/#website"},"primaryImageOfPage":{"@id":"https:\/\/teknologiateollisuus.fi\/jasenille\/julkaisu\/model-for-a-non-disclosure-agreement\/#primaryimage"},"image":{"@id":"https:\/\/teknologiateollisuus.fi\/jasenille\/julkaisu\/model-for-a-non-disclosure-agreement\/#primaryimage"},"thumbnailUrl":"https:\/\/teknologiateollisuus.fi\/jasenille\/wp-content\/uploads\/sites\/1\/2024\/11\/kuvitus-paperinippu-orgalim-with-doc-ikoni-770-900.png","datePublished":"2024-11-22T10:03:06+00:00","dateModified":"2025-05-02T12:15:11+00:00","breadcrumb":{"@id":"https:\/\/teknologiateollisuus.fi\/jasenille\/julkaisu\/model-for-a-non-disclosure-agreement\/#breadcrumb"},"inLanguage":"fi","potentialAction":[{"@type":"ReadAction","target":["https:\/\/teknologiateollisuus.fi\/jasenille\/julkaisu\/model-for-a-non-disclosure-agreement\/"]}]},{"@type":"ImageObject","inLanguage":"fi","@id":"https:\/\/teknologiateollisuus.fi\/jasenille\/julkaisu\/model-for-a-non-disclosure-agreement\/#primaryimage","url":"https:\/\/teknologiateollisuus.fi\/jasenille\/wp-content\/uploads\/sites\/1\/2024\/11\/kuvitus-paperinippu-orgalim-with-doc-ikoni-770-900.png","contentUrl":"https:\/\/teknologiateollisuus.fi\/jasenille\/wp-content\/uploads\/sites\/1\/2024\/11\/kuvitus-paperinippu-orgalim-with-doc-ikoni-770-900.png","width":770,"height":900},{"@type":"BreadcrumbList","@id":"https:\/\/teknologiateollisuus.fi\/jasenille\/julkaisu\/model-for-a-non-disclosure-agreement\/#breadcrumb","itemListElement":[{"@type":"ListItem","position":1,"name":"Home","item":"https:\/\/teknologiateollisuus.fi\/jasenille\/"},{"@type":"ListItem","position":2,"name":"Kaikki julkaisut","item":"https:\/\/teknologiateollisuus.fi\/jasenille\/palvelut\/julkaisut\/kaikki-julkaisut\/"},{"@type":"ListItem","position":3,"name":"Salassapitosopimusmalli (Orgalim Model for a Non-Disclosure Agreement)"}]},{"@type":"WebSite","@id":"https:\/\/teknologiateollisuus.fi\/jasenille\/#website","url":"https:\/\/teknologiateollisuus.fi\/jasenille\/","name":"Teknologiateollisuus - J\u00e4senille","description":"","publisher":{"@id":"https:\/\/teknologiateollisuus.fi\/jasenille\/#organization"},"potentialAction":[{"@type":"SearchAction","target":{"@type":"EntryPoint","urlTemplate":"https:\/\/teknologiateollisuus.fi\/jasenille\/?s={search_term_string}"},"query-input":{"@type":"PropertyValueSpecification","valueRequired":true,"valueName":"search_term_string"}}],"inLanguage":"fi"},{"@type":"Organization","@id":"https:\/\/teknologiateollisuus.fi\/jasenille\/#organization","name":"Teknologiateollisuus - J\u00e4senille","url":"https:\/\/teknologiateollisuus.fi\/jasenille\/","logo":{"@type":"ImageObject","inLanguage":"fi","@id":"https:\/\/teknologiateollisuus.fi\/jasenille\/#\/schema\/logo\/image\/","url":"https:\/\/teknologiateollisuus.fi\/jasenille\/wp-content\/uploads\/sites\/1\/2023\/10\/placeholder.png","contentUrl":"https:\/\/teknologiateollisuus.fi\/jasenille\/wp-content\/uploads\/sites\/1\/2023\/10\/placeholder.png","width":2560,"height":1920,"caption":"Teknologiateollisuus - J\u00e4senille"},"image":{"@id":"https:\/\/teknologiateollisuus.fi\/jasenille\/#\/schema\/logo\/image\/"}}]}},"_links":{"self":[{"href":"https:\/\/teknologiateollisuus.fi\/jasenille\/wp-json\/wp\/v2\/product\/16517","targetHints":{"allow":["GET"]}}],"collection":[{"href":"https:\/\/teknologiateollisuus.fi\/jasenille\/wp-json\/wp\/v2\/product"}],"about":[{"href":"https:\/\/teknologiateollisuus.fi\/jasenille\/wp-json\/wp\/v2\/types\/product"}],"wp:featuredmedia":[{"embeddable":true,"href":"https:\/\/teknologiateollisuus.fi\/jasenille\/wp-json\/wp\/v2\/media\/25641"}],"wp:attachment":[{"href":"https:\/\/teknologiateollisuus.fi\/jasenille\/wp-json\/wp\/v2\/media?parent=16517"}],"wp:term":[{"taxonomy":"product_brand","embeddable":true,"href":"https:\/\/teknologiateollisuus.fi\/jasenille\/wp-json\/wp\/v2\/product_brand?post=16517"},{"taxonomy":"product_cat","embeddable":true,"href":"https:\/\/teknologiateollisuus.fi\/jasenille\/wp-json\/wp\/v2\/product_cat?post=16517"},{"taxonomy":"product_tag","embeddable":true,"href":"https:\/\/teknologiateollisuus.fi\/jasenille\/wp-json\/wp\/v2\/product_tag?post=16517"}],"curies":[{"name":"wp","href":"https:\/\/api.w.org\/{rel}","templated":true}]}}