{"id":16563,"date":"2024-11-25T12:20:42","date_gmt":"2024-11-25T10:20:42","guid":{"rendered":"https:\/\/teknologiateollisuus.fi\/jasenille\/?post_type=product&#038;p=16563"},"modified":"2026-01-23T13:49:05","modified_gmt":"2026-01-23T11:49:05","slug":"nls-10-pohjoismaiset-yleiset-sopimusehdot-standarditoimituksiin-pdf-muodossa","status":"publish","type":"product","link":"https:\/\/teknologiateollisuus.fi\/jasenille\/julkaisu\/nls-10-pohjoismaiset-yleiset-sopimusehdot-standarditoimituksiin-pdf-muodossa\/","title":{"rendered":"Yleiset sopimusehdot standarditoimituksiin (NLS 10, pdf, Pohjoismaat, suomi)"},"content":{"rendered":"<p>NLS 10 -ehdot ovat vaihtoehto tavallisemmin k\u00e4ytetyille NL 17 -ehdoille. Jos kauppa koskee standardiluontoisia tuotteita, jotka toimitetaan tavallisesti varastosta ja joita on saatavissa eri toimittajilta, on sek\u00e4 ostajan ett\u00e4 myyj\u00e4n kannalta yleens\u00e4 parempi k\u00e4ytt\u00e4\u00e4 NLS-ehtoja.<\/p>\n<p>NLS-ehtojen soveltuvuuden ratkaisee kaksi keskeist\u00e4 tekij\u00e4\u00e4: Ensimm\u00e4inen edellytys on, ett\u00e4 ostaja voi ostaa samanveroisia tuotteita toiselta toimittajalta. NLS 10 tarjoaa nimitt\u00e4in ostajalle suhteellisen laajan oikeuden perua kauppa toimituksen viiv\u00e4styess\u00e4 ja saada myyj\u00e4lt\u00e4 hyvitys lis\u00e4kustannuksista, jotka aiheutuvat vastaavien tuotteiden hankkimisesta muualta.<\/p>\n<p>Lis\u00e4ksi NLS-ehdot perustuvat siihen, ett\u00e4 myyj\u00e4 toimittaa uudet tuotteet viallisiksi osoittautuneiden tilalle. T\u00e4m\u00e4 ei kuitenkaan est\u00e4 myyj\u00e4\u00e4 ottamasta viallisia tuotteita takaisin ja korjaamasta niit\u00e4 uudelleen myynti\u00e4 varten. T\u00e4m\u00e4 menettely on k\u00e4yt\u00f6ss\u00e4 mm. er\u00e4iden elektronisten komponenttien kohdalla.<\/p>\n","protected":false},"excerpt":{"rendered":"<p>Pohjoismaiset yleiset sopimusehdot NLS 10 koskevat standardiluontoisia tuotteita, jotka toimitetaan tavallisesti varastosta ja joita on saatavissa eri toimittajilta.<\/p>\n","protected":false},"featured_media":25647,"template":"","meta":{"_acf_changed":false,"_relevanssi_hide_post":"","_relevanssi_hide_content":"","_relevanssi_pin_for_all":"","_relevanssi_pin_keywords":"","_relevanssi_unpin_keywords":"","_relevanssi_related_keywords":"","_relevanssi_related_include_ids":"","_relevanssi_related_exclude_ids":"","_relevanssi_related_no_append":"","_relevanssi_related_not_related":"","_relevanssi_related_posts":"","_relevanssi_noindex_reason":"","inline_featured_image":false,"growthstack-ab-test":[],"growthstack-ab-test-views":[]},"product_brand":[],"product_cat":[807,811],"product_tag":[730],"class_list":{"0":"post-16563","1":"product","2":"type-product","3":"status-publish","4":"has-post-thumbnail","6":"product_cat-sopimusehdot","7":"product_cat-toimitussopimukset","8":"product_tag-liiketoiminta-ja-innovaatiot","10":"first","11":"instock","12":"sold-individually","13":"taxable","14":"shipping-taxable","15":"purchasable","16":"product-type-variable"},"acf":{"creators":"","member_discount":50,"attachments":null,"links":null,"product_recommendations":{"number_of_products":10,"recommendation_basis":"date"}},"yoast_head":"<!-- This site is optimized with the Yoast SEO Premium plugin v27.1 (Yoast SEO v27.3) - https:\/\/yoast.com\/product\/yoast-seo-premium-wordpress\/ -->\n<title>Yleiset sopimusehdot standarditoimituksiin (NLS 10, pdf, Pohjoismaat, suomi) - Teknologiateollisuus - J\u00e4senille<\/title>\n<meta name=\"robots\" content=\"index, follow, max-snippet:-1, max-image-preview:large, max-video-preview:-1\" \/>\n<link rel=\"canonical\" href=\"https:\/\/teknologiateollisuus.fi\/jasenille\/julkaisu\/nls-10-pohjoismaiset-yleiset-sopimusehdot-standarditoimituksiin-pdf-muodossa\/\" \/>\n<meta property=\"og:locale\" content=\"fi_FI\" \/>\n<meta property=\"og:type\" content=\"article\" \/>\n<meta property=\"og:title\" content=\"Yleiset sopimusehdot standarditoimituksiin (NLS 10, pdf, Pohjoismaat, suomi)\" \/>\n<meta property=\"og:description\" content=\"Pohjoismaiset yleiset sopimusehdot NLS 10 koskevat standardiluontoisia tuotteita, jotka toimitetaan tavallisesti varastosta ja joita on saatavissa eri toimittajilta.\" \/>\n<meta property=\"og:url\" content=\"https:\/\/teknologiateollisuus.fi\/jasenille\/julkaisu\/nls-10-pohjoismaiset-yleiset-sopimusehdot-standarditoimituksiin-pdf-muodossa\/\" \/>\n<meta property=\"og:site_name\" content=\"Teknologiateollisuus - J\u00e4senille\" \/>\n<meta property=\"article:modified_time\" content=\"2026-01-23T11:49:05+00:00\" \/>\n<meta property=\"og:image\" content=\"https:\/\/teknologiateollisuus.fi\/jasenille\/wp-content\/uploads\/sites\/1\/2025\/02\/kuvitus-paperinippu-aakkosittain-liitot-pdf-770-900.png\" \/>\n\t<meta property=\"og:image:width\" content=\"770\" \/>\n\t<meta property=\"og:image:height\" content=\"900\" \/>\n\t<meta property=\"og:image:type\" content=\"image\/png\" \/>\n<meta name=\"twitter:card\" content=\"summary_large_image\" \/>\n<meta name=\"twitter:label1\" content=\"Arvioitu lukuaika\" \/>\n\t<meta name=\"twitter:data1\" content=\"1 minuutti\" \/>\n<script type=\"application\/ld+json\" class=\"yoast-schema-graph\">{\"@context\":\"https:\\\/\\\/schema.org\",\"@graph\":[{\"@type\":\"WebPage\",\"@id\":\"https:\\\/\\\/teknologiateollisuus.fi\\\/jasenille\\\/julkaisu\\\/nls-10-pohjoismaiset-yleiset-sopimusehdot-standarditoimituksiin-pdf-muodossa\\\/\",\"url\":\"https:\\\/\\\/teknologiateollisuus.fi\\\/jasenille\\\/julkaisu\\\/nls-10-pohjoismaiset-yleiset-sopimusehdot-standarditoimituksiin-pdf-muodossa\\\/\",\"name\":\"Yleiset sopimusehdot standarditoimituksiin (NLS 10, pdf, Pohjoismaat, suomi) - Teknologiateollisuus - J\u00e4senille\",\"isPartOf\":{\"@id\":\"https:\\\/\\\/teknologiateollisuus.fi\\\/jasenille\\\/#website\"},\"primaryImageOfPage\":{\"@id\":\"https:\\\/\\\/teknologiateollisuus.fi\\\/jasenille\\\/julkaisu\\\/nls-10-pohjoismaiset-yleiset-sopimusehdot-standarditoimituksiin-pdf-muodossa\\\/#primaryimage\"},\"image\":{\"@id\":\"https:\\\/\\\/teknologiateollisuus.fi\\\/jasenille\\\/julkaisu\\\/nls-10-pohjoismaiset-yleiset-sopimusehdot-standarditoimituksiin-pdf-muodossa\\\/#primaryimage\"},\"thumbnailUrl\":\"https:\\\/\\\/teknologiateollisuus.fi\\\/jasenille\\\/wp-content\\\/uploads\\\/sites\\\/1\\\/2025\\\/02\\\/kuvitus-paperinippu-aakkosittain-liitot-pdf-770-900.png\",\"datePublished\":\"2024-11-25T10:20:42+00:00\",\"dateModified\":\"2026-01-23T11:49:05+00:00\",\"breadcrumb\":{\"@id\":\"https:\\\/\\\/teknologiateollisuus.fi\\\/jasenille\\\/julkaisu\\\/nls-10-pohjoismaiset-yleiset-sopimusehdot-standarditoimituksiin-pdf-muodossa\\\/#breadcrumb\"},\"inLanguage\":\"fi\",\"potentialAction\":[{\"@type\":\"ReadAction\",\"target\":[\"https:\\\/\\\/teknologiateollisuus.fi\\\/jasenille\\\/julkaisu\\\/nls-10-pohjoismaiset-yleiset-sopimusehdot-standarditoimituksiin-pdf-muodossa\\\/\"]}]},{\"@type\":\"ImageObject\",\"inLanguage\":\"fi\",\"@id\":\"https:\\\/\\\/teknologiateollisuus.fi\\\/jasenille\\\/julkaisu\\\/nls-10-pohjoismaiset-yleiset-sopimusehdot-standarditoimituksiin-pdf-muodossa\\\/#primaryimage\",\"url\":\"https:\\\/\\\/teknologiateollisuus.fi\\\/jasenille\\\/wp-content\\\/uploads\\\/sites\\\/1\\\/2025\\\/02\\\/kuvitus-paperinippu-aakkosittain-liitot-pdf-770-900.png\",\"contentUrl\":\"https:\\\/\\\/teknologiateollisuus.fi\\\/jasenille\\\/wp-content\\\/uploads\\\/sites\\\/1\\\/2025\\\/02\\\/kuvitus-paperinippu-aakkosittain-liitot-pdf-770-900.png\",\"width\":770,\"height\":900},{\"@type\":\"BreadcrumbList\",\"@id\":\"https:\\\/\\\/teknologiateollisuus.fi\\\/jasenille\\\/julkaisu\\\/nls-10-pohjoismaiset-yleiset-sopimusehdot-standarditoimituksiin-pdf-muodossa\\\/#breadcrumb\",\"itemListElement\":[{\"@type\":\"ListItem\",\"position\":1,\"name\":\"Home\",\"item\":\"https:\\\/\\\/teknologiateollisuus.fi\\\/jasenille\\\/\"},{\"@type\":\"ListItem\",\"position\":2,\"name\":\"Kaikki julkaisut\",\"item\":\"https:\\\/\\\/teknologiateollisuus.fi\\\/jasenille\\\/palvelut\\\/julkaisut\\\/kaikki-julkaisut\\\/\"},{\"@type\":\"ListItem\",\"position\":3,\"name\":\"Yleiset sopimusehdot standarditoimituksiin (NLS 10, pdf, Pohjoismaat, suomi)\"}]},{\"@type\":\"WebSite\",\"@id\":\"https:\\\/\\\/teknologiateollisuus.fi\\\/jasenille\\\/#website\",\"url\":\"https:\\\/\\\/teknologiateollisuus.fi\\\/jasenille\\\/\",\"name\":\"Teknologiateollisuus - J\u00e4senille\",\"description\":\"\",\"publisher\":{\"@id\":\"https:\\\/\\\/teknologiateollisuus.fi\\\/jasenille\\\/#organization\"},\"potentialAction\":[{\"@type\":\"SearchAction\",\"target\":{\"@type\":\"EntryPoint\",\"urlTemplate\":\"https:\\\/\\\/teknologiateollisuus.fi\\\/jasenille\\\/?s={search_term_string}\"},\"query-input\":{\"@type\":\"PropertyValueSpecification\",\"valueRequired\":true,\"valueName\":\"search_term_string\"}}],\"inLanguage\":\"fi\"},{\"@type\":\"Organization\",\"@id\":\"https:\\\/\\\/teknologiateollisuus.fi\\\/jasenille\\\/#organization\",\"name\":\"Teknologiateollisuus - J\u00e4senille\",\"url\":\"https:\\\/\\\/teknologiateollisuus.fi\\\/jasenille\\\/\",\"logo\":{\"@type\":\"ImageObject\",\"inLanguage\":\"fi\",\"@id\":\"https:\\\/\\\/teknologiateollisuus.fi\\\/jasenille\\\/#\\\/schema\\\/logo\\\/image\\\/\",\"url\":\"https:\\\/\\\/teknologiateollisuus.fi\\\/jasenille\\\/wp-content\\\/uploads\\\/sites\\\/1\\\/2023\\\/10\\\/placeholder.png\",\"contentUrl\":\"https:\\\/\\\/teknologiateollisuus.fi\\\/jasenille\\\/wp-content\\\/uploads\\\/sites\\\/1\\\/2023\\\/10\\\/placeholder.png\",\"width\":2560,\"height\":1920,\"caption\":\"Teknologiateollisuus - J\u00e4senille\"},\"image\":{\"@id\":\"https:\\\/\\\/teknologiateollisuus.fi\\\/jasenille\\\/#\\\/schema\\\/logo\\\/image\\\/\"}}]}<\/script>\n<!-- \/ Yoast SEO Premium plugin. -->","yoast_head_json":{"title":"Yleiset sopimusehdot standarditoimituksiin (NLS 10, pdf, Pohjoismaat, suomi) - Teknologiateollisuus - J\u00e4senille","robots":{"index":"index","follow":"follow","max-snippet":"max-snippet:-1","max-image-preview":"max-image-preview:large","max-video-preview":"max-video-preview:-1"},"canonical":"https:\/\/teknologiateollisuus.fi\/jasenille\/julkaisu\/nls-10-pohjoismaiset-yleiset-sopimusehdot-standarditoimituksiin-pdf-muodossa\/","og_locale":"fi_FI","og_type":"article","og_title":"Yleiset sopimusehdot standarditoimituksiin (NLS 10, pdf, Pohjoismaat, suomi)","og_description":"Pohjoismaiset yleiset sopimusehdot NLS 10 koskevat standardiluontoisia tuotteita, jotka toimitetaan tavallisesti varastosta ja joita on saatavissa eri toimittajilta.","og_url":"https:\/\/teknologiateollisuus.fi\/jasenille\/julkaisu\/nls-10-pohjoismaiset-yleiset-sopimusehdot-standarditoimituksiin-pdf-muodossa\/","og_site_name":"Teknologiateollisuus - J\u00e4senille","article_modified_time":"2026-01-23T11:49:05+00:00","og_image":[{"width":770,"height":900,"url":"https:\/\/teknologiateollisuus.fi\/jasenille\/wp-content\/uploads\/sites\/1\/2025\/02\/kuvitus-paperinippu-aakkosittain-liitot-pdf-770-900.png","type":"image\/png"}],"twitter_card":"summary_large_image","twitter_misc":{"Arvioitu lukuaika":"1 minuutti"},"schema":{"@context":"https:\/\/schema.org","@graph":[{"@type":"WebPage","@id":"https:\/\/teknologiateollisuus.fi\/jasenille\/julkaisu\/nls-10-pohjoismaiset-yleiset-sopimusehdot-standarditoimituksiin-pdf-muodossa\/","url":"https:\/\/teknologiateollisuus.fi\/jasenille\/julkaisu\/nls-10-pohjoismaiset-yleiset-sopimusehdot-standarditoimituksiin-pdf-muodossa\/","name":"Yleiset sopimusehdot standarditoimituksiin (NLS 10, pdf, Pohjoismaat, suomi) - Teknologiateollisuus - J\u00e4senille","isPartOf":{"@id":"https:\/\/teknologiateollisuus.fi\/jasenille\/#website"},"primaryImageOfPage":{"@id":"https:\/\/teknologiateollisuus.fi\/jasenille\/julkaisu\/nls-10-pohjoismaiset-yleiset-sopimusehdot-standarditoimituksiin-pdf-muodossa\/#primaryimage"},"image":{"@id":"https:\/\/teknologiateollisuus.fi\/jasenille\/julkaisu\/nls-10-pohjoismaiset-yleiset-sopimusehdot-standarditoimituksiin-pdf-muodossa\/#primaryimage"},"thumbnailUrl":"https:\/\/teknologiateollisuus.fi\/jasenille\/wp-content\/uploads\/sites\/1\/2025\/02\/kuvitus-paperinippu-aakkosittain-liitot-pdf-770-900.png","datePublished":"2024-11-25T10:20:42+00:00","dateModified":"2026-01-23T11:49:05+00:00","breadcrumb":{"@id":"https:\/\/teknologiateollisuus.fi\/jasenille\/julkaisu\/nls-10-pohjoismaiset-yleiset-sopimusehdot-standarditoimituksiin-pdf-muodossa\/#breadcrumb"},"inLanguage":"fi","potentialAction":[{"@type":"ReadAction","target":["https:\/\/teknologiateollisuus.fi\/jasenille\/julkaisu\/nls-10-pohjoismaiset-yleiset-sopimusehdot-standarditoimituksiin-pdf-muodossa\/"]}]},{"@type":"ImageObject","inLanguage":"fi","@id":"https:\/\/teknologiateollisuus.fi\/jasenille\/julkaisu\/nls-10-pohjoismaiset-yleiset-sopimusehdot-standarditoimituksiin-pdf-muodossa\/#primaryimage","url":"https:\/\/teknologiateollisuus.fi\/jasenille\/wp-content\/uploads\/sites\/1\/2025\/02\/kuvitus-paperinippu-aakkosittain-liitot-pdf-770-900.png","contentUrl":"https:\/\/teknologiateollisuus.fi\/jasenille\/wp-content\/uploads\/sites\/1\/2025\/02\/kuvitus-paperinippu-aakkosittain-liitot-pdf-770-900.png","width":770,"height":900},{"@type":"BreadcrumbList","@id":"https:\/\/teknologiateollisuus.fi\/jasenille\/julkaisu\/nls-10-pohjoismaiset-yleiset-sopimusehdot-standarditoimituksiin-pdf-muodossa\/#breadcrumb","itemListElement":[{"@type":"ListItem","position":1,"name":"Home","item":"https:\/\/teknologiateollisuus.fi\/jasenille\/"},{"@type":"ListItem","position":2,"name":"Kaikki julkaisut","item":"https:\/\/teknologiateollisuus.fi\/jasenille\/palvelut\/julkaisut\/kaikki-julkaisut\/"},{"@type":"ListItem","position":3,"name":"Yleiset sopimusehdot standarditoimituksiin (NLS 10, pdf, Pohjoismaat, suomi)"}]},{"@type":"WebSite","@id":"https:\/\/teknologiateollisuus.fi\/jasenille\/#website","url":"https:\/\/teknologiateollisuus.fi\/jasenille\/","name":"Teknologiateollisuus - J\u00e4senille","description":"","publisher":{"@id":"https:\/\/teknologiateollisuus.fi\/jasenille\/#organization"},"potentialAction":[{"@type":"SearchAction","target":{"@type":"EntryPoint","urlTemplate":"https:\/\/teknologiateollisuus.fi\/jasenille\/?s={search_term_string}"},"query-input":{"@type":"PropertyValueSpecification","valueRequired":true,"valueName":"search_term_string"}}],"inLanguage":"fi"},{"@type":"Organization","@id":"https:\/\/teknologiateollisuus.fi\/jasenille\/#organization","name":"Teknologiateollisuus - J\u00e4senille","url":"https:\/\/teknologiateollisuus.fi\/jasenille\/","logo":{"@type":"ImageObject","inLanguage":"fi","@id":"https:\/\/teknologiateollisuus.fi\/jasenille\/#\/schema\/logo\/image\/","url":"https:\/\/teknologiateollisuus.fi\/jasenille\/wp-content\/uploads\/sites\/1\/2023\/10\/placeholder.png","contentUrl":"https:\/\/teknologiateollisuus.fi\/jasenille\/wp-content\/uploads\/sites\/1\/2023\/10\/placeholder.png","width":2560,"height":1920,"caption":"Teknologiateollisuus - J\u00e4senille"},"image":{"@id":"https:\/\/teknologiateollisuus.fi\/jasenille\/#\/schema\/logo\/image\/"}}]}},"_links":{"self":[{"href":"https:\/\/teknologiateollisuus.fi\/jasenille\/wp-json\/wp\/v2\/product\/16563","targetHints":{"allow":["GET"]}}],"collection":[{"href":"https:\/\/teknologiateollisuus.fi\/jasenille\/wp-json\/wp\/v2\/product"}],"about":[{"href":"https:\/\/teknologiateollisuus.fi\/jasenille\/wp-json\/wp\/v2\/types\/product"}],"wp:featuredmedia":[{"embeddable":true,"href":"https:\/\/teknologiateollisuus.fi\/jasenille\/wp-json\/wp\/v2\/media\/25647"}],"wp:attachment":[{"href":"https:\/\/teknologiateollisuus.fi\/jasenille\/wp-json\/wp\/v2\/media?parent=16563"}],"wp:term":[{"taxonomy":"product_brand","embeddable":true,"href":"https:\/\/teknologiateollisuus.fi\/jasenille\/wp-json\/wp\/v2\/product_brand?post=16563"},{"taxonomy":"product_cat","embeddable":true,"href":"https:\/\/teknologiateollisuus.fi\/jasenille\/wp-json\/wp\/v2\/product_cat?post=16563"},{"taxonomy":"product_tag","embeddable":true,"href":"https:\/\/teknologiateollisuus.fi\/jasenille\/wp-json\/wp\/v2\/product_tag?post=16563"}],"curies":[{"name":"wp","href":"https:\/\/api.w.org\/{rel}","templated":true}]}}