{"id":16885,"date":"2024-12-05T15:35:16","date_gmt":"2024-12-05T13:35:16","guid":{"rendered":"https:\/\/teknologiateollisuus.fi\/jasenille\/?post_type=product&#038;p=16885"},"modified":"2026-01-02T11:52:33","modified_gmt":"2026-01-02T09:52:33","slug":"hitsauksen-laadun-ja-tehokkuuden-parantaminen-hyodyntaen-standardia-sfs-en-iso-3834","status":"publish","type":"product","link":"https:\/\/teknologiateollisuus.fi\/jasenille\/julkaisu\/hitsauksen-laadun-ja-tehokkuuden-parantaminen-hyodyntaen-standardia-sfs-en-iso-3834\/","title":{"rendered":"Hitsauksen laadun ja tehokkuuden parantaminen hy\u00f6dynt\u00e4en standardia SFS-EN ISO 3834"},"content":{"rendered":"<p>Standardin ISO 3834 mukaisten laatuvaatimusten t\u00e4ytt\u00e4mist\u00e4 voidaan edellytt\u00e4\u00e4 tiettyjen hitsattujen tuotteiden, kuten paineastioiden, offshore-rakenteiden ja ter\u00e4srakenteiden valmistajilta, jos tuotestandardeissa n\u00e4in vaaditaan. Niiden k\u00e4ytt\u00f6\u00e4 saattavat vaatia my\u00f6s ulkomaiset asiakkaat sek\u00e4 esimerkiksi suuret kotimaiset vientiyritykset omilta alihankkijoiltaan. K\u00e4ytt\u00e4m\u00e4ll\u00e4 standardeja yritys voi saada merkitt\u00e4vi\u00e4 hy\u00f6tyj\u00e4 my\u00f6s siin\u00e4 tapauksessa, vaikkei mik\u00e4\u00e4n ulkopuolinen taho sit\u00e4 vaadikaan. Standardit ISO 3834-2\u20264 voidaan sertifioida osana ISO 9001 -laatuj\u00e4rjestelm\u00e4\u00e4. Ne voidaan sertifioida my\u00f6s erikseen ilman kytkent\u00e4\u00e4 varsinaiseen laatuj\u00e4rjestelm\u00e4\u00e4n.<\/p>\n<p>Julkaisu on laadittu yrityksille, joilla on aikomus ottaa k\u00e4ytt\u00f6\u00f6n ISO 3834 -standardi hitsaust\u00f6iden laadunohjausta varten. Siin\u00e4 neuvotaan, mink\u00e4laisista menettelyohjeista saattaisi olla hy\u00f6ty\u00e4 ja mit\u00e4 ne voisivat sis\u00e4lt\u00e4\u00e4.<br \/>\nJulkaisu k\u00e4sittelee ensisijaisesti standardin ISO 3834-2 Kattavat laatuvaatimukset k\u00e4ytt\u00f6\u00f6nottoa, mutta useat neuvot ovat hyvin sovellettavissa k\u00e4ytett\u00e4ess\u00e4 standardia ISO 3834-3: Vakiolaatuvaatimukset ja ISO 3834-4 Peruslaatuvaatimukset. Julkaisu on tarkoitettu ensisijaisesti hitsauksen laadunhallinnasta vastaaville sek\u00e4 hitsaustoimintoja johtaville ja koordinoiville henkil\u00f6ille.<\/p>\n<p>Hitsin laatu saadaan aikaan tekem\u00e4ll\u00e4 eik\u00e4 tarkastamalla. Tarkastus toki lis\u00e4\u00e4 luotettavuutta. Hitsaus vaatii jatkuvaa tarkkailua ja\/tai dokumentoitujen toimintaohjeiden noudattamista. T\u00e4t\u00e4 taustaa vasten on laadittu hitsauksen laatuvaatimuksia koskeva standardisarja ISO 3834. Standardit on julkaistu Suomessa tunnuksella SFS-EN ISO 3834-1&#8230;4:2006 Metallien sulahitsauksen laatuvaatimukset.<\/p>\n<p>Standardeja myy SFS, <a href=\"http:\/\/sales.sfs.fi\/sfs\/\">http:\/\/sales.sfs.fi\/sfs\/<\/a><\/p>\n","protected":false},"excerpt":{"rendered":"<p>Julkaisu on laadittu yrityksille, joilla on aikomus ottaa k\u00e4ytt\u00f6\u00f6n ISO 3834 -standardi hitsaust\u00f6iden laadunohjausta varten. Siin\u00e4 neuvotaan, mink\u00e4laisista menettelyohjeista saattaisi olla hy\u00f6ty\u00e4 ja mit\u00e4 ne voisivat sis\u00e4lt\u00e4\u00e4. Julkaisu k\u00e4sittelee ensisijaisesti standardin ISO 3834-2 Kattavat laatuvaatimukset k\u00e4ytt\u00f6\u00f6nottoa, mutta useat neuvot ovat hyvin sovellettavissa k\u00e4ytett\u00e4ess\u00e4 standardia ISO 3834-3: Vakiolaatuvaatimukset ja ISO 3834-4 Peruslaatuvaatimukset. Julkaisu on tarkoitettu ensisijaisesti hitsauksen laadunhallinnasta vastaaville sek\u00e4 hitsaustoimintoja johtaville ja koordinoiville henkil\u00f6ille.<\/p>\n","protected":false},"featured_media":25638,"template":"","meta":{"_acf_changed":false,"_relevanssi_hide_post":"","_relevanssi_hide_content":"","_relevanssi_pin_for_all":"","_relevanssi_pin_keywords":"","_relevanssi_unpin_keywords":"","_relevanssi_related_keywords":"","_relevanssi_related_include_ids":"","_relevanssi_related_exclude_ids":"","_relevanssi_related_no_append":"","_relevanssi_related_not_related":"","_relevanssi_related_posts":"","_relevanssi_noindex_reason":"","inline_featured_image":false,"growthstack-ab-test":[],"growthstack-ab-test-views":[]},"product_brand":[],"product_cat":[808],"product_tag":[732,730],"class_list":{"0":"post-16885","1":"product","2":"type-product","3":"status-publish","4":"has-post-thumbnail","6":"product_cat-muut-julkaisut","7":"product_tag-laatu","8":"product_tag-liiketoiminta-ja-innovaatiot","9":"product_shipping_class-kirja","11":"first","12":"instock","13":"taxable","14":"shipping-taxable","15":"purchasable","16":"product-type-simple"},"acf":{"creators":"Carl-Gustaf Lindewald (toim.)","member_discount":15,"attachments":null,"links":null,"product_recommendations":{"number_of_products":10,"recommendation_basis":"date"}},"yoast_head":"<!-- This site is optimized with the Yoast SEO Premium plugin v27.1 (Yoast SEO v27.4) - https:\/\/yoast.com\/product\/yoast-seo-premium-wordpress\/ -->\n<title>Hitsauksen laadun ja tehokkuuden parantaminen hy\u00f6dynt\u00e4en standardia SFS-EN ISO 3834 - Teknologiateollisuus - J\u00e4senille<\/title>\n<meta name=\"robots\" content=\"index, follow, max-snippet:-1, max-image-preview:large, max-video-preview:-1\" \/>\n<link rel=\"canonical\" href=\"https:\/\/teknologiateollisuus.fi\/jasenille\/julkaisu\/hitsauksen-laadun-ja-tehokkuuden-parantaminen-hyodyntaen-standardia-sfs-en-iso-3834\/\" \/>\n<meta property=\"og:locale\" content=\"fi_FI\" \/>\n<meta property=\"og:type\" content=\"article\" \/>\n<meta property=\"og:title\" content=\"Hitsauksen laadun ja tehokkuuden parantaminen hy\u00f6dynt\u00e4en standardia SFS-EN ISO 3834\" \/>\n<meta property=\"og:description\" content=\"Julkaisu on laadittu yrityksille, joilla on aikomus ottaa k\u00e4ytt\u00f6\u00f6n ISO 3834 -standardi hitsaust\u00f6iden laadunohjausta varten. Siin\u00e4 neuvotaan, mink\u00e4laisista menettelyohjeista saattaisi olla hy\u00f6ty\u00e4 ja mit\u00e4 ne voisivat sis\u00e4lt\u00e4\u00e4. Julkaisu k\u00e4sittelee ensisijaisesti standardin ISO 3834-2 Kattavat laatuvaatimukset k\u00e4ytt\u00f6\u00f6nottoa, mutta useat neuvot ovat hyvin sovellettavissa k\u00e4ytett\u00e4ess\u00e4 standardia ISO 3834-3: Vakiolaatuvaatimukset ja ISO 3834-4 Peruslaatuvaatimukset. Julkaisu on tarkoitettu ensisijaisesti hitsauksen laadunhallinnasta vastaaville sek\u00e4 hitsaustoimintoja johtaville ja koordinoiville henkil\u00f6ille.\" \/>\n<meta property=\"og:url\" content=\"https:\/\/teknologiateollisuus.fi\/jasenille\/julkaisu\/hitsauksen-laadun-ja-tehokkuuden-parantaminen-hyodyntaen-standardia-sfs-en-iso-3834\/\" \/>\n<meta property=\"og:site_name\" content=\"Teknologiateollisuus - J\u00e4senille\" \/>\n<meta property=\"article:modified_time\" content=\"2026-01-02T09:52:33+00:00\" \/>\n<meta property=\"og:image\" content=\"https:\/\/teknologiateollisuus.fi\/jasenille\/wp-content\/uploads\/sites\/1\/2024\/12\/kirja-hitsauksen-laatu-770-900.png\" \/>\n\t<meta property=\"og:image:width\" content=\"770\" \/>\n\t<meta property=\"og:image:height\" content=\"900\" \/>\n\t<meta property=\"og:image:type\" content=\"image\/png\" \/>\n<meta name=\"twitter:card\" content=\"summary_large_image\" \/>\n<meta name=\"twitter:label1\" content=\"Arvioitu lukuaika\" \/>\n\t<meta name=\"twitter:data1\" content=\"2 minuuttia\" \/>\n<script type=\"application\/ld+json\" class=\"yoast-schema-graph\">{\"@context\":\"https:\\\/\\\/schema.org\",\"@graph\":[{\"@type\":\"WebPage\",\"@id\":\"https:\\\/\\\/teknologiateollisuus.fi\\\/jasenille\\\/julkaisu\\\/hitsauksen-laadun-ja-tehokkuuden-parantaminen-hyodyntaen-standardia-sfs-en-iso-3834\\\/\",\"url\":\"https:\\\/\\\/teknologiateollisuus.fi\\\/jasenille\\\/julkaisu\\\/hitsauksen-laadun-ja-tehokkuuden-parantaminen-hyodyntaen-standardia-sfs-en-iso-3834\\\/\",\"name\":\"Hitsauksen laadun ja tehokkuuden parantaminen hy\u00f6dynt\u00e4en standardia SFS-EN ISO 3834 - Teknologiateollisuus - J\u00e4senille\",\"isPartOf\":{\"@id\":\"https:\\\/\\\/teknologiateollisuus.fi\\\/jasenille\\\/#website\"},\"primaryImageOfPage\":{\"@id\":\"https:\\\/\\\/teknologiateollisuus.fi\\\/jasenille\\\/julkaisu\\\/hitsauksen-laadun-ja-tehokkuuden-parantaminen-hyodyntaen-standardia-sfs-en-iso-3834\\\/#primaryimage\"},\"image\":{\"@id\":\"https:\\\/\\\/teknologiateollisuus.fi\\\/jasenille\\\/julkaisu\\\/hitsauksen-laadun-ja-tehokkuuden-parantaminen-hyodyntaen-standardia-sfs-en-iso-3834\\\/#primaryimage\"},\"thumbnailUrl\":\"https:\\\/\\\/teknologiateollisuus.fi\\\/jasenille\\\/wp-content\\\/uploads\\\/sites\\\/1\\\/2024\\\/12\\\/kirja-hitsauksen-laatu-770-900.png\",\"datePublished\":\"2024-12-05T13:35:16+00:00\",\"dateModified\":\"2026-01-02T09:52:33+00:00\",\"breadcrumb\":{\"@id\":\"https:\\\/\\\/teknologiateollisuus.fi\\\/jasenille\\\/julkaisu\\\/hitsauksen-laadun-ja-tehokkuuden-parantaminen-hyodyntaen-standardia-sfs-en-iso-3834\\\/#breadcrumb\"},\"inLanguage\":\"fi\",\"potentialAction\":[{\"@type\":\"ReadAction\",\"target\":[\"https:\\\/\\\/teknologiateollisuus.fi\\\/jasenille\\\/julkaisu\\\/hitsauksen-laadun-ja-tehokkuuden-parantaminen-hyodyntaen-standardia-sfs-en-iso-3834\\\/\"]}]},{\"@type\":\"ImageObject\",\"inLanguage\":\"fi\",\"@id\":\"https:\\\/\\\/teknologiateollisuus.fi\\\/jasenille\\\/julkaisu\\\/hitsauksen-laadun-ja-tehokkuuden-parantaminen-hyodyntaen-standardia-sfs-en-iso-3834\\\/#primaryimage\",\"url\":\"https:\\\/\\\/teknologiateollisuus.fi\\\/jasenille\\\/wp-content\\\/uploads\\\/sites\\\/1\\\/2024\\\/12\\\/kirja-hitsauksen-laatu-770-900.png\",\"contentUrl\":\"https:\\\/\\\/teknologiateollisuus.fi\\\/jasenille\\\/wp-content\\\/uploads\\\/sites\\\/1\\\/2024\\\/12\\\/kirja-hitsauksen-laatu-770-900.png\",\"width\":770,\"height\":900},{\"@type\":\"BreadcrumbList\",\"@id\":\"https:\\\/\\\/teknologiateollisuus.fi\\\/jasenille\\\/julkaisu\\\/hitsauksen-laadun-ja-tehokkuuden-parantaminen-hyodyntaen-standardia-sfs-en-iso-3834\\\/#breadcrumb\",\"itemListElement\":[{\"@type\":\"ListItem\",\"position\":1,\"name\":\"Home\",\"item\":\"https:\\\/\\\/teknologiateollisuus.fi\\\/jasenille\\\/\"},{\"@type\":\"ListItem\",\"position\":2,\"name\":\"Kaikki julkaisut\",\"item\":\"https:\\\/\\\/teknologiateollisuus.fi\\\/jasenille\\\/palvelut\\\/julkaisut\\\/kaikki-julkaisut\\\/\"},{\"@type\":\"ListItem\",\"position\":3,\"name\":\"Hitsauksen laadun ja tehokkuuden parantaminen hy\u00f6dynt\u00e4en standardia SFS-EN ISO 3834\"}]},{\"@type\":\"WebSite\",\"@id\":\"https:\\\/\\\/teknologiateollisuus.fi\\\/jasenille\\\/#website\",\"url\":\"https:\\\/\\\/teknologiateollisuus.fi\\\/jasenille\\\/\",\"name\":\"Teknologiateollisuus - J\u00e4senille\",\"description\":\"\",\"publisher\":{\"@id\":\"https:\\\/\\\/teknologiateollisuus.fi\\\/jasenille\\\/#organization\"},\"potentialAction\":[{\"@type\":\"SearchAction\",\"target\":{\"@type\":\"EntryPoint\",\"urlTemplate\":\"https:\\\/\\\/teknologiateollisuus.fi\\\/jasenille\\\/?s={search_term_string}\"},\"query-input\":{\"@type\":\"PropertyValueSpecification\",\"valueRequired\":true,\"valueName\":\"search_term_string\"}}],\"inLanguage\":\"fi\"},{\"@type\":\"Organization\",\"@id\":\"https:\\\/\\\/teknologiateollisuus.fi\\\/jasenille\\\/#organization\",\"name\":\"Teknologiateollisuus - J\u00e4senille\",\"url\":\"https:\\\/\\\/teknologiateollisuus.fi\\\/jasenille\\\/\",\"logo\":{\"@type\":\"ImageObject\",\"inLanguage\":\"fi\",\"@id\":\"https:\\\/\\\/teknologiateollisuus.fi\\\/jasenille\\\/#\\\/schema\\\/logo\\\/image\\\/\",\"url\":\"https:\\\/\\\/teknologiateollisuus.fi\\\/jasenille\\\/wp-content\\\/uploads\\\/sites\\\/1\\\/2023\\\/10\\\/placeholder.png\",\"contentUrl\":\"https:\\\/\\\/teknologiateollisuus.fi\\\/jasenille\\\/wp-content\\\/uploads\\\/sites\\\/1\\\/2023\\\/10\\\/placeholder.png\",\"width\":2560,\"height\":1920,\"caption\":\"Teknologiateollisuus - J\u00e4senille\"},\"image\":{\"@id\":\"https:\\\/\\\/teknologiateollisuus.fi\\\/jasenille\\\/#\\\/schema\\\/logo\\\/image\\\/\"}}]}<\/script>\n<!-- \/ Yoast SEO Premium plugin. -->","yoast_head_json":{"title":"Hitsauksen laadun ja tehokkuuden parantaminen hy\u00f6dynt\u00e4en standardia SFS-EN ISO 3834 - Teknologiateollisuus - J\u00e4senille","robots":{"index":"index","follow":"follow","max-snippet":"max-snippet:-1","max-image-preview":"max-image-preview:large","max-video-preview":"max-video-preview:-1"},"canonical":"https:\/\/teknologiateollisuus.fi\/jasenille\/julkaisu\/hitsauksen-laadun-ja-tehokkuuden-parantaminen-hyodyntaen-standardia-sfs-en-iso-3834\/","og_locale":"fi_FI","og_type":"article","og_title":"Hitsauksen laadun ja tehokkuuden parantaminen hy\u00f6dynt\u00e4en standardia SFS-EN ISO 3834","og_description":"Julkaisu on laadittu yrityksille, joilla on aikomus ottaa k\u00e4ytt\u00f6\u00f6n ISO 3834 -standardi hitsaust\u00f6iden laadunohjausta varten. Siin\u00e4 neuvotaan, mink\u00e4laisista menettelyohjeista saattaisi olla hy\u00f6ty\u00e4 ja mit\u00e4 ne voisivat sis\u00e4lt\u00e4\u00e4. Julkaisu k\u00e4sittelee ensisijaisesti standardin ISO 3834-2 Kattavat laatuvaatimukset k\u00e4ytt\u00f6\u00f6nottoa, mutta useat neuvot ovat hyvin sovellettavissa k\u00e4ytett\u00e4ess\u00e4 standardia ISO 3834-3: Vakiolaatuvaatimukset ja ISO 3834-4 Peruslaatuvaatimukset. Julkaisu on tarkoitettu ensisijaisesti hitsauksen laadunhallinnasta vastaaville sek\u00e4 hitsaustoimintoja johtaville ja koordinoiville henkil\u00f6ille.","og_url":"https:\/\/teknologiateollisuus.fi\/jasenille\/julkaisu\/hitsauksen-laadun-ja-tehokkuuden-parantaminen-hyodyntaen-standardia-sfs-en-iso-3834\/","og_site_name":"Teknologiateollisuus - J\u00e4senille","article_modified_time":"2026-01-02T09:52:33+00:00","og_image":[{"width":770,"height":900,"url":"https:\/\/teknologiateollisuus.fi\/jasenille\/wp-content\/uploads\/sites\/1\/2024\/12\/kirja-hitsauksen-laatu-770-900.png","type":"image\/png"}],"twitter_card":"summary_large_image","twitter_misc":{"Arvioitu lukuaika":"2 minuuttia"},"schema":{"@context":"https:\/\/schema.org","@graph":[{"@type":"WebPage","@id":"https:\/\/teknologiateollisuus.fi\/jasenille\/julkaisu\/hitsauksen-laadun-ja-tehokkuuden-parantaminen-hyodyntaen-standardia-sfs-en-iso-3834\/","url":"https:\/\/teknologiateollisuus.fi\/jasenille\/julkaisu\/hitsauksen-laadun-ja-tehokkuuden-parantaminen-hyodyntaen-standardia-sfs-en-iso-3834\/","name":"Hitsauksen laadun ja tehokkuuden parantaminen hy\u00f6dynt\u00e4en standardia SFS-EN ISO 3834 - Teknologiateollisuus - J\u00e4senille","isPartOf":{"@id":"https:\/\/teknologiateollisuus.fi\/jasenille\/#website"},"primaryImageOfPage":{"@id":"https:\/\/teknologiateollisuus.fi\/jasenille\/julkaisu\/hitsauksen-laadun-ja-tehokkuuden-parantaminen-hyodyntaen-standardia-sfs-en-iso-3834\/#primaryimage"},"image":{"@id":"https:\/\/teknologiateollisuus.fi\/jasenille\/julkaisu\/hitsauksen-laadun-ja-tehokkuuden-parantaminen-hyodyntaen-standardia-sfs-en-iso-3834\/#primaryimage"},"thumbnailUrl":"https:\/\/teknologiateollisuus.fi\/jasenille\/wp-content\/uploads\/sites\/1\/2024\/12\/kirja-hitsauksen-laatu-770-900.png","datePublished":"2024-12-05T13:35:16+00:00","dateModified":"2026-01-02T09:52:33+00:00","breadcrumb":{"@id":"https:\/\/teknologiateollisuus.fi\/jasenille\/julkaisu\/hitsauksen-laadun-ja-tehokkuuden-parantaminen-hyodyntaen-standardia-sfs-en-iso-3834\/#breadcrumb"},"inLanguage":"fi","potentialAction":[{"@type":"ReadAction","target":["https:\/\/teknologiateollisuus.fi\/jasenille\/julkaisu\/hitsauksen-laadun-ja-tehokkuuden-parantaminen-hyodyntaen-standardia-sfs-en-iso-3834\/"]}]},{"@type":"ImageObject","inLanguage":"fi","@id":"https:\/\/teknologiateollisuus.fi\/jasenille\/julkaisu\/hitsauksen-laadun-ja-tehokkuuden-parantaminen-hyodyntaen-standardia-sfs-en-iso-3834\/#primaryimage","url":"https:\/\/teknologiateollisuus.fi\/jasenille\/wp-content\/uploads\/sites\/1\/2024\/12\/kirja-hitsauksen-laatu-770-900.png","contentUrl":"https:\/\/teknologiateollisuus.fi\/jasenille\/wp-content\/uploads\/sites\/1\/2024\/12\/kirja-hitsauksen-laatu-770-900.png","width":770,"height":900},{"@type":"BreadcrumbList","@id":"https:\/\/teknologiateollisuus.fi\/jasenille\/julkaisu\/hitsauksen-laadun-ja-tehokkuuden-parantaminen-hyodyntaen-standardia-sfs-en-iso-3834\/#breadcrumb","itemListElement":[{"@type":"ListItem","position":1,"name":"Home","item":"https:\/\/teknologiateollisuus.fi\/jasenille\/"},{"@type":"ListItem","position":2,"name":"Kaikki julkaisut","item":"https:\/\/teknologiateollisuus.fi\/jasenille\/palvelut\/julkaisut\/kaikki-julkaisut\/"},{"@type":"ListItem","position":3,"name":"Hitsauksen laadun ja tehokkuuden parantaminen hy\u00f6dynt\u00e4en standardia SFS-EN ISO 3834"}]},{"@type":"WebSite","@id":"https:\/\/teknologiateollisuus.fi\/jasenille\/#website","url":"https:\/\/teknologiateollisuus.fi\/jasenille\/","name":"Teknologiateollisuus - J\u00e4senille","description":"","publisher":{"@id":"https:\/\/teknologiateollisuus.fi\/jasenille\/#organization"},"potentialAction":[{"@type":"SearchAction","target":{"@type":"EntryPoint","urlTemplate":"https:\/\/teknologiateollisuus.fi\/jasenille\/?s={search_term_string}"},"query-input":{"@type":"PropertyValueSpecification","valueRequired":true,"valueName":"search_term_string"}}],"inLanguage":"fi"},{"@type":"Organization","@id":"https:\/\/teknologiateollisuus.fi\/jasenille\/#organization","name":"Teknologiateollisuus - J\u00e4senille","url":"https:\/\/teknologiateollisuus.fi\/jasenille\/","logo":{"@type":"ImageObject","inLanguage":"fi","@id":"https:\/\/teknologiateollisuus.fi\/jasenille\/#\/schema\/logo\/image\/","url":"https:\/\/teknologiateollisuus.fi\/jasenille\/wp-content\/uploads\/sites\/1\/2023\/10\/placeholder.png","contentUrl":"https:\/\/teknologiateollisuus.fi\/jasenille\/wp-content\/uploads\/sites\/1\/2023\/10\/placeholder.png","width":2560,"height":1920,"caption":"Teknologiateollisuus - J\u00e4senille"},"image":{"@id":"https:\/\/teknologiateollisuus.fi\/jasenille\/#\/schema\/logo\/image\/"}}]}},"_links":{"self":[{"href":"https:\/\/teknologiateollisuus.fi\/jasenille\/wp-json\/wp\/v2\/product\/16885","targetHints":{"allow":["GET"]}}],"collection":[{"href":"https:\/\/teknologiateollisuus.fi\/jasenille\/wp-json\/wp\/v2\/product"}],"about":[{"href":"https:\/\/teknologiateollisuus.fi\/jasenille\/wp-json\/wp\/v2\/types\/product"}],"wp:featuredmedia":[{"embeddable":true,"href":"https:\/\/teknologiateollisuus.fi\/jasenille\/wp-json\/wp\/v2\/media\/25638"}],"wp:attachment":[{"href":"https:\/\/teknologiateollisuus.fi\/jasenille\/wp-json\/wp\/v2\/media?parent=16885"}],"wp:term":[{"taxonomy":"product_brand","embeddable":true,"href":"https:\/\/teknologiateollisuus.fi\/jasenille\/wp-json\/wp\/v2\/product_brand?post=16885"},{"taxonomy":"product_cat","embeddable":true,"href":"https:\/\/teknologiateollisuus.fi\/jasenille\/wp-json\/wp\/v2\/product_cat?post=16885"},{"taxonomy":"product_tag","embeddable":true,"href":"https:\/\/teknologiateollisuus.fi\/jasenille\/wp-json\/wp\/v2\/product_tag?post=16885"}],"curies":[{"name":"wp","href":"https:\/\/api.w.org\/{rel}","templated":true}]}}