{"id":16889,"date":"2024-12-05T15:39:53","date_gmt":"2024-12-05T13:39:53","guid":{"rendered":"https:\/\/teknologiateollisuus.fi\/jasenille\/?post_type=product&#038;p=16889"},"modified":"2025-10-23T11:02:26","modified_gmt":"2025-10-23T08:02:26","slug":"hyvaa-tyota-hyvaa-mielta-opas-tulospalkkioiden-rakentamiseen","status":"publish","type":"product","link":"https:\/\/teknologiateollisuus.fi\/jasenille\/julkaisu\/hyvaa-tyota-hyvaa-mielta-opas-tulospalkkioiden-rakentamiseen\/","title":{"rendered":"Hyv\u00e4\u00e4 ty\u00f6t\u00e4 &#8211; hyv\u00e4\u00e4 mielt\u00e4. Opas tulospalkkioiden rakentamiseen"},"content":{"rendered":"<p>Opas k\u00e4sittelee t\u00e4ydent\u00e4vi\u00e4 palkitsemistapoja ja niiden k\u00e4ytt\u00f6\u00e4 Suomessa toimivissa yksityisen sektorin yrityksiss\u00e4, erityisesti osana toimihenkil\u00f6iden ja ylempien toimihenkil\u00f6iden palkitsemista.<\/p>\n<p>T\u00e4ydent\u00e4vill\u00e4 palkitsemistavoilla tarkoitetaan oppaassa erilaisia yrityskohtaisia rahallisia palkitsemistapoja, jotka t\u00e4ydent\u00e4v\u00e4t kuukausipalkkaa.<\/p>\n<p>Oppaassa yhdistet\u00e4\u00e4n aiheeseen liittyv\u00e4t teoriat ja k\u00e4sitteet sek\u00e4 k\u00e4yt\u00e4nn\u00f6n kokemukset suomalaisilta ty\u00f6paikoilta. Siin\u00e4 esitell\u00e4\u00e4n keskeisi\u00e4 n\u00e4k\u00f6kulmia t\u00e4ydent\u00e4vist\u00e4 palkitsemistavoista ja j\u00e4rjestelmien rakentamisesta. Jotta palkitseminen toimisi toivotulla tavalla, on mietitt\u00e4v\u00e4, mit\u00e4 palkitsemisella tavoitellaan, millaisia palkitsemistapoja k\u00e4ytet\u00e4\u00e4n, miten palkitsemisesta tulee toimivaa sek\u00e4 miten j\u00e4rjestelm\u00e4 tulisi rakentaa ja miten sit\u00e4 tulisi kehitt\u00e4\u00e4. Oppaan ovat laatineet EK-STKK Tuottavuusty\u00f6ryhm\u00e4, Ylemm\u00e4t toimihenkil\u00f6t YTN ry ja Palkkataito Oy.<\/p>\n<p>Opas on tarkoitettu kaikille yritysten palkitsemisasioiden parissa ty\u00f6skenteleville henkil\u00f6ille: henkil\u00f6st\u00f6johdolle, linjajohdolle, esimiehille ja henkil\u00f6st\u00f6n edustajille, mutta my\u00f6s palkansaajille.<\/p>\n<p><a href=\"https:\/\/www.palkkataito.fi\/Julkaisut\/\">Voit my\u00f6s ladata oppaan maksutta Palkkataito Oy:n sivuilta pdf-muodossa.<\/a><\/p>\n","protected":false},"excerpt":{"rendered":"<p>Opas k\u00e4sittelee t\u00e4ydent\u00e4vi\u00e4 palkitsemistapoja ja niiden k\u00e4ytt\u00f6\u00e4 Suomessa toimivissa yksityisen sektorin yrityksiss\u00e4, erityisesti osana toimihenkil\u00f6iden ja ylempien toimihenkil\u00f6iden palkitsemista. T\u00e4ydent\u00e4vill\u00e4 palkitsemistavoilla tarkoitetaan oppaassa erilaisia yrityskohtaisia rahallisia palkitsemistapoja, jotka t\u00e4ydent\u00e4v\u00e4t kuukausipalkkaa.<\/p>\n","protected":false},"featured_media":25660,"template":"","meta":{"_acf_changed":false,"_relevanssi_hide_post":"","_relevanssi_hide_content":"","_relevanssi_pin_for_all":"","_relevanssi_pin_keywords":"","_relevanssi_unpin_keywords":"","_relevanssi_related_keywords":"","_relevanssi_related_include_ids":"","_relevanssi_related_exclude_ids":"","_relevanssi_related_no_append":"","_relevanssi_related_not_related":"","_relevanssi_related_posts":"","_relevanssi_noindex_reason":"","inline_featured_image":false,"growthstack-ab-test":[],"growthstack-ab-test-views":[]},"product_brand":[],"product_cat":[809],"product_tag":[728],"class_list":{"0":"post-16889","1":"product","2":"type-product","3":"status-publish","4":"has-post-thumbnail","6":"product_cat-oppaat","7":"product_tag-tyosuhdeasiat-ja-tyoelama","8":"product_shipping_class-kirja","10":"first","11":"instock","12":"taxable","13":"shipping-taxable","14":"purchasable","15":"product-type-simple"},"acf":{"creators":" EK-STKK Tuottavuusty\u00f6ryhm\u00e4, Ylemm\u00e4t toimihenkil\u00f6t YTN ry ja Palkkataito Oy","member_discount":"","attachments":null,"links":[{"link":{"title":"Voit my\u00f6s ladata oppaan maksutta Palkkataito Oy:n sivuilta pdf-muodossa","url":"https:\/\/www.palkkataito.fi\/Julkaisut\/","target":"_blank"}}],"product_recommendations":{"number_of_products":10,"recommendation_basis":"date"}},"yoast_head":"<!-- This site is optimized with the Yoast SEO Premium plugin v27.1 (Yoast SEO v27.4) - https:\/\/yoast.com\/product\/yoast-seo-premium-wordpress\/ -->\n<title>Hyv\u00e4\u00e4 ty\u00f6t\u00e4 - hyv\u00e4\u00e4 mielt\u00e4. Opas tulospalkkioiden rakentamiseen - Teknologiateollisuus - J\u00e4senille<\/title>\n<meta name=\"robots\" content=\"index, follow, max-snippet:-1, max-image-preview:large, max-video-preview:-1\" \/>\n<link rel=\"canonical\" href=\"https:\/\/teknologiateollisuus.fi\/jasenille\/julkaisu\/hyvaa-tyota-hyvaa-mielta-opas-tulospalkkioiden-rakentamiseen\/\" \/>\n<meta property=\"og:locale\" content=\"fi_FI\" \/>\n<meta property=\"og:type\" content=\"article\" \/>\n<meta property=\"og:title\" content=\"Hyv\u00e4\u00e4 ty\u00f6t\u00e4 - hyv\u00e4\u00e4 mielt\u00e4. Opas tulospalkkioiden rakentamiseen\" \/>\n<meta property=\"og:description\" content=\"Opas k\u00e4sittelee t\u00e4ydent\u00e4vi\u00e4 palkitsemistapoja ja niiden k\u00e4ytt\u00f6\u00e4 Suomessa toimivissa yksityisen sektorin yrityksiss\u00e4, erityisesti osana toimihenkil\u00f6iden ja ylempien toimihenkil\u00f6iden palkitsemista. T\u00e4ydent\u00e4vill\u00e4 palkitsemistavoilla tarkoitetaan oppaassa erilaisia yrityskohtaisia rahallisia palkitsemistapoja, jotka t\u00e4ydent\u00e4v\u00e4t kuukausipalkkaa.\" \/>\n<meta property=\"og:url\" content=\"https:\/\/teknologiateollisuus.fi\/jasenille\/julkaisu\/hyvaa-tyota-hyvaa-mielta-opas-tulospalkkioiden-rakentamiseen\/\" \/>\n<meta property=\"og:site_name\" content=\"Teknologiateollisuus - J\u00e4senille\" \/>\n<meta property=\"article:modified_time\" content=\"2025-10-23T08:02:26+00:00\" \/>\n<meta property=\"og:image\" content=\"https:\/\/teknologiateollisuus.fi\/jasenille\/wp-content\/uploads\/sites\/1\/2024\/12\/kirja-hyvaa-tyota-tulospalkkiot-770-900.jpg\" \/>\n\t<meta property=\"og:image:width\" content=\"770\" \/>\n\t<meta property=\"og:image:height\" content=\"900\" \/>\n\t<meta property=\"og:image:type\" content=\"image\/jpeg\" \/>\n<meta name=\"twitter:card\" content=\"summary_large_image\" \/>\n<meta name=\"twitter:label1\" content=\"Arvioitu lukuaika\" \/>\n\t<meta name=\"twitter:data1\" content=\"1 minuutti\" \/>\n<script type=\"application\/ld+json\" class=\"yoast-schema-graph\">{\"@context\":\"https:\\\/\\\/schema.org\",\"@graph\":[{\"@type\":\"WebPage\",\"@id\":\"https:\\\/\\\/teknologiateollisuus.fi\\\/jasenille\\\/julkaisu\\\/hyvaa-tyota-hyvaa-mielta-opas-tulospalkkioiden-rakentamiseen\\\/\",\"url\":\"https:\\\/\\\/teknologiateollisuus.fi\\\/jasenille\\\/julkaisu\\\/hyvaa-tyota-hyvaa-mielta-opas-tulospalkkioiden-rakentamiseen\\\/\",\"name\":\"Hyv\u00e4\u00e4 ty\u00f6t\u00e4 - hyv\u00e4\u00e4 mielt\u00e4. Opas tulospalkkioiden rakentamiseen - Teknologiateollisuus - J\u00e4senille\",\"isPartOf\":{\"@id\":\"https:\\\/\\\/teknologiateollisuus.fi\\\/jasenille\\\/#website\"},\"primaryImageOfPage\":{\"@id\":\"https:\\\/\\\/teknologiateollisuus.fi\\\/jasenille\\\/julkaisu\\\/hyvaa-tyota-hyvaa-mielta-opas-tulospalkkioiden-rakentamiseen\\\/#primaryimage\"},\"image\":{\"@id\":\"https:\\\/\\\/teknologiateollisuus.fi\\\/jasenille\\\/julkaisu\\\/hyvaa-tyota-hyvaa-mielta-opas-tulospalkkioiden-rakentamiseen\\\/#primaryimage\"},\"thumbnailUrl\":\"https:\\\/\\\/teknologiateollisuus.fi\\\/jasenille\\\/wp-content\\\/uploads\\\/sites\\\/1\\\/2024\\\/12\\\/kirja-hyvaa-tyota-tulospalkkiot-770-900.jpg\",\"datePublished\":\"2024-12-05T13:39:53+00:00\",\"dateModified\":\"2025-10-23T08:02:26+00:00\",\"breadcrumb\":{\"@id\":\"https:\\\/\\\/teknologiateollisuus.fi\\\/jasenille\\\/julkaisu\\\/hyvaa-tyota-hyvaa-mielta-opas-tulospalkkioiden-rakentamiseen\\\/#breadcrumb\"},\"inLanguage\":\"fi\",\"potentialAction\":[{\"@type\":\"ReadAction\",\"target\":[\"https:\\\/\\\/teknologiateollisuus.fi\\\/jasenille\\\/julkaisu\\\/hyvaa-tyota-hyvaa-mielta-opas-tulospalkkioiden-rakentamiseen\\\/\"]}]},{\"@type\":\"ImageObject\",\"inLanguage\":\"fi\",\"@id\":\"https:\\\/\\\/teknologiateollisuus.fi\\\/jasenille\\\/julkaisu\\\/hyvaa-tyota-hyvaa-mielta-opas-tulospalkkioiden-rakentamiseen\\\/#primaryimage\",\"url\":\"https:\\\/\\\/teknologiateollisuus.fi\\\/jasenille\\\/wp-content\\\/uploads\\\/sites\\\/1\\\/2024\\\/12\\\/kirja-hyvaa-tyota-tulospalkkiot-770-900.jpg\",\"contentUrl\":\"https:\\\/\\\/teknologiateollisuus.fi\\\/jasenille\\\/wp-content\\\/uploads\\\/sites\\\/1\\\/2024\\\/12\\\/kirja-hyvaa-tyota-tulospalkkiot-770-900.jpg\",\"width\":770,\"height\":900},{\"@type\":\"BreadcrumbList\",\"@id\":\"https:\\\/\\\/teknologiateollisuus.fi\\\/jasenille\\\/julkaisu\\\/hyvaa-tyota-hyvaa-mielta-opas-tulospalkkioiden-rakentamiseen\\\/#breadcrumb\",\"itemListElement\":[{\"@type\":\"ListItem\",\"position\":1,\"name\":\"Home\",\"item\":\"https:\\\/\\\/teknologiateollisuus.fi\\\/jasenille\\\/\"},{\"@type\":\"ListItem\",\"position\":2,\"name\":\"Kaikki julkaisut\",\"item\":\"https:\\\/\\\/teknologiateollisuus.fi\\\/jasenille\\\/palvelut\\\/julkaisut\\\/kaikki-julkaisut\\\/\"},{\"@type\":\"ListItem\",\"position\":3,\"name\":\"Hyv\u00e4\u00e4 ty\u00f6t\u00e4 &#8211; hyv\u00e4\u00e4 mielt\u00e4. Opas tulospalkkioiden rakentamiseen\"}]},{\"@type\":\"WebSite\",\"@id\":\"https:\\\/\\\/teknologiateollisuus.fi\\\/jasenille\\\/#website\",\"url\":\"https:\\\/\\\/teknologiateollisuus.fi\\\/jasenille\\\/\",\"name\":\"Teknologiateollisuus - J\u00e4senille\",\"description\":\"\",\"publisher\":{\"@id\":\"https:\\\/\\\/teknologiateollisuus.fi\\\/jasenille\\\/#organization\"},\"potentialAction\":[{\"@type\":\"SearchAction\",\"target\":{\"@type\":\"EntryPoint\",\"urlTemplate\":\"https:\\\/\\\/teknologiateollisuus.fi\\\/jasenille\\\/?s={search_term_string}\"},\"query-input\":{\"@type\":\"PropertyValueSpecification\",\"valueRequired\":true,\"valueName\":\"search_term_string\"}}],\"inLanguage\":\"fi\"},{\"@type\":\"Organization\",\"@id\":\"https:\\\/\\\/teknologiateollisuus.fi\\\/jasenille\\\/#organization\",\"name\":\"Teknologiateollisuus - J\u00e4senille\",\"url\":\"https:\\\/\\\/teknologiateollisuus.fi\\\/jasenille\\\/\",\"logo\":{\"@type\":\"ImageObject\",\"inLanguage\":\"fi\",\"@id\":\"https:\\\/\\\/teknologiateollisuus.fi\\\/jasenille\\\/#\\\/schema\\\/logo\\\/image\\\/\",\"url\":\"https:\\\/\\\/teknologiateollisuus.fi\\\/jasenille\\\/wp-content\\\/uploads\\\/sites\\\/1\\\/2023\\\/10\\\/placeholder.png\",\"contentUrl\":\"https:\\\/\\\/teknologiateollisuus.fi\\\/jasenille\\\/wp-content\\\/uploads\\\/sites\\\/1\\\/2023\\\/10\\\/placeholder.png\",\"width\":2560,\"height\":1920,\"caption\":\"Teknologiateollisuus - J\u00e4senille\"},\"image\":{\"@id\":\"https:\\\/\\\/teknologiateollisuus.fi\\\/jasenille\\\/#\\\/schema\\\/logo\\\/image\\\/\"}}]}<\/script>\n<!-- \/ Yoast SEO Premium plugin. -->","yoast_head_json":{"title":"Hyv\u00e4\u00e4 ty\u00f6t\u00e4 - hyv\u00e4\u00e4 mielt\u00e4. Opas tulospalkkioiden rakentamiseen - Teknologiateollisuus - J\u00e4senille","robots":{"index":"index","follow":"follow","max-snippet":"max-snippet:-1","max-image-preview":"max-image-preview:large","max-video-preview":"max-video-preview:-1"},"canonical":"https:\/\/teknologiateollisuus.fi\/jasenille\/julkaisu\/hyvaa-tyota-hyvaa-mielta-opas-tulospalkkioiden-rakentamiseen\/","og_locale":"fi_FI","og_type":"article","og_title":"Hyv\u00e4\u00e4 ty\u00f6t\u00e4 - hyv\u00e4\u00e4 mielt\u00e4. Opas tulospalkkioiden rakentamiseen","og_description":"Opas k\u00e4sittelee t\u00e4ydent\u00e4vi\u00e4 palkitsemistapoja ja niiden k\u00e4ytt\u00f6\u00e4 Suomessa toimivissa yksityisen sektorin yrityksiss\u00e4, erityisesti osana toimihenkil\u00f6iden ja ylempien toimihenkil\u00f6iden palkitsemista. T\u00e4ydent\u00e4vill\u00e4 palkitsemistavoilla tarkoitetaan oppaassa erilaisia yrityskohtaisia rahallisia palkitsemistapoja, jotka t\u00e4ydent\u00e4v\u00e4t kuukausipalkkaa.","og_url":"https:\/\/teknologiateollisuus.fi\/jasenille\/julkaisu\/hyvaa-tyota-hyvaa-mielta-opas-tulospalkkioiden-rakentamiseen\/","og_site_name":"Teknologiateollisuus - J\u00e4senille","article_modified_time":"2025-10-23T08:02:26+00:00","og_image":[{"width":770,"height":900,"url":"https:\/\/teknologiateollisuus.fi\/jasenille\/wp-content\/uploads\/sites\/1\/2024\/12\/kirja-hyvaa-tyota-tulospalkkiot-770-900.jpg","type":"image\/jpeg"}],"twitter_card":"summary_large_image","twitter_misc":{"Arvioitu lukuaika":"1 minuutti"},"schema":{"@context":"https:\/\/schema.org","@graph":[{"@type":"WebPage","@id":"https:\/\/teknologiateollisuus.fi\/jasenille\/julkaisu\/hyvaa-tyota-hyvaa-mielta-opas-tulospalkkioiden-rakentamiseen\/","url":"https:\/\/teknologiateollisuus.fi\/jasenille\/julkaisu\/hyvaa-tyota-hyvaa-mielta-opas-tulospalkkioiden-rakentamiseen\/","name":"Hyv\u00e4\u00e4 ty\u00f6t\u00e4 - hyv\u00e4\u00e4 mielt\u00e4. Opas tulospalkkioiden rakentamiseen - Teknologiateollisuus - J\u00e4senille","isPartOf":{"@id":"https:\/\/teknologiateollisuus.fi\/jasenille\/#website"},"primaryImageOfPage":{"@id":"https:\/\/teknologiateollisuus.fi\/jasenille\/julkaisu\/hyvaa-tyota-hyvaa-mielta-opas-tulospalkkioiden-rakentamiseen\/#primaryimage"},"image":{"@id":"https:\/\/teknologiateollisuus.fi\/jasenille\/julkaisu\/hyvaa-tyota-hyvaa-mielta-opas-tulospalkkioiden-rakentamiseen\/#primaryimage"},"thumbnailUrl":"https:\/\/teknologiateollisuus.fi\/jasenille\/wp-content\/uploads\/sites\/1\/2024\/12\/kirja-hyvaa-tyota-tulospalkkiot-770-900.jpg","datePublished":"2024-12-05T13:39:53+00:00","dateModified":"2025-10-23T08:02:26+00:00","breadcrumb":{"@id":"https:\/\/teknologiateollisuus.fi\/jasenille\/julkaisu\/hyvaa-tyota-hyvaa-mielta-opas-tulospalkkioiden-rakentamiseen\/#breadcrumb"},"inLanguage":"fi","potentialAction":[{"@type":"ReadAction","target":["https:\/\/teknologiateollisuus.fi\/jasenille\/julkaisu\/hyvaa-tyota-hyvaa-mielta-opas-tulospalkkioiden-rakentamiseen\/"]}]},{"@type":"ImageObject","inLanguage":"fi","@id":"https:\/\/teknologiateollisuus.fi\/jasenille\/julkaisu\/hyvaa-tyota-hyvaa-mielta-opas-tulospalkkioiden-rakentamiseen\/#primaryimage","url":"https:\/\/teknologiateollisuus.fi\/jasenille\/wp-content\/uploads\/sites\/1\/2024\/12\/kirja-hyvaa-tyota-tulospalkkiot-770-900.jpg","contentUrl":"https:\/\/teknologiateollisuus.fi\/jasenille\/wp-content\/uploads\/sites\/1\/2024\/12\/kirja-hyvaa-tyota-tulospalkkiot-770-900.jpg","width":770,"height":900},{"@type":"BreadcrumbList","@id":"https:\/\/teknologiateollisuus.fi\/jasenille\/julkaisu\/hyvaa-tyota-hyvaa-mielta-opas-tulospalkkioiden-rakentamiseen\/#breadcrumb","itemListElement":[{"@type":"ListItem","position":1,"name":"Home","item":"https:\/\/teknologiateollisuus.fi\/jasenille\/"},{"@type":"ListItem","position":2,"name":"Kaikki julkaisut","item":"https:\/\/teknologiateollisuus.fi\/jasenille\/palvelut\/julkaisut\/kaikki-julkaisut\/"},{"@type":"ListItem","position":3,"name":"Hyv\u00e4\u00e4 ty\u00f6t\u00e4 &#8211; hyv\u00e4\u00e4 mielt\u00e4. Opas tulospalkkioiden rakentamiseen"}]},{"@type":"WebSite","@id":"https:\/\/teknologiateollisuus.fi\/jasenille\/#website","url":"https:\/\/teknologiateollisuus.fi\/jasenille\/","name":"Teknologiateollisuus - J\u00e4senille","description":"","publisher":{"@id":"https:\/\/teknologiateollisuus.fi\/jasenille\/#organization"},"potentialAction":[{"@type":"SearchAction","target":{"@type":"EntryPoint","urlTemplate":"https:\/\/teknologiateollisuus.fi\/jasenille\/?s={search_term_string}"},"query-input":{"@type":"PropertyValueSpecification","valueRequired":true,"valueName":"search_term_string"}}],"inLanguage":"fi"},{"@type":"Organization","@id":"https:\/\/teknologiateollisuus.fi\/jasenille\/#organization","name":"Teknologiateollisuus - J\u00e4senille","url":"https:\/\/teknologiateollisuus.fi\/jasenille\/","logo":{"@type":"ImageObject","inLanguage":"fi","@id":"https:\/\/teknologiateollisuus.fi\/jasenille\/#\/schema\/logo\/image\/","url":"https:\/\/teknologiateollisuus.fi\/jasenille\/wp-content\/uploads\/sites\/1\/2023\/10\/placeholder.png","contentUrl":"https:\/\/teknologiateollisuus.fi\/jasenille\/wp-content\/uploads\/sites\/1\/2023\/10\/placeholder.png","width":2560,"height":1920,"caption":"Teknologiateollisuus - J\u00e4senille"},"image":{"@id":"https:\/\/teknologiateollisuus.fi\/jasenille\/#\/schema\/logo\/image\/"}}]}},"_links":{"self":[{"href":"https:\/\/teknologiateollisuus.fi\/jasenille\/wp-json\/wp\/v2\/product\/16889","targetHints":{"allow":["GET"]}}],"collection":[{"href":"https:\/\/teknologiateollisuus.fi\/jasenille\/wp-json\/wp\/v2\/product"}],"about":[{"href":"https:\/\/teknologiateollisuus.fi\/jasenille\/wp-json\/wp\/v2\/types\/product"}],"wp:featuredmedia":[{"embeddable":true,"href":"https:\/\/teknologiateollisuus.fi\/jasenille\/wp-json\/wp\/v2\/media\/25660"}],"wp:attachment":[{"href":"https:\/\/teknologiateollisuus.fi\/jasenille\/wp-json\/wp\/v2\/media?parent=16889"}],"wp:term":[{"taxonomy":"product_brand","embeddable":true,"href":"https:\/\/teknologiateollisuus.fi\/jasenille\/wp-json\/wp\/v2\/product_brand?post=16889"},{"taxonomy":"product_cat","embeddable":true,"href":"https:\/\/teknologiateollisuus.fi\/jasenille\/wp-json\/wp\/v2\/product_cat?post=16889"},{"taxonomy":"product_tag","embeddable":true,"href":"https:\/\/teknologiateollisuus.fi\/jasenille\/wp-json\/wp\/v2\/product_tag?post=16889"}],"curies":[{"name":"wp","href":"https:\/\/api.w.org\/{rel}","templated":true}]}}