{"id":16890,"date":"2024-12-05T15:41:27","date_gmt":"2024-12-05T13:41:27","guid":{"rendered":"https:\/\/teknologiateollisuus.fi\/jasenille\/?post_type=product&#038;p=16890"},"modified":"2026-01-02T11:45:14","modified_gmt":"2026-01-02T09:45:14","slug":"innostava-uudistuminen-kestava-kasvu","status":"publish","type":"product","link":"https:\/\/teknologiateollisuus.fi\/jasenille\/julkaisu\/innostava-uudistuminen-kestava-kasvu\/","title":{"rendered":"Innostava uudistuminen &#8211; Kest\u00e4v\u00e4 kasvu"},"content":{"rendered":"<div class=\"field field-name-body field-type-text-with-summary field-label-hidden\">\n<div class=\"field-items\">\n<div class=\"field-item even\">\n<p>Muutos vaatii aina uutta kyvykkyytt\u00e4 ja johtamista. Harva muutos vain onnistuu halutulla tavalla. Tied\u00e4mme, mit\u00e4 pit\u00e4isi tehd\u00e4, mutta haasteena on saada aikaan innostavan uudistumisen prosessi, joka johtaa pysyviin tuloksiin. Organisaatioissa keskityt\u00e4\u00e4n muutoshankkeissa usein strategioihin, prosesseihin ja asioihin, mutta ihmisten sitoutuminen ja aktivointi, muutoksen pehme\u00e4 puoli j\u00e4\u00e4 v\u00e4hemm\u00e4lle huomiolle.<\/p>\n<p>T\u00e4ss\u00e4 tarvitaan muutosjohtamista, sill\u00e4 kaikki muutokset tapahtuvat ihmisten kautta.<\/p>\n<p>Kirjassa tarkastellaan muutosohjelman suunnittelua ja muutoksen toteutumista muun muassa yksil\u00f6n ja ryhm\u00e4n toiminnan sek\u00e4 johtajan n\u00e4k\u00f6kulmista. Jokainen luku alkaa itsearvioinnilla, jonka vastauksia ja seurauksia kirjan avulla voi analysoida.<\/p>\n<p>Kirja antaa vastauksia seuraaviin kysymyksiin ja ty\u00f6kaluja niiden ratkaisemiseen:<\/p>\n<ul>\n<li>Miten minun organisaationi uudistuu ja miten arvioin organisaation muutoskyvykkyytt\u00e4?<\/li>\n<li>Miten v\u00e4lt\u00e4n pahimmat virheet uudistumishankkeen alussa?<\/li>\n<li>Miten minun organisaationi ihmiset sitoutuvat muutokseen &#8211; ent\u00e4 min\u00e4 itse?<\/li>\n<li>Miten minun organisaation ryhmiss\u00e4 tai tiimeiss\u00e4 suhtaudutaan muutokseen?<\/li>\n<li>Miten vien uudistumista eteenp\u00e4in prosessina?<\/li>\n<li>Miten luon uudistumista tukevan arkkitehtuurin?<\/li>\n<li>Miten johdan uudistumista omassa organisaatiossani?<\/li>\n<li>Miten autan ihmisi\u00e4 onnistumaan uudistumisessa?<\/li>\n<li>Miten johdan huippumenestyv\u00e4\u00e4 organisaatiota?<\/li>\n<\/ul>\n<p>Eniten hy\u00f6dyt kirjasta, jos sinulla on k\u00e4sill\u00e4 konkreettinen muutoshanke.<\/p>\n<p>Uudistuminen on organisaatiolle ainutlaatuinen tapahtumien ketju. Muutosprosessi tulee suunnitella aina senhetkisen tilanteen ja asiayhteyden mukaan organisaation kulttuuriin sopivaksi. Kest\u00e4vien muutosten aikaansaaminen edellytt\u00e4\u00e4 organisaation sosiaalisen ja teknisen arkkitehtuurin muokkaamista. Fasilitoinnin ja koutsauksen merkitys muutosten johtamisessa ja toteutuksessa korostuvat.<\/p>\n<p>Kirjan taustalla on muutosjohtamisen kehitysohjelma, jossa Innotiimin ja sen yrityskumppaneiden oppimisryhm\u00e4 kokoontui kolmen vuoden ajan k\u00e4sittelem\u00e4\u00e4n kirjan teemoja.<\/p>\n<\/div>\n<\/div>\n<\/div>\n","protected":false},"excerpt":{"rendered":"<p>Kirjassa tarkastellaan muutosohjelman suunnittelua ja muutoksen toteutumista muun muassa yksil\u00f6n ja ryhm\u00e4n toiminnan sek\u00e4 johtajan n\u00e4k\u00f6kulmista. Jokainen luku alkaa itsearvioinnilla, jonka vastauksia ja seurauksia kirjan avulla voi analysoida.<\/p>\n","protected":false},"featured_media":25637,"template":"","meta":{"_acf_changed":false,"_relevanssi_hide_post":"","_relevanssi_hide_content":"","_relevanssi_pin_for_all":"","_relevanssi_pin_keywords":"","_relevanssi_unpin_keywords":"","_relevanssi_related_keywords":"","_relevanssi_related_include_ids":"","_relevanssi_related_exclude_ids":"","_relevanssi_related_no_append":"","_relevanssi_related_not_related":"","_relevanssi_related_posts":"","_relevanssi_noindex_reason":"","inline_featured_image":false,"growthstack-ab-test":[],"growthstack-ab-test-views":[]},"product_brand":[],"product_cat":[808],"product_tag":[730],"class_list":{"0":"post-16890","1":"product","2":"type-product","3":"status-publish","4":"has-post-thumbnail","6":"product_cat-muut-julkaisut","7":"product_tag-liiketoiminta-ja-innovaatiot","8":"product_shipping_class-kirja","10":"first","11":"instock","12":"taxable","13":"shipping-taxable","14":"purchasable","15":"product-type-simple"},"acf":{"creators":"Kai Laamanen, Teijo R\u00e4s\u00e4nen, Anssi Juutilainen","member_discount":15,"attachments":null,"links":null,"product_recommendations":{"number_of_products":10,"recommendation_basis":"date"}},"yoast_head":"<!-- This site is optimized with the Yoast SEO Premium plugin v27.1 (Yoast SEO v27.3) - https:\/\/yoast.com\/product\/yoast-seo-premium-wordpress\/ -->\n<title>Innostava uudistuminen - Kest\u00e4v\u00e4 kasvu - Teknologiateollisuus - J\u00e4senille<\/title>\n<meta name=\"robots\" content=\"index, follow, max-snippet:-1, max-image-preview:large, max-video-preview:-1\" \/>\n<link rel=\"canonical\" href=\"https:\/\/teknologiateollisuus.fi\/jasenille\/julkaisu\/innostava-uudistuminen-kestava-kasvu\/\" \/>\n<meta property=\"og:locale\" content=\"fi_FI\" \/>\n<meta property=\"og:type\" content=\"article\" \/>\n<meta property=\"og:title\" content=\"Innostava uudistuminen - Kest\u00e4v\u00e4 kasvu\" \/>\n<meta property=\"og:description\" content=\"Kirjassa tarkastellaan muutosohjelman suunnittelua ja muutoksen toteutumista muun muassa yksil\u00f6n ja ryhm\u00e4n toiminnan sek\u00e4 johtajan n\u00e4k\u00f6kulmista. Jokainen luku alkaa itsearvioinnilla, jonka vastauksia ja seurauksia kirjan avulla voi analysoida.\" \/>\n<meta property=\"og:url\" content=\"https:\/\/teknologiateollisuus.fi\/jasenille\/julkaisu\/innostava-uudistuminen-kestava-kasvu\/\" \/>\n<meta property=\"og:site_name\" content=\"Teknologiateollisuus - J\u00e4senille\" \/>\n<meta property=\"article:modified_time\" content=\"2026-01-02T09:45:14+00:00\" \/>\n<meta property=\"og:image\" content=\"https:\/\/teknologiateollisuus.fi\/jasenille\/wp-content\/uploads\/sites\/1\/2024\/12\/kirja-innova-uudistuminen-770-900.png\" \/>\n\t<meta property=\"og:image:width\" content=\"770\" \/>\n\t<meta property=\"og:image:height\" content=\"900\" \/>\n\t<meta property=\"og:image:type\" content=\"image\/png\" \/>\n<meta name=\"twitter:card\" content=\"summary_large_image\" \/>\n<meta name=\"twitter:label1\" content=\"Arvioitu lukuaika\" \/>\n\t<meta name=\"twitter:data1\" content=\"2 minuuttia\" \/>\n<script type=\"application\/ld+json\" class=\"yoast-schema-graph\">{\"@context\":\"https:\\\/\\\/schema.org\",\"@graph\":[{\"@type\":\"WebPage\",\"@id\":\"https:\\\/\\\/teknologiateollisuus.fi\\\/jasenille\\\/julkaisu\\\/innostava-uudistuminen-kestava-kasvu\\\/\",\"url\":\"https:\\\/\\\/teknologiateollisuus.fi\\\/jasenille\\\/julkaisu\\\/innostava-uudistuminen-kestava-kasvu\\\/\",\"name\":\"Innostava uudistuminen - Kest\u00e4v\u00e4 kasvu - Teknologiateollisuus - J\u00e4senille\",\"isPartOf\":{\"@id\":\"https:\\\/\\\/teknologiateollisuus.fi\\\/jasenille\\\/#website\"},\"primaryImageOfPage\":{\"@id\":\"https:\\\/\\\/teknologiateollisuus.fi\\\/jasenille\\\/julkaisu\\\/innostava-uudistuminen-kestava-kasvu\\\/#primaryimage\"},\"image\":{\"@id\":\"https:\\\/\\\/teknologiateollisuus.fi\\\/jasenille\\\/julkaisu\\\/innostava-uudistuminen-kestava-kasvu\\\/#primaryimage\"},\"thumbnailUrl\":\"https:\\\/\\\/teknologiateollisuus.fi\\\/jasenille\\\/wp-content\\\/uploads\\\/sites\\\/1\\\/2024\\\/12\\\/kirja-innova-uudistuminen-770-900.png\",\"datePublished\":\"2024-12-05T13:41:27+00:00\",\"dateModified\":\"2026-01-02T09:45:14+00:00\",\"breadcrumb\":{\"@id\":\"https:\\\/\\\/teknologiateollisuus.fi\\\/jasenille\\\/julkaisu\\\/innostava-uudistuminen-kestava-kasvu\\\/#breadcrumb\"},\"inLanguage\":\"fi\",\"potentialAction\":[{\"@type\":\"ReadAction\",\"target\":[\"https:\\\/\\\/teknologiateollisuus.fi\\\/jasenille\\\/julkaisu\\\/innostava-uudistuminen-kestava-kasvu\\\/\"]}]},{\"@type\":\"ImageObject\",\"inLanguage\":\"fi\",\"@id\":\"https:\\\/\\\/teknologiateollisuus.fi\\\/jasenille\\\/julkaisu\\\/innostava-uudistuminen-kestava-kasvu\\\/#primaryimage\",\"url\":\"https:\\\/\\\/teknologiateollisuus.fi\\\/jasenille\\\/wp-content\\\/uploads\\\/sites\\\/1\\\/2024\\\/12\\\/kirja-innova-uudistuminen-770-900.png\",\"contentUrl\":\"https:\\\/\\\/teknologiateollisuus.fi\\\/jasenille\\\/wp-content\\\/uploads\\\/sites\\\/1\\\/2024\\\/12\\\/kirja-innova-uudistuminen-770-900.png\",\"width\":770,\"height\":900},{\"@type\":\"BreadcrumbList\",\"@id\":\"https:\\\/\\\/teknologiateollisuus.fi\\\/jasenille\\\/julkaisu\\\/innostava-uudistuminen-kestava-kasvu\\\/#breadcrumb\",\"itemListElement\":[{\"@type\":\"ListItem\",\"position\":1,\"name\":\"Home\",\"item\":\"https:\\\/\\\/teknologiateollisuus.fi\\\/jasenille\\\/\"},{\"@type\":\"ListItem\",\"position\":2,\"name\":\"Kaikki julkaisut\",\"item\":\"https:\\\/\\\/teknologiateollisuus.fi\\\/jasenille\\\/palvelut\\\/julkaisut\\\/kaikki-julkaisut\\\/\"},{\"@type\":\"ListItem\",\"position\":3,\"name\":\"Innostava uudistuminen &#8211; Kest\u00e4v\u00e4 kasvu\"}]},{\"@type\":\"WebSite\",\"@id\":\"https:\\\/\\\/teknologiateollisuus.fi\\\/jasenille\\\/#website\",\"url\":\"https:\\\/\\\/teknologiateollisuus.fi\\\/jasenille\\\/\",\"name\":\"Teknologiateollisuus - J\u00e4senille\",\"description\":\"\",\"publisher\":{\"@id\":\"https:\\\/\\\/teknologiateollisuus.fi\\\/jasenille\\\/#organization\"},\"potentialAction\":[{\"@type\":\"SearchAction\",\"target\":{\"@type\":\"EntryPoint\",\"urlTemplate\":\"https:\\\/\\\/teknologiateollisuus.fi\\\/jasenille\\\/?s={search_term_string}\"},\"query-input\":{\"@type\":\"PropertyValueSpecification\",\"valueRequired\":true,\"valueName\":\"search_term_string\"}}],\"inLanguage\":\"fi\"},{\"@type\":\"Organization\",\"@id\":\"https:\\\/\\\/teknologiateollisuus.fi\\\/jasenille\\\/#organization\",\"name\":\"Teknologiateollisuus - J\u00e4senille\",\"url\":\"https:\\\/\\\/teknologiateollisuus.fi\\\/jasenille\\\/\",\"logo\":{\"@type\":\"ImageObject\",\"inLanguage\":\"fi\",\"@id\":\"https:\\\/\\\/teknologiateollisuus.fi\\\/jasenille\\\/#\\\/schema\\\/logo\\\/image\\\/\",\"url\":\"https:\\\/\\\/teknologiateollisuus.fi\\\/jasenille\\\/wp-content\\\/uploads\\\/sites\\\/1\\\/2023\\\/10\\\/placeholder.png\",\"contentUrl\":\"https:\\\/\\\/teknologiateollisuus.fi\\\/jasenille\\\/wp-content\\\/uploads\\\/sites\\\/1\\\/2023\\\/10\\\/placeholder.png\",\"width\":2560,\"height\":1920,\"caption\":\"Teknologiateollisuus - J\u00e4senille\"},\"image\":{\"@id\":\"https:\\\/\\\/teknologiateollisuus.fi\\\/jasenille\\\/#\\\/schema\\\/logo\\\/image\\\/\"}}]}<\/script>\n<!-- \/ Yoast SEO Premium plugin. -->","yoast_head_json":{"title":"Innostava uudistuminen - Kest\u00e4v\u00e4 kasvu - Teknologiateollisuus - J\u00e4senille","robots":{"index":"index","follow":"follow","max-snippet":"max-snippet:-1","max-image-preview":"max-image-preview:large","max-video-preview":"max-video-preview:-1"},"canonical":"https:\/\/teknologiateollisuus.fi\/jasenille\/julkaisu\/innostava-uudistuminen-kestava-kasvu\/","og_locale":"fi_FI","og_type":"article","og_title":"Innostava uudistuminen - Kest\u00e4v\u00e4 kasvu","og_description":"Kirjassa tarkastellaan muutosohjelman suunnittelua ja muutoksen toteutumista muun muassa yksil\u00f6n ja ryhm\u00e4n toiminnan sek\u00e4 johtajan n\u00e4k\u00f6kulmista. Jokainen luku alkaa itsearvioinnilla, jonka vastauksia ja seurauksia kirjan avulla voi analysoida.","og_url":"https:\/\/teknologiateollisuus.fi\/jasenille\/julkaisu\/innostava-uudistuminen-kestava-kasvu\/","og_site_name":"Teknologiateollisuus - J\u00e4senille","article_modified_time":"2026-01-02T09:45:14+00:00","og_image":[{"width":770,"height":900,"url":"https:\/\/teknologiateollisuus.fi\/jasenille\/wp-content\/uploads\/sites\/1\/2024\/12\/kirja-innova-uudistuminen-770-900.png","type":"image\/png"}],"twitter_card":"summary_large_image","twitter_misc":{"Arvioitu lukuaika":"2 minuuttia"},"schema":{"@context":"https:\/\/schema.org","@graph":[{"@type":"WebPage","@id":"https:\/\/teknologiateollisuus.fi\/jasenille\/julkaisu\/innostava-uudistuminen-kestava-kasvu\/","url":"https:\/\/teknologiateollisuus.fi\/jasenille\/julkaisu\/innostava-uudistuminen-kestava-kasvu\/","name":"Innostava uudistuminen - Kest\u00e4v\u00e4 kasvu - Teknologiateollisuus - J\u00e4senille","isPartOf":{"@id":"https:\/\/teknologiateollisuus.fi\/jasenille\/#website"},"primaryImageOfPage":{"@id":"https:\/\/teknologiateollisuus.fi\/jasenille\/julkaisu\/innostava-uudistuminen-kestava-kasvu\/#primaryimage"},"image":{"@id":"https:\/\/teknologiateollisuus.fi\/jasenille\/julkaisu\/innostava-uudistuminen-kestava-kasvu\/#primaryimage"},"thumbnailUrl":"https:\/\/teknologiateollisuus.fi\/jasenille\/wp-content\/uploads\/sites\/1\/2024\/12\/kirja-innova-uudistuminen-770-900.png","datePublished":"2024-12-05T13:41:27+00:00","dateModified":"2026-01-02T09:45:14+00:00","breadcrumb":{"@id":"https:\/\/teknologiateollisuus.fi\/jasenille\/julkaisu\/innostava-uudistuminen-kestava-kasvu\/#breadcrumb"},"inLanguage":"fi","potentialAction":[{"@type":"ReadAction","target":["https:\/\/teknologiateollisuus.fi\/jasenille\/julkaisu\/innostava-uudistuminen-kestava-kasvu\/"]}]},{"@type":"ImageObject","inLanguage":"fi","@id":"https:\/\/teknologiateollisuus.fi\/jasenille\/julkaisu\/innostava-uudistuminen-kestava-kasvu\/#primaryimage","url":"https:\/\/teknologiateollisuus.fi\/jasenille\/wp-content\/uploads\/sites\/1\/2024\/12\/kirja-innova-uudistuminen-770-900.png","contentUrl":"https:\/\/teknologiateollisuus.fi\/jasenille\/wp-content\/uploads\/sites\/1\/2024\/12\/kirja-innova-uudistuminen-770-900.png","width":770,"height":900},{"@type":"BreadcrumbList","@id":"https:\/\/teknologiateollisuus.fi\/jasenille\/julkaisu\/innostava-uudistuminen-kestava-kasvu\/#breadcrumb","itemListElement":[{"@type":"ListItem","position":1,"name":"Home","item":"https:\/\/teknologiateollisuus.fi\/jasenille\/"},{"@type":"ListItem","position":2,"name":"Kaikki julkaisut","item":"https:\/\/teknologiateollisuus.fi\/jasenille\/palvelut\/julkaisut\/kaikki-julkaisut\/"},{"@type":"ListItem","position":3,"name":"Innostava uudistuminen &#8211; Kest\u00e4v\u00e4 kasvu"}]},{"@type":"WebSite","@id":"https:\/\/teknologiateollisuus.fi\/jasenille\/#website","url":"https:\/\/teknologiateollisuus.fi\/jasenille\/","name":"Teknologiateollisuus - J\u00e4senille","description":"","publisher":{"@id":"https:\/\/teknologiateollisuus.fi\/jasenille\/#organization"},"potentialAction":[{"@type":"SearchAction","target":{"@type":"EntryPoint","urlTemplate":"https:\/\/teknologiateollisuus.fi\/jasenille\/?s={search_term_string}"},"query-input":{"@type":"PropertyValueSpecification","valueRequired":true,"valueName":"search_term_string"}}],"inLanguage":"fi"},{"@type":"Organization","@id":"https:\/\/teknologiateollisuus.fi\/jasenille\/#organization","name":"Teknologiateollisuus - J\u00e4senille","url":"https:\/\/teknologiateollisuus.fi\/jasenille\/","logo":{"@type":"ImageObject","inLanguage":"fi","@id":"https:\/\/teknologiateollisuus.fi\/jasenille\/#\/schema\/logo\/image\/","url":"https:\/\/teknologiateollisuus.fi\/jasenille\/wp-content\/uploads\/sites\/1\/2023\/10\/placeholder.png","contentUrl":"https:\/\/teknologiateollisuus.fi\/jasenille\/wp-content\/uploads\/sites\/1\/2023\/10\/placeholder.png","width":2560,"height":1920,"caption":"Teknologiateollisuus - J\u00e4senille"},"image":{"@id":"https:\/\/teknologiateollisuus.fi\/jasenille\/#\/schema\/logo\/image\/"}}]}},"_links":{"self":[{"href":"https:\/\/teknologiateollisuus.fi\/jasenille\/wp-json\/wp\/v2\/product\/16890","targetHints":{"allow":["GET"]}}],"collection":[{"href":"https:\/\/teknologiateollisuus.fi\/jasenille\/wp-json\/wp\/v2\/product"}],"about":[{"href":"https:\/\/teknologiateollisuus.fi\/jasenille\/wp-json\/wp\/v2\/types\/product"}],"wp:featuredmedia":[{"embeddable":true,"href":"https:\/\/teknologiateollisuus.fi\/jasenille\/wp-json\/wp\/v2\/media\/25637"}],"wp:attachment":[{"href":"https:\/\/teknologiateollisuus.fi\/jasenille\/wp-json\/wp\/v2\/media?parent=16890"}],"wp:term":[{"taxonomy":"product_brand","embeddable":true,"href":"https:\/\/teknologiateollisuus.fi\/jasenille\/wp-json\/wp\/v2\/product_brand?post=16890"},{"taxonomy":"product_cat","embeddable":true,"href":"https:\/\/teknologiateollisuus.fi\/jasenille\/wp-json\/wp\/v2\/product_cat?post=16890"},{"taxonomy":"product_tag","embeddable":true,"href":"https:\/\/teknologiateollisuus.fi\/jasenille\/wp-json\/wp\/v2\/product_tag?post=16890"}],"curies":[{"name":"wp","href":"https:\/\/api.w.org\/{rel}","templated":true}]}}