{"id":16892,"date":"2024-12-05T15:45:53","date_gmt":"2024-12-05T13:45:53","guid":{"rendered":"https:\/\/teknologiateollisuus.fi\/jasenille\/?post_type=product&#038;p=16892"},"modified":"2025-10-23T10:59:48","modified_gmt":"2025-10-23T07:59:48","slug":"kun-rauta-kelluu-valahdyksia-suomalaisen-meriteollisuuden-historiasta","status":"publish","type":"product","link":"https:\/\/teknologiateollisuus.fi\/jasenille\/julkaisu\/kun-rauta-kelluu-valahdyksia-suomalaisen-meriteollisuuden-historiasta\/","title":{"rendered":"Kun rauta kelluu &#8211; V\u00e4l\u00e4hdyksi\u00e4 suomalaisen meriteollisuuden historiasta"},"content":{"rendered":"<div class=\"field field-name-body field-type-text-with-summary field-label-hidden\">\n<div class=\"field-items\">\n<div class=\"field-item even\">\n<p>Meriteollisuus ry:n kokoomateos luo helppolukuisen katsauksen suomalaisen meriteollisuuden perustaan, laivanrakennukseen, ja kertoo nykyaikaisen suomalaisen meriteollisuuden monipuolisuudesta. Teos valottaa my\u00f6s meriteollisuuden kirkkaalta n\u00e4ytt\u00e4v\u00e4\u00e4 tulevaisuutta.<\/p>\n<p>Menestyminen vaatii kovaa ty\u00f6t\u00e4 ja korkeaa osaamista, ja n\u00e4it\u00e4 suomalaisessa meriteollisuudessa l\u00f6ytyy. Meriteollisuuden rooli ty\u00f6llist\u00e4j\u00e4n\u00e4 ja hyvinvoinnin luojana on ollut kautta historian yhteiskunnallisesti merkitt\u00e4v\u00e4. Suomen satavuotisjuhlavuonna on t\u00e4rke\u00e4\u00e4 my\u00f6s huomata, ett\u00e4 merenkulku on itsen\u00e4iselle valtiolle korvaamattoman t\u00e4rke\u00e4\u00e4.<\/p>\n<p><a href=\"https:\/\/teknologiateollisuus.fi\/meriteollisuus\/wp-content\/uploads\/sites\/5\/2024\/10\/Kun-rauta-kelluu.pdf\">Voit my\u00f6s ladata julkaisun maksutta pdf-muodossa Meriteollisuuden sivuilta.<\/a><\/p>\n<\/div>\n<\/div>\n<\/div>\n","protected":false},"excerpt":{"rendered":"<p>Meriteollisuus ry:n kokoomateos luo helppolukuisen katsauksen suomalaisen meriteollisuuden perustaan, laivanrakennukseen, ja kertoo nykyaikaisen suomalaisen meriteollisuuden monipuolisuudesta. Teos valottaa my\u00f6s meriteollisuuden kirkkaalta n\u00e4ytt\u00e4v\u00e4\u00e4 tulevaisuutta.<\/p>\n","protected":false},"featured_media":25635,"template":"","meta":{"_acf_changed":false,"_relevanssi_hide_post":"","_relevanssi_hide_content":"","_relevanssi_pin_for_all":"","_relevanssi_pin_keywords":"","_relevanssi_unpin_keywords":"","_relevanssi_related_keywords":"","_relevanssi_related_include_ids":"","_relevanssi_related_exclude_ids":"","_relevanssi_related_no_append":"","_relevanssi_related_not_related":"","_relevanssi_related_posts":"","_relevanssi_noindex_reason":"","inline_featured_image":false,"growthstack-ab-test":[],"growthstack-ab-test-views":[]},"product_brand":[],"product_cat":[808],"product_tag":[730],"class_list":{"0":"post-16892","1":"product","2":"type-product","3":"status-publish","4":"has-post-thumbnail","6":"product_cat-muut-julkaisut","7":"product_tag-liiketoiminta-ja-innovaatiot","8":"product_shipping_class-kirja","10":"first","11":"instock","12":"taxable","13":"shipping-taxable","14":"product-type-external"},"acf":{"creators":"Ville Eerola","member_discount":"","attachments":null,"links":null,"product_recommendations":{"number_of_products":10,"recommendation_basis":"date"}},"yoast_head":"<!-- This site is optimized with the Yoast SEO Premium plugin v27.1 (Yoast SEO v27.3) - https:\/\/yoast.com\/product\/yoast-seo-premium-wordpress\/ -->\n<title>Kun rauta kelluu - V\u00e4l\u00e4hdyksi\u00e4 suomalaisen meriteollisuuden historiasta - Teknologiateollisuus - J\u00e4senille<\/title>\n<meta name=\"robots\" content=\"index, follow, max-snippet:-1, max-image-preview:large, max-video-preview:-1\" \/>\n<link rel=\"canonical\" href=\"https:\/\/teknologiateollisuus.fi\/jasenille\/julkaisu\/kun-rauta-kelluu-valahdyksia-suomalaisen-meriteollisuuden-historiasta\/\" \/>\n<meta property=\"og:locale\" content=\"fi_FI\" \/>\n<meta property=\"og:type\" content=\"article\" \/>\n<meta property=\"og:title\" content=\"Kun rauta kelluu - V\u00e4l\u00e4hdyksi\u00e4 suomalaisen meriteollisuuden historiasta\" \/>\n<meta property=\"og:description\" content=\"Meriteollisuus ry:n kokoomateos luo helppolukuisen katsauksen suomalaisen meriteollisuuden perustaan, laivanrakennukseen, ja kertoo nykyaikaisen suomalaisen meriteollisuuden monipuolisuudesta. Teos valottaa my\u00f6s meriteollisuuden kirkkaalta n\u00e4ytt\u00e4v\u00e4\u00e4 tulevaisuutta.\" \/>\n<meta property=\"og:url\" content=\"https:\/\/teknologiateollisuus.fi\/jasenille\/julkaisu\/kun-rauta-kelluu-valahdyksia-suomalaisen-meriteollisuuden-historiasta\/\" \/>\n<meta property=\"og:site_name\" content=\"Teknologiateollisuus - J\u00e4senille\" \/>\n<meta property=\"article:modified_time\" content=\"2025-10-23T07:59:48+00:00\" \/>\n<meta property=\"og:image\" content=\"https:\/\/teknologiateollisuus.fi\/jasenille\/wp-content\/uploads\/sites\/1\/2024\/12\/kirja-kun-rauta-kelluu-770-900.jpg\" \/>\n\t<meta property=\"og:image:width\" content=\"770\" \/>\n\t<meta property=\"og:image:height\" content=\"900\" \/>\n\t<meta property=\"og:image:type\" content=\"image\/jpeg\" \/>\n<meta name=\"twitter:card\" content=\"summary_large_image\" \/>\n<meta name=\"twitter:label1\" content=\"Arvioitu lukuaika\" \/>\n\t<meta name=\"twitter:data1\" content=\"1 minuutti\" \/>\n<script type=\"application\/ld+json\" class=\"yoast-schema-graph\">{\"@context\":\"https:\\\/\\\/schema.org\",\"@graph\":[{\"@type\":\"WebPage\",\"@id\":\"https:\\\/\\\/teknologiateollisuus.fi\\\/jasenille\\\/julkaisu\\\/kun-rauta-kelluu-valahdyksia-suomalaisen-meriteollisuuden-historiasta\\\/\",\"url\":\"https:\\\/\\\/teknologiateollisuus.fi\\\/jasenille\\\/julkaisu\\\/kun-rauta-kelluu-valahdyksia-suomalaisen-meriteollisuuden-historiasta\\\/\",\"name\":\"Kun rauta kelluu - V\u00e4l\u00e4hdyksi\u00e4 suomalaisen meriteollisuuden historiasta - Teknologiateollisuus - J\u00e4senille\",\"isPartOf\":{\"@id\":\"https:\\\/\\\/teknologiateollisuus.fi\\\/jasenille\\\/#website\"},\"primaryImageOfPage\":{\"@id\":\"https:\\\/\\\/teknologiateollisuus.fi\\\/jasenille\\\/julkaisu\\\/kun-rauta-kelluu-valahdyksia-suomalaisen-meriteollisuuden-historiasta\\\/#primaryimage\"},\"image\":{\"@id\":\"https:\\\/\\\/teknologiateollisuus.fi\\\/jasenille\\\/julkaisu\\\/kun-rauta-kelluu-valahdyksia-suomalaisen-meriteollisuuden-historiasta\\\/#primaryimage\"},\"thumbnailUrl\":\"https:\\\/\\\/teknologiateollisuus.fi\\\/jasenille\\\/wp-content\\\/uploads\\\/sites\\\/1\\\/2024\\\/12\\\/kirja-kun-rauta-kelluu-770-900.jpg\",\"datePublished\":\"2024-12-05T13:45:53+00:00\",\"dateModified\":\"2025-10-23T07:59:48+00:00\",\"breadcrumb\":{\"@id\":\"https:\\\/\\\/teknologiateollisuus.fi\\\/jasenille\\\/julkaisu\\\/kun-rauta-kelluu-valahdyksia-suomalaisen-meriteollisuuden-historiasta\\\/#breadcrumb\"},\"inLanguage\":\"fi\",\"potentialAction\":[{\"@type\":\"ReadAction\",\"target\":[\"https:\\\/\\\/teknologiateollisuus.fi\\\/jasenille\\\/julkaisu\\\/kun-rauta-kelluu-valahdyksia-suomalaisen-meriteollisuuden-historiasta\\\/\"]}]},{\"@type\":\"ImageObject\",\"inLanguage\":\"fi\",\"@id\":\"https:\\\/\\\/teknologiateollisuus.fi\\\/jasenille\\\/julkaisu\\\/kun-rauta-kelluu-valahdyksia-suomalaisen-meriteollisuuden-historiasta\\\/#primaryimage\",\"url\":\"https:\\\/\\\/teknologiateollisuus.fi\\\/jasenille\\\/wp-content\\\/uploads\\\/sites\\\/1\\\/2024\\\/12\\\/kirja-kun-rauta-kelluu-770-900.jpg\",\"contentUrl\":\"https:\\\/\\\/teknologiateollisuus.fi\\\/jasenille\\\/wp-content\\\/uploads\\\/sites\\\/1\\\/2024\\\/12\\\/kirja-kun-rauta-kelluu-770-900.jpg\",\"width\":770,\"height\":900},{\"@type\":\"BreadcrumbList\",\"@id\":\"https:\\\/\\\/teknologiateollisuus.fi\\\/jasenille\\\/julkaisu\\\/kun-rauta-kelluu-valahdyksia-suomalaisen-meriteollisuuden-historiasta\\\/#breadcrumb\",\"itemListElement\":[{\"@type\":\"ListItem\",\"position\":1,\"name\":\"Home\",\"item\":\"https:\\\/\\\/teknologiateollisuus.fi\\\/jasenille\\\/\"},{\"@type\":\"ListItem\",\"position\":2,\"name\":\"Kaikki julkaisut\",\"item\":\"https:\\\/\\\/teknologiateollisuus.fi\\\/jasenille\\\/palvelut\\\/julkaisut\\\/kaikki-julkaisut\\\/\"},{\"@type\":\"ListItem\",\"position\":3,\"name\":\"Kun rauta kelluu &#8211; V\u00e4l\u00e4hdyksi\u00e4 suomalaisen meriteollisuuden historiasta\"}]},{\"@type\":\"WebSite\",\"@id\":\"https:\\\/\\\/teknologiateollisuus.fi\\\/jasenille\\\/#website\",\"url\":\"https:\\\/\\\/teknologiateollisuus.fi\\\/jasenille\\\/\",\"name\":\"Teknologiateollisuus - J\u00e4senille\",\"description\":\"\",\"publisher\":{\"@id\":\"https:\\\/\\\/teknologiateollisuus.fi\\\/jasenille\\\/#organization\"},\"potentialAction\":[{\"@type\":\"SearchAction\",\"target\":{\"@type\":\"EntryPoint\",\"urlTemplate\":\"https:\\\/\\\/teknologiateollisuus.fi\\\/jasenille\\\/?s={search_term_string}\"},\"query-input\":{\"@type\":\"PropertyValueSpecification\",\"valueRequired\":true,\"valueName\":\"search_term_string\"}}],\"inLanguage\":\"fi\"},{\"@type\":\"Organization\",\"@id\":\"https:\\\/\\\/teknologiateollisuus.fi\\\/jasenille\\\/#organization\",\"name\":\"Teknologiateollisuus - J\u00e4senille\",\"url\":\"https:\\\/\\\/teknologiateollisuus.fi\\\/jasenille\\\/\",\"logo\":{\"@type\":\"ImageObject\",\"inLanguage\":\"fi\",\"@id\":\"https:\\\/\\\/teknologiateollisuus.fi\\\/jasenille\\\/#\\\/schema\\\/logo\\\/image\\\/\",\"url\":\"https:\\\/\\\/teknologiateollisuus.fi\\\/jasenille\\\/wp-content\\\/uploads\\\/sites\\\/1\\\/2023\\\/10\\\/placeholder.png\",\"contentUrl\":\"https:\\\/\\\/teknologiateollisuus.fi\\\/jasenille\\\/wp-content\\\/uploads\\\/sites\\\/1\\\/2023\\\/10\\\/placeholder.png\",\"width\":2560,\"height\":1920,\"caption\":\"Teknologiateollisuus - J\u00e4senille\"},\"image\":{\"@id\":\"https:\\\/\\\/teknologiateollisuus.fi\\\/jasenille\\\/#\\\/schema\\\/logo\\\/image\\\/\"}}]}<\/script>\n<!-- \/ Yoast SEO Premium plugin. -->","yoast_head_json":{"title":"Kun rauta kelluu - V\u00e4l\u00e4hdyksi\u00e4 suomalaisen meriteollisuuden historiasta - Teknologiateollisuus - J\u00e4senille","robots":{"index":"index","follow":"follow","max-snippet":"max-snippet:-1","max-image-preview":"max-image-preview:large","max-video-preview":"max-video-preview:-1"},"canonical":"https:\/\/teknologiateollisuus.fi\/jasenille\/julkaisu\/kun-rauta-kelluu-valahdyksia-suomalaisen-meriteollisuuden-historiasta\/","og_locale":"fi_FI","og_type":"article","og_title":"Kun rauta kelluu - V\u00e4l\u00e4hdyksi\u00e4 suomalaisen meriteollisuuden historiasta","og_description":"Meriteollisuus ry:n kokoomateos luo helppolukuisen katsauksen suomalaisen meriteollisuuden perustaan, laivanrakennukseen, ja kertoo nykyaikaisen suomalaisen meriteollisuuden monipuolisuudesta. Teos valottaa my\u00f6s meriteollisuuden kirkkaalta n\u00e4ytt\u00e4v\u00e4\u00e4 tulevaisuutta.","og_url":"https:\/\/teknologiateollisuus.fi\/jasenille\/julkaisu\/kun-rauta-kelluu-valahdyksia-suomalaisen-meriteollisuuden-historiasta\/","og_site_name":"Teknologiateollisuus - J\u00e4senille","article_modified_time":"2025-10-23T07:59:48+00:00","og_image":[{"width":770,"height":900,"url":"https:\/\/teknologiateollisuus.fi\/jasenille\/wp-content\/uploads\/sites\/1\/2024\/12\/kirja-kun-rauta-kelluu-770-900.jpg","type":"image\/jpeg"}],"twitter_card":"summary_large_image","twitter_misc":{"Arvioitu lukuaika":"1 minuutti"},"schema":{"@context":"https:\/\/schema.org","@graph":[{"@type":"WebPage","@id":"https:\/\/teknologiateollisuus.fi\/jasenille\/julkaisu\/kun-rauta-kelluu-valahdyksia-suomalaisen-meriteollisuuden-historiasta\/","url":"https:\/\/teknologiateollisuus.fi\/jasenille\/julkaisu\/kun-rauta-kelluu-valahdyksia-suomalaisen-meriteollisuuden-historiasta\/","name":"Kun rauta kelluu - V\u00e4l\u00e4hdyksi\u00e4 suomalaisen meriteollisuuden historiasta - Teknologiateollisuus - J\u00e4senille","isPartOf":{"@id":"https:\/\/teknologiateollisuus.fi\/jasenille\/#website"},"primaryImageOfPage":{"@id":"https:\/\/teknologiateollisuus.fi\/jasenille\/julkaisu\/kun-rauta-kelluu-valahdyksia-suomalaisen-meriteollisuuden-historiasta\/#primaryimage"},"image":{"@id":"https:\/\/teknologiateollisuus.fi\/jasenille\/julkaisu\/kun-rauta-kelluu-valahdyksia-suomalaisen-meriteollisuuden-historiasta\/#primaryimage"},"thumbnailUrl":"https:\/\/teknologiateollisuus.fi\/jasenille\/wp-content\/uploads\/sites\/1\/2024\/12\/kirja-kun-rauta-kelluu-770-900.jpg","datePublished":"2024-12-05T13:45:53+00:00","dateModified":"2025-10-23T07:59:48+00:00","breadcrumb":{"@id":"https:\/\/teknologiateollisuus.fi\/jasenille\/julkaisu\/kun-rauta-kelluu-valahdyksia-suomalaisen-meriteollisuuden-historiasta\/#breadcrumb"},"inLanguage":"fi","potentialAction":[{"@type":"ReadAction","target":["https:\/\/teknologiateollisuus.fi\/jasenille\/julkaisu\/kun-rauta-kelluu-valahdyksia-suomalaisen-meriteollisuuden-historiasta\/"]}]},{"@type":"ImageObject","inLanguage":"fi","@id":"https:\/\/teknologiateollisuus.fi\/jasenille\/julkaisu\/kun-rauta-kelluu-valahdyksia-suomalaisen-meriteollisuuden-historiasta\/#primaryimage","url":"https:\/\/teknologiateollisuus.fi\/jasenille\/wp-content\/uploads\/sites\/1\/2024\/12\/kirja-kun-rauta-kelluu-770-900.jpg","contentUrl":"https:\/\/teknologiateollisuus.fi\/jasenille\/wp-content\/uploads\/sites\/1\/2024\/12\/kirja-kun-rauta-kelluu-770-900.jpg","width":770,"height":900},{"@type":"BreadcrumbList","@id":"https:\/\/teknologiateollisuus.fi\/jasenille\/julkaisu\/kun-rauta-kelluu-valahdyksia-suomalaisen-meriteollisuuden-historiasta\/#breadcrumb","itemListElement":[{"@type":"ListItem","position":1,"name":"Home","item":"https:\/\/teknologiateollisuus.fi\/jasenille\/"},{"@type":"ListItem","position":2,"name":"Kaikki julkaisut","item":"https:\/\/teknologiateollisuus.fi\/jasenille\/palvelut\/julkaisut\/kaikki-julkaisut\/"},{"@type":"ListItem","position":3,"name":"Kun rauta kelluu &#8211; V\u00e4l\u00e4hdyksi\u00e4 suomalaisen meriteollisuuden historiasta"}]},{"@type":"WebSite","@id":"https:\/\/teknologiateollisuus.fi\/jasenille\/#website","url":"https:\/\/teknologiateollisuus.fi\/jasenille\/","name":"Teknologiateollisuus - J\u00e4senille","description":"","publisher":{"@id":"https:\/\/teknologiateollisuus.fi\/jasenille\/#organization"},"potentialAction":[{"@type":"SearchAction","target":{"@type":"EntryPoint","urlTemplate":"https:\/\/teknologiateollisuus.fi\/jasenille\/?s={search_term_string}"},"query-input":{"@type":"PropertyValueSpecification","valueRequired":true,"valueName":"search_term_string"}}],"inLanguage":"fi"},{"@type":"Organization","@id":"https:\/\/teknologiateollisuus.fi\/jasenille\/#organization","name":"Teknologiateollisuus - J\u00e4senille","url":"https:\/\/teknologiateollisuus.fi\/jasenille\/","logo":{"@type":"ImageObject","inLanguage":"fi","@id":"https:\/\/teknologiateollisuus.fi\/jasenille\/#\/schema\/logo\/image\/","url":"https:\/\/teknologiateollisuus.fi\/jasenille\/wp-content\/uploads\/sites\/1\/2023\/10\/placeholder.png","contentUrl":"https:\/\/teknologiateollisuus.fi\/jasenille\/wp-content\/uploads\/sites\/1\/2023\/10\/placeholder.png","width":2560,"height":1920,"caption":"Teknologiateollisuus - J\u00e4senille"},"image":{"@id":"https:\/\/teknologiateollisuus.fi\/jasenille\/#\/schema\/logo\/image\/"}}]}},"_links":{"self":[{"href":"https:\/\/teknologiateollisuus.fi\/jasenille\/wp-json\/wp\/v2\/product\/16892","targetHints":{"allow":["GET"]}}],"collection":[{"href":"https:\/\/teknologiateollisuus.fi\/jasenille\/wp-json\/wp\/v2\/product"}],"about":[{"href":"https:\/\/teknologiateollisuus.fi\/jasenille\/wp-json\/wp\/v2\/types\/product"}],"wp:featuredmedia":[{"embeddable":true,"href":"https:\/\/teknologiateollisuus.fi\/jasenille\/wp-json\/wp\/v2\/media\/25635"}],"wp:attachment":[{"href":"https:\/\/teknologiateollisuus.fi\/jasenille\/wp-json\/wp\/v2\/media?parent=16892"}],"wp:term":[{"taxonomy":"product_brand","embeddable":true,"href":"https:\/\/teknologiateollisuus.fi\/jasenille\/wp-json\/wp\/v2\/product_brand?post=16892"},{"taxonomy":"product_cat","embeddable":true,"href":"https:\/\/teknologiateollisuus.fi\/jasenille\/wp-json\/wp\/v2\/product_cat?post=16892"},{"taxonomy":"product_tag","embeddable":true,"href":"https:\/\/teknologiateollisuus.fi\/jasenille\/wp-json\/wp\/v2\/product_tag?post=16892"}],"curies":[{"name":"wp","href":"https:\/\/api.w.org\/{rel}","templated":true}]}}