{"id":16893,"date":"2024-12-05T15:48:08","date_gmt":"2024-12-05T13:48:08","guid":{"rendered":"https:\/\/teknologiateollisuus.fi\/jasenille\/?post_type=product&#038;p=16893"},"modified":"2026-01-02T11:43:59","modified_gmt":"2026-01-02T09:43:59","slug":"ohutlevytuotteiden-suunnittelijan-kasikirja","status":"publish","type":"product","link":"https:\/\/teknologiateollisuus.fi\/jasenille\/julkaisu\/ohutlevytuotteiden-suunnittelijan-kasikirja\/","title":{"rendered":"Ohutlevytuotteiden suunnittelijan k\u00e4sikirja"},"content":{"rendered":"<p>Kirja tarjoaa perusteellisen katsauksen ohutlevyteknologian mahdollisuuksista ja niihin liittyvist\u00e4 valmistusmenetelmist\u00e4 sek\u00e4 siit\u00e4, miten tuotteiden valmistettavuus huomioidaan suunnittelun yhteydess\u00e4.<\/p>\n<p>Kirjassa k\u00e4sitelt\u00e4vi\u00e4 ohutlevymateriaaleja ovat ohutlevyter\u00e4kset, ruostumattomat ter\u00e4kset ja alumiiniseokset. Kustakin materiaaliryhm\u00e4st\u00e4 on pyritty tuomaan esille erilaiset seokset, niiden mekaaniset ja fysikaaliset ominaisuudet sek\u00e4 valmistettavuuteen liittyvi\u00e4 n\u00e4k\u00f6kohtia. Lis\u00e4ksi ruostumattomien ter\u00e4sten ja alumiiniseosten kohdalla on k\u00e4sitelty korroosionkest\u00e4vyytt\u00e4.\u00a0Lujuusteknisiss\u00e4 n\u00e4k\u00f6kohdissa k\u00e4yd\u00e4\u00e4n l\u00e4pi lujuusopin perusk\u00e4sitteit\u00e4 ja mitoituskriteerej\u00e4 sek\u00e4 mitoitusperiaatteita eri rasitusten suhteen. Valmistusmenetelmist\u00e4 k\u00e4sitell\u00e4\u00e4n leikkaaminen, muovaus, taivutus, liitt\u00e4minen ja pintak\u00e4sittely. Eri menetelmist\u00e4 tarkastellaan niiden soveltuvuutta (sarjakoot ja materiaalit) ja tarkkuutta sek\u00e4 menetelmiin liittyvi\u00e4 suunnittelun\u00e4k\u00f6kohtia.<\/p>\n<p>K\u00e4yt\u00e4nn\u00f6nl\u00e4heinen ja seikkaper\u00e4inen kirja on tarkoitettu ohutlevytuotteiden suunnittelijoille ja muille tuotekehitys- ja suunnitteluteht\u00e4viss\u00e4 toimiville henkil\u00f6ille, joille kirja voi avata uusia mahdollisuuksia omien tuotteiden kehitt\u00e4miseen. Teos soveltuu my\u00f6s oppikirjaksi alan oppilaitoksissa.<\/p>\n","protected":false},"excerpt":{"rendered":"<p>Kirja tarjoaa perusteellisen katsauksen ohutlevyteknologian mahdollisuuksista ja niihin liittyvist\u00e4 valmistusmenetelmist\u00e4 sek\u00e4 siit\u00e4, miten tuotteiden valmistettavuus huomioidaan suunnittelun yhteydess\u00e4. Kirjassa k\u00e4sitelt\u00e4vi\u00e4 ohutlevymateriaaleja ovat ohutlevyter\u00e4kset, ruostumattomat ter\u00e4kset ja alumiiniseokset. Kustakin materiaaliryhm\u00e4st\u00e4 on pyritty tuomaan esille erilaiset seokset, niiden mekaaniset ja fysikaaliset ominaisuudet sek\u00e4 valmistettavuuteen liittyvi\u00e4 n\u00e4k\u00f6kohtia. Lis\u00e4ksi ruostumattomien ter\u00e4sten ja alumiiniseosten kohdalla on k\u00e4sitelty korroosionkest\u00e4vyytt\u00e4.\u00a0Lujuusteknisiss\u00e4 n\u00e4k\u00f6kohdissa k\u00e4yd\u00e4\u00e4n [&hellip;]<\/p>\n","protected":false},"featured_media":25634,"template":"","meta":{"_acf_changed":false,"_relevanssi_hide_post":"","_relevanssi_hide_content":"","_relevanssi_pin_for_all":"","_relevanssi_pin_keywords":"","_relevanssi_unpin_keywords":"","_relevanssi_related_keywords":"","_relevanssi_related_include_ids":"","_relevanssi_related_exclude_ids":"","_relevanssi_related_no_append":"","_relevanssi_related_not_related":"","_relevanssi_related_posts":"","_relevanssi_noindex_reason":"","inline_featured_image":false,"growthstack-ab-test":[],"growthstack-ab-test-views":[]},"product_brand":[],"product_cat":[808],"product_tag":[730],"class_list":{"0":"post-16893","1":"product","2":"type-product","3":"status-publish","4":"has-post-thumbnail","6":"product_cat-muut-julkaisut","7":"product_tag-liiketoiminta-ja-innovaatiot","8":"product_shipping_class-kirja","10":"first","11":"instock","12":"featured","13":"taxable","14":"shipping-taxable","15":"purchasable","16":"product-type-simple"},"acf":{"creators":"Matilainen - Parviainen - Havas - Hiitel\u00e4 - Hultin","member_discount":15,"attachments":null,"links":null,"product_recommendations":{"number_of_products":10,"recommendation_basis":"date"}},"yoast_head":"<!-- This site is optimized with the Yoast SEO Premium plugin v27.1 (Yoast SEO v27.3) - https:\/\/yoast.com\/product\/yoast-seo-premium-wordpress\/ -->\n<title>Ohutlevytuotteiden suunnittelijan k\u00e4sikirja - Teknologiateollisuus - J\u00e4senille<\/title>\n<meta name=\"robots\" content=\"index, follow, max-snippet:-1, max-image-preview:large, max-video-preview:-1\" \/>\n<link rel=\"canonical\" href=\"https:\/\/teknologiateollisuus.fi\/jasenille\/julkaisu\/ohutlevytuotteiden-suunnittelijan-kasikirja\/\" \/>\n<meta property=\"og:locale\" content=\"fi_FI\" \/>\n<meta property=\"og:type\" content=\"article\" \/>\n<meta property=\"og:title\" content=\"Ohutlevytuotteiden suunnittelijan k\u00e4sikirja\" \/>\n<meta property=\"og:description\" content=\"Kirja tarjoaa perusteellisen katsauksen ohutlevyteknologian mahdollisuuksista ja niihin liittyvist\u00e4 valmistusmenetelmist\u00e4 sek\u00e4 siit\u00e4, miten tuotteiden valmistettavuus huomioidaan suunnittelun yhteydess\u00e4. Kirjassa k\u00e4sitelt\u00e4vi\u00e4 ohutlevymateriaaleja ovat ohutlevyter\u00e4kset, ruostumattomat ter\u00e4kset ja alumiiniseokset. Kustakin materiaaliryhm\u00e4st\u00e4 on pyritty tuomaan esille erilaiset seokset, niiden mekaaniset ja fysikaaliset ominaisuudet sek\u00e4 valmistettavuuteen liittyvi\u00e4 n\u00e4k\u00f6kohtia. Lis\u00e4ksi ruostumattomien ter\u00e4sten ja alumiiniseosten kohdalla on k\u00e4sitelty korroosionkest\u00e4vyytt\u00e4.\u00a0Lujuusteknisiss\u00e4 n\u00e4k\u00f6kohdissa k\u00e4yd\u00e4\u00e4n [&hellip;]\" \/>\n<meta property=\"og:url\" content=\"https:\/\/teknologiateollisuus.fi\/jasenille\/julkaisu\/ohutlevytuotteiden-suunnittelijan-kasikirja\/\" \/>\n<meta property=\"og:site_name\" content=\"Teknologiateollisuus - J\u00e4senille\" \/>\n<meta property=\"article:modified_time\" content=\"2026-01-02T09:43:59+00:00\" \/>\n<meta property=\"og:image\" content=\"https:\/\/teknologiateollisuus.fi\/jasenille\/wp-content\/uploads\/sites\/1\/2024\/12\/kirja-ohutlevytuotteiden-770-900.jpg\" \/>\n\t<meta property=\"og:image:width\" content=\"770\" \/>\n\t<meta property=\"og:image:height\" content=\"900\" \/>\n\t<meta property=\"og:image:type\" content=\"image\/jpeg\" \/>\n<meta name=\"twitter:card\" content=\"summary_large_image\" \/>\n<meta name=\"twitter:label1\" content=\"Arvioitu lukuaika\" \/>\n\t<meta name=\"twitter:data1\" content=\"1 minuutti\" \/>\n<script type=\"application\/ld+json\" class=\"yoast-schema-graph\">{\"@context\":\"https:\\\/\\\/schema.org\",\"@graph\":[{\"@type\":\"WebPage\",\"@id\":\"https:\\\/\\\/teknologiateollisuus.fi\\\/jasenille\\\/julkaisu\\\/ohutlevytuotteiden-suunnittelijan-kasikirja\\\/\",\"url\":\"https:\\\/\\\/teknologiateollisuus.fi\\\/jasenille\\\/julkaisu\\\/ohutlevytuotteiden-suunnittelijan-kasikirja\\\/\",\"name\":\"Ohutlevytuotteiden suunnittelijan k\u00e4sikirja - Teknologiateollisuus - J\u00e4senille\",\"isPartOf\":{\"@id\":\"https:\\\/\\\/teknologiateollisuus.fi\\\/jasenille\\\/#website\"},\"primaryImageOfPage\":{\"@id\":\"https:\\\/\\\/teknologiateollisuus.fi\\\/jasenille\\\/julkaisu\\\/ohutlevytuotteiden-suunnittelijan-kasikirja\\\/#primaryimage\"},\"image\":{\"@id\":\"https:\\\/\\\/teknologiateollisuus.fi\\\/jasenille\\\/julkaisu\\\/ohutlevytuotteiden-suunnittelijan-kasikirja\\\/#primaryimage\"},\"thumbnailUrl\":\"https:\\\/\\\/teknologiateollisuus.fi\\\/jasenille\\\/wp-content\\\/uploads\\\/sites\\\/1\\\/2024\\\/12\\\/kirja-ohutlevytuotteiden-770-900.jpg\",\"datePublished\":\"2024-12-05T13:48:08+00:00\",\"dateModified\":\"2026-01-02T09:43:59+00:00\",\"breadcrumb\":{\"@id\":\"https:\\\/\\\/teknologiateollisuus.fi\\\/jasenille\\\/julkaisu\\\/ohutlevytuotteiden-suunnittelijan-kasikirja\\\/#breadcrumb\"},\"inLanguage\":\"fi\",\"potentialAction\":[{\"@type\":\"ReadAction\",\"target\":[\"https:\\\/\\\/teknologiateollisuus.fi\\\/jasenille\\\/julkaisu\\\/ohutlevytuotteiden-suunnittelijan-kasikirja\\\/\"]}]},{\"@type\":\"ImageObject\",\"inLanguage\":\"fi\",\"@id\":\"https:\\\/\\\/teknologiateollisuus.fi\\\/jasenille\\\/julkaisu\\\/ohutlevytuotteiden-suunnittelijan-kasikirja\\\/#primaryimage\",\"url\":\"https:\\\/\\\/teknologiateollisuus.fi\\\/jasenille\\\/wp-content\\\/uploads\\\/sites\\\/1\\\/2024\\\/12\\\/kirja-ohutlevytuotteiden-770-900.jpg\",\"contentUrl\":\"https:\\\/\\\/teknologiateollisuus.fi\\\/jasenille\\\/wp-content\\\/uploads\\\/sites\\\/1\\\/2024\\\/12\\\/kirja-ohutlevytuotteiden-770-900.jpg\",\"width\":770,\"height\":900},{\"@type\":\"BreadcrumbList\",\"@id\":\"https:\\\/\\\/teknologiateollisuus.fi\\\/jasenille\\\/julkaisu\\\/ohutlevytuotteiden-suunnittelijan-kasikirja\\\/#breadcrumb\",\"itemListElement\":[{\"@type\":\"ListItem\",\"position\":1,\"name\":\"Home\",\"item\":\"https:\\\/\\\/teknologiateollisuus.fi\\\/jasenille\\\/\"},{\"@type\":\"ListItem\",\"position\":2,\"name\":\"Kaikki julkaisut\",\"item\":\"https:\\\/\\\/teknologiateollisuus.fi\\\/jasenille\\\/palvelut\\\/julkaisut\\\/kaikki-julkaisut\\\/\"},{\"@type\":\"ListItem\",\"position\":3,\"name\":\"Ohutlevytuotteiden suunnittelijan k\u00e4sikirja\"}]},{\"@type\":\"WebSite\",\"@id\":\"https:\\\/\\\/teknologiateollisuus.fi\\\/jasenille\\\/#website\",\"url\":\"https:\\\/\\\/teknologiateollisuus.fi\\\/jasenille\\\/\",\"name\":\"Teknologiateollisuus - J\u00e4senille\",\"description\":\"\",\"publisher\":{\"@id\":\"https:\\\/\\\/teknologiateollisuus.fi\\\/jasenille\\\/#organization\"},\"potentialAction\":[{\"@type\":\"SearchAction\",\"target\":{\"@type\":\"EntryPoint\",\"urlTemplate\":\"https:\\\/\\\/teknologiateollisuus.fi\\\/jasenille\\\/?s={search_term_string}\"},\"query-input\":{\"@type\":\"PropertyValueSpecification\",\"valueRequired\":true,\"valueName\":\"search_term_string\"}}],\"inLanguage\":\"fi\"},{\"@type\":\"Organization\",\"@id\":\"https:\\\/\\\/teknologiateollisuus.fi\\\/jasenille\\\/#organization\",\"name\":\"Teknologiateollisuus - J\u00e4senille\",\"url\":\"https:\\\/\\\/teknologiateollisuus.fi\\\/jasenille\\\/\",\"logo\":{\"@type\":\"ImageObject\",\"inLanguage\":\"fi\",\"@id\":\"https:\\\/\\\/teknologiateollisuus.fi\\\/jasenille\\\/#\\\/schema\\\/logo\\\/image\\\/\",\"url\":\"https:\\\/\\\/teknologiateollisuus.fi\\\/jasenille\\\/wp-content\\\/uploads\\\/sites\\\/1\\\/2023\\\/10\\\/placeholder.png\",\"contentUrl\":\"https:\\\/\\\/teknologiateollisuus.fi\\\/jasenille\\\/wp-content\\\/uploads\\\/sites\\\/1\\\/2023\\\/10\\\/placeholder.png\",\"width\":2560,\"height\":1920,\"caption\":\"Teknologiateollisuus - J\u00e4senille\"},\"image\":{\"@id\":\"https:\\\/\\\/teknologiateollisuus.fi\\\/jasenille\\\/#\\\/schema\\\/logo\\\/image\\\/\"}}]}<\/script>\n<!-- \/ Yoast SEO Premium plugin. -->","yoast_head_json":{"title":"Ohutlevytuotteiden suunnittelijan k\u00e4sikirja - Teknologiateollisuus - J\u00e4senille","robots":{"index":"index","follow":"follow","max-snippet":"max-snippet:-1","max-image-preview":"max-image-preview:large","max-video-preview":"max-video-preview:-1"},"canonical":"https:\/\/teknologiateollisuus.fi\/jasenille\/julkaisu\/ohutlevytuotteiden-suunnittelijan-kasikirja\/","og_locale":"fi_FI","og_type":"article","og_title":"Ohutlevytuotteiden suunnittelijan k\u00e4sikirja","og_description":"Kirja tarjoaa perusteellisen katsauksen ohutlevyteknologian mahdollisuuksista ja niihin liittyvist\u00e4 valmistusmenetelmist\u00e4 sek\u00e4 siit\u00e4, miten tuotteiden valmistettavuus huomioidaan suunnittelun yhteydess\u00e4. Kirjassa k\u00e4sitelt\u00e4vi\u00e4 ohutlevymateriaaleja ovat ohutlevyter\u00e4kset, ruostumattomat ter\u00e4kset ja alumiiniseokset. Kustakin materiaaliryhm\u00e4st\u00e4 on pyritty tuomaan esille erilaiset seokset, niiden mekaaniset ja fysikaaliset ominaisuudet sek\u00e4 valmistettavuuteen liittyvi\u00e4 n\u00e4k\u00f6kohtia. Lis\u00e4ksi ruostumattomien ter\u00e4sten ja alumiiniseosten kohdalla on k\u00e4sitelty korroosionkest\u00e4vyytt\u00e4.\u00a0Lujuusteknisiss\u00e4 n\u00e4k\u00f6kohdissa k\u00e4yd\u00e4\u00e4n [&hellip;]","og_url":"https:\/\/teknologiateollisuus.fi\/jasenille\/julkaisu\/ohutlevytuotteiden-suunnittelijan-kasikirja\/","og_site_name":"Teknologiateollisuus - J\u00e4senille","article_modified_time":"2026-01-02T09:43:59+00:00","og_image":[{"width":770,"height":900,"url":"https:\/\/teknologiateollisuus.fi\/jasenille\/wp-content\/uploads\/sites\/1\/2024\/12\/kirja-ohutlevytuotteiden-770-900.jpg","type":"image\/jpeg"}],"twitter_card":"summary_large_image","twitter_misc":{"Arvioitu lukuaika":"1 minuutti"},"schema":{"@context":"https:\/\/schema.org","@graph":[{"@type":"WebPage","@id":"https:\/\/teknologiateollisuus.fi\/jasenille\/julkaisu\/ohutlevytuotteiden-suunnittelijan-kasikirja\/","url":"https:\/\/teknologiateollisuus.fi\/jasenille\/julkaisu\/ohutlevytuotteiden-suunnittelijan-kasikirja\/","name":"Ohutlevytuotteiden suunnittelijan k\u00e4sikirja - Teknologiateollisuus - J\u00e4senille","isPartOf":{"@id":"https:\/\/teknologiateollisuus.fi\/jasenille\/#website"},"primaryImageOfPage":{"@id":"https:\/\/teknologiateollisuus.fi\/jasenille\/julkaisu\/ohutlevytuotteiden-suunnittelijan-kasikirja\/#primaryimage"},"image":{"@id":"https:\/\/teknologiateollisuus.fi\/jasenille\/julkaisu\/ohutlevytuotteiden-suunnittelijan-kasikirja\/#primaryimage"},"thumbnailUrl":"https:\/\/teknologiateollisuus.fi\/jasenille\/wp-content\/uploads\/sites\/1\/2024\/12\/kirja-ohutlevytuotteiden-770-900.jpg","datePublished":"2024-12-05T13:48:08+00:00","dateModified":"2026-01-02T09:43:59+00:00","breadcrumb":{"@id":"https:\/\/teknologiateollisuus.fi\/jasenille\/julkaisu\/ohutlevytuotteiden-suunnittelijan-kasikirja\/#breadcrumb"},"inLanguage":"fi","potentialAction":[{"@type":"ReadAction","target":["https:\/\/teknologiateollisuus.fi\/jasenille\/julkaisu\/ohutlevytuotteiden-suunnittelijan-kasikirja\/"]}]},{"@type":"ImageObject","inLanguage":"fi","@id":"https:\/\/teknologiateollisuus.fi\/jasenille\/julkaisu\/ohutlevytuotteiden-suunnittelijan-kasikirja\/#primaryimage","url":"https:\/\/teknologiateollisuus.fi\/jasenille\/wp-content\/uploads\/sites\/1\/2024\/12\/kirja-ohutlevytuotteiden-770-900.jpg","contentUrl":"https:\/\/teknologiateollisuus.fi\/jasenille\/wp-content\/uploads\/sites\/1\/2024\/12\/kirja-ohutlevytuotteiden-770-900.jpg","width":770,"height":900},{"@type":"BreadcrumbList","@id":"https:\/\/teknologiateollisuus.fi\/jasenille\/julkaisu\/ohutlevytuotteiden-suunnittelijan-kasikirja\/#breadcrumb","itemListElement":[{"@type":"ListItem","position":1,"name":"Home","item":"https:\/\/teknologiateollisuus.fi\/jasenille\/"},{"@type":"ListItem","position":2,"name":"Kaikki julkaisut","item":"https:\/\/teknologiateollisuus.fi\/jasenille\/palvelut\/julkaisut\/kaikki-julkaisut\/"},{"@type":"ListItem","position":3,"name":"Ohutlevytuotteiden suunnittelijan k\u00e4sikirja"}]},{"@type":"WebSite","@id":"https:\/\/teknologiateollisuus.fi\/jasenille\/#website","url":"https:\/\/teknologiateollisuus.fi\/jasenille\/","name":"Teknologiateollisuus - J\u00e4senille","description":"","publisher":{"@id":"https:\/\/teknologiateollisuus.fi\/jasenille\/#organization"},"potentialAction":[{"@type":"SearchAction","target":{"@type":"EntryPoint","urlTemplate":"https:\/\/teknologiateollisuus.fi\/jasenille\/?s={search_term_string}"},"query-input":{"@type":"PropertyValueSpecification","valueRequired":true,"valueName":"search_term_string"}}],"inLanguage":"fi"},{"@type":"Organization","@id":"https:\/\/teknologiateollisuus.fi\/jasenille\/#organization","name":"Teknologiateollisuus - J\u00e4senille","url":"https:\/\/teknologiateollisuus.fi\/jasenille\/","logo":{"@type":"ImageObject","inLanguage":"fi","@id":"https:\/\/teknologiateollisuus.fi\/jasenille\/#\/schema\/logo\/image\/","url":"https:\/\/teknologiateollisuus.fi\/jasenille\/wp-content\/uploads\/sites\/1\/2023\/10\/placeholder.png","contentUrl":"https:\/\/teknologiateollisuus.fi\/jasenille\/wp-content\/uploads\/sites\/1\/2023\/10\/placeholder.png","width":2560,"height":1920,"caption":"Teknologiateollisuus - J\u00e4senille"},"image":{"@id":"https:\/\/teknologiateollisuus.fi\/jasenille\/#\/schema\/logo\/image\/"}}]}},"_links":{"self":[{"href":"https:\/\/teknologiateollisuus.fi\/jasenille\/wp-json\/wp\/v2\/product\/16893","targetHints":{"allow":["GET"]}}],"collection":[{"href":"https:\/\/teknologiateollisuus.fi\/jasenille\/wp-json\/wp\/v2\/product"}],"about":[{"href":"https:\/\/teknologiateollisuus.fi\/jasenille\/wp-json\/wp\/v2\/types\/product"}],"wp:featuredmedia":[{"embeddable":true,"href":"https:\/\/teknologiateollisuus.fi\/jasenille\/wp-json\/wp\/v2\/media\/25634"}],"wp:attachment":[{"href":"https:\/\/teknologiateollisuus.fi\/jasenille\/wp-json\/wp\/v2\/media?parent=16893"}],"wp:term":[{"taxonomy":"product_brand","embeddable":true,"href":"https:\/\/teknologiateollisuus.fi\/jasenille\/wp-json\/wp\/v2\/product_brand?post=16893"},{"taxonomy":"product_cat","embeddable":true,"href":"https:\/\/teknologiateollisuus.fi\/jasenille\/wp-json\/wp\/v2\/product_cat?post=16893"},{"taxonomy":"product_tag","embeddable":true,"href":"https:\/\/teknologiateollisuus.fi\/jasenille\/wp-json\/wp\/v2\/product_tag?post=16893"}],"curies":[{"name":"wp","href":"https:\/\/api.w.org\/{rel}","templated":true}]}}